{"id":2600,"date":"2022-04-03T14:22:54","date_gmt":"2022-04-03T11:22:54","guid":{"rendered":"https:\/\/focolare.ro\/oktober-2022\/"},"modified":"2024-04-26T18:46:15","modified_gmt":"2024-04-26T15:46:15","slug":"oktober-2022","status":"publish","type":"page","link":"https:\/\/focolare.ro\/hu\/az-elet-igeje\/az-elet-igeje-2022\/oktober-2022\/","title":{"rendered":"2022. Okt\u00f3ber"},"content":{"rendered":"<p><div class=\"fusion-fullwidth fullwidth-box fusion-builder-row-1 fusion-flex-container has-pattern-background has-mask-background fusion-parallax-none nonhundred-percent-fullwidth non-hundred-percent-height-scrolling lazyload\" style=\"--awb-border-radius-top-left:0px;--awb-border-radius-top-right:0px;--awb-border-radius-bottom-right:0px;--awb-border-radius-bottom-left:0px;--awb-background-color:var(--awb-custom14);--awb-background-size:cover;--awb-flex-wrap:wrap;\" data-bg=\"https:\/\/focolare.ro\/wp-content\/uploads\/2022\/09\/PdV-10-2022-1.jpg\" ><div class=\"fusion-builder-row fusion-row fusion-flex-align-items-flex-start fusion-flex-content-wrap\" style=\"max-width:1216.8px;margin-left: calc(-4% \/ 2 );margin-right: calc(-4% \/ 2 );\"><div class=\"fusion-layout-column fusion_builder_column fusion-builder-column-0 fusion_builder_column_1_1 1_1 fusion-flex-column\" style=\"--awb-bg-size:cover;--awb-width-large:100%;--awb-margin-top-large:0px;--awb-spacing-right-large:1.92%;--awb-margin-bottom-large:20px;--awb-spacing-left-large:1.92%;--awb-width-medium:100%;--awb-order-medium:0;--awb-spacing-right-medium:1.92%;--awb-spacing-left-medium:1.92%;--awb-width-small:100%;--awb-order-small:0;--awb-spacing-right-small:1.92%;--awb-spacing-left-small:1.92%;\"><div class=\"fusion-column-wrapper fusion-column-has-shadow fusion-flex-justify-content-flex-start fusion-content-layout-column\"><div class=\"fusion-separator fusion-full-width-sep\" style=\"align-self: center;margin-left: auto;margin-right: auto;margin-bottom:200px;width:100%;\"><\/div><div class=\"fusion-title title fusion-title-1 fusion-sep-none fusion-title-text fusion-title-size-two\" style=\"--awb-text-color:var(--awb-color1);\"><h2 class=\"fusion-title-heading title-heading-left\" style=\"margin:0;\">2022. Okt\u00f3ber<\/h2><\/div><\/div><\/div><\/div><\/div><div class=\"fusion-fullwidth fullwidth-box fusion-builder-row-2 fusion-flex-container nonhundred-percent-fullwidth non-hundred-percent-height-scrolling\" style=\"--awb-border-radius-top-left:0px;--awb-border-radius-top-right:0px;--awb-border-radius-bottom-right:0px;--awb-border-radius-bottom-left:0px;--awb-background-color:var(--awb-color1);--awb-flex-wrap:wrap;\" ><div class=\"fusion-builder-row fusion-row fusion-flex-align-items-flex-start fusion-flex-content-wrap\" style=\"max-width:1216.8px;margin-left: calc(-4% \/ 2 );margin-right: calc(-4% \/ 2 );\"><div class=\"fusion-layout-column fusion_builder_column fusion-builder-column-1 fusion_builder_column_1_1 1_1 fusion-flex-column\" style=\"--awb-bg-size:cover;--awb-width-large:100%;--awb-margin-top-large:0px;--awb-spacing-right-large:1.92%;--awb-margin-bottom-large:20px;--awb-spacing-left-large:1.92%;--awb-width-medium:100%;--awb-order-medium:0;--awb-spacing-right-medium:1.92%;--awb-spacing-left-medium:1.92%;--awb-width-small:100%;--awb-order-small:0;--awb-spacing-right-small:1.92%;--awb-spacing-left-small:1.92%;\"><div class=\"fusion-column-wrapper fusion-column-has-shadow fusion-flex-justify-content-flex-start fusion-content-layout-column\"><div class=\"fusion-separator fusion-full-width-sep\" style=\"align-self: center;margin-left: auto;margin-right: auto;margin-bottom:100px;width:100%;\"><\/div><\/div><\/div><\/div><\/div><div class=\"fusion-fullwidth fullwidth-box fusion-builder-row-3 fusion-flex-container nonhundred-percent-fullwidth non-hundred-percent-height-scrolling\" style=\"--awb-border-radius-top-left:0px;--awb-border-radius-top-right:0px;--awb-border-radius-bottom-right:0px;--awb-border-radius-bottom-left:0px;--awb-flex-wrap:wrap;\" ><div class=\"fusion-builder-row fusion-row fusion-flex-align-items-flex-start fusion-flex-content-wrap\" style=\"max-width:1216.8px;margin-left: calc(-4% \/ 2 );margin-right: calc(-4% \/ 2 );\"><div class=\"fusion-layout-column fusion_builder_column fusion-builder-column-2 fusion_builder_column_2_3 2_3 fusion-flex-column\" style=\"--awb-bg-size:cover;--awb-width-large:66.666666666667%;--awb-margin-top-large:0px;--awb-spacing-right-large:2.88%;--awb-margin-bottom-large:20px;--awb-spacing-left-large:2.88%;--awb-width-medium:100%;--awb-order-medium:0;--awb-spacing-right-medium:1.92%;--awb-spacing-left-medium:1.92%;--awb-width-small:100%;--awb-order-small:0;--awb-spacing-right-small:1.92%;--awb-spacing-left-small:1.92%;\"><div class=\"fusion-column-wrapper fusion-column-has-shadow fusion-flex-justify-content-flex-start fusion-content-layout-column\"><div class=\"fusion-text fusion-text-1\" style=\"--awb-text-transform:none;\"><h3><strong>2022. Okt\u00f3ber<\/strong><\/h3>\n<p><strong>\u201eHiszen Isten nem a f\u00e9l\u00e9nks\u00e9g lelk\u00e9t adta nek\u00fcnk, hanem az er\u0151\u00e9t, a szeretet\u00e9t \u00e9s a j\u00f3zans\u00e1g\u00e9t\u201d (<em>2Tim<\/em> 1,7)<\/strong><\/p>\n<p>P\u00e1l lelki v\u00e9grendelet\u00e9nek tekintj\u00fck a levelet, amelyb\u0151l a mostani \u00e9letig\u00e9nk sz\u00e1rmazik. Az apostol R\u00f3m\u00e1ban van b\u00f6rt\u00f6nben, \u00edt\u00e9letre v\u00e1r, \u00e9s ek\u00f6zben \u00edr fiatal tan\u00edtv\u00e1ny\u00e1nak \u00e9s munkat\u00e1rs\u00e1nak, Tim\u00f3teusnak, aki az el\u00e9gg\u00e9 \u00f6sszetett efezusi k\u00f6z\u00f6ss\u00e9g felel\u0151se.<\/p>\n<p>\u00cdr\u00e1sa Tim\u00f3teushoz sz\u00f3l\u00f3 intelmeket, tan\u00e1csokat tartalmaz, de sz\u00f3l minden id\u0151k minden kereszt\u00e9ny\u00e9hez, legyen b\u00e1rmely k\u00f6z\u00f6ss\u00e9gnek is a tagja. P\u00e1lt az evang\u00e9lium hirdet\u00e9se miatt vert\u00e9k bilincsbe. Tan\u00edtv\u00e1ny\u00e1t viszont ink\u00e1bb f\u00e9lelem t\u00f6lti el az \u00fcld\u00f6ztet\u00e9sek miatt, \u00e9s meginog a szolg\u00e1lat\u00e1val j\u00e1r\u00f3 neh\u00e9zs\u00e9gek k\u00f6zepette. Ez\u00e9rt b\u00e1tor\u00edtja \u0151t, hogy n\u00e9zzen szembe a pr\u00f3bat\u00e9telekkel, hogy biztos vezet\u0151je lehessen a gy\u00fclekezetnek. Sem P\u00e1l sem Tim\u00f3teus sz\u00e1m\u00e1ra nem term\u00e9szetes az evang\u00e9lium\u00e9rt elviselt szenved\u00e9s.<\/p>\n<p><strong>\u201eHiszen Isten nem a f\u00e9l\u00e9nks\u00e9g lelk\u00e9t adta nek\u00fcnk, hanem az er\u0151\u00e9t, a szeretet\u00e9t \u00e9s a j\u00f3zans\u00e1g\u00e9t\u201d<\/strong><\/p>\n<p>P\u00e1l tan\u00fas\u00e1got akar tenni az evang\u00e9liumr\u00f3l. Vil\u00e1gos, hogy nem a szem\u00e9lyes tehets\u00e9ge, a k\u00e9pess\u00e9gei vagy az emberi korl\u00e1tai teszik k\u00e9pess\u00e9 \u0151t vagy f\u00e9kezik az Ige szolg\u00e1lat\u00e1ban, hanem a L\u00e9lek aj\u00e1nd\u00e9kai: az er\u0151, a szeretet \u00e9s a j\u00f3zans\u00e1g, ami er\u0151t ad a tan\u00fas\u00e1gt\u00e9telhez. A szeretetnek az er\u0151 \u00e9s a j\u00f3zans\u00e1g mellett nagyon fontos szerepe van a megk\u00fcl\u00f6nb\u00f6ztet\u00e9sben. A j\u00f3zans\u00e1g pedig b\u00f6lcsess\u00e9get jelent, k\u00e9szs\u00e9gess\u00e9get minden helyzetben. Tim\u00f3teus, a tan\u00edtv\u00e1ny \u00e9s minden id\u0151k tan\u00edtv\u00e1nya er\u0151vel, szeretettel \u00e9s j\u00f3zans\u00e1ggal tudja hirdetni az evang\u00e9liumot olyannyira, hogy szenvedni is k\u00e9pes \u00e9rte.<\/p>\n<p><strong>\u201eHiszen Isten nem a f\u00e9l\u00e9nks\u00e9g lelk\u00e9t adta nek\u00fcnk, hanem az er\u0151\u00e9t, a szeretet\u00e9t \u00e9s a j\u00f3zans\u00e1g\u00e9t\u201d<\/strong><\/p>\n<p>Mi is megtapasztaltuk m\u00e1r a k\u00eds\u00e9rt\u00e9st, hogy elb\u00e1tortalanodjunk Isten ig\u00e9j\u00e9nek meg\u00e9l\u00e9s\u00e9ben, a tan\u00fas\u00e1gt\u00e9telben, \u00e9s nem tudtuk, hogyan viselkedj\u00fcnk egyes helyzetekben.<\/p>\n<p>Chiara Lubich seg\u00edt meg\u00e9rten\u00fcnk, honnan mer\u00edts\u00fcnk er\u0151t ilyen pillanatokban: \u201eA benn\u00fcnk jelenl\u00e9v\u0151 J\u00e9zushoz kell fordulnunk. Nem szabad teh\u00e1t leblokkolnunk. Magatart\u00e1sunk nem lehet passz\u00edv belenyugv\u00e1s, hanem radik\u00e1lisan ki kell l\u00e9pn\u00fcnk \u00f6nmagunkb\u00f3l. Eggy\u00e9 kell v\u00e1lnunk azzal, amit Isten akarata k\u00edv\u00e1n t\u0151l\u00fcnk.Teljes\u00edten\u00fcnk kell azokat a k\u00f6teless\u00e9geinket, melyeket hivat\u00e1sunk megk\u00edv\u00e1n. \u00c9s mindezt a benn\u00fcnk l\u00e9v\u0151 J\u00e9zus kegyelm\u00e9re alapozva. Teh\u00e1t radik\u00e1lisan kil\u00e9pni \u00f6nmagunkb\u00f3l. \u00cdgy maga J\u00e9zus fogja egyre jobban kifejleszteni benn\u00fcnk azokat az er\u00e9nyeket, melyekre sz\u00fcks\u00e9g\u00fcnk van, hogy tan\u00fas\u00e1got tegy\u00fcnk r\u00f3la abban a k\u00f6rnyezetben, melyet r\u00e1nk b\u00edzott.\u201d<a href=\"#_ftn1\" name=\"_ftnref1\">[1]<\/a>.<\/p>\n<p><strong>\u201eHiszen Isten nem a f\u00e9l\u00e9nks\u00e9g lelk\u00e9t adta nek\u00fcnk, hanem az er\u0151\u00e9t, a szeretet\u00e9t \u00e9s a j\u00f3zans\u00e1g\u00e9t\u201d<\/strong><\/p>\n<p>Er\u0151, szeretet \u00e9s j\u00f3zans\u00e1g, a L\u00e9lekre jellemz\u0151 h\u00e1rom er\u00e9ny, amelyet az im\u00e1ds\u00e1g \u00e9s a hit gyakorl\u00e1sa r\u00e9v\u00e9n nyerhet\u00fcnk el.<\/p>\n<p>Justin Nari atya a K\u00f6z\u00e9p-afrikai K\u00f6zt\u00e1rsas\u00e1gban \u00e9l. Az \u00e9let\u00e9re t\u00f6rtek szerzetes testv\u00e9reivel \u00e9s mintegy ezer muzulm\u00e1nnal egy\u00fctt, akik a h\u00e1bor\u00fas megtorl\u00e1sok el\u0151l a templomba menek\u00fcltek. Az \u0151ket ostroml\u00f3 mil\u00edci\u00e1k vezet\u0151i azt k\u00edv\u00e1nt\u00e1k, hogy adj\u00e1k ki \u0151ket, de \u0151 megpr\u00f3b\u00e1lt tov\u00e1bbra is t\u00e1rgyal\u00e1st folytatni vel\u00fck, hogy elker\u00fclje az \u00f6ld\u00f6kl\u00e9st. Egy nap negyven liter benzinnel jelentek meg,<\/p>\n<p>\u00e9s azzal fenyeget\u0151dztek, hogy elevenen el\u00e9getik \u0151ket, ha nem adj\u00e1k ki nekik a muzulm\u00e1nokat. \u201eSzerzetes testv\u00e9reimmel megtartottuk az utols\u00f3 mis\u00e9t \u2013 mes\u00e9li Justin atya \u2013, \u00e9s k\u00f6zben eszembe jutott Chiara Lubich, hogy \u0151 mit tenne a helyemben. Ott maradna, \u00e9s az \u00e9let\u00e9t adn\u00e1. \u00c9s mi is \u00edgy d\u00f6nt\u00f6tt\u00fcnk.\u201d V\u00e9get \u00e9rt a mise \u00e9s egy v\u00e1ratlan telefonh\u00edv\u00e1s \u00e9rkezett: \u00e1thalad a ter\u00fclet\u00fck\u00f6n az Afrikai Uni\u00f3 csapata, egy eg\u00e9szen k\u00f6zeli v\u00e1rosban. Justin atya el\u00e9b\u00fck sietett, \u00e9s tizenh\u00e1rom perccel az ultim\u00e1tum lej\u00e1rta el\u0151tt vel\u00fck egy\u00fctt \u00e9rkezett vissza a pl\u00e9b\u00e1ni\u00e1ra. Ez a tizenh\u00e1rom perc mentette meg mindannyiuk \u00e9let\u00e9t a v\u00e9ront\u00e1st\u00f3l.<a href=\"#_ftn2\" name=\"_ftnref2\">[2]<\/a>.<\/p>\n<p>Letizia Magri<\/p>\n<p><a href=\"#_ftnref1\" name=\"_ftn1\">[1]<\/a> C. Lubich, Cuv\u00e2ntul vie\u021bii octombrie 1986, in eadem<em>, Parole di Vita<\/em>, sub \u00eengrijirea lui Fabio Ciardi (Opere di Chiara Lubich 5; Citta\u0300 Nuova, Roma 2017), p. 373.<\/p>\n<p><a href=\"#_ftnref2\" name=\"_ftn2\">[2]<\/a> <em>Unita\u0300 e\u0300 il nome della pace: La strategia di Chiara Lubich<\/em>, a cura di Maddalena Maltese, Citta\u0300 Nuova, Roma 2020, pp.29-30.<\/p>\n<p><a href=\"#_ftnref5\" name=\"_ftn5\">[5]<\/a> v\u00f6. <em>Miaty\u00e1nk<\/em> im\u00e1ds\u00e1g, <em>Mt<\/em> 6,9-13<\/p>\n<p><a href=\"#_ftnref6\" name=\"_ftn6\">[6]<\/a> <em>A b\u00e9k\u00e9t egys\u00e9gnek h\u00edvj\u00e1k: Chiara Lubich strat\u00e9gi\u00e1ja<\/em>, szerk. Maddalena Maltese, Citt\u00e0 Nuova, Roma, 2020, p.37.<\/p>\n<\/div><\/div><\/div><div class=\"fusion-layout-column fusion_builder_column fusion-builder-column-3 fusion_builder_column_1_3 1_3 fusion-flex-column\" style=\"--awb-padding-top:30px;--awb-padding-right:30px;--awb-padding-bottom:10px;--awb-padding-left:30px;--awb-bg-color:var(--awb-custom13);--awb-bg-color-hover:var(--awb-custom13);--awb-bg-size:cover;--awb-width-large:33.333333333333%;--awb-margin-top-large:0px;--awb-spacing-right-large:5.76%;--awb-margin-bottom-large:20px;--awb-spacing-left-large:5.76%;--awb-width-medium:100%;--awb-order-medium:0;--awb-spacing-right-medium:1.92%;--awb-spacing-left-medium:1.92%;--awb-width-small:100%;--awb-order-small:0;--awb-spacing-right-small:1.92%;--awb-spacing-left-small:1.92%;\"><div class=\"fusion-column-wrapper fusion-column-has-shadow fusion-flex-justify-content-flex-start fusion-content-layout-column\"><div class=\"fusion-title title fusion-title-2 fusion-sep-none fusion-title-center fusion-title-text fusion-title-size-four\"><h4 class=\"fusion-title-heading title-heading-center\" style=\"margin:0;\">T\u00f6ltsd le PDF form\u00e1tumban<\/h4><\/div><div style=\"text-align:center;\"><a class=\"fusion-button button-flat fusion-button-default-size button-default fusion-button-default button-1 fusion-button-span-yes fusion-button-default-type\" style=\"--button_margin-bottom:20px;\" target=\"_blank\" rel=\"noopener noreferrer\" href=\"https:\/\/focolare.ro\/wp-content\/uploads\/2022\/09\/CV-10-2022-RO-A5.pdf\"><span class=\"fusion-button-icon-divider button-icon-divider-left\"><i class=\"fa-file-pdf fas awb-button__icon awb-button__icon--default\" aria-hidden=\"true\"><\/i><\/span><span class=\"fusion-button-text awb-button__text awb-button__text--default fusion-button-text-left\">Feln\u0151ttek r\u00e9sz\u00e9re<\/span><\/a><\/div><div style=\"text-align:center;\"><a class=\"fusion-button button-flat fusion-button-default-size button-default fusion-button-default button-2 fusion-button-span-yes fusion-button-default-type\" style=\"--button_margin-bottom:20px;\" target=\"_blank\" rel=\"noopener noreferrer\" href=\"https:\/\/focolare.ro\/wp-content\/uploads\/2022\/09\/CV-10-2022_tineri.pdf\"><span class=\"fusion-button-icon-divider button-icon-divider-left\"><i class=\"fa-file-pdf fas awb-button__icon awb-button__icon--default\" aria-hidden=\"true\"><\/i><\/span><span class=\"fusion-button-text awb-button__text awb-button__text--default fusion-button-text-left\">Fiataloknak<\/span><\/a><\/div><div style=\"text-align:center;\"><a class=\"fusion-button button-flat fusion-button-default-size button-default fusion-button-default button-3 fusion-button-span-yes fusion-button-default-type\" style=\"--button_margin-bottom:20px;\" target=\"_blank\" rel=\"noopener noreferrer\" href=\"https:\/\/focolare.ro\/wp-content\/uploads\/2022\/09\/CV-10-2022_copii-C.pdf\"><span class=\"fusion-button-icon-divider button-icon-divider-left\"><i class=\"fa-file-pdf fas awb-button__icon awb-button__icon--default\" aria-hidden=\"true\"><\/i><\/span><span class=\"fusion-button-text awb-button__text awb-button__text--default fusion-button-text-left\">Gyerekeknek sz\u00ednes v\u00e1ltozat<\/span><\/a><\/div><div style=\"text-align:center;\"><a class=\"fusion-button button-flat fusion-button-default-size button-default fusion-button-default button-4 fusion-button-span-yes fusion-button-default-type\" style=\"--button_margin-bottom:20px;\" target=\"_blank\" rel=\"noopener noreferrer\" href=\"https:\/\/focolare.ro\/wp-content\/uploads\/2022\/09\/CV-10-2022_copii-AN.pdf\"><span class=\"fusion-button-icon-divider button-icon-divider-left\"><i class=\"fa-file-pdf fas awb-button__icon awb-button__icon--default\" aria-hidden=\"true\"><\/i><\/span><span class=\"fusion-button-text awb-button__text awb-button__text--default fusion-button-text-left\">Gyerekeknek kifest\u0151<\/span><\/a><\/div><\/div><\/div><\/div><\/div><div class=\"fusion-fullwidth fullwidth-box fusion-builder-row-4 fusion-flex-container nonhundred-percent-fullwidth non-hundred-percent-height-scrolling\" style=\"--awb-border-sizes-bottom:3px;--awb-border-color:var(--awb-color5);--awb-border-radius-top-left:0px;--awb-border-radius-top-right:0px;--awb-border-radius-bottom-right:0px;--awb-border-radius-bottom-left:0px;--awb-flex-wrap:wrap;\" ><div class=\"fusion-builder-row fusion-row fusion-flex-align-items-flex-start fusion-flex-content-wrap\" style=\"max-width:1216.8px;margin-left: calc(-4% \/ 2 );margin-right: calc(-4% \/ 2 );\"><\/div><\/div><\/p>\n","protected":false},"excerpt":{"rendered":"","protected":false},"author":9,"featured_media":0,"parent":2826,"menu_order":0,"comment_status":"closed","ping_status":"closed","template":"100-width.php","meta":{"footnotes":""},"class_list":["post-2600","page","type-page","status-publish","hentry"],"_links":{"self":[{"href":"https:\/\/focolare.ro\/hu\/wp-json\/wp\/v2\/pages\/2600","targetHints":{"allow":["GET"]}}],"collection":[{"href":"https:\/\/focolare.ro\/hu\/wp-json\/wp\/v2\/pages"}],"about":[{"href":"https:\/\/focolare.ro\/hu\/wp-json\/wp\/v2\/types\/page"}],"author":[{"embeddable":true,"href":"https:\/\/focolare.ro\/hu\/wp-json\/wp\/v2\/users\/9"}],"replies":[{"embeddable":true,"href":"https:\/\/focolare.ro\/hu\/wp-json\/wp\/v2\/comments?post=2600"}],"version-history":[{"count":26,"href":"https:\/\/focolare.ro\/hu\/wp-json\/wp\/v2\/pages\/2600\/revisions"}],"predecessor-version":[{"id":4408,"href":"https:\/\/focolare.ro\/hu\/wp-json\/wp\/v2\/pages\/2600\/revisions\/4408"}],"up":[{"embeddable":true,"href":"https:\/\/focolare.ro\/hu\/wp-json\/wp\/v2\/pages\/2826"}],"wp:attachment":[{"href":"https:\/\/focolare.ro\/hu\/wp-json\/wp\/v2\/media?parent=2600"}],"curies":[{"name":"wp","href":"https:\/\/api.w.org\/{rel}","templated":true}]}}