{"id":2612,"date":"2021-12-06T19:28:59","date_gmt":"2021-12-06T19:28:59","guid":{"rendered":"https:\/\/focolare.ro\/lelkisegunk\/kozossegben\/"},"modified":"2024-05-08T15:17:46","modified_gmt":"2024-05-08T12:17:46","slug":"kozossegben","status":"publish","type":"page","link":"https:\/\/focolare.ro\/hu\/lelkisegunk\/kozossegben\/","title":{"rendered":"K\u00f6z\u00f6ss\u00e9gben"},"content":{"rendered":"<p><div class=\"fusion-fullwidth fullwidth-box fusion-builder-row-1 fusion-flex-container nonhundred-percent-fullwidth non-hundred-percent-height-scrolling\" style=\"--awb-border-radius-top-left:0px;--awb-border-radius-top-right:0px;--awb-border-radius-bottom-right:0px;--awb-border-radius-bottom-left:0px;--awb-padding-top:60px;--awb-padding-bottom:60px;--awb-flex-wrap:wrap;\" ><div class=\"fusion-builder-row fusion-row fusion-flex-align-items-flex-start fusion-flex-content-wrap\" style=\"max-width:1216.8px;margin-left: calc(-4% \/ 2 );margin-right: calc(-4% \/ 2 );\"><div class=\"fusion-layout-column fusion_builder_column fusion-builder-column-0 fusion_builder_column_1_1 1_1 fusion-flex-column\" style=\"--awb-bg-size:cover;--awb-width-large:100%;--awb-margin-top-large:0px;--awb-spacing-right-large:1.92%;--awb-margin-bottom-large:20px;--awb-spacing-left-large:1.92%;--awb-width-medium:100%;--awb-order-medium:0;--awb-spacing-right-medium:1.92%;--awb-spacing-left-medium:1.92%;--awb-width-small:100%;--awb-order-small:0;--awb-spacing-right-small:1.92%;--awb-spacing-left-small:1.92%;\"><div class=\"fusion-column-wrapper fusion-column-has-shadow fusion-flex-justify-content-flex-start fusion-content-layout-column\"><div class=\"fusion-text fusion-text-1\" style=\"--awb-text-transform:none;--awb-text-color:var(--awb-color6);\"><p>\u201e\u00c9n &#8211; a felebar\u00e1t &#8211; Isten. Istenhez a felebar\u00e1ttal megy\u00fcnk, a testv\u00e9r\u00fcnkkel egy\u00fctt, s\u0151t mi t\u00f6bb, Istenhez a felebar\u00e1ton kereszt\u00fcl jutunk el\u201d, ezt mondta Chiara 1995-ben.<\/p>\n<p>A Fokolar\u00e9 Mozgalomban meg\u00e9lt egys\u00e9g lelkis\u00e9g\u00e9nek az els\u0151 \u00e9s legmeghat\u00e1roz\u00f3bb jellemz\u0151je a k\u00f6z\u00f6ss\u00e9gi dimenzi\u00f3.<\/p>\n<p>A mai id\u0151k t\u00e1rsadalma ezt ig\u00e9nyli, az emberek, n\u00e9pek \u00e9s nemzetek k\u00f6z\u00f6tt. Ez egy k\u00f6z\u00f6ss\u00e9gi \u00fat, amely nem z\u00e1rja ki az egy\u00e9n hozz\u00e1j\u00e1rul\u00e1s\u00e1t, de megszil\u00e1rd\u00edtja \u00e9s gazdag\u00edtja a t\u00e1rsadalom eg\u00e9sz\u00e9t.<\/p>\n<\/div><\/div><\/div><\/div><\/div><div class=\"fusion-fullwidth fullwidth-box fusion-builder-row-2 fusion-flex-container hundred-percent-fullwidth non-hundred-percent-height-scrolling\" style=\"--awb-background-position:left top;--awb-border-sizes-top:0px;--awb-border-sizes-bottom:0px;--awb-border-sizes-left:0px;--awb-border-sizes-right:0px;--awb-border-radius-top-left:0px;--awb-border-radius-top-right:0px;--awb-border-radius-bottom-right:0px;--awb-border-radius-bottom-left:0px;--awb-padding-top:0px;--awb-padding-right:0px;--awb-padding-bottom:0px;--awb-padding-left:0px;--awb-flex-wrap:wrap;\" ><div class=\"fusion-builder-row fusion-row fusion-flex-align-items-stretch fusion-flex-content-wrap\" style=\"width:calc( 100% + 0px ) !important;max-width:calc( 100% + 0px ) !important;margin-left: calc(-0px \/ 2 );margin-right: calc(-0px \/ 2 );\"><div class=\"fusion-layout-column fusion_builder_column fusion-builder-column-1 fusion_builder_column_1_3 1_3 fusion-flex-column fusion-column-inner-bg-wrapper\" style=\"--awb-padding-top:10%;--awb-padding-right:10%;--awb-padding-bottom:13%;--awb-padding-left:10%;--awb-inner-bg-color:#ce4040;--awb-inner-bg-color-hover:#ce4040;--awb-inner-bg-size:cover;--awb-width-large:33.333333333333%;--awb-margin-top-large:0px;--awb-spacing-right-large:0px;--awb-margin-bottom-large:0px;--awb-spacing-left-large:0px;--awb-width-medium:100%;--awb-order-medium:0;--awb-spacing-right-medium:0px;--awb-spacing-left-medium:0px;--awb-width-small:100%;--awb-order-small:0;--awb-spacing-right-small:0px;--awb-spacing-left-small:0px;\" data-scroll-devices=\"small-visibility,medium-visibility,large-visibility\"><span class=\"fusion-column-inner-bg hover-type-none\"><a class=\"fusion-column-anchor\" href=\"https:\/\/focolare.ro\/hu\/lelkisegunk\/a-szeretet-muveszete\/\"><span class=\"fusion-column-inner-bg-image\"><\/span><\/a><\/span><div class=\"fusion-column-wrapper fusion-column-has-shadow fusion-flex-justify-content-flex-start fusion-content-layout-column\"><div class=\"fusion-image-element \" style=\"--awb-caption-title-font-family:var(--h2_typography-font-family);--awb-caption-title-font-weight:var(--h2_typography-font-weight);--awb-caption-title-font-style:var(--h2_typography-font-style);--awb-caption-title-size:var(--h2_typography-font-size);--awb-caption-title-transform:var(--h2_typography-text-transform);--awb-caption-title-line-height:var(--h2_typography-line-height);--awb-caption-title-letter-spacing:var(--h2_typography-letter-spacing);\"><span class=\" fusion-imageframe imageframe-none imageframe-1 hover-type-none\" style=\"border:10px solid var(--awb-color1);\"><img decoding=\"async\" width=\"1000\" height=\"1058\" title=\"ArtIubi_small\" src=\"https:\/\/focolare.ro\/wp-content\/uploads\/2022\/01\/ArtIubi_small.jpg\" data-orig-src=\"https:\/\/focolare.ro\/wp-content\/uploads\/2022\/01\/ArtIubi_small.jpg\" alt class=\"lazyload img-responsive wp-image-1881\" srcset=\"data:image\/svg+xml,%3Csvg%20xmlns%3D%27http%3A%2F%2Fwww.w3.org%2F2000%2Fsvg%27%20width%3D%271000%27%20height%3D%271058%27%20viewBox%3D%270%200%201000%201058%27%3E%3Crect%20width%3D%271000%27%20height%3D%271058%27%20fill-opacity%3D%220%22%2F%3E%3C%2Fsvg%3E\" data-srcset=\"https:\/\/focolare.ro\/wp-content\/uploads\/2022\/01\/ArtIubi_small-200x212.jpg 200w, https:\/\/focolare.ro\/wp-content\/uploads\/2022\/01\/ArtIubi_small-400x423.jpg 400w, https:\/\/focolare.ro\/wp-content\/uploads\/2022\/01\/ArtIubi_small-600x635.jpg 600w, https:\/\/focolare.ro\/wp-content\/uploads\/2022\/01\/ArtIubi_small-800x846.jpg 800w, https:\/\/focolare.ro\/wp-content\/uploads\/2022\/01\/ArtIubi_small.jpg 1000w\" data-sizes=\"auto\" data-orig-sizes=\"(max-width: 1024px) 100vw, (max-width: 640px) 100vw, 400px\" \/><\/span><\/div><div class=\"fusion-separator fusion-full-width-sep\" style=\"align-self: center;margin-left: auto;margin-right: auto;margin-top:60px;width:100%;\"><\/div><div class=\"fusion-title title fusion-title-1 fusion-sep-none fusion-title-center fusion-title-text fusion-title-size-four\" style=\"--awb-text-color:#ffffff;\"><h4 class=\"fusion-title-heading title-heading-center\" style=\"margin:0;line-height:1;\"><strong>A SZERETET M\u0170V\u00c9SZETE<\/strong><\/h4><\/div><div class=\"fusion-text fusion-text-2\" style=\"--awb-text-transform:none;\"><p style=\"color: #ffffff; text-align: left;\">Ez a szeretet mindenki fel\u00e9 nyitott, megk\u00fcl\u00f6nb\u00f6ztet\u00e9s n\u00e9lk\u00fcl, szeretet amely kezdem\u00e9nyez, amely \u00fagy szeret mindenkit mint \u00f6nmag\u00e1t \u00e9s nem utas\u00edt vissza senkit, m\u00e9g az ellens\u00e9get sem.<\/p>\n<\/div><\/div><\/div><div class=\"fusion-layout-column fusion_builder_column fusion-builder-column-2 fusion_builder_column_1_3 1_3 fusion-flex-column fusion-column-inner-bg-wrapper\" style=\"--awb-padding-top:10%;--awb-padding-right:10%;--awb-padding-bottom:13%;--awb-padding-left:10%;--awb-inner-bg-color:#ffb83f;--awb-inner-bg-color-hover:#ffb83f;--awb-inner-bg-size:cover;--awb-width-large:33.333333333333%;--awb-margin-top-large:0px;--awb-spacing-right-large:0px;--awb-margin-bottom-large:0px;--awb-spacing-left-large:0px;--awb-width-medium:100%;--awb-order-medium:0;--awb-spacing-right-medium:0px;--awb-spacing-left-medium:0px;--awb-width-small:100%;--awb-order-small:0;--awb-spacing-right-small:0px;--awb-spacing-left-small:0px;\" data-scroll-devices=\"small-visibility,medium-visibility,large-visibility\"><span class=\"fusion-column-inner-bg hover-type-none\"><a class=\"fusion-column-anchor\" href=\"https:\/\/focolare.ro\/hu\/lelkisegunk\/kozossegben\/\"><span class=\"fusion-column-inner-bg-image\"><\/span><\/a><\/span><div class=\"fusion-column-wrapper fusion-column-has-shadow fusion-flex-justify-content-flex-start fusion-content-layout-column\"><div class=\"fusion-image-element \" style=\"--awb-caption-title-font-family:var(--h2_typography-font-family);--awb-caption-title-font-weight:var(--h2_typography-font-weight);--awb-caption-title-font-style:var(--h2_typography-font-style);--awb-caption-title-size:var(--h2_typography-font-size);--awb-caption-title-transform:var(--h2_typography-text-transform);--awb-caption-title-line-height:var(--h2_typography-line-height);--awb-caption-title-letter-spacing:var(--h2_typography-letter-spacing);\"><span class=\" fusion-imageframe imageframe-none imageframe-2 hover-type-none\" style=\"border:10px solid var(--awb-color1);\"><img decoding=\"async\" width=\"1000\" height=\"1058\" title=\"Comuniune_small\" src=\"https:\/\/focolare.ro\/wp-content\/uploads\/2022\/01\/Comuniune_small.jpg\" data-orig-src=\"https:\/\/focolare.ro\/wp-content\/uploads\/2022\/01\/Comuniune_small.jpg\" alt class=\"lazyload img-responsive wp-image-1883\" srcset=\"data:image\/svg+xml,%3Csvg%20xmlns%3D%27http%3A%2F%2Fwww.w3.org%2F2000%2Fsvg%27%20width%3D%271000%27%20height%3D%271058%27%20viewBox%3D%270%200%201000%201058%27%3E%3Crect%20width%3D%271000%27%20height%3D%271058%27%20fill-opacity%3D%220%22%2F%3E%3C%2Fsvg%3E\" data-srcset=\"https:\/\/focolare.ro\/wp-content\/uploads\/2022\/01\/Comuniune_small-200x212.jpg 200w, https:\/\/focolare.ro\/wp-content\/uploads\/2022\/01\/Comuniune_small-400x423.jpg 400w, https:\/\/focolare.ro\/wp-content\/uploads\/2022\/01\/Comuniune_small-600x635.jpg 600w, https:\/\/focolare.ro\/wp-content\/uploads\/2022\/01\/Comuniune_small-800x846.jpg 800w, https:\/\/focolare.ro\/wp-content\/uploads\/2022\/01\/Comuniune_small.jpg 1000w\" data-sizes=\"auto\" data-orig-sizes=\"(max-width: 1024px) 100vw, (max-width: 640px) 100vw, 400px\" \/><\/span><\/div><div class=\"fusion-separator fusion-full-width-sep\" style=\"align-self: center;margin-left: auto;margin-right: auto;margin-top:60px;width:100%;\"><\/div><div class=\"fusion-title title fusion-title-2 fusion-sep-none fusion-title-center fusion-title-text fusion-title-size-four\" style=\"--awb-text-color:#ffffff;\"><h4 class=\"fusion-title-heading title-heading-center\" style=\"margin:0;line-height:1;\">K\u00d6Z\u00d6SS\u00c9GBEN<\/h4><\/div><div class=\"fusion-text fusion-text-3\" style=\"--awb-text-transform:none;\"><p style=\"color: #ffffff; text-align: left;\">\u201e\u00c9n \u2013 a felebar\u00e1t \u2013 Isten. Istenhez a felebar\u00e1ttal megy\u00fcnk, a testv\u00e9r\u00fcnkkel egy\u00fctt, s\u0151t mi t\u00f6bb, Istenhez a felebar\u00e1ton kereszt\u00fcl jutunk el\u201d, ezt mondta Chiara 1995-ben.<\/p>\n<\/div><\/div><\/div><div class=\"fusion-layout-column fusion_builder_column fusion-builder-column-3 fusion_builder_column_1_3 1_3 fusion-flex-column fusion-column-inner-bg-wrapper\" style=\"--awb-padding-top:10%;--awb-padding-right:10%;--awb-padding-bottom:13%;--awb-padding-left:10%;--awb-inner-bg-color:#2f7d91;--awb-inner-bg-color-hover:#2f7d91;--awb-inner-bg-size:cover;--awb-width-large:33.333333333333%;--awb-margin-top-large:0px;--awb-spacing-right-large:0px;--awb-margin-bottom-large:0px;--awb-spacing-left-large:0px;--awb-width-medium:100%;--awb-order-medium:0;--awb-spacing-right-medium:0px;--awb-spacing-left-medium:0px;--awb-width-small:100%;--awb-order-small:0;--awb-spacing-right-small:0px;--awb-spacing-left-small:0px;\" data-scroll-devices=\"small-visibility,medium-visibility,large-visibility\"><span class=\"fusion-column-inner-bg hover-type-none\"><a class=\"fusion-column-anchor\" href=\"https:\/\/focolare.ro\/hu\/lelkisegunk\/megosztas\/\"><span class=\"fusion-column-inner-bg-image\"><\/span><\/a><\/span><div class=\"fusion-column-wrapper fusion-column-has-shadow fusion-flex-justify-content-flex-start fusion-content-layout-column\"><div class=\"fusion-image-element \" style=\"--awb-caption-title-font-family:var(--h2_typography-font-family);--awb-caption-title-font-weight:var(--h2_typography-font-weight);--awb-caption-title-font-style:var(--h2_typography-font-style);--awb-caption-title-size:var(--h2_typography-font-size);--awb-caption-title-transform:var(--h2_typography-text-transform);--awb-caption-title-line-height:var(--h2_typography-line-height);--awb-caption-title-letter-spacing:var(--h2_typography-letter-spacing);\"><span class=\" fusion-imageframe imageframe-none imageframe-3 hover-type-none\" style=\"border:10px solid var(--awb-color1);\"><img decoding=\"async\" width=\"1009\" height=\"1058\" title=\"Impartasirea_small\" src=\"https:\/\/focolare.ro\/wp-content\/uploads\/2022\/01\/Impartasirea_small.jpg\" data-orig-src=\"https:\/\/focolare.ro\/wp-content\/uploads\/2022\/01\/Impartasirea_small.jpg\" alt class=\"lazyload img-responsive wp-image-1882\" srcset=\"data:image\/svg+xml,%3Csvg%20xmlns%3D%27http%3A%2F%2Fwww.w3.org%2F2000%2Fsvg%27%20width%3D%271009%27%20height%3D%271058%27%20viewBox%3D%270%200%201009%201058%27%3E%3Crect%20width%3D%271009%27%20height%3D%271058%27%20fill-opacity%3D%220%22%2F%3E%3C%2Fsvg%3E\" data-srcset=\"https:\/\/focolare.ro\/wp-content\/uploads\/2022\/01\/Impartasirea_small-200x210.jpg 200w, https:\/\/focolare.ro\/wp-content\/uploads\/2022\/01\/Impartasirea_small-400x419.jpg 400w, https:\/\/focolare.ro\/wp-content\/uploads\/2022\/01\/Impartasirea_small-600x629.jpg 600w, https:\/\/focolare.ro\/wp-content\/uploads\/2022\/01\/Impartasirea_small-800x839.jpg 800w, https:\/\/focolare.ro\/wp-content\/uploads\/2022\/01\/Impartasirea_small.jpg 1009w\" data-sizes=\"auto\" data-orig-sizes=\"(max-width: 1024px) 100vw, (max-width: 640px) 100vw, 400px\" \/><\/span><\/div><div class=\"fusion-separator fusion-full-width-sep\" style=\"align-self: center;margin-left: auto;margin-right: auto;margin-top:60px;width:100%;\"><\/div><div class=\"fusion-title title fusion-title-3 fusion-sep-none fusion-title-center fusion-title-text fusion-title-size-four\" style=\"--awb-text-color:#ffffff;\"><h4 class=\"fusion-title-heading title-heading-center\" style=\"margin:0;line-height:1;\">MEGOSZT\u00c1S<\/h4><\/div><div class=\"fusion-text fusion-text-4\" style=\"--awb-text-transform:none;\"><p style=\"color: #ffffff; text-align: left;\">Az egys\u00e9g a Fokol\u00e1r Mozgalom kulcsszava, a lelkis\u00e9g sz\u00edve, ami a k\u00f6z\u00f6ss\u00e9gben val\u00f3sul meg, azok k\u00f6z\u00f6tt, akik nap mint nap az \u201eegys\u00e9g lelkis\u00e9g\u00e9t\u201d akarj\u00e1k \u00e9lni.<\/p>\n<\/div><\/div><\/div><\/div><\/div>\n<\/p>\n","protected":false},"excerpt":{"rendered":"","protected":false},"author":1,"featured_media":0,"parent":2603,"menu_order":0,"comment_status":"closed","ping_status":"closed","template":"100-width.php","meta":{"footnotes":""},"class_list":["post-2612","page","type-page","status-publish","hentry"],"_links":{"self":[{"href":"https:\/\/focolare.ro\/hu\/wp-json\/wp\/v2\/pages\/2612","targetHints":{"allow":["GET"]}}],"collection":[{"href":"https:\/\/focolare.ro\/hu\/wp-json\/wp\/v2\/pages"}],"about":[{"href":"https:\/\/focolare.ro\/hu\/wp-json\/wp\/v2\/types\/page"}],"author":[{"embeddable":true,"href":"https:\/\/focolare.ro\/hu\/wp-json\/wp\/v2\/users\/1"}],"replies":[{"embeddable":true,"href":"https:\/\/focolare.ro\/hu\/wp-json\/wp\/v2\/comments?post=2612"}],"version-history":[{"count":22,"href":"https:\/\/focolare.ro\/hu\/wp-json\/wp\/v2\/pages\/2612\/revisions"}],"predecessor-version":[{"id":4783,"href":"https:\/\/focolare.ro\/hu\/wp-json\/wp\/v2\/pages\/2612\/revisions\/4783"}],"up":[{"embeddable":true,"href":"https:\/\/focolare.ro\/hu\/wp-json\/wp\/v2\/pages\/2603"}],"wp:attachment":[{"href":"https:\/\/focolare.ro\/hu\/wp-json\/wp\/v2\/media?parent=2612"}],"curies":[{"name":"wp","href":"https:\/\/api.w.org\/{rel}","templated":true}]}}