{"id":2687,"date":"2022-04-03T14:22:54","date_gmt":"2022-04-03T11:22:54","guid":{"rendered":"https:\/\/focolare.ro\/2022-augusztus\/"},"modified":"2024-04-26T18:45:00","modified_gmt":"2024-04-26T15:45:00","slug":"2022-augusztus","status":"publish","type":"page","link":"https:\/\/focolare.ro\/hu\/az-elet-igeje\/az-elet-igeje-2022\/2022-augusztus\/","title":{"rendered":"2022. Augusztus"},"content":{"rendered":"<p><div class=\"fusion-fullwidth fullwidth-box fusion-builder-row-1 fusion-flex-container fusion-parallax-none nonhundred-percent-fullwidth non-hundred-percent-height-scrolling lazyload\" style=\"--awb-border-radius-top-left:0px;--awb-border-radius-top-right:0px;--awb-border-radius-bottom-right:0px;--awb-border-radius-bottom-left:0px;--awb-background-color:var(--awb-custom14);--awb-background-size:cover;--awb-flex-wrap:wrap;\" data-bg=\"https:\/\/focolare.ro\/wp-content\/uploads\/2022\/08\/forgiveness-3.jpg\" ><div class=\"fusion-builder-row fusion-row fusion-flex-align-items-flex-start fusion-flex-content-wrap\" style=\"max-width:1216.8px;margin-left: calc(-4% \/ 2 );margin-right: calc(-4% \/ 2 );\"><div class=\"fusion-layout-column fusion_builder_column fusion-builder-column-0 fusion_builder_column_1_1 1_1 fusion-flex-column\" style=\"--awb-bg-size:cover;--awb-width-large:100%;--awb-margin-top-large:0px;--awb-spacing-right-large:1.92%;--awb-margin-bottom-large:20px;--awb-spacing-left-large:1.92%;--awb-width-medium:100%;--awb-order-medium:0;--awb-spacing-right-medium:1.92%;--awb-spacing-left-medium:1.92%;--awb-width-small:100%;--awb-order-small:0;--awb-spacing-right-small:1.92%;--awb-spacing-left-small:1.92%;\"><div class=\"fusion-column-wrapper fusion-column-has-shadow fusion-flex-justify-content-flex-start fusion-content-layout-column\"><div class=\"fusion-separator fusion-full-width-sep\" style=\"align-self: center;margin-left: auto;margin-right: auto;margin-bottom:200px;width:100%;\"><\/div><div class=\"fusion-title title fusion-title-1 fusion-sep-none fusion-title-text fusion-title-size-two\" style=\"--awb-text-color:var(--awb-color1);\"><h2 class=\"fusion-title-heading title-heading-left\" style=\"margin:0;\">2022. Augusztus<\/h2><\/div><\/div><\/div><\/div><\/div><div class=\"fusion-fullwidth fullwidth-box fusion-builder-row-2 fusion-flex-container nonhundred-percent-fullwidth non-hundred-percent-height-scrolling\" style=\"--awb-border-radius-top-left:0px;--awb-border-radius-top-right:0px;--awb-border-radius-bottom-right:0px;--awb-border-radius-bottom-left:0px;--awb-background-color:var(--awb-color1);--awb-flex-wrap:wrap;\" ><div class=\"fusion-builder-row fusion-row fusion-flex-align-items-flex-start fusion-flex-content-wrap\" style=\"max-width:1216.8px;margin-left: calc(-4% \/ 2 );margin-right: calc(-4% \/ 2 );\"><div class=\"fusion-layout-column fusion_builder_column fusion-builder-column-1 fusion_builder_column_1_1 1_1 fusion-flex-column\" style=\"--awb-bg-size:cover;--awb-width-large:100%;--awb-margin-top-large:0px;--awb-spacing-right-large:1.92%;--awb-margin-bottom-large:20px;--awb-spacing-left-large:1.92%;--awb-width-medium:100%;--awb-order-medium:0;--awb-spacing-right-medium:1.92%;--awb-spacing-left-medium:1.92%;--awb-width-small:100%;--awb-order-small:0;--awb-spacing-right-small:1.92%;--awb-spacing-left-small:1.92%;\"><div class=\"fusion-column-wrapper fusion-column-has-shadow fusion-flex-justify-content-flex-start fusion-content-layout-column\"><div class=\"fusion-separator fusion-full-width-sep\" style=\"align-self: center;margin-left: auto;margin-right: auto;margin-bottom:100px;width:100%;\"><\/div><\/div><\/div><\/div><\/div><div class=\"fusion-fullwidth fullwidth-box fusion-builder-row-3 fusion-flex-container nonhundred-percent-fullwidth non-hundred-percent-height-scrolling\" style=\"--awb-border-radius-top-left:0px;--awb-border-radius-top-right:0px;--awb-border-radius-bottom-right:0px;--awb-border-radius-bottom-left:0px;--awb-flex-wrap:wrap;\" ><div class=\"fusion-builder-row fusion-row fusion-flex-align-items-flex-start fusion-flex-content-wrap\" style=\"max-width:1216.8px;margin-left: calc(-4% \/ 2 );margin-right: calc(-4% \/ 2 );\"><div class=\"fusion-layout-column fusion_builder_column fusion-builder-column-2 fusion_builder_column_2_3 2_3 fusion-flex-column\" style=\"--awb-bg-size:cover;--awb-width-large:66.666666666667%;--awb-margin-top-large:0px;--awb-spacing-right-large:2.88%;--awb-margin-bottom-large:20px;--awb-spacing-left-large:2.88%;--awb-width-medium:100%;--awb-order-medium:0;--awb-spacing-right-medium:1.92%;--awb-spacing-left-medium:1.92%;--awb-width-small:100%;--awb-order-small:0;--awb-spacing-right-small:1.92%;--awb-spacing-left-small:1.92%;\"><div class=\"fusion-column-wrapper fusion-column-has-shadow fusion-flex-justify-content-flex-start fusion-content-layout-column\"><div class=\"fusion-text fusion-text-1\" style=\"--awb-text-transform:none;\"><h3><strong>2022. Augusztus<\/strong><\/h3>\n<p><strong>\u201eUram, ha v\u00e9t ellenem testv\u00e9rem, h\u00e1nyszor kell neki megbocs\u00e1tanom? Tal\u00e1n h\u00e9tszer?\u201d<\/strong> (<em>Mt<\/em> 18,21).<\/p>\n<p>M\u00e1t\u00e9 evang\u00e9lium\u00e1nak 18. fejezete igaz\u00e1n vel\u0151s, mivel itt J\u00e9zus \u00fatmutat\u00e1st ad a nem r\u00e9g megsz\u00fcletett k\u00f6z\u00f6ss\u00e9gen bel\u00fcl meg\u00e9lt kapcsolatokra vonatkoz\u00f3an. P\u00e9ter k\u00e9rd\u00e9se felid\u00e9zi, amit J\u00e9zus nem sokkal kor\u00e1bban mondott: \u201eHa a testv\u00e9red v\u00e9tkezik ellened\u2026\u201d<a href=\"#_ftn1\" name=\"_ftnref1\">[1]<\/a>. J\u00e9zus besz\u00e9l, mond valamit, \u00e9s P\u00e9ter kisv\u00e1rtatva f\u00e9lbeszak\u00edtja, mintha r\u00e1\u00e9bredne, hogy nem \u00e9rtette j\u00f3l, amit a Mestere mondott. \u00c9s f\u00f6ltesz egy k\u00e9rd\u00e9st, az egyik legfontosabbat a tan\u00edtv\u00e1nyi \u00faton. H\u00e1nyszor kell megbocs\u00e1tani?<\/p>\n<p><strong>\u201eUram, ha v\u00e9t ellenem testv\u00e9rem, h\u00e1nyszor kell neki megbocs\u00e1tanom? Tal\u00e1n h\u00e9tszer?\u201d<\/strong><\/p>\n<p>A hit \u00fatj\u00e1n j\u00e1rva is sok k\u00e9rd\u00e9s mer\u00fcl fel. A h\u00edv\u0151knek sincs birtokukban minden v\u00e1lasz, de a k\u00e9rd\u00e9sek ellen\u00e9re h\u0171s\u00e9gesek maradnak. P\u00e9ter k\u00e9rd\u00e9se nem az Isten ellen elk\u00f6vetett b\u0171n\u00f6k megbocs\u00e1t\u00e1s\u00e1ra vonatkozik, hanem ink\u00e1bb arra, amikor egy testv\u00e9r a m\u00e1sik testv\u00e9rrel szemben elk\u00f6vet valamit. P\u00e9ter j\u00f3 tan\u00edtv\u00e1nynak gondolja mag\u00e1t, aki h\u00e9tszer is megbocs\u00e1t<a href=\"#_ftn2\" name=\"_ftnref2\">[2]<\/a>. \u00c9s nem v\u00e1r J\u00e9zust\u00f3l ilyen gyors, \u00e9s minden kor\u00e1bbi biztons\u00e1g\u00e1t megingat\u00f3 v\u00e1laszt: \u201eMondom neked, nem h\u00e9tszer, hanem hetvenh\u00e9tszer.\u201d (Mt 18,22) A tan\u00edtv\u00e1nyok ismert\u00e9k K\u00e1in v\u00e9rengz\u0151 fi\u00e1nak, L\u00e1mechnek a t\u00f6rt\u00e9net\u00e9t, akit hetvenh\u00e9tszer bosszulnak meg<a href=\"#_ftn3\" name=\"_ftnref3\">[3]<\/a>. IJ\u00e9zus \u00e9pp erre utal, \u00e9s a hat\u00e1rtalan bossz\u00faval szemben el\u00e9nk \u00e1ll\u00edtja a v\u00e9gtelen megbocs\u00e1t\u00e1st.<\/p>\n<p><strong>\u201eUram, ha v\u00e9t ellenem testv\u00e9rem, h\u00e1nyszor kell neki megbocs\u00e1tanom? Tal\u00e1n h\u00e9tszer?\u201d<\/strong><\/p>\n<p>Nem arr\u00f3l van sz\u00f3, hogy ments\u00fcnk fel valakit, aki folyamatosan megb\u00e1nt, hanem ink\u00e1bb arr\u00f3l, hogy a sz\u00edv\u00fcnkben \u00fajra \u00e9s \u00fajra bocs\u00e1ssunk meg. Az igazi megbocs\u00e1t\u00e1s szabadd\u00e1 tesz, \u00e9s t\u00f6bbnyire fokozatosan alakul ki. Nem \u00e9rzelem \u00e9s nem is felejt\u00e9s k\u00e9rd\u00e9se, hanem egy d\u00f6nt\u00e9s, amelyet nek\u00fcnk, h\u00edv\u0151 embereknek nem csak akkor kell meghoznunk, ha \u00fajra \u00e9s \u00fajra megb\u00e1ntanak, hanem akkor is, valah\u00e1nyszor a megb\u00e1nt\u00e1s esz\u00fcnkbe jut. Ez\u00e9rt kell hetvenh\u00e9tszer megbocs\u00e1tanunk.<\/p>\n<p>Chiara Lubich ezt \u00edrja: \u00ab<em>J\u00e9zus v\u00e1lasza teh\u00e1t els\u0151sorban a kereszt\u00e9nyek k\u00f6z\u00f6tti, illetve ugyanazon k\u00f6z\u00f6ss\u00e9g tagjai k\u00f6z\u00f6tti kapcsolatokra vonatkozik. Vagyis mindenekel\u0151tt azokkal kell \u00edgy viselkedned, akik testv\u00e9reid a hitben; a csal\u00e1dban, a munkahelyen, az iskol\u00e1ban, vagy \u2013 ha tartozol ilyenhez \u2013 egy k\u00f6z\u00f6ss\u00e9gben. Tudod, hogy milyen gyakran vissza akarjuk fizetni a s\u00e9rt\u00e9st egy annak megfelel\u0151 tettel vagy sz\u00f3val. Tudod, hogy a jellemek k\u00fcl\u00f6nb\u00f6z\u0151s\u00e9ge, vagy az idegess\u00e9g miatt, vagy m\u00e1s okokb\u00f3l mennyire gyakori, hogy olyan szem\u00e9lyek k\u00f6z\u00f6tt, akik egy\u00fctt \u00e9lnek, hi\u00e1nyzik a szeretet. Ne feledd h\u00e1t, hogy csak a megbocs\u00e1t\u00e1snak egy folyton meg\u00faj\u00edtott magatart\u00e1sa k\u00e9pes fenntartani a b\u00e9k\u00e9t \u00e9s az egys\u00e9get a testv\u00e9rek k\u00f6z\u00f6tt. Mindig meglesz benned a k\u00eds\u00e9rt\u00e9s, hogy testv\u00e9reid hib\u00e1ira gondolj, hogy visszaeml\u00e9kezz m\u00faltjukra, hogy m\u00e1snak akard \u0151ket, mint amilyenek\u2026 Meg kell szoknod, hogy \u00faj szemmel n\u00e9zz r\u00e1juk, hogy \u00fajnak l\u00e1sd \u0151ket: hogy fogadd el \u0151ket mindig \u00e9s azonnal olyannak amilyenek, akkor is, ha nem b\u00e1nj\u00e1k tetteiket<\/em>\u00bb<a href=\"#_ftn4\" name=\"_ftnref4\">[4]<\/a>.<\/p>\n<p><strong>\u201eUram, ha v\u00e9t ellenem testv\u00e9rem, h\u00e1nyszor kell neki megbocs\u00e1tanom? Tal\u00e1n h\u00e9tszer?\u201d<\/strong><\/p>\n<p>Mindannyian a \u201ebocs\u00e1natot nyertek\u201d k\u00f6z\u00f6ss\u00e9g\u00e9be tartozunk, mert a megbocs\u00e1t\u00e1s Isten aj\u00e1nd\u00e9ka, amelyre mindig sz\u00fcks\u00e9g\u00fcnk van. Folyamatosan r\u00e1csod\u00e1lkozhatunk az Atya v\u00e9gtelen irgalm\u00e1ra, aki megbocs\u00e1t, ha mi is megbocs\u00e1tunk.<a href=\"#_ftn5\" name=\"_ftnref5\">[5]<\/a>.<\/p>\n<p>Vannak helyzetek, amikor nem k\u00f6nny\u0171 megbocs\u00e1tani: politikai, szoci\u00e1lis vagy gazdas\u00e1gi helyzetekb\u0151l fakad\u00f3 \u00fcgyek, ahol a megbocs\u00e1t\u00e1s k\u00f6z\u00f6ss\u00e9gi m\u00e9reteket \u00f6lthet. Sok ember p\u00e9ld\u00e1j\u00e1t l\u00e1tjuk, akik a legkem\u00e9nyebb k\u00f6r\u00fclm\u00e9nyek k\u00f6z\u00f6tt is meg tudtak bocs\u00e1tani az \u0151ket t\u00e1mogat\u00f3 k\u00f6z\u00f6ss\u00e9g seg\u00edts\u00e9g\u00e9vel.<\/p>\n<p>Osvaldo Kolumbi\u00e1ban \u00e9l. Hal\u00e1los fenyeget\u00e9st kapott \u00e9s l\u00e1tta, ahogy meg\u00f6lt\u00e9k a testv\u00e9r\u00e9t. Ma egy olyan gazdasz\u00f6vets\u00e9g eln\u00f6ke, ahol a fegyveres harcokban egykor k\u00f6zvetlen\u00fcl r\u00e9szt vett embereket foglalkoztatnak.<\/p>\n<p>\u201eK\u00f6nny\u0171 lett volna \u00fajabb er\u0151szakkal v\u00e1laszolni a bossz\u00fara, de \u00e9n nemet mondtam \u2013 besz\u00e9li el Osvaldo. Nagyon-nagyon neh\u00e9z megtanulni a megbocs\u00e1t\u00e1s m\u0171v\u00e9szet\u00e9t, de a fegyver \u00e9s a h\u00e1bor\u00fa soha nem lehet megold\u00e1s az \u00e9let\u00fcnkre. Az \u00e1talakul\u00e1s \u00fatja m\u00e1s, k\u00f6zel kell jutnunk a m\u00e1sik ember lelk\u00e9hez, de g\u0151ggel \u00e9s hatalommal ez lehetetlen, al\u00e1zatra van sz\u00fcks\u00e9g, \u00e9s ez a legnehezebben fel\u00e9p\u00fcl\u0151 er\u00e9ny\u201d<a href=\"#_ftn6\" name=\"_ftnref6\">[6]<\/a>.<\/p>\n<p><em>Letizia Magri<\/em><\/p>\n<p><a href=\"#_ftnref1\" name=\"_ftn1\">[1]<\/a> <em>Mt <\/em>18, 15.<\/p>\n<p><a href=\"#_ftnref2\" name=\"_ftn2\">[2]<\/a> A hetes sz\u00e1m a teljess\u00e9get jelenti: Isten h\u00e9t nap alatt teremti a vil\u00e1got (v\u00f6. <em>Ter<\/em> 1,1-2,4). Egyiptom f\u00f6ldj\u00e9n h\u00e9t b\u0151 esztend\u0151 volt \u00e9s h\u00e9t sz\u0171k esztend\u0151 (<em>Ter<\/em> 41,29-30).<\/p>\n<p><a href=\"#_ftnref3\" name=\"_ftn3\">[3]<\/a> \u201eHa Kaint h\u00e9tszer bosszulj\u00e1k meg, L\u00e1mechet hetvenh\u00e9tszer.\u201d(<em>Ter<\/em> 4,24).<\/p>\n<p><a href=\"#_ftnref4\" name=\"_ftn4\">[4]<\/a> C. Lubich, <em>Az \u00e9let ig\u00e9je<\/em> 1981. szeptember<\/p>\n<p><a href=\"#_ftnref5\" name=\"_ftn5\">[5]<\/a> v\u00f6. <em>Miaty\u00e1nk<\/em> im\u00e1ds\u00e1g, <em>Mt<\/em> 6,9-13<\/p>\n<p><a href=\"#_ftnref6\" name=\"_ftn6\">[6]<\/a> <em>A b\u00e9k\u00e9t egys\u00e9gnek h\u00edvj\u00e1k: Chiara Lubich strat\u00e9gi\u00e1ja<\/em>, szerk. Maddalena Maltese, Citt\u00e0 Nuova, Roma, 2020, p.37.<\/p>\n<\/div><\/div><\/div><div class=\"fusion-layout-column fusion_builder_column fusion-builder-column-3 fusion_builder_column_1_3 1_3 fusion-flex-column\" style=\"--awb-padding-top:30px;--awb-padding-right:30px;--awb-padding-bottom:10px;--awb-padding-left:30px;--awb-bg-color:var(--awb-custom13);--awb-bg-color-hover:var(--awb-custom13);--awb-bg-size:cover;--awb-width-large:33.333333333333%;--awb-margin-top-large:0px;--awb-spacing-right-large:5.76%;--awb-margin-bottom-large:20px;--awb-spacing-left-large:5.76%;--awb-width-medium:100%;--awb-order-medium:0;--awb-spacing-right-medium:1.92%;--awb-spacing-left-medium:1.92%;--awb-width-small:100%;--awb-order-small:0;--awb-spacing-right-small:1.92%;--awb-spacing-left-small:1.92%;\"><div class=\"fusion-column-wrapper fusion-column-has-shadow fusion-flex-justify-content-flex-start fusion-content-layout-column\"><div class=\"fusion-title title fusion-title-2 fusion-sep-none fusion-title-center fusion-title-text fusion-title-size-four\"><h4 class=\"fusion-title-heading title-heading-center\" style=\"margin:0;\">T\u00f6ltsd le PDF form\u00e1tumban<\/h4><\/div><div style=\"text-align:center;\"><a class=\"fusion-button button-flat fusion-button-default-size button-default fusion-button-default button-1 fusion-button-span-yes fusion-button-default-type\" style=\"--button_margin-bottom:20px;\" target=\"_blank\" rel=\"noopener noreferrer\" href=\"https:\/\/focolare.ro\/hu\/cv-08-2022-ro-a5-2\/\"><span class=\"fusion-button-icon-divider button-icon-divider-left\"><i class=\"fa-file-pdf fas awb-button__icon awb-button__icon--default\" aria-hidden=\"true\"><\/i><\/span><span class=\"fusion-button-text awb-button__text awb-button__text--default fusion-button-text-left\">Feln\u0151ttek r\u00e9sz\u00e9re<\/span><\/a><\/div><div style=\"text-align:center;\"><a class=\"fusion-button button-flat fusion-button-default-size button-default fusion-button-default button-2 fusion-button-span-yes fusion-button-default-type\" style=\"--button_margin-bottom:20px;\" target=\"_blank\" rel=\"noopener noreferrer\" href=\"https:\/\/focolare.ro\/hu\/cv-08-2022_tineri-2\/\"><span class=\"fusion-button-icon-divider button-icon-divider-left\"><i class=\"fa-file-pdf fas awb-button__icon awb-button__icon--default\" aria-hidden=\"true\"><\/i><\/span><span class=\"fusion-button-text awb-button__text awb-button__text--default fusion-button-text-left\">Fiataloknak<\/span><\/a><\/div><div style=\"text-align:center;\"><a class=\"fusion-button button-flat fusion-button-default-size button-default fusion-button-default button-3 fusion-button-span-yes fusion-button-default-type\" style=\"--button_margin-bottom:20px;\" target=\"_blank\" rel=\"noopener noreferrer\" href=\"https:\/\/focolare.ro\/hu\/cv-08-2022_copii-c-2\/\"><span class=\"fusion-button-icon-divider button-icon-divider-left\"><i class=\"fa-file-pdf fas awb-button__icon awb-button__icon--default\" aria-hidden=\"true\"><\/i><\/span><span class=\"fusion-button-text awb-button__text awb-button__text--default fusion-button-text-left\">Gyerekeknek sz\u00ednes v\u00e1ltozat<\/span><\/a><\/div><div style=\"text-align:center;\"><a class=\"fusion-button button-flat fusion-button-default-size button-default fusion-button-default button-4 fusion-button-span-yes fusion-button-default-type\" style=\"--button_margin-bottom:20px;\" target=\"_blank\" rel=\"noopener noreferrer\" href=\"https:\/\/focolare.ro\/hu\/cv-08-2022_copii-an-2\/\"><span class=\"fusion-button-icon-divider button-icon-divider-left\"><i class=\"fa-file-pdf fas awb-button__icon awb-button__icon--default\" aria-hidden=\"true\"><\/i><\/span><span class=\"fusion-button-text awb-button__text awb-button__text--default fusion-button-text-left\">Gyerekeknek kifest\u0151<\/span><\/a><\/div><\/div><\/div><\/div><\/div><div class=\"fusion-fullwidth fullwidth-box fusion-builder-row-4 fusion-flex-container nonhundred-percent-fullwidth non-hundred-percent-height-scrolling\" style=\"--awb-border-sizes-bottom:3px;--awb-border-color:var(--awb-color5);--awb-border-radius-top-left:0px;--awb-border-radius-top-right:0px;--awb-border-radius-bottom-right:0px;--awb-border-radius-bottom-left:0px;--awb-flex-wrap:wrap;\" ><div class=\"fusion-builder-row fusion-row fusion-flex-align-items-flex-start fusion-flex-content-wrap\" style=\"max-width:1216.8px;margin-left: calc(-4% \/ 2 );margin-right: calc(-4% \/ 2 );\"><\/div><\/div><\/p>\n","protected":false},"excerpt":{"rendered":"","protected":false},"author":9,"featured_media":0,"parent":2826,"menu_order":0,"comment_status":"closed","ping_status":"closed","template":"100-width.php","meta":{"footnotes":""},"class_list":["post-2687","page","type-page","status-publish","hentry"],"_links":{"self":[{"href":"https:\/\/focolare.ro\/hu\/wp-json\/wp\/v2\/pages\/2687","targetHints":{"allow":["GET"]}}],"collection":[{"href":"https:\/\/focolare.ro\/hu\/wp-json\/wp\/v2\/pages"}],"about":[{"href":"https:\/\/focolare.ro\/hu\/wp-json\/wp\/v2\/types\/page"}],"author":[{"embeddable":true,"href":"https:\/\/focolare.ro\/hu\/wp-json\/wp\/v2\/users\/9"}],"replies":[{"embeddable":true,"href":"https:\/\/focolare.ro\/hu\/wp-json\/wp\/v2\/comments?post=2687"}],"version-history":[{"count":7,"href":"https:\/\/focolare.ro\/hu\/wp-json\/wp\/v2\/pages\/2687\/revisions"}],"predecessor-version":[{"id":4392,"href":"https:\/\/focolare.ro\/hu\/wp-json\/wp\/v2\/pages\/2687\/revisions\/4392"}],"up":[{"embeddable":true,"href":"https:\/\/focolare.ro\/hu\/wp-json\/wp\/v2\/pages\/2826"}],"wp:attachment":[{"href":"https:\/\/focolare.ro\/hu\/wp-json\/wp\/v2\/media?parent=2687"}],"curies":[{"name":"wp","href":"https:\/\/api.w.org\/{rel}","templated":true}]}}