{"id":2726,"date":"2022-04-03T14:22:54","date_gmt":"2022-04-03T11:22:54","guid":{"rendered":"https:\/\/focolare.ro\/2022-junius\/"},"modified":"2024-04-26T18:45:19","modified_gmt":"2024-04-26T15:45:19","slug":"2022-junius","status":"publish","type":"page","link":"https:\/\/focolare.ro\/hu\/az-elet-igeje\/az-elet-igeje-2022\/2022-junius\/","title":{"rendered":"2022. J\u00fanius"},"content":{"rendered":"<p><div class=\"fusion-fullwidth fullwidth-box fusion-builder-row-1 fusion-flex-container fusion-parallax-none nonhundred-percent-fullwidth non-hundred-percent-height-scrolling lazyload\" style=\"--awb-border-radius-top-left:0px;--awb-border-radius-top-right:0px;--awb-border-radius-bottom-right:0px;--awb-border-radius-bottom-left:0px;--awb-background-color:var(--awb-custom14);--awb-background-size:cover;--awb-flex-wrap:wrap;\" data-bg=\"https:\/\/focolare.ro\/wp-content\/uploads\/2022\/05\/PdV-06-2022.jpg\" ><div class=\"fusion-builder-row fusion-row fusion-flex-align-items-flex-start fusion-flex-content-wrap\" style=\"max-width:1216.8px;margin-left: calc(-4% \/ 2 );margin-right: calc(-4% \/ 2 );\"><div class=\"fusion-layout-column fusion_builder_column fusion-builder-column-0 fusion_builder_column_1_1 1_1 fusion-flex-column\" style=\"--awb-bg-size:cover;--awb-width-large:100%;--awb-margin-top-large:0px;--awb-spacing-right-large:1.92%;--awb-margin-bottom-large:20px;--awb-spacing-left-large:1.92%;--awb-width-medium:100%;--awb-order-medium:0;--awb-spacing-right-medium:1.92%;--awb-spacing-left-medium:1.92%;--awb-width-small:100%;--awb-order-small:0;--awb-spacing-right-small:1.92%;--awb-spacing-left-small:1.92%;\"><div class=\"fusion-column-wrapper fusion-column-has-shadow fusion-flex-justify-content-flex-start fusion-content-layout-column\"><div class=\"fusion-separator fusion-full-width-sep\" style=\"align-self: center;margin-left: auto;margin-right: auto;margin-bottom:200px;width:100%;\"><\/div><div class=\"fusion-title title fusion-title-1 fusion-sep-none fusion-title-text fusion-title-size-two\" style=\"--awb-text-color:var(--awb-color1);\"><h2 class=\"fusion-title-heading title-heading-left\" style=\"margin:0;\">2022. J\u00fanius<\/h2><\/div><\/div><\/div><\/div><\/div><div class=\"fusion-fullwidth fullwidth-box fusion-builder-row-2 fusion-flex-container nonhundred-percent-fullwidth non-hundred-percent-height-scrolling\" style=\"--awb-border-radius-top-left:0px;--awb-border-radius-top-right:0px;--awb-border-radius-bottom-right:0px;--awb-border-radius-bottom-left:0px;--awb-background-color:var(--awb-color1);--awb-flex-wrap:wrap;\" ><div class=\"fusion-builder-row fusion-row fusion-flex-align-items-flex-start fusion-flex-content-wrap\" style=\"max-width:1216.8px;margin-left: calc(-4% \/ 2 );margin-right: calc(-4% \/ 2 );\"><div class=\"fusion-layout-column fusion_builder_column fusion-builder-column-1 fusion_builder_column_1_1 1_1 fusion-flex-column\" style=\"--awb-bg-size:cover;--awb-width-large:100%;--awb-margin-top-large:0px;--awb-spacing-right-large:1.92%;--awb-margin-bottom-large:20px;--awb-spacing-left-large:1.92%;--awb-width-medium:100%;--awb-order-medium:0;--awb-spacing-right-medium:1.92%;--awb-spacing-left-medium:1.92%;--awb-width-small:100%;--awb-order-small:0;--awb-spacing-right-small:1.92%;--awb-spacing-left-small:1.92%;\"><div class=\"fusion-column-wrapper fusion-column-has-shadow fusion-flex-justify-content-flex-start fusion-content-layout-column\"><div class=\"fusion-separator fusion-full-width-sep\" style=\"align-self: center;margin-left: auto;margin-right: auto;margin-bottom:100px;width:100%;\"><\/div><\/div><\/div><\/div><\/div><div class=\"fusion-fullwidth fullwidth-box fusion-builder-row-3 fusion-flex-container nonhundred-percent-fullwidth non-hundred-percent-height-scrolling\" style=\"--awb-border-radius-top-left:0px;--awb-border-radius-top-right:0px;--awb-border-radius-bottom-right:0px;--awb-border-radius-bottom-left:0px;--awb-flex-wrap:wrap;\" ><div class=\"fusion-builder-row fusion-row fusion-flex-align-items-flex-start fusion-flex-content-wrap\" style=\"max-width:1216.8px;margin-left: calc(-4% \/ 2 );margin-right: calc(-4% \/ 2 );\"><div class=\"fusion-layout-column fusion_builder_column fusion-builder-column-2 fusion_builder_column_2_3 2_3 fusion-flex-column\" style=\"--awb-bg-size:cover;--awb-width-large:66.666666666667%;--awb-margin-top-large:0px;--awb-spacing-right-large:2.88%;--awb-margin-bottom-large:20px;--awb-spacing-left-large:2.88%;--awb-width-medium:100%;--awb-order-medium:0;--awb-spacing-right-medium:1.92%;--awb-spacing-left-medium:1.92%;--awb-width-small:100%;--awb-order-small:0;--awb-spacing-right-small:1.92%;--awb-spacing-left-small:1.92%;\"><div class=\"fusion-column-wrapper fusion-column-has-shadow fusion-flex-justify-content-flex-start fusion-content-layout-column\"><div class=\"fusion-text fusion-text-1\" style=\"--awb-text-transform:none;\"><h3><strong>2022. j\u00fanius<\/strong><\/h3>\n<p><strong>\u201eTe vagy az \u00e9n Istenem, nagyobb javam nincsen n\u00e1lad.\u201d (Zsolt 16(15),2)<\/strong><\/p>\n<p>E h\u00f3nap \u00e9letig\u00e9je a Zsolt\u00e1rok k\u00f6nyv\u00e9b\u0151l sz\u00e1rmazik, mely egybegy\u0171jti D\u00e1vid kir\u00e1ly \u00e9s m\u00e1s Istent\u0151l ihletett im\u00e1d\u00f3k legszebb im\u00e1ds\u00e1gait, hogy megtanuljuk, hogyan forduljunk fel\u00e9. A Zsolt\u00e1rokban mindannyian felismerj\u00fck \u00f6nmagunkat, meg\u00e9rintik lelk\u00fcnk legm\u00e9lyebb h\u00farjait, a legm\u00e9lyebb, leger\u0151sebb \u00e9rz\u00e9seinket fejezik ki: k\u00e9ts\u00e9get, f\u00e1jdalmat, haragot, aggodalmat, k\u00e9ts\u00e9gbees\u00e9st, valamint a rem\u00e9nyt, a dics\u0151\u00edt\u00e9st, a h\u00e1laad\u00e1st \u00e9s az \u00f6r\u00f6met is. Ez\u00e9rt mondhatja a zsolt\u00e1rokat minden id\u0151kben, minden kult\u00far\u00e1ban, \u00e9s \u00e9lete minden pillanat\u00e1ban minden f\u00e9rfi \u00e9s n\u0151 a f\u00f6ld\u00f6n.<\/p>\n<p><strong>\u201eTe vagy az \u00e9n Istenem, nagyobb javam nincsen n\u00e1lad.\u201d<\/strong><\/p>\n<p>A 16. zsolt\u00e1r pedig sok lelki \u00edr\u00f3 legkedvesebb zsolt\u00e1ra volt. Avilai Szent Ter\u00e9z p\u00e9ld\u00e1ul \u00edgy komment\u00e1lta: \u201eSemmi nem hi\u00e1nyzik annak, akinek ott van Isten, egyed\u00fcl Isten el\u00e9g neki!\u201d Antonios Fikry Rofaeil, a kopt ortodox egyh\u00e1z egyik teol\u00f3gusa \u00edgy \u00edr: \u201eEz a felt\u00e1mad\u00e1s zsolt\u00e1ra, ez\u00e9rt az egyh\u00e1z a reggeli \u00f3r\u00e1kban im\u00e1dkozza [\u2026], mert Krisztus hajnalban t\u00e1madt fel. Ez a zsolt\u00e1r a v\u00e9g n\u00e9lk\u00fcli \u00f6r\u00f6ks\u00e9g\u00fcnk rem\u00e9ny\u00e9t adja, ez\u00e9rt nevezz\u00fck \u201earany zsolt\u00e1rnak\u201d, ami azt jelenti, hogy rendk\u00edv\u00fcl \u00e9rt\u00e9kes, szinte dr\u00e1gak\u00f6ve a Szent\u00edr\u00e1snak.\u201d<\/p>\n<p>Ism\u00e9telj\u00fck el, szavank\u00e9nt \u00e1tgondolva:<\/p>\n<p><strong>\u201eTe vagy az \u00e9n Istenem, nagyobb javam nincsen n\u00e1lad.\u201d<\/strong><\/p>\n<p>Isten \u00f6lel\u00e9s\u00e9t, tev\u00e9keny \u00e9s szeretetteljes jelenl\u00e9t\u00e9t \u00e9rezz\u00fck ebben az im\u00e1ban, \u00e1tfogja eg\u00e9sz \u00e9let\u00fcnket, a teremtett vil\u00e1got, m\u00faltunkat, jelen\u00fcnket \u00e9s a j\u00f6v\u0151nket is. Benne tal\u00e1ljuk meg az er\u0151t, hogy bizalommal fogadjuk a szenved\u00e9seket \u00e9let\u00fcnk \u00fatj\u00e1n, hogy der\u0171sen, emelt f\u0151vel l\u00e1ssuk meg a rem\u00e9nyt az \u00e9let \u00e1rnyai m\u00f6g\u00f6tt.<\/p>\n<p>Hogy \u00e9lj\u00fck h\u00e1t az e havi \u00e9letig\u00e9t? \u00c1lljon itt C. D. tapasztalata: \u201eM\u00e1r egy ideje nem \u00e9reztem t\u00fal j\u00f3l magamat, ez\u00e9rt elkezdtem orvoshoz j\u00e1rni. Ez j\u00f3 n\u00e9h\u00e1ny vizsg\u00e1latot jelentett \u00e9s hosszas v\u00e1rakoz\u00e1st. V\u00e9g\u00fcl megtudtam a rosszull\u00e9tem ok\u00e1t: Parkinson-k\u00f3ros vagyok. Ez teljesen les\u00fajtott. 58 \u00e9vesen hogy lehet ez?<\/p>\n<p>Tele voltam mi\u00e9rtekkel: sporttan\u00e1r vagyok, \u00e9s a mozg\u00e1s elemi r\u00e9sze az \u00e9letemnek!<\/p>\n<p>\u00dagy \u00e9reztem, hogy t\u00fal fontos az, amit el kell vesz\u00edtenem. De azt\u00e1n eszembe jutott, hogy fiatal koromban mit hat\u00e1roztam el: \u00bbTe vagy, elhagyott J\u00e9zus, az egyetlen kincsem!\u00ab (Isuse p\u0103r\u0103sit, fericirea mea e numai la tine).<\/p>\n<p>A gy\u00f3gyszereknek k\u00f6sz\u00f6nhet\u0151en r\u00f6gt\u00f6n sokkal jobban lettem, de nem tudom, pontosan mi is fog t\u00f6rt\u00e9nni velem. Elhat\u00e1roztam, hogy a jelen pillanatot \u00e9lem. Amikor megtudtam a diagn\u00f3zist, \u00fagy \u00e9reztem, hogy egy dalban is el akarom mondani Istennek az igenemet, hogy b\u00e9ke t\u00f6lti be a sz\u00edvemet.\u201d<\/p>\n<p>FEz a zsolt\u00e1r Chiara Lubich lelk\u00e9ben is k\u00fcl\u00f6nleges visszhangra tal\u00e1lt, \u00edgy \u00edr: \u201e<em>Ezek az egyszer\u0171 szavak seg\u00edteni fognak, hogy b\u00edzzunk Istenben, \u00e9s hogy megtanuljunk egy\u00fctt \u00e9lni a Szeretettel. \u00cdgy egyre ink\u00e1bb egyek lesz\u00fcnk Vele, \u00e9s \u0150 bet\u00f6lt minket, ez\u00e1ltal az \u0150 k\u00e9pm\u00e1s\u00e1ra teremtetett igazi l\u00e9t\u00fcnk alapjait vetj\u00fck meg \u00e9s rakjuk le \u00fajra.<\/em>\u201d<a href=\"#_ftn1\" name=\"_ftnref1\"><sup>[1]<\/sup><\/a>.<\/p>\n<p>\u00cdme itt vagyunk, hogy j\u00faniusban mindannyian egyk\u00e9nt megvalljuk Istennek a szeretet\u00fcnket, \u00e9s \u00edgy der\u0171t \u00e9s b\u00e9k\u00e9t sug\u00e1rozzunk magunk k\u00f6r\u00fcl.<\/p>\n<p>Letizia Magri<\/p>\n<p><a href=\"#_ftnref1\" name=\"_ftn1\">[1]<\/a> C. Lubich, Az \u00e9let ig\u00e9je, 2001. j\u00falius, <em>\u00daj V\u00e1ros<\/em>, 2001\/7.<\/p>\n<\/div><\/div><\/div><div class=\"fusion-layout-column fusion_builder_column fusion-builder-column-3 fusion_builder_column_1_3 1_3 fusion-flex-column\" style=\"--awb-padding-top:30px;--awb-padding-right:30px;--awb-padding-bottom:10px;--awb-padding-left:30px;--awb-bg-color:var(--awb-custom13);--awb-bg-color-hover:var(--awb-custom13);--awb-bg-size:cover;--awb-width-large:33.333333333333%;--awb-margin-top-large:0px;--awb-spacing-right-large:5.76%;--awb-margin-bottom-large:20px;--awb-spacing-left-large:5.76%;--awb-width-medium:100%;--awb-order-medium:0;--awb-spacing-right-medium:1.92%;--awb-spacing-left-medium:1.92%;--awb-width-small:100%;--awb-order-small:0;--awb-spacing-right-small:1.92%;--awb-spacing-left-small:1.92%;\"><div class=\"fusion-column-wrapper fusion-column-has-shadow fusion-flex-justify-content-flex-start fusion-content-layout-column\"><div class=\"fusion-title title fusion-title-2 fusion-sep-none fusion-title-center fusion-title-text fusion-title-size-four\"><h4 class=\"fusion-title-heading title-heading-center\" style=\"margin:0;\">T\u00f6ltsd le PDF form\u00e1tumban<\/h4><\/div><div style=\"text-align:center;\"><a class=\"fusion-button button-flat fusion-button-default-size button-default fusion-button-default button-1 fusion-button-span-yes fusion-button-default-type\" style=\"--button_margin-bottom:20px;\" target=\"_blank\" rel=\"noopener noreferrer\" href=\"https:\/\/focolare.ro\/wp-content\/uploads\/2022\/05\/CV-06-2022-RO-A5.pdf\"><span class=\"fusion-button-icon-divider button-icon-divider-left\"><i class=\"fa-file-pdf fas awb-button__icon awb-button__icon--default\" aria-hidden=\"true\"><\/i><\/span><span class=\"fusion-button-text awb-button__text awb-button__text--default fusion-button-text-left\">Feln\u0151ttek r\u00e9sz\u00e9re<\/span><\/a><\/div><div style=\"text-align:center;\"><a class=\"fusion-button button-flat fusion-button-default-size button-default fusion-button-default button-2 fusion-button-span-yes fusion-button-default-type\" style=\"--button_margin-bottom:20px;\" target=\"_blank\" rel=\"noopener noreferrer\" href=\"https:\/\/focolare.ro\/wp-content\/uploads\/2022\/05\/CV-05-2022_tineri.pdf\"><span class=\"fusion-button-icon-divider button-icon-divider-left\"><i class=\"fa-file-pdf fas awb-button__icon awb-button__icon--default\" aria-hidden=\"true\"><\/i><\/span><span class=\"fusion-button-text awb-button__text awb-button__text--default fusion-button-text-left\">Fiataloknak<\/span><\/a><\/div><div style=\"text-align:center;\"><a class=\"fusion-button button-flat fusion-button-default-size button-default fusion-button-default button-3 fusion-button-span-yes fusion-button-default-type\" style=\"--button_margin-bottom:20px;\" target=\"_blank\" rel=\"noopener noreferrer\" href=\"https:\/\/focolare.ro\/wp-content\/uploads\/2022\/05\/CV.05.2022_Copii-C-RO.pdf\"><span class=\"fusion-button-icon-divider button-icon-divider-left\"><i class=\"fa-file-pdf fas awb-button__icon awb-button__icon--default\" aria-hidden=\"true\"><\/i><\/span><span class=\"fusion-button-text awb-button__text awb-button__text--default fusion-button-text-left\">Gyerekeknek sz\u00ednes v\u00e1ltozat<\/span><\/a><\/div><div style=\"text-align:center;\"><a class=\"fusion-button button-flat fusion-button-default-size button-default fusion-button-default button-4 fusion-button-span-yes fusion-button-default-type\" style=\"--button_margin-bottom:20px;\" target=\"_blank\" rel=\"noopener noreferrer\" href=\"https:\/\/focolare.ro\/wp-content\/uploads\/2022\/05\/CV.05.2022_Copii-AB-RO.pdf\"><span class=\"fusion-button-icon-divider button-icon-divider-left\"><i class=\"fa-file-pdf fas awb-button__icon awb-button__icon--default\" aria-hidden=\"true\"><\/i><\/span><span class=\"fusion-button-text awb-button__text awb-button__text--default fusion-button-text-left\">Gyerekeknek kifest\u0151<\/span><\/a><\/div><\/div><\/div><\/div><\/div><div class=\"fusion-fullwidth fullwidth-box fusion-builder-row-4 fusion-flex-container nonhundred-percent-fullwidth non-hundred-percent-height-scrolling\" style=\"--awb-border-sizes-bottom:3px;--awb-border-color:var(--awb-color5);--awb-border-radius-top-left:0px;--awb-border-radius-top-right:0px;--awb-border-radius-bottom-right:0px;--awb-border-radius-bottom-left:0px;--awb-flex-wrap:wrap;\" ><div class=\"fusion-builder-row fusion-row fusion-flex-align-items-flex-start fusion-flex-content-wrap\" style=\"max-width:1216.8px;margin-left: calc(-4% \/ 2 );margin-right: calc(-4% \/ 2 );\"><\/div><\/div><\/p>\n","protected":false},"excerpt":{"rendered":"","protected":false},"author":9,"featured_media":0,"parent":2826,"menu_order":0,"comment_status":"closed","ping_status":"closed","template":"100-width.php","meta":{"footnotes":""},"class_list":["post-2726","page","type-page","status-publish","hentry"],"_links":{"self":[{"href":"https:\/\/focolare.ro\/hu\/wp-json\/wp\/v2\/pages\/2726","targetHints":{"allow":["GET"]}}],"collection":[{"href":"https:\/\/focolare.ro\/hu\/wp-json\/wp\/v2\/pages"}],"about":[{"href":"https:\/\/focolare.ro\/hu\/wp-json\/wp\/v2\/types\/page"}],"author":[{"embeddable":true,"href":"https:\/\/focolare.ro\/hu\/wp-json\/wp\/v2\/users\/9"}],"replies":[{"embeddable":true,"href":"https:\/\/focolare.ro\/hu\/wp-json\/wp\/v2\/comments?post=2726"}],"version-history":[{"count":5,"href":"https:\/\/focolare.ro\/hu\/wp-json\/wp\/v2\/pages\/2726\/revisions"}],"predecessor-version":[{"id":4398,"href":"https:\/\/focolare.ro\/hu\/wp-json\/wp\/v2\/pages\/2726\/revisions\/4398"}],"up":[{"embeddable":true,"href":"https:\/\/focolare.ro\/hu\/wp-json\/wp\/v2\/pages\/2826"}],"wp:attachment":[{"href":"https:\/\/focolare.ro\/hu\/wp-json\/wp\/v2\/media?parent=2726"}],"curies":[{"name":"wp","href":"https:\/\/api.w.org\/{rel}","templated":true}]}}