{"id":2823,"date":"2022-04-03T14:22:54","date_gmt":"2022-04-03T11:22:54","guid":{"rendered":"https:\/\/focolare.ro\/2022-majus\/"},"modified":"2024-04-26T18:45:27","modified_gmt":"2024-04-26T15:45:27","slug":"2022-majus","status":"publish","type":"page","link":"https:\/\/focolare.ro\/hu\/az-elet-igeje\/az-elet-igeje-2022\/2022-majus\/","title":{"rendered":"2022. M\u00e1jus"},"content":{"rendered":"<p><div class=\"fusion-fullwidth fullwidth-box fusion-builder-row-1 fusion-flex-container fusion-parallax-none nonhundred-percent-fullwidth non-hundred-percent-height-scrolling lazyload\" style=\"--awb-border-radius-top-left:0px;--awb-border-radius-top-right:0px;--awb-border-radius-bottom-right:0px;--awb-border-radius-bottom-left:0px;--awb-background-color:var(--awb-custom14);--awb-background-size:cover;--awb-flex-wrap:wrap;\" data-bg=\"https:\/\/focolare.ro\/wp-content\/uploads\/2022\/05\/PdV-05-2022.jpg\" ><div class=\"fusion-builder-row fusion-row fusion-flex-align-items-flex-start fusion-flex-content-wrap\" style=\"max-width:1216.8px;margin-left: calc(-4% \/ 2 );margin-right: calc(-4% \/ 2 );\"><div class=\"fusion-layout-column fusion_builder_column fusion-builder-column-0 fusion_builder_column_1_1 1_1 fusion-flex-column\" style=\"--awb-bg-size:cover;--awb-width-large:100%;--awb-margin-top-large:0px;--awb-spacing-right-large:1.92%;--awb-margin-bottom-large:20px;--awb-spacing-left-large:1.92%;--awb-width-medium:100%;--awb-order-medium:0;--awb-spacing-right-medium:1.92%;--awb-spacing-left-medium:1.92%;--awb-width-small:100%;--awb-order-small:0;--awb-spacing-right-small:1.92%;--awb-spacing-left-small:1.92%;\"><div class=\"fusion-column-wrapper fusion-column-has-shadow fusion-flex-justify-content-flex-start fusion-content-layout-column\"><div class=\"fusion-separator fusion-full-width-sep\" style=\"align-self: center;margin-left: auto;margin-right: auto;margin-bottom:200px;width:100%;\"><\/div><div class=\"fusion-title title fusion-title-1 fusion-sep-none fusion-title-text fusion-title-size-two\" style=\"--awb-text-color:var(--awb-color1);\"><h2 class=\"fusion-title-heading title-heading-left\" style=\"margin:0;\">2022. M\u00e1jus<\/h2><\/div><\/div><\/div><\/div><\/div><div class=\"fusion-fullwidth fullwidth-box fusion-builder-row-2 fusion-flex-container nonhundred-percent-fullwidth non-hundred-percent-height-scrolling\" style=\"--awb-border-radius-top-left:0px;--awb-border-radius-top-right:0px;--awb-border-radius-bottom-right:0px;--awb-border-radius-bottom-left:0px;--awb-background-color:var(--awb-color1);--awb-flex-wrap:wrap;\" ><div class=\"fusion-builder-row fusion-row fusion-flex-align-items-flex-start fusion-flex-content-wrap\" style=\"max-width:1216.8px;margin-left: calc(-4% \/ 2 );margin-right: calc(-4% \/ 2 );\"><div class=\"fusion-layout-column fusion_builder_column fusion-builder-column-1 fusion_builder_column_1_1 1_1 fusion-flex-column\" style=\"--awb-bg-size:cover;--awb-width-large:100%;--awb-margin-top-large:0px;--awb-spacing-right-large:1.92%;--awb-margin-bottom-large:20px;--awb-spacing-left-large:1.92%;--awb-width-medium:100%;--awb-order-medium:0;--awb-spacing-right-medium:1.92%;--awb-spacing-left-medium:1.92%;--awb-width-small:100%;--awb-order-small:0;--awb-spacing-right-small:1.92%;--awb-spacing-left-small:1.92%;\"><div class=\"fusion-column-wrapper fusion-column-has-shadow fusion-flex-justify-content-flex-start fusion-content-layout-column\"><div class=\"fusion-separator fusion-full-width-sep\" style=\"align-self: center;margin-left: auto;margin-right: auto;margin-bottom:100px;width:100%;\"><\/div><\/div><\/div><\/div><\/div><div class=\"fusion-fullwidth fullwidth-box fusion-builder-row-3 fusion-flex-container nonhundred-percent-fullwidth non-hundred-percent-height-scrolling\" style=\"--awb-border-radius-top-left:0px;--awb-border-radius-top-right:0px;--awb-border-radius-bottom-right:0px;--awb-border-radius-bottom-left:0px;--awb-flex-wrap:wrap;\" ><div class=\"fusion-builder-row fusion-row fusion-flex-align-items-flex-start fusion-flex-content-wrap\" style=\"max-width:1216.8px;margin-left: calc(-4% \/ 2 );margin-right: calc(-4% \/ 2 );\"><div class=\"fusion-layout-column fusion_builder_column fusion-builder-column-2 fusion_builder_column_2_3 2_3 fusion-flex-column\" style=\"--awb-bg-size:cover;--awb-width-large:66.666666666667%;--awb-margin-top-large:0px;--awb-spacing-right-large:2.88%;--awb-margin-bottom-large:20px;--awb-spacing-left-large:2.88%;--awb-width-medium:100%;--awb-order-medium:0;--awb-spacing-right-medium:1.92%;--awb-spacing-left-medium:1.92%;--awb-width-small:100%;--awb-order-small:0;--awb-spacing-right-small:1.92%;--awb-spacing-left-small:1.92%;\"><div class=\"fusion-column-wrapper fusion-column-has-shadow fusion-flex-justify-content-flex-start fusion-content-layout-column\"><div class=\"fusion-text fusion-text-1\" style=\"--awb-text-transform:none;\"><h3><strong>2022. M\u00e1jus<\/strong><\/h3>\n<h4><strong>\u201e\u00daj parancsot adok nektek: szeress\u00e9tek egym\u00e1st!\u201d (Jn 13,34)<\/strong><\/h4>\n<p>Az utols\u00f3 vacsor\u00e1n hangzik el ez az ige. J\u00e9zus tan\u00edtv\u00e1nyaival \u00f6sszegy\u0171lt az asztal k\u00f6r\u00fcl, \u00e9pp az el\u0151bb mosta meg a l\u00e1bukat. N\u00e9h\u00e1ny \u00f3ra m\u00falva elfogj\u00e1k, hal\u00e1lra \u00edt\u00e9lik \u00e9s keresztre fesz\u00edtik. Amikor m\u00e1r csak kev\u00e9s id\u0151 van h\u00e1tra \u00e9s k\u00f6zel a c\u00e9l, akkor szok\u00e1s elmondani a legfontosabb dolgokat, amit az emberek \u201ev\u00e9grendeletk\u00e9nt\u201d hagynak. J\u00e1nos evang\u00e9liuma ennek kapcs\u00e1n nem az Eucharisztia alap\u00edt\u00e1s\u00e1r\u00f3l sz\u00f3l, hanem ehelyett a l\u00e1bmos\u00e1st \u00edrja le. \u00c9s ennek f\u00e9ny\u00e9ben kell \u00e9rtelmezn\u00fcnk az \u00faj parancsot. J\u00e9zus el\u0151sz\u00f6r cselekszik \u00e9s csak azut\u00e1n tan\u00edt, ez\u00e9rt tud tekint\u00e9llyel sz\u00f3lni.<\/p>\n<p>A felebar\u00e1t ir\u00e1nti szeretet parancsa m\u00e1r az \u00d3sz\u00f6vets\u00e9gben is szerepelt: \u201eSzeresd felebar\u00e1todat, mint saj\u00e1t magadat\u201d (Lev 19,18). J\u00e9zus ennek egy \u00faj aspektus\u00e1ra vil\u00e1g\u00edt r\u00e1, a k\u00f6lcs\u00f6n\u00f6ss\u00e9gre: a k\u00f6lcs\u00f6n\u00f6s szeretet teremti meg \u00e9s jellemzi a tan\u00edtv\u00e1nyok k\u00f6z\u00f6ss\u00e9g\u00e9t.<\/p>\n<p>Ez a szenth\u00e1roms\u00e1gos, isteni \u00e9letben gy\u00f6kerezik, amelyben a Fi\u00fanak k\u00f6sz\u00f6nhet\u0151en az ember is osztozni k\u00e9pes. Chiara Lubich egy p\u00e9ld\u00e1t eml\u00edt, egy k\u00e9pet, amely sz\u00e1munkra is megvil\u00e1g\u00edtja ezt: \u201eJ\u00e9zus ugyanis amikor a f\u00f6ldre j\u00f6tt, nem a semmib\u0151l j\u00f6tt, mint mi, hanem a Mennyb\u0151l. \u00c9s mint egy bev\u00e1ndorl\u00f3, amikor egy t\u00e1voli orsz\u00e1gba \u00e9rkezik, alkalmazkodik ugyan az \u00faj k\u00f6rnyezethez, de meg\u0151rzi saj\u00e1t szok\u00e1sait, saj\u00e1t \u00f6lt\u00f6z\u00e9k\u00e9t viseli, \u00e9s tov\u00e1bbra is besz\u00e9li a saj\u00e1t nyelv\u00e9t, \u00edgy J\u00e9zus is k\u00e9ts\u00e9gk\u00edv\u00fcl alkalmazkodott a f\u00f6ldi, az emberi \u00e9lethez, de \u2013 mivel Isten volt \u2013 mag\u00e1val hozta a szenth\u00e1roms\u00e1gi \u00e9letet, \u00e9s ez a szeretet, a k\u00f6lcs\u00f6n\u00f6s szeretet&#8221;<a href=\"#_ftn1\" name=\"_ftnref1\">[1]<\/a>.<\/p>\n<h4><strong>\u201e\u00daj parancsot adok nektek: szeress\u00e9tek egym\u00e1st!\u201d<\/strong><\/h4>\n<p>Itt bepillanthatunk J\u00e9zus \u00fczenet\u00e9nek a l\u00e9nyeg\u00e9be, amely az els\u0151 kereszt\u00e9ny k\u00f6z\u00f6ss\u00e9gek frissess\u00e9g\u00e9t id\u00e9zi, \u00e9s amely ma is a jellegzetess\u00e9ge lehet a k\u00fcl\u00f6nb\u00f6z\u0151 csoportjainknak, szervezeteinknek. Ahol megval\u00f3sul a k\u00f6lcs\u00f6n\u00f6ss\u00e9g, ott megtal\u00e1ljuk az \u00e9let\u00fcnk \u00e9rtelm\u00e9t, \u00e9s er\u0151t mer\u00edt\u00fcnk, hogy a f\u00e1jdalmas \u00e9s szenved\u00e9ssel teli pillanatokban is tov\u00e1bbmenj\u00fcnk, t\u00e1maszt tal\u00e1lunk az elker\u00fclhetetlen\u00fcl ad\u00f3d\u00f3 neh\u00e9zs\u00e9gekben, \u00e9s \u00f6r\u00f6met tapasztalunk.<\/p>\n<p>Nap mint nap sok kih\u00edv\u00e1ssal kell szemben\u00e9zn\u00fcnk: a j\u00e1rv\u00e1ny, a sz\u00e9th\u00faz\u00e1s, a szeg\u00e9nys\u00e9g, a harcok: k\u00e9pzelj\u00fck csak el egy pillanatra, hogy mi t\u00f6rt\u00e9nne, ha siker\u00fclne a mindennapokban megval\u00f3s\u00edtanunk ezt az ig\u00e9t. \u00daj t\u00e1vlatokat nyitna, felt\u00e1rulna el\u0151tt\u00fcnk Isten terve az emberis\u00e9gr\u0151l, \u00e9s ez rem\u00e9nnyel t\u00f6ltene el. De ki akad\u00e1lyoz meg abban, hogy fel\u00e9bressz\u00fck magunkban ezt az \u00c9letet,<\/p>\n<p>\u00e9s testv\u00e9ri kapcsolatokat \u00e9p\u00edts\u00fcnk, melyeket kiterjeszthet\u00fcnk az eg\u00e9sz vil\u00e1gra?<\/p>\n<h4><strong>\u201e\u00daj parancsot adok nektek: szeress\u00e9tek egym\u00e1st!\u201d<\/strong><\/h4>\n<p>M\u00e1rta fiatal \u00f6nk\u00e9ntes, aki fogvatartottakat k\u00e9sz\u00edt fel az egyetemi vizsg\u00e1ra. \u201eAmikor j\u00e1rni kezdtem a b\u00f6rt\u00f6nbe, az volt a benyom\u00e1som, hogy ezek az emberek nagyon t\u00f6r\u00e9kenyek \u00e9s tele vannak f\u00e9lelmekkel. Kapcsolatokat kezdtem \u00e9p\u00edteni, el\u0151sz\u00f6r szakmailag, azt\u00e1n bar\u00e1tilag is, a k\u00f6lcs\u00f6n\u00f6s tisztelet \u00e9s meghallgat\u00e1s talaj\u00e1n. Hamar meg\u00e9rtettem, hogy nem csak \u00e9n seg\u00edtem a rabokat, hanem \u0151k is t\u00e1mogatnak engem. \u00c9ppen felk\u00e9sz\u00edtettem az egyik di\u00e1kot egy vizsg\u00e1ra, amikor meghalt az egyik rokonom, \u0151 pedig \u00e9pp akkor kapta meg a b\u00edr\u00f3s\u00e1gi v\u00e9gz\u00e9st az el\u00edt\u00e9l\u00e9s\u00e9r\u0151l. Mindketten neh\u00e9z id\u0151ket \u00e9lt\u00fcnk. Az \u00f3r\u00e1k alatt l\u00e1ttam, hogy nagy f\u00e1jdalom forrong benne, amelyet siker\u00fclt megosztania velem. Egy\u00fctt hordoztuk ezt a szenved\u00e9st, \u00e9s ez seg\u00edtett tov\u00e1bbmenni. A vizsga ut\u00e1n odaj\u00f6tt hozz\u00e1m, megk\u00f6sz\u00f6nte, \u00e9s azt mondta, hogy n\u00e9lk\u00fclem nem siker\u00fclt volna. Egyr\u00e9szt a csal\u00e1domban v\u00e9get \u00e9rt egy \u00e9let, m\u00e1sr\u00e9szt pedig \u00e9reztem, hogy itt siker\u00fclt megmentenem egy m\u00e1sikat. Meg\u00e9rtettem, hogy a k\u00f6lcs\u00f6n\u00f6ss\u00e9gb\u0151l igazi kapcsolatok sz\u00fclethetnek, bar\u00e1ts\u00e1g \u00e9s m\u00e9ly tisztelet\u201d<a href=\"#_ftn2\" name=\"_ftnref2\">[2]<\/a>.<\/p>\n<p>Letizia Magri<\/p>\n<p><a href=\"#_ftnref1\" name=\"_ftn1\">[1]<\/a> C. Lubich, Maria trasparenza di Dio, Citt\u00e0 Nuova, Roma 2003, pp. 72\u201373.<\/p>\n<p><a href=\"#_ftnref2\" name=\"_ftn2\">[2]<\/a> v\u00f6. <a href=\"http:\/\/www.unitedworldproject.org\/workshop\/unesperienza-al-di-la-delle-sbarre-relazioni-di-cura-reciproca\/\">http:\/\/www.unitedworldproject.org\/workshop\/unesperienza-al-di-la-delle-sbarre-relazioni-di-cura-reciproca\/<\/a><\/p>\n<\/div><\/div><\/div><div class=\"fusion-layout-column fusion_builder_column fusion-builder-column-3 fusion_builder_column_1_3 1_3 fusion-flex-column\" style=\"--awb-padding-top:30px;--awb-padding-right:30px;--awb-padding-bottom:10px;--awb-padding-left:30px;--awb-bg-color:var(--awb-custom13);--awb-bg-color-hover:var(--awb-custom13);--awb-bg-size:cover;--awb-width-large:33.333333333333%;--awb-margin-top-large:0px;--awb-spacing-right-large:5.76%;--awb-margin-bottom-large:20px;--awb-spacing-left-large:5.76%;--awb-width-medium:100%;--awb-order-medium:0;--awb-spacing-right-medium:1.92%;--awb-spacing-left-medium:1.92%;--awb-width-small:100%;--awb-order-small:0;--awb-spacing-right-small:1.92%;--awb-spacing-left-small:1.92%;\"><div class=\"fusion-column-wrapper fusion-column-has-shadow fusion-flex-justify-content-flex-start fusion-content-layout-column\"><div class=\"fusion-title title fusion-title-2 fusion-sep-none fusion-title-center fusion-title-text fusion-title-size-four\"><h4 class=\"fusion-title-heading title-heading-center\" style=\"margin:0;\">T\u00f6ltsd le PDF form\u00e1tumban<\/h4><\/div><div style=\"text-align:center;\"><a class=\"fusion-button button-flat fusion-button-default-size button-default fusion-button-default button-1 fusion-button-span-yes fusion-button-default-type\" style=\"--button_margin-bottom:20px;\" target=\"_blank\" rel=\"noopener noreferrer\" href=\"https:\/\/focolare.ro\/wp-content\/uploads\/2022\/05\/CV-2022-05-RO-1.pdf\"><span class=\"fusion-button-icon-divider button-icon-divider-left\"><i class=\"fa-file-pdf fas awb-button__icon awb-button__icon--default\" aria-hidden=\"true\"><\/i><\/span><span class=\"fusion-button-text awb-button__text awb-button__text--default fusion-button-text-left\">Feln\u0151ttek r\u00e9sz\u00e9re<\/span><\/a><\/div><div style=\"text-align:center;\"><a class=\"fusion-button button-flat fusion-button-default-size button-default fusion-button-default button-2 fusion-button-span-yes fusion-button-default-type\" style=\"--button_margin-bottom:20px;\" target=\"_blank\" rel=\"noopener noreferrer\" href=\"https:\/\/focolare.ro\/wp-content\/uploads\/2022\/05\/CV-05-2022_tineri.pdf\"><span class=\"fusion-button-icon-divider button-icon-divider-left\"><i class=\"fa-file-pdf fas awb-button__icon awb-button__icon--default\" aria-hidden=\"true\"><\/i><\/span><span class=\"fusion-button-text awb-button__text awb-button__text--default fusion-button-text-left\">Fiataloknak<\/span><\/a><\/div><div style=\"text-align:center;\"><a class=\"fusion-button button-flat fusion-button-default-size button-default fusion-button-default button-3 fusion-button-span-yes fusion-button-default-type\" style=\"--button_margin-bottom:20px;\" target=\"_blank\" rel=\"noopener noreferrer\" href=\"https:\/\/focolare.ro\/wp-content\/uploads\/2022\/05\/CV.05.2022_Copii-C-RO.pdf\"><span class=\"fusion-button-icon-divider button-icon-divider-left\"><i class=\"fa-file-pdf fas awb-button__icon awb-button__icon--default\" aria-hidden=\"true\"><\/i><\/span><span class=\"fusion-button-text awb-button__text awb-button__text--default fusion-button-text-left\">Gyerekeknek sz\u00ednes v\u00e1ltozat<\/span><\/a><\/div><div style=\"text-align:center;\"><a class=\"fusion-button button-flat fusion-button-default-size button-default fusion-button-default button-4 fusion-button-span-yes fusion-button-default-type\" style=\"--button_margin-bottom:20px;\" target=\"_blank\" rel=\"noopener noreferrer\" href=\"https:\/\/focolare.ro\/wp-content\/uploads\/2022\/05\/CV.05.2022_Copii-AB-RO.pdf\"><span class=\"fusion-button-icon-divider button-icon-divider-left\"><i class=\"fa-file-pdf fas awb-button__icon awb-button__icon--default\" aria-hidden=\"true\"><\/i><\/span><span class=\"fusion-button-text awb-button__text awb-button__text--default fusion-button-text-left\">Gyerekeknek kifest\u0151<\/span><\/a><\/div><\/div><\/div><\/div><\/div><div class=\"fusion-fullwidth fullwidth-box fusion-builder-row-4 fusion-flex-container nonhundred-percent-fullwidth non-hundred-percent-height-scrolling\" style=\"--awb-border-sizes-bottom:3px;--awb-border-color:var(--awb-color5);--awb-border-radius-top-left:0px;--awb-border-radius-top-right:0px;--awb-border-radius-bottom-right:0px;--awb-border-radius-bottom-left:0px;--awb-flex-wrap:wrap;\" ><div class=\"fusion-builder-row fusion-row fusion-flex-align-items-flex-start fusion-flex-content-wrap\" style=\"max-width:1216.8px;margin-left: calc(-4% \/ 2 );margin-right: calc(-4% \/ 2 );\"><\/div><\/div><\/p>\n","protected":false},"excerpt":{"rendered":"","protected":false},"author":9,"featured_media":0,"parent":2826,"menu_order":0,"comment_status":"closed","ping_status":"closed","template":"100-width.php","meta":{"footnotes":""},"class_list":["post-2823","page","type-page","status-publish","hentry"],"_links":{"self":[{"href":"https:\/\/focolare.ro\/hu\/wp-json\/wp\/v2\/pages\/2823","targetHints":{"allow":["GET"]}}],"collection":[{"href":"https:\/\/focolare.ro\/hu\/wp-json\/wp\/v2\/pages"}],"about":[{"href":"https:\/\/focolare.ro\/hu\/wp-json\/wp\/v2\/types\/page"}],"author":[{"embeddable":true,"href":"https:\/\/focolare.ro\/hu\/wp-json\/wp\/v2\/users\/9"}],"replies":[{"embeddable":true,"href":"https:\/\/focolare.ro\/hu\/wp-json\/wp\/v2\/comments?post=2823"}],"version-history":[{"count":4,"href":"https:\/\/focolare.ro\/hu\/wp-json\/wp\/v2\/pages\/2823\/revisions"}],"predecessor-version":[{"id":4400,"href":"https:\/\/focolare.ro\/hu\/wp-json\/wp\/v2\/pages\/2823\/revisions\/4400"}],"up":[{"embeddable":true,"href":"https:\/\/focolare.ro\/hu\/wp-json\/wp\/v2\/pages\/2826"}],"wp:attachment":[{"href":"https:\/\/focolare.ro\/hu\/wp-json\/wp\/v2\/media?parent=2823"}],"curies":[{"name":"wp","href":"https:\/\/api.w.org\/{rel}","templated":true}]}}