{"id":2838,"date":"2022-04-03T14:22:54","date_gmt":"2022-04-03T11:22:54","guid":{"rendered":"https:\/\/focolare.ro\/az-elet-igeje\/az-elet-igeje-2022\/2022-marcius\/"},"modified":"2024-04-26T18:45:51","modified_gmt":"2024-04-26T15:45:51","slug":"2022-marcius","status":"publish","type":"page","link":"https:\/\/focolare.ro\/hu\/az-elet-igeje\/az-elet-igeje-2022\/2022-marcius\/","title":{"rendered":"2022. M\u00e1rcius"},"content":{"rendered":"<p><div class=\"fusion-fullwidth fullwidth-box fusion-builder-row-1 fusion-flex-container fusion-parallax-none nonhundred-percent-fullwidth non-hundred-percent-height-scrolling lazyload\" style=\"--awb-border-radius-top-left:0px;--awb-border-radius-top-right:0px;--awb-border-radius-bottom-right:0px;--awb-border-radius-bottom-left:0px;--awb-background-color:var(--awb-custom14);--awb-background-size:cover;--awb-flex-wrap:wrap;\" data-bg=\"https:\/\/focolare.ro\/wp-content\/uploads\/2022\/05\/PdV-03-2022.jpg\" ><div class=\"fusion-builder-row fusion-row fusion-flex-align-items-flex-start fusion-flex-content-wrap\" style=\"max-width:1216.8px;margin-left: calc(-4% \/ 2 );margin-right: calc(-4% \/ 2 );\"><div class=\"fusion-layout-column fusion_builder_column fusion-builder-column-0 fusion_builder_column_1_1 1_1 fusion-flex-column\" style=\"--awb-bg-size:cover;--awb-width-large:100%;--awb-margin-top-large:0px;--awb-spacing-right-large:1.92%;--awb-margin-bottom-large:20px;--awb-spacing-left-large:1.92%;--awb-width-medium:100%;--awb-order-medium:0;--awb-spacing-right-medium:1.92%;--awb-spacing-left-medium:1.92%;--awb-width-small:100%;--awb-order-small:0;--awb-spacing-right-small:1.92%;--awb-spacing-left-small:1.92%;\"><div class=\"fusion-column-wrapper fusion-column-has-shadow fusion-flex-justify-content-flex-start fusion-content-layout-column\"><div class=\"fusion-separator fusion-full-width-sep\" style=\"align-self: center;margin-left: auto;margin-right: auto;margin-bottom:200px;width:100%;\"><\/div><div class=\"fusion-title title fusion-title-1 fusion-sep-none fusion-title-text fusion-title-size-two\" style=\"--awb-text-color:var(--awb-color1);\"><h2 class=\"fusion-title-heading title-heading-left\" style=\"margin:0;\">2022. M\u00e1rcius<\/h2><\/div><\/div><\/div><\/div><\/div><div class=\"fusion-fullwidth fullwidth-box fusion-builder-row-2 fusion-flex-container nonhundred-percent-fullwidth non-hundred-percent-height-scrolling\" style=\"--awb-border-radius-top-left:0px;--awb-border-radius-top-right:0px;--awb-border-radius-bottom-right:0px;--awb-border-radius-bottom-left:0px;--awb-background-color:var(--awb-color1);--awb-flex-wrap:wrap;\" ><div class=\"fusion-builder-row fusion-row fusion-flex-align-items-flex-start fusion-flex-content-wrap\" style=\"max-width:1216.8px;margin-left: calc(-4% \/ 2 );margin-right: calc(-4% \/ 2 );\"><div class=\"fusion-layout-column fusion_builder_column fusion-builder-column-1 fusion_builder_column_1_1 1_1 fusion-flex-column\" style=\"--awb-bg-size:cover;--awb-width-large:100%;--awb-margin-top-large:0px;--awb-spacing-right-large:1.92%;--awb-margin-bottom-large:20px;--awb-spacing-left-large:1.92%;--awb-width-medium:100%;--awb-order-medium:0;--awb-spacing-right-medium:1.92%;--awb-spacing-left-medium:1.92%;--awb-width-small:100%;--awb-order-small:0;--awb-spacing-right-small:1.92%;--awb-spacing-left-small:1.92%;\"><div class=\"fusion-column-wrapper fusion-column-has-shadow fusion-flex-justify-content-flex-start fusion-content-layout-column\"><div class=\"fusion-separator fusion-full-width-sep\" style=\"align-self: center;margin-left: auto;margin-right: auto;margin-bottom:100px;width:100%;\"><\/div><\/div><\/div><\/div><\/div><div class=\"fusion-fullwidth fullwidth-box fusion-builder-row-3 fusion-flex-container nonhundred-percent-fullwidth non-hundred-percent-height-scrolling\" style=\"--awb-border-radius-top-left:0px;--awb-border-radius-top-right:0px;--awb-border-radius-bottom-right:0px;--awb-border-radius-bottom-left:0px;--awb-flex-wrap:wrap;\" ><div class=\"fusion-builder-row fusion-row fusion-flex-align-items-flex-start fusion-flex-content-wrap\" style=\"max-width:1216.8px;margin-left: calc(-4% \/ 2 );margin-right: calc(-4% \/ 2 );\"><div class=\"fusion-layout-column fusion_builder_column fusion-builder-column-2 fusion_builder_column_2_3 2_3 fusion-flex-column\" style=\"--awb-bg-size:cover;--awb-width-large:66.666666666667%;--awb-margin-top-large:0px;--awb-spacing-right-large:2.88%;--awb-margin-bottom-large:20px;--awb-spacing-left-large:2.88%;--awb-width-medium:100%;--awb-order-medium:0;--awb-spacing-right-medium:1.92%;--awb-spacing-left-medium:1.92%;--awb-width-small:100%;--awb-order-small:0;--awb-spacing-right-small:1.92%;--awb-spacing-left-small:1.92%;\"><div class=\"fusion-column-wrapper fusion-column-has-shadow fusion-flex-justify-content-flex-start fusion-content-layout-column\"><div class=\"fusion-text fusion-text-1\" style=\"--awb-text-transform:none;\"><h3>2022. m\u00e1rcius<\/h3>\n<h4><strong>\u201eBocs\u00e1sd meg v\u00e9tkeinket, mik\u00e9ppen mi is megbocs\u00e1tunk az ellen\u00fcnk v\u00e9tkez\u0151knek\u201d (Mt 6,12)<\/strong><\/h4>\n<p>Az e havi \u00e9letige a Miaty\u00e1nkb\u00f3l sz\u00e1rmazik, abb\u00f3l az im\u00e1ds\u00e1gb\u00f3l, amelyet J\u00e9zus tan\u00edtott nek\u00fcnk. M\u00e9lyen a zsid\u00f3 hagyom\u00e1nyban gy\u00f6kerezik ez az im\u00e1ds\u00e1g, mert a zsid\u00f3k is \u201emi Aty\u00e1nknak\u201d sz\u00f3l\u00edtott\u00e1k \u00e9s sz\u00f3l\u00edtj\u00e1k ma is Istent.<\/p>\n<p>Els\u0151 olvas\u00e1sra d\u00f6bbenetesek ezek a szavak: hogy k\u00e9rhetj\u00fck mi Istent\u0151l azt, hogy t\u00f6r\u00f6lje el a v\u00e9tkeinket, \u00fagy, ahogy arra mi is k\u00e9pesek vagyunk az ellen\u00fcnk v\u00e9t\u0151k ir\u00e1nt? \u00cdgy hangzik ugyanis a g\u00f6r\u00f6g sz\u00f6veg. R\u00e9sz\u00fcnkr\u0151l viszont a megbocs\u00e1jt\u00e1s mindig behat\u00e1rolt, fel\u00fcletes \u00e9s esetleges.<\/p>\n<p>Ha Isten a mi m\u00e9rt\u00e9k\u00fcnkkel m\u00e9rne, az igazi b\u00fcntet\u00e9s lenne.<\/p>\n<h4><strong>\u201eBocs\u00e1sd meg v\u00e9tkeinket, mik\u00e9ppen mi is megbocs\u00e1tunk az ellen\u00fcnk v\u00e9tkez\u0151knek.\u201d<\/strong><\/h4>\n<p>E szavak f\u0151k\u00e9nt azt fejezik ki, hogy tudat\u00e1ban vagyunk annak, hogy Isten megbocs\u00e1jt\u00e1s\u00e1ra van sz\u00fcks\u00e9g\u00fcnk. J\u00e9zus adta e szavakat a tan\u00edtv\u00e1nyai, teh\u00e1t minden megkeresztelt ember sz\u00e1j\u00e1ba, hogy a sz\u00edv egyszer\u0171s\u00e9g\u00e9vel tudjunk az Aty\u00e1hoz fordulni.<\/p>\n<p>Ez abb\u00f3l a felfedez\u00e9sb\u0151l sz\u00fcletik, hogy testv\u00e9rek vagyunk a Fi\u00faban, testv\u00e9rei \u00e9s k\u00f6vet\u0151i J\u00e9zusnak, aki els\u0151k\u00e9nt \u00e9lte le az \u00e9let\u00e9t egyre teljesebb odaad\u00e1sban az Atya szeret\u0151 akarata ir\u00e1nt.<\/p>\n<p>Csak ha befogadtuk Isten aj\u00e1nd\u00e9k\u00e1t, az \u0151 m\u00e9rhetetlen szeretet\u00e9t, akkor k\u00e9rhet\u00fcnk b\u00e1rmit is az Aty\u00e1t\u00f3l, azt is, hogy tegyen egyre hasonl\u00f3bb\u00e1 mag\u00e1hoz, m\u00e9g abban is, hogy nap mint nap nagylelk\u0171en megbocs\u00e1tunk testv\u00e9reinknek.<\/p>\n<p>A megbocs\u00e1jt\u00e1s minden egyes tette szabad \u00e9s tudatos v\u00e1laszt\u00e1s a r\u00e9sz\u00fcnkr\u0151l, melyet nagy al\u00e1zattal minden egyes alkalommal meg kell \u00faj\u00edtanunk. Soha nem v\u00e1lik szok\u00e1ss\u00e1, hanem \u00fajra \u00e9s \u00fajra odaad\u00e1st k\u00e9r. J\u00e9zus azt k\u00e9ri, hogy minden nap \u00fagy im\u00e1dkozzunk ez\u00e9rt, mint a mindennapi kenyer\u00fcnk\u00e9rt.<\/p>\n<h4><strong>\u201eBocs\u00e1sd meg v\u00e9tkeinket, mik\u00e9ppen mi is megbocs\u00e1tunk az ellen\u00fcnk v\u00e9tkez\u0151knek.\u201d<\/strong><\/h4>\n<p>H\u00e1nyszor megesik, hogy a k\u00f6r\u00fcl\u00f6tt\u00fcnk \u00e9l\u0151k megb\u00e1ntanak valamivel, a csal\u00e1dban, az utc\u00e1n, a munkahelyen vagy az iskol\u00e1ban, \u00e9s neh\u00e9z j\u00f3 sz\u00edvvel folytatnunk a kapcsolatot. Mit tegy\u00fcnk h\u00e1t? Ilyenkor k\u00e9rhetj\u00fck a kegyelmet, hogy ut\u00e1nozni tudjuk az Aty\u00e1t:<\/p>\n<p>\u201e[\u2026] \u00c9lessz\u00fck fel reggelente a sz\u00edv\u00fcnkben a teljes \u00bbamneszti\u00e1t\u00ab, azt a szeretetet, amely mindent betakar, amely be tudja fogadni a m\u00e1sikat olyannak amilyen, korl\u00e1taival, neh\u00e9zs\u00e9geivel egy\u00fctt! Ahogy egy \u00e9desanya tenne gyermek\u00e9vel, ha hib\u00e1zik: mindent eln\u00e9z neki, mindig megbocs\u00e1t, mindig rem\u00e9l. \u00dagy k\u00f6zeledj\u00fcnk mindenkihez, hogy \u00faj szemmel n\u00e9z\u00fcnk r\u00e1, mintha sohasem k\u00f6vette volna el az adott hib\u00e1t! Kezdj\u00fcnk \u00fajra mindig, tudva, hogy Isten nemcsak megbocs\u00e1t, hanem el is felejt, \u00e9s t\u0151l\u00fcnk is ezt k\u00edv\u00e1nja\u201d<a href=\"#_ftn1\" name=\"_ftnref1\">[1]<\/a>.<\/p>\n<p>Nagyon magasztos ez a c\u00e9l, de bizalomteljes im\u00e1val egyre ink\u00e1bb megk\u00f6zel\u00edthetj\u00fck.<\/p>\n<h4><strong>\u201eBocs\u00e1sd meg v\u00e9tkeinket, mik\u00e9ppen mi is megbocs\u00e1tunk az ellen\u00fcnk v\u00e9tkez\u0151knek.\u201d<\/strong><\/h4>\n<p>A Miaty\u00e1nk im\u00e1ds\u00e1g v\u00e9gig t\u00f6bbes sz\u00e1m els\u0151 szem\u00e9lyben sz\u00f3l, a testv\u00e9ris\u00e9get t\u00fckr\u00f6zi. Nemcsak magamnak k\u00e9rek, hanem a t\u00f6bbieknek is a t\u00f6bbiekkel egy\u00fctt. A t\u00f6bbiek szeretete seg\u00edt abban, hogy meg tudjak bocs\u00e1jtani, \u00e9s szeretetb\u0151l \u00e9n is magamra vehetem a testv\u00e9r hib\u00e1j\u00e1t, mert lehet, hogy rajtam is \u00e1ll, lehet, hogy nem tettem meg mindent, hogy befogadjam, meg\u00e9rtsem.<\/p>\n<p>Olaszorsz\u00e1gban, Palerm\u00f3ban a kereszt\u00e9ny k\u00f6z\u00f6ss\u00e9gek \u00f6kumenikus p\u00e1rbesz\u00e9dben \u00e9lnek, \u00e9s ez megk\u00edv\u00e1nja, hogy t\u00falmenjenek n\u00e9h\u00e1ny neh\u00e9zs\u00e9gen. Biagio \u00e9s Zina mes\u00e9li: \u201eEgy lelk\u00e9sz bar\u00e1tunk megh\u00edvott benn\u00fcnket a gy\u00fclekezet\u00fckb\u0151l n\u00e9h\u00e1ny csal\u00e1dhoz, akikkel m\u00e9g nem ismert\u00fck egym\u00e1st. Vitt\u00fcnk magunkkal p\u00e1r dolgot az eb\u00e9dhez, de \u0151k \u00e9rt\u00e9s\u00fcnkre adt\u00e1k, hogy nem nagyon \u00f6r\u00fclnek ennek a tal\u00e1lkoz\u00e1snak. \u00cdgy Zina finoman csak megk\u00edn\u00e1lta \u0151ket valamivel, amit k\u00e9sz\u00edtett, \u00e9s v\u00e9g\u00fcl m\u00e9gis egy\u00fctt eb\u00e9delt\u00fcnk. Eb\u00e9d ut\u00e1n azt\u00e1n kezdt\u00e9k sorolni, hogy milyen hib\u00e1t l\u00e1tnak a mi egyh\u00e1zunkban. Nem akartunk sz\u00f3csat\u00e1ba kezdeni, hanem megk\u00e9rdezt\u00fck, hogy vajon az egyh\u00e1zunk melyik hib\u00e1ja, melyik k\u00fcl\u00f6nb\u00f6z\u0151s\u00e9ge akad\u00e1lyozhat meg benn\u00fcnket abban, hogy szeress\u00fck egym\u00e1st. Vit\u00e1hoz szokott bar\u00e1taink elcsod\u00e1lkoztak ezen, \u00e9s lefegyverezte \u0151ket a v\u00e1laszunk. Az evang\u00e9liumr\u00f3l kezdt\u00fcnk azt\u00e1n besz\u00e9lgetni, arr\u00f3l, ami \u00f6sszek\u00f6t, \u00e9s ez sokkal t\u00f6bb, mint ami elv\u00e1laszt. Letelt az id\u0151, \u00e9s amikor b\u00facs\u00fazni kezdt\u00fcnk, nem akartak elengedni. Ekkor kezdem\u00e9nyezt\u00fck, hogy mondjuk el egy\u00fctt a Miaty\u00e1nkot, \u00e9s mik\u00f6zben im\u00e1dkoztuk, nagyon er\u0151sen \u00e9rezt\u00fck Isten jelenl\u00e9t\u00e9t. Meg kellett \u00edg\u00e9rn\u00fcnk, hogy \u00fajra megl\u00e1togatjuk \u0151ket, mert szerett\u00e9k volna, hogy a gy\u00fclekezet\u00fck t\u00f6bbi tagj\u00e1t is megismerj\u00fck. \u00c9s ez \u00edgy folytat\u00f3dik \u00e9vek \u00f3ta.\u201d<\/p>\n<p><em>Letizia Magri<\/em><\/p>\n<p><a href=\"#_ftnref1\" name=\"_ftn1\">[1]<\/a> C. Lubich, Az \u00e9let ig\u00e9je, 2004. december, \u00daj V\u00e1ros, 2004\/12.<\/p>\n<\/div><\/div><\/div><div class=\"fusion-layout-column fusion_builder_column fusion-builder-column-3 fusion_builder_column_1_3 1_3 fusion-flex-column\" style=\"--awb-padding-top:30px;--awb-padding-right:30px;--awb-padding-bottom:10px;--awb-padding-left:30px;--awb-bg-color:var(--awb-custom13);--awb-bg-color-hover:var(--awb-custom13);--awb-bg-size:cover;--awb-width-large:33.333333333333%;--awb-margin-top-large:0px;--awb-spacing-right-large:5.76%;--awb-margin-bottom-large:20px;--awb-spacing-left-large:5.76%;--awb-width-medium:100%;--awb-order-medium:0;--awb-spacing-right-medium:1.92%;--awb-spacing-left-medium:1.92%;--awb-width-small:100%;--awb-order-small:0;--awb-spacing-right-small:1.92%;--awb-spacing-left-small:1.92%;\"><div class=\"fusion-column-wrapper fusion-column-has-shadow fusion-flex-justify-content-flex-start fusion-content-layout-column\"><div class=\"fusion-title title fusion-title-2 fusion-sep-none fusion-title-center fusion-title-text fusion-title-size-four\"><h4 class=\"fusion-title-heading title-heading-center\" style=\"margin:0;\">T\u00f6ltsd le PDF form\u00e1tumban<\/h4><\/div><div style=\"text-align:center;\"><a class=\"fusion-button button-flat fusion-button-default-size button-default fusion-button-default button-1 fusion-button-span-yes fusion-button-default-type\" style=\"--button_margin-bottom:20px;\" target=\"_blank\" rel=\"noopener noreferrer\" href=\"https:\/\/focolare.ro\/wp-content\/uploads\/2022\/04\/CV-03.2022-RO.pdf\"><span class=\"fusion-button-icon-divider button-icon-divider-left\"><i class=\"fa-file-pdf fas awb-button__icon awb-button__icon--default\" aria-hidden=\"true\"><\/i><\/span><span class=\"fusion-button-text awb-button__text awb-button__text--default fusion-button-text-left\">Feln\u0151ttek r\u00e9sz\u00e9re<\/span><\/a><\/div><div style=\"text-align:center;\"><a class=\"fusion-button button-flat fusion-button-default-size button-default fusion-button-default button-2 fusion-button-span-yes fusion-button-default-type\" style=\"--button_margin-bottom:20px;\" target=\"_blank\" rel=\"noopener noreferrer\" href=\"https:\/\/focolare.ro\/wp-content\/uploads\/2022\/04\/CV-03.2022_tineri-RO.pdf\"><span class=\"fusion-button-icon-divider button-icon-divider-left\"><i class=\"fa-file-pdf fas awb-button__icon awb-button__icon--default\" aria-hidden=\"true\"><\/i><\/span><span class=\"fusion-button-text awb-button__text awb-button__text--default fusion-button-text-left\">Fiataloknak<\/span><\/a><\/div><div style=\"text-align:center;\"><a class=\"fusion-button button-flat fusion-button-default-size button-default fusion-button-default button-3 fusion-button-span-yes fusion-button-default-type\" style=\"--button_margin-bottom:20px;\" target=\"_blank\" rel=\"noopener noreferrer\" href=\"https:\/\/focolare.ro\/wp-content\/uploads\/2022\/04\/CV-03.2022_copii-C-RO.pdf\"><span class=\"fusion-button-icon-divider button-icon-divider-left\"><i class=\"fa-file-pdf fas awb-button__icon awb-button__icon--default\" aria-hidden=\"true\"><\/i><\/span><span class=\"fusion-button-text awb-button__text awb-button__text--default fusion-button-text-left\">Gyerekeknek sz\u00ednes v\u00e1ltozat<\/span><\/a><\/div><div style=\"text-align:center;\"><a class=\"fusion-button button-flat fusion-button-default-size button-default fusion-button-default button-4 fusion-button-span-yes fusion-button-default-type\" style=\"--button_margin-bottom:20px;\" target=\"_blank\" rel=\"noopener noreferrer\" href=\"https:\/\/focolare.ro\/wp-content\/uploads\/2022\/04\/CV-03.2022_copii-AB-RO.pdf\"><span class=\"fusion-button-icon-divider button-icon-divider-left\"><i class=\"fa-file-pdf fas awb-button__icon awb-button__icon--default\" aria-hidden=\"true\"><\/i><\/span><span class=\"fusion-button-text awb-button__text awb-button__text--default fusion-button-text-left\">Gyerekeknek kifest\u0151<\/span><\/a><\/div><\/div><\/div><\/div><\/div><div class=\"fusion-fullwidth fullwidth-box fusion-builder-row-4 fusion-flex-container nonhundred-percent-fullwidth non-hundred-percent-height-scrolling\" style=\"--awb-border-sizes-bottom:3px;--awb-border-color:var(--awb-color5);--awb-border-radius-top-left:0px;--awb-border-radius-top-right:0px;--awb-border-radius-bottom-right:0px;--awb-border-radius-bottom-left:0px;--awb-flex-wrap:wrap;\" ><div class=\"fusion-builder-row fusion-row fusion-flex-align-items-flex-start fusion-flex-content-wrap\" style=\"max-width:1216.8px;margin-left: calc(-4% \/ 2 );margin-right: calc(-4% \/ 2 );\"><\/div><\/div><\/p>\n","protected":false},"excerpt":{"rendered":"","protected":false},"author":9,"featured_media":0,"parent":2826,"menu_order":0,"comment_status":"closed","ping_status":"closed","template":"100-width.php","meta":{"footnotes":""},"class_list":["post-2838","page","type-page","status-publish","hentry"],"_links":{"self":[{"href":"https:\/\/focolare.ro\/hu\/wp-json\/wp\/v2\/pages\/2838","targetHints":{"allow":["GET"]}}],"collection":[{"href":"https:\/\/focolare.ro\/hu\/wp-json\/wp\/v2\/pages"}],"about":[{"href":"https:\/\/focolare.ro\/hu\/wp-json\/wp\/v2\/types\/page"}],"author":[{"embeddable":true,"href":"https:\/\/focolare.ro\/hu\/wp-json\/wp\/v2\/users\/9"}],"replies":[{"embeddable":true,"href":"https:\/\/focolare.ro\/hu\/wp-json\/wp\/v2\/comments?post=2838"}],"version-history":[{"count":8,"href":"https:\/\/focolare.ro\/hu\/wp-json\/wp\/v2\/pages\/2838\/revisions"}],"predecessor-version":[{"id":4402,"href":"https:\/\/focolare.ro\/hu\/wp-json\/wp\/v2\/pages\/2838\/revisions\/4402"}],"up":[{"embeddable":true,"href":"https:\/\/focolare.ro\/hu\/wp-json\/wp\/v2\/pages\/2826"}],"wp:attachment":[{"href":"https:\/\/focolare.ro\/hu\/wp-json\/wp\/v2\/media?parent=2838"}],"curies":[{"name":"wp","href":"https:\/\/api.w.org\/{rel}","templated":true}]}}