{"id":2887,"date":"2021-12-06T19:23:34","date_gmt":"2021-12-06T19:23:34","guid":{"rendered":"https:\/\/focolare.ro\/magunkrol\/a-fokolar-tortenete\/"},"modified":"2024-05-08T14:52:43","modified_gmt":"2024-05-08T11:52:43","slug":"a-fokolar-tortenete","status":"publish","type":"page","link":"https:\/\/focolare.ro\/hu\/magunkrol\/a-fokolar-tortenete\/","title":{"rendered":"A Fokol\u00e1r t\u00f6rt\u00e9nete"},"content":{"rendered":"<div class=\"fusion-fullwidth fullwidth-box fusion-builder-row-1 fusion-flex-container has-pattern-background has-mask-background nonhundred-percent-fullwidth non-hundred-percent-height-scrolling\" style=\"--awb-border-sizes-bottom:1px;--awb-border-color:var(--awb-color5);--awb-border-radius-top-left:0px;--awb-border-radius-top-right:0px;--awb-border-radius-bottom-right:0px;--awb-border-radius-bottom-left:0px;--awb-padding-top:60px;--awb-flex-wrap:wrap;\" ><div class=\"fusion-builder-row fusion-row fusion-flex-align-items-flex-start fusion-flex-content-wrap\" style=\"max-width:1216.8px;margin-left: calc(-4% \/ 2 );margin-right: calc(-4% \/ 2 );\"><div class=\"fusion-layout-column fusion_builder_column fusion-builder-column-0 fusion_builder_column_1_1 1_1 fusion-flex-column\" style=\"--awb-bg-size:cover;--awb-width-large:100%;--awb-margin-top-large:0px;--awb-spacing-right-large:1.92%;--awb-margin-bottom-large:20px;--awb-spacing-left-large:1.92%;--awb-width-medium:100%;--awb-order-medium:0;--awb-spacing-right-medium:1.92%;--awb-spacing-left-medium:1.92%;--awb-width-small:100%;--awb-order-small:0;--awb-spacing-right-small:1.92%;--awb-spacing-left-small:1.92%;\"><div class=\"fusion-column-wrapper fusion-column-has-shadow fusion-flex-justify-content-flex-start fusion-content-layout-column\"><div class=\"fusion-text fusion-text-1\" style=\"--awb-text-transform:none;\"><p>A Fokol\u00e1r\u00e9 Mozgalom n\u00e9pes, nagy \u00e9s sz\u00ednes csal\u00e1dja olyan mint egy \u201eevang\u00e9liumb\u00f3l sz\u00fcletett \u00faj n\u00e9p\u201d, ahogyan az alap\u00edt\u00f3ja Chiara Lubich nevezte. A Mozgalom Trentoban (Olaszorsz\u00e1gban) sz\u00fcletett 1943-ban, a II. Vil\u00e1gh\u00e1bor\u00fa idej\u00e9n, mint egy \u00faj lelkis\u00e9gi \u00e9s t\u00e1rsadalmi meg\u00fajul\u00e1si ir\u00e1nyzat. 1962-ben hagyt\u00e1k j\u00f3v\u00e1 hivatalosan M\u00e1ria M\u0171ve n\u00e9ven. Ma t\u00f6bb mint 180 orsz\u00e1gban van jelen \u00e9s 2 milli\u00f3n\u00e1l t\u00f6bb k\u00f6vet\u0151je van.<\/p>\n<p>Vil\u00e1gnak sz\u00f3l\u00f3 \u00fczenete az egys\u00e9gr\u0151l besz\u00e9l. Ez\u00e9rt a c\u00e9l az, hogy egy\u00fcttm\u0171k\u00f6dj\u00fcnk egy egys\u00e9gesebb vil\u00e1g \u00e9p\u00edt\u00e9s\u00e9ben, amelyet J\u00e9zusnak az Aty\u00e1hoz int\u00e9zett im\u00e1ja \u201ehogy legyenek mindny\u00e1jan egy\u201d (J\u00e1nos 17, 21) ir\u00e1ny\u00edt, a k\u00fcl\u00f6nb\u00f6z\u0151s\u00e9get tiszteletben tartva \u00e9s \u00e9rt\u00e9kelve. Az egy\u00e9nek, n\u00e9pek \u00e9s kultur\u00e1lis szf\u00e9r\u00e1k k\u00f6z\u00f6tti hidak \u00e9s testv\u00e9ri kapcsolatok \u00e9p\u00edt\u00e9s\u00e9ben val\u00f3 \u00e1lland\u00f3 elk\u00f6telezetts\u00e9gben kiv\u00e1lts\u00e1gos helyen \u00e1ll a p\u00e1rbesz\u00e9d.<\/p>\n<p>A mozgalomban r\u00e9sztvesznek k\u00fcl\u00f6nb\u00f6z\u0151 egyh\u00e1zakb\u00f3l \u00e9s kereszt\u00e9ny k\u00f6z\u00f6ss\u00e9gekb\u0151l sz\u00e1rmaz\u00f3 kereszt\u00e9nyek, m\u00e1s vall\u00e1s\u00fa h\u00edv\u0151k \u00e9s nem vall\u00e1sos meggy\u0151z\u0151d\u00e9s\u0171 emberek is. Mindenki saj\u00e1t egyh\u00e1z\u00e1hoz, hit\u00e9hez \u00e9s lelkiismeret\u00e9hez h\u0171en vesz r\u00e9szt benne \u00e9s teszi mag\u00e1\u00e9v\u00e1 ennek c\u00e9lj\u00e1t \u00e9s lelk\u00fclet\u00e9t. Fokol\u00e1roknak nevezz\u00fck azokat a k\u00f6z\u00f6ss\u00e9geket, amelyekben azok \u00e9lnek, akik a Mozgalomban tisztas\u00e1gi, szeg\u00e9nys\u00e9gi \u00e9s engedelmess\u00e9gi fogadalmat tettek. A fokol\u00e1rhoz olyan h\u00e1zasok is tartoznak, akik \u00e9lethelyzet\u00fckh\u00f6z h\u0171en, csal\u00e1di \u00e9let\u00fcket \u00e9lve megosztj\u00e1k a sz\u00fczekkel azt a radik\u00e1lis d\u00f6nt\u00e9st, hogy az evang\u00e9liumi szeretetet a gyakorlatba \u00fcltess\u00e9k \u00e1t, \u00e9s az egys\u00e9g megval\u00f3s\u00edt\u00e1s\u00e1\u00e9rt \u00e9ljenek.<\/p>\n<\/div><\/div><\/div><\/div><\/div>\n","protected":false},"excerpt":{"rendered":"","protected":false},"author":1,"featured_media":0,"parent":2618,"menu_order":0,"comment_status":"closed","ping_status":"closed","template":"100-width.php","meta":{"footnotes":""},"class_list":["post-2887","page","type-page","status-publish","hentry"],"_links":{"self":[{"href":"https:\/\/focolare.ro\/hu\/wp-json\/wp\/v2\/pages\/2887","targetHints":{"allow":["GET"]}}],"collection":[{"href":"https:\/\/focolare.ro\/hu\/wp-json\/wp\/v2\/pages"}],"about":[{"href":"https:\/\/focolare.ro\/hu\/wp-json\/wp\/v2\/types\/page"}],"author":[{"embeddable":true,"href":"https:\/\/focolare.ro\/hu\/wp-json\/wp\/v2\/users\/1"}],"replies":[{"embeddable":true,"href":"https:\/\/focolare.ro\/hu\/wp-json\/wp\/v2\/comments?post=2887"}],"version-history":[{"count":22,"href":"https:\/\/focolare.ro\/hu\/wp-json\/wp\/v2\/pages\/2887\/revisions"}],"predecessor-version":[{"id":4758,"href":"https:\/\/focolare.ro\/hu\/wp-json\/wp\/v2\/pages\/2887\/revisions\/4758"}],"up":[{"embeddable":true,"href":"https:\/\/focolare.ro\/hu\/wp-json\/wp\/v2\/pages\/2618"}],"wp:attachment":[{"href":"https:\/\/focolare.ro\/hu\/wp-json\/wp\/v2\/media?parent=2887"}],"curies":[{"name":"wp","href":"https:\/\/api.w.org\/{rel}","templated":true}]}}