{"id":2985,"date":"2022-02-26T16:46:09","date_gmt":"2022-02-26T14:46:09","guid":{"rendered":"https:\/\/focolare.ro\/feliratkozas-a-hirlevelre\/"},"modified":"2024-05-08T15:17:46","modified_gmt":"2024-05-08T12:17:46","slug":"feliratkozas-a-hirlevelre","status":"publish","type":"page","link":"https:\/\/focolare.ro\/hu\/feliratkozas-a-hirlevelre\/","title":{"rendered":"Feliratkoz\u00e1s a h\u00edrlev\u00e9lre"},"content":{"rendered":"<p><div class=\"fusion-fullwidth fullwidth-box fusion-builder-row-1 fusion-flex-container nonhundred-percent-fullwidth non-hundred-percent-height-scrolling\" style=\"--awb-border-radius-top-left:0px;--awb-border-radius-top-right:0px;--awb-border-radius-bottom-right:0px;--awb-border-radius-bottom-left:0px;--awb-flex-wrap:wrap;\" ><div class=\"fusion-builder-row fusion-row fusion-flex-align-items-flex-start fusion-flex-content-wrap\" style=\"max-width:1216.8px;margin-left: calc(-4% \/ 2 );margin-right: calc(-4% \/ 2 );\"><div class=\"fusion-layout-column fusion_builder_column fusion-builder-column-0 fusion_builder_column_1_6 1_6 fusion-flex-column\" style=\"--awb-bg-size:cover;--awb-width-large:16.666666666667%;--awb-margin-top-large:0px;--awb-spacing-right-large:11.52%;--awb-margin-bottom-large:20px;--awb-spacing-left-large:11.52%;--awb-width-medium:100%;--awb-order-medium:0;--awb-spacing-right-medium:1.92%;--awb-spacing-left-medium:1.92%;--awb-width-small:100%;--awb-order-small:0;--awb-spacing-right-small:1.92%;--awb-spacing-left-small:1.92%;\"><div class=\"fusion-column-wrapper fusion-column-has-shadow fusion-flex-justify-content-flex-start fusion-content-layout-column\"><\/div><\/div><div class=\"fusion-layout-column fusion_builder_column fusion-builder-column-1 fusion_builder_column_2_3 2_3 fusion-flex-column\" style=\"--awb-padding-bottom:30px;--awb-overflow:hidden;--awb-bg-color:#ffffff;--awb-bg-color-hover:#ffffff;--awb-bg-size:cover;--awb-border-radius:3px 3px 0px 0px;--awb-width-large:66.666666666667%;--awb-margin-top-large:200px;--awb-spacing-right-large:2.88%;--awb-margin-bottom-large:0px;--awb-spacing-left-large:2.88%;--awb-width-medium:100%;--awb-order-medium:0;--awb-spacing-right-medium:1.92%;--awb-spacing-left-medium:1.92%;--awb-width-small:100%;--awb-order-small:0;--awb-spacing-right-small:1.92%;--awb-spacing-left-small:1.92%;\"><div class=\"fusion-column-wrapper fusion-column-has-shadow fusion-flex-justify-content-flex-start fusion-content-layout-column\"><!-- Begin Mailchimp Signup Form -->\n<link href=\"\/\/cdn-images.mailchimp.com\/embedcode\/classic-10_7_dtp.css\" rel=\"stylesheet\" type=\"text\/css\">\n\n<style type=\"text\/css\">\n\t#mc_embed_signup{background:#fff; clear:left; margin-top: 150px; font:14px Helvetica,Arial,sans-serif; }\n\t\/* Add your own Mailchimp form style overrides in your site stylesheet or in this style block.\n\t   We recommend moving this block and the preceding CSS link to the HEAD of your HTML file. *\/\n<\/style>\n<style type=\"text\/css\">\n\t#mc-embedded-subscribe-form input[type=checkbox]{display: inline; width: auto;margin-right: 10px;}\n\t#mergeRow-gdpr {margin-top: 20px;}\n\t#mergeRow-gdpr fieldset label {font-weight: normal;}\n\t#mc-embedded-subscribe-form .mc_fieldset{border:none;min-height: 0px;padding-bottom:0px;}\n<\/style>\n\n<div id=\"mc_embed_signup\">\n<form action=\"https:\/\/focolare.us20.list-manage.com\/subscribe\/post?u=c7ffead71e15631e567524d85&id=28506197a0\" method=\"post\" id=\"mc-embedded-subscribe-form\" name=\"mc-embedded-subscribe-form\" class=\"validate\" target=\"_blank\" novalidate=\"\">\n    <div id=\"mc_embed_signup_scroll\">\n\t<h2>Iratkozz fel<\/h2>\n<div class=\"indicates-required\"><span class=\"asterisk\">*<\/span> indicates required<\/div>\n<div class=\"mc-field-group\">\n\t<label for=\"mce-EMAIL\">E-mail c\u00edm <span class=\"asterisk\">*<\/span>\n<\/label>\n\t<input type=\"email\" value=\"\" name=\"EMAIL\" class=\"required email\" id=\"mce-EMAIL\">\n<\/div>\n<div class=\"mc-field-group\">\n\t<label for=\"mce-FNAME\">Keresztn\u00e9v <\/label>\n\t<input type=\"text\" value=\"\" name=\"FNAME\" class=\"\" id=\"mce-FNAME\">\n<\/div>\n<div class=\"mc-field-group\">\n\t<label for=\"mce-LNAME\">N\u00e9v <\/label>\n\t<input type=\"text\" value=\"\" name=\"LNAME\" class=\"\" id=\"mce-LNAME\">\n<\/div>\n<div class=\"mc-field-group size1of2\">\n\t<label for=\"mce-MOBILE\">Telefon <span class=\"asterisk\">*<\/span>\n<\/label>\n\t<input type=\"text\" name=\"MOBILE\" class=\"required\" value=\"\" id=\"mce-MOBILE\">\n<\/div>\n<div class=\"mc-field-group size1of2\">\n\t<label for=\"mce-BIRTHDAY-month\">Sz\u00fclet\u00e9si d\u00e1tum <\/label>\n\t<div class=\"datefield\">\n\t\t<span class=\"subfield dayfield\"><input class=\"datepart \" type=\"text\" pattern=\"[0-9]*\" value=\"\" placeholder=\"NN\" size=\"2\" maxlength=\"2\" name=\"BIRTHDAY[day]\" id=\"mce-BIRTHDAY-day\"><\/span> \/ \n        <span class=\"subfield monthfield\"><input class=\"datepart \" type=\"text\" pattern=\"[0-9]*\" value=\"\" placeholder=\"HH\" size=\"2\" maxlength=\"2\" name=\"BIRTHDAY[month]\" id=\"mce-BIRTHDAY-month\"><\/span> \/ \n\t\t<span class=\"subfield yearfield\"><input class=\"datepart \" type=\"text\" pattern=\"[0-9]*\" value=\"\" placeholder=\"\u00c9\u00c9\u00c9\u00c9\" size=\"4\" maxlength=\"4\" name=\"BIRTHDAY[year]\" id=\"mce-BIRTHDAY-year\"><\/span>\n        <span class=\"small-meta nowrap\">( nn \/ hh \/ \u00e9\u00e9\u00e9\u00e9 )<\/span>\n\t<\/div>\n<\/div><div id=\"mergeRow-gdpr\" class=\"mergeRow gdpr-mergeRow content__gdprBlock mc-field-group\">\n    <div class=\"content__gdpr\">\n        <label><b>Kapcsolattart\u00e1si lehet\u0151s\u00e9gek<\/b><\/label>\n        <p>K\u00e9rj\u00fck v\u00e1lassza ki azokat a lehet\u0151s\u00e9geket amelyeken hallani szeretne a Fokol\u00e1r Mozgalomr\u00f3l:<\/p>\n        <fieldset class=\"mc_fieldset gdprRequired mc-field-group\" name=\"interestgroup_field\">\n\t\t<label class=\"checkbox subfield\" for=\"gdpr_64038\"><input type=\"checkbox\" id=\"gdpr_64038\" name=\"gdpr[64038]\" value=\"Y\" class=\"av-checkbox gdpr\"><span>Email<\/span> <\/label><label class=\"checkbox subfield\" for=\"gdpr_64042\"><input type=\"checkbox\" id=\"gdpr_64042\" name=\"gdpr[64042]\" value=\"Y\" class=\"av-checkbox gdpr\"><span>Mobil \u00fczenetk\u00fcld\u0151 alkalmaz\u00e1sok<\/span> <\/label>\n        <\/fieldset>\n        <p><br>Betartjuk az \u00c1ltal\u00e1nos Adatv\u00e9delmi Szab\u00e1lyzatot (GDPR), \u00edgy b\u00e1rmikor leiratkozhat az e-mailjeink l\u00e1bl\u00e9c\u00e9ben tal\u00e1lhat\u00f3 hivatkoz\u00e1sra kattintva. Adatv\u00e9delmi ir\u00e1nyelveinkkel kapcsolatos inform\u00e1ci\u00f3k\u00e9rt l\u00e1togasson el weboldalunkra.<\/p>\n    <\/div>\n    <div class=\"content__gdprLegal\">\n        <p>Marketing platformk\u00e9nt a Mailchimpet haszn\u00e1ljuk. Az feliratkoz\u00e1s gombra kattintva, tudnia kell, hogy az \u00d6n adatait feldolgoz\u00e1s c\u00e9lj\u00e1b\u00f3l tov\u00e1bb\u00edtjuk a Mailchimphez. <a href=\"https:\/\/mailchimp.com\/legal\/terms\" target=\"_blank\">Tov\u00e1bbi inform\u00e1ci\u00f3k a Mailchimp adatv\u00e9delmi gyakorlat\u00e1r\u00f3l itt.<\/a><\/p>\n    <\/div>\n<\/div>\n\t<div id=\"mce-responses\" class=\"clear foot\">\n\t\t<div class=\"response\" id=\"mce-error-response\" style=\"display:none\"><\/div>\n\t\t<div class=\"response\" id=\"mce-success-response\" style=\"display:none\"><\/div>\n\t<\/div>    <!-- real people should not fill this in and expect good things - do not remove this or risk form bot signups-->\n    <div style=\"position: absolute; left: -5000px;\" aria-hidden=\"true\"><input type=\"text\" name=\"b_c7ffead71e15631e567524d85_28506197a0\" tabindex=\"-1\" value=\"\"><\/div>\n        <div class=\"optionalParent\">\n            <div class=\"clear foot\">\n                <input type=\"submit\" value=\"Elk\u00fcld\" name=\"subscribe\" id=\"mc-embedded-subscribe\" class=\"button\">\n\n            <\/div>\n        <\/div>\n    <\/div>\n<\/form>\n<\/div>\n<script type=\"text\/javascript\" src=\"\/\/s3.amazonaws.com\/downloads.mailchimp.com\/js\/mc-validate.js\"><\/script><script type=\"text\/javascript\">(function($) {window.fnames = new Array(); window.ftypes = new Array();fnames[0]='EMAIL';ftypes[0]='email';fnames[1]='FNAME';ftypes[1]='text';fnames[2]='LNAME';ftypes[2]='text';fnames[3]='ADDRESS';ftypes[3]='address';fnames[4]='MOBILE';ftypes[4]='phone';fnames[6]='BIRTHDAY';ftypes[6]='date'; \/*\n * Translated default messages for the $ validation plugin.\n * Locale: RO\n *\/\n$.extend($.validator.messages, {\n  required: \"Acest c\u00e2mp este obligatoriu.\",\n  remote: \"Te rug\u0103m s\u0103 completezi acest c\u00e2mp.\",\n  email: \"Te rug\u0103m s\u0103 introduci o adres\u0103 de email valid\u0103\",\n  url: \"Te rug\u0103m sa introduci o adres\u0103 URL valid\u0103.\",\n  date: \"Te rug\u0103m s\u0103 introduci o dat\u0103 corect\u0103.\",\n  dateISO: \"Te rug\u0103m s\u0103 introduci o dat\u0103 (ISO) corect\u0103.\",\n  number: \"Te rug\u0103m s\u0103 introduci un num\u0103r \u00eentreg valid.\",\n  digits: \"Te rug\u0103m s\u0103 introduci doar cifre.\",\n  creditcard: \"Te rug\u0103m s\u0103 introduci un numar de carte de credit valid.\",\n  equalTo: \"Te rug\u0103m s\u0103 reintroduci valoarea.\",\n  accept: \"Te rug\u0103m s\u0103 introduci o valoare cu o extensie valid\u0103.\",\n  maxlength: $.validator.format(\"Te rug\u0103m s\u0103 nu introduci mai mult de {0} caractere.\"),\n  minlength: $.validator.format(\"Te rug\u0103m s\u0103 introduci cel pu\u021bin {0} caractere.\"),\n  rangelength: $.validator.format(\"Te rug\u0103m s\u0103 introduci o valoare \u00eentre {0} \u0219i {1} caractere.\"),\n  range: $.validator.format(\"Te rug\u0103m s\u0103 introduci o valoare \u00eentre {0} \u0219i {1}.\"),\n  max: $.validator.format(\"Te rug\u0103m s\u0103 introduci o valoare egal sau mai mic\u0103 dec\u00e2t {0}.\"),\n  min: $.validator.format(\"Te rug\u0103m s\u0103 introduci o valoare egal sau mai mare dec\u00e2t {0}.\")\n});}(jQuery));var $mcj = jQuery.noConflict(true);<\/script>\n<!--End mc_embed_signup--><style type=\"text\/css\">#mc_embed_signup {\n  margin-top: 30px;\n}\n\n#mc_embed_signup form {\n  padding: 20px;\n  margin-left: 3%;\n}\n\n#mc_embed_signup .button {\n  padding-top: 5px;\n  padding-bottom: 5px;\n  line-height: 42px;\n  height: auto;\n  color: #333;\n  border: 1px solid #333;\n  background-color: white;\n}\n\n#mc_embed_signup .button:hover {\n  background-color: #f5f5f5;\n}\n<\/style><\/div><\/div><div class=\"fusion-layout-column fusion_builder_column fusion-builder-column-2 fusion_builder_column_1_6 1_6 fusion-flex-column\" style=\"--awb-bg-size:cover;--awb-width-large:16.666666666667%;--awb-margin-top-large:0px;--awb-spacing-right-large:11.52%;--awb-margin-bottom-large:20px;--awb-spacing-left-large:11.52%;--awb-width-medium:100%;--awb-order-medium:0;--awb-spacing-right-medium:1.92%;--awb-spacing-left-medium:1.92%;--awb-width-small:100%;--awb-order-small:0;--awb-spacing-right-small:1.92%;--awb-spacing-left-small:1.92%;\"><div class=\"fusion-column-wrapper fusion-column-has-shadow fusion-flex-justify-content-flex-start fusion-content-layout-column\"><\/div><\/div><div class=\"fusion-layout-column fusion_builder_column fusion-builder-column-3 fusion_builder_column_1_6 1_6 fusion-flex-column\" style=\"--awb-bg-size:cover;--awb-width-large:16.666666666667%;--awb-margin-top-large:0px;--awb-spacing-right-large:11.52%;--awb-margin-bottom-large:20px;--awb-spacing-left-large:11.52%;--awb-width-medium:100%;--awb-order-medium:0;--awb-spacing-right-medium:1.92%;--awb-spacing-left-medium:1.92%;--awb-width-small:100%;--awb-order-small:0;--awb-spacing-right-small:1.92%;--awb-spacing-left-small:1.92%;\"><div class=\"fusion-column-wrapper fusion-column-has-shadow fusion-flex-justify-content-flex-start fusion-content-layout-column\"><\/div><\/div><div class=\"fusion-layout-column fusion_builder_column fusion-builder-column-4 fusion_builder_column_2_3 2_3 fusion-flex-column\" style=\"--awb-bg-size:cover;--awb-width-large:66.666666666667%;--awb-margin-top-large:0px;--awb-spacing-right-large:2.88%;--awb-margin-bottom-large:20px;--awb-spacing-left-large:2.88%;--awb-width-medium:100%;--awb-order-medium:0;--awb-spacing-right-medium:1.92%;--awb-spacing-left-medium:1.92%;--awb-width-small:100%;--awb-order-small:0;--awb-spacing-right-small:1.92%;--awb-spacing-left-small:1.92%;\"><div class=\"fusion-column-wrapper fusion-column-has-shadow fusion-flex-justify-content-flex-start fusion-content-layout-column\"><div class=\"fusion-section-separator section-separator slant fusion-section-separator-1 fusion-no-small-visibility\" style=\"--awb-spacer-height:50px;--awb-svg-margin-left:2.88%;--awb-svg-margin-right:2.88%;--awb-svg-margin-left-medium:1.92%;--awb-svg-margin-right-medium:1.92%;--awb-svg-margin-left-small:1.92%;--awb-svg-margin-right-small:1.92%;--awb-divider-height:50px;--awb-spacer-padding-top:inherit;--awb-sep-padding:0;--awb-svg-padding:0;\"><div class=\"fusion-section-separator-svg\"><svg class=\"fusion-slant-candy\" xmlns=\"http:\/\/www.w3.org\/2000\/svg\" version=\"1.1\" width=\"100%\" height=\"100\" viewBox=\"0 0 100 100\" preserveAspectRatio=\"none\" fill=\"rgba(255,255,255,1)\"><path d=\"M100 0 L100 100 L0 0 Z\"><\/path><\/svg><\/div><div class=\"fusion-section-separator-spacer\"><div class=\"fusion-section-separator-spacer-height\"><\/div><\/div><\/div><\/div><\/div><div class=\"fusion-layout-column fusion_builder_column fusion-builder-column-5 fusion_builder_column_1_6 1_6 fusion-flex-column\" style=\"--awb-bg-size:cover;--awb-width-large:16.666666666667%;--awb-margin-top-large:0px;--awb-spacing-right-large:11.52%;--awb-margin-bottom-large:20px;--awb-spacing-left-large:11.52%;--awb-width-medium:100%;--awb-order-medium:0;--awb-spacing-right-medium:1.92%;--awb-spacing-left-medium:1.92%;--awb-width-small:100%;--awb-order-small:0;--awb-spacing-right-small:1.92%;--awb-spacing-left-small:1.92%;\"><div class=\"fusion-column-wrapper fusion-column-has-shadow fusion-flex-justify-content-flex-start fusion-content-layout-column\"><\/div><\/div><\/div><\/div><div class=\"fusion-fullwidth fullwidth-box fusion-builder-row-2 fusion-flex-container nonhundred-percent-fullwidth non-hundred-percent-height-scrolling\" style=\"--awb-border-radius-top-left:0px;--awb-border-radius-top-right:0px;--awb-border-radius-bottom-right:0px;--awb-border-radius-bottom-left:0px;--awb-margin-bottom:0px;--awb-flex-wrap:wrap;\" ><div class=\"fusion-builder-row fusion-row fusion-flex-align-items-flex-start fusion-flex-content-wrap\" style=\"max-width:1216.8px;margin-left: calc(-4% \/ 2 );margin-right: calc(-4% \/ 2 );\"><div class=\"fusion-layout-column fusion_builder_column fusion-builder-column-6 fusion_builder_column_1_1 1_1 fusion-flex-column\" style=\"--awb-bg-size:cover;--awb-width-large:100%;--awb-margin-top-large:0px;--awb-spacing-right-large:1.92%;--awb-margin-bottom-large:0px;--awb-spacing-left-large:1.92%;--awb-width-medium:100%;--awb-order-medium:0;--awb-spacing-right-medium:1.92%;--awb-spacing-left-medium:1.92%;--awb-width-small:100%;--awb-order-small:0;--awb-spacing-right-small:1.92%;--awb-spacing-left-small:1.92%;\"><div class=\"fusion-column-wrapper fusion-column-has-shadow fusion-flex-justify-content-flex-start fusion-content-layout-column\"><div class=\"fusion-section-separator section-separator slant fusion-section-separator-2\" style=\"--awb-spacer-height:99px;--awb-svg-margin-left:1.92%;--awb-svg-margin-right:1.92%;--awb-svg-margin-left-medium:1.92%;--awb-svg-margin-right-medium:1.92%;--awb-svg-margin-left-small:1.92%;--awb-svg-margin-right-small:1.92%;--awb-divider-height:99px;--awb-spacer-padding-top:inherit;--awb-sep-padding:0;--awb-svg-padding:0;--awb-svg-tag-margin-bottom:-3px;--awb-sep-svg-display:block;\"><div class=\"fusion-section-separator-svg\"><svg class=\"fusion-slant-candy\" xmlns=\"http:\/\/www.w3.org\/2000\/svg\" version=\"1.1\" width=\"100%\" height=\"100\" viewBox=\"0 0 100 100\" preserveAspectRatio=\"none\" fill=\"rgba(255,255,255,1)\"><path d=\"M0 0 L0 100 L100 100 Z\"><\/path><\/svg><\/div><div class=\"fusion-section-separator-spacer\"><div class=\"fusion-section-separator-spacer-height\"><\/div><\/div><\/div><\/div><\/div><\/div><\/div><\/p>\n","protected":false},"excerpt":{"rendered":"","protected":false},"author":1,"featured_media":0,"parent":0,"menu_order":0,"comment_status":"closed","ping_status":"closed","template":"100-width.php","meta":{"footnotes":""},"class_list":["post-2985","page","type-page","status-publish","hentry"],"_links":{"self":[{"href":"https:\/\/focolare.ro\/hu\/wp-json\/wp\/v2\/pages\/2985","targetHints":{"allow":["GET"]}}],"collection":[{"href":"https:\/\/focolare.ro\/hu\/wp-json\/wp\/v2\/pages"}],"about":[{"href":"https:\/\/focolare.ro\/hu\/wp-json\/wp\/v2\/types\/page"}],"author":[{"embeddable":true,"href":"https:\/\/focolare.ro\/hu\/wp-json\/wp\/v2\/users\/1"}],"replies":[{"embeddable":true,"href":"https:\/\/focolare.ro\/hu\/wp-json\/wp\/v2\/comments?post=2985"}],"version-history":[{"count":19,"href":"https:\/\/focolare.ro\/hu\/wp-json\/wp\/v2\/pages\/2985\/revisions"}],"predecessor-version":[{"id":4786,"href":"https:\/\/focolare.ro\/hu\/wp-json\/wp\/v2\/pages\/2985\/revisions\/4786"}],"wp:attachment":[{"href":"https:\/\/focolare.ro\/hu\/wp-json\/wp\/v2\/media?parent=2985"}],"curies":[{"name":"wp","href":"https:\/\/api.w.org\/{rel}","templated":true}]}}