{"id":2993,"date":"2022-02-03T13:03:36","date_gmt":"2022-02-03T11:03:36","guid":{"rendered":"https:\/\/focolare.ro\/sutik\/"},"modified":"2024-05-08T15:17:47","modified_gmt":"2024-05-08T12:17:47","slug":"sutik","status":"publish","type":"page","link":"https:\/\/focolare.ro\/hu\/sutik\/","title":{"rendered":"S\u00fctik"},"content":{"rendered":"<div class=\"fusion-fullwidth fullwidth-box fusion-builder-row-1 fusion-flex-container nonhundred-percent-fullwidth non-hundred-percent-height-scrolling\" style=\"--awb-border-radius-top-left:0px;--awb-border-radius-top-right:0px;--awb-border-radius-bottom-right:0px;--awb-border-radius-bottom-left:0px;--awb-flex-wrap:wrap;\" ><div class=\"fusion-builder-row fusion-row fusion-flex-align-items-flex-start fusion-flex-content-wrap\" style=\"max-width:1216.8px;margin-left: calc(-4% \/ 2 );margin-right: calc(-4% \/ 2 );\"><div class=\"fusion-layout-column fusion_builder_column fusion-builder-column-0 fusion_builder_column_1_1 1_1 fusion-flex-column\" style=\"--awb-bg-size:cover;--awb-width-large:100%;--awb-margin-top-large:40px;--awb-spacing-right-large:1.92%;--awb-margin-bottom-large:20px;--awb-spacing-left-large:1.92%;--awb-width-medium:100%;--awb-order-medium:0;--awb-spacing-right-medium:1.92%;--awb-spacing-left-medium:1.92%;--awb-width-small:100%;--awb-order-small:0;--awb-spacing-right-small:1.92%;--awb-spacing-left-small:1.92%;\"><div class=\"fusion-column-wrapper fusion-column-has-shadow fusion-flex-justify-content-flex-start fusion-content-layout-column\"><div class=\"fusion-text fusion-text-1\" style=\"--awb-line-height:1.5;--awb-text-transform:none;\"><h2><strong>Tudnival\u00f3k a s\u00fctikkel kapcsolatban &#8211; Fokol\u00e1re Mozgalom<\/strong><\/h2>\n<p>Informa\u021bii privind confiden\u021bialitatea \u0219i prelucrarea datelor cu caracter personal, \u00een temeiul prevederilor REGULAMENTULUI nr. 679 din 27 aprilie 2016 privind protec\u0163ia persoanelor fizice \u00een ceea ce prive\u015fte prelucrarea datelor cu caracter personal \u015fi privind libera circula\u0163ie a acestor date \u015fi de abrogare a Directivei 95\/46\/CE (Regulamentul general privind protec\u0163ia datelor) \u0219i a prevederilor legisla\u021biei na\u021bionale \u00een vigoare, \u00een aceast\u0103 materie.<\/p>\n<p><em>B\u00e1rmilyen k\u00e9r\u00e9ssel ezzel kapcsolatban, k\u00e9rj\u00fck, forduljon: <a href=\"https:\/\/www.dataprotection.ro\">www.dataprotection.ro<\/a><\/em><\/p>\n<p><em>Az internetes s\u00fctik (cookie-k) r\u00f6vid adatr\u00e9szletek, amelyeket a megl\u00e1togatott webhelyek helyeznek el a felhaszn\u00e1l\u00f3k b\u00f6ng\u00e9sz\u0151programj\u00e1ban. Egyes s\u00fctik telep\u00edt\u00e9s\u00e9hez a felhaszn\u00e1l\u00f3 hozz\u00e1j\u00e1rul\u00e1sa is sz\u00fcks\u00e9ges lehet.<\/em><\/p>\n<p><strong>Cookie-uri tehnice \u0219i statistice agregate<\/strong><\/p>\n<p>Cookie-urile tehnice au func\u021bia de a permite desf\u0103\u0219urarea de activit\u0103\u021bi strict legate de func\u021bionarea acestui spa\u021biu online. Cookie-urile tehnice utilizate de acest site web pot fi \u00eemp\u0103r\u021bite \u00een urm\u0103toarele subcategorii:<\/p>\n<ul>\n<li><strong>Cookie-uri de navigare<\/strong>, prin care se pot salva preferin\u021bele de navigare \u0219i se poate optimiza experien\u021ba de navigare a utilizatorului;<\/li>\n<li><strong>Cookie-uri de analiz\u0103<\/strong>, prin care se ob\u021bin informa\u021bii statistice privind metodele de navigare ale utilizatorilor. Aceste informa\u021bii sunt tratate \u00eentr-o form\u0103 agregat\u0103 \u0219i anonim\u0103;<\/li>\n<li><strong>Cookie-uri de func\u021bionalitate<\/strong>, inclusiv ter\u021be p\u0103r\u021bi, utilizate pentru a activa func\u021bii specifice acestui spa\u021biu online \u0219i necesare pentru furnizarea serviciului sau \u00eembun\u0103t\u0103\u021birea acestuia.<\/li>\n<\/ul>\n<p>Aceste cookie-uri nu necesit\u0103 acordul prealabil al utilizatorului pentru a fi instalate \u0219i utilizate.<\/p>\n<p>Site-ul utilizeaz\u0103, de asemenea, cookie-uri analitice de la ter\u021bi (de exemplu: Google-Analytics) care, conform legisla\u021biei \u00een vigoare, nu au nevoie de acordul utilizatorului dat fiind c\u0103 <strong>Asocia\u021bia Opera Preasfintei Maria &#8211; Mi\u0219carea Focolarelor <\/strong>a (i) adoptat instrumente adecvate capabile s\u0103 reduc\u0103 a\u0219a-numita \u201eputere de identificare\u201d a acestor cookie-uri \u0219i (ii) a semnat acorduri specifice cu ter\u021bi care s-au angajat s\u0103 utilizeze informa\u021biile colectate doar pentru a furniza Mi\u0219c\u0103rii Focolarelor informa\u021bii statistice privind utilizarea site-ului.<\/p>\n<p><strong>Perioada de p\u0103strare a datelor<\/strong><\/p>\n<p>Informa\u021biile colectate prin cookie-urile instalate pe site vor fi stocate cu respectarea prevederilor din \u201ePolitica de confiden\u021bialitate\u201d, disponibil\u0103 la urm\u0103torul <a href=\"https:\/\/focolare.ro\/privacy\/\">link<\/a>.<\/p>\n<p><strong>Alte tipuri de cookie-uri sau instrumente ter\u021be pe care le-ar putea folosi<\/strong><\/p>\n<p>Este posibil ca unele dintre serviciile enumerate mai jos s\u0103 nu necesite acordul utilizatorului sau pot fi gestionate direct de proprietar &#8211; \u00een func\u021bie de ceea ce este descris &#8211; f\u0103r\u0103 ajutorul unor ter\u021bi.<\/p>\n<p>Butoanele sociale sunt butoanele de pe site care \u00eenf\u0103\u021bi\u0219eaz\u0103 pictogramele re\u021belelor sociale \u0219i permit utilizatorului care navigheaz\u0103 s\u0103 interac\u021bioneze direct cu platformele sociale printr-un \u201eclic\u201d. Butoanele sociale folosite pe site sunt link-uri care fac trimitere la conturile<a href=\"http:\/\/www.focolare.ro\/\"> focolare.ro<\/a> pe re\u021belele de socializare prezentate.<\/p>\n<p>Dac\u0103 printre instrumentele indicate mai jos s-au num\u0103rat \u0219i servicii gestionate de ter\u021bi, ace\u0219tia ar putea &#8211; pe l\u00e2ng\u0103 cele specificate \u0219i, de asemenea, f\u0103r\u0103 \u0219tirea proprietarului acestui site &#8211; s\u0103 efectueze activit\u0103\u021bi de urm\u0103rire a utilizatorilor. Pentru informa\u021bii detaliate despre aceasta, este recomandabil s\u0103 consulta\u021bi politicile de confiden\u021bialitate ale serviciilor enumerate.<\/p>\n<div class=\"table-1\">\n<table width=\"100%\">\n<tbody>\n<tr>\n<td width=\"123\"><strong>SOLU\u0162IE<\/strong><\/td>\n<td width=\"133\"><strong>Categorie<\/strong><\/td>\n<td width=\"103\"><strong>Furnizor<\/strong><\/td>\n<td width=\"185\"><strong>ADRES\u0102<\/strong><\/td>\n<td width=\"80\"><strong>INFO<\/strong><\/td>\n<\/tr>\n<tr>\n<td width=\"123\">Facebook Connect<\/td>\n<td width=\"133\">Social Widget<\/td>\n<td width=\"103\">Facebook Inc.<\/td>\n<td width=\"185\">1601 S. California<br \/>\nAve<br \/>\nPalo Alto &#8211; CA94304 SUA<\/td>\n<td width=\"80\"><a href=\"https:\/\/www.facebook.com\/about\/privacy\">Link<\/a><\/td>\n<\/tr>\n<tr>\n<td width=\"123\">Google Analytics<\/td>\n<td width=\"133\">Targeting\/Advertising<\/td>\n<td width=\"103\">Google Inc.<\/td>\n<td width=\"185\">1600<br \/>\nAmphitheatre Parkway Mountain View &#8211; CA94043 SUA<\/td>\n<td width=\"80\"><a href=\"http:\/\/www.google.com\/policies\">Link<\/a><\/td>\n<\/tr>\n<tr>\n<td width=\"123\">Twitter<\/td>\n<td width=\"133\">Social Widget<\/td>\n<td width=\"103\">Twitter, Inc.<\/td>\n<td width=\"185\">795 Folsom St., Suite 600<br \/>\nSan Francisco &#8211; CA94107 SUA<\/td>\n<td width=\"80\"><a href=\"https:\/\/about.twitter.com\/privacy\">Link<\/a><\/td>\n<\/tr>\n<tr>\n<td width=\"123\">WPML<\/td>\n<td width=\"133\">Translations<\/td>\n<td width=\"103\">OnTheGoSystems Limited<\/td>\n<td width=\"185\">22\/F 3 Lockhart Road<br \/>\nWanchai Hong Kong<\/td>\n<td width=\"80\"><a href=\"https:\/\/wpml.org\/documentation\/privacy-policy-and-gdpr-compliance\/\">Link<\/a><\/td>\n<\/tr>\n<tr>\n<td width=\"123\">WordPress Stats<\/td>\n<td width=\"133\">Targeting\/Advertising<\/td>\n<td width=\"103\">Automattic, Inc.<\/td>\n<td width=\"185\">60 29<br \/>\nStreet, # 343 San Francisco &#8211; CA94110- 4929 SUA<\/td>\n<td width=\"80\"><a href=\"http:\/\/wordpress.org\/about\/privacy\">Link<\/a><\/td>\n<\/tr>\n<\/tbody>\n<\/table>\n<p>&nbsp;<\/p>\n<\/div>\n<p><strong>Utilizare de c\u0103tre minori<\/strong><\/p>\n<p>Utilizatorii declar\u0103 c\u0103 sunt majori conform legisla\u021biei aplicabile acestora. Minorii pot folosi acest spa\u021biu online numai cu asisten\u021ba unui p\u0103rinte sau a unui tutore.<\/p>\n<p><strong> <\/strong><\/p>\n<p><strong>Cum pot verifica instalarea cookie-urilor?<\/strong><\/p>\n<p>Pe l\u00e2ng\u0103 ceea ce este indicat \u00een acest document, utilizatorul poate gestiona preferin\u021bele referitoare la cookie-uri direct \u00een browser-ul s\u0103u \u0219i poate \u00eempiedica \u2013 de exemplu \u2013 ter\u021be p\u0103r\u021bi s\u0103 le instaleze. Prin preferin\u021bele browserului este posibil\u0103 \u0219i \u0219tergerea cookie-urilor instalate \u00een trecut, inclusiv a cookie-urilor \u00een care se salveaz\u0103 eventual consim\u021b\u0103m\u00e2ntul la instalarea cookie-urilor de c\u0103tre acest site. Este important de re\u021binut c\u0103 prin dezactivarea tuturor cookie-urilor, func\u021bionarea acestui site ar putea fi compromis\u0103. Pute\u021bi g\u0103si informa\u021bii despre cum s\u0103 gestiona\u021bi cookie-urile \u00een browserul dvs. la urm\u0103toarele adrese:<\/p>\n<p><a href=\"https:\/\/support.google.com\/chrome\/answer\/95647?hl=en&amp;p=cpn_cookies\">Google Chrome<\/a><\/p>\n<p><a href=\"https:\/\/support.mozilla.org\/it\/kb\/Attivare%20e%20disattivare%20i%20cookie\">Mozilla Firefox<\/a><\/p>\n<p><a href=\"https:\/\/support.apple.com\/kb\/PH19214?viewlocale=it_IT&amp;locale=en_US\">Apple Safari<\/a><\/p>\n<p><a href=\"http:\/\/windows.microsoft.com\/it-it\/windows-vista\/block-or-allow-cookies\">Microsoft Windows Explorer<\/a><\/p>\n<p><a href=\"http:\/\/www.aboutcookies.org\/Default.aspx?page=1\">AboutCookies.org<\/a><\/p>\n<p>\u00cen cazul serviciilor furnizate de ter\u021bi, utilizatorul \u00ee\u0219i poate exercita \u0219i dreptul de a se opune urm\u0103ririi, inform\u00e2ndu-se prin politica de confiden\u021bialitate a ter\u021bului, prin link-ul<em> opt out<\/em> dac\u0103 este furnizat \u00een mod explicit sau contact\u00e2ndu-l direct.<\/p>\n<p>F\u0103r\u0103 a aduce atingere celor de mai sus, v\u0103 inform\u0103m c\u0103 utilizatorul poate folosi <a href=\"http:\/\/www.youronlinechoices.com\/\">Your Own Choices<\/a>. Prin acest serviciu este posibil s\u0103 gestioneze preferin\u021bele de urm\u0103rire ale majorit\u0103\u021bii instrumentelor de publicitate. Prin urmare, utilizatorii sunt sf\u0103tui\u021bi s\u0103 foloseasc\u0103 aceast\u0103 resurs\u0103 \u00een plus fa\u021b\u0103 de informa\u021biile furnizate \u00een acest document.<\/p>\n<p><strong>Drepturi recunoscute<\/strong><\/p>\n<p>Pentru orice informa\u021bie referitoare la drepturile recunoscute utilizatorilor de legisla\u021bia privind protec\u021bia datelor cu caracter personal, v\u0103 rug\u0103m s\u0103 consulta\u021bi \u201ePolitica de confiden\u021bialitate\u201d, disponibil\u0103 la urm\u0103torul <a href=\"https:\/\/focolare.ro\/privacy\/\">link<\/a>.<\/p>\n<p><strong>Operator de date<\/strong><\/p>\n<p>\u201eOperatorul\u201d prelucr\u0103rii datelor este <strong>Asocia\u021bia Opera Preasfintei Maria &#8211; Mi\u0219carea Focolarelor, cu sediul \u00een mun. Bucure\u0219ti, str. M\u0103r\u021bi\u0219or nr. 54C, Sector 4.<\/strong><\/p>\n<p><strong>Responsabilul cu protec\u021bia datelor<\/strong><\/p>\n<p>Responsabilul cu protec\u021bia datelor (RPD) este Mihai Moldoveanu, accesibil la urm\u0103toarea adres\u0103 e-mail: <a href=\"mailto:GDPR@focolare.ro\">GDPR@focolare.ro<\/a><\/p>\n<p>Deoarece instalarea cookie-urilor \u0219i a altor sisteme de urm\u0103rire operate de ter\u021bi prin serviciile utilizate \u00een cadrul acestui spa\u021biu online nu poate fi controlat\u0103 din punct de vedere tehnic de c\u0103tre Proprietar, orice referire specific\u0103 la cookie-uri \u0219i sistemele de urm\u0103rire instalate de ter\u021bi trebuie considerat\u0103 orientativ\u0103. Pentru a ob\u021bine informa\u021bii complete, consulta\u021bi politica de confiden\u021bialitate a oric\u0103ror servicii ter\u021be enumerate \u00een acest document.<\/p>\n<p>Acest document se refer\u0103 la toate spa\u021biile online (site-uri, platforme, instrumente de internet etc.) de\u021binute de Proprietar. Pentru a ob\u021bine informa\u021bii suplimentare cu privire la instrumentele referitoare la un anumit spa\u021biu, utilizatorul este rugat s\u0103 contacteze Operatorul de date la referin\u021bele furnizate \u00een acest document.<\/p>\n<\/div><div class=\"fusion-separator fusion-full-width-sep\" style=\"align-self: center;margin-left: auto;margin-right: auto;margin-top:50px;width:100%;\"><div class=\"fusion-separator-border sep-single\" style=\"--awb-height:20px;--awb-amount:20px;border-color:#e0dede;border-top-width:1px;\"><\/div><\/div><\/div><\/div><\/div><\/div>\n","protected":false},"excerpt":{"rendered":"","protected":false},"author":1,"featured_media":0,"parent":0,"menu_order":0,"comment_status":"closed","ping_status":"closed","template":"100-width.php","meta":{"footnotes":""},"class_list":["post-2993","page","type-page","status-publish","hentry"],"_links":{"self":[{"href":"https:\/\/focolare.ro\/hu\/wp-json\/wp\/v2\/pages\/2993","targetHints":{"allow":["GET"]}}],"collection":[{"href":"https:\/\/focolare.ro\/hu\/wp-json\/wp\/v2\/pages"}],"about":[{"href":"https:\/\/focolare.ro\/hu\/wp-json\/wp\/v2\/types\/page"}],"author":[{"embeddable":true,"href":"https:\/\/focolare.ro\/hu\/wp-json\/wp\/v2\/users\/1"}],"replies":[{"embeddable":true,"href":"https:\/\/focolare.ro\/hu\/wp-json\/wp\/v2\/comments?post=2993"}],"version-history":[{"count":4,"href":"https:\/\/focolare.ro\/hu\/wp-json\/wp\/v2\/pages\/2993\/revisions"}],"predecessor-version":[{"id":4249,"href":"https:\/\/focolare.ro\/hu\/wp-json\/wp\/v2\/pages\/2993\/revisions\/4249"}],"wp:attachment":[{"href":"https:\/\/focolare.ro\/hu\/wp-json\/wp\/v2\/media?parent=2993"}],"curies":[{"name":"wp","href":"https:\/\/api.w.org\/{rel}","templated":true}]}}