{"id":2997,"date":"2021-12-06T19:35:45","date_gmt":"2021-12-06T19:35:45","guid":{"rendered":"https:\/\/focolare.ro\/az-egyseg-kulturaja\/"},"modified":"2024-05-13T12:46:12","modified_gmt":"2024-05-13T09:46:12","slug":"az-egyseg-kulturaja","status":"publish","type":"page","link":"https:\/\/focolare.ro\/hu\/az-egyseg-kulturaja\/","title":{"rendered":"Az egys\u00e9g kult\u00far\u00e1ja"},"content":{"rendered":"<div class=\"fusion-fullwidth fullwidth-box fusion-builder-row-1 fusion-flex-container nonhundred-percent-fullwidth non-hundred-percent-height-scrolling\" style=\"--awb-border-radius-top-left:0px;--awb-border-radius-top-right:0px;--awb-border-radius-bottom-right:0px;--awb-border-radius-bottom-left:0px;--awb-padding-top:60px;--awb-flex-wrap:wrap;\" ><div class=\"fusion-builder-row fusion-row fusion-flex-align-items-flex-start fusion-flex-content-wrap\" style=\"max-width:1216.8px;margin-left: calc(-4% \/ 2 );margin-right: calc(-4% \/ 2 );\"><div class=\"fusion-layout-column fusion_builder_column fusion-builder-column-0 fusion_builder_column_1_1 1_1 fusion-flex-column\" style=\"--awb-bg-size:cover;--awb-width-large:100%;--awb-margin-top-large:0px;--awb-spacing-right-large:1.92%;--awb-margin-bottom-large:20px;--awb-spacing-left-large:1.92%;--awb-width-medium:100%;--awb-order-medium:0;--awb-spacing-right-medium:1.92%;--awb-spacing-left-medium:1.92%;--awb-width-small:100%;--awb-order-small:0;--awb-spacing-right-small:1.92%;--awb-spacing-left-small:1.92%;\"><div class=\"fusion-column-wrapper fusion-column-has-shadow fusion-flex-justify-content-flex-start fusion-content-layout-column\"><div class=\"fusion-text fusion-text-1\" style=\"--awb-text-transform:none;\"><p>Az egys\u00e9g lelkis\u00e9g\u00e9nek jellemz\u0151je a k\u00f6lcs\u00f6n\u00f6ss\u00e9gben meg\u00e9lt p\u00e1rb\u00e9sz\u00e9d a k\u00falt\u00far\u00e1k k\u00f6z\u00f6tt, annak k\u00fcl\u00f6nf\u00e9le kifejez\u0151d\u00e9seiben, a tudom\u00e1nyokban.<\/p>\n<p><strong>M\u0171v\u00e9szet \u2013 Nevel\u00e9s \u2013 Gazdas\u00e1g \u2013 Orvostudom\u00e1ny \u2013 Jog \u2013 \u00d6kol\u00f3gia \u2013 Politika \u2013 Kommunik\u00e1ci\u00f3 \u2013 Szociol\u00f3gia \u2013 Sport \u2013 Pszichol\u00f3gia \u2013 \u00c9p\u00edt\u00e9szet<\/strong><\/p>\n<\/div><\/div><\/div><div class=\"fusion-layout-column fusion_builder_column fusion-builder-column-1 fusion_builder_column_1_1 1_1 fusion-flex-column\" style=\"--awb-bg-size:cover;--awb-width-large:100%;--awb-margin-top-large:0px;--awb-spacing-right-large:1.92%;--awb-margin-bottom-large:20px;--awb-spacing-left-large:1.92%;--awb-width-medium:100%;--awb-order-medium:0;--awb-spacing-right-medium:1.92%;--awb-spacing-left-medium:1.92%;--awb-width-small:100%;--awb-order-small:0;--awb-spacing-right-small:1.92%;--awb-spacing-left-small:1.92%;\"><div class=\"fusion-column-wrapper fusion-column-has-shadow fusion-flex-justify-content-flex-start fusion-content-layout-column\"><div class=\"fusion-text fusion-text-2\" style=\"--awb-text-transform:none;\"><p>A Gen Verde Nemzetk\u00f6zi El\u0151ad\u00f3m\u0171v\u00e9szeti Egy\u00fcttes 14 orsz\u00e1g 19 m\u0171v\u00e9sz\u00e9b\u0151l \u00e1ll. Nyilv\u00e1nval\u00f3 teh\u00e1t, hogy ennek a csoportnak az er\u0151ss\u00e9ge a nemzetk\u00f6zis\u00e9g \u00e9s a kultur\u00e1lis gazdags\u00e1g, olyan jellegzetess\u00e9gek, amelyek eredetis\u00e9get k\u00f6lcs\u00f6n\u00f6znek zen\u00e9j\u00fcknek. A Gen Verde egy\u00fcttes c\u00e9lja, hogy hangot adjon a kor ember\u00e9nek, a n\u00e9pek \u00e9s az emberis\u00e9g t\u00f6rt\u00e9nelm\u00e9nek, amely megker\u00fclhetetlen\u00fcl halad a testv\u00e9ris\u00e9g fel\u00e9.<\/p>\n<\/div><\/div><\/div><div class=\"fusion-layout-column fusion_builder_column fusion-builder-column-2 fusion_builder_column_1_1 1_1 fusion-flex-column\" style=\"--awb-bg-size:cover;--awb-width-large:100%;--awb-margin-top-large:0px;--awb-spacing-right-large:1.92%;--awb-margin-bottom-large:20px;--awb-spacing-left-large:1.92%;--awb-width-medium:100%;--awb-order-medium:0;--awb-spacing-right-medium:1.92%;--awb-spacing-left-medium:1.92%;--awb-width-small:100%;--awb-order-small:0;--awb-spacing-right-small:1.92%;--awb-spacing-left-small:1.92%;\"><div class=\"fusion-column-wrapper fusion-column-has-shadow fusion-flex-justify-content-flex-start fusion-content-layout-column\"><div class=\"fusion-text fusion-text-3\" style=\"--awb-text-transform:none;\"><p>Az egy\u00fcttes 1966-ban sz\u00fcletett a Firenze melletti Loppiano nev\u0171 v\u00e1rosk\u00e1ban. Loppiano, a kereszt\u00e9ny\u00e9let \u00e9rt\u00e9keire \u00e9p\u00fcl\u0151 multikultur\u00e1lis k\u00f6zpont, ahol 850 lakos \u00e9l, akik a vil\u00e1g 65 orsz\u00e1g\u00e1b\u00f3l \u00e9rkeztek. Eredetis\u00e9g\u00e9nek k\u00f6sz\u00f6nhet\u0151en Loppiano mindig is vonzer\u0151t jelentett t\u00f6bb ezer ember sz\u00e1m\u00e1ra szerte a vil\u00e1gon.<\/p>\n<p>Chiara Lubich (UNESCO D\u00edj A b\u00e9k\u00e9re nevel\u00e9s) a sok l\u00e1togat\u00f3 fogad\u00e1s\u00e1ra aj\u00e1nd\u00e9kozott egy git\u00e1rt \u00e9s egy piros dobot a kisv\u00e1ros fiataljainak. E dob sz\u00edn\u00e9r\u0151l kapta nev\u00e9t az egy\u00fcttes: Gen = \u00faj nemzed\u00e9k, ill. verde = z\u00f6ld. Sz\u00e1nd\u00e9kuk az volt, hogy egy igazs\u00e1gos, b\u00e9k\u00e9s, \u00e9lhet\u0151 vil\u00e1g \u00e9p\u00edt\u00e9s\u00e9\u00e9rt tev\u00e9kenykedjenek.<\/p>\n<p>Ezek az ifj\u00fas\u00e1gi tiltakoz\u00e1sok, a pacifizmus, a Beat-gener\u00e1ci\u00f3 \u00e9vei voltak, \u00e9s a &#8222;GEN&#8221; n\u00e9v t\u00f6k\u00e9letesen illeszkedett abba az \u00fajdons\u00e1ghull\u00e1mba, amely ezt az id\u0151szakot jellemezte. A Gen Rosso egy\u00fcttes eredetis\u00e9ge a m\u0171v\u00e9szi \u00e9s kultur\u00e1lis gazdags\u00e1g\u00e1b\u00f3l, tagjainak nemzetk\u00f6zis\u00e9g\u00e9b\u0151l fakad, valamint mindegyik\u00fck szem\u00e9lyes elk\u00f6telezetts\u00e9g\u00e9b\u0151l, hogy a mindennapi \u00e9letben megval\u00f3s\u00edts\u00e1k azokat az \u00e9rt\u00e9keket, amelyekben hisznek. N\u00e9h\u00e1ny hangszer, n\u00e9h\u00e1ny er\u0151s\u00edt\u0151 \u00e9s sok lelkesed\u00e9s&#8230; ez jellemzi \u0151ket ma is.<\/p>\n<\/div><\/div><\/div><div class=\"fusion-layout-column fusion_builder_column fusion-builder-column-3 fusion_builder_column_1_1 1_1 fusion-flex-column\" style=\"--awb-bg-size:cover;--awb-width-large:100%;--awb-margin-top-large:0px;--awb-spacing-right-large:1.92%;--awb-margin-bottom-large:20px;--awb-spacing-left-large:1.92%;--awb-width-medium:100%;--awb-order-medium:0;--awb-spacing-right-medium:1.92%;--awb-spacing-left-medium:1.92%;--awb-width-small:100%;--awb-order-small:0;--awb-spacing-right-small:1.92%;--awb-spacing-left-small:1.92%;\"><div class=\"fusion-column-wrapper fusion-column-has-shadow fusion-flex-justify-content-flex-start fusion-content-layout-column\"><div class=\"fusion-text fusion-text-4\" style=\"--awb-text-transform:none;\"><h3>V\u00e1rosk\u00e1k<\/h3>\n<p>Kisv\u00e1rosok v\u00e1llalkoz\u00e1sokkal, iskol\u00e1kkal, ima- \u00e9s tal\u00e1lkoz\u00f3helyekkel.<\/p>\n<p>K\u00fcl\u00f6nb\u00f6z\u0151 n\u00e9pekb\u0151l \u00e9s kult\u00far\u00e1kb\u00f3l sz\u00e1rmaz\u00f3 emberek tal\u00e1lkoznak, hogy egyetemes testv\u00e9ris\u00e9g megval\u00f3s\u00edt\u00e1s\u00e1n dolgozzanak.<\/p>\n<\/div><\/div><\/div><div class=\"fusion-layout-column fusion_builder_column fusion-builder-column-4 fusion_builder_column_1_1 1_1 fusion-flex-column\" style=\"--awb-bg-size:cover;--awb-width-large:100%;--awb-margin-top-large:0px;--awb-spacing-right-large:1.92%;--awb-margin-bottom-large:20px;--awb-spacing-left-large:1.92%;--awb-width-medium:100%;--awb-order-medium:0;--awb-spacing-right-medium:1.92%;--awb-spacing-left-medium:1.92%;--awb-width-small:100%;--awb-order-small:0;--awb-spacing-right-small:1.92%;--awb-spacing-left-small:1.92%;\"><div class=\"fusion-column-wrapper fusion-column-has-shadow fusion-flex-justify-content-flex-start fusion-content-layout-column\"><div class=\"fusion-text fusion-text-5\" style=\"--awb-text-transform:none;\"><h3>Civil szervezetek, humanit\u00e1rius \u00e9s szolidarit\u00e1si projektek<\/h3>\n<p>A Fokol\u00e1r Mozgalom lelkis\u00e9ge \u00e1ltal ihletett vil\u00e1gszervezet konzultat\u00edv st\u00e1tusszal rendelkezik az Egyes\u00fclt Nemzetek Gazdas\u00e1gi \u00e9s Szoci\u00e1lis Tan\u00e1cs\u00e1ban (ECOSOC), \u00e9s az UNESCO hivatalos partnere.<\/p>\n<p>Kultur\u00e1lis \u00e9s oktat\u00e1si kezdem\u00e9nyez\u00e9sekkel, valamint befogad\u00e1si \u00e9s fejleszt\u00e9si projektekkel t\u00e1mogatja a h\u00e1tr\u00e1nyos helyzet\u0171 csal\u00e1dokat \u00e9s gyermekeket a vil\u00e1g mintegy 50 orsz\u00e1g\u00e1ban.<\/p>\n<p>Civil szervezetei Olaszorsz\u00e1gban \u00e9s szerte a vil\u00e1gon olyan egy\u00fcttm\u0171k\u00f6d\u00e9si projekteken dolgoznak, amelyek a k\u00f6z\u00f6ss\u00e9gfejleszt\u00e9sre ir\u00e1nyulnak, ahol az ember van a k\u00f6z\u00e9ppontba.<\/p>\n<\/div><div class=\"fusion-separator fusion-full-width-sep\" style=\"align-self: center;margin-left: auto;margin-right: auto;margin-top:50px;width:100%;\"><div class=\"fusion-separator-border sep-single\" style=\"--awb-height:20px;--awb-amount:20px;border-color:#e0dede;border-top-width:1px;\"><\/div><\/div><\/div><\/div><\/div><\/div>\n","protected":false},"excerpt":{"rendered":"","protected":false},"author":1,"featured_media":0,"parent":0,"menu_order":0,"comment_status":"closed","ping_status":"closed","template":"100-width.php","meta":{"footnotes":""},"class_list":["post-2997","page","type-page","status-publish","hentry"],"_links":{"self":[{"href":"https:\/\/focolare.ro\/hu\/wp-json\/wp\/v2\/pages\/2997","targetHints":{"allow":["GET"]}}],"collection":[{"href":"https:\/\/focolare.ro\/hu\/wp-json\/wp\/v2\/pages"}],"about":[{"href":"https:\/\/focolare.ro\/hu\/wp-json\/wp\/v2\/types\/page"}],"author":[{"embeddable":true,"href":"https:\/\/focolare.ro\/hu\/wp-json\/wp\/v2\/users\/1"}],"replies":[{"embeddable":true,"href":"https:\/\/focolare.ro\/hu\/wp-json\/wp\/v2\/comments?post=2997"}],"version-history":[{"count":14,"href":"https:\/\/focolare.ro\/hu\/wp-json\/wp\/v2\/pages\/2997\/revisions"}],"predecessor-version":[{"id":4852,"href":"https:\/\/focolare.ro\/hu\/wp-json\/wp\/v2\/pages\/2997\/revisions\/4852"}],"wp:attachment":[{"href":"https:\/\/focolare.ro\/hu\/wp-json\/wp\/v2\/media?parent=2997"}],"curies":[{"name":"wp","href":"https:\/\/api.w.org\/{rel}","templated":true}]}}