{"id":3192,"date":"2022-04-03T14:22:54","date_gmt":"2022-04-03T11:22:54","guid":{"rendered":"https:\/\/focolare.ro\/az-elet-igeje\/az-elet-igeje-2022\/2022-december\/"},"modified":"2024-04-26T18:45:06","modified_gmt":"2024-04-26T15:45:06","slug":"2022-december","status":"publish","type":"page","link":"https:\/\/focolare.ro\/hu\/az-elet-igeje\/az-elet-igeje-2022\/2022-december\/","title":{"rendered":"2022. December"},"content":{"rendered":"<p><div class=\"fusion-fullwidth fullwidth-box fusion-builder-row-1 fusion-flex-container has-pattern-background has-mask-background fusion-parallax-none nonhundred-percent-fullwidth non-hundred-percent-height-scrolling lazyload\" style=\"--awb-border-radius-top-left:0px;--awb-border-radius-top-right:0px;--awb-border-radius-bottom-right:0px;--awb-border-radius-bottom-left:0px;--awb-background-color:var(--awb-custom14);--awb-background-size:cover;--awb-flex-wrap:wrap;\" data-bg=\"https:\/\/focolare.ro\/wp-content\/uploads\/2022\/12\/CV-12-2022.jpg\" ><div class=\"fusion-builder-row fusion-row fusion-flex-align-items-flex-start fusion-flex-content-wrap\" style=\"max-width:1216.8px;margin-left: calc(-4% \/ 2 );margin-right: calc(-4% \/ 2 );\"><div class=\"fusion-layout-column fusion_builder_column fusion-builder-column-0 fusion_builder_column_1_1 1_1 fusion-flex-column\" style=\"--awb-bg-size:cover;--awb-width-large:100%;--awb-margin-top-large:0px;--awb-spacing-right-large:1.92%;--awb-margin-bottom-large:20px;--awb-spacing-left-large:1.92%;--awb-width-medium:100%;--awb-order-medium:0;--awb-spacing-right-medium:1.92%;--awb-spacing-left-medium:1.92%;--awb-width-small:100%;--awb-order-small:0;--awb-spacing-right-small:1.92%;--awb-spacing-left-small:1.92%;\"><div class=\"fusion-column-wrapper fusion-column-has-shadow fusion-flex-justify-content-flex-start fusion-content-layout-column\"><div class=\"fusion-separator fusion-full-width-sep\" style=\"align-self: center;margin-left: auto;margin-right: auto;margin-bottom:200px;width:100%;\"><\/div><div class=\"fusion-title title fusion-title-1 fusion-sep-none fusion-title-text fusion-title-size-two\" style=\"--awb-text-color:var(--awb-color1);\"><h2 class=\"fusion-title-heading title-heading-left\" style=\"margin:0;\">2022. December<\/h2><\/div><\/div><\/div><\/div><\/div><div class=\"fusion-fullwidth fullwidth-box fusion-builder-row-2 fusion-flex-container nonhundred-percent-fullwidth non-hundred-percent-height-scrolling\" style=\"--awb-border-radius-top-left:0px;--awb-border-radius-top-right:0px;--awb-border-radius-bottom-right:0px;--awb-border-radius-bottom-left:0px;--awb-background-color:var(--awb-color1);--awb-flex-wrap:wrap;\" ><div class=\"fusion-builder-row fusion-row fusion-flex-align-items-flex-start fusion-flex-content-wrap\" style=\"max-width:1216.8px;margin-left: calc(-4% \/ 2 );margin-right: calc(-4% \/ 2 );\"><div class=\"fusion-layout-column fusion_builder_column fusion-builder-column-1 fusion_builder_column_1_1 1_1 fusion-flex-column\" style=\"--awb-bg-size:cover;--awb-width-large:100%;--awb-margin-top-large:0px;--awb-spacing-right-large:1.92%;--awb-margin-bottom-large:20px;--awb-spacing-left-large:1.92%;--awb-width-medium:100%;--awb-order-medium:0;--awb-spacing-right-medium:1.92%;--awb-spacing-left-medium:1.92%;--awb-width-small:100%;--awb-order-small:0;--awb-spacing-right-small:1.92%;--awb-spacing-left-small:1.92%;\"><div class=\"fusion-column-wrapper fusion-column-has-shadow fusion-flex-justify-content-flex-start fusion-content-layout-column\"><div class=\"fusion-separator fusion-full-width-sep\" style=\"align-self: center;margin-left: auto;margin-right: auto;margin-bottom:100px;width:100%;\"><\/div><\/div><\/div><\/div><\/div><div class=\"fusion-fullwidth fullwidth-box fusion-builder-row-3 fusion-flex-container nonhundred-percent-fullwidth non-hundred-percent-height-scrolling\" style=\"--awb-border-radius-top-left:0px;--awb-border-radius-top-right:0px;--awb-border-radius-bottom-right:0px;--awb-border-radius-bottom-left:0px;--awb-flex-wrap:wrap;\" ><div class=\"fusion-builder-row fusion-row fusion-flex-align-items-flex-start fusion-flex-content-wrap\" style=\"max-width:1216.8px;margin-left: calc(-4% \/ 2 );margin-right: calc(-4% \/ 2 );\"><div class=\"fusion-layout-column fusion_builder_column fusion-builder-column-2 fusion_builder_column_2_3 2_3 fusion-flex-column\" style=\"--awb-bg-size:cover;--awb-width-large:66.666666666667%;--awb-margin-top-large:0px;--awb-spacing-right-large:2.88%;--awb-margin-bottom-large:20px;--awb-spacing-left-large:2.88%;--awb-width-medium:100%;--awb-order-medium:0;--awb-spacing-right-medium:1.92%;--awb-spacing-left-medium:1.92%;--awb-width-small:100%;--awb-order-small:0;--awb-spacing-right-small:1.92%;--awb-spacing-left-small:1.92%;\"><div class=\"fusion-column-wrapper fusion-column-has-shadow fusion-flex-justify-content-flex-start fusion-content-layout-column\"><div class=\"fusion-text fusion-text-1\" style=\"--awb-text-transform:none;\"><h3><strong>2022. December<\/strong><\/h3>\n<p><strong>\u201eB\u00edzzatok az \u00darban \u00f6r\u00f6kk\u00f6n-\u00f6r\u00f6kk\u00e9, mert az \u00dar \u00f6r\u00f6k K\u0151szikla\u201d (<em>Iz<\/em> 26,4)<\/strong><\/p>\n<p>Az \u00e9let ig\u00e9je, amelyet ebben a h\u00f3napban szeretn\u00e9nk \u00e9lni, Izaj\u00e1s pr\u00f3f\u00e9ta k\u00f6nyv\u00e9b\u0151l val\u00f3. Sok mindenre kiterjed ez a sz\u00f6veg, \u00e9s nagyon kedvelt a kereszt\u00e9ny hagyom\u00e1nyban is. El\u0151szeretettel olvassuk p\u00e9ld\u00e1ul az Emm\u00e1nuelr\u0151l sz\u00f3l\u00f3 r\u00e9szt, \u201evel\u00fcnk az Isten\u201d <a href=\"#_ftn1\" name=\"_ftnref1\">[1]<\/a> , \u00e9s a szenved\u0151 Szolga <a href=\"#_ftn2\" name=\"_ftnref2\">[2]<\/a> le\u00edr\u00e1sa is itt szerepel, amely megalapozza J\u00e9zus szenved\u00e9s\u00e9nek \u00e9s hal\u00e1l\u00e1nak elbesz\u00e9l\u00e9s\u00e9t.<\/p>\n<p>Ez az igevers egy h\u00e1la\u00e9neknek a r\u00e9sze, amelyet a pr\u00f3f\u00e9ta Izrael n\u00e9p\u00e9nek ajk\u00e1ra ad, amikor a sz\u00e1m\u0171zet\u00e9s rettenetes pr\u00f3bat\u00e9tele ut\u00e1n v\u00e9gre visszat\u00e9rhetnek Jeruzs\u00e1lembe. E szavak rem\u00e9nyt \u00e9bresztenek a sz\u00edv\u00fcnkben, mert Isten h\u0171s\u00e9g\u00e9vel v\u00e9gig jelen van Izrael mellett, mint a rend\u00edthetetlen K\u0151szikla. A n\u00e9p minden er\u0151fesz\u00edt\u00e9s\u00e9t \u0150 maga t\u00e1mogatja a t\u00e1rsadalmi, politikai \u00e9s vall\u00e1si \u00fajra\u00e9p\u00edt\u00e9sben.<\/p>\n<p>A \u201ek\u00e9rked\u0151\u201d v\u00e1rost porba s\u00fajtja <a href=\"#_ftn3\" name=\"_ftnref3\">[3]<\/a>, mert nem Isten szeretet\u00e9nek terve szerint \u00e9p\u00fclt, viszont az \u0151 szeretetterve szerinti, \u00e9s jelenl\u00e9t\u00e9nek szikl\u00e1j\u00e1ra \u00e9p\u00fclt v\u00e1ros b\u00e9k\u00e9ben \u00e9l \u00e9s vir\u00e1gzik.<\/p>\n<p><strong>\u201eB\u00edzzatok az \u00darban \u00f6r\u00f6kk\u00f6n-\u00f6r\u00f6kk\u00e9, mert az \u00dar \u00f6r\u00f6k K\u0151szikla\u201d<\/strong><\/p>\n<p>Mennyire igaz napjainkban is, hogy b\u00e9k\u00e9re \u00e9s biztons\u00e1gra van sz\u00fcks\u00e9g\u00fcnk! Szem\u00e9lyesen \u00e9s k\u00f6z\u00f6ss\u00e9gileg is a t\u00f6rt\u00e9nelem s\u00f6t\u00e9t pillanatait \u00e9lj\u00fck, szinte \u00f6sszeroskadunk a bizonytalans\u00e1g \u00e9s a j\u00f6v\u0151t\u0151l val\u00f3 f\u00e9lelem s\u00falya alatt.<\/p>\n<p>Mit tegy\u00fcnk, hogy legy\u0151zz\u00fck a k\u00eds\u00e9rt\u00e9st, \u00e9s ne hagyjuk, hogy a jelen neh\u00e9zs\u00e9gei let\u00f6rjenek, \u00e9s magunkba fordulva gyanakv\u00e1st \u00e9s bizalmatlans\u00e1got t\u00e1pl\u00e1ljunk m\u00e1sok ir\u00e1nt?<\/p>\n<p>Kereszt\u00e9nyk\u00e9nt a v\u00e1laszunk, hogy mindenekel\u0151tt \u201e\u00fajra\u00e9p\u00edtj\u00fck\u201d a bizalomteli kapcsolatot Istennel, aki J\u00e9zusban t\u00e1rsunk lett az \u00e9let \u00fatj\u00e1n, legyen az b\u00e1rmilyen s\u00f6t\u00e9t, sz\u0171k, f\u00e1rads\u00e1gos vagy meredek.<\/p>\n<p>De ez a hit nem jelenti azt, hogy t\u00e9tlen\u00fcl v\u00e1rakozunk. S\u0151t, ink\u00e1bb azt k\u00e9ri, hogy l\u00e1ssunk neki, v\u00e1llaljunk f\u0151szerepet az \u201e\u00faj v\u00e1ros\u201d \u00e9p\u00edt\u00e9s\u00e9ben, legy\u00fcnk \u00f6tletekkel teli felel\u0151s \u00e9p\u00edt\u0151i a v\u00e1rosnak, melynek t\u00f6rv\u00e9nye a k\u00f6lcs\u00f6n\u00f6s szeretet, \u00e9s kapui nyitva \u00e1llnak mindenki, de f\u0151leg a \u201eszeg\u00e9nyek \u00e9s a sz\u0171k\u00f6lk\u00f6d\u0151k\u201d<a href=\"#_ftn4\" name=\"_ftnref4\">[4]<\/a> el\u0151tt, akik mindig is kedvesek voltak az \u00dar el\u0151tt.<\/p>\n<p>Ezen az \u00faton biztos, hogy sokan mell\u00e9nk szeg\u0151dnek, akik sz\u00edv\u00fck\u00f6n viselik az egyetemes \u00e9rt\u00e9kek \u00fcgy\u00e9t, \u00e9s fontos sz\u00e1mukra a szolidarit\u00e1s, az emberi m\u00e9lt\u00f3s\u00e1g \u00e9s \u201ek\u00f6z\u00f6s otthonunk\u201d, a teremtett vil\u00e1g v\u00e9delme.<\/p>\n<p><strong>\u201eB\u00edzzatok az \u00darban \u00f6r\u00f6kk\u00f6n-\u00f6r\u00f6kk\u00e9, mert az \u00dar \u00f6r\u00f6k K\u0151szikla\u201d<\/strong><\/p>\n<p>Egy spanyol faluban, Aljucerben egy eg\u00e9sz k\u00f6z\u00f6ss\u00e9g hat\u00e1rozta el, hogy testv\u00e9ri kapcsolatokat \u00e9p\u00edt a r\u00e9szv\u00e9tel ny\u00edlt \u00e9s befogad\u00f3 form\u00e1in kereszt\u00fcl.<\/p>\n<p>\u00cdgy mes\u00e9lnek: \u201e2008 nyar\u00e1n alap\u00edtottunk egy kultur\u00e1lis egyes\u00fcletet. Saj\u00e1t kezdem\u00e9nyez\u00e9sk\u00e9nt, \u00e9s a k\u00f6rny\u00e9k m\u00e1s szervezeteivel egy\u00fcttm\u0171k\u00f6dve is t\u00f6bb tev\u00e9kenys\u00e9get ind\u00edtottunk be, hogy teret adjunk a p\u00e1rbesz\u00e9dnek, \u00e9s nemzetk\u00f6zi humanit\u00e1rius seg\u00edts\u00e9get ny\u00fajtsunk.<\/p>\n<p>M\u00e1r az els\u0151 \u00e9vt\u0151l kezdve rendezt\u00fcnk szolidarit\u00e1si vacsor\u00e1kat a <em>Fraternity with Africa<\/em> projekt keret\u00e9ben, \u00e9s ebb\u0151l olyan afrikai fiataloknak tudtunk \u00f6szt\u00f6nd\u00edjat biztos\u00edtani, akik v\u00e1llalt\u00e1k, hogy legal\u00e1bb \u00f6t \u00e9vig a saj\u00e1t haz\u00e1jukban maradnak. Mintegy k\u00e9tsz\u00e1zan szoktak r\u00e9szt venni ezeken a vacsor\u00e1kon, melyeket \u00fczletemberek \u00e9s k\u00fcl\u00f6nb\u00f6z\u0151 szervezetek egy\u00fcttm\u0171k\u00f6d\u00e9s\u00e9vel rendez\u00fcnk.<\/p>\n<p>Nagy \u00f6r\u00f6m\u00fcnkre szolg\u00e1l, hogy \u00e9vek \u00f3ta egy\u00fctt dolgozunk egy m\u00e1sik szervezettel. Vel\u00fck \u00e9vente szervez\u00fcnk egy nagy esem\u00e9nyt, amelyen a kultur\u00e1lis \u00e9let jeles szem\u00e9lyis\u00e9gei is r\u00e9szt vesznek, zen\u00e9szek, fest\u0151k \u00e9s m\u00e1s m\u0171v\u00e9szek, valamint politikusok, v\u00e1llalkoz\u00f3k \u00e9s orvosok is. J\u00f3 lehet\u0151s\u00e9g ez, hogy megossz\u00e1k tapasztalataikat, \u00e9s besz\u00e9lhessenek a d\u00f6nt\u00e9seik m\u00e9lyebb okair\u00f3l.\u201d <a href=\"#_ftn5\" name=\"_ftnref5\">[5]<\/a>.<\/p>\n<p><strong>\u201eB\u00edzzatok az \u00darban \u00f6r\u00f6kk\u00f6n-\u00f6r\u00f6kk\u00e9, mert az \u00dar \u00f6r\u00f6k K\u0151szikla\u201d<\/strong><\/p>\n<p>Kar\u00e1csonyi v\u00e1rakoz\u00e1sban \u00e9l\u00fcnk. K\u00e9sz\u00fclj\u00fcnk azzal, hogy m\u00e1r most befogadjuk J\u00e9zust az ig\u00e9j\u00e9ben.<\/p>\n<p>Ez az a k\u0151szikla, amelyre az emberek v\u00e1ros\u00e1t is \u00e9p\u00edthetj\u00fck: \u201eTestes\u00edts\u00fck meg, tegy\u00fck magunk\u00e9v\u00e1, \u00e9s tapasztaljuk meg, hogy micsoda \u00e9leter\u0151 \u00e1rad szavaib\u00f3l magunk \u00e9s k\u00f6rnyezet\u00fcnk sz\u00e1m\u00e1ra, ha meg\u00e9lj\u00fck \u0151ket! Szeress\u00fcnk bele az evang\u00e9liumba, annyira, hogy \u00f6nmag\u00e1v\u00e1 form\u00e1lhasson minket, \u00e9s m\u00e1sokat is meg\u00e9rintsen! [\u2026] M\u00e1r nem mi \u00e9l\u00fcnk t\u00f6bb\u00e9, hanem Krisztus fog n\u00f6vekedni benn\u00fcnk. Megtapasztaljuk, hogy szabadd\u00e1 v\u00e1lunk \u00f6nmagunkt\u00f3l, a korl\u00e1tainkt\u00f3l, a rabl\u00e1ncainkt\u00f3l. R\u00e1ad\u00e1sk\u00e9nt megl\u00e1tjuk azt a szeretet-forradalmat, amelyet a minket k\u00f6r\u00fclvev\u0151 t\u00e1rsadalmi k\u00f6rnyezetben a benn\u00fcnk szabadon \u00e9l\u0151 J\u00e9zus fog kirobbantani.\u201d <a href=\"#_ftn6\" name=\"_ftnref6\">[6]<\/a>.<\/p>\n<p><em>Letizia Magri<\/em><\/p>\n<p><a href=\"#_ftnref1\" name=\"_ftn1\">[1]<\/a> v\u00f6. <em>Iz<\/em> 7,14 \u00e9s <em>Mt<\/em> 1,23<\/p>\n<p><a href=\"#_ftnref2\" name=\"_ftn2\">[2]<\/a> v\u00f6. <em>Iz<\/em> 52,13-53,12<\/p>\n<p><a href=\"#_ftnref3\" name=\"_ftn3\">[3]<\/a> v\u00f6. <em>Iz<\/em> 26,5<\/p>\n<p><a href=\"#_ftnref4\" name=\"_ftn4\">[4]<\/a> v\u00f6. <em>Iz<\/em> 26,6<\/p>\n<p><a href=\"#_ftnref5\" name=\"_ftn5\">[5]<\/a> Tapasztalat: www.focolare.org<\/p>\n<p><a href=\"#_ftnref6\" name=\"_ftn6\">[6]<\/a> C. Lubich, <em>Az \u00e9let ig\u00e9je<\/em> 2006. szeptember, \u00daj V\u00e1ros, 2006\/9<\/p>\n<p><a href=\"#_ftnref1\" name=\"_ftn1\"><\/a><a href=\"#_ftnref5\" name=\"_ftn5\"><\/a><\/p>\n<\/div><\/div><\/div><div class=\"fusion-layout-column fusion_builder_column fusion-builder-column-3 fusion_builder_column_1_3 1_3 fusion-flex-column\" style=\"--awb-padding-top:30px;--awb-padding-right:30px;--awb-padding-bottom:10px;--awb-padding-left:30px;--awb-bg-color:var(--awb-custom13);--awb-bg-color-hover:var(--awb-custom13);--awb-bg-size:cover;--awb-width-large:33.333333333333%;--awb-margin-top-large:0px;--awb-spacing-right-large:5.76%;--awb-margin-bottom-large:20px;--awb-spacing-left-large:5.76%;--awb-width-medium:100%;--awb-order-medium:0;--awb-spacing-right-medium:1.92%;--awb-spacing-left-medium:1.92%;--awb-width-small:100%;--awb-order-small:0;--awb-spacing-right-small:1.92%;--awb-spacing-left-small:1.92%;\"><div class=\"fusion-column-wrapper fusion-column-has-shadow fusion-flex-justify-content-flex-start fusion-content-layout-column\"><div class=\"fusion-title title fusion-title-2 fusion-sep-none fusion-title-center fusion-title-text fusion-title-size-four\"><h4 class=\"fusion-title-heading title-heading-center\" style=\"margin:0;\">T\u00f6ltsd le PDF form\u00e1tumban<\/h4><\/div><div style=\"text-align:center;\"><a class=\"fusion-button button-flat fusion-button-default-size button-default fusion-button-default button-1 fusion-button-span-yes fusion-button-default-type\" style=\"--button_margin-bottom:20px;\" target=\"_blank\" rel=\"noopener noreferrer\" href=\"https:\/\/focolare.ro\/wp-content\/uploads\/2022\/11\/CV-12-2022-RO-A5.pdf\"><span class=\"fusion-button-icon-divider button-icon-divider-left\"><i class=\"fa-file-pdf fas awb-button__icon awb-button__icon--default\" aria-hidden=\"true\"><\/i><\/span><span class=\"fusion-button-text awb-button__text awb-button__text--default fusion-button-text-left\">Feln\u0151ttek r\u00e9sz\u00e9re<\/span><\/a><\/div><div style=\"text-align:center;\"><a class=\"fusion-button button-flat fusion-button-default-size button-default fusion-button-default button-2 fusion-button-span-yes fusion-button-default-type\" style=\"--button_margin-bottom:20px;\" target=\"_blank\" rel=\"noopener noreferrer\" href=\"https:\/\/focolare.ro\/wp-content\/uploads\/2022\/11\/CV-12-2022_tineri.pdf\"><span class=\"fusion-button-icon-divider button-icon-divider-left\"><i class=\"fa-file-pdf fas awb-button__icon awb-button__icon--default\" aria-hidden=\"true\"><\/i><\/span><span class=\"fusion-button-text awb-button__text awb-button__text--default fusion-button-text-left\">Fiataloknak<\/span><\/a><\/div><div style=\"text-align:center;\"><a class=\"fusion-button button-flat fusion-button-default-size button-default fusion-button-default button-3 fusion-button-span-yes fusion-button-default-type\" style=\"--button_margin-bottom:20px;\" target=\"_blank\" rel=\"noopener noreferrer\" href=\"https:\/\/focolare.ro\/wp-content\/uploads\/2022\/11\/CV-12-2022_copii-C.pdf\"><span class=\"fusion-button-icon-divider button-icon-divider-left\"><i class=\"fa-file-pdf fas awb-button__icon awb-button__icon--default\" aria-hidden=\"true\"><\/i><\/span><span class=\"fusion-button-text awb-button__text awb-button__text--default fusion-button-text-left\">Gyerekeknek sz\u00ednes v\u00e1ltozat<\/span><\/a><\/div><div style=\"text-align:center;\"><a class=\"fusion-button button-flat fusion-button-default-size button-default fusion-button-default button-4 fusion-button-span-yes fusion-button-default-type\" style=\"--button_margin-bottom:20px;\" target=\"_blank\" rel=\"noopener noreferrer\" href=\"https:\/\/focolare.ro\/wp-content\/uploads\/2022\/11\/CV-12-2022_copii-AN.pdf\"><span class=\"fusion-button-icon-divider button-icon-divider-left\"><i class=\"fa-file-pdf fas awb-button__icon awb-button__icon--default\" aria-hidden=\"true\"><\/i><\/span><span class=\"fusion-button-text awb-button__text awb-button__text--default fusion-button-text-left\">Gyerekeknek kifest\u0151<\/span><\/a><\/div><\/div><\/div><\/div><\/div><div class=\"fusion-fullwidth fullwidth-box fusion-builder-row-4 fusion-flex-container nonhundred-percent-fullwidth non-hundred-percent-height-scrolling\" style=\"--awb-border-sizes-bottom:3px;--awb-border-color:var(--awb-color5);--awb-border-radius-top-left:0px;--awb-border-radius-top-right:0px;--awb-border-radius-bottom-right:0px;--awb-border-radius-bottom-left:0px;--awb-flex-wrap:wrap;\" ><div class=\"fusion-builder-row fusion-row fusion-flex-align-items-flex-start fusion-flex-content-wrap\" style=\"max-width:1216.8px;margin-left: calc(-4% \/ 2 );margin-right: calc(-4% \/ 2 );\"><\/div><\/div><\/p>\n","protected":false},"excerpt":{"rendered":"","protected":false},"author":9,"featured_media":0,"parent":2826,"menu_order":0,"comment_status":"closed","ping_status":"closed","template":"100-width.php","meta":{"footnotes":""},"class_list":["post-3192","page","type-page","status-publish","hentry"],"_links":{"self":[{"href":"https:\/\/focolare.ro\/hu\/wp-json\/wp\/v2\/pages\/3192","targetHints":{"allow":["GET"]}}],"collection":[{"href":"https:\/\/focolare.ro\/hu\/wp-json\/wp\/v2\/pages"}],"about":[{"href":"https:\/\/focolare.ro\/hu\/wp-json\/wp\/v2\/types\/page"}],"author":[{"embeddable":true,"href":"https:\/\/focolare.ro\/hu\/wp-json\/wp\/v2\/users\/9"}],"replies":[{"embeddable":true,"href":"https:\/\/focolare.ro\/hu\/wp-json\/wp\/v2\/comments?post=3192"}],"version-history":[{"count":7,"href":"https:\/\/focolare.ro\/hu\/wp-json\/wp\/v2\/pages\/3192\/revisions"}],"predecessor-version":[{"id":4394,"href":"https:\/\/focolare.ro\/hu\/wp-json\/wp\/v2\/pages\/3192\/revisions\/4394"}],"up":[{"embeddable":true,"href":"https:\/\/focolare.ro\/hu\/wp-json\/wp\/v2\/pages\/2826"}],"wp:attachment":[{"href":"https:\/\/focolare.ro\/hu\/wp-json\/wp\/v2\/media?parent=3192"}],"curies":[{"name":"wp","href":"https:\/\/api.w.org\/{rel}","templated":true}]}}