{"id":3703,"date":"2022-04-03T14:22:54","date_gmt":"2022-04-03T11:22:54","guid":{"rendered":"https:\/\/focolare.ro\/az-elet-igeje\/az-elet-igeje-2023\/2023-marcius\/"},"modified":"2024-04-26T18:41:05","modified_gmt":"2024-04-26T15:41:05","slug":"2023-marcius","status":"publish","type":"page","link":"https:\/\/focolare.ro\/hu\/az-elet-igeje\/az-elet-igeje-2023\/2023-marcius\/","title":{"rendered":"2023. M\u00e1rcius"},"content":{"rendered":"<p><div class=\"fusion-fullwidth fullwidth-box fusion-builder-row-1 fusion-flex-container has-pattern-background has-mask-background fusion-parallax-none nonhundred-percent-fullwidth non-hundred-percent-height-scrolling lazyload\" style=\"--awb-border-radius-top-left:0px;--awb-border-radius-top-right:0px;--awb-border-radius-bottom-right:0px;--awb-border-radius-bottom-left:0px;--awb-background-color:var(--awb-custom14);--awb-background-size:cover;--awb-flex-wrap:wrap;\" data-bg=\"https:\/\/focolare.ro\/wp-content\/uploads\/2023\/02\/CVmartie2023.jpg\" ><div class=\"fusion-builder-row fusion-row fusion-flex-align-items-flex-start fusion-flex-content-wrap\" style=\"max-width:1216.8px;margin-left: calc(-4% \/ 2 );margin-right: calc(-4% \/ 2 );\"><div class=\"fusion-layout-column fusion_builder_column fusion-builder-column-0 fusion_builder_column_1_1 1_1 fusion-flex-column\" style=\"--awb-bg-size:cover;--awb-width-large:100%;--awb-margin-top-large:0px;--awb-spacing-right-large:1.92%;--awb-margin-bottom-large:20px;--awb-spacing-left-large:1.92%;--awb-width-medium:100%;--awb-order-medium:0;--awb-spacing-right-medium:1.92%;--awb-spacing-left-medium:1.92%;--awb-width-small:100%;--awb-order-small:0;--awb-spacing-right-small:1.92%;--awb-spacing-left-small:1.92%;\"><div class=\"fusion-column-wrapper fusion-column-has-shadow fusion-flex-justify-content-flex-start fusion-content-layout-column\"><div class=\"fusion-separator fusion-full-width-sep\" style=\"align-self: center;margin-left: auto;margin-right: auto;margin-bottom:200px;width:100%;\"><\/div><div class=\"fusion-title title fusion-title-1 fusion-sep-none fusion-title-text fusion-title-size-two\" style=\"--awb-text-color:var(--awb-color1);\"><h2 class=\"fusion-title-heading title-heading-left\" style=\"margin:0;\">2023. M\u00e1rcius<\/h2><\/div><\/div><\/div><\/div><\/div><div class=\"fusion-fullwidth fullwidth-box fusion-builder-row-2 fusion-flex-container nonhundred-percent-fullwidth non-hundred-percent-height-scrolling\" style=\"--awb-border-radius-top-left:0px;--awb-border-radius-top-right:0px;--awb-border-radius-bottom-right:0px;--awb-border-radius-bottom-left:0px;--awb-background-color:var(--awb-color1);--awb-flex-wrap:wrap;\" ><div class=\"fusion-builder-row fusion-row fusion-flex-align-items-flex-start fusion-flex-content-wrap\" style=\"max-width:1216.8px;margin-left: calc(-4% \/ 2 );margin-right: calc(-4% \/ 2 );\"><div class=\"fusion-layout-column fusion_builder_column fusion-builder-column-1 fusion_builder_column_1_1 1_1 fusion-flex-column\" style=\"--awb-bg-size:cover;--awb-width-large:100%;--awb-margin-top-large:0px;--awb-spacing-right-large:1.92%;--awb-margin-bottom-large:20px;--awb-spacing-left-large:1.92%;--awb-width-medium:100%;--awb-order-medium:0;--awb-spacing-right-medium:1.92%;--awb-spacing-left-medium:1.92%;--awb-width-small:100%;--awb-order-small:0;--awb-spacing-right-small:1.92%;--awb-spacing-left-small:1.92%;\"><div class=\"fusion-column-wrapper fusion-column-has-shadow fusion-flex-justify-content-flex-start fusion-content-layout-column\"><div class=\"fusion-separator fusion-full-width-sep\" style=\"align-self: center;margin-left: auto;margin-right: auto;margin-bottom:100px;width:100%;\"><\/div><\/div><\/div><\/div><\/div><div class=\"fusion-fullwidth fullwidth-box fusion-builder-row-3 fusion-flex-container nonhundred-percent-fullwidth non-hundred-percent-height-scrolling\" style=\"--awb-border-radius-top-left:0px;--awb-border-radius-top-right:0px;--awb-border-radius-bottom-right:0px;--awb-border-radius-bottom-left:0px;--awb-flex-wrap:wrap;\" ><div class=\"fusion-builder-row fusion-row fusion-flex-align-items-flex-start fusion-flex-content-wrap\" style=\"max-width:1216.8px;margin-left: calc(-4% \/ 2 );margin-right: calc(-4% \/ 2 );\"><div class=\"fusion-layout-column fusion_builder_column fusion-builder-column-2 fusion_builder_column_2_3 2_3 fusion-flex-column\" style=\"--awb-bg-size:cover;--awb-width-large:66.666666666667%;--awb-margin-top-large:0px;--awb-spacing-right-large:2.88%;--awb-margin-bottom-large:20px;--awb-spacing-left-large:2.88%;--awb-width-medium:100%;--awb-order-medium:0;--awb-spacing-right-medium:1.92%;--awb-spacing-left-medium:1.92%;--awb-width-small:100%;--awb-order-small:0;--awb-spacing-right-small:1.92%;--awb-spacing-left-small:1.92%;\"><div class=\"fusion-column-wrapper fusion-column-has-shadow fusion-flex-justify-content-flex-start fusion-content-layout-column\"><div class=\"fusion-text fusion-text-1\" style=\"--awb-text-transform:none;\"><h3><strong>2023. M\u00e1rcius<\/strong><\/h3>\n<p><strong>\u201e\u00dagy \u00e9ljetek, mint a vil\u00e1goss\u00e1g gyermekei! A vil\u00e1goss\u00e1g gy\u00fcm\u00f6lcse pedig csupa j\u00f3s\u00e1g, igazs\u00e1goss\u00e1g \u00e9s egyeness\u00e9g.\u201d (<em>Ef<\/em> 5,8-9)<\/strong><\/p>\n<p>P\u00e1l az Efezusban \u00e9l\u0151 gy\u00fclekezetnek \u00edr, amely egy el\u00e9g nagy \u00e9s fontos v\u00e1ros volt akkoriban, ahol P\u00e1l kor\u00e1bban \u00e9lt, keresztelt \u00e9s evangeliz\u00e1lt.<\/p>\n<p>Levele val\u00f3sz\u00edn\u0171leg R\u00f3m\u00e1ban kelt, a b\u00f6rt\u00f6nben, 62 k\u00f6r\u00fcl. A f\u00e1jdalmas k\u00f6r\u00fclm\u00e9nyek k\u00f6zepette m\u00e9gsem arr\u00f3l \u00edr ezeknek a kereszt\u00e9nyeknek, hogy hogyan oldj\u00e1k meg a gy\u00fclekezetben fenn\u00e1ll\u00f3 probl\u00e9m\u00e1kat, hanem arr\u00f3l, hogy milyen csod\u00e1latos Isten terve a sz\u00fclet\u0151ben l\u00e9v\u0151 egyh\u00e1zr\u00f3l.<\/p>\n<p>Eml\u00e9kezteti az efezusiakat, hogy \u201evalaha s\u00f6t\u00e9ts\u00e9g voltak\u201d, de a kereszts\u00e9g \u00e9s a hit aj\u00e1nd\u00e9ka \u00e1ltal \u201evil\u00e1goss\u00e1g\u201d lettek, \u00e9s b\u00e1tor\u00edtja \u0151ket, hogy \u00e9ljenek ennek megfelel\u0151en.<\/p>\n<p>P\u00e1l szerint arr\u00f3l van sz\u00f3, hogy be kell j\u00e1rnunk egy utat, \u00e1lland\u00f3an n\u00f6vekedve Isten \u00e9s az \u0151 szeret\u0151 akarat\u00e1nak ismeret\u00e9ben, nap mint nap \u00fajrakezdve.<\/p>\n<p>Arra buzd\u00edtja \u0151ket, hogy a mindennapi \u00e9letben is \u00e9ljenek a hivat\u00e1suknak megfelel\u0151en: \u201elegyenek, mint Isten k\u00f6vet\u0151i, szeretett gyermekei\u201d<a href=\"#_ftn1\" name=\"_ftnref1\">[1]<\/a>, szentek \u00e9s irgalmasok.<\/p>\n<p><strong>\u201e\u00dagy \u00e9ljetek, mint a vil\u00e1goss\u00e1g gyermekei! A vil\u00e1goss\u00e1g gy\u00fcm\u00f6lcse pedig csupa j\u00f3s\u00e1g, igazs\u00e1goss\u00e1g \u00e9s egyeness\u00e9g.\u201d <\/strong><\/p>\n<p>Mi is, a huszonegyedik sz\u00e1zad kereszt\u00e9nyei arra vagyunk megh\u00edvva, hogy \u201evil\u00e1goss\u00e1g legy\u00fcnk\u201d, de lehet, hogy alkalmatlannak \u00e9rezz\u00fck erre magunkat a korl\u00e1taink \u00e9s a k\u00fcls\u0151 k\u00f6r\u00fclm\u00e9nyek miatt.<\/p>\n<p>Hogy maradhatn\u00e1nk meg a rem\u00e9nyben, amikor a s\u00f6t\u00e9ts\u00e9g \u00e9s a bizonytalans\u00e1g akar fel\u00fclkerekedni rajtunk?<\/p>\n<p>P\u00e1l tov\u00e1bbra is azzal b\u00e1tor\u00edt, hogy a meg\u00e9lt Ige ad majd f\u00e9nyt \u00e9s tesz k\u00e9pess\u00e9 benn\u00fcnket arra, hogy az elt\u00e9velyedett emberis\u00e9gben \u201e\u00fagy ragyogjunk, mint a csillagok a mindens\u00e9gben.\u201d<a href=\"#_ftn2\" name=\"_ftnref2\">[2]<\/a><\/p>\n<p>\u201eM\u00e1sik Krisztusk\u00e9nt minden f\u00e9rfi \u00e9s n\u0151 hozz\u00e1j\u00e1rulhat ehhez az emberi tev\u00e9kenys\u00e9g b\u00e1rmely ter\u00fclet\u00e9n: a tudom\u00e1nyban, a m\u0171v\u00e9szetben, a politik\u00e1ban. [&#8230;] Ha ugyanis befogadjuk Ig\u00e9j\u00e9t, egyre ink\u00e1bb azonosulunk gondolataival, \u00e9rz\u00e9seivel, tan\u00edt\u00e1s\u00e1val. Az Ige vil\u00e1goss\u00e1 teszi, hogy mit tegy\u00fcnk, megmutatja, hogyan tegy\u00fck j\u00f3v\u00e1, ha hib\u00e1ztunk, visszat\u00e9r\u00edt, ha let\u00e9vedt\u00fcnk az egyenes \u00fatr\u00f3l. [\u2026] \u00bbR\u00e9gi ember\u00fcnk\u00ab ugyanis mindig k\u00e9sz arra, hogy mag\u00e1ba z\u00e1rk\u00f3zzon, hogy saj\u00e1t kis szem\u00e9lyes \u00e9rdekeit d\u00e9delgesse, hogy elfelejtkezzen azokr\u00f3l, akik elhaladnak mellett\u00fcnk, hogy k\u00f6z\u00f6mb\u00f6s maradjon a k\u00f6zj\u00f3 vagy a k\u00f6r\u00fcl\u00f6tt\u00fcnk l\u00e9v\u0151 emberis\u00e9g sz\u00fcks\u00e9gletei ir\u00e1nt. Sz\u00edtsuk fel teh\u00e1t sz\u00edv\u00fcnkben a szeretet l\u00e1ngj\u00e1t! Az \u00edgy meg\u00fajul\u00f3 l\u00e1t\u00e1sm\u00f3dunkkal k\u00f6r\u00fcln\u00e9zhet\u00fcnk, hogy \u00e9szrevegy\u00fck, milyen l\u00e9p\u00e9sre lenne sz\u00fcks\u00e9g.\u201d <a href=\"#_ftn3\" name=\"_ftnref3\">[3]<\/a>.<\/p>\n<p><strong>\u201e\u00dagy \u00e9ljetek, mint a vil\u00e1goss\u00e1g gyermekei! A vil\u00e1goss\u00e1g gy\u00fcm\u00f6lcse pedig csupa j\u00f3s\u00e1g, igazs\u00e1goss\u00e1g \u00e9s egyeness\u00e9g.\u201d <\/strong><\/p>\n<p>A szem\u00e9lyesen \u00e9s k\u00f6z\u00f6ss\u00e9gileg meg\u00e9lt evang\u00e9lium f\u00e9nye rem\u00e9nyt ad \u00e9s meger\u0151s\u00edti a t\u00e1rsas kapcsolatokat, akkor is, amikor k\u00fcl\u00f6nb\u00f6z\u0151 csap\u00e1sok miatt, mint p\u00e9ld\u00e1ul a Covid, egyre nagyobb a f\u00e1jdalom \u00e9s a szeg\u00e9nys\u00e9g.<\/p>\n<p>Jun mes\u00e9li a F\u00fcl\u00f6p-szigetekr\u0151l, hogy a j\u00e1rv\u00e1ny kell\u0151s k\u00f6zep\u00e9n az egyik k\u00f6z\u00f6ss\u00e9g lak\u00f3hely\u00e9n t\u0171z \u00fct\u00f6tt ki, \u00e9s t\u00f6bb csal\u00e1dnak mindene odaveszett. \u201eB\u00e1r szeg\u00e9nyek vagyunk, m\u00e9gis \u00fagy gondoltuk a feles\u00e9gemmel, Flor\u00e1val, hogy szeretn\u00e9nk seg\u00edteni. Elmondtam ezt a motoros t\u00e1rsaimnak is, b\u00e1r tudtam, hogy \u0151k is hasonl\u00f3 k\u00f6r\u00fclm\u00e9nyek k\u00f6z\u00f6tt \u00e9lnek, mint mi. De ez nem tartott vissza benn\u00fcnket, \u00e9s nekil\u00e1ttunk a bar\u00e1taimmal szard\u00edniakonzervet, t\u00e9szt\u00e1t, rizst \u00e9s m\u00e1s \u00e9lelmiszert \u00f6sszeadni a t\u0171zv\u00e9sz k\u00e1rosultjai r\u00e9sz\u00e9re.<\/p>\n<p>Feles\u00e9gemmel n\u00e9ha \u00f6sszeszorul a gyomrunk, ha arra gondolunk, hogy mit tartogat a j\u00f6v\u0151 a sz\u00e1munkra, azt\u00e1n seg\u00edts\u00e9g\u00fcnkre siet ez a mondat az evang\u00e9liumb\u00f3l: \u00bbAki meg akarja menteni \u00e9let\u00e9t, elvesz\u00edti. Aki elvesz\u00edti \u00e9rtem \u00e9s az evang\u00e9lium\u00e9rt, az megmenti \u00e9let\u00e9t.\u00ab<a href=\"#_ftn4\" name=\"_ftnref4\">[4]<\/a>. Nem vagyunk gazdagok, de mindig meg tudunk osztani valamit szeretetb\u0151l a m\u00e1sikban \u00e9l\u0151 J\u00e9zus ir\u00e1nt. Ez a szeretet k\u00e9sztet arra, hogy \u00fajra tiszta sz\u00edvb\u0151l adjunk, \u00e9s b\u00edzzunk Isten szeretet\u00e9ben.\u201d<\/p>\n<p>Arr\u00f3l van sz\u00f3 teh\u00e1t, hogy hallgassunk a sz\u00edv\u00fcnk m\u00e9ly\u00e9n \u00e9l\u0151 vil\u00e1goss\u00e1gra, melynek gy\u00fcm\u00f6lcse \u2013 a j\u00f3s\u00e1g, az igazs\u00e1goss\u00e1g, az egyeness\u00e9g \u2013 kedves az \u00dar el\u0151tt, \u00e9s mindenf\u00e9le besz\u00e9dn\u00e9l hat\u00e9konyabb tan\u00fas\u00e1gt\u00e9tel lehet az evang\u00e9liumi \u00e9let sz\u00e9ps\u00e9g\u00e9r\u0151l.<\/p>\n<p>Ne feledkezz\u00fcnk el a t\u00f6bbiek t\u00e1mogat\u00e1s\u00e1nak erej\u00e9r\u0151l sem, akikkel egy\u00fctt haladunk az \u00e9letszents\u00e9g \u00fatj\u00e1n. A j\u00f3, amit kaptunk, a k\u00f6lcs\u00f6n\u00f6sen meg\u00e9lt megbocs\u00e1jt\u00e1s, az anyagi \u00e9s a lelki javainknak a megoszt\u00e1sa, mind-mind \u00e9rt\u00e9kes \u00e9s rem\u00e9nyre seg\u00edt\u0151 aj\u00e1nd\u00e9k, tan\u00fas\u00e1gt\u00e9tel.<\/p>\n<p>J\u00e9zus azt \u00edg\u00e9rte: \u201e\u00c9n veletek vagyok mindennap, a vil\u00e1g v\u00e9g\u00e9ig.\u201d<a href=\"#_ftn5\" name=\"_ftnref5\">[5]<\/a>.<\/p>\n<p>A felt\u00e1madt J\u00e9zus a kereszt\u00e9ny \u00e9let\u00fcnk forr\u00e1sa, aki mindig vel\u00fcnk van a k\u00f6z\u00f6s im\u00e1ban \u00e9s a k\u00f6lcs\u00f6n\u00f6s szeretetben, \u0151 meleg\u00edti \u00e1t a sz\u00edv\u00fcnket \u00e9s vil\u00e1gos\u00edtja meg az elm\u00e9nket.<\/p>\n<p><em>Patrizia Mazzola \u00e9s az \u00e9letige csoport gondoz\u00e1s\u00e1ban<\/em><\/p>\n<p><a href=\"#_ftnref1\" name=\"_ftn1\">[1]<\/a> v\u00f6. <em>Ef<\/em> 5,1<\/p>\n<p><a href=\"#_ftnref2\" name=\"_ftn2\">[2]<\/a> v\u00f6. <em>Fil<\/em> 2,15<\/p>\n<p><a href=\"#_ftnref3\" name=\"_ftn3\">[3]<\/a> v\u00f6.R\u00f3m 6,6 v\u00f6. C. Lubich, <em>Az \u00e9let ig\u00e9je<\/em>, 2005. szeptember, \u00daj V\u00e1ros 2005\/9<\/p>\n<p><a href=\"#_ftnref4\" name=\"_ftn4\">[4]<\/a> <em>Mk<\/em> 8,35<\/p>\n<p><a href=\"#_ftnref5\" name=\"_ftn5\">[5]<\/a> <em>Mt<\/em> 28,20.<\/p>\n<\/div><\/div><\/div><div class=\"fusion-layout-column fusion_builder_column fusion-builder-column-3 fusion_builder_column_1_3 1_3 fusion-flex-column\" style=\"--awb-padding-top:30px;--awb-padding-right:30px;--awb-padding-bottom:10px;--awb-padding-left:30px;--awb-bg-color:var(--awb-custom13);--awb-bg-color-hover:var(--awb-custom13);--awb-bg-size:cover;--awb-width-large:33.333333333333%;--awb-margin-top-large:0px;--awb-spacing-right-large:5.76%;--awb-margin-bottom-large:20px;--awb-spacing-left-large:5.76%;--awb-width-medium:100%;--awb-order-medium:0;--awb-spacing-right-medium:1.92%;--awb-spacing-left-medium:1.92%;--awb-width-small:100%;--awb-order-small:0;--awb-spacing-right-small:1.92%;--awb-spacing-left-small:1.92%;\"><div class=\"fusion-column-wrapper fusion-column-has-shadow fusion-flex-justify-content-flex-start fusion-content-layout-column\"><div class=\"fusion-title title fusion-title-2 fusion-sep-none fusion-title-center fusion-title-text fusion-title-size-four\"><h4 class=\"fusion-title-heading title-heading-center\" style=\"margin:0;\">T\u00f6ltsd le PDF form\u00e1tumban<\/h4><\/div><div style=\"text-align:center;\"><a class=\"fusion-button button-flat fusion-button-default-size button-default fusion-button-default button-1 fusion-button-span-yes fusion-button-default-type\" style=\"--button_margin-bottom:20px;\" target=\"_blank\" rel=\"noopener noreferrer\" href=\"https:\/\/focolare.ro\/wp-content\/uploads\/2023\/02\/CV-03-2023-A5-HU-1.pdf\"><span class=\"fusion-button-icon-divider button-icon-divider-left\"><i class=\"fa-file-pdf fas awb-button__icon awb-button__icon--default\" aria-hidden=\"true\"><\/i><\/span><span class=\"fusion-button-text awb-button__text awb-button__text--default fusion-button-text-left\">Feln\u0151ttek r\u00e9sz\u00e9re<\/span><\/a><\/div><div style=\"text-align:center;\"><a class=\"fusion-button button-flat fusion-button-default-size button-default fusion-button-default button-2 fusion-button-span-yes fusion-button-default-type\" style=\"--button_margin-bottom:20px;\" target=\"_blank\" rel=\"noopener noreferrer\" href=\"https:\/\/focolare.ro\/wp-content\/uploads\/2023\/03\/ige202303ph.pdf\"><span class=\"fusion-button-icon-divider button-icon-divider-left\"><i class=\"fa-file-pdf fas awb-button__icon awb-button__icon--default\" aria-hidden=\"true\"><\/i><\/span><span class=\"fusion-button-text awb-button__text awb-button__text--default fusion-button-text-left\">Fiataloknak<\/span><\/a><\/div><div style=\"text-align:center;\"><a class=\"fusion-button button-flat fusion-button-default-size button-default fusion-button-default button-3 fusion-button-span-yes fusion-button-default-type\" style=\"--button_margin-bottom:20px;\" target=\"_blank\" rel=\"noopener noreferrer\" href=\"https:\/\/focolare.ro\/wp-content\/uploads\/2023\/03\/ige202303kif.pdf\"><span class=\"fusion-button-icon-divider button-icon-divider-left\"><i class=\"fa-file-pdf fas awb-button__icon awb-button__icon--default\" aria-hidden=\"true\"><\/i><\/span><span class=\"fusion-button-text awb-button__text awb-button__text--default fusion-button-text-left\">Gyerekeknek sz\u00ednes v\u00e1ltozat<\/span><\/a><\/div><div style=\"text-align:center;\"><a class=\"fusion-button button-flat fusion-button-default-size button-default fusion-button-default button-4 fusion-button-span-yes fusion-button-default-type\" style=\"--button_margin-bottom:20px;\" target=\"_blank\" rel=\"noopener noreferrer\" href=\"https:\/\/focolare.ro\/wp-content\/uploads\/2023\/03\/ige202303kif.pdf\"><span class=\"fusion-button-icon-divider button-icon-divider-left\"><i class=\"fa-file-pdf fas awb-button__icon awb-button__icon--default\" aria-hidden=\"true\"><\/i><\/span><span class=\"fusion-button-text awb-button__text awb-button__text--default fusion-button-text-left\">Gyerekeknek kifest\u0151<\/span><\/a><\/div><\/div><\/div><\/div><\/div><div class=\"fusion-fullwidth fullwidth-box fusion-builder-row-4 fusion-flex-container nonhundred-percent-fullwidth non-hundred-percent-height-scrolling\" style=\"--awb-border-sizes-bottom:3px;--awb-border-color:var(--awb-color5);--awb-border-radius-top-left:0px;--awb-border-radius-top-right:0px;--awb-border-radius-bottom-right:0px;--awb-border-radius-bottom-left:0px;--awb-flex-wrap:wrap;\" ><div class=\"fusion-builder-row fusion-row fusion-flex-align-items-flex-start fusion-flex-content-wrap\" style=\"max-width:1216.8px;margin-left: calc(-4% \/ 2 );margin-right: calc(-4% \/ 2 );\"><\/div><\/div><div class=\"fusion-fullwidth fullwidth-box fusion-builder-row-5 fusion-flex-container nonhundred-percent-fullwidth non-hundred-percent-height-scrolling\" style=\"--awb-border-radius-top-left:0px;--awb-border-radius-top-right:0px;--awb-border-radius-bottom-right:0px;--awb-border-radius-bottom-left:0px;--awb-flex-wrap:wrap;\" ><div class=\"fusion-builder-row fusion-row fusion-flex-align-items-flex-start fusion-flex-content-wrap\" style=\"max-width:1216.8px;margin-left: calc(-4% \/ 2 );margin-right: calc(-4% \/ 2 );\"><div class=\"fusion-layout-column fusion_builder_column fusion-builder-column-4 fusion_builder_column_1_1 1_1 fusion-flex-column\" style=\"--awb-bg-size:cover;--awb-width-large:100%;--awb-margin-top-large:0px;--awb-spacing-right-large:1.92%;--awb-margin-bottom-large:0px;--awb-spacing-left-large:1.92%;--awb-width-medium:100%;--awb-spacing-right-medium:1.92%;--awb-spacing-left-medium:1.92%;--awb-width-small:100%;--awb-spacing-right-small:1.92%;--awb-spacing-left-small:1.92%;\"><div class=\"fusion-column-wrapper fusion-flex-justify-content-flex-start fusion-content-layout-column\"><div class=\"fusion-text fusion-text-2\"><p>\u00a0<\/p>\n<\/div><\/div><\/div><\/div><\/div><div class=\"fusion-fullwidth fullwidth-box fusion-builder-row-6 fusion-flex-container nonhundred-percent-fullwidth non-hundred-percent-height-scrolling\" style=\"--awb-border-radius-top-left:0px;--awb-border-radius-top-right:0px;--awb-border-radius-bottom-right:0px;--awb-border-radius-bottom-left:0px;--awb-flex-wrap:wrap;\" ><div class=\"fusion-builder-row fusion-row fusion-flex-align-items-flex-start fusion-flex-content-wrap\" style=\"max-width:1216.8px;margin-left: calc(-4% \/ 2 );margin-right: calc(-4% \/ 2 );\"><div class=\"fusion-layout-column fusion_builder_column fusion-builder-column-5 fusion_builder_column_1_1 1_1 fusion-flex-column\" style=\"--awb-bg-size:cover;--awb-width-large:100%;--awb-margin-top-large:0px;--awb-spacing-right-large:1.92%;--awb-margin-bottom-large:0px;--awb-spacing-left-large:1.92%;--awb-width-medium:100%;--awb-spacing-right-medium:1.92%;--awb-spacing-left-medium:1.92%;--awb-width-small:100%;--awb-spacing-right-small:1.92%;--awb-spacing-left-small:1.92%;\"><div class=\"fusion-column-wrapper fusion-flex-justify-content-flex-start fusion-content-layout-column\"><div class=\"fusion-text fusion-text-3\"><p>\u00a0<\/p>\n<\/div><\/div><\/div><\/div><\/div><\/p>\n","protected":false},"excerpt":{"rendered":"","protected":false},"author":9,"featured_media":0,"parent":3202,"menu_order":0,"comment_status":"closed","ping_status":"closed","template":"100-width.php","meta":{"footnotes":""},"class_list":["post-3703","page","type-page","status-publish","hentry"],"_links":{"self":[{"href":"https:\/\/focolare.ro\/hu\/wp-json\/wp\/v2\/pages\/3703","targetHints":{"allow":["GET"]}}],"collection":[{"href":"https:\/\/focolare.ro\/hu\/wp-json\/wp\/v2\/pages"}],"about":[{"href":"https:\/\/focolare.ro\/hu\/wp-json\/wp\/v2\/types\/page"}],"author":[{"embeddable":true,"href":"https:\/\/focolare.ro\/hu\/wp-json\/wp\/v2\/users\/9"}],"replies":[{"embeddable":true,"href":"https:\/\/focolare.ro\/hu\/wp-json\/wp\/v2\/comments?post=3703"}],"version-history":[{"count":9,"href":"https:\/\/focolare.ro\/hu\/wp-json\/wp\/v2\/pages\/3703\/revisions"}],"predecessor-version":[{"id":3719,"href":"https:\/\/focolare.ro\/hu\/wp-json\/wp\/v2\/pages\/3703\/revisions\/3719"}],"up":[{"embeddable":true,"href":"https:\/\/focolare.ro\/hu\/wp-json\/wp\/v2\/pages\/3202"}],"wp:attachment":[{"href":"https:\/\/focolare.ro\/hu\/wp-json\/wp\/v2\/media?parent=3703"}],"curies":[{"name":"wp","href":"https:\/\/api.w.org\/{rel}","templated":true}]}}