{"id":3799,"date":"2022-04-03T14:22:54","date_gmt":"2022-04-03T11:22:54","guid":{"rendered":"https:\/\/focolare.ro\/az-elet-igeje\/az-elet-igeje-2023\/2023-majus\/"},"modified":"2024-04-26T18:40:58","modified_gmt":"2024-04-26T15:40:58","slug":"2023-majus","status":"publish","type":"page","link":"https:\/\/focolare.ro\/hu\/az-elet-igeje\/az-elet-igeje-2023\/2023-majus\/","title":{"rendered":"2023. M\u00e1jus"},"content":{"rendered":"<p><div class=\"fusion-fullwidth fullwidth-box fusion-builder-row-1 fusion-flex-container has-pattern-background has-mask-background fusion-parallax-none nonhundred-percent-fullwidth non-hundred-percent-height-scrolling lazyload\" style=\"--awb-border-radius-top-left:0px;--awb-border-radius-top-right:0px;--awb-border-radius-bottom-right:0px;--awb-border-radius-bottom-left:0px;--awb-background-color:var(--awb-custom14);--awb-background-size:cover;--awb-flex-wrap:wrap;\" data-bg=\"https:\/\/focolare.ro\/wp-content\/uploads\/2023\/04\/CVmai2023.jpg\" ><div class=\"fusion-builder-row fusion-row fusion-flex-align-items-flex-start fusion-flex-content-wrap\" style=\"max-width:1216.8px;margin-left: calc(-4% \/ 2 );margin-right: calc(-4% \/ 2 );\"><div class=\"fusion-layout-column fusion_builder_column fusion-builder-column-0 fusion_builder_column_1_1 1_1 fusion-flex-column\" style=\"--awb-bg-size:cover;--awb-width-large:100%;--awb-margin-top-large:0px;--awb-spacing-right-large:1.92%;--awb-margin-bottom-large:20px;--awb-spacing-left-large:1.92%;--awb-width-medium:100%;--awb-order-medium:0;--awb-spacing-right-medium:1.92%;--awb-spacing-left-medium:1.92%;--awb-width-small:100%;--awb-order-small:0;--awb-spacing-right-small:1.92%;--awb-spacing-left-small:1.92%;\"><div class=\"fusion-column-wrapper fusion-column-has-shadow fusion-flex-justify-content-flex-start fusion-content-layout-column\"><div class=\"fusion-separator fusion-full-width-sep\" style=\"align-self: center;margin-left: auto;margin-right: auto;margin-bottom:200px;width:100%;\"><\/div><div class=\"fusion-title title fusion-title-1 fusion-sep-none fusion-title-text fusion-title-size-two\" style=\"--awb-text-color:var(--awb-color1);\"><h2 class=\"fusion-title-heading title-heading-left\" style=\"margin:0;\">2023. M\u00e1jus<\/h2><\/div><\/div><\/div><\/div><\/div><div class=\"fusion-fullwidth fullwidth-box fusion-builder-row-2 fusion-flex-container nonhundred-percent-fullwidth non-hundred-percent-height-scrolling\" style=\"--awb-border-radius-top-left:0px;--awb-border-radius-top-right:0px;--awb-border-radius-bottom-right:0px;--awb-border-radius-bottom-left:0px;--awb-background-color:var(--awb-color1);--awb-flex-wrap:wrap;\" ><div class=\"fusion-builder-row fusion-row fusion-flex-align-items-flex-start fusion-flex-content-wrap\" style=\"max-width:1216.8px;margin-left: calc(-4% \/ 2 );margin-right: calc(-4% \/ 2 );\"><div class=\"fusion-layout-column fusion_builder_column fusion-builder-column-1 fusion_builder_column_1_1 1_1 fusion-flex-column\" style=\"--awb-bg-size:cover;--awb-width-large:100%;--awb-margin-top-large:0px;--awb-spacing-right-large:1.92%;--awb-margin-bottom-large:20px;--awb-spacing-left-large:1.92%;--awb-width-medium:100%;--awb-order-medium:0;--awb-spacing-right-medium:1.92%;--awb-spacing-left-medium:1.92%;--awb-width-small:100%;--awb-order-small:0;--awb-spacing-right-small:1.92%;--awb-spacing-left-small:1.92%;\"><div class=\"fusion-column-wrapper fusion-column-has-shadow fusion-flex-justify-content-flex-start fusion-content-layout-column\"><div class=\"fusion-separator fusion-full-width-sep\" style=\"align-self: center;margin-left: auto;margin-right: auto;margin-bottom:100px;width:100%;\"><\/div><\/div><\/div><\/div><\/div><div class=\"fusion-fullwidth fullwidth-box fusion-builder-row-3 fusion-flex-container nonhundred-percent-fullwidth non-hundred-percent-height-scrolling\" style=\"--awb-border-radius-top-left:0px;--awb-border-radius-top-right:0px;--awb-border-radius-bottom-right:0px;--awb-border-radius-bottom-left:0px;--awb-flex-wrap:wrap;\" ><div class=\"fusion-builder-row fusion-row fusion-flex-align-items-flex-start fusion-flex-content-wrap\" style=\"max-width:1216.8px;margin-left: calc(-4% \/ 2 );margin-right: calc(-4% \/ 2 );\"><div class=\"fusion-layout-column fusion_builder_column fusion-builder-column-2 fusion_builder_column_2_3 2_3 fusion-flex-column\" style=\"--awb-bg-size:cover;--awb-width-large:66.666666666667%;--awb-margin-top-large:0px;--awb-spacing-right-large:2.88%;--awb-margin-bottom-large:20px;--awb-spacing-left-large:2.88%;--awb-width-medium:100%;--awb-order-medium:0;--awb-spacing-right-medium:1.92%;--awb-spacing-left-medium:1.92%;--awb-width-small:100%;--awb-order-small:0;--awb-spacing-right-small:1.92%;--awb-spacing-left-small:1.92%;\"><div class=\"fusion-column-wrapper fusion-column-has-shadow fusion-flex-justify-content-flex-start fusion-content-layout-column\"><div class=\"fusion-text fusion-text-1\" style=\"--awb-text-transform:none;\"><h3>2023. m\u00e1jus<\/h3>\n<p><strong>\u201e<\/strong><strong>Ami a testv\u00e9ri szeretetet illeti, legyetek egym\u00e1s ir\u00e1nt gyeng\u00e9dek, a tisztelet dolg\u00e1ban egym\u00e1ssal verseng\u0151k!<\/strong><strong>\u201d<\/strong> (R\u00f3m 12,10)<\/p>\n<p>E h\u00f3nap \u00e9letig\u00e9je P\u00e1l apostol r\u00f3maiakhoz \u00edrt nagyon tartalmas level\u00e9b\u0151l sz\u00e1rmazik. A kereszt\u00e9ny \u00e9letr\u0151l sz\u00f3l, bemutatja, hogy t\u00fal\u00e1rad\u00f3 szeretetben \u00e9lnek, ingyenes \u00e9s hat\u00e1rtalan szeretetben, amely Istent\u0151l \u00e1rad a sz\u00edv\u00fcnkbe, \u00e9s mi tov\u00e1bb aj\u00e1nd\u00e9kozzuk m\u00e1soknak. Hogy m\u00e9g hat\u00e1sosabban fejezze ki a kereszt\u00e9ny k\u00f6z\u00f6ss\u00e9gben \u00e9l\u0151 szeretet jellegzetess\u00e9g\u00e9t, k\u00e9t kifejez\u00e9sb\u0151l form\u00e1l egyetlen sz\u00f3t: \u201efilostorgos\u201d, melyben egyar\u00e1nt ott van a bar\u00e1tok \u00e9s a csal\u00e1dtagok egym\u00e1s ir\u00e1nti szeretete.<\/p>\n<p><strong>\u201e<\/strong><strong>Ami a testv\u00e9ri szeretetet illeti, legyetek egym\u00e1s ir\u00e1nt gyeng\u00e9dek, a tisztelet dolg\u00e1ban egym\u00e1ssal verseng\u0151k!<\/strong><strong>\u201d<\/strong><\/p>\n<p>\u00c1lljunk meg a testv\u00e9ri szeretet \u00e9s a k\u00f6lcs\u00f6n\u00f6ss\u00e9g fogalm\u00e1n\u00e1l! P\u00e1l azt \u00edrja, hogy a kereszt\u00e9ny k\u00f6z\u00f6ss\u00e9gben \u00e9l\u0151k az\u00e9rt szeretik egym\u00e1st, mert egym\u00e1snak tagjai (R\u00f3m 12,5), testv\u00e9rek, akik csak szeretettel tartoznak egym\u00e1snak (13,8), egy\u00fctt \u00f6r\u00fclnek azzal, aki \u00f6r\u00fcl, \u00e9s egy\u00fctt s\u00edrnak azzal, aki s\u00edr (12,15), nem \u00edt\u00e9lkeznek \u00e9s senkit nem botr\u00e1nkoztatnak meg (14,13).<\/p>\n<p>A l\u00e9t\u00fcnk szorosan k\u00f6t\u0151dik a t\u00f6bbiek \u00e9let\u00e9hez, a k\u00f6z\u00f6ss\u00e9g pedig az \u00e9l\u0151 tan\u00fabizonys\u00e1ga a szeretet t\u00f6rv\u00e9ny\u00e9nek, amelyet J\u00e9zus hozott a f\u00f6ldre. Ez a szeretet\u00fck nagyon ig\u00e9nyes, arra is k\u00e9pes, hogy az \u00e9let\u00fcket adj\u00e1k egym\u00e1s\u00e9rt. Konkr\u00e9t szeretetr\u0151l van sz\u00f3, melynek ezerf\u00e9le kifejez\u0151d\u00e9se van, a m\u00e1sik jav\u00e1t \u00e9s boldogul\u00e1s\u00e1t akarja, azt, hogy a t\u00f6bbiek teljesen meg tudj\u00e1k val\u00f3s\u00edtani \u00f6nmagukat, \u00e9s versengenek egym\u00e1s tehets\u00e9g\u00e9nek elismer\u00e9s\u00e9ben. Ez a szeretet mindenkinek az ig\u00e9nyeire tekintettel van, mindent megtesz az\u00e9rt, hogy senki ne maradjon le, felel\u0151ss\u00e9gv\u00e1llal\u00e1sra \u00e9s tev\u00e9kenys\u00e9gre ind\u00edt kultur\u00e1lis, k\u00f6z\u00e9leti, politikai ter\u00fcleten is.<\/p>\n<p><strong>\u201e<\/strong><strong>Ami a testv\u00e9ri szeretetet illeti, legyetek egym\u00e1s ir\u00e1nt gyeng\u00e9dek, a tisztelet dolg\u00e1ban egym\u00e1ssal verseng\u0151k!<\/strong><strong>\u201d<\/strong><\/p>\n<p>\u201eHa az els\u0151 sz\u00e1zad kereszt\u00e9ny k\u00f6z\u00f6ss\u00e9geire tekint\u00fcnk, akkor l\u00e1tjuk, hogy a kereszt\u00e9ny szeretet, mely kiv\u00e9tel n\u00e9lk\u00fcl mindenkire kiterjedt, egy saj\u00e1tos nevet kapott. \u00dagy nevezt\u00e9k, hogy \u00bbfiladelfia\u00ab, ami azt jelenti: testv\u00e9ri szeretet, \u00e9s az akkori prof\u00e1n irodalomban ezt a kifejez\u00e9st kiz\u00e1r\u00f3lag a v\u00e9r szerinti testv\u00e9rek kapcsolatak\u00e9nt \u00e9rtelmezt\u00e9k. Soha nem vonatkoztatt\u00e1k ugyanannak a t\u00e1rsadalomnak a tagjaira sem. Csak az \u00dajsz\u00f6vets\u00e9g tesz kiv\u00e9telt ebben.<a href=\"#_ftn1\" name=\"_ftnref1\">[1]<\/a> \u201eSokan vannak olyan fiatalok, akik m\u00e9lyebb, \u0151szint\u00e9bb \u00e9s igazibb kapcsolatra v\u00e1gynak. Az els\u0151 kereszt\u00e9nyek k\u00f6lcs\u00f6n\u00f6s szeretete a testv\u00e9ri szeretet minden jellemz\u0151j\u00e9vel rendelkezett, er\u0151s volt \u00e9s gyeng\u00e9d.\u201d <a href=\"#_ftn2\" name=\"_ftnref2\">[2]<\/a><\/p>\n<p><strong>\u201e<\/strong><strong>Ami a testv\u00e9ri szeretetet illeti, legyetek egym\u00e1s ir\u00e1nt gyeng\u00e9dek, a tisztelet dolg\u00e1ban egym\u00e1ssal verseng\u0151k!<\/strong><strong>\u201d<\/strong><\/p>\n<p>A k\u00f6lcs\u00f6n\u00f6s szeretetben \u00e9l\u0151 k\u00f6z\u00f6ss\u00e9gek tagjait t\u00f6bbek k\u00f6z\u00f6tt az jellemzi, hogy nem z\u00e1rk\u00f3znak be \u00f6nmagukba, hanem k\u00e9szek szemben\u00e9zni a val\u00f3s kih\u00edv\u00e1sokkal, amelyek abban a k\u00f6rnyezetben ad\u00f3dnak, ahol tev\u00e9kenykednek.<\/p>\n<p>K. J. Szerbi\u00e1ban \u00e9l\u0151 magyar nemzetis\u00e9g\u0171 h\u00e1rom gyermekes \u00e9desapa. V\u00e9gre megengedhette mag\u00e1nak, hogy \u00faj h\u00e1zat vegyen, de egy baleset miatt sem anyagilag, sem fizikailag nem tudta egyed\u00fcl rendbe tenni. Ekkor m\u0171k\u00f6d\u00e9sbe l\u00e9pett az ottani fokol\u00e1ros k\u00f6z\u00f6ss\u00e9g, \u00e9s val\u00f3ban meg\u00e9lt\u00e9k a Fiatalok az Egyes\u00fclt Vil\u00e1g\u00e9rt mozgalom \u00e1ltal ind\u00edtott akci\u00f3 mott\u00f3j\u00e1t: #daretocare.<a href=\"#_ftn3\" name=\"_ftnref3\">[3]<\/a><\/p>\n<p>K. J. lelkesen mes\u00e9li, hogy milyen verseng\u00e9s indult, hogy konkr\u00e9tan is t\u00e1mogass\u00e1k: \u201eNagyon sokan elj\u00f6ttek seg\u00edteni, \u00edgy h\u00e1rom nap alatt elk\u00e9sz\u00fclt\u00fcnk a tet\u0151vel, \u00e9s m\u00e9g a padl\u00e1s egyes r\u00e9szeit is rendbe tudtuk hozni.\u201d Az \u00fajj\u00e1\u00e9p\u00edt\u00e9s k\u00f6lts\u00e9geihez Csehorsz\u00e1gb\u00f3l is k\u00fcldtek n\u00e9h\u00e1nyan seg\u00edts\u00e9get. Ez a gesztus is azt mutatta be, hogy a k\u00f6z\u00f6ss\u00e9g sokkal nagyobb, a hat\u00e1rokon \u00e9s a t\u00e1vols\u00e1gokon is \u00e1t\u00edvel. <a href=\"#_ftn4\" name=\"_ftnref4\">[4]<\/a><\/p>\n<p><em>Patrizia Mazzola \u00e9s az \u00e9letige csoport gondoz\u00e1s\u00e1ban<\/em><\/p>\n<p><a href=\"#_ftnref1\" name=\"_ftn1\">[1]<\/a> C. Lubich, <em>Colloqui con i gen<\/em>, Citt\u00e0 Nuova, Roma 1999, p. 58.<\/p>\n<p><a href=\"#_ftnref2\" name=\"_ftn2\">[2]<\/a> Uo.<\/p>\n<p><a href=\"#_ftnref3\" name=\"_ftn3\"><em>[3]<\/em><\/a> <em>Merj\u00fcnk gondoskodni<\/em><\/p>\n<p><a href=\"#_ftnref4\" name=\"_ftn4\">[4]<\/a> A \u201eSerbia: costruire una casa, per essere casa\u201d c. cikkb\u0151l, <em>www.unitedworldproject.org <\/em><\/p>\n<\/div><\/div><\/div><div class=\"fusion-layout-column fusion_builder_column fusion-builder-column-3 fusion_builder_column_1_3 1_3 fusion-flex-column\" style=\"--awb-padding-top:30px;--awb-padding-right:30px;--awb-padding-bottom:10px;--awb-padding-left:30px;--awb-bg-color:var(--awb-custom13);--awb-bg-color-hover:var(--awb-custom13);--awb-bg-size:cover;--awb-width-large:33.333333333333%;--awb-margin-top-large:0px;--awb-spacing-right-large:5.76%;--awb-margin-bottom-large:20px;--awb-spacing-left-large:5.76%;--awb-width-medium:100%;--awb-order-medium:0;--awb-spacing-right-medium:1.92%;--awb-spacing-left-medium:1.92%;--awb-width-small:100%;--awb-order-small:0;--awb-spacing-right-small:1.92%;--awb-spacing-left-small:1.92%;\"><div class=\"fusion-column-wrapper fusion-column-has-shadow fusion-flex-justify-content-flex-start fusion-content-layout-column\"><div class=\"fusion-title title fusion-title-2 fusion-sep-none fusion-title-center fusion-title-text fusion-title-size-four\"><h4 class=\"fusion-title-heading title-heading-center\" style=\"margin:0;\">T\u00f6ltsd le PDF form\u00e1tumban<\/h4><\/div><div style=\"text-align:center;\"><a class=\"fusion-button button-flat fusion-button-default-size button-default fusion-button-default button-1 fusion-button-span-yes fusion-button-default-type\" style=\"--button_margin-bottom:20px;\" target=\"_blank\" rel=\"noopener noreferrer\" href=\"https:\/\/focolare.ro\/wp-content\/uploads\/2023\/04\/CV-05-2023-A5-HU.pdf\"><span class=\"fusion-button-icon-divider button-icon-divider-left\"><i class=\"fa-file-pdf fas awb-button__icon awb-button__icon--default\" aria-hidden=\"true\"><\/i><\/span><span class=\"fusion-button-text awb-button__text awb-button__text--default fusion-button-text-left\">Feln\u0151ttek r\u00e9sz\u00e9re<\/span><\/a><\/div><div style=\"text-align:center;\"><a class=\"fusion-button button-flat fusion-button-default-size button-default fusion-button-default button-2 fusion-button-span-yes fusion-button-default-type\" style=\"--button_margin-bottom:20px;\" target=\"_blank\" rel=\"noopener noreferrer\" href=\"https:\/\/focolare.ro\/wp-content\/uploads\/2023\/06\/ige202305ph.pdf\"><span class=\"fusion-button-icon-divider button-icon-divider-left\"><i class=\"fa-file-pdf fas awb-button__icon awb-button__icon--default\" aria-hidden=\"true\"><\/i><\/span><span class=\"fusion-button-text awb-button__text awb-button__text--default fusion-button-text-left\">Fiataloknak<\/span><\/a><\/div><div style=\"text-align:center;\"><a class=\"fusion-button button-flat fusion-button-default-size button-default fusion-button-default button-3 fusion-button-span-yes fusion-button-default-type\" style=\"--button_margin-bottom:20px;\" target=\"_blank\" rel=\"noopener noreferrer\" href=\"https:\/\/focolare.ro\/wp-content\/uploads\/2023\/06\/Pdv_202305_hu_Color.pdf\"><span class=\"fusion-button-icon-divider button-icon-divider-left\"><i class=\"fa-file-pdf fas awb-button__icon awb-button__icon--default\" aria-hidden=\"true\"><\/i><\/span><span class=\"fusion-button-text awb-button__text awb-button__text--default fusion-button-text-left\">Gyerekeknek sz\u00ednes v\u00e1ltozat<\/span><\/a><\/div><div style=\"text-align:center;\"><a class=\"fusion-button button-flat fusion-button-default-size button-default fusion-button-default button-4 fusion-button-span-yes fusion-button-default-type\" style=\"--button_margin-bottom:20px;\" target=\"_blank\" rel=\"noopener noreferrer\" href=\"https:\/\/focolare.ro\/wp-content\/uploads\/2023\/06\/ige202305kif.pdf\"><span class=\"fusion-button-icon-divider button-icon-divider-left\"><i class=\"fa-file-pdf fas awb-button__icon awb-button__icon--default\" aria-hidden=\"true\"><\/i><\/span><span class=\"fusion-button-text awb-button__text awb-button__text--default fusion-button-text-left\">Gyerekeknek kifest\u0151<\/span><\/a><\/div><\/div><\/div><\/div><\/div><div class=\"fusion-fullwidth fullwidth-box fusion-builder-row-4 fusion-flex-container nonhundred-percent-fullwidth non-hundred-percent-height-scrolling\" style=\"--awb-border-sizes-bottom:3px;--awb-border-color:var(--awb-color5);--awb-border-radius-top-left:0px;--awb-border-radius-top-right:0px;--awb-border-radius-bottom-right:0px;--awb-border-radius-bottom-left:0px;--awb-flex-wrap:wrap;\" ><div class=\"fusion-builder-row fusion-row fusion-flex-align-items-flex-start fusion-flex-content-wrap\" style=\"max-width:1216.8px;margin-left: calc(-4% \/ 2 );margin-right: calc(-4% \/ 2 );\"><\/div><\/div><div class=\"fusion-fullwidth fullwidth-box fusion-builder-row-5 fusion-flex-container nonhundred-percent-fullwidth non-hundred-percent-height-scrolling\" style=\"--awb-border-radius-top-left:0px;--awb-border-radius-top-right:0px;--awb-border-radius-bottom-right:0px;--awb-border-radius-bottom-left:0px;--awb-flex-wrap:wrap;\" ><div class=\"fusion-builder-row fusion-row fusion-flex-align-items-flex-start fusion-flex-content-wrap\" style=\"max-width:1216.8px;margin-left: calc(-4% \/ 2 );margin-right: calc(-4% \/ 2 );\"><div class=\"fusion-layout-column fusion_builder_column fusion-builder-column-4 fusion_builder_column_1_1 1_1 fusion-flex-column\" style=\"--awb-bg-size:cover;--awb-width-large:100%;--awb-margin-top-large:0px;--awb-spacing-right-large:1.92%;--awb-margin-bottom-large:0px;--awb-spacing-left-large:1.92%;--awb-width-medium:100%;--awb-spacing-right-medium:1.92%;--awb-spacing-left-medium:1.92%;--awb-width-small:100%;--awb-spacing-right-small:1.92%;--awb-spacing-left-small:1.92%;\"><div class=\"fusion-column-wrapper fusion-flex-justify-content-flex-start fusion-content-layout-column\"><div class=\"fusion-text fusion-text-2\"><p>\u00a0<\/p>\n<\/div><\/div><\/div><\/div><\/div><div class=\"fusion-fullwidth fullwidth-box fusion-builder-row-6 fusion-flex-container nonhundred-percent-fullwidth non-hundred-percent-height-scrolling\" style=\"--awb-border-radius-top-left:0px;--awb-border-radius-top-right:0px;--awb-border-radius-bottom-right:0px;--awb-border-radius-bottom-left:0px;--awb-flex-wrap:wrap;\" ><div class=\"fusion-builder-row fusion-row fusion-flex-align-items-flex-start fusion-flex-content-wrap\" style=\"max-width:1216.8px;margin-left: calc(-4% \/ 2 );margin-right: calc(-4% \/ 2 );\"><div class=\"fusion-layout-column fusion_builder_column fusion-builder-column-5 fusion_builder_column_1_1 1_1 fusion-flex-column\" style=\"--awb-bg-size:cover;--awb-width-large:100%;--awb-margin-top-large:0px;--awb-spacing-right-large:1.92%;--awb-margin-bottom-large:0px;--awb-spacing-left-large:1.92%;--awb-width-medium:100%;--awb-spacing-right-medium:1.92%;--awb-spacing-left-medium:1.92%;--awb-width-small:100%;--awb-spacing-right-small:1.92%;--awb-spacing-left-small:1.92%;\"><div class=\"fusion-column-wrapper fusion-flex-justify-content-flex-start fusion-content-layout-column\"><div class=\"fusion-text fusion-text-3\"><p>\u00a0<\/p>\n<\/div><\/div><\/div><\/div><\/div><\/p>\n","protected":false},"excerpt":{"rendered":"","protected":false},"author":9,"featured_media":0,"parent":3202,"menu_order":0,"comment_status":"closed","ping_status":"closed","template":"100-width.php","meta":{"footnotes":""},"class_list":["post-3799","page","type-page","status-publish","hentry"],"_links":{"self":[{"href":"https:\/\/focolare.ro\/hu\/wp-json\/wp\/v2\/pages\/3799","targetHints":{"allow":["GET"]}}],"collection":[{"href":"https:\/\/focolare.ro\/hu\/wp-json\/wp\/v2\/pages"}],"about":[{"href":"https:\/\/focolare.ro\/hu\/wp-json\/wp\/v2\/types\/page"}],"author":[{"embeddable":true,"href":"https:\/\/focolare.ro\/hu\/wp-json\/wp\/v2\/users\/9"}],"replies":[{"embeddable":true,"href":"https:\/\/focolare.ro\/hu\/wp-json\/wp\/v2\/comments?post=3799"}],"version-history":[{"count":7,"href":"https:\/\/focolare.ro\/hu\/wp-json\/wp\/v2\/pages\/3799\/revisions"}],"predecessor-version":[{"id":4381,"href":"https:\/\/focolare.ro\/hu\/wp-json\/wp\/v2\/pages\/3799\/revisions\/4381"}],"up":[{"embeddable":true,"href":"https:\/\/focolare.ro\/hu\/wp-json\/wp\/v2\/pages\/3202"}],"wp:attachment":[{"href":"https:\/\/focolare.ro\/hu\/wp-json\/wp\/v2\/media?parent=3799"}],"curies":[{"name":"wp","href":"https:\/\/api.w.org\/{rel}","templated":true}]}}