{"id":3890,"date":"2022-04-03T14:22:54","date_gmt":"2022-04-03T11:22:54","guid":{"rendered":"https:\/\/focolare.ro\/az-elet-igeje\/az-elet-igeje-2023\/2023-julius\/"},"modified":"2024-04-26T18:40:40","modified_gmt":"2024-04-26T15:40:40","slug":"2023-julius","status":"publish","type":"page","link":"https:\/\/focolare.ro\/hu\/az-elet-igeje\/az-elet-igeje-2023\/2023-julius\/","title":{"rendered":"2023. J\u00falius"},"content":{"rendered":"<p><div class=\"fusion-fullwidth fullwidth-box fusion-builder-row-1 fusion-flex-container has-pattern-background has-mask-background fusion-parallax-none nonhundred-percent-fullwidth non-hundred-percent-height-scrolling lazyload\" style=\"--awb-background-position:center bottom;--awb-border-radius-top-left:0px;--awb-border-radius-top-right:0px;--awb-border-radius-bottom-right:0px;--awb-border-radius-bottom-left:0px;--awb-background-color:var(--awb-custom14);--awb-background-size:cover;--awb-flex-wrap:wrap;\" data-bg=\"https:\/\/focolare.ro\/wp-content\/uploads\/2023\/07\/CViulie2023-1.jpg\" ><div class=\"fusion-builder-row fusion-row fusion-flex-align-items-flex-start fusion-flex-content-wrap\" style=\"max-width:1216.8px;margin-left: calc(-4% \/ 2 );margin-right: calc(-4% \/ 2 );\"><div class=\"fusion-layout-column fusion_builder_column fusion-builder-column-0 fusion_builder_column_1_1 1_1 fusion-flex-column\" style=\"--awb-bg-size:cover;--awb-width-large:100%;--awb-margin-top-large:0px;--awb-spacing-right-large:1.92%;--awb-margin-bottom-large:20px;--awb-spacing-left-large:1.92%;--awb-width-medium:100%;--awb-order-medium:0;--awb-spacing-right-medium:1.92%;--awb-spacing-left-medium:1.92%;--awb-width-small:100%;--awb-order-small:0;--awb-spacing-right-small:1.92%;--awb-spacing-left-small:1.92%;\"><div class=\"fusion-column-wrapper fusion-column-has-shadow fusion-flex-justify-content-flex-start fusion-content-layout-column\"><div class=\"fusion-separator fusion-full-width-sep\" style=\"align-self: center;margin-left: auto;margin-right: auto;margin-bottom:200px;width:100%;\"><\/div><div class=\"fusion-title title fusion-title-1 fusion-sep-none fusion-title-text fusion-title-size-two\" style=\"--awb-text-color:var(--awb-color1);\"><h2 class=\"fusion-title-heading title-heading-left\" style=\"margin:0;\">2023. J\u00falius<\/h2><\/div><\/div><\/div><\/div><\/div><div class=\"fusion-fullwidth fullwidth-box fusion-builder-row-2 fusion-flex-container nonhundred-percent-fullwidth non-hundred-percent-height-scrolling\" style=\"--awb-border-radius-top-left:0px;--awb-border-radius-top-right:0px;--awb-border-radius-bottom-right:0px;--awb-border-radius-bottom-left:0px;--awb-background-color:var(--awb-color1);--awb-flex-wrap:wrap;\" ><div class=\"fusion-builder-row fusion-row fusion-flex-align-items-flex-start fusion-flex-content-wrap\" style=\"max-width:1216.8px;margin-left: calc(-4% \/ 2 );margin-right: calc(-4% \/ 2 );\"><div class=\"fusion-layout-column fusion_builder_column fusion-builder-column-1 fusion_builder_column_1_1 1_1 fusion-flex-column\" style=\"--awb-bg-size:cover;--awb-width-large:100%;--awb-margin-top-large:0px;--awb-spacing-right-large:1.92%;--awb-margin-bottom-large:20px;--awb-spacing-left-large:1.92%;--awb-width-medium:100%;--awb-order-medium:0;--awb-spacing-right-medium:1.92%;--awb-spacing-left-medium:1.92%;--awb-width-small:100%;--awb-order-small:0;--awb-spacing-right-small:1.92%;--awb-spacing-left-small:1.92%;\"><div class=\"fusion-column-wrapper fusion-column-has-shadow fusion-flex-justify-content-flex-start fusion-content-layout-column\"><div class=\"fusion-separator fusion-full-width-sep\" style=\"align-self: center;margin-left: auto;margin-right: auto;margin-bottom:100px;width:100%;\"><\/div><\/div><\/div><\/div><\/div><div class=\"fusion-fullwidth fullwidth-box fusion-builder-row-3 fusion-flex-container nonhundred-percent-fullwidth non-hundred-percent-height-scrolling\" style=\"--awb-border-radius-top-left:0px;--awb-border-radius-top-right:0px;--awb-border-radius-bottom-right:0px;--awb-border-radius-bottom-left:0px;--awb-flex-wrap:wrap;\" ><div class=\"fusion-builder-row fusion-row fusion-flex-align-items-flex-start fusion-flex-content-wrap\" style=\"max-width:1216.8px;margin-left: calc(-4% \/ 2 );margin-right: calc(-4% \/ 2 );\"><div class=\"fusion-layout-column fusion_builder_column fusion-builder-column-2 fusion_builder_column_2_3 2_3 fusion-flex-column\" style=\"--awb-bg-size:cover;--awb-width-large:66.666666666667%;--awb-margin-top-large:0px;--awb-spacing-right-large:2.88%;--awb-margin-bottom-large:20px;--awb-spacing-left-large:2.88%;--awb-width-medium:100%;--awb-order-medium:0;--awb-spacing-right-medium:1.92%;--awb-spacing-left-medium:1.92%;--awb-width-small:100%;--awb-order-small:0;--awb-spacing-right-small:1.92%;--awb-spacing-left-small:1.92%;\"><div class=\"fusion-column-wrapper fusion-column-has-shadow fusion-flex-justify-content-flex-start fusion-content-layout-column\"><div class=\"fusion-text fusion-text-1\" style=\"--awb-text-transform:none;\"><h3>2023. j\u00falius<\/h3>\n<p><strong>\u201e<\/strong><strong>Aki inni ad ak\u00e1r csak egy poh\u00e1r friss vizet is egynek e legkisebbek k\u00f6z\u00fcl, mert a tan\u00edtv\u00e1nyom, bizony, mondom nektek: nem vesz\u00edti el jutalm\u00e1t.<\/strong><strong>\u201d (Mt 10,42)<\/strong><\/p>\n<p>M\u00e1t\u00e9 evang\u00e9lista nagyon m\u0171velt kereszt\u00e9ny \u00edr\u00f3, minden r\u00e9szlet\u00e9ben ismeri Izrael Isten\u00e9nek \u00edg\u00e9reteit. Ez\u00e9rt \u0151 J\u00e9zus szavaiban \u00e9s tetteiben ezek beteljesed\u00e9s\u00e9t l\u00e1tja. Evang\u00e9liuma \u00f6t nagy besz\u00e9d form\u00e1j\u00e1ban mutatja be J\u00e9zus, az \u00faj M\u00f3zes tan\u00edt\u00e1s\u00e1t.<\/p>\n<p>Ez az ige a \u201emisszi\u00f3s besz\u00e9d\u201d v\u00e9g\u00e9n szerepel, amely a tizenk\u00e9t apostol kiv\u00e1laszt\u00e1s\u00e1val kezd\u0151dik, \u00e9s le\u00edrja, mi sz\u00fcks\u00e9ges ahhoz, hogy pr\u00e9dik\u00e1lhassanak. Fontos, hogy hiteles legyen a tan\u00fas\u00e1gt\u00e9tel\u00fck, bel\u00fclr\u0151l fakad\u00f3 d\u00f6nt\u00e9seken alapuljon, mert meg nem \u00e9rt\u00e9s \u00e9s \u00fcld\u00f6ztet\u00e9s v\u00e1r majd r\u00e1juk.<\/p>\n<p>M\u00e9g t\u00f6bbr\u0151l van itt sz\u00f3. J\u00e9zus felfedi, hogy a tan\u00edtv\u00e1nyok k\u00fcldet\u00e9se az \u0151 k\u00fcldet\u00e9s\u00e9ben gy\u00f6kerezik, amelyet az Aty\u00e1t\u00f3l kapott. Ez a l\u00e1t\u00e1sm\u00f3d m\u00e1r az \u00d3sz\u00f6vets\u00e9gre is jellemz\u0151, Isten k\u00fcld\u00f6tt\u00e9ben maga Isten v\u00e1lik jelenval\u00f3v\u00e1, \u00e9s ez k\u00f6telez. Teh\u00e1t J\u00e9zus \u00e1ltal \u00e9s azok \u00e1ltal, akiket \u0151 elk\u00fcld, \u00e1tt\u00e9telesen Isten szeretete jut el az emberekhez.<\/p>\n<p><strong>\u201e<\/strong><strong>Aki inni ad ak\u00e1r csak egy poh\u00e1r friss vizet is egynek e legkisebbek k\u00f6z\u00fcl, mert a tan\u00edtv\u00e1nyom, bizony, mondom nektek: nem vesz\u00edti el jutalm\u00e1t.<\/strong><strong>\u201d<\/strong><\/p>\n<p>N\u00e9h\u00e1nyan k\u00fcl\u00f6nleges k\u00fcldet\u00e9st kaptak: apostoli, p\u00e1sztori vagy pr\u00f3f\u00e9tai misszi\u00f3t. IJ\u00e9zus azt mondja, hogy ezen k\u00edv\u00fcl is minden kereszt\u00e9ny tan\u00edtv\u00e1ny lehet, a misszi\u00f3 c\u00edmzettje \u00e9s hordoz\u00f3ja egyben. Akkor is, ha l\u00e1tsz\u00f3lag \u201ekicsik\u201d vagyunk, \u00e9s nincs semmi rendk\u00edv\u00fcli tulajdons\u00e1gunk vagy rangunk, tan\u00edtv\u00e1nyk\u00e9nt k\u00e9pesek vagyunk tan\u00fas\u00e1got tenni Isten k\u00f6zels\u00e9g\u00e9r\u0151l. Az Atya, minden ember atyja mag\u00e1t a kereszt\u00e9ny k\u00f6z\u00f6ss\u00e9get k\u00fcldi az emberis\u00e9ghez.<\/p>\n<p>Mindannyian a testv\u00e9reken kereszt\u00fcl tapasztaltuk meg, hogy Isten figyel r\u00e1nk, gondoskodik r\u00f3lunk, megbocs\u00e1jt \u00e9s b\u00edzik benn\u00fcnk. Az \u00fagynevezett \u201ekis dolgok\u201d az\u00e9rt tudj\u00e1k megv\u00e1ltoztatni a vil\u00e1got, mert az Aty\u00e1ban gy\u00f6kereznek, m\u00e9g akkor is, ha csak egy poh\u00e1r friss v\u00edzr\u0151l van sz\u00f3.<\/p>\n<p>\u201eNem az a l\u00e9nyeg, hogy sokat vagy keveset tudunk-e adni. IAz sz\u00e1m\u00edt, hogy hogyan adunk, mennyi szeretet van a m\u00e1sik ir\u00e1nti figyelmess\u00e9g\u00fcnk ak\u00e1r egy apr\u00f3 gesztus\u00e1ban is. N\u00e9ha el\u00e9g egy poh\u00e1r vizet adni, egy poh\u00e1r friss vizet [\u2026] Egyszer\u0171 \u00e9s m\u00e9gis nagy tett Isten szem\u00e9ben, ha az \u0150 nev\u00e9ben vagy szeretetb\u0151l tessz\u00fck. [\u2026] Az e havi \u00e9letige seg\u00edthet abban, hogy felfedezz\u00fck minden cselekedet\u00fcnk \u00e9rt\u00e9k\u00e9t: a h\u00e1zimunk\u00e1t\u00f3l a f\u00f6ldeken vagy a m\u0171helyben v\u00e9gzett munk\u00e1ig, a hivatali \u00fcgyint\u00e9z\u00e9st\u0151l az iskolai teend\u0151kig vagy a t\u00e1rsadalmi, politikai \u00e9s vall\u00e1si felel\u0151ss\u00e9gek v\u00e1llal\u00e1s\u00e1ig. Minden figyelmes \u00e9s seg\u00edt\u0151k\u00e9sz szolg\u00e1latt\u00e1 v\u00e1lhat. A szeretet \u00faj szemet ad majd nek\u00fcnk, hogy megl\u00e1ssuk, m\u00e1soknak mire van sz\u00fcks\u00e9g\u00fck, hogy tal\u00e1l\u00e9konyan \u00e9s nagylelk\u0171en el\u00e9b\u00fck siess\u00fcnk. \u00c9s az eredm\u00e9ny? Az aj\u00e1nd\u00e9kok k\u00e9zr\u0151l k\u00e9zre fognak j\u00e1rni, mert a szeretet szeretetet sz\u00fcl. Az aj\u00e1nd\u00e9kok k\u00e9zr\u0151l k\u00e9zre fognak j\u00e1rni, mert a szeretet szeretetet sz\u00fcl.<a href=\"#_ftn1\" name=\"_ftnref1\">[1]<\/a>\u00bb<a href=\"#_ftn2\" name=\"_ftnref2\">[2].<\/a><\/p>\n<p><strong>\u201e<\/strong><strong>Aki inni ad ak\u00e1r csak egy poh\u00e1r friss vizet is egynek e legkisebbek k\u00f6z\u00fcl, mert a tan\u00edtv\u00e1nyom, bizony, mondom nektek: nem vesz\u00edti el jutalm\u00e1t.<\/strong><strong>\u201d<\/strong><\/p>\n<p>J\u00e9zus nagyon fontos dolgot k\u00e9r t\u0151l\u00fcnk, azt, hogy ne akad\u00e1lyozzuk meg Isten szeretet\u00e9nek \u00e1ram\u00e1t. Azt k\u00e9ri, hogy az elk\u00e9pzel\u00e9seinket \u00e9s a saj\u00e1t megfontol\u00e1sainkat legy\u0151zve nyitott sz\u00edvvel \u00e9s konkr\u00e9t szolg\u00e1latra k\u00e9szen forduljunk minden emberhez.<\/p>\n<p>Akt\u00edv, tal\u00e1l\u00e9kony \u00e9s felel\u0151ss\u00e9gteljes egy\u00fcttm\u0171k\u00f6d\u00e9s\u00fcnket k\u00e9ri a k\u00f6zj\u00f3 megval\u00f3s\u00edt\u00e1s\u00e1ban a mindennapos apr\u00f3 dolgokt\u00f3l kezdve. \u0150 pedig b\u0151s\u00e9gesen viszonozni fogja ezt, mindig mellett\u00fcnk \u00e1ll, t\u00f6r\u0151dik vel\u00fcnk \u00e9s elk\u00eds\u00e9r k\u00fcldet\u00e9s\u00fcnk sor\u00e1n.<\/p>\n<p>\u201e[\u2026] Otthagytam a munkahelyemet F\u00fcl\u00f6p-szigeteken, \u00e9s a csal\u00e1dom ut\u00e1n mentem Ausztr\u00e1li\u00e1ba [\u2026]. Egy 500 embert foglalkoztat\u00f3 \u00e9p\u00edt\u0151ipari c\u00e9gn\u00e9l tal\u00e1ltam takar\u00edt\u00f3i munk\u00e1t. A pavilonokat, az \u00e9tkez\u0151ket, az \u00f6lt\u00f6z\u0151ket, az irod\u00e1kat \u00e9s az eb\u00e9dl\u0151t kellett rendben tartanom. Kor\u00e1bban m\u00e9rn\u00f6kk\u00e9nt dolgoztam, \u00e9s ez a munka most eg\u00e9szen m\u00e1s volt. [\u2026] Az emberek ir\u00e1nti szeretetb\u0151l mindig tiszt\u00e1n \u00e9s rendben tartom az eb\u00e9dl\u0151t. Vannak viszont, akik nem t\u00f6r\u0151dnek a tisztas\u00e1ggal [\u2026]. Ennek ellen\u00e9re t\u00fcrelemmel voltam ir\u00e1ntuk, mert sz\u00e1momra ez egy lehet\u0151s\u00e9g, hogy J\u00e9zust szeressem abban, akivel tal\u00e1lkozom. \u00ce\u0150k pedig lassacsk\u00e1n elkezdtek rendet tenni maguk ut\u00e1n, amikor megeb\u00e9deltek, id\u0151vel \u00f6sszebar\u00e1tkoztunk, \u00e9s elnyertem a bizalmukat \u00e9s a tisztelet\u00fcket [\u2026]. Megtapasztaltam, hogy a szeretet rag\u00e1lyos, \u00e9s amit szeretetb\u0151l tesz\u00fcnk, az megmarad.\u201d<a href=\"#_ftn3\" name=\"_ftnref3\">[3]<\/a><\/p>\n<p><em>Patrizia Mazzola \u00e9s az \u00e9letige csoport gondoz\u00e1s\u00e1ban<\/em><\/p>\n<p><a href=\"#_ftnref1\" name=\"_ftn1\">[1]<\/a>v\u00f6. <em>Mt<\/em> 10,42<\/p>\n<p><a href=\"#_ftnref2\" name=\"_ftn2\">[2]<\/a> Ch. Lubich: Az \u00e9let ig\u00e9je 2006, in eadem, <em>Parole di Vita<\/em>, szerkesztette: Fabio Ciardi (Opere di Chiara Lubich 5; Citt\u00e0 Nuova, R\u00f3ma 2017) p.792\u2013793.<\/p>\n<p><a href=\"#_ftnref3\" name=\"_ftn3\">[3]<\/a> Coord. Szerk. S. Pellegrini, G. Salerno, M. Caporali, <em>Famiglie in azione \u2013 Un mosaico di vita,<\/em> Citt\u00e0 Nuova 2022, p. 55..<\/p>\n<\/div><\/div><\/div><div class=\"fusion-layout-column fusion_builder_column fusion-builder-column-3 fusion_builder_column_1_3 1_3 fusion-flex-column\" style=\"--awb-padding-top:30px;--awb-padding-right:30px;--awb-padding-bottom:10px;--awb-padding-left:30px;--awb-bg-color:var(--awb-custom13);--awb-bg-color-hover:var(--awb-custom13);--awb-bg-size:cover;--awb-width-large:33.333333333333%;--awb-margin-top-large:0px;--awb-spacing-right-large:5.76%;--awb-margin-bottom-large:20px;--awb-spacing-left-large:5.76%;--awb-width-medium:100%;--awb-order-medium:0;--awb-spacing-right-medium:1.92%;--awb-spacing-left-medium:1.92%;--awb-width-small:100%;--awb-order-small:0;--awb-spacing-right-small:1.92%;--awb-spacing-left-small:1.92%;\"><div class=\"fusion-column-wrapper fusion-column-has-shadow fusion-flex-justify-content-flex-start fusion-content-layout-column\"><div class=\"fusion-title title fusion-title-2 fusion-sep-none fusion-title-center fusion-title-text fusion-title-size-four\"><h4 class=\"fusion-title-heading title-heading-center\" style=\"margin:0;\">T\u00f6ltsd le PDF form\u00e1tumban<\/h4><\/div><div style=\"text-align:center;\"><a class=\"fusion-button button-flat fusion-button-default-size button-default fusion-button-default button-1 fusion-button-span-yes fusion-button-default-type\" style=\"--button_margin-bottom:20px;\" target=\"_blank\" rel=\"noopener noreferrer\" href=\"https:\/\/focolare.ro\/wp-content\/uploads\/2023\/07\/CV-07-2023-A5-HU-1.pdf\"><span class=\"fusion-button-icon-divider button-icon-divider-left\"><i class=\"fa-file-pdf fas awb-button__icon awb-button__icon--default\" aria-hidden=\"true\"><\/i><\/span><span class=\"fusion-button-text awb-button__text awb-button__text--default fusion-button-text-left\">Feln\u0151ttek r\u00e9sz\u00e9re<\/span><\/a><\/div><div style=\"text-align:center;\"><a class=\"fusion-button button-flat fusion-button-default-size button-default fusion-button-default button-2 fusion-button-span-yes fusion-button-default-type\" style=\"--button_margin-bottom:20px;\" target=\"_blank\" rel=\"noopener noreferrer\" href=\"https:\/\/focolare.ro\/wp-content\/uploads\/2023\/07\/CV-07-2023-A5-HU-1.pdf\"><span class=\"fusion-button-icon-divider button-icon-divider-left\"><i class=\"fa-file-pdf fas awb-button__icon awb-button__icon--default\" aria-hidden=\"true\"><\/i><\/span><span class=\"fusion-button-text awb-button__text awb-button__text--default fusion-button-text-left\">Feln\u0151ttek r\u00e9sz\u00e9re<\/span><\/a><\/div><div style=\"text-align:center;\"><a class=\"fusion-button button-flat fusion-button-default-size button-default fusion-button-default button-3 fusion-button-span-yes fusion-button-default-type\" style=\"--button_margin-bottom:20px;\" target=\"_blank\" rel=\"noopener noreferrer\" href=\"https:\/\/focolare.ro\/wp-content\/uploads\/2023\/07\/CV-07-2023_tineri.pdf\"><span class=\"fusion-button-icon-divider button-icon-divider-left\"><i class=\"fa-file-pdf fas awb-button__icon awb-button__icon--default\" aria-hidden=\"true\"><\/i><\/span><span class=\"fusion-button-text awb-button__text awb-button__text--default fusion-button-text-left\">Fiataloknak<\/span><\/a><\/div><div style=\"text-align:center;\"><a class=\"fusion-button button-flat fusion-button-default-size button-default fusion-button-default button-4 fusion-button-span-yes fusion-button-default-type\" style=\"--button_margin-bottom:20px;\" target=\"_blank\" rel=\"noopener noreferrer\" href=\"https:\/\/focolare.ro\/wp-content\/uploads\/2023\/07\/Pdv_202307_hu_Color.pdf\"><span class=\"fusion-button-icon-divider button-icon-divider-left\"><i class=\"fa-file-pdf fas awb-button__icon awb-button__icon--default\" aria-hidden=\"true\"><\/i><\/span><span class=\"fusion-button-text awb-button__text awb-button__text--default fusion-button-text-left\">Gyerekeknek sz\u00ednes v\u00e1ltozat<\/span><\/a><\/div><div style=\"text-align:center;\"><a class=\"fusion-button button-flat fusion-button-default-size button-default fusion-button-default button-5 fusion-button-span-yes fusion-button-default-type\" style=\"--button_margin-bottom:20px;\" target=\"_blank\" rel=\"noopener noreferrer\" href=\"https:\/\/focolare.ro\/wp-content\/uploads\/2023\/07\/ige202307kif.pdf\"><span class=\"fusion-button-icon-divider button-icon-divider-left\"><i class=\"fa-file-pdf fas awb-button__icon awb-button__icon--default\" aria-hidden=\"true\"><\/i><\/span><span class=\"fusion-button-text awb-button__text awb-button__text--default fusion-button-text-left\">Gyerekeknek kifest\u0151<\/span><\/a><\/div><\/div><\/div><\/div><\/div><div class=\"fusion-fullwidth fullwidth-box fusion-builder-row-4 fusion-flex-container nonhundred-percent-fullwidth non-hundred-percent-height-scrolling\" style=\"--awb-border-sizes-bottom:3px;--awb-border-color:var(--awb-color5);--awb-border-radius-top-left:0px;--awb-border-radius-top-right:0px;--awb-border-radius-bottom-right:0px;--awb-border-radius-bottom-left:0px;--awb-flex-wrap:wrap;\" ><div class=\"fusion-builder-row fusion-row fusion-flex-align-items-flex-start fusion-flex-content-wrap\" style=\"max-width:1216.8px;margin-left: calc(-4% \/ 2 );margin-right: calc(-4% \/ 2 );\"><\/div><\/div><div class=\"fusion-fullwidth fullwidth-box fusion-builder-row-5 fusion-flex-container nonhundred-percent-fullwidth non-hundred-percent-height-scrolling\" style=\"--awb-border-radius-top-left:0px;--awb-border-radius-top-right:0px;--awb-border-radius-bottom-right:0px;--awb-border-radius-bottom-left:0px;--awb-flex-wrap:wrap;\" ><div class=\"fusion-builder-row fusion-row fusion-flex-align-items-flex-start fusion-flex-content-wrap\" style=\"max-width:1216.8px;margin-left: calc(-4% \/ 2 );margin-right: calc(-4% \/ 2 );\"><div class=\"fusion-layout-column fusion_builder_column fusion-builder-column-4 fusion_builder_column_1_1 1_1 fusion-flex-column\" style=\"--awb-bg-size:cover;--awb-width-large:100%;--awb-margin-top-large:0px;--awb-spacing-right-large:1.92%;--awb-margin-bottom-large:0px;--awb-spacing-left-large:1.92%;--awb-width-medium:100%;--awb-spacing-right-medium:1.92%;--awb-spacing-left-medium:1.92%;--awb-width-small:100%;--awb-spacing-right-small:1.92%;--awb-spacing-left-small:1.92%;\"><div class=\"fusion-column-wrapper fusion-flex-justify-content-flex-start fusion-content-layout-column\"><div class=\"fusion-text fusion-text-2\"><p>\u00a0<\/p>\n<\/div><\/div><\/div><\/div><\/div><div class=\"fusion-fullwidth fullwidth-box fusion-builder-row-6 fusion-flex-container nonhundred-percent-fullwidth non-hundred-percent-height-scrolling\" style=\"--awb-border-radius-top-left:0px;--awb-border-radius-top-right:0px;--awb-border-radius-bottom-right:0px;--awb-border-radius-bottom-left:0px;--awb-flex-wrap:wrap;\" ><div class=\"fusion-builder-row fusion-row fusion-flex-align-items-flex-start fusion-flex-content-wrap\" style=\"max-width:1216.8px;margin-left: calc(-4% \/ 2 );margin-right: calc(-4% \/ 2 );\"><div class=\"fusion-layout-column fusion_builder_column fusion-builder-column-5 fusion_builder_column_1_1 1_1 fusion-flex-column\" style=\"--awb-bg-size:cover;--awb-width-large:100%;--awb-margin-top-large:0px;--awb-spacing-right-large:1.92%;--awb-margin-bottom-large:0px;--awb-spacing-left-large:1.92%;--awb-width-medium:100%;--awb-spacing-right-medium:1.92%;--awb-spacing-left-medium:1.92%;--awb-width-small:100%;--awb-spacing-right-small:1.92%;--awb-spacing-left-small:1.92%;\"><div class=\"fusion-column-wrapper fusion-flex-justify-content-flex-start fusion-content-layout-column\"><div class=\"fusion-text fusion-text-3\"><p>\u00a0<\/p>\n<\/div><\/div><\/div><\/div><\/div><\/p>\n","protected":false},"excerpt":{"rendered":"","protected":false},"author":9,"featured_media":0,"parent":3202,"menu_order":0,"comment_status":"closed","ping_status":"closed","template":"100-width.php","meta":{"footnotes":""},"class_list":["post-3890","page","type-page","status-publish","hentry"],"_links":{"self":[{"href":"https:\/\/focolare.ro\/hu\/wp-json\/wp\/v2\/pages\/3890","targetHints":{"allow":["GET"]}}],"collection":[{"href":"https:\/\/focolare.ro\/hu\/wp-json\/wp\/v2\/pages"}],"about":[{"href":"https:\/\/focolare.ro\/hu\/wp-json\/wp\/v2\/types\/page"}],"author":[{"embeddable":true,"href":"https:\/\/focolare.ro\/hu\/wp-json\/wp\/v2\/users\/9"}],"replies":[{"embeddable":true,"href":"https:\/\/focolare.ro\/hu\/wp-json\/wp\/v2\/comments?post=3890"}],"version-history":[{"count":13,"href":"https:\/\/focolare.ro\/hu\/wp-json\/wp\/v2\/pages\/3890\/revisions"}],"predecessor-version":[{"id":4379,"href":"https:\/\/focolare.ro\/hu\/wp-json\/wp\/v2\/pages\/3890\/revisions\/4379"}],"up":[{"embeddable":true,"href":"https:\/\/focolare.ro\/hu\/wp-json\/wp\/v2\/pages\/3202"}],"wp:attachment":[{"href":"https:\/\/focolare.ro\/hu\/wp-json\/wp\/v2\/media?parent=3890"}],"curies":[{"name":"wp","href":"https:\/\/api.w.org\/{rel}","templated":true}]}}