{"id":4123,"date":"2022-04-03T12:08:07","date_gmt":"2022-04-03T09:08:07","guid":{"rendered":"https:\/\/focolare.ro\/az-elet-igeje\/az-elet-igeje-2024\/"},"modified":"2024-10-02T11:13:13","modified_gmt":"2024-10-02T08:13:13","slug":"az-elet-igeje-2024","status":"publish","type":"page","link":"https:\/\/focolare.ro\/hu\/az-elet-igeje\/az-elet-igeje-2024\/","title":{"rendered":"Az \u00e9let ig\u00e9je &#8211; 2024"},"content":{"rendered":"<p><div class=\"fusion-fullwidth fullwidth-box fusion-builder-row-1 fusion-flex-container nonhundred-percent-fullwidth non-hundred-percent-height-scrolling\" style=\"--awb-border-radius-top-left:0px;--awb-border-radius-top-right:0px;--awb-border-radius-bottom-right:0px;--awb-border-radius-bottom-left:0px;--awb-background-color:var(--awb-color1);--awb-flex-wrap:wrap;\" ><div class=\"fusion-builder-row fusion-row fusion-flex-align-items-flex-start fusion-flex-content-wrap\" style=\"max-width:1216.8px;margin-left: calc(-4% \/ 2 );margin-right: calc(-4% \/ 2 );\"><div class=\"fusion-layout-column fusion_builder_column fusion-builder-column-0 fusion_builder_column_1_1 1_1 fusion-flex-column\" style=\"--awb-bg-size:cover;--awb-width-large:100%;--awb-margin-top-large:0px;--awb-spacing-right-large:1.92%;--awb-margin-bottom-large:20px;--awb-spacing-left-large:1.92%;--awb-width-medium:100%;--awb-order-medium:0;--awb-spacing-right-medium:1.92%;--awb-spacing-left-medium:1.92%;--awb-width-small:100%;--awb-order-small:0;--awb-spacing-right-small:1.92%;--awb-spacing-left-small:1.92%;\"><div class=\"fusion-column-wrapper fusion-column-has-shadow fusion-flex-justify-content-flex-start fusion-content-layout-column\"><div class=\"fusion-separator fusion-full-width-sep\" style=\"align-self: center;margin-left: auto;margin-right: auto;margin-top:50px;width:100%;\"><\/div>\n<style type=\"text\/css\">.focolare-cuvantul-vietii-row-container .fusion-title h4 {\n  background-color: rgba(0, 0, 0, 0.6);\n}\n<\/style>\n<\/div><\/div><\/div><\/div><div class=\"fusion-fullwidth fullwidth-box fusion-builder-row-2 fusion-flex-container has-pattern-background has-mask-background nonhundred-percent-fullwidth non-hundred-percent-height-scrolling\" style=\"--awb-border-radius-top-left:0px;--awb-border-radius-top-right:0px;--awb-border-radius-bottom-right:0px;--awb-border-radius-bottom-left:0px;--awb-flex-wrap:wrap;\" ><div class=\"fusion-builder-row fusion-row fusion-flex-align-items-stretch fusion-flex-justify-content-space-evenly fusion-flex-content-wrap\" style=\"max-width:1216.8px;margin-left: calc(-4% \/ 2 );margin-right: calc(-4% \/ 2 );\"><div class=\"fusion-layout-column fusion_builder_column fusion-builder-column-1 fusion_builder_column_1_1 1_1 fusion-flex-column\" style=\"--awb-padding-top:10px;--awb-padding-right:10px;--awb-padding-bottom:10px;--awb-padding-left:10px;--awb-bg-color:var(--awb-custom13);--awb-bg-color-hover:var(--awb-custom13);--awb-bg-size:cover;--awb-width-large:100%;--awb-margin-top-large:0px;--awb-spacing-right-large:1.92%;--awb-margin-bottom-large:50px;--awb-spacing-left-large:1.92%;--awb-width-medium:100%;--awb-order-medium:0;--awb-spacing-right-medium:1.92%;--awb-spacing-left-medium:1.92%;--awb-width-small:100%;--awb-order-small:0;--awb-spacing-right-small:1.92%;--awb-spacing-left-small:1.92%;\"><div class=\"fusion-column-wrapper fusion-column-has-shadow fusion-flex-justify-content-flex-start fusion-content-layout-column\"><div class=\"fusion-builder-row fusion-builder-row-inner fusion-row fusion-flex-align-items-stretch fusion-flex-justify-content-space-evenly fusion-flex-content-wrap\" style=\"width:104% !important;max-width:104% !important;margin-left: calc(-4% \/ 2 );margin-right: calc(-4% \/ 2 );\"><div class=\"fusion-layout-column fusion_builder_column_inner fusion-builder-nested-column-0 fusion_builder_column_inner_1_2 1_2 fusion-flex-column\" style=\"--awb-bg-size:cover;--awb-width-large:50%;--awb-margin-top-large:0px;--awb-spacing-right-large:3.84%;--awb-margin-bottom-large:0px;--awb-spacing-left-large:3.84%;--awb-width-medium:100%;--awb-order-medium:0;--awb-spacing-right-medium:1.92%;--awb-spacing-left-medium:1.92%;--awb-width-small:100%;--awb-order-small:0;--awb-spacing-right-small:1.92%;--awb-spacing-left-small:1.92%;\"><div class=\"fusion-column-wrapper fusion-column-has-shadow fusion-flex-justify-content-flex-start fusion-content-layout-column\"><div class=\"fusion-title title fusion-title-1 fusion-sep-none fusion-title-text fusion-title-size-three\" style=\"--awb-margin-bottom:0px;--awb-margin-bottom-small:0px;\"><h3 class=\"fusion-title-heading title-heading-left\" style=\"margin:0;\">Arh\u00edv<\/h3><\/div><\/div><\/div><div class=\"fusion-layout-column fusion_builder_column_inner fusion-builder-nested-column-1 fusion_builder_column_inner_1_2 1_2 fusion-flex-column\" style=\"--awb-bg-size:cover;--awb-width-large:50%;--awb-margin-top-large:0px;--awb-spacing-right-large:3.84%;--awb-margin-bottom-large:0px;--awb-spacing-left-large:3.84%;--awb-width-medium:100%;--awb-order-medium:0;--awb-spacing-right-medium:1.92%;--awb-spacing-left-medium:1.92%;--awb-width-small:100%;--awb-order-small:0;--awb-spacing-right-small:1.92%;--awb-spacing-left-small:1.92%;\"><div class=\"fusion-column-wrapper fusion-column-has-shadow fusion-flex-justify-content-flex-start fusion-content-layout-column\"><div style=\"text-align:right;\"><a class=\"fusion-button button-flat fusion-button-default-size button-default fusion-button-default button-1 fusion-button-default-span fusion-button-default-type\" target=\"_self\" href=\"https:\/\/focolare.ro\/hu\/az-elet-igeje\/\"><span class=\"fusion-button-text awb-button__text awb-button__text--default\">Kattints ide!<\/span><\/a><\/div><\/div><\/div><\/div><\/div><\/div><\/div><\/div><div class=\"fusion-fullwidth fullwidth-box fusion-builder-row-3 fusion-flex-container nonhundred-percent-fullwidth non-hundred-percent-height-scrolling focolare-cuvantul-vietii-row-container\" style=\"--awb-border-radius-top-left:0px;--awb-border-radius-top-right:0px;--awb-border-radius-bottom-right:0px;--awb-border-radius-bottom-left:0px;--awb-margin-bottom:30px;--awb-flex-wrap:wrap;\" ><div class=\"fusion-builder-row fusion-row fusion-flex-align-items-stretch fusion-flex-content-wrap\" style=\"max-width:1216.8px;margin-left: calc(-4% \/ 2 );margin-right: calc(-4% \/ 2 );\"><div class=\"fusion-layout-column fusion_builder_column fusion-builder-column-2 fusion_builder_column_1_3 1_3 fusion-flex-column fusion-column-inner-bg-wrapper\" style=\"--awb-padding-top:60px;--awb-padding-right:10px;--awb-padding-bottom:30px;--awb-padding-left:10px;--awb-inner-bg-size:cover;--awb-width-large:33.333333333333%;--awb-margin-top-large:0px;--awb-spacing-right-large:5.76%;--awb-margin-bottom-large:50px;--awb-spacing-left-large:5.76%;--awb-width-medium:100%;--awb-order-medium:0;--awb-spacing-right-medium:1.92%;--awb-spacing-left-medium:1.92%;--awb-width-small:100%;--awb-order-small:0;--awb-spacing-right-small:1.92%;--awb-spacing-left-small:1.92%;\" data-scroll-devices=\"small-visibility,medium-visibility,large-visibility\"><span class=\"fusion-column-inner-bg hover-type-zoomin\"><a class=\"fusion-column-anchor\" href=\"https:\/\/focolare.ro\/cuvantul-vietii\/cuvantul-vietii-2024\/cvoctombrie2024\/\"><span class=\"fusion-column-inner-bg-image lazyload\" data-bg=\"https:\/\/focolare.ro\/wp-content\/uploads\/2024\/10\/cvoctombrie2024-1024x512.jpg\"><\/span><\/a><\/span><div class=\"fusion-column-wrapper fusion-column-has-shadow fusion-flex-justify-content-flex-start fusion-content-layout-column fusion-column-has-bg-image\" data-bg-url=\"https:\/\/focolare.ro\/wp-content\/uploads\/2024\/10\/cvoctombrie2024-1024x512.jpg\"><div class=\"fusion-title title fusion-title-2 fusion-sep-none fusion-title-center fusion-title-text fusion-title-size-four\" style=\"--awb-text-color:var(--awb-color1);\"><h4 class=\"fusion-title-heading title-heading-center\" style=\"margin:0;\">2024. okt\u00f3ber<\/h4><\/div><div class=\"fusion-text fusion-text-1\" style=\"--awb-text-transform:none;\"><blockquote>\n<p><strong>\u201e<\/strong><strong>Ha<\/strong> <strong>valaki k\u00f6z\u00fcletek nagy akar lenni,<\/strong> <strong>legyen<\/strong><strong> a szolg\u00e1tok<\/strong>, <strong>\u00e9s ha valaki k\u00f6z\u00fcletek<\/strong> <strong>els\u0151 akar lenni,<\/strong> <strong>legyen mindenkinek a szolg\u00e1ja.<\/strong><strong>\u201d<\/strong> <strong>(<em>Mk <\/em>10,43-44)<\/strong><\/p>\n<\/blockquote>\n<\/div><\/div><\/div><div class=\"fusion-layout-column fusion_builder_column fusion-builder-column-3 fusion_builder_column_1_3 1_3 fusion-flex-column fusion-column-inner-bg-wrapper\" style=\"--awb-padding-top:60px;--awb-padding-right:10px;--awb-padding-bottom:30px;--awb-padding-left:10px;--awb-inner-bg-size:cover;--awb-width-large:33.333333333333%;--awb-margin-top-large:0px;--awb-spacing-right-large:5.76%;--awb-margin-bottom-large:50px;--awb-spacing-left-large:5.76%;--awb-width-medium:100%;--awb-order-medium:0;--awb-spacing-right-medium:1.92%;--awb-spacing-left-medium:1.92%;--awb-width-small:100%;--awb-order-small:0;--awb-spacing-right-small:1.92%;--awb-spacing-left-small:1.92%;\" data-scroll-devices=\"small-visibility,medium-visibility,large-visibility\"><span class=\"fusion-column-inner-bg hover-type-zoomin\"><a class=\"fusion-column-anchor\" href=\"https:\/\/focolare.ro\/hu\/az-elet-igeje\/az-elet-igeje-2024\/2024-szeptember\/\"><span class=\"fusion-column-inner-bg-image lazyload\" data-bg=\"https:\/\/focolare.ro\/wp-content\/uploads\/2024\/08\/cvseptembrie2024-1024x768.jpg\"><\/span><\/a><\/span><div class=\"fusion-column-wrapper fusion-column-has-shadow fusion-flex-justify-content-flex-start fusion-content-layout-column fusion-column-has-bg-image\" data-bg-url=\"https:\/\/focolare.ro\/wp-content\/uploads\/2024\/08\/cvseptembrie2024-1024x768.jpg\"><div class=\"fusion-title title fusion-title-3 fusion-sep-none fusion-title-center fusion-title-text fusion-title-size-four\" style=\"--awb-text-color:var(--awb-color1);\"><h4 class=\"fusion-title-heading title-heading-center\" style=\"margin:0;\">2024. szeptember<\/h4><\/div><div class=\"fusion-text fusion-text-2\" style=\"--awb-text-transform:none;\"><blockquote>\n<p><strong>\u201e<\/strong><strong>Cselekedjetek az ige szerint, s ne csak hallgass\u00e1tok, \u00f6nmagatokat \u00e1m\u00edtva<\/strong><strong>\u201d<\/strong> <strong>(<em>Jak<\/em> 1,22)<\/strong><\/p>\n<\/blockquote>\n<\/div><\/div><\/div><div class=\"fusion-layout-column fusion_builder_column fusion-builder-column-4 fusion_builder_column_1_3 1_3 fusion-flex-column fusion-column-inner-bg-wrapper\" style=\"--awb-padding-top:60px;--awb-padding-right:10px;--awb-padding-bottom:30px;--awb-padding-left:10px;--awb-inner-bg-size:cover;--awb-width-large:33.333333333333%;--awb-margin-top-large:0px;--awb-spacing-right-large:5.76%;--awb-margin-bottom-large:50px;--awb-spacing-left-large:5.76%;--awb-width-medium:100%;--awb-order-medium:0;--awb-spacing-right-medium:1.92%;--awb-spacing-left-medium:1.92%;--awb-width-small:100%;--awb-order-small:0;--awb-spacing-right-small:1.92%;--awb-spacing-left-small:1.92%;\" data-scroll-devices=\"small-visibility,medium-visibility,large-visibility\"><span class=\"fusion-column-inner-bg hover-type-zoomin\"><a class=\"fusion-column-anchor\" href=\"https:\/\/focolare.ro\/cuvantul-vietii\/cuvantul-vietii-2024\/cvaugust2024\/\"><span class=\"fusion-column-inner-bg-image lazyload\" data-bg=\"https:\/\/focolare.ro\/wp-content\/uploads\/2024\/07\/cvaugust2024-1024x682.jpg\"><\/span><\/a><\/span><div class=\"fusion-column-wrapper fusion-column-has-shadow fusion-flex-justify-content-flex-start fusion-content-layout-column fusion-column-has-bg-image\" data-bg-url=\"https:\/\/focolare.ro\/wp-content\/uploads\/2024\/07\/cvaugust2024-1024x682.jpg\"><div class=\"fusion-title title fusion-title-4 fusion-sep-none fusion-title-center fusion-title-text fusion-title-size-four\" style=\"--awb-text-color:var(--awb-color1);\"><h4 class=\"fusion-title-heading title-heading-center\" style=\"margin:0;\">2024. augusztus<\/h4><\/div><div class=\"fusion-text fusion-text-3\" style=\"--awb-text-transform:none;\"><blockquote>\n<p><strong>Uram, j\u00f3 nek\u00fcnk itt lenni! <\/strong><strong>(<em>Mt<\/em> 17,4)<\/strong><\/p>\n<\/blockquote>\n<\/div><\/div><\/div><div class=\"fusion-layout-column fusion_builder_column fusion-builder-column-5 fusion_builder_column_1_3 1_3 fusion-flex-column fusion-column-inner-bg-wrapper\" style=\"--awb-padding-top:60px;--awb-padding-right:10px;--awb-padding-bottom:30px;--awb-padding-left:10px;--awb-inner-bg-size:cover;--awb-width-large:33.333333333333%;--awb-margin-top-large:0px;--awb-spacing-right-large:5.76%;--awb-margin-bottom-large:50px;--awb-spacing-left-large:5.76%;--awb-width-medium:100%;--awb-order-medium:0;--awb-spacing-right-medium:1.92%;--awb-spacing-left-medium:1.92%;--awb-width-small:100%;--awb-order-small:0;--awb-spacing-right-small:1.92%;--awb-spacing-left-small:1.92%;\" data-scroll-devices=\"small-visibility,medium-visibility,large-visibility\"><span class=\"fusion-column-inner-bg hover-type-zoomin\"><a class=\"fusion-column-anchor\" href=\"https:\/\/focolare.ro\/hu\/az-elet-igeje\/az-elet-igeje-2024\/2024-julius\/\"><span class=\"fusion-column-inner-bg-image lazyload\" data-bg=\"https:\/\/focolare.ro\/wp-content\/uploads\/2024\/07\/cviulie2024-1024x682.jpg\"><\/span><\/a><\/span><div class=\"fusion-column-wrapper fusion-column-has-shadow fusion-flex-justify-content-flex-start fusion-content-layout-column fusion-column-has-bg-image\" data-bg-url=\"https:\/\/focolare.ro\/wp-content\/uploads\/2024\/07\/cviulie2024-1024x682.jpg\"><div class=\"fusion-title title fusion-title-5 fusion-sep-none fusion-title-center fusion-title-text fusion-title-size-four\" style=\"--awb-text-color:var(--awb-color1);\"><h4 class=\"fusion-title-heading title-heading-center\" style=\"margin:0;\">2024. j\u00falius<\/h4><\/div><div class=\"fusion-text fusion-text-4\" style=\"--awb-text-transform:none;\"><blockquote>\n<p><strong>\u00ab<\/strong><strong>Az \u00dar az \u00e9n p\u00e1sztorom, nem sz\u0171k\u00f6lk\u00f6d\u00f6m [de nimic]<\/strong><strong>\u00bb <\/strong><strong>(<em>Zsolt <\/em>23[22],1).<\/strong><\/p>\n<\/blockquote>\n<\/div><\/div><\/div><div class=\"fusion-layout-column fusion_builder_column fusion-builder-column-6 fusion_builder_column_1_3 1_3 fusion-flex-column fusion-column-inner-bg-wrapper\" style=\"--awb-padding-top:60px;--awb-padding-right:10px;--awb-padding-bottom:30px;--awb-padding-left:10px;--awb-inner-bg-size:cover;--awb-width-large:33.333333333333%;--awb-margin-top-large:0px;--awb-spacing-right-large:5.76%;--awb-margin-bottom-large:50px;--awb-spacing-left-large:5.76%;--awb-width-medium:100%;--awb-order-medium:0;--awb-spacing-right-medium:1.92%;--awb-spacing-left-medium:1.92%;--awb-width-small:100%;--awb-order-small:0;--awb-spacing-right-small:1.92%;--awb-spacing-left-small:1.92%;\" data-scroll-devices=\"small-visibility,medium-visibility,large-visibility\"><span class=\"fusion-column-inner-bg hover-type-zoomin\"><a class=\"fusion-column-anchor\" href=\"https:\/\/focolare.ro\/hu\/az-elet-igeje\/az-elet-igeje-2024\/2024-junius\/\"><span class=\"fusion-column-inner-bg-image lazyload\" data-bg=\"https:\/\/focolare.ro\/wp-content\/uploads\/2024\/06\/cviunie2024-2-1024x682.jpg\"><\/span><\/a><\/span><div class=\"fusion-column-wrapper fusion-column-has-shadow fusion-flex-justify-content-flex-start fusion-content-layout-column fusion-column-has-bg-image\" data-bg-url=\"https:\/\/focolare.ro\/wp-content\/uploads\/2024\/06\/cviunie2024-2-1024x682.jpg\"><div class=\"fusion-title title fusion-title-6 fusion-sep-none fusion-title-center fusion-title-text fusion-title-size-four\" style=\"--awb-text-color:var(--awb-color1);\"><h4 class=\"fusion-title-heading title-heading-center\" style=\"margin:0;\">2024. j\u00fanius<\/h4><\/div><div class=\"fusion-text fusion-text-5\" style=\"--awb-text-transform:none;\"><blockquote>\n<p><strong>\u201eAz Isten orsz\u00e1ga olyan, mint amikor az ember magot sz\u00f3r a f\u00f6ldbe. Azut\u00e1n m\u00e1r ak\u00e1r alszik, ak\u00e1r f\u00f6lkel \u00e9jjel \u00e9s nappal, a mag kikel \u00e9s n\u00f6vekszik\u201d <\/strong><strong>(<em>Mk<\/em> 4,26-27)<\/strong> <\/p>\n<\/blockquote>\n<\/div><\/div><\/div><div class=\"fusion-layout-column fusion_builder_column fusion-builder-column-7 fusion_builder_column_1_3 1_3 fusion-flex-column fusion-column-inner-bg-wrapper\" style=\"--awb-padding-top:60px;--awb-padding-right:10px;--awb-padding-bottom:30px;--awb-padding-left:10px;--awb-inner-bg-size:cover;--awb-width-large:33.333333333333%;--awb-margin-top-large:0px;--awb-spacing-right-large:5.76%;--awb-margin-bottom-large:50px;--awb-spacing-left-large:5.76%;--awb-width-medium:100%;--awb-order-medium:0;--awb-spacing-right-medium:1.92%;--awb-spacing-left-medium:1.92%;--awb-width-small:100%;--awb-order-small:0;--awb-spacing-right-small:1.92%;--awb-spacing-left-small:1.92%;\" data-scroll-devices=\"small-visibility,medium-visibility,large-visibility\"><span class=\"fusion-column-inner-bg hover-type-zoomin\"><a class=\"fusion-column-anchor\" href=\"https:\/\/focolare.ro\/hu\/az-elet-igeje\/az-elet-igeje-2024\/2024-majus\/\"><span class=\"fusion-column-inner-bg-image lazyload\" data-bg=\"https:\/\/focolare.ro\/wp-content\/uploads\/2024\/05\/CVmai2024-1024x682.jpg\"><\/span><\/a><\/span><div class=\"fusion-column-wrapper fusion-column-has-shadow fusion-flex-justify-content-flex-start fusion-content-layout-column fusion-column-has-bg-image\" data-bg-url=\"https:\/\/focolare.ro\/wp-content\/uploads\/2024\/05\/CVmai2024-1024x682.jpg\"><div class=\"fusion-title title fusion-title-7 fusion-sep-none fusion-title-center fusion-title-text fusion-title-size-four\" style=\"--awb-text-color:var(--awb-color1);\"><h4 class=\"fusion-title-heading title-heading-center\" style=\"margin:0;\">2024. m\u00e1jus<\/h4><\/div><div class=\"fusion-text fusion-text-6\" style=\"--awb-text-transform:none;\"><blockquote>\n<p><strong>\u201eAki nem szeret, nem ismeri Istent, mert Isten a szeretet.\u201d <\/strong><strong>(<em>1J\u00e1n<\/em> 4,8)<\/strong><\/p>\n<\/blockquote>\n<\/div><\/div><\/div><div class=\"fusion-layout-column fusion_builder_column fusion-builder-column-8 fusion_builder_column_1_3 1_3 fusion-flex-column fusion-column-inner-bg-wrapper\" style=\"--awb-padding-top:60px;--awb-padding-right:10px;--awb-padding-bottom:30px;--awb-padding-left:10px;--awb-inner-bg-size:cover;--awb-width-large:33.333333333333%;--awb-margin-top-large:0px;--awb-spacing-right-large:5.76%;--awb-margin-bottom-large:50px;--awb-spacing-left-large:5.76%;--awb-width-medium:100%;--awb-order-medium:0;--awb-spacing-right-medium:1.92%;--awb-spacing-left-medium:1.92%;--awb-width-small:100%;--awb-order-small:0;--awb-spacing-right-small:1.92%;--awb-spacing-left-small:1.92%;\"><span class=\"fusion-column-inner-bg hover-type-zoomin\"><a class=\"fusion-column-anchor\" href=\"https:\/\/focolare.ro\/hu\/az-elet-igeje\/az-elet-igeje-2024\/2024-aprilis\/\"><span class=\"fusion-column-inner-bg-image lazyload\" data-bg=\"https:\/\/focolare.ro\/wp-content\/uploads\/2024\/03\/CVaprilie2024-1024x682.jpg\"><\/span><\/a><\/span><div class=\"fusion-column-wrapper fusion-column-has-shadow fusion-flex-justify-content-flex-start fusion-content-layout-column fusion-column-has-bg-image\" data-bg-url=\"https:\/\/focolare.ro\/wp-content\/uploads\/2024\/03\/CVaprilie2024-1024x682.jpg\"><div class=\"fusion-title title fusion-title-8 fusion-sep-none fusion-title-center fusion-title-text fusion-title-size-four\" style=\"--awb-text-color:var(--awb-color1);\"><h4 class=\"fusion-title-heading title-heading-center\" style=\"margin:0;\">2024. \u00e1prilis<\/h4><\/div><div class=\"fusion-text fusion-text-7\" style=\"--awb-text-transform:none;\"><blockquote>\n<p><strong>\u201eAz apostolok pedig nagy er\u0151vel tettek tan\u00fas\u00e1got Urunknak, J\u00e9zus Krisztusnak felt\u00e1mad\u00e1s\u00e1r\u00f3l; \u00e9s b\u0151s\u00e9ges volt a kegyelem mindny\u00e1jukban.\u201d<\/strong> <strong>(<em>ApCsel <\/em>4,33)<\/strong><\/p>\n<\/blockquote>\n<\/div><\/div><\/div><div class=\"fusion-layout-column fusion_builder_column fusion-builder-column-9 fusion_builder_column_1_3 1_3 fusion-flex-column fusion-column-inner-bg-wrapper\" style=\"--awb-padding-top:60px;--awb-padding-right:10px;--awb-padding-bottom:30px;--awb-padding-left:10px;--awb-inner-bg-size:cover;--awb-width-large:33.333333333333%;--awb-margin-top-large:0px;--awb-spacing-right-large:5.76%;--awb-margin-bottom-large:50px;--awb-spacing-left-large:5.76%;--awb-width-medium:100%;--awb-order-medium:0;--awb-spacing-right-medium:1.92%;--awb-spacing-left-medium:1.92%;--awb-width-small:100%;--awb-order-small:0;--awb-spacing-right-small:1.92%;--awb-spacing-left-small:1.92%;\"><span class=\"fusion-column-inner-bg hover-type-zoomin\"><a class=\"fusion-column-anchor\" href=\"https:\/\/focolare.ro\/hu\/az-elet-igeje\/az-elet-igeje-2024\/2024-marcius\/\"><span class=\"fusion-column-inner-bg-image lazyload\" data-bg=\"https:\/\/focolare.ro\/wp-content\/uploads\/2024\/02\/CVmartie2024-1024x682.jpg\"><\/span><\/a><\/span><div class=\"fusion-column-wrapper fusion-column-has-shadow fusion-flex-justify-content-flex-start fusion-content-layout-column fusion-column-has-bg-image\" data-bg-url=\"https:\/\/focolare.ro\/wp-content\/uploads\/2024\/02\/CVmartie2024-1024x682.jpg\"><div class=\"fusion-title title fusion-title-9 fusion-sep-none fusion-title-center fusion-title-text fusion-title-size-four\" style=\"--awb-text-color:var(--awb-color1);\"><h4 class=\"fusion-title-heading title-heading-center\" style=\"margin:0;\">2024. m\u00e1rcius<\/h4><\/div><div class=\"fusion-text fusion-text-8\" style=\"--awb-text-transform:none;\"><blockquote>\n<p><strong>\u201e<\/strong><strong>Tiszta sz\u00edvet teremts bennem, Istenem, <\/strong><strong>s az er\u0151s lelket \u00faj\u00edtsd meg<\/strong> <strong>bens\u0151mben!<\/strong><strong>\u201d<\/strong> <strong>(<em>Zsolt<\/em> 51[50],12)<\/strong><strong>.<\/strong><\/p>\n<\/blockquote>\n<\/div><\/div><\/div><div class=\"fusion-layout-column fusion_builder_column fusion-builder-column-10 fusion_builder_column_1_3 1_3 fusion-flex-column fusion-column-inner-bg-wrapper\" style=\"--awb-padding-top:60px;--awb-padding-right:10px;--awb-padding-bottom:30px;--awb-padding-left:10px;--awb-inner-bg-size:cover;--awb-width-large:33.333333333333%;--awb-margin-top-large:0px;--awb-spacing-right-large:5.76%;--awb-margin-bottom-large:50px;--awb-spacing-left-large:5.76%;--awb-width-medium:100%;--awb-order-medium:0;--awb-spacing-right-medium:1.92%;--awb-spacing-left-medium:1.92%;--awb-width-small:100%;--awb-order-small:0;--awb-spacing-right-small:1.92%;--awb-spacing-left-small:1.92%;\"><span class=\"fusion-column-inner-bg hover-type-zoomin\"><a class=\"fusion-column-anchor\" href=\"https:\/\/focolare.ro\/hu\/az-elet-igeje\/az-elet-igeje-2024\/2024-februar\/\"><span class=\"fusion-column-inner-bg-image lazyload\" data-bg=\"https:\/\/focolare.ro\/wp-content\/uploads\/2024\/02\/CVfebruarie2024-1024x450.jpg\"><\/span><\/a><\/span><div class=\"fusion-column-wrapper fusion-column-has-shadow fusion-flex-justify-content-flex-start fusion-content-layout-column fusion-column-has-bg-image\" data-bg-url=\"https:\/\/focolare.ro\/wp-content\/uploads\/2024\/02\/CVfebruarie2024-1024x450.jpg\"><div class=\"fusion-title title fusion-title-10 fusion-sep-none fusion-title-center fusion-title-text fusion-title-size-four\" style=\"--awb-text-color:var(--awb-color1);\"><h4 class=\"fusion-title-heading title-heading-center\" style=\"margin:0;\">2024. febru\u00e1r<\/h4><\/div><div class=\"fusion-text fusion-text-9\" style=\"--awb-text-transform:none;\"><blockquote>\n<p><strong>\u201eMinden, amit tesztek, szeretetben t\u00f6rt\u00e9nj\u00e9k.\u201d <\/strong><strong>(1<em>Kor<\/em> 16,14)<\/strong><a href=\"#_ftn1\" name=\"_ftnref1\"><\/a><\/p>\n<\/blockquote>\n<\/div><\/div><\/div><div class=\"fusion-layout-column fusion_builder_column fusion-builder-column-11 fusion_builder_column_1_3 1_3 fusion-flex-column fusion-column-inner-bg-wrapper\" style=\"--awb-padding-top:60px;--awb-padding-right:10px;--awb-padding-bottom:30px;--awb-padding-left:10px;--awb-inner-bg-size:cover;--awb-width-large:33.333333333333%;--awb-margin-top-large:0px;--awb-spacing-right-large:5.76%;--awb-margin-bottom-large:50px;--awb-spacing-left-large:5.76%;--awb-width-medium:100%;--awb-order-medium:0;--awb-spacing-right-medium:1.92%;--awb-spacing-left-medium:1.92%;--awb-width-small:100%;--awb-order-small:0;--awb-spacing-right-small:1.92%;--awb-spacing-left-small:1.92%;\"><span class=\"fusion-column-inner-bg hover-type-zoomin\"><a class=\"fusion-column-anchor\" href=\"https:\/\/focolare.ro\/hu\/az-elet-igeje\/az-elet-igeje-2024\/2024-januar\/\"><span class=\"fusion-column-inner-bg-image lazyload\" data-bg=\"https:\/\/focolare.ro\/wp-content\/uploads\/2022\/12\/CVianuarie2023-1024x682.jpg\"><\/span><\/a><\/span><div class=\"fusion-column-wrapper fusion-column-has-shadow fusion-flex-justify-content-flex-start fusion-content-layout-column fusion-column-has-bg-image\" data-bg-url=\"https:\/\/focolare.ro\/wp-content\/uploads\/2022\/12\/CVianuarie2023-1024x682.jpg\"><div class=\"fusion-title title fusion-title-11 fusion-sep-none fusion-title-center fusion-title-text fusion-title-size-four\" style=\"--awb-text-color:var(--awb-color1);\"><h4 class=\"fusion-title-heading title-heading-center\" style=\"margin:0;\">2024. janu\u00e1r<\/h4><\/div><div class=\"fusion-text fusion-text-10\" style=\"--awb-text-transform:none;\"><blockquote>\n<p><strong>\u201eSzeresd az Urat, a te Istenedet\u2026 \u00e9s felebar\u00e1todat, mint magadat.\u201d <\/strong><strong>(<em>Lk <\/em>10,27)<\/strong><\/p>\n<\/blockquote>\n<\/div><\/div><\/div><\/div><\/div><\/p>\n","protected":false},"excerpt":{"rendered":"","protected":false},"author":10,"featured_media":0,"parent":2615,"menu_order":0,"comment_status":"closed","ping_status":"closed","template":"100-width.php","meta":{"footnotes":""},"class_list":["post-4123","page","type-page","status-publish","hentry"],"_links":{"self":[{"href":"https:\/\/focolare.ro\/hu\/wp-json\/wp\/v2\/pages\/4123","targetHints":{"allow":["GET"]}}],"collection":[{"href":"https:\/\/focolare.ro\/hu\/wp-json\/wp\/v2\/pages"}],"about":[{"href":"https:\/\/focolare.ro\/hu\/wp-json\/wp\/v2\/types\/page"}],"author":[{"embeddable":true,"href":"https:\/\/focolare.ro\/hu\/wp-json\/wp\/v2\/users\/10"}],"replies":[{"embeddable":true,"href":"https:\/\/focolare.ro\/hu\/wp-json\/wp\/v2\/comments?post=4123"}],"version-history":[{"count":47,"href":"https:\/\/focolare.ro\/hu\/wp-json\/wp\/v2\/pages\/4123\/revisions"}],"predecessor-version":[{"id":5096,"href":"https:\/\/focolare.ro\/hu\/wp-json\/wp\/v2\/pages\/4123\/revisions\/5096"}],"up":[{"embeddable":true,"href":"https:\/\/focolare.ro\/hu\/wp-json\/wp\/v2\/pages\/2615"}],"wp:attachment":[{"href":"https:\/\/focolare.ro\/hu\/wp-json\/wp\/v2\/media?parent=4123"}],"curies":[{"name":"wp","href":"https:\/\/api.w.org\/{rel}","templated":true}]}}