{"id":4138,"date":"2022-04-03T14:22:54","date_gmt":"2022-04-03T11:22:54","guid":{"rendered":"https:\/\/focolare.ro\/az-elet-igeje\/az-elet-igeje-2023\/2023-december\/"},"modified":"2024-04-26T18:39:38","modified_gmt":"2024-04-26T15:39:38","slug":"2023-december","status":"publish","type":"page","link":"https:\/\/focolare.ro\/hu\/az-elet-igeje\/az-elet-igeje-2023\/2023-december\/","title":{"rendered":"2023. December"},"content":{"rendered":"<p><div class=\"fusion-fullwidth fullwidth-box fusion-builder-row-1 fusion-flex-container has-pattern-background has-mask-background fusion-parallax-none nonhundred-percent-fullwidth non-hundred-percent-height-scrolling lazyload\" style=\"--awb-border-radius-top-left:0px;--awb-border-radius-top-right:0px;--awb-border-radius-bottom-right:0px;--awb-border-radius-bottom-left:0px;--awb-background-color:var(--awb-custom14);--awb-background-size:cover;--awb-flex-wrap:wrap;\" data-bg=\"https:\/\/focolare.ro\/wp-content\/uploads\/2023\/12\/CVdecembrie2023.jpg\" ><div class=\"fusion-builder-row fusion-row fusion-flex-align-items-flex-start fusion-flex-content-wrap\" style=\"max-width:1216.8px;margin-left: calc(-4% \/ 2 );margin-right: calc(-4% \/ 2 );\"><div class=\"fusion-layout-column fusion_builder_column fusion-builder-column-0 fusion_builder_column_1_1 1_1 fusion-flex-column\" style=\"--awb-bg-size:cover;--awb-width-large:100%;--awb-margin-top-large:0px;--awb-spacing-right-large:1.92%;--awb-margin-bottom-large:20px;--awb-spacing-left-large:1.92%;--awb-width-medium:100%;--awb-order-medium:0;--awb-spacing-right-medium:1.92%;--awb-spacing-left-medium:1.92%;--awb-width-small:100%;--awb-order-small:0;--awb-spacing-right-small:1.92%;--awb-spacing-left-small:1.92%;\"><div class=\"fusion-column-wrapper fusion-column-has-shadow fusion-flex-justify-content-flex-start fusion-content-layout-column\"><div class=\"fusion-separator fusion-full-width-sep\" style=\"align-self: center;margin-left: auto;margin-right: auto;margin-bottom:200px;width:100%;\"><\/div><div class=\"fusion-title title fusion-title-1 fusion-sep-none fusion-title-text fusion-title-size-two\" style=\"--awb-text-color:var(--awb-color1);\"><h2 class=\"fusion-title-heading title-heading-left\" style=\"margin:0;\">2023. December<\/h2><\/div><\/div><\/div><\/div><\/div><div class=\"fusion-fullwidth fullwidth-box fusion-builder-row-2 fusion-flex-container nonhundred-percent-fullwidth non-hundred-percent-height-scrolling\" style=\"--awb-border-radius-top-left:0px;--awb-border-radius-top-right:0px;--awb-border-radius-bottom-right:0px;--awb-border-radius-bottom-left:0px;--awb-background-color:var(--awb-color1);--awb-flex-wrap:wrap;\" ><div class=\"fusion-builder-row fusion-row fusion-flex-align-items-flex-start fusion-flex-content-wrap\" style=\"max-width:1216.8px;margin-left: calc(-4% \/ 2 );margin-right: calc(-4% \/ 2 );\"><div class=\"fusion-layout-column fusion_builder_column fusion-builder-column-1 fusion_builder_column_1_1 1_1 fusion-flex-column\" style=\"--awb-bg-size:cover;--awb-width-large:100%;--awb-margin-top-large:0px;--awb-spacing-right-large:1.92%;--awb-margin-bottom-large:20px;--awb-spacing-left-large:1.92%;--awb-width-medium:100%;--awb-order-medium:0;--awb-spacing-right-medium:1.92%;--awb-spacing-left-medium:1.92%;--awb-width-small:100%;--awb-order-small:0;--awb-spacing-right-small:1.92%;--awb-spacing-left-small:1.92%;\"><div class=\"fusion-column-wrapper fusion-column-has-shadow fusion-flex-justify-content-flex-start fusion-content-layout-column\"><div class=\"fusion-separator fusion-full-width-sep\" style=\"align-self: center;margin-left: auto;margin-right: auto;margin-bottom:100px;width:100%;\"><\/div><\/div><\/div><\/div><\/div><div class=\"fusion-fullwidth fullwidth-box fusion-builder-row-3 fusion-flex-container nonhundred-percent-fullwidth non-hundred-percent-height-scrolling\" style=\"--awb-border-radius-top-left:0px;--awb-border-radius-top-right:0px;--awb-border-radius-bottom-right:0px;--awb-border-radius-bottom-left:0px;--awb-flex-wrap:wrap;\" ><div class=\"fusion-builder-row fusion-row fusion-flex-align-items-flex-start fusion-flex-content-wrap\" style=\"max-width:1216.8px;margin-left: calc(-4% \/ 2 );margin-right: calc(-4% \/ 2 );\"><div class=\"fusion-layout-column fusion_builder_column fusion-builder-column-2 fusion_builder_column_2_3 2_3 fusion-flex-column\" style=\"--awb-bg-size:cover;--awb-width-large:66.666666666667%;--awb-margin-top-large:0px;--awb-spacing-right-large:2.88%;--awb-margin-bottom-large:20px;--awb-spacing-left-large:2.88%;--awb-width-medium:100%;--awb-order-medium:0;--awb-spacing-right-medium:1.92%;--awb-spacing-left-medium:1.92%;--awb-width-small:100%;--awb-order-small:0;--awb-spacing-right-small:1.92%;--awb-spacing-left-small:1.92%;\"><div class=\"fusion-column-wrapper fusion-column-has-shadow fusion-flex-justify-content-flex-start fusion-content-layout-column\"><div class=\"fusion-text fusion-text-1\" style=\"--awb-text-transform:none;\"><p><strong>2023. december<\/strong><\/p>\n<p><strong> <\/strong><\/p>\n<p><strong>\u201e<\/strong><strong>Legyetek mindig der\u0171sek! Sz\u00fcntelen\u00fcl im\u00e1dkozzatok! Adjatok h\u00e1l\u00e1t minden\u00e9rt, mert Isten ezt k\u00edv\u00e1nja mindny\u00e1jatokt\u00f3l Krisztus J\u00e9zusban!<\/strong><strong>\u201d (<em>1Tessz<\/em> 5,16-18)<\/strong><\/p>\n<p>Amikor P\u00e1l ezt \u00edrta a tesszalonikaiaknak, m\u00e9g sokan \u00e9ltek J\u00e9zus kort\u00e1rsai k\u00f6z\u00fcl, akik l\u00e1tt\u00e1k \u00e9s hallott\u00e1k \u0151t, tan\u00fai voltak tragikus hal\u00e1l\u00e1nak \u00e9s \u00e1mulattal csod\u00e1lt\u00e1k a felt\u00e1mad\u00e1s\u00e1t, k\u00e9s\u0151bb pedig a mennybemenetel\u00e9t. Felismert\u00e9k, hogy mit hagyott maga ut\u00e1n J\u00e9zus, \u00e9s k\u00f6zelg\u0151 visszat\u00e9r\u00e9s\u00e9t v\u00e1rt\u00e1k. P\u00e1l nagyon szerette a tesszalonikai gy\u00fclekezetet, amely az \u00e9let\u00e9t, tan\u00fas\u00e1gt\u00e9tel\u00e9t \u00e9s a gy\u00fcm\u00f6lcseit tekintve p\u00e9lda\u00e9rt\u00e9k\u0171 volt. Nekik \u00edrta ezt a levelet, \u00e9s arra k\u00e9rte \u0151ket, hogy olvass\u00e1k fel mindenkinek (5,27). Ebben aj\u00e1nl\u00e1sokat tesz, hogy hogyan maradhatnak \u201eaz \u00dar \u00e9s az \u0151 k\u00f6vet\u0151i\u201d (1,6), amit \u00edgy foglal \u00f6ssze:<\/p>\n<p><strong>\u201eLegyetek mindig der\u0171sek! Sz\u00fcntelen\u00fcl im\u00e1dkozzatok! Adjatok h\u00e1l\u00e1t minden\u00e9rt, mert Isten ezt k\u00edv\u00e1nja mindny\u00e1jatokt\u00f3l Krisztus J\u00e9zusban.\u201d<\/strong><\/p>\n<p>Ezek a s\u00fcrget\u0151 biztat\u00e1sok nem csak arr\u00f3l sz\u00f3lnak, hogy <em>mit v\u00e1r<\/em> t\u0151l\u00fcnk Isten, hanem arr\u00f3l is, hogy <em>mikor<\/em>: sz\u00fcntelen\u00fcl, mindig, \u00e1lland\u00f3an.<\/p>\n<p>Vajon meg lehet parancsolni az \u00f6r\u00f6m\u00f6t? Hogy az \u00e9let probl\u00e9m\u00e1kkal \u00e9s gondokkal, szenved\u00e9ssel \u00e9s gy\u00f6trelemmel terhes, hogy a t\u00e1rsadalmi k\u00f6zeg gyakran siv\u00e1r \u00e9s bar\u00e1ts\u00e1gtalan, azt mindenki tapasztalja. P\u00e1l sz\u00e1m\u00e1ra m\u00e9gis megvan az oka, hogy meg\u00e9lj\u00fck \u201e<em>azt az \u00f6r\u00f6m\u00f6t<\/em>\u201d, amelyre utal. A kereszt\u00e9nyekhez sz\u00f3l, \u00e9s azt tan\u00e1csolja, hogy vegy\u00fck komolyan a kereszt\u00e9ny \u00e9letet, hogy ez\u00e1ltal J\u00e9zus a felt\u00e1mad\u00e1sa ut\u00e1n meg\u00edg\u00e9rt teljess\u00e9ggel \u00e9lhessen benn\u00fcnk. N\u00e9ha meg is tapasztaljuk ezt: \u0150 azokban \u00e9l, akik szeretnek. Mindannyian r\u00e1l\u00e9phet\u00fcnk <em>a szeretet \u00fatj\u00e1ra<\/em>, ha elszakadunk \u00f6nmagunkt\u00f3l, ha ingyenes szeretettel fordulunk m\u00e1sok fel\u00e9, ha elfogadjuk a bar\u00e1ti t\u00e1mogat\u00e1st, ha b\u00edzunk abban, hogy \u201ea szeretet mindent legy\u0151z\u201d<a href=\"#_ftn1\" name=\"_ftnref1\">[1]<\/a>.<\/p>\n<p><strong>\u201eLegyetek mindig der\u0171sek! Sz\u00fcntelen\u00fcl im\u00e1dkozzatok! Adjatok h\u00e1l\u00e1t minden\u00e9rt, mert Isten ezt k\u00edv\u00e1nja mindny\u00e1jatokt\u00f3l Krisztus J\u00e9zusban.\u201d<\/strong><\/p>\n<p>A k\u00fcl\u00f6nb\u00f6z\u0151 vall\u00e1s\u00fa h\u00edv\u0151k \u00e9s a k\u00fcl\u00f6nb\u00f6z\u0151 meggy\u0151z\u0151d\u00e9s\u0171 emberek k\u00f6z\u00f6tti p\u00e1rbesz\u00e9d m\u00e9g ink\u00e1bb seg\u00edt meg\u00e9rten\u00fcnk, hogy az im\u00e1ds\u00e1g m\u00e9lyen emberi cselekedet; az im\u00e1ds\u00e1g \u00e9p\u00edti \u00e9s felemeli a szem\u00e9lyt.<\/p>\n<p>\u00c9s hogyan lehet sz\u00fcntelen\u00fcl im\u00e1dkozni? \u201e\u2026 nem el\u00e9g \u2013 \u00edrja az ortodox teol\u00f3gus Evdokimov \u2013, ha <em>vannak<\/em> im\u00e1ds\u00e1gaink, szab\u00e1lyaink, szok\u00e1saink;<\/p>\n<p><em>im\u00e1ds\u00e1gg\u00e1 kell v\u00e1lnunk<\/em>, megtestes\u00fclt im\u00e1ds\u00e1gg\u00e1, az \u00e9let\u00fcnket kell liturgi\u00e1v\u00e1 tenni, im\u00e1dkozni a legh\u00e9tk\u00f6znapibb dolgokkal.\u201d <a href=\"#_ftn2\" name=\"_ftnref2\">[2]<\/a> Chiara Lubich pedig hangs\u00falyozza, hogy \u201egyermekk\u00e9nt \u00fagy szerethetj\u00fck (Istent), ha a Szentl\u00e9lek elt\u00f6lti a sz\u00edv\u00fcnket az Atya ir\u00e1nti szeretettel \u00e9s bizalommal: a bizalom pedig arra k\u00e9sztet, hogy gyakran besz\u00e9lgess\u00fcnk vele, hogy elmondjuk neki minden dolgunkat, a sz\u00e1nd\u00e9kainkat \u00e9s a terveinket\u201d.<a href=\"#_ftn3\" name=\"_ftnref3\">3]<\/a><\/p>\n<p>A sz\u00fcntelen ima egy m\u00e1sik, mindenki sz\u00e1m\u00e1ra el\u00e9rhet\u0151 m\u00f3dja, ha minden cselekedet el\u0151tt meg\u00e1llunk, \u00e9s pontos\u00edtjuk a sz\u00e1nd\u00e9kunkat: \u201e<em>\u00c9rted<\/em>\u201d teszem. Ez nagyon egyszer\u0171 gyakorlat, amely bel\u00fclr\u0151l alak\u00edtja \u00e1t a tev\u00e9kenys\u00e9geinket, \u00e9s az eg\u00e9sz \u00e9let\u00fcnket \u00e1lland\u00f3 im\u00e1ds\u00e1gg\u00e1 alak\u00edtja \u00e1t.<\/p>\n<p><strong>\u201eLegyetek mindig der\u0171sek! Sz\u00fcntelen\u00fcl im\u00e1dkozzatok! Adjatok h\u00e1l\u00e1t minden\u00e9rt, mert Isten ezt k\u00edv\u00e1nja mindny\u00e1jatokt\u00f3l Krisztus J\u00e9zusban.\u201d<\/strong><\/p>\n<p>Adjatok h\u00e1l\u00e1t minden\u00e9rt. Ez a hozz\u00e1\u00e1ll\u00e1s szabadon \u00e9s \u0151szint\u00e9n fakad az Ir\u00e1nta t\u00e1pl\u00e1lt h\u00e1l\u00e1s szeretetb\u0151l, hiszen \u0150 csendben fenntartja \u00e9s k\u00eds\u00e9ri az embereket, a n\u00e9peket, a t\u00f6rt\u00e9nelmet \u00e9s a vil\u00e1gmindens\u00e9get. Legy\u00fcnk h\u00e1l\u00e1sak m\u00e1sok ir\u00e1nt, akik vel\u00fcnk egy\u00fctt haladnak az \u00faton, \u00e9s tudatos\u00edtj\u00e1k benn\u00fcnk, hogy nem vagyunk elegek \u00f6nmagunknak.<\/p>\n<p>\u00d6rvendez\u00e9s, ima \u00e9s h\u00e1laad\u00e1s. H\u00e1rom olyan cselekedet, amely k\u00f6zelebb visz minket ahhoz, amilyennek<\/p>\n<p>Isten l\u00e1t \u00e9s akar minket, \u00e9s gazdag\u00edtja a kapcsolatunkat \u00d6nmag\u00e1val. B\u00edzzunk abban, hogy \u201ea b\u00e9kess\u00e9g Istene teljesen megszentel minket.\u201d <a href=\"#_ftn4\" name=\"_ftnref4\">[4]<\/a><\/p>\n<p>\u00cdgy k\u00e9sz\u00fcl\u00fcnk fel arra, hogy m\u00e9lyebben meg\u00e9lj\u00fck a kar\u00e1csony \u00f6r\u00f6m\u00e9t, hogy jobb\u00e1 tegy\u00fck a vil\u00e1got, \u00e9s munk\u00e1ljuk a b\u00e9k\u00e9t \u00f6nmagunkban, az otthonunkban, a munkahelyen, az utc\u00e1kon, a tereken. Ez az, amire oly s\u00fcrg\u0151sen sz\u00fcks\u00e9g\u00fcnk van ma.<\/p>\n<p><em>Victoria G\u00f3mez \u00e9s az \u00e9letige csoport gondoz\u00e1sban<\/em><\/p>\n<p><a href=\"#_ftnref1\" name=\"_ftn1\">[1]<\/a> P. Vergilius, X. Ekloga, 69. sor<\/p>\n<p><a href=\"#_ftnref2\" name=\"_ftn2\">[2]<\/a> P. Evdokimov, <em>La preghiera di Ges\u00f9<\/em> in <em>La novit\u00e0 dello Spirito<\/em>, Ed. Ancora, Milano 1997<\/p>\n<p><a href=\"#_ftnref3\" name=\"_ftn3\">[3]<\/a> C. Lubich, <em>Conversazioni<\/em>, Citt\u00e0 Nuova, Roma 2019, p. 552.<\/p>\n<p><a href=\"#_ftnref4\" name=\"_ftn4\">[4]<\/a> <em>1Tessz<\/em> 5,23<\/p>\n<\/div><\/div><\/div><div class=\"fusion-layout-column fusion_builder_column fusion-builder-column-3 fusion_builder_column_1_3 1_3 fusion-flex-column\" style=\"--awb-padding-top:30px;--awb-padding-right:30px;--awb-padding-bottom:10px;--awb-padding-left:30px;--awb-bg-color:var(--awb-custom13);--awb-bg-color-hover:var(--awb-custom13);--awb-bg-size:cover;--awb-width-large:33.333333333333%;--awb-margin-top-large:0px;--awb-spacing-right-large:5.76%;--awb-margin-bottom-large:20px;--awb-spacing-left-large:5.76%;--awb-width-medium:100%;--awb-order-medium:0;--awb-spacing-right-medium:1.92%;--awb-spacing-left-medium:1.92%;--awb-width-small:100%;--awb-order-small:0;--awb-spacing-right-small:1.92%;--awb-spacing-left-small:1.92%;\"><div class=\"fusion-column-wrapper fusion-column-has-shadow fusion-flex-justify-content-flex-start fusion-content-layout-column\"><div class=\"fusion-title title fusion-title-2 fusion-sep-none fusion-title-center fusion-title-text fusion-title-size-four\"><h4 class=\"fusion-title-heading title-heading-center\" style=\"margin:0;\">T\u00f6ltsd le PDF form\u00e1tumban<\/h4><\/div><div style=\"text-align:center;\"><a class=\"fusion-button button-flat fusion-button-default-size button-default fusion-button-default button-1 fusion-button-span-yes fusion-button-default-type\" style=\"--button_margin-bottom:20px;\" target=\"_blank\" rel=\"noopener noreferrer\" href=\"https:\/\/focolare.ro\/wp-content\/uploads\/2023\/12\/CV-12-2023-A5-RO.pdf\"><span class=\"fusion-button-icon-divider button-icon-divider-left\"><i class=\"fa-file-pdf fas awb-button__icon awb-button__icon--default\" aria-hidden=\"true\"><\/i><\/span><span class=\"fusion-button-text awb-button__text awb-button__text--default fusion-button-text-left\">Feln\u0151ttek r\u00e9sz\u00e9re<\/span><\/a><\/div><div style=\"text-align:center;\"><a class=\"fusion-button button-flat fusion-button-default-size button-default fusion-button-default button-2 fusion-button-span-yes fusion-button-default-type\" style=\"--button_margin-bottom:20px;\" target=\"_blank\" rel=\"noopener noreferrer\" href=\"https:\/\/focolare.ro\/wp-content\/uploads\/2023\/10\/CV.11.2023_tineri.pdf\"><span class=\"fusion-button-icon-divider button-icon-divider-left\"><i class=\"fa-file-pdf fas awb-button__icon awb-button__icon--default\" aria-hidden=\"true\"><\/i><\/span><span class=\"fusion-button-text awb-button__text awb-button__text--default fusion-button-text-left\">Fiataloknak<\/span><\/a><\/div><div style=\"text-align:center;\"><a class=\"fusion-button button-flat fusion-button-default-size button-default fusion-button-default button-3 fusion-button-span-yes fusion-button-default-type\" style=\"--button_margin-bottom:20px;\" target=\"_blank\" rel=\"noopener noreferrer\" href=\"https:\/\/focolare.ro\/wp-content\/uploads\/2023\/12\/CV.12.2023_copii-C.pdf\"><span class=\"fusion-button-icon-divider button-icon-divider-left\"><i class=\"fa-file-pdf fas awb-button__icon awb-button__icon--default\" aria-hidden=\"true\"><\/i><\/span><span class=\"fusion-button-text awb-button__text awb-button__text--default fusion-button-text-left\">Gyerekeknek sz\u00ednes v\u00e1ltozat<\/span><\/a><\/div><div style=\"text-align:center;\"><a class=\"fusion-button button-flat fusion-button-default-size button-default fusion-button-default button-4 fusion-button-span-yes fusion-button-default-type\" style=\"--button_margin-bottom:20px;\" target=\"_blank\" rel=\"noopener noreferrer\" href=\"https:\/\/focolare.ro\/wp-content\/uploads\/2023\/12\/CV.12.2023_copii-AN.pdf\"><span class=\"fusion-button-icon-divider button-icon-divider-left\"><i class=\"fa-file-pdf fas awb-button__icon awb-button__icon--default\" aria-hidden=\"true\"><\/i><\/span><span class=\"fusion-button-text awb-button__text awb-button__text--default fusion-button-text-left\">Gyerekeknek kifest\u0151<\/span><\/a><\/div><\/div><\/div><\/div><\/div><div class=\"fusion-fullwidth fullwidth-box fusion-builder-row-4 fusion-flex-container nonhundred-percent-fullwidth non-hundred-percent-height-scrolling\" style=\"--awb-border-sizes-bottom:3px;--awb-border-color:var(--awb-color5);--awb-border-radius-top-left:0px;--awb-border-radius-top-right:0px;--awb-border-radius-bottom-right:0px;--awb-border-radius-bottom-left:0px;--awb-flex-wrap:wrap;\" ><div class=\"fusion-builder-row fusion-row fusion-flex-align-items-flex-start fusion-flex-content-wrap\" style=\"max-width:1216.8px;margin-left: calc(-4% \/ 2 );margin-right: calc(-4% \/ 2 );\"><\/div><\/div><div class=\"fusion-fullwidth fullwidth-box fusion-builder-row-5 fusion-flex-container nonhundred-percent-fullwidth non-hundred-percent-height-scrolling\" style=\"--awb-border-radius-top-left:0px;--awb-border-radius-top-right:0px;--awb-border-radius-bottom-right:0px;--awb-border-radius-bottom-left:0px;--awb-flex-wrap:wrap;\" ><div class=\"fusion-builder-row fusion-row fusion-flex-align-items-flex-start fusion-flex-content-wrap\" style=\"max-width:1216.8px;margin-left: calc(-4% \/ 2 );margin-right: calc(-4% \/ 2 );\"><div class=\"fusion-layout-column fusion_builder_column fusion-builder-column-4 fusion_builder_column_1_1 1_1 fusion-flex-column\" style=\"--awb-bg-size:cover;--awb-width-large:100%;--awb-margin-top-large:0px;--awb-spacing-right-large:1.92%;--awb-margin-bottom-large:0px;--awb-spacing-left-large:1.92%;--awb-width-medium:100%;--awb-spacing-right-medium:1.92%;--awb-spacing-left-medium:1.92%;--awb-width-small:100%;--awb-spacing-right-small:1.92%;--awb-spacing-left-small:1.92%;\"><div class=\"fusion-column-wrapper fusion-flex-justify-content-flex-start fusion-content-layout-column\"><div class=\"fusion-text fusion-text-2\"><p>\u00a0<\/p>\n<\/div><\/div><\/div><\/div><\/div><div class=\"fusion-fullwidth fullwidth-box fusion-builder-row-6 fusion-flex-container nonhundred-percent-fullwidth non-hundred-percent-height-scrolling\" style=\"--awb-border-radius-top-left:0px;--awb-border-radius-top-right:0px;--awb-border-radius-bottom-right:0px;--awb-border-radius-bottom-left:0px;--awb-flex-wrap:wrap;\" ><div class=\"fusion-builder-row fusion-row fusion-flex-align-items-flex-start fusion-flex-content-wrap\" style=\"max-width:1216.8px;margin-left: calc(-4% \/ 2 );margin-right: calc(-4% \/ 2 );\"><div class=\"fusion-layout-column fusion_builder_column fusion-builder-column-5 fusion_builder_column_1_1 1_1 fusion-flex-column\" style=\"--awb-bg-size:cover;--awb-width-large:100%;--awb-margin-top-large:0px;--awb-spacing-right-large:1.92%;--awb-margin-bottom-large:0px;--awb-spacing-left-large:1.92%;--awb-width-medium:100%;--awb-spacing-right-medium:1.92%;--awb-spacing-left-medium:1.92%;--awb-width-small:100%;--awb-spacing-right-small:1.92%;--awb-spacing-left-small:1.92%;\"><div class=\"fusion-column-wrapper fusion-flex-justify-content-flex-start fusion-content-layout-column\"><div class=\"fusion-text fusion-text-3\"><p>\u00a0<\/p>\n<\/div><\/div><\/div><\/div><\/div><\/p>\n","protected":false},"excerpt":{"rendered":"","protected":false},"author":9,"featured_media":0,"parent":3202,"menu_order":0,"comment_status":"closed","ping_status":"closed","template":"100-width.php","meta":{"footnotes":""},"class_list":["post-4138","page","type-page","status-publish","hentry"],"_links":{"self":[{"href":"https:\/\/focolare.ro\/hu\/wp-json\/wp\/v2\/pages\/4138","targetHints":{"allow":["GET"]}}],"collection":[{"href":"https:\/\/focolare.ro\/hu\/wp-json\/wp\/v2\/pages"}],"about":[{"href":"https:\/\/focolare.ro\/hu\/wp-json\/wp\/v2\/types\/page"}],"author":[{"embeddable":true,"href":"https:\/\/focolare.ro\/hu\/wp-json\/wp\/v2\/users\/9"}],"replies":[{"embeddable":true,"href":"https:\/\/focolare.ro\/hu\/wp-json\/wp\/v2\/comments?post=4138"}],"version-history":[{"count":6,"href":"https:\/\/focolare.ro\/hu\/wp-json\/wp\/v2\/pages\/4138\/revisions"}],"predecessor-version":[{"id":4378,"href":"https:\/\/focolare.ro\/hu\/wp-json\/wp\/v2\/pages\/4138\/revisions\/4378"}],"up":[{"embeddable":true,"href":"https:\/\/focolare.ro\/hu\/wp-json\/wp\/v2\/pages\/3202"}],"wp:attachment":[{"href":"https:\/\/focolare.ro\/hu\/wp-json\/wp\/v2\/media?parent=4138"}],"curies":[{"name":"wp","href":"https:\/\/api.w.org\/{rel}","templated":true}]}}