{"id":4144,"date":"2022-04-03T14:22:54","date_gmt":"2022-04-03T11:22:54","guid":{"rendered":"https:\/\/focolare.ro\/az-elet-igeje\/az-elet-igeje-2024\/2024-januar\/"},"modified":"2024-04-26T18:42:19","modified_gmt":"2024-04-26T15:42:19","slug":"2024-januar","status":"publish","type":"page","link":"https:\/\/focolare.ro\/hu\/az-elet-igeje\/az-elet-igeje-2024\/2024-januar\/","title":{"rendered":"2024. Janu\u00e1r"},"content":{"rendered":"<p><div class=\"fusion-fullwidth fullwidth-box fusion-builder-row-1 fusion-flex-container has-pattern-background has-mask-background fusion-parallax-none nonhundred-percent-fullwidth non-hundred-percent-height-scrolling lazyload\" style=\"--awb-border-radius-top-left:0px;--awb-border-radius-top-right:0px;--awb-border-radius-bottom-right:0px;--awb-border-radius-bottom-left:0px;--awb-background-color:var(--awb-custom14);--awb-background-size:cover;--awb-flex-wrap:wrap;\" data-bg=\"https:\/\/focolare.ro\/wp-content\/uploads\/2022\/12\/CVianuarie2023.jpg\" ><div class=\"fusion-builder-row fusion-row fusion-flex-align-items-flex-start fusion-flex-content-wrap\" style=\"max-width:1216.8px;margin-left: calc(-4% \/ 2 );margin-right: calc(-4% \/ 2 );\"><div class=\"fusion-layout-column fusion_builder_column fusion-builder-column-0 fusion_builder_column_1_1 1_1 fusion-flex-column\" style=\"--awb-bg-size:cover;--awb-width-large:100%;--awb-margin-top-large:0px;--awb-spacing-right-large:1.92%;--awb-margin-bottom-large:20px;--awb-spacing-left-large:1.92%;--awb-width-medium:100%;--awb-order-medium:0;--awb-spacing-right-medium:1.92%;--awb-spacing-left-medium:1.92%;--awb-width-small:100%;--awb-order-small:0;--awb-spacing-right-small:1.92%;--awb-spacing-left-small:1.92%;\"><div class=\"fusion-column-wrapper fusion-column-has-shadow fusion-flex-justify-content-flex-start fusion-content-layout-column\"><div class=\"fusion-separator fusion-full-width-sep\" style=\"align-self: center;margin-left: auto;margin-right: auto;margin-bottom:200px;width:100%;\"><\/div><div class=\"fusion-title title fusion-title-1 fusion-sep-none fusion-title-text fusion-title-size-two\" style=\"--awb-text-color:var(--awb-color1);\"><h2 class=\"fusion-title-heading title-heading-left\" style=\"margin:0;\">2024. Janu\u00e1r<\/h2><\/div><\/div><\/div><\/div><\/div><div class=\"fusion-fullwidth fullwidth-box fusion-builder-row-2 fusion-flex-container nonhundred-percent-fullwidth non-hundred-percent-height-scrolling\" style=\"--awb-border-radius-top-left:0px;--awb-border-radius-top-right:0px;--awb-border-radius-bottom-right:0px;--awb-border-radius-bottom-left:0px;--awb-background-color:var(--awb-color1);--awb-flex-wrap:wrap;\" ><div class=\"fusion-builder-row fusion-row fusion-flex-align-items-flex-start fusion-flex-content-wrap\" style=\"max-width:1216.8px;margin-left: calc(-4% \/ 2 );margin-right: calc(-4% \/ 2 );\"><div class=\"fusion-layout-column fusion_builder_column fusion-builder-column-1 fusion_builder_column_1_1 1_1 fusion-flex-column\" style=\"--awb-bg-size:cover;--awb-width-large:100%;--awb-margin-top-large:0px;--awb-spacing-right-large:1.92%;--awb-margin-bottom-large:20px;--awb-spacing-left-large:1.92%;--awb-width-medium:100%;--awb-order-medium:0;--awb-spacing-right-medium:1.92%;--awb-spacing-left-medium:1.92%;--awb-width-small:100%;--awb-order-small:0;--awb-spacing-right-small:1.92%;--awb-spacing-left-small:1.92%;\"><div class=\"fusion-column-wrapper fusion-column-has-shadow fusion-flex-justify-content-flex-start fusion-content-layout-column\"><div class=\"fusion-separator fusion-full-width-sep\" style=\"align-self: center;margin-left: auto;margin-right: auto;margin-bottom:100px;width:100%;\"><\/div><\/div><\/div><\/div><\/div><div class=\"fusion-fullwidth fullwidth-box fusion-builder-row-3 fusion-flex-container nonhundred-percent-fullwidth non-hundred-percent-height-scrolling\" style=\"--awb-border-radius-top-left:0px;--awb-border-radius-top-right:0px;--awb-border-radius-bottom-right:0px;--awb-border-radius-bottom-left:0px;--awb-flex-wrap:wrap;\" ><div class=\"fusion-builder-row fusion-row fusion-flex-align-items-flex-start fusion-flex-content-wrap\" style=\"max-width:1216.8px;margin-left: calc(-4% \/ 2 );margin-right: calc(-4% \/ 2 );\"><div class=\"fusion-layout-column fusion_builder_column fusion-builder-column-2 fusion_builder_column_2_3 2_3 fusion-flex-column\" style=\"--awb-bg-size:cover;--awb-width-large:66.666666666667%;--awb-margin-top-large:0px;--awb-spacing-right-large:2.88%;--awb-margin-bottom-large:20px;--awb-spacing-left-large:2.88%;--awb-width-medium:100%;--awb-order-medium:0;--awb-spacing-right-medium:1.92%;--awb-spacing-left-medium:1.92%;--awb-width-small:100%;--awb-order-small:0;--awb-spacing-right-small:1.92%;--awb-spacing-left-small:1.92%;\"><div class=\"fusion-column-wrapper fusion-column-has-shadow fusion-flex-justify-content-flex-start fusion-content-layout-column\"><div class=\"fusion-text fusion-text-1\" style=\"--awb-text-transform:none;\"><h3><strong>2024. janu\u00e1r<\/strong><\/h3>\n<p><strong>\u201eSzeresd az Urat, a te Istenedet\u2026 \u00e9s felebar\u00e1todat, mint magadat.\u201d (<em>Lk<\/em> 10,27)<\/strong><\/p>\n<p>A kereszt\u00e9nyek egys\u00e9g\u00e9nek imahet\u00e9re<a href=\"#_ftn1\" name=\"_ftnref1\">[1]<\/a> id\u00e9n az a javaslat, hogy a fent id\u00e9zett \u00f3sz\u00f6vets\u00e9gi ig\u00e9b\u0151l induljanak ki az elm\u00e9lked\u00e9sek <a href=\"#_ftn2\" name=\"_ftnref2\">[2]<\/a>. J\u00e9zus Jeruzs\u00e1lembe tart, amikor feltart\u00f3ztatja egy t\u00f6rv\u00e9nytud\u00f3 \u00e9s azt k\u00e9rdezi t\u0151le: \u201eMester, mit tegyek, hogy eljussak az \u00f6r\u00f6k \u00e9letre?\u201d<a href=\"#_ftn3\" name=\"_ftnref3\">[3]<\/a> \u00cdgy indul a besz\u00e9lget\u00e9s\u00fck, amelyben J\u00e9zus visszak\u00e9rdez: \u201eMi \u00e1ll a t\u00f6rv\u00e9nyben?\u201d<a href=\"#_ftn4\" name=\"_ftnref4\">[4]<\/a>Ezzel a k\u00e9rdez\u0151t k\u00e9szteti v\u00e1laszad\u00e1sra: az Isten \u00e9s a felebar\u00e1t ir\u00e1nti szeretetben egy\u00fcttesen foglalhat\u00f3 \u00f6ssze a T\u00f6rv\u00e9ny \u00e9s a Pr\u00f3f\u00e9t\u00e1k.<\/p>\n<p><strong>\u201eSzeresd az Urat, a te Istenedet\u2026 \u00e9s felebar\u00e1todat, mint magadat.\u201d<\/strong><\/p>\n<p>\u201eKit tekintsek felebar\u00e1tomnak?\u201d \u2013 folytatja a t\u00f6rv\u00e9nytud\u00f3. A Mester pedig az irgalmas szamarit\u00e1nus t\u00f6rt\u00e9net\u00e9nek elbesz\u00e9l\u00e9s\u00e9vel v\u00e1laszol. Nem sorolja fel, hogy milyen embereket tekinthet\u00fcnk felebar\u00e1tainknak, hanem ink\u00e1bb le\u00edrja azt a m\u00e9ly egy\u00fctt\u00e9rz\u00e9st, amivel viseltetn\u00fcnk kell ir\u00e1ntuk minden tett\u00fcnkben. Nek\u00fcnk kell a t\u00f6bbi ember \u201efelebar\u00e1tj\u00e1v\u00e1\u201d v\u00e1lnunk.<\/p>\n<p>\u00dagy kell feltenn\u00fcnk a k\u00e9rd\u00e9st, hogy \u201e\u00e9n kinek vagyok a felebar\u00e1tja\u201d.<\/p>\n<p>\u00dagy, mint az irgalmas szamarit\u00e1nus, gondj\u00e1t kell viseln\u00fcnk a sz\u00fcks\u00e9get szenved\u0151 testv\u00e9reinknek, nem kell f\u00e9ln\u00fcnk, hogy m\u00e9lyen belemenj\u00fcnk egyes helyzetekbe, ink\u00e1bb forduljunk mindenkihez seg\u00edt\u0151, t\u00e1mogat\u00f3, b\u00e1tor\u00edt\u00f3 szeretettel.<\/p>\n<p>L\u00e1ssuk \u00f6nmagunkat a m\u00e1sik emberben, \u00e9s azt tegy\u00fck vele, amit \u00f6nmagunkkal tenn\u00e9nk. Ez az \u00fan. \u201earanyszab\u00e1ly\u201d, amely minden vall\u00e1sban megtal\u00e1lhat\u00f3. Gandhi nagyon szeml\u00e9letesen mondja el: \u201eTe \u00e9s \u00e9n egy vagyunk. Nem \u00e1rthatok neked an\u00e9lk\u00fcl, hogy magamat meg ne sebezn\u00e9m.\u201d <a href=\"#_ftn5\" name=\"_ftnref5\">[5]<\/a><\/p>\n<p><strong>\u201eSzeresd az Urat, a te Istenedet\u2026 \u00e9s felebar\u00e1todat, mint magadat.\u201d<\/strong><\/p>\n<p>\u201eHa nem \u00e9rdekel benn\u00fcnket vagy belenyugszunk, hogy a felebar\u00e1tunk sz\u00fcks\u00e9get szenved ak\u00e1r anyagilag ak\u00e1r lelkileg, akkor nem mondhatjuk, hogy \u00fagy szeretj\u00fck, mint saj\u00e1t magunkat. Nem mondhatjuk, hogy \u00fagy szeretj\u00fck \u0151t, ahogy J\u00e9zus szerette. Egy olyan k\u00f6z\u00f6ss\u00e9gben, amely J\u00e9zus tan\u00edt\u00e1sa szerint a szeretetre akar t\u00f6rekedni, nem lehet, hogy ne tekintsenek mindenkit egyenl\u0151nek, azonos szinten, nem lehet, hogy kitasz\u00edtsanak, vagy elhanyagoljanak valakit. [\u2026] Am\u00edg a felebar\u00e1tunkat idegennek tekintj\u00fck, aki megzavarja a nyugalmunkat \u00e9s felbor\u00edtja a terveinket, addig nem mondhatjuk, hogy teljes sz\u00edv\u00fcnkb\u0151l szeretj\u00fck Istent.\u201d<a href=\"#_ftn6\" name=\"_ftnref6\">[6]<\/a><\/p>\n<p><strong>\u201eSzeresd az Urat, a te Istenedet\u2026 \u00e9s felebar\u00e1todat, mint magadat.\u201d<\/strong><\/p>\n<p>Az \u00e9let az, ami a jelen pillanatban t\u00f6rt\u00e9nik veled. Ha \u00e9szreveszed azt, aki melletted van, ha meg tudod hallgatni a m\u00e1sikat, akkor ez nagyon \u00e9rdekes t\u00e1vlatokat nyithat meg, \u00e9s v\u00e1ratlan kezdem\u00e9nyez\u00e9seket ind\u00edthat el.<\/p>\n<p>\u00cdgy t\u00f6rt\u00e9nt ez Victori\u00e1val is:<\/p>\n<p>\u201eA templomban mellettem \u00fclt egy afrikai asszony, \u00e9s nagyon tetszett, ahogy \u00e9nekelt, nagyon sz\u00e9p hangja volt. Meg is dics\u00e9rtem, \u00e9s biztattam, hogy csatlakozzon a pl\u00e9b\u00e1nia k\u00f3rus\u00e1hoz. Meg\u00e1lltunk besz\u00e9lgetni, \u00e9s kider\u00fclt, hogy guineai szerzetesn\u0151, aki \u00e1tutaz\u00f3ban van Madridban. Elhagyott \u00fajsz\u00fcl\u00f6tteket \u00e9s gyerekeket fogadnak be az int\u00e9zet\u00fckbe, \u00e9s felnevelik \u0151ket eg\u00e9szen feln\u0151tt korukig, \u00e9s seg\u00edtik az egyetemi tanulm\u00e1nyaikat, vagy szakm\u00e1t tan\u00edtanak nekik. Egy j\u00f3l m\u0171k\u00f6d\u0151 varrod\u00e1t is \u00fczemeltetnek, de nincs el\u00e9g varr\u00f3g\u00e9p\u00fck.<\/p>\n<p>F\u00f6laj\u00e1nlottam, hogy seg\u00edtek varr\u00f3g\u00e9peket keresni. J\u00e9zusban b\u00edztam, mert \u00e9reztem, hogy meghallgat, \u00e9s \u0151 k\u00e9sztet arra, hogy sz\u00e1m\u00edtgat\u00e1sok n\u00e9lk\u00fcl szeressek.<\/p>\n<p>Az egyik bar\u00e1tom ismert egy m\u0171helyt, \u00e9s sz\u00edvesen bekapcsol\u00f3dott ebbe a szeretet-l\u00e1ncba. Nyolc varr\u00f3g\u00e9pet meg tudtak jav\u00edtani \u00e9s m\u00e9g egy vasal\u00f3g\u00e9pet is hozz\u00e1tettek. Egy bar\u00e1ti h\u00e1zasp\u00e1r pedig felaj\u00e1nlotta, hogy elviszi Madridba. Pihenni akartak menni k\u00e9t napra, de \u00fatir\u00e1nyt v\u00e1ltoztattak, \u00e9s majdnem ezer kilom\u00e9tert aut\u00f3ztak ez\u00e9rt. \u00cdgy a \u00bbrem\u00e9nys\u00e9g varr\u00f3g\u00e9pei\u00ab hossz\u00fa sz\u00e1razf\u00f6ldi \u00e9s tengeri utaz\u00e1s ut\u00e1n eljutottak Malabo v\u00e1ros\u00e1ba. A guineaiak hihetetlen csod\u00e1lattal fogadt\u00e1k, \u00e9s h\u00e1l\u00e1s k\u00f6sz\u00f6net\u00fcket fejezt\u00e9k ki.\u201d<\/p>\n<p><em>Patrizia Mazzola \u00e9s az \u00e9letige csoport gondoz\u00e1s\u00e1ban<\/em><\/p>\n<p><a href=\"#_ftnref1\" name=\"_ftn1\">[1]<\/a> Az eg\u00e9sz \u00e9szaki f\u00e9ltek\u00e9n janu\u00e1r 18. \u00e9s 25. k\u00f6z\u00f6tt tartj\u00e1k, a d\u00e9li f\u00e9ltek\u00e9n pedig P\u00fcnk\u00f6sd het\u00e9ben. Az im\u00e1ds\u00e1g sz\u00f6veg\u00e9t ebben az \u00e9vben egy Burkina Faso-i \u00f6kumenikus csoport \u00e1ll\u00edtotta \u00f6ssze.<\/p>\n<p><a href=\"#_ftnref2\" name=\"_ftn2\">[2]<\/a> v\u00f6. Mt\u00f6rv 6,4-5 \u00e9s Lev 19,18<\/p>\n<p><a href=\"#_ftnref3\" name=\"_ftn3\">[3]<\/a> Lk 10,25<\/p>\n<p><a href=\"#_ftnref4\" name=\"_ftn4\">[4]<\/a> Lk 10,26<\/p>\n<p><a href=\"#_ftnref5\" name=\"_ftn5\">[5]<\/a> C. Lubich, <em>A szeretet m\u0171v\u00e9szete<\/em>, \u00daj V\u00e1ros, Budapest, 2005, 16. o.<\/p>\n<p><a href=\"#_ftnref6\" name=\"_ftn6\">[6]<\/a> C. Lubich, <em>Az \u00e9let ig\u00e9je<\/em> 1985. november, Parole di Vita, a cura di Fabio Ciardi <em>(Opere di Chiara Lubich<\/em> 5; Citt\u00e0 Nuova, Roma 2017) pp. 340\u2013341.<\/p>\n<\/div><\/div><\/div><div class=\"fusion-layout-column fusion_builder_column fusion-builder-column-3 fusion_builder_column_1_3 1_3 fusion-flex-column\" style=\"--awb-padding-top:30px;--awb-padding-right:30px;--awb-padding-bottom:10px;--awb-padding-left:30px;--awb-bg-color:var(--awb-custom13);--awb-bg-color-hover:var(--awb-custom13);--awb-bg-size:cover;--awb-width-large:33.333333333333%;--awb-margin-top-large:0px;--awb-spacing-right-large:5.76%;--awb-margin-bottom-large:20px;--awb-spacing-left-large:5.76%;--awb-width-medium:100%;--awb-order-medium:0;--awb-spacing-right-medium:1.92%;--awb-spacing-left-medium:1.92%;--awb-width-small:100%;--awb-order-small:0;--awb-spacing-right-small:1.92%;--awb-spacing-left-small:1.92%;\"><div class=\"fusion-column-wrapper fusion-column-has-shadow fusion-flex-justify-content-flex-start fusion-content-layout-column\"><div class=\"fusion-title title fusion-title-2 fusion-sep-none fusion-title-center fusion-title-text fusion-title-size-four\"><h4 class=\"fusion-title-heading title-heading-center\" style=\"margin:0;\">T\u00f6ltsd le PDF form\u00e1tumban<\/h4><\/div><div style=\"text-align:center;\"><a class=\"fusion-button button-flat fusion-button-default-size button-default fusion-button-default button-1 fusion-button-span-yes fusion-button-default-type\" style=\"--button_margin-bottom:20px;\" target=\"_blank\" rel=\"noopener noreferrer\" href=\"https:\/\/focolare.ro\/wp-content\/uploads\/2024\/03\/CV-01-2024-A5-HU-1.pdf\"><span class=\"fusion-button-icon-divider button-icon-divider-left\"><i class=\"fa-file-pdf fas awb-button__icon awb-button__icon--default\" aria-hidden=\"true\"><\/i><\/span><span class=\"fusion-button-text awb-button__text awb-button__text--default fusion-button-text-left\">Feln\u0151ttek r\u00e9sz\u00e9re<\/span><\/a><\/div><div style=\"text-align:center;\"><a class=\"fusion-button button-flat fusion-button-default-size button-default fusion-button-default button-2 fusion-button-span-yes fusion-button-default-type\" style=\"--button_margin-bottom:20px;\" target=\"_blank\" rel=\"noopener noreferrer\" href=\"https:\/\/focolare.ro\/wp-content\/uploads\/2024\/03\/ige202401ph_compressed-1_compressed.pdf\"><span class=\"fusion-button-icon-divider button-icon-divider-left\"><i class=\"fa-file-pdf fas awb-button__icon awb-button__icon--default\" aria-hidden=\"true\"><\/i><\/span><span class=\"fusion-button-text awb-button__text awb-button__text--default fusion-button-text-left\">Fiataloknak<\/span><\/a><\/div><div style=\"text-align:center;\"><a class=\"fusion-button button-flat fusion-button-default-size button-default fusion-button-default button-3 fusion-button-span-yes fusion-button-default-type\" style=\"--button_margin-bottom:20px;\" target=\"_blank\" rel=\"noopener noreferrer\" href=\"https:\/\/focolare.ro\/wp-content\/uploads\/2024\/03\/Pdv_202401_hu_Color-1_compressed.pdf\"><span class=\"fusion-button-icon-divider button-icon-divider-left\"><i class=\"fa-file-pdf fas awb-button__icon awb-button__icon--default\" aria-hidden=\"true\"><\/i><\/span><span class=\"fusion-button-text awb-button__text awb-button__text--default fusion-button-text-left\">Gyerekeknek sz\u00ednes v\u00e1ltozat<\/span><\/a><\/div><div style=\"text-align:center;\"><a class=\"fusion-button button-flat fusion-button-default-size button-default fusion-button-default button-4 fusion-button-span-yes fusion-button-default-type\" style=\"--button_margin-bottom:20px;\" target=\"_blank\" rel=\"noopener noreferrer\" href=\"https:\/\/focolare.ro\/wp-content\/uploads\/2024\/03\/ige202401kif.pdf\"><span class=\"fusion-button-icon-divider button-icon-divider-left\"><i class=\"fa-file-pdf fas awb-button__icon awb-button__icon--default\" aria-hidden=\"true\"><\/i><\/span><span class=\"fusion-button-text awb-button__text awb-button__text--default fusion-button-text-left\">Gyerekeknek kifest\u0151<\/span><\/a><\/div><\/div><\/div><\/div><\/div><div class=\"fusion-fullwidth fullwidth-box fusion-builder-row-4 fusion-flex-container nonhundred-percent-fullwidth non-hundred-percent-height-scrolling\" style=\"--awb-border-sizes-bottom:3px;--awb-border-color:var(--awb-color5);--awb-border-radius-top-left:0px;--awb-border-radius-top-right:0px;--awb-border-radius-bottom-right:0px;--awb-border-radius-bottom-left:0px;--awb-flex-wrap:wrap;\" ><div class=\"fusion-builder-row fusion-row fusion-flex-align-items-flex-start fusion-flex-content-wrap\" style=\"max-width:1216.8px;margin-left: calc(-4% \/ 2 );margin-right: calc(-4% \/ 2 );\"><\/div><\/div><\/p>\n","protected":false},"excerpt":{"rendered":"","protected":false},"author":9,"featured_media":0,"parent":4123,"menu_order":0,"comment_status":"closed","ping_status":"closed","template":"100-width.php","meta":{"footnotes":""},"class_list":["post-4144","page","type-page","status-publish","hentry"],"_links":{"self":[{"href":"https:\/\/focolare.ro\/hu\/wp-json\/wp\/v2\/pages\/4144","targetHints":{"allow":["GET"]}}],"collection":[{"href":"https:\/\/focolare.ro\/hu\/wp-json\/wp\/v2\/pages"}],"about":[{"href":"https:\/\/focolare.ro\/hu\/wp-json\/wp\/v2\/types\/page"}],"author":[{"embeddable":true,"href":"https:\/\/focolare.ro\/hu\/wp-json\/wp\/v2\/users\/9"}],"replies":[{"embeddable":true,"href":"https:\/\/focolare.ro\/hu\/wp-json\/wp\/v2\/comments?post=4144"}],"version-history":[{"count":13,"href":"https:\/\/focolare.ro\/hu\/wp-json\/wp\/v2\/pages\/4144\/revisions"}],"predecessor-version":[{"id":4386,"href":"https:\/\/focolare.ro\/hu\/wp-json\/wp\/v2\/pages\/4144\/revisions\/4386"}],"up":[{"embeddable":true,"href":"https:\/\/focolare.ro\/hu\/wp-json\/wp\/v2\/pages\/4123"}],"wp:attachment":[{"href":"https:\/\/focolare.ro\/hu\/wp-json\/wp\/v2\/media?parent=4144"}],"curies":[{"name":"wp","href":"https:\/\/api.w.org\/{rel}","templated":true}]}}