{"id":4165,"date":"2022-04-03T14:22:54","date_gmt":"2022-04-03T11:22:54","guid":{"rendered":"https:\/\/focolare.ro\/az-elet-igeje\/az-elet-igeje-2024\/2024-februar\/"},"modified":"2024-04-26T18:42:25","modified_gmt":"2024-04-26T15:42:25","slug":"2024-februar","status":"publish","type":"page","link":"https:\/\/focolare.ro\/hu\/az-elet-igeje\/az-elet-igeje-2024\/2024-februar\/","title":{"rendered":"2024. Febru\u00e1r"},"content":{"rendered":"<p><div class=\"fusion-fullwidth fullwidth-box fusion-builder-row-1 fusion-flex-container has-pattern-background has-mask-background fusion-parallax-none nonhundred-percent-fullwidth non-hundred-percent-height-scrolling lazyload\" style=\"--awb-border-radius-top-left:0px;--awb-border-radius-top-right:0px;--awb-border-radius-bottom-right:0px;--awb-border-radius-bottom-left:0px;--awb-background-color:var(--awb-custom14);--awb-background-size:cover;--awb-flex-wrap:wrap;\" data-bg=\"https:\/\/focolare.ro\/wp-content\/uploads\/2024\/02\/CVfebruarie2024.jpg\" ><div class=\"fusion-builder-row fusion-row fusion-flex-align-items-flex-start fusion-flex-content-wrap\" style=\"max-width:1216.8px;margin-left: calc(-4% \/ 2 );margin-right: calc(-4% \/ 2 );\"><div class=\"fusion-layout-column fusion_builder_column fusion-builder-column-0 fusion_builder_column_1_1 1_1 fusion-flex-column\" style=\"--awb-bg-size:cover;--awb-width-large:100%;--awb-margin-top-large:0px;--awb-spacing-right-large:1.92%;--awb-margin-bottom-large:20px;--awb-spacing-left-large:1.92%;--awb-width-medium:100%;--awb-order-medium:0;--awb-spacing-right-medium:1.92%;--awb-spacing-left-medium:1.92%;--awb-width-small:100%;--awb-order-small:0;--awb-spacing-right-small:1.92%;--awb-spacing-left-small:1.92%;\"><div class=\"fusion-column-wrapper fusion-column-has-shadow fusion-flex-justify-content-flex-start fusion-content-layout-column\"><div class=\"fusion-separator fusion-full-width-sep\" style=\"align-self: center;margin-left: auto;margin-right: auto;margin-bottom:200px;width:100%;\"><\/div><div class=\"fusion-title title fusion-title-1 fusion-sep-none fusion-title-text fusion-title-size-two\" style=\"--awb-text-color:var(--awb-color1);\"><h2 class=\"fusion-title-heading title-heading-left\" style=\"margin:0;\">2024. Febru\u00e1r<\/h2><\/div><\/div><\/div><\/div><\/div><div class=\"fusion-fullwidth fullwidth-box fusion-builder-row-2 fusion-flex-container nonhundred-percent-fullwidth non-hundred-percent-height-scrolling\" style=\"--awb-border-radius-top-left:0px;--awb-border-radius-top-right:0px;--awb-border-radius-bottom-right:0px;--awb-border-radius-bottom-left:0px;--awb-background-color:var(--awb-color1);--awb-flex-wrap:wrap;\" ><div class=\"fusion-builder-row fusion-row fusion-flex-align-items-flex-start fusion-flex-content-wrap\" style=\"max-width:1216.8px;margin-left: calc(-4% \/ 2 );margin-right: calc(-4% \/ 2 );\"><div class=\"fusion-layout-column fusion_builder_column fusion-builder-column-1 fusion_builder_column_1_1 1_1 fusion-flex-column\" style=\"--awb-bg-size:cover;--awb-width-large:100%;--awb-margin-top-large:0px;--awb-spacing-right-large:1.92%;--awb-margin-bottom-large:20px;--awb-spacing-left-large:1.92%;--awb-width-medium:100%;--awb-order-medium:0;--awb-spacing-right-medium:1.92%;--awb-spacing-left-medium:1.92%;--awb-width-small:100%;--awb-order-small:0;--awb-spacing-right-small:1.92%;--awb-spacing-left-small:1.92%;\"><div class=\"fusion-column-wrapper fusion-column-has-shadow fusion-flex-justify-content-flex-start fusion-content-layout-column\"><div class=\"fusion-separator fusion-full-width-sep\" style=\"align-self: center;margin-left: auto;margin-right: auto;margin-bottom:100px;width:100%;\"><\/div><\/div><\/div><\/div><\/div><div class=\"fusion-fullwidth fullwidth-box fusion-builder-row-3 fusion-flex-container nonhundred-percent-fullwidth non-hundred-percent-height-scrolling\" style=\"--awb-border-radius-top-left:0px;--awb-border-radius-top-right:0px;--awb-border-radius-bottom-right:0px;--awb-border-radius-bottom-left:0px;--awb-flex-wrap:wrap;\" ><div class=\"fusion-builder-row fusion-row fusion-flex-align-items-flex-start fusion-flex-content-wrap\" style=\"max-width:1216.8px;margin-left: calc(-4% \/ 2 );margin-right: calc(-4% \/ 2 );\"><div class=\"fusion-layout-column fusion_builder_column fusion-builder-column-2 fusion_builder_column_2_3 2_3 fusion-flex-column\" style=\"--awb-bg-size:cover;--awb-width-large:66.666666666667%;--awb-margin-top-large:0px;--awb-spacing-right-large:2.88%;--awb-margin-bottom-large:20px;--awb-spacing-left-large:2.88%;--awb-width-medium:100%;--awb-order-medium:0;--awb-spacing-right-medium:1.92%;--awb-spacing-left-medium:1.92%;--awb-width-small:100%;--awb-order-small:0;--awb-spacing-right-small:1.92%;--awb-spacing-left-small:1.92%;\"><div class=\"fusion-column-wrapper fusion-column-has-shadow fusion-flex-justify-content-flex-start fusion-content-layout-column\"><div class=\"fusion-text fusion-text-1\" style=\"--awb-text-transform:none;\"><h3><strong>2024. febru\u00e1r<\/strong><\/h3>\n<p><strong>\u201eMinden, amit tesztek, szeretetben t\u00f6rt\u00e9nj\u00e9k.\u201d (<em>1Kor<\/em> 16,14)<\/strong> <a href=\"#_ftn1\" name=\"_ftnref1\">[1]<\/a>.<\/p>\n<p>Ebben a h\u00f3napban P\u00e1l apostol szava \u00e9s tapasztalata lesz a vil\u00e1goss\u00e1g az utunkon. <a href=\"#_ftn2\" name=\"_ftnref2\">[2]<\/a><\/p>\n<p>A korintusi kereszt\u00e9nyekhez hasonl\u00f3an nek\u00fcnk is nagy er\u0151vel hirdeti, hogy az evang\u00e9lium l\u00e9nyege a szeretet, az agap\u00e9, az \u00e9rdek n\u00e9lk\u00fcli szeretet a testv\u00e9rek k\u00f6z\u00f6tt.<\/p>\n<p>A mostani \u00e9letige ennek a lev\u00e9lnek a befejez\u0151 r\u00e9sz\u00e9b\u0151l sz\u00e1rmazik, amely r\u00e9szletesen le\u00edrja, \u00e9s minden \u00e1rnyalat\u00e1ban el is magyar\u00e1zza, hogy milyen a szeretet: t\u00fcrelmes, j\u00f3s\u00e1gos, \u00f6r\u00fcl az igazs\u00e1gnak, nem keresi a maga jav\u00e1t\u2026 <a href=\"#_ftn3\" name=\"_ftnref3\">[3]<\/a><\/p>\n<p>A kereszt\u00e9ny k\u00f6z\u00f6ss\u00e9gben ily m\u00f3don meg\u00e9lt k\u00f6lcs\u00f6n\u00f6s szeretet gy\u00f3gy\u00edr a mindig fenyeget\u0151 megosztotts\u00e1gokra, \u00e9s a rem\u00e9ny jele az eg\u00e9sz emberis\u00e9g sz\u00e1m\u00e1ra.<\/p>\n<p><strong>\u201eMinden, amit tesztek, szeretetben t\u00f6rt\u00e9nj\u00e9k.\u201d <\/strong><\/p>\n<p>\u00c9rdekes, hogy P\u00e1l \u2013 ha a g\u00f6r\u00f6g sz\u00f6veget n\u00e9zz\u00fck \u2013 arra buzd\u00edt, hogy minden tev\u00e9kenys\u00e9g\u00fcnk folyam\u00e1n \u201elegy\u00fcnk a szeretetben\u201d, \u00e9s ezzel megadja minden cselekedet\u00fcnk biztos alapj\u00e1t, a felt\u00e9tel\u00e9t, hogy Istenben lakozzunk, aki a Szeretet.<\/p>\n<p>Hogyan is tudn\u00e1nk k\u00f6lcs\u00f6n\u00f6sen befogadni egym\u00e1st, hogy tudn\u00e1nk mindenkihez \u00edgy viszonyulni, ha nem tudn\u00e1nk, hogy el\u0151bb Isten szeret minket a t\u00f6r\u00e9kenys\u00e9geinkkel egy\u00fctt is?<\/p>\n<p>AHa \u00fajra \u00e9s \u00fajra felsz\u00edtjuk magunkban ennek a tudat\u00e1t, akkor lesz\u00fcnk k\u00e9pesek f\u00e9lelem n\u00e9lk\u00fcl megny\u00edlni m\u00e1sok fel\u00e9, \u00e9s meg\u00e9rteni a sz\u00fcks\u00e9gleteiket, mell\u00e9j\u00fck \u00e1llni \u00e9s megosztani vel\u00fck anyagi \u00e9s lelki javainkat.<\/p>\n<p>Figyelj\u00fck meg, hogy J\u00e9zus hogyan cselekedett, mivel \u0150 a mi p\u00e9ldak\u00e9p\u00fcnk.<\/p>\n<p>\u201e\u0150 maga els\u0151k\u00e9nt adott: eg\u00e9szs\u00e9get a betegeknek, bocs\u00e1natot a b\u0171n\u00f6s\u00f6knek, \u00e9letet adott mindannyiunknak. Az \u00f6szt\u00f6n\u00f6s, \u00f6nz\u0151 har\u00e1csol\u00e1st J\u00e9zus a nagylelk\u0171s\u00e9ggel, a saj\u00e1t ig\u00e9nyeink el\u0151t\u00e9rbe helyez\u00e9s\u00e9t a m\u00e1sokra val\u00f3 odafigyel\u00e9ssel \u00e1ll\u00edtja szembe. A birtokl\u00e1s kult\u00far\u00e1j\u00e1val szemben az ad\u00e1s kult\u00far\u00e1j\u00e1t hangs\u00falyozza. Nem az a l\u00e9nyeg, hogy sokat vagy keveset tudunk-e adni. Az sz\u00e1m\u00edt, hogy \u00bbhogyan\u00ab adunk, mennyi szeretet van a m\u00e1sik ir\u00e1nti figyelmess\u00e9g\u00fcnk ak\u00e1r egy apr\u00f3 gesztus\u00e1ban is. [&#8230;] A szeretet l\u00e9nyegre t\u00f6r\u0151: odafigyel\u00e9ssel, szolg\u00e1lattal \u00e9s seg\u00edt\u0151k\u00e9szs\u00e9ggel k\u00e9pes a felebar\u00e1thoz k\u00f6zeledni. [\u2026] M\u00e9g fontosabb megpr\u00f3b\u00e1lni szeretetnek \u00bblenni\u00ab mindenki ir\u00e1nt! Akkor megtal\u00e1ln\u00e1nk a sz\u00edv\u00e9hez vezet\u0151 utat, \u00e9s tudn\u00e1nk seg\u00edteni neki.\u201d <a href=\"#_ftn4\" name=\"_ftnref4\">[4]<\/a>.<\/p>\n<p><strong>\u201eMinden, amit tesztek, szeretetben t\u00f6rt\u00e9nj\u00e9k.\u201d<\/strong><\/p>\n<p>Ez az ige arra tan\u00edt, hogy tisztelettel k\u00f6zeledj\u00fcnk m\u00e1sokhoz, ne legyen benn\u00fcnk \u00e1lnoks\u00e1g, hanem \u00f6tletesen tegy\u00fck lehet\u0151v\u00e9, hogy megval\u00f3s\u00edthass\u00e1k legszebb v\u00e1gyaikat, \u00e9s \u00edgy mindenki r\u00e9sz\u00e9t adhassa a k\u00f6zj\u00f3 megval\u00f3sul\u00e1s\u00e1hoz.<\/p>\n<p>Ez seg\u00edteni fog, hogy \u00e9rt\u00e9kelj\u00fck a h\u00e9tk\u00f6znapi \u00e9let\u00fcnk apr\u00f3 esem\u00e9nyeit is: \u201e[\u2026] a h\u00e1zimunk\u00e1t\u00f3l a f\u00f6ldeken vagy a m\u0171helyben v\u00e9gzett munk\u00e1ig, a hivatali \u00fcgyint\u00e9z\u00e9st\u0151l az iskolai teend\u0151kig vagy a t\u00e1rsadalmi, politikai \u00e9s vall\u00e1si felel\u0151ss\u00e9gek v\u00e1llal\u00e1s\u00e1ig. Minden figyelmes \u00e9s seg\u00edt\u0151k\u00e9sz szolg\u00e1latt\u00e1 v\u00e1lhat.\u201d <a href=\"#_ftn5\" name=\"_ftnref5\">[5]<\/a>.<\/p>\n<p>K\u00e9pzelj\u00fck el \u00fagy, mint egy mozaikot, a maga egyszer\u0171s\u00e9g\u00e9ben meg\u00e9lt evang\u00e9liumb\u00f3l.<\/p>\n<p>K\u00e9t sz\u00fcl\u0151 mes\u00e9li: \u201eA szomsz\u00e9dunk k\u00f6z\u00f6mb\u00f6s a hit ir\u00e1nt. Elmes\u00e9lte, hogy a fia b\u00f6rt\u00f6nbe ker\u00fclt, mi pedig v\u00e1llaltuk, hogy megl\u00e1togatjuk. Az el\u0151z\u0151 nap b\u00f6jt\u00f6lt\u00fcnk, k\u00e9rve a kegyelmet, hogy a megfelel\u0151 szavakat tudjuk mondani neki. Azt\u00e1n kifizett\u00fck az \u00f3vad\u00e9kot, hogy szabadon engedj\u00e9k.\u201d <a href=\"#_ftn6\" name=\"_ftnref6\">[6]<\/a><\/p>\n<p>Egy ifj\u00fas\u00e1gi csoport Bue\u00e1ban (Kamerun d\u00e9lnyugati r\u00e9sz\u00e9n) term\u00e9szetbeni \u00e9s p\u00e9nzadom\u00e1nyokat gy\u0171jt\u00f6tt, hogy seg\u00edtsenek a h\u00e1bor\u00fa miatt az orsz\u00e1g m\u00e1s r\u00e9sz\u00e9re elmenek\u00fclni k\u00e9nyszer\u00fclt embereken.<a href=\"#_ftn7\" name=\"_ftnref7\">[7]<\/a> Megl\u00e1togattak egy embert, aki a menek\u00fcl\u00e9s k\u00f6zben elvesz\u00edtette az egyik karj\u00e1t. Nagyon neh\u00e9z elfogadnia ezt a fogyat\u00e9koss\u00e1got, mert ez hirtelen er\u0151vel v\u00e1ltoztatta meg a szok\u00e1sait. \u201eA l\u00e1togat\u00e1sunk rem\u00e9nyt, \u00f6r\u00f6met \u00e9s bizalmat adott neki. \u00c1ltalunk megtapasztalta Isten szeretet\u00e9t\u201d \u2013 mes\u00e9li Regina. Marita pedig \u00fagy \u00e9rzi: \u201eEz ut\u00e1n a tapasztalat ut\u00e1n t\u00e9nyleg biztos vagyok benne, hogy semmi sem kicsi, ha szeretetb\u0151l tessz\u00fck. M\u00e1sra nincs is sz\u00fcks\u00e9g, mert a szeretet mozd\u00edtja meg a vil\u00e1got. Pr\u00f3b\u00e1ljuk ki!\u201d<\/p>\n<p><em>Letizia Magri \u00e9s az \u00e9letige csoport gondoz\u00e1s\u00e1ban<\/em><\/p>\n<p><a href=\"#_ftnref1\" name=\"_ftn1\">[1]<\/a> Ebben a h\u00f3napban az \u00c9let ig\u00e9je az a mondat, amit a k\u00fcl\u00f6nb\u00f6z\u0151 n\u00e9met egyh\u00e1zak eg\u00e9sz \u00e9vre mott\u00f3nak v\u00e1lasztottak.<\/p>\n<p><a href=\"#_ftnref2\" name=\"_ftn2\">[2]<\/a> v\u00f6. <em>Zsolt<\/em> 119[118],105.[118]<\/p>\n<p><a href=\"#_ftnref3\" name=\"_ftn3\">[3]<\/a> v\u00f6.1Kor 13 cap. 13.<\/p>\n<p><a href=\"#_ftnref4\" name=\"_ftn4\">[4]<\/a> C. Lubich, <em>Az \u00e9let ig\u00e9je<\/em>, 2006. okt\u00f3ber, <em>\u00daj V\u00e1ros<\/em>, 2006\/10.<\/p>\n<p><a href=\"#_ftnref5\" name=\"_ftn5\">[5]<\/a> <em>uo.<\/em> p. 792.<\/p>\n<p><a href=\"#_ftnref6\" name=\"_ftn6\">[6]<\/a> S. Pellegrini, G. Salerno e M. Caporale, <em>Famiglie in azione. Un mosaico di vita<\/em>, Citt\u00e0 Nuova 2022, pp.70-71.<\/p>\n<p><a href=\"#_ftnref7\" name=\"_ftn7\">[7]<\/a> https:\/\/www.unitedworldproject.org\/workshop\/camerun-condividere-con-gli-sfollati\/<\/p>\n<\/div><\/div><\/div><div class=\"fusion-layout-column fusion_builder_column fusion-builder-column-3 fusion_builder_column_1_3 1_3 fusion-flex-column\" style=\"--awb-padding-top:30px;--awb-padding-right:30px;--awb-padding-bottom:10px;--awb-padding-left:30px;--awb-bg-color:var(--awb-custom13);--awb-bg-color-hover:var(--awb-custom13);--awb-bg-size:cover;--awb-width-large:33.333333333333%;--awb-margin-top-large:0px;--awb-spacing-right-large:5.76%;--awb-margin-bottom-large:20px;--awb-spacing-left-large:5.76%;--awb-width-medium:100%;--awb-order-medium:0;--awb-spacing-right-medium:1.92%;--awb-spacing-left-medium:1.92%;--awb-width-small:100%;--awb-order-small:0;--awb-spacing-right-small:1.92%;--awb-spacing-left-small:1.92%;\"><div class=\"fusion-column-wrapper fusion-column-has-shadow fusion-flex-justify-content-flex-start fusion-content-layout-column\"><div class=\"fusion-title title fusion-title-2 fusion-sep-none fusion-title-center fusion-title-text fusion-title-size-four\"><h4 class=\"fusion-title-heading title-heading-center\" style=\"margin:0;\">T\u00f6ltsd le PDF form\u00e1tumban<\/h4><\/div><div style=\"text-align:center;\"><a class=\"fusion-button button-flat fusion-button-default-size button-default fusion-button-default button-1 fusion-button-span-yes fusion-button-default-type\" style=\"--button_margin-bottom:20px;\" target=\"_blank\" rel=\"noopener noreferrer\" href=\"https:\/\/focolare.ro\/wp-content\/uploads\/2024\/02\/CV-02-2024-A5-HU.pdf\"><span class=\"fusion-button-icon-divider button-icon-divider-left\"><i class=\"fa-file-pdf fas awb-button__icon awb-button__icon--default\" aria-hidden=\"true\"><\/i><\/span><span class=\"fusion-button-text awb-button__text awb-button__text--default fusion-button-text-left\">Feln\u0151ttek r\u00e9sz\u00e9re<\/span><\/a><\/div><div style=\"text-align:center;\"><a class=\"fusion-button button-flat fusion-button-default-size button-default fusion-button-default button-2 fusion-button-span-yes fusion-button-default-type\" style=\"--button_margin-bottom:20px;\" target=\"_blank\" rel=\"noopener noreferrer\" href=\"https:\/\/focolare.ro\/wp-content\/uploads\/2024\/02\/ige202402ph.pdf\"><span class=\"fusion-button-icon-divider button-icon-divider-left\"><i class=\"fa-file-pdf fas awb-button__icon awb-button__icon--default\" aria-hidden=\"true\"><\/i><\/span><span class=\"fusion-button-text awb-button__text awb-button__text--default fusion-button-text-left\">Fiataloknak<\/span><\/a><\/div><div style=\"text-align:center;\"><a class=\"fusion-button button-flat fusion-button-default-size button-default fusion-button-default button-3 fusion-button-span-yes fusion-button-default-type\" style=\"--button_margin-bottom:20px;\" target=\"_blank\" rel=\"noopener noreferrer\" href=\"https:\/\/focolare.ro\/wp-content\/uploads\/2024\/02\/Pdv_202402_hu_Color.pdf\"><span class=\"fusion-button-icon-divider button-icon-divider-left\"><i class=\"fa-file-pdf fas awb-button__icon awb-button__icon--default\" aria-hidden=\"true\"><\/i><\/span><span class=\"fusion-button-text awb-button__text awb-button__text--default fusion-button-text-left\">Gyerekeknek sz\u00ednes v\u00e1ltozat<\/span><\/a><\/div><div style=\"text-align:center;\"><a class=\"fusion-button button-flat fusion-button-default-size button-default fusion-button-default button-4 fusion-button-span-yes fusion-button-default-type\" style=\"--button_margin-bottom:20px;\" target=\"_blank\" rel=\"noopener noreferrer\" href=\"https:\/\/focolare.ro\/wp-content\/uploads\/2024\/02\/Pdv_202402_hu_-BW.pdf\"><span class=\"fusion-button-icon-divider button-icon-divider-left\"><i class=\"fa-file-pdf fas awb-button__icon awb-button__icon--default\" aria-hidden=\"true\"><\/i><\/span><span class=\"fusion-button-text awb-button__text awb-button__text--default fusion-button-text-left\">Gyerekeknek kifest\u0151<\/span><\/a><\/div><\/div><\/div><\/div><\/div><div class=\"fusion-fullwidth fullwidth-box fusion-builder-row-4 fusion-flex-container nonhundred-percent-fullwidth non-hundred-percent-height-scrolling\" style=\"--awb-border-sizes-bottom:3px;--awb-border-color:var(--awb-color5);--awb-border-radius-top-left:0px;--awb-border-radius-top-right:0px;--awb-border-radius-bottom-right:0px;--awb-border-radius-bottom-left:0px;--awb-flex-wrap:wrap;\" ><div class=\"fusion-builder-row fusion-row fusion-flex-align-items-flex-start fusion-flex-content-wrap\" style=\"max-width:1216.8px;margin-left: calc(-4% \/ 2 );margin-right: calc(-4% \/ 2 );\"><\/div><\/div><\/p>\n","protected":false},"excerpt":{"rendered":"","protected":false},"author":9,"featured_media":0,"parent":4123,"menu_order":0,"comment_status":"closed","ping_status":"closed","template":"100-width.php","meta":{"footnotes":""},"class_list":["post-4165","page","type-page","status-publish","hentry"],"_links":{"self":[{"href":"https:\/\/focolare.ro\/hu\/wp-json\/wp\/v2\/pages\/4165","targetHints":{"allow":["GET"]}}],"collection":[{"href":"https:\/\/focolare.ro\/hu\/wp-json\/wp\/v2\/pages"}],"about":[{"href":"https:\/\/focolare.ro\/hu\/wp-json\/wp\/v2\/types\/page"}],"author":[{"embeddable":true,"href":"https:\/\/focolare.ro\/hu\/wp-json\/wp\/v2\/users\/9"}],"replies":[{"embeddable":true,"href":"https:\/\/focolare.ro\/hu\/wp-json\/wp\/v2\/comments?post=4165"}],"version-history":[{"count":7,"href":"https:\/\/focolare.ro\/hu\/wp-json\/wp\/v2\/pages\/4165\/revisions"}],"predecessor-version":[{"id":4387,"href":"https:\/\/focolare.ro\/hu\/wp-json\/wp\/v2\/pages\/4165\/revisions\/4387"}],"up":[{"embeddable":true,"href":"https:\/\/focolare.ro\/hu\/wp-json\/wp\/v2\/pages\/4123"}],"wp:attachment":[{"href":"https:\/\/focolare.ro\/hu\/wp-json\/wp\/v2\/media?parent=4165"}],"curies":[{"name":"wp","href":"https:\/\/api.w.org\/{rel}","templated":true}]}}