{"id":4212,"date":"2022-04-03T14:22:54","date_gmt":"2022-04-03T11:22:54","guid":{"rendered":"https:\/\/focolare.ro\/az-elet-igeje\/az-elet-igeje-2024\/2024-marcius\/"},"modified":"2024-04-26T18:42:11","modified_gmt":"2024-04-26T15:42:11","slug":"2024-marcius","status":"publish","type":"page","link":"https:\/\/focolare.ro\/hu\/az-elet-igeje\/az-elet-igeje-2024\/2024-marcius\/","title":{"rendered":"2024. M\u00e1rcius"},"content":{"rendered":"<p><div class=\"fusion-fullwidth fullwidth-box fusion-builder-row-1 fusion-flex-container has-pattern-background has-mask-background fusion-parallax-none nonhundred-percent-fullwidth non-hundred-percent-height-scrolling lazyload\" style=\"--awb-border-radius-top-left:0px;--awb-border-radius-top-right:0px;--awb-border-radius-bottom-right:0px;--awb-border-radius-bottom-left:0px;--awb-background-color:var(--awb-custom14);--awb-background-size:cover;--awb-flex-wrap:wrap;\" data-bg=\"https:\/\/focolare.ro\/wp-content\/uploads\/2024\/02\/CVmartie2024.jpg\" ><div class=\"fusion-builder-row fusion-row fusion-flex-align-items-flex-start fusion-flex-content-wrap\" style=\"max-width:1216.8px;margin-left: calc(-4% \/ 2 );margin-right: calc(-4% \/ 2 );\"><div class=\"fusion-layout-column fusion_builder_column fusion-builder-column-0 fusion_builder_column_1_1 1_1 fusion-flex-column\" style=\"--awb-bg-size:cover;--awb-width-large:100%;--awb-margin-top-large:0px;--awb-spacing-right-large:1.92%;--awb-margin-bottom-large:20px;--awb-spacing-left-large:1.92%;--awb-width-medium:100%;--awb-order-medium:0;--awb-spacing-right-medium:1.92%;--awb-spacing-left-medium:1.92%;--awb-width-small:100%;--awb-order-small:0;--awb-spacing-right-small:1.92%;--awb-spacing-left-small:1.92%;\"><div class=\"fusion-column-wrapper fusion-column-has-shadow fusion-flex-justify-content-flex-start fusion-content-layout-column\"><div class=\"fusion-separator fusion-full-width-sep\" style=\"align-self: center;margin-left: auto;margin-right: auto;margin-bottom:200px;width:100%;\"><\/div><div class=\"fusion-title title fusion-title-1 fusion-sep-none fusion-title-text fusion-title-size-two\" style=\"--awb-text-color:var(--awb-color1);\"><h2 class=\"fusion-title-heading title-heading-left\" style=\"margin:0;\">2024. M\u00e1rcius<\/h2><\/div><\/div><\/div><\/div><\/div><div class=\"fusion-fullwidth fullwidth-box fusion-builder-row-2 fusion-flex-container nonhundred-percent-fullwidth non-hundred-percent-height-scrolling\" style=\"--awb-border-radius-top-left:0px;--awb-border-radius-top-right:0px;--awb-border-radius-bottom-right:0px;--awb-border-radius-bottom-left:0px;--awb-background-color:var(--awb-color1);--awb-flex-wrap:wrap;\" ><div class=\"fusion-builder-row fusion-row fusion-flex-align-items-flex-start fusion-flex-content-wrap\" style=\"max-width:1216.8px;margin-left: calc(-4% \/ 2 );margin-right: calc(-4% \/ 2 );\"><div class=\"fusion-layout-column fusion_builder_column fusion-builder-column-1 fusion_builder_column_1_1 1_1 fusion-flex-column\" style=\"--awb-bg-size:cover;--awb-width-large:100%;--awb-margin-top-large:0px;--awb-spacing-right-large:1.92%;--awb-margin-bottom-large:20px;--awb-spacing-left-large:1.92%;--awb-width-medium:100%;--awb-order-medium:0;--awb-spacing-right-medium:1.92%;--awb-spacing-left-medium:1.92%;--awb-width-small:100%;--awb-order-small:0;--awb-spacing-right-small:1.92%;--awb-spacing-left-small:1.92%;\"><div class=\"fusion-column-wrapper fusion-column-has-shadow fusion-flex-justify-content-flex-start fusion-content-layout-column\"><div class=\"fusion-separator fusion-full-width-sep\" style=\"align-self: center;margin-left: auto;margin-right: auto;margin-bottom:100px;width:100%;\"><\/div><\/div><\/div><\/div><\/div><div class=\"fusion-fullwidth fullwidth-box fusion-builder-row-3 fusion-flex-container nonhundred-percent-fullwidth non-hundred-percent-height-scrolling\" style=\"--awb-border-radius-top-left:0px;--awb-border-radius-top-right:0px;--awb-border-radius-bottom-right:0px;--awb-border-radius-bottom-left:0px;--awb-flex-wrap:wrap;\" ><div class=\"fusion-builder-row fusion-row fusion-flex-align-items-flex-start fusion-flex-content-wrap\" style=\"max-width:1216.8px;margin-left: calc(-4% \/ 2 );margin-right: calc(-4% \/ 2 );\"><div class=\"fusion-layout-column fusion_builder_column fusion-builder-column-2 fusion_builder_column_2_3 2_3 fusion-flex-column\" style=\"--awb-bg-size:cover;--awb-width-large:66.666666666667%;--awb-margin-top-large:0px;--awb-spacing-right-large:2.88%;--awb-margin-bottom-large:20px;--awb-spacing-left-large:2.88%;--awb-width-medium:100%;--awb-order-medium:0;--awb-spacing-right-medium:1.92%;--awb-spacing-left-medium:1.92%;--awb-width-small:100%;--awb-order-small:0;--awb-spacing-right-small:1.92%;--awb-spacing-left-small:1.92%;\"><div class=\"fusion-column-wrapper fusion-column-has-shadow fusion-flex-justify-content-flex-start fusion-content-layout-column\"><div class=\"fusion-text fusion-text-1\" style=\"--awb-text-transform:none;\"><h3><strong>2024. m\u00e1rcius<\/strong><\/h3>\n<p><strong>\u201e<\/strong><strong>Tiszta sz\u00edvet teremts bennem, Istenem,<\/strong> <strong>s az er\u0151s lelket \u00faj\u00edtsd meg<\/strong> <strong>bens\u0151mben!<\/strong><strong>\u201d (<em>Zsolt<\/em> 51[50],12)<\/strong><strong>.<\/strong><\/p>\n<p>A szent\u00edr\u00e1si ige, amit e nagyb\u00f6jti id\u0151ben \u00e9lni szeretn\u00e9nk, az 51. zsolt\u00e1rb\u00f3l sz\u00e1rmazik, a 12. versben tal\u00e1ljuk az al\u00e1zatos \u00e9s megind\u00edt\u00f3 mondatot: \u201eTiszta sz\u00edvet teremts bennem, Istenem, s az er\u0151s lelket \u00faj\u00edtsd meg bennem!\u201d. Ez a sz\u00f6veg<em> \u201eMiserere\u201d<\/em> n\u00e9ven v\u00e1lt ismertt\u00e9. A szerz\u0151 az elej\u00e9n v\u00e9gigvizsg\u00e1lja az emberi l\u00e9lek legrejtettebb zugait, a l\u00e9lek legm\u00e9lyebb h\u00farjait pengeti, \u00edgy \u00e1t\u00e9rezz\u00fck, mennyire alkalmatlanok vagyunk a kapcsolatra Istennel, m\u00e9gis kimondhatatlanul v\u00e1gyunk a k\u00f6z\u00f6ss\u00e9gre vele, mert t\u0151le j\u00f6n minden irgalom \u00e9s kegyelem.<\/p>\n<p><strong>\u201e<\/strong><strong>Tiszta sz\u00edvet teremts bennem, Istenem,<\/strong> <strong>s az er\u0151s lelket \u00faj\u00edtsd meg<\/strong> <strong>bens\u0151mben!<\/strong><strong>\u201d<\/strong><\/p>\n<p>A zsolt\u00e1r D\u00e1vid \u00e9let\u00e9nek ismert t\u00f6rt\u00e9net\u00e9b\u0151l indul ki. \u0150t megh\u00edvta Isten, hogy viselje gondj\u00e1t Izrael n\u00e9p\u00e9nek, \u00e9s vezesse a Sz\u00f6vets\u00e9ghez val\u00f3 h\u0171s\u00e9g \u00fatj\u00e1n. \u0150 viszont v\u00e9t a k\u00fcldet\u00e9se ellen: Batseb\u00e9val h\u00e1zass\u00e1gt\u00f6r\u00e9st k\u00f6vet el, azt\u00e1n egy csat\u00e1ban meg\u00f6leti a f\u00e9rj\u00e9t, a hetita Uri\u00e1st, aki sereg\u00e9nek tisztje volt. N\u00e1t\u00e1n pr\u00f3f\u00e9ta felt\u00e1rja el\u0151tte b\u0171n\u00e9nek s\u00faly\u00e1t \u00e9s seg\u00edt, hogy beismerje azt. Ez az ige b\u0171n\u00e9nek megvall\u00e1sa \u00e9s az Istennel val\u00f3 kiengesztel\u0151d\u00e9snek a pillanata.<\/p>\n<p><strong>\u201e<\/strong><strong>Tiszta sz\u00edvet teremts bennem, Istenem,<\/strong> <strong>s az er\u0151s lelket \u00faj\u00edtsd meg<\/strong> <strong>bens\u0151mben!<\/strong><strong>\u201d<\/strong><\/p>\n<p>A zsolt\u00e1ros nagyon s\u00falyos szavakat ad a kir\u00e1ly sz\u00e1j\u00e1ba, amelyek m\u00e9ly b\u0171nb\u00e1natb\u00f3l \u00e9s az isteni megbocs\u00e1t\u00e1s ir\u00e1nti teljes bizalomb\u00f3l fakadnak: \u201et\u00f6r\u00f6ld el\u201d, \u201emosd le\u201d, \u201etiszt\u00edts meg\u201d. Azt\u00e1n az \u00e1ltalunk id\u00e9zett mondatban a \u201eteremts\u201d sz\u00f3t haszn\u00e1lja, \u00e9s ezzel arra utal, hogy az emberi t\u00f6r\u00e9kenys\u00e9gt\u0151l csak Isten k\u00e9pes teljesen megszabad\u00edtani benn\u00fcnket. Tudatos\u00edtja, hogy csak \u0150 tud \u201etiszta sz\u00edv\u0171\u201d \u00faj teremtm\u00e9nny\u00e9 tenni benn\u00fcnket, \u00e9s elt\u00f6lteni \u00e9ltet\u0151 lelk\u00e9vel, \u0150 tud igazi \u00f6r\u00f6met adni, \u201eer\u0151s lelket\u201d, mely gy\u00f6keresen \u00e1talak\u00edtja a kapcsolatunkat Istennel, m\u00e1s \u00e9l\u0151l\u00e9nyekkel, a term\u00e9szettel \u00e9s az eg\u00e9sz vil\u00e1gegyetemmel.<\/p>\n<p><strong>\u201e<\/strong><strong>Tiszta sz\u00edvet teremts bennem, Istenem,<\/strong> <strong>s az er\u0151s lelket \u00faj\u00edtsd meg<\/strong> <strong>bens\u0151mben!<\/strong><strong>\u201d<\/strong><\/p>\n<p>Hogyan v\u00e1ltsuk gyakorlatra ezt az \u00e9letig\u00e9t? Az els\u0151 l\u00e9p\u00e9s, hogy hat\u00e1rtalan bizalommal beismerj\u00fck, hogy b\u0171n\u00f6s\u00f6k vagyunk, \u00e9s sz\u00fcks\u00e9g\u00fcnk van Isten bocs\u00e1nat\u00e1ra.<\/p>\n<p>Lehet, hogy az ism\u00e9telten elk\u00f6vetett hib\u00e1k elb\u00e1tortalan\u00edtanak, \u00e9s magunkba z\u00e1rk\u00f3zunk. Ilyenkor legal\u00e1bb egy kicsit ki kell nyitnunk a sz\u00edv\u00fcnk ajtaj\u00e1t. Chiara Lubich az 1940-es \u00e9vek elej\u00e9n \u00edgy \u00edrt valakinek, aki \u00fagy \u00e9rezte, hogy k\u00e9ptelen t\u00fall\u00e9pni saj\u00e1t nyomor\u00fas\u00e1g\u00e1n: \u201eMinden m\u00e1s gondolatot el kell t\u00e1vol\u00edtani a lelk\u00fcnkb\u0151l. \u00c9s elhinni, hogy J\u00e9zust vonzza b\u0171neink al\u00e1zatos, bizalommal \u00e9s szeretettel teljes felt\u00e1r\u00e1sa. Amit mi birtoklunk \u00e9s tesz\u00fcnk, az csupa nyomor\u00fas\u00e1g. \u0150 pedig a mi ir\u00e1nyunkba csupa Irgalom. Lelk\u00fcnk csak \u00fagy egyes\u00fclhet Vele, ha egyetlen aj\u00e1nd\u00e9kk\u00e9nt nem az er\u00e9nyeinket, hanem a b\u0171neinket aj\u00e1nljuk fel Neki! [\u2026] J\u00e9zus a f\u00f6ldre j\u00f6tt, emberr\u00e9 lett, \u00e9s nem v\u00e1gyik semmi m\u00e1sra [\u2026] csak arra, hogy Megv\u00e1lt\u00f3 legyen. Hogy Orvos legyen! Semmi m\u00e1sra nem v\u00e1gyik.\u201d <a href=\"#_ftn1\" name=\"_ftnref1\">[1]<\/a>.<\/p>\n<p><strong>\u201e<\/strong><strong>Tiszta sz\u00edvet teremts bennem, Istenem,<\/strong> <strong>s az er\u0151s lelket \u00faj\u00edtsd meg<\/strong> <strong>bens\u0151mben!<\/strong><strong>\u201d<\/strong><\/p>\n<p>Miut\u00e1n szabadok lett\u00fcnk \u00e9s bocs\u00e1natot nyert\u00fcnk, tartsuk szem el\u0151tt a testv\u00e9rek seg\u00edts\u00e9g\u00e9t, mert a kereszt\u00e9nyek ereje a k\u00f6z\u00f6ss\u00e9gb\u0151l fakad. Kezdj\u00fck el konkr\u00e9tan szeretni a felebar\u00e1tot, b\u00e1rki legyen is az!<\/p>\n<p>\u201eAmit ez t\u0151l\u00fcnk k\u00e9r, az a szolg\u00e1lattal, meg\u00e9rt\u00e9ssel teli k\u00f6lcs\u00f6n\u00f6s szeretet, amely osztozik a testv\u00e9r f\u00e1jdalmaiban, v\u00e1gyaiban \u00e9s \u00f6r\u00f6meiben; az a tipikusan kereszt\u00e9ny szeretet, mely mindent betakar, mindent megbocs\u00e1t.\u201d <a href=\"#_ftn2\" name=\"_ftnref2\">[2]<\/a>. Ferenc p\u00e1pa azt mondja: \u201eIsten bocs\u00e1nata [\u2026] irgalmass\u00e1g\u00e1nak legnagyobb jele. Olyan aj\u00e1nd\u00e9k, amelyet minden bocs\u00e1natot nyert b\u0171n\u00f6snek meg kell osztania \u00f6sszes testv\u00e9r\u00e9vel, akivel csak tal\u00e1lkozik. Mindenki, akit az \u00dar mell\u00e9nk \u00e1ll\u00edtott, csal\u00e1dtagok, bar\u00e1tok, munkat\u00e1rsak, egyh\u00e1zk\u00f6zs\u00e9gi tagok\u2026, mind olyanok, mint mi: r\u00e1szorulnak Isten irgalmass\u00e1g\u00e1ra. Olyan j\u00f3 bocs\u00e1natot nyerni, de te is, ha azt akarod, hogy bocs\u00e1natot nyerj, akkor te is bocs\u00e1ss meg m\u00e1soknak! Bocs\u00e1ssunk meg! [\u2026] hogy tan\u00fai legy\u00fcnk az \u0151 bocs\u00e1nat\u00e1nak, amely megtiszt\u00edtja sz\u00edv\u00fcnket \u00e9s \u00e1talak\u00edtja \u00e9let\u00fcnket!\u201d <a href=\"#_ftn3\" name=\"_ftnref3\">[3]<\/a>.<\/p>\n<p>Augusto Parody Reyes \u00e9s az <em>\u00e9letige csoport<\/em> gondoz\u00e1s\u00e1ban<\/p>\n<p><a href=\"#_ftnref1\" name=\"_ftn1\">[1]<\/a> C. Lubich, <em>Levelek 1943-1960<\/em>, a Cura di F. Gillet, (<em>Opere di Chiara Lubich<\/em> 4\/1), Citt\u00e0 Nuova, Roma 2022; p. 350.<\/p>\n<p><a href=\"#_ftnref2\" name=\"_ftn2\">[2]<\/a> C. Lubich, <em>Az \u00e9let ig\u00e9je<\/em> 2002. m\u00e1jus, <em>\u00daj V\u00e1ros<\/em>, <em>2002\/5<\/em>.<\/p>\n<p><a href=\"#_ftnref3\" name=\"_ftn3\">[3]<\/a> Ferenc p\u00e1pa, \u00e1ltal\u00e1nos kihallgat\u00e1s 2016. m\u00e1rcius 30., https:\/\/www.magyarkurir.hu\/hirek\/<em>ferenc-papa-isten-minden-bununknel-nagyobb<\/em><\/p>\n<p><a href=\"#_ftnref1\" name=\"_ftn1\">[1]<\/a> Ebben a h\u00f3napban az \u00c9let ig\u00e9je az a mondat, amit a k\u00fcl\u00f6nb\u00f6z\u0151 n\u00e9met egyh\u00e1zak eg\u00e9sz \u00e9vre mott\u00f3nak v\u00e1lasztottak.<\/p>\n<p><a href=\"#_ftnref2\" name=\"_ftn2\">[2]<\/a> v\u00f6. <em>Zsolt<\/em> 119[118],105.[118]<\/p>\n<p><a href=\"#_ftnref3\" name=\"_ftn3\">[3]<\/a> v\u00f6.1Kor 13 cap. 13.<\/p>\n<p><a href=\"#_ftnref4\" name=\"_ftn4\">[4]<\/a> C. Lubich, <em>Az \u00e9let ig\u00e9je<\/em>, 2006. okt\u00f3ber, <em>\u00daj V\u00e1ros<\/em>, 2006\/10.<\/p>\n<p><a href=\"#_ftnref5\" name=\"_ftn5\">[5]<\/a> <em>uo.<\/em> p. 792.<\/p>\n<p><a href=\"#_ftnref6\" name=\"_ftn6\">[6]<\/a> S. Pellegrini, G. Salerno e M. Caporale, <em>Famiglie in azione. Un mosaico di vita<\/em>, Citt\u00e0 Nuova 2022, pp.70-71.<\/p>\n<p><a href=\"#_ftnref7\" name=\"_ftn7\">[7]<\/a> https:\/\/www.unitedworldproject.org\/workshop\/camerun-condividere-con-gli-sfollati\/<\/p>\n<\/div><\/div><\/div><div class=\"fusion-layout-column fusion_builder_column fusion-builder-column-3 fusion_builder_column_1_3 1_3 fusion-flex-column\" style=\"--awb-padding-top:30px;--awb-padding-right:30px;--awb-padding-bottom:10px;--awb-padding-left:30px;--awb-bg-color:var(--awb-custom13);--awb-bg-color-hover:var(--awb-custom13);--awb-bg-size:cover;--awb-width-large:33.333333333333%;--awb-margin-top-large:0px;--awb-spacing-right-large:5.76%;--awb-margin-bottom-large:20px;--awb-spacing-left-large:5.76%;--awb-width-medium:100%;--awb-order-medium:0;--awb-spacing-right-medium:1.92%;--awb-spacing-left-medium:1.92%;--awb-width-small:100%;--awb-order-small:0;--awb-spacing-right-small:1.92%;--awb-spacing-left-small:1.92%;\"><div class=\"fusion-column-wrapper fusion-column-has-shadow fusion-flex-justify-content-flex-start fusion-content-layout-column\"><div class=\"fusion-title title fusion-title-2 fusion-sep-none fusion-title-center fusion-title-text fusion-title-size-four\"><h4 class=\"fusion-title-heading title-heading-center\" style=\"margin:0;\">T\u00f6ltsd le PDF form\u00e1tumban<\/h4><\/div><div style=\"text-align:center;\"><a class=\"fusion-button button-flat fusion-button-default-size button-default fusion-button-default button-1 fusion-button-span-yes fusion-button-default-type\" style=\"--button_margin-bottom:20px;\" target=\"_blank\" rel=\"noopener noreferrer\" href=\"https:\/\/focolare.ro\/wp-content\/uploads\/2024\/02\/CV-03-2024-A5-HU.pdf\"><span class=\"fusion-button-icon-divider button-icon-divider-left\"><i class=\"fa-file-pdf fas awb-button__icon awb-button__icon--default\" aria-hidden=\"true\"><\/i><\/span><span class=\"fusion-button-text awb-button__text awb-button__text--default fusion-button-text-left\">Feln\u0151ttek r\u00e9sz\u00e9re<\/span><\/a><\/div><div style=\"text-align:center;\"><a class=\"fusion-button button-flat fusion-button-default-size button-default fusion-button-default button-2 fusion-button-span-yes fusion-button-default-type\" style=\"--button_margin-bottom:20px;\" target=\"_blank\" rel=\"noopener noreferrer\" href=\"https:\/\/focolare.ro\/wp-content\/uploads\/2024\/03\/ige202403ph.pdf\"><span class=\"fusion-button-icon-divider button-icon-divider-left\"><i class=\"fa-file-pdf fas awb-button__icon awb-button__icon--default\" aria-hidden=\"true\"><\/i><\/span><span class=\"fusion-button-text awb-button__text awb-button__text--default fusion-button-text-left\">Fiataloknak<\/span><\/a><\/div><div style=\"text-align:center;\"><a class=\"fusion-button button-flat fusion-button-default-size button-default fusion-button-default button-3 fusion-button-span-yes fusion-button-default-type\" style=\"--button_margin-bottom:20px;\" target=\"_blank\" rel=\"noopener noreferrer\" href=\"https:\/\/focolare.ro\/wp-content\/uploads\/2024\/02\/CV-03-2024_copii-C.pdf\"><span class=\"fusion-button-icon-divider button-icon-divider-left\"><i class=\"fa-file-pdf fas awb-button__icon awb-button__icon--default\" aria-hidden=\"true\"><\/i><\/span><span class=\"fusion-button-text awb-button__text awb-button__text--default fusion-button-text-left\">Gyerekeknek sz\u00ednes v\u00e1ltozat<\/span><\/a><\/div><div style=\"text-align:center;\"><a class=\"fusion-button button-flat fusion-button-default-size button-default fusion-button-default button-4 fusion-button-span-yes fusion-button-default-type\" style=\"--button_margin-bottom:20px;\" target=\"_blank\" rel=\"noopener noreferrer\" href=\"https:\/\/focolare.ro\/wp-content\/uploads\/2024\/03\/ige202403kif.pdf\"><span class=\"fusion-button-icon-divider button-icon-divider-left\"><i class=\"fa-file-pdf fas awb-button__icon awb-button__icon--default\" aria-hidden=\"true\"><\/i><\/span><span class=\"fusion-button-text awb-button__text awb-button__text--default fusion-button-text-left\">Gyerekeknek kifest\u0151<\/span><\/a><\/div><\/div><\/div><\/div><\/div><div class=\"fusion-fullwidth fullwidth-box fusion-builder-row-4 fusion-flex-container nonhundred-percent-fullwidth non-hundred-percent-height-scrolling\" style=\"--awb-border-sizes-bottom:3px;--awb-border-color:var(--awb-color5);--awb-border-radius-top-left:0px;--awb-border-radius-top-right:0px;--awb-border-radius-bottom-right:0px;--awb-border-radius-bottom-left:0px;--awb-flex-wrap:wrap;\" ><div class=\"fusion-builder-row fusion-row fusion-flex-align-items-flex-start fusion-flex-content-wrap\" style=\"max-width:1216.8px;margin-left: calc(-4% \/ 2 );margin-right: calc(-4% \/ 2 );\"><\/div><\/div><\/p>\n","protected":false},"excerpt":{"rendered":"","protected":false},"author":9,"featured_media":0,"parent":4123,"menu_order":0,"comment_status":"closed","ping_status":"closed","template":"100-width.php","meta":{"footnotes":""},"class_list":["post-4212","page","type-page","status-publish","hentry"],"_links":{"self":[{"href":"https:\/\/focolare.ro\/hu\/wp-json\/wp\/v2\/pages\/4212","targetHints":{"allow":["GET"]}}],"collection":[{"href":"https:\/\/focolare.ro\/hu\/wp-json\/wp\/v2\/pages"}],"about":[{"href":"https:\/\/focolare.ro\/hu\/wp-json\/wp\/v2\/types\/page"}],"author":[{"embeddable":true,"href":"https:\/\/focolare.ro\/hu\/wp-json\/wp\/v2\/users\/9"}],"replies":[{"embeddable":true,"href":"https:\/\/focolare.ro\/hu\/wp-json\/wp\/v2\/comments?post=4212"}],"version-history":[{"count":12,"href":"https:\/\/focolare.ro\/hu\/wp-json\/wp\/v2\/pages\/4212\/revisions"}],"predecessor-version":[{"id":4385,"href":"https:\/\/focolare.ro\/hu\/wp-json\/wp\/v2\/pages\/4212\/revisions\/4385"}],"up":[{"embeddable":true,"href":"https:\/\/focolare.ro\/hu\/wp-json\/wp\/v2\/pages\/4123"}],"wp:attachment":[{"href":"https:\/\/focolare.ro\/hu\/wp-json\/wp\/v2\/media?parent=4212"}],"curies":[{"name":"wp","href":"https:\/\/api.w.org\/{rel}","templated":true}]}}