{"id":4318,"date":"2022-04-03T14:22:54","date_gmt":"2022-04-03T11:22:54","guid":{"rendered":"https:\/\/focolare.ro\/az-elet-igeje\/az-elet-igeje-2024\/2024-aprilis\/"},"modified":"2024-04-26T18:42:34","modified_gmt":"2024-04-26T15:42:34","slug":"2024-aprilis","status":"publish","type":"page","link":"https:\/\/focolare.ro\/hu\/az-elet-igeje\/az-elet-igeje-2024\/2024-aprilis\/","title":{"rendered":"2024. \u00c1prilis"},"content":{"rendered":"<p><div class=\"fusion-fullwidth fullwidth-box fusion-builder-row-1 fusion-flex-container has-pattern-background has-mask-background fusion-parallax-none nonhundred-percent-fullwidth non-hundred-percent-height-scrolling lazyload\" style=\"--awb-border-radius-top-left:0px;--awb-border-radius-top-right:0px;--awb-border-radius-bottom-right:0px;--awb-border-radius-bottom-left:0px;--awb-background-color:var(--awb-custom14);--awb-background-size:cover;--awb-flex-wrap:wrap;\" data-bg=\"https:\/\/focolare.ro\/wp-content\/uploads\/2024\/03\/CVaprilie2024.jpg\" ><div class=\"fusion-builder-row fusion-row fusion-flex-align-items-flex-start fusion-flex-content-wrap\" style=\"max-width:1216.8px;margin-left: calc(-4% \/ 2 );margin-right: calc(-4% \/ 2 );\"><div class=\"fusion-layout-column fusion_builder_column fusion-builder-column-0 fusion_builder_column_1_1 1_1 fusion-flex-column\" style=\"--awb-bg-size:cover;--awb-width-large:100%;--awb-margin-top-large:0px;--awb-spacing-right-large:1.92%;--awb-margin-bottom-large:20px;--awb-spacing-left-large:1.92%;--awb-width-medium:100%;--awb-order-medium:0;--awb-spacing-right-medium:1.92%;--awb-spacing-left-medium:1.92%;--awb-width-small:100%;--awb-order-small:0;--awb-spacing-right-small:1.92%;--awb-spacing-left-small:1.92%;\"><div class=\"fusion-column-wrapper fusion-column-has-shadow fusion-flex-justify-content-flex-start fusion-content-layout-column\"><div class=\"fusion-separator fusion-full-width-sep\" style=\"align-self: center;margin-left: auto;margin-right: auto;margin-bottom:200px;width:100%;\"><\/div><div class=\"fusion-title title fusion-title-1 fusion-sep-none fusion-title-text fusion-title-size-two\" style=\"--awb-text-color:var(--awb-color1);\"><h2 class=\"fusion-title-heading title-heading-left\" style=\"margin:0;\">2024. \u00c1prilis<\/h2><\/div><\/div><\/div><\/div><\/div><div class=\"fusion-fullwidth fullwidth-box fusion-builder-row-2 fusion-flex-container nonhundred-percent-fullwidth non-hundred-percent-height-scrolling\" style=\"--awb-border-radius-top-left:0px;--awb-border-radius-top-right:0px;--awb-border-radius-bottom-right:0px;--awb-border-radius-bottom-left:0px;--awb-background-color:var(--awb-color1);--awb-flex-wrap:wrap;\" ><div class=\"fusion-builder-row fusion-row fusion-flex-align-items-flex-start fusion-flex-content-wrap\" style=\"max-width:1216.8px;margin-left: calc(-4% \/ 2 );margin-right: calc(-4% \/ 2 );\"><div class=\"fusion-layout-column fusion_builder_column fusion-builder-column-1 fusion_builder_column_1_1 1_1 fusion-flex-column\" style=\"--awb-bg-size:cover;--awb-width-large:100%;--awb-margin-top-large:0px;--awb-spacing-right-large:1.92%;--awb-margin-bottom-large:20px;--awb-spacing-left-large:1.92%;--awb-width-medium:100%;--awb-order-medium:0;--awb-spacing-right-medium:1.92%;--awb-spacing-left-medium:1.92%;--awb-width-small:100%;--awb-order-small:0;--awb-spacing-right-small:1.92%;--awb-spacing-left-small:1.92%;\"><div class=\"fusion-column-wrapper fusion-column-has-shadow fusion-flex-justify-content-flex-start fusion-content-layout-column\"><div class=\"fusion-separator fusion-full-width-sep\" style=\"align-self: center;margin-left: auto;margin-right: auto;margin-bottom:100px;width:100%;\"><\/div><\/div><\/div><\/div><\/div><div class=\"fusion-fullwidth fullwidth-box fusion-builder-row-3 fusion-flex-container nonhundred-percent-fullwidth non-hundred-percent-height-scrolling\" style=\"--awb-border-radius-top-left:0px;--awb-border-radius-top-right:0px;--awb-border-radius-bottom-right:0px;--awb-border-radius-bottom-left:0px;--awb-flex-wrap:wrap;\" ><div class=\"fusion-builder-row fusion-row fusion-flex-align-items-flex-start fusion-flex-content-wrap\" style=\"max-width:1216.8px;margin-left: calc(-4% \/ 2 );margin-right: calc(-4% \/ 2 );\"><div class=\"fusion-layout-column fusion_builder_column fusion-builder-column-2 fusion_builder_column_2_3 2_3 fusion-flex-column\" style=\"--awb-bg-size:cover;--awb-width-large:66.666666666667%;--awb-margin-top-large:0px;--awb-spacing-right-large:2.88%;--awb-margin-bottom-large:20px;--awb-spacing-left-large:2.88%;--awb-width-medium:100%;--awb-order-medium:0;--awb-spacing-right-medium:1.92%;--awb-spacing-left-medium:1.92%;--awb-width-small:100%;--awb-order-small:0;--awb-spacing-right-small:1.92%;--awb-spacing-left-small:1.92%;\"><div class=\"fusion-column-wrapper fusion-column-has-shadow fusion-flex-justify-content-flex-start fusion-content-layout-column\"><div class=\"fusion-text fusion-text-1\" style=\"--awb-text-transform:none;\"><h3><strong>2024. \u00e1prilis<\/strong><\/h3>\n<p><strong>\u201eAz apostolok pedig nagy er\u0151vel tettek tan\u00fas\u00e1got Urunknak, J\u00e9zus Krisztusnak felt\u00e1mad\u00e1s\u00e1r\u00f3l; \u00e9s b\u0151s\u00e9ges volt a kegyelem mindny\u00e1jukban.\u201d (<em>ApCsel<\/em> 4,33)<\/strong><\/p>\n<p>Ez az ige h\u00fasv\u00e9t idej\u00e9re esik, \u00e9s arra h\u00edv benn\u00fcnket, hogy az evang\u00e9liumi \u00fczenetet befogad\u00f3 ember teljes szabads\u00e1g\u00e1val mi is legy\u00fcnk tan\u00fai annak az esem\u00e9nynek, amely \u00f6r\u00f6kre belev\u00e9s\u0151d\u00f6tt a t\u00f6rt\u00e9nelembe: J\u00e9zus felt\u00e1madt!<\/p>\n<p>Ahhoz, hogy teljesen meg\u00e9rts\u00fck ennek az Apostolok Cselekedeteib\u0151l vett versnek a jelent\u00e9s\u00e9t, j\u00f3, ha felid\u00e9zz\u00fck az el\u0151tte \u00e1ll\u00f3 mondatot: \u201eA sok h\u00edv\u0151 mind egy sz\u00edv, egy l\u00e9lek volt. Egyik\u00fck sem mondta vagyon\u00e1t saj\u00e1tj\u00e1nak, minden\u00fck k\u00f6z\u00f6s volt.\u201d<a href=\"#_ftn1\" name=\"_ftnref1\">[1]<\/a><\/p>\n<p><strong>\u201eAz apostolok pedig nagy er\u0151vel tettek tan\u00fas\u00e1got Urunknak, J\u00e9zus Krisztusnak felt\u00e1mad\u00e1s\u00e1r\u00f3l; \u00e9s b\u0151s\u00e9ges volt a kegyelem mindny\u00e1jukban.\u201d<\/strong><\/p>\n<p>A sz\u00f6veg bemutatja az els\u0151 kereszt\u00e9ny k\u00f6z\u00f6ss\u00e9get, amelyet a L\u00e9lek hatalmas ereje \u00e9ltet \u00e9s a k\u00f6z\u00f6ss\u00e9g jellemez. Ez arra k\u00e9szteti \u0151ket, hogy mindenkinek hirdess\u00e9k az evang\u00e9liumot, az \u00f6r\u00f6mh\u00edrt, hogy Krisztus felt\u00e1madt.<\/p>\n<p>Ezek az emberek p\u00fcnk\u00f6sd el\u0151tt m\u00e9g f\u00e9ltek \u00e9s elbizonytalanodtak amiatt, ami nem sokkal kor\u00e1bban t\u00f6rt\u00e9nt. A L\u00e9lek azonban els\u00f6p\u00f6rte f\u00e9lelmeiket \u00e9s aggodalmaikat, \u00e9s erej\u00e9nek k\u00f6sz\u00f6nhet\u0151en most k\u00e9szek tan\u00fas\u00e1got tenni ak\u00e1r az \u00e9let\u00fck \u00e1r\u00e1n is, \u00e9s nyilv\u00e1noss\u00e1g el\u00e9 l\u00e9pnek. Egy sz\u00edv \u00e9s egy l\u00e9lek voltak, a k\u00f6lcs\u00f6n\u00f6s szeretetet gyakorolt\u00e1k, m\u00e9g a javaikat is k\u00f6z\u00f6sbe adt\u00e1k: \u00e9s ez egyre t\u00f6bb embert meg\u00e9rintett.<\/p>\n<p>A J\u00e9zust k\u00f6vet\u0151 n\u0151k \u00e9s f\u00e9rfiak hallgatt\u00e1k szavait, vele egy\u00fctt \u00e9ltek a legkisebbeknek, a betegeknek fenntartott szolg\u00e1latban \u00e9s szeretetben. Saj\u00e1t szem\u00fckkel l\u00e1tt\u00e1k a J\u00e9zus \u00e1ltal m\u0171velt csod\u00e1latos tetteket, \u00e9let\u00fck megv\u00e1ltozott, mert \u00faj t\u00f6rv\u00e9ny meg\u00e9l\u00e9s\u00e9re kaptak elh\u00edv\u00e1st. \u0150k voltak az els\u0151 tan\u00fai Isten \u00e9l\u0151 jelenl\u00e9t\u00e9nek az emberek k\u00f6z\u00f6tt.<\/p>\n<p>De nek\u00fcnk, J\u00e9zus mai k\u00f6vet\u0151inek mit jelent a tan\u00fas\u00e1gt\u00e9tel?<\/p>\n<p><strong>\u201eAz apostolok pedig nagy er\u0151vel tettek tan\u00fas\u00e1got Urunknak, J\u00e9zus Krisztusnak felt\u00e1mad\u00e1s\u00e1r\u00f3l; \u00e9s b\u0151s\u00e9ges volt a kegyelem mindny\u00e1jukban.\u201d<\/strong><\/p>\n<p>A Felt\u00e1madottr\u00f3l \u00fagy tudunk legink\u00e1bb tan\u00fas\u00e1got tenni, ha megmutatjuk, hogy \u00e9l \u00e9s k\u00f6z\u00f6tt\u00fcnk lakik. \u201eHa \u00e9lj\u00fck az ig\u00e9j\u00e9t, ha [\u2026] meg\u0151rizz\u00fck sz\u00edv\u00fcnkben a felebar\u00e1t ir\u00e1nti szeretet t\u00fcz\u00e9t, ha k\u00fcl\u00f6nleges m\u00f3don t\u00f6reksz\u00fcnk arra, hogy mindig meg\u0151rizz\u00fck a k\u00f6lcs\u00f6n\u00f6s szeretetet egym\u00e1s k\u00f6z\u00f6tt \u2013 akkor a Felt\u00e1madott \u00e9lni fog benn\u00fcnk. K\u00f6z\u00f6tt\u00fcnk fog \u00e9lni \u00e9s ki\u00e1rasztja f\u00e9ny\u00e9t \u00e9s kegyelm\u00e9t, \u00e1talak\u00edtja k\u00f6rnyezet\u00fcnket gy\u00fcm\u00f6lcseivel. \u00c9s \u0150 lesz az, aki Lelke \u00e1ltal ir\u00e1ny\u00edtja majd l\u00e9p\u00e9seinket \u00e9s tev\u00e9kenys\u00e9g\u00fcnket, \u0150 lesz, aki megszabja a k\u00f6r\u00fclm\u00e9nyeket \u00e9s megteremti a lehet\u0151s\u00e9geket, hogy az \u00e9let\u00e9t elvihess\u00fck az \u0150t szomjaz\u00f3khoz.\u201d <a href=\"#_ftn2\" name=\"_ftnref2\">[2]<\/a>.<\/p>\n<p><strong>\u201eAz apostolok pedig nagy er\u0151vel tettek tan\u00fas\u00e1got Urunknak, J\u00e9zus Krisztusnak felt\u00e1mad\u00e1s\u00e1r\u00f3l; \u00e9s b\u0151s\u00e9ges volt a kegyelem mindny\u00e1jukban.\u201d<\/strong><\/p>\n<p>Margaret Karram <a href=\"#_ftn3\" name=\"_ftnref3\">[3]<\/a> \u00edrja: \u201e\u00bbMenjetek el az eg\u00e9sz vil\u00e1gra, \u00e9s hirdess\u00e9tek az evang\u00e9liumot minden teremtm\u00e9nynek\u00ab \u2013 ez az a rendk\u00edv\u00fcli \u00fczenet, amelyet az apostolok 2000 \u00e9vvel ezel\u0151tt k\u00f6zvetlen\u00fcl J\u00e9zust\u00f3l kaptak, \u00e9s amely megv\u00e1ltoztatta a t\u00f6rt\u00e9nelem menet\u00e9t. <a href=\"#_ftn4\" name=\"_ftnref4\">[4]<\/a> Ma J\u00e9zus ugyanezt a megh\u00edv\u00e1st int\u00e9zi hozz\u00e1nk is: megadja a lehet\u0151s\u00e9get, hogy elvigy\u00fck \u0151t a vil\u00e1gba, felhaszn\u00e1lva mindazt a kreativit\u00e1st, k\u00e9pess\u00e9get \u00e9s szabads\u00e1got, amelyet \u0151 maga adott nek\u00fcnk.\u201d<a href=\"#_ftn5\" name=\"_ftnref5\">[5]<\/a>.<\/p>\n<p>Ez egy olyan felh\u00edv\u00e1s, \u201eamely nem \u00e9r v\u00e9get az \u0151 hal\u00e1l\u00e1val, \u00e9pp ellenkez\u0151leg! \u00daj er\u0151re kap a felt\u00e1mad\u00e1s \u00e9s a p\u00fcnk\u00f6sd ut\u00e1n, amikor a tan\u00edtv\u00e1nyok az evang\u00e9lium b\u00e1tor tan\u00faiv\u00e1 v\u00e1ltak. \u00c9s az \u0151 megb\u00edzat\u00e1suk ma r\u00e1nk sz\u00e1llt. Isten rajtam kereszt\u00fcl, mindannyiunkon kereszt\u00fcl tov\u00e1bbra is el akarja mondani az \u0150 szeretett\u00f6rt\u00e9net\u00e9t azoknak, akikkel r\u00f6videbb vagy hosszabb ideig egy\u00fctt vagyunk az \u00e9let\u00fcnk folyam\u00e1n.\u201d <a href=\"#_ftn6\" name=\"_ftnref6\">[6]<\/a>.<\/p>\n<p>Patrizia Mazzola \u00e9s az \u00e9letige csoport gondoz\u00e1s\u00e1ban<\/p>\n<p><a href=\"#_ftnref1\" name=\"_ftn1\">[1]<\/a> <em>ApCsel<\/em> 4,32<\/p>\n<p><a href=\"#_ftnref2\" name=\"_ftn2\">[2]<\/a> C. Lubich, <em>Az \u00e9let ig\u00e9je<\/em>, 1986. janu\u00e1r, <em>in Parole di Vita,<\/em> a cura di Fabio Ciardi (Opere di Chiara Lubich 5); Citt\u00e0 Nuova, Roma 2017, p. 347.<\/p>\n<p><a href=\"#_ftnref3\" name=\"_ftn3\">[3]<\/a> A Fokol\u00e1re Mozgalom eln\u00f6ke<\/p>\n<p><a href=\"#_ftnref4\" name=\"_ftn4\">[4]<\/a> <em>Mk<\/em> 16,15.<\/p>\n<p><a href=\"#_ftnref5\" name=\"_ftn5\">[5]<\/a>Margaret Karram, <em>Chiamati e inviati<\/em>, Rocca di Papa, 2023. szeptember 15.<\/p>\n<p><a href=\"#_ftnref6\" name=\"_ftn6\">[6]<\/a> Ibidem.<\/p>\n<\/div><\/div><\/div><div class=\"fusion-layout-column fusion_builder_column fusion-builder-column-3 fusion_builder_column_1_3 1_3 fusion-flex-column\" style=\"--awb-padding-top:30px;--awb-padding-right:30px;--awb-padding-bottom:10px;--awb-padding-left:30px;--awb-bg-color:var(--awb-custom13);--awb-bg-color-hover:var(--awb-custom13);--awb-bg-size:cover;--awb-width-large:33.333333333333%;--awb-margin-top-large:0px;--awb-spacing-right-large:5.76%;--awb-margin-bottom-large:20px;--awb-spacing-left-large:5.76%;--awb-width-medium:100%;--awb-order-medium:0;--awb-spacing-right-medium:1.92%;--awb-spacing-left-medium:1.92%;--awb-width-small:100%;--awb-order-small:0;--awb-spacing-right-small:1.92%;--awb-spacing-left-small:1.92%;\"><div class=\"fusion-column-wrapper fusion-column-has-shadow fusion-flex-justify-content-flex-start fusion-content-layout-column\"><div class=\"fusion-title title fusion-title-2 fusion-sep-none fusion-title-center fusion-title-text fusion-title-size-four\"><h4 class=\"fusion-title-heading title-heading-center\" style=\"margin:0;\">T\u00f6ltsd le PDF form\u00e1tumban<\/h4><\/div><div style=\"text-align:center;\"><a class=\"fusion-button button-flat fusion-button-default-size button-default fusion-button-default button-1 fusion-button-span-yes fusion-button-default-type\" style=\"--button_margin-bottom:20px;\" target=\"_blank\" rel=\"noopener noreferrer\" href=\"https:\/\/focolare.ro\/wp-content\/uploads\/2024\/04\/CV-04-2024-A5-HU.pdf\"><span class=\"fusion-button-icon-divider button-icon-divider-left\"><i class=\"fa-file-pdf fas awb-button__icon awb-button__icon--default\" aria-hidden=\"true\"><\/i><\/span><span class=\"fusion-button-text awb-button__text awb-button__text--default fusion-button-text-left\">Feln\u0151ttek r\u00e9sz\u00e9re<\/span><\/a><\/div><div style=\"text-align:center;\"><a class=\"fusion-button button-flat fusion-button-default-size button-default fusion-button-default button-2 fusion-button-span-yes fusion-button-default-type\" style=\"--button_margin-bottom:20px;\" target=\"_blank\" rel=\"noopener noreferrer\" href=\"https:\/\/focolare.ro\/wp-content\/uploads\/2024\/03\/CV-04-2024_tineri-C.pdf\"><span class=\"fusion-button-icon-divider button-icon-divider-left\"><i class=\"fa-file-pdf fas awb-button__icon awb-button__icon--default\" aria-hidden=\"true\"><\/i><\/span><span class=\"fusion-button-text awb-button__text awb-button__text--default fusion-button-text-left\">Fiataloknak<\/span><\/a><\/div><div style=\"text-align:center;\"><a class=\"fusion-button button-flat fusion-button-default-size button-default fusion-button-default button-3 fusion-button-span-yes fusion-button-default-type\" style=\"--button_margin-bottom:20px;\" target=\"_blank\" rel=\"noopener noreferrer\" href=\"https:\/\/focolare.ro\/wp-content\/uploads\/2024\/03\/CV-04-2024_copii-C.pdf\"><span class=\"fusion-button-icon-divider button-icon-divider-left\"><i class=\"fa-file-pdf fas awb-button__icon awb-button__icon--default\" aria-hidden=\"true\"><\/i><\/span><span class=\"fusion-button-text awb-button__text awb-button__text--default fusion-button-text-left\">Gyerekeknek sz\u00ednes v\u00e1ltozat<\/span><\/a><\/div><div style=\"text-align:center;\"><a class=\"fusion-button button-flat fusion-button-default-size button-default fusion-button-default button-4 fusion-button-span-yes fusion-button-default-type\" style=\"--button_margin-bottom:20px;\" target=\"_blank\" rel=\"noopener noreferrer\" href=\"https:\/\/focolare.ro\/wp-content\/uploads\/2024\/04\/ige202404kif.pdf\"><span class=\"fusion-button-icon-divider button-icon-divider-left\"><i class=\"fa-file-pdf fas awb-button__icon awb-button__icon--default\" aria-hidden=\"true\"><\/i><\/span><span class=\"fusion-button-text awb-button__text awb-button__text--default fusion-button-text-left\">Gyerekeknek kifest\u0151<\/span><\/a><\/div><\/div><\/div><\/div><\/div><div class=\"fusion-fullwidth fullwidth-box fusion-builder-row-4 fusion-flex-container nonhundred-percent-fullwidth non-hundred-percent-height-scrolling\" style=\"--awb-border-sizes-bottom:3px;--awb-border-color:var(--awb-color5);--awb-border-radius-top-left:0px;--awb-border-radius-top-right:0px;--awb-border-radius-bottom-right:0px;--awb-border-radius-bottom-left:0px;--awb-flex-wrap:wrap;\" ><div class=\"fusion-builder-row fusion-row fusion-flex-align-items-flex-start fusion-flex-content-wrap\" style=\"max-width:1216.8px;margin-left: calc(-4% \/ 2 );margin-right: calc(-4% \/ 2 );\"><\/div><\/div><\/p>\n","protected":false},"excerpt":{"rendered":"","protected":false},"author":9,"featured_media":0,"parent":4123,"menu_order":0,"comment_status":"closed","ping_status":"closed","template":"100-width.php","meta":{"footnotes":""},"class_list":["post-4318","page","type-page","status-publish","hentry"],"_links":{"self":[{"href":"https:\/\/focolare.ro\/hu\/wp-json\/wp\/v2\/pages\/4318","targetHints":{"allow":["GET"]}}],"collection":[{"href":"https:\/\/focolare.ro\/hu\/wp-json\/wp\/v2\/pages"}],"about":[{"href":"https:\/\/focolare.ro\/hu\/wp-json\/wp\/v2\/types\/page"}],"author":[{"embeddable":true,"href":"https:\/\/focolare.ro\/hu\/wp-json\/wp\/v2\/users\/9"}],"replies":[{"embeddable":true,"href":"https:\/\/focolare.ro\/hu\/wp-json\/wp\/v2\/comments?post=4318"}],"version-history":[{"count":5,"href":"https:\/\/focolare.ro\/hu\/wp-json\/wp\/v2\/pages\/4318\/revisions"}],"predecessor-version":[{"id":4388,"href":"https:\/\/focolare.ro\/hu\/wp-json\/wp\/v2\/pages\/4318\/revisions\/4388"}],"up":[{"embeddable":true,"href":"https:\/\/focolare.ro\/hu\/wp-json\/wp\/v2\/pages\/4123"}],"wp:attachment":[{"href":"https:\/\/focolare.ro\/hu\/wp-json\/wp\/v2\/media?parent=4318"}],"curies":[{"name":"wp","href":"https:\/\/api.w.org\/{rel}","templated":true}]}}