{"id":4671,"date":"2022-04-03T14:22:54","date_gmt":"2022-04-03T11:22:54","guid":{"rendered":"https:\/\/focolare.ro\/az-elet-igeje\/az-elet-igeje-2024\/2024-majus\/"},"modified":"2024-05-06T20:59:48","modified_gmt":"2024-05-06T17:59:48","slug":"2024-majus","status":"publish","type":"page","link":"https:\/\/focolare.ro\/hu\/az-elet-igeje\/az-elet-igeje-2024\/2024-majus\/","title":{"rendered":"2024. M\u00e1jus"},"content":{"rendered":"<p><div class=\"fusion-fullwidth fullwidth-box fusion-builder-row-1 fusion-flex-container has-pattern-background has-mask-background fusion-parallax-none nonhundred-percent-fullwidth non-hundred-percent-height-scrolling lazyload\" style=\"--awb-border-radius-top-left:0px;--awb-border-radius-top-right:0px;--awb-border-radius-bottom-right:0px;--awb-border-radius-bottom-left:0px;--awb-background-color:var(--awb-custom14);--awb-background-size:cover;--awb-flex-wrap:wrap;\" data-bg=\"https:\/\/focolare.ro\/wp-content\/uploads\/2024\/05\/CVmai2024.jpg\" ><div class=\"fusion-builder-row fusion-row fusion-flex-align-items-flex-start fusion-flex-content-wrap\" style=\"max-width:1216.8px;margin-left: calc(-4% \/ 2 );margin-right: calc(-4% \/ 2 );\"><div class=\"fusion-layout-column fusion_builder_column fusion-builder-column-0 fusion_builder_column_1_1 1_1 fusion-flex-column\" style=\"--awb-bg-size:cover;--awb-width-large:100%;--awb-margin-top-large:0px;--awb-spacing-right-large:1.92%;--awb-margin-bottom-large:20px;--awb-spacing-left-large:1.92%;--awb-width-medium:100%;--awb-order-medium:0;--awb-spacing-right-medium:1.92%;--awb-spacing-left-medium:1.92%;--awb-width-small:100%;--awb-order-small:0;--awb-spacing-right-small:1.92%;--awb-spacing-left-small:1.92%;\"><div class=\"fusion-column-wrapper fusion-column-has-shadow fusion-flex-justify-content-flex-start fusion-content-layout-column\"><div class=\"fusion-separator fusion-full-width-sep\" style=\"align-self: center;margin-left: auto;margin-right: auto;margin-bottom:200px;width:100%;\"><\/div><div class=\"fusion-title title fusion-title-1 fusion-sep-none fusion-title-text fusion-title-size-two\" style=\"--awb-text-color:var(--awb-color1);\"><h2 class=\"fusion-title-heading title-heading-left\" style=\"margin:0;\">2024. M\u00e1jus<\/h2><\/div><\/div><\/div><\/div><\/div><div class=\"fusion-fullwidth fullwidth-box fusion-builder-row-2 fusion-flex-container nonhundred-percent-fullwidth non-hundred-percent-height-scrolling\" style=\"--awb-border-radius-top-left:0px;--awb-border-radius-top-right:0px;--awb-border-radius-bottom-right:0px;--awb-border-radius-bottom-left:0px;--awb-background-color:var(--awb-color1);--awb-flex-wrap:wrap;\" ><div class=\"fusion-builder-row fusion-row fusion-flex-align-items-flex-start fusion-flex-content-wrap\" style=\"max-width:1216.8px;margin-left: calc(-4% \/ 2 );margin-right: calc(-4% \/ 2 );\"><div class=\"fusion-layout-column fusion_builder_column fusion-builder-column-1 fusion_builder_column_1_1 1_1 fusion-flex-column\" style=\"--awb-bg-size:cover;--awb-width-large:100%;--awb-margin-top-large:0px;--awb-spacing-right-large:1.92%;--awb-margin-bottom-large:20px;--awb-spacing-left-large:1.92%;--awb-width-medium:100%;--awb-order-medium:0;--awb-spacing-right-medium:1.92%;--awb-spacing-left-medium:1.92%;--awb-width-small:100%;--awb-order-small:0;--awb-spacing-right-small:1.92%;--awb-spacing-left-small:1.92%;\"><div class=\"fusion-column-wrapper fusion-column-has-shadow fusion-flex-justify-content-flex-start fusion-content-layout-column\"><div class=\"fusion-separator fusion-full-width-sep\" style=\"align-self: center;margin-left: auto;margin-right: auto;margin-bottom:100px;width:100%;\"><\/div><\/div><\/div><\/div><\/div><div class=\"fusion-fullwidth fullwidth-box fusion-builder-row-3 fusion-flex-container nonhundred-percent-fullwidth non-hundred-percent-height-scrolling\" style=\"--awb-border-radius-top-left:0px;--awb-border-radius-top-right:0px;--awb-border-radius-bottom-right:0px;--awb-border-radius-bottom-left:0px;--awb-flex-wrap:wrap;\" ><div class=\"fusion-builder-row fusion-row fusion-flex-align-items-flex-start fusion-flex-content-wrap\" style=\"max-width:1216.8px;margin-left: calc(-4% \/ 2 );margin-right: calc(-4% \/ 2 );\"><div class=\"fusion-layout-column fusion_builder_column fusion-builder-column-2 fusion_builder_column_2_3 2_3 fusion-flex-column\" style=\"--awb-bg-size:cover;--awb-width-large:66.666666666667%;--awb-margin-top-large:0px;--awb-spacing-right-large:2.88%;--awb-margin-bottom-large:20px;--awb-spacing-left-large:2.88%;--awb-width-medium:100%;--awb-order-medium:0;--awb-spacing-right-medium:1.92%;--awb-spacing-left-medium:1.92%;--awb-width-small:100%;--awb-order-small:0;--awb-spacing-right-small:1.92%;--awb-spacing-left-small:1.92%;\"><div class=\"fusion-column-wrapper fusion-column-has-shadow fusion-flex-justify-content-flex-start fusion-content-layout-column\"><div class=\"fusion-text fusion-text-1\" style=\"--awb-text-transform:none;\"><h3><strong>2024. m\u00e1jus<\/strong><\/h3>\n<p><strong>\u201eAki nem szeret, nem ismeri Istent, mert Isten a szeretet.\u201d (<em>1J\u00e1n<\/em> 4,8)<\/strong><\/p>\n<p>J\u00e1nos els\u0151 levele egy kis-\u00e1zsiai gy\u00fclekezet kereszt\u00e9nyeihez sz\u00f3l, \u00e9s b\u00e1tor\u00edtja \u0151ket, hogy \u00e1ll\u00edts\u00e1k helyre a k\u00f6z\u00f6ss\u00e9get egym\u00e1ssal, mivel k\u00fcl\u00f6nb\u00f6z\u0151 megoszt\u00f3 tanok miatt al\u00e1bbhagyott k\u00f6z\u00f6tt\u00fck az egys\u00e9g. A szerz\u0151 arra buzd\u00edtja \u0151ket, hogy tarts\u00e1k szem el\u0151tt, amit a kereszt\u00e9ny igehirdet\u00e9s \u201ekezdet\u00e9t\u0151l fogva\u201d tan\u00edtottak, \u00e9s megism\u00e9tli, amit az els\u0151 tan\u00edtv\u00e1nyok m\u00e9g l\u00e1ttak, hallottak \u00e9s saj\u00e1t kez\u00fckkel is \u00e9rintettek az \u00darral val\u00f3 egy\u00fctt\u00e9l\u00e9s sor\u00e1n: azaz hogy ez a k\u00f6z\u00f6ss\u00e9g is k\u00f6z\u00f6ss\u00e9gben lehet vel\u00fck, \u00e9s \u00edgy J\u00e9zussal \u00e9s az Aty\u00e1val is.<a href=\"#_ftn1\" name=\"_ftnref1\">[1]<\/a>.<\/p>\n<p><strong>\u201eAki nem szeret, nem ismeri Istent, mert Isten a szeretet.\u201d<\/strong><\/p>\n<p>A szerz\u0151 felid\u00e9zi a kapott kinyilatkoztat\u00e1s l\u00e9nyeg\u00e9t, \u00e9s hangs\u00falyozza, hogy J\u00e9zusban Isten els\u0151k\u00e9nt szeretett minket, emberr\u00e9 lett annak minden korl\u00e1tj\u00e1val \u00e9s gyenges\u00e9g\u00e9vel egy\u00fctt.<\/p>\n<p>A kereszten J\u00e9zus maga is meg\u00e9lte \u00e9s a saj\u00e1t b\u0151r\u00e9n tapasztalta meg az Aty\u00e1t\u00f3l val\u00f3 elszak\u00edtotts\u00e1gunkat. Azzal pedig, hogy odaadta \u00f6nmag\u00e1t, begy\u00f3gy\u00edtotta ezt hat\u00e1rtalan \u00e9s felt\u00e9tel n\u00e9lk\u00fcli szeretet\u00e9vel. Szavai \u00e9s \u00e9lete \u00e1ltal megmutatta nek\u00fcnk, mi a szeretet.<\/p>\n<p>J\u00e9zus p\u00e9ld\u00e1j\u00e1b\u00f3l meg\u00e9rtj\u00fck, hogy az igazi szeretet b\u00e1tors\u00e1got, er\u0151fesz\u00edt\u00e9st jelent, azt, hogy a viszontags\u00e1gok \u00e9s a szenved\u00e9s kock\u00e1zat\u00e1t is v\u00e1llaljuk. De aki \u00edgy szeret, az r\u00e9szes\u00fcl Isten \u00e9let\u00e9ben, megtapasztalja az \u0150 szabads\u00e1g\u00e1t \u00e9s az \u00f6n\u00e1tad\u00e1s \u00f6r\u00f6m\u00e9t.<\/p>\n<p>Ha \u00fagy szeret\u00fcnk, ahogy J\u00e9zus szeretett, megszabadulunk az \u00f6nz\u00e9st\u0151l, amely elz\u00e1rn\u00e1 az ajt\u00f3t a testv\u00e9reinkkel \u00e9s Istennel val\u00f3 k\u00f6z\u00f6ss\u00e9g el\u0151tt, \u00edgy azonban megtapasztalhatjuk ezt az egys\u00e9get.<\/p>\n<p><strong>\u201eAki nem szeret, nem ismeri Istent, mert Isten a szeretet.\u201d<\/strong><\/p>\n<p>Az emberi sz\u00edvnek mindig is legm\u00e9lyebb \u2013 tal\u00e1n \u00f6ntudatlan \u2013 v\u00e1gya volt megismerni Istent, aki teremtett, \u00e9s aki a legm\u00e9lyebben ismer benn\u00fcnket \u00e9s mindennek az igazs\u00e1g\u00e1t.<\/p>\n<p>\u0150 a szeretet, \u00e9s ha mi is szeret\u00fcnk, mint \u0150, akkor megpillanthatunk valamit ebb\u0151l az igazs\u00e1gb\u00f3l. N\u00f6vekedhet\u00fcnk Isten megismer\u00e9s\u00e9ben, mert l\u00e9nyeg\u00e9ben az \u0150 \u00e9let\u00e9t \u00e9lj\u00fck, az \u0150 vil\u00e1goss\u00e1g\u00e1ban j\u00e1runk.<\/p>\n<p>Ez akkor val\u00f3sul meg teljes m\u00e9rt\u00e9kben, ha a szeretet k\u00f6lcs\u00f6n\u00f6s. Mert ha szeretj\u00fck egym\u00e1st, \u201eIsten benn\u00fcnk marad\u201d <a href=\"#_ftn2\" name=\"_ftnref2\">[2] <\/a> kicsit ahhoz hasonl\u00f3an, mint amikor a k\u00e9t elektromos p\u00f3lus \u00f6sszez\u00e1r, \u00e9s felgyullad a f\u00e9ny, mely mindent megvil\u00e1g\u00edt k\u00f6r\u00fcl\u00f6tt\u00fcnk.<\/p>\n<p><strong>\u201eAki nem szeret, nem ismeri Istent, mert Isten a szeretet.\u201d<\/strong><\/p>\n<p>Chiara Lubich szerint Isten szeretet\u00e9r\u0151l kell tan\u00fas\u00e1got tenn\u00fcnk, ez \u201eegy nagy forradalom, amelyet ma fel kell aj\u00e1nlanunk a modern vil\u00e1gnak, amely rendk\u00edv\u00fcli fesz\u00fclts\u00e9gekben \u00e9l\u201d, ahogyan \u201eaz els\u0151 kereszt\u00e9nyek is bemutatt\u00e1k Isten szeretet\u00e9t a korabeli pog\u00e1ny vil\u00e1gnak\u201d. <a href=\"#_ftn3\" name=\"_ftnref3\">[3]<\/a>.<\/p>\n<p>Hogyan tehetj\u00fck ezt? Hogyan \u00e9lj\u00fck meg az Istent\u0151l sz\u00e1rmaz\u00f3 szeretetet? Tanuljuk meg Fi\u00e1t\u00f3l megval\u00f3s\u00edtani a gyakorlatban, k\u00fcl\u00f6n\u00f6sen a k\u00f6vetkez\u0151k szerint: \u201e[\u2026] testv\u00e9reinket szolg\u00e1ljuk, f\u0151leg azokat, akik mellett\u00fcnk vannak, kezdve a kis dolgokkal, al\u00e1zattal. J\u00e9zust k\u00f6vetve igyeksz\u00fcnk els\u0151k\u00e9nt szeretni \u0151ket, elszakadva \u00f6nmagunkt\u00f3l, \u00e1t\u00f6lelve a kisebb \u00e9s a nagyobb kereszteket, amelyek ezzel a szeretettel egy\u00fctt j\u00e1rnak.<\/p>\n<p>Ha \u00edgy \u00e9l\u00fcnk, hamarosan mi is megtapasztaljuk majd Istent, azt a vele val\u00f3 k\u00f6z\u00f6ss\u00e9get, a f\u00e9nynek, a b\u00e9k\u00e9nek \u00e9s a bels\u0151 \u00f6r\u00f6mnek azt a teljess\u00e9g\u00e9t, melyre J\u00e9zus el akar vezetni benn\u00fcnket.\u201d<a href=\"#_ftn4\" name=\"_ftnref4\">[4]<\/a>.<\/p>\n<p><strong>\u201eAki nem szeret, nem ismeri Istent, mert Isten a szeretet.\u201d<\/strong><\/p>\n<p>Santa gyakran ell\u00e1togat egy katolikus id\u0151sek otthon\u00e1ba. Egy nap Robert\u00e1val egy\u00fctt tal\u00e1lkoztak Ald\u00f3val, egy magas, nagyon m\u0171velt, gazdag f\u00e9rfival. Aldo bizalmatlanul n\u00e9zett a k\u00e9t fiatal n\u0151re: \u201eMi\u00e9rt j\u00f6tt\u00f6k ide? Mit akartok t\u0151l\u00fcnk? Hadd haljunk meg b\u00e9k\u00e9ben!\u201d De Santa nem cs\u00fcggedt el, hanem azt mondta neki: \u201eMiattad j\u00f6tt\u00fcnk, hogy egy\u00fctt t\u00f6lts\u00fcnk n\u00e9h\u00e1ny \u00f3r\u00e1t, hogy megismerj\u00fck egym\u00e1st, hogy bar\u00e1tok legy\u00fcnk.\u201d [\u2026] M\u00e1skor is visszat\u00e9rtek. Roberta mes\u00e9li: \u201eEz a f\u00e9rfi k\u00fcl\u00f6n\u00f6sen z\u00e1rk\u00f3zott, nagyon levert volt. Nem hitt Istenben. Santa volt az egyetlen, akinek siker\u00fclt a sz\u00edv\u00e9hez f\u00e9rk\u0151znie, olyan szel\u00edden hallgatta \u0151t \u00f3r\u00e1kon \u00e1t. Im\u00e1dkozott \u00e9rte, egyszer pedig egy r\u00f3zsaf\u00fcz\u00e9rt aj\u00e1nd\u00e9kozott neki, amit a f\u00e9rfi el is fogadott.\u201d<\/p>\n<p>K\u00e9s\u0151bb Santa megtudta, hogy Aldo elhunyt, \u00e9s hal\u00e1lakor az \u0151 nev\u00e9t eml\u00edtette. F\u00e1jdalm\u00e1t enyh\u00edtette az a t\u00e9ny, hogy Aldo b\u00e9k\u00e9ben halt meg, \u00e9s a kez\u00e9ben tartotta a r\u00f3zsaf\u00fcz\u00e9rt, amit annak idej\u00e9n t\u0151le kapott. <a href=\"#_ftn5\" name=\"_ftnref5\">[5]<\/a>.<\/p>\n<p><em>Silvano Malini \u00e9s az \u00e9letige csoport gondoz\u00e1s\u00e1ban<\/em><\/p>\n<p><a href=\"#_ftnref1\" name=\"_ftn1\">[1]<\/a> v\u00f6. <em>1Jn<\/em> 1,1-3<\/p>\n<p><a href=\"#_ftnref2\" name=\"_ftn2\">[2]<\/a> 1Jn 4,12<\/p>\n<p><a href=\"#_ftnref3\" name=\"_ftn3\">[3]<\/a> C. Lubich. <em>Conversazioni<\/em>, editor M. Vandeleene (<em>Opere di Chiara Lubich<\/em> 8\/1); Citt\u00e0 Nuova, Roma 2019, p. 142.<\/p>\n<p><a href=\"#_ftnref4\" name=\"_ftn4\">[4]<\/a> C. Lubich, <em>Az \u00e9let ig\u00e9je<\/em> 1991. m\u00e1jus, <em>\u00daj V\u00e1ros<\/em> <em>1991\/5<\/em><\/p>\n<p><a href=\"#_ftnref5\" name=\"_ftn5\">[5]<\/a> P. Lubrano, <em>Un volo sempre pi\u00f9 alto. La vita di Santa Scorese<\/em>, Citt\u00e0 Nuova, Roma 2003, pp. 83-84, 107.<\/p>\n<\/div><\/div><\/div><div class=\"fusion-layout-column fusion_builder_column fusion-builder-column-3 fusion_builder_column_1_3 1_3 fusion-flex-column\" style=\"--awb-padding-top:30px;--awb-padding-right:30px;--awb-padding-bottom:10px;--awb-padding-left:30px;--awb-bg-color:var(--awb-custom13);--awb-bg-color-hover:var(--awb-custom13);--awb-bg-size:cover;--awb-width-large:33.333333333333%;--awb-margin-top-large:0px;--awb-spacing-right-large:5.76%;--awb-margin-bottom-large:20px;--awb-spacing-left-large:5.76%;--awb-width-medium:100%;--awb-order-medium:0;--awb-spacing-right-medium:1.92%;--awb-spacing-left-medium:1.92%;--awb-width-small:100%;--awb-order-small:0;--awb-spacing-right-small:1.92%;--awb-spacing-left-small:1.92%;\"><div class=\"fusion-column-wrapper fusion-column-has-shadow fusion-flex-justify-content-flex-start fusion-content-layout-column\"><div class=\"fusion-title title fusion-title-2 fusion-sep-none fusion-title-center fusion-title-text fusion-title-size-four\"><h4 class=\"fusion-title-heading title-heading-center\" style=\"margin:0;\">T\u00f6ltsd le PDF form\u00e1tumban<\/h4><\/div><div style=\"text-align:center;\"><a class=\"fusion-button button-flat fusion-button-default-size button-default fusion-button-default button-1 fusion-button-span-yes fusion-button-default-type\" style=\"--button_margin-bottom:20px;\" target=\"_blank\" rel=\"noopener noreferrer\" href=\"https:\/\/focolare.ro\/wp-content\/uploads\/2024\/05\/CV-05-2024-A5-HU.pdf\"><span class=\"fusion-button-icon-divider button-icon-divider-left\"><i class=\"fa-file-pdf fas awb-button__icon awb-button__icon--default\" aria-hidden=\"true\"><\/i><\/span><span class=\"fusion-button-text awb-button__text awb-button__text--default fusion-button-text-left\">Feln\u0151ttek r\u00e9sz\u00e9re<\/span><\/a><\/div><div style=\"text-align:center;\"><a class=\"fusion-button button-flat fusion-button-default-size button-default fusion-button-default button-2 fusion-button-span-yes fusion-button-default-type\" style=\"--button_margin-bottom:20px;\" target=\"_blank\" rel=\"noopener noreferrer\" href=\"https:\/\/focolare.ro\/wp-content\/uploads\/2024\/05\/ige202405ph_compressed-1.pdf\"><span class=\"fusion-button-icon-divider button-icon-divider-left\"><i class=\"fa-file-pdf fas awb-button__icon awb-button__icon--default\" aria-hidden=\"true\"><\/i><\/span><span class=\"fusion-button-text awb-button__text awb-button__text--default fusion-button-text-left\">Fiataloknak<\/span><\/a><\/div><div style=\"text-align:center;\"><a class=\"fusion-button button-flat fusion-button-default-size button-default fusion-button-default button-3 fusion-button-span-yes fusion-button-default-type\" style=\"--button_margin-bottom:20px;\" target=\"_blank\" rel=\"noopener noreferrer\" href=\"https:\/\/focolare.ro\/wp-content\/uploads\/2024\/05\/Pdv_202405_hu_Color.pdf\"><span class=\"fusion-button-icon-divider button-icon-divider-left\"><i class=\"fa-file-pdf fas awb-button__icon awb-button__icon--default\" aria-hidden=\"true\"><\/i><\/span><span class=\"fusion-button-text awb-button__text awb-button__text--default fusion-button-text-left\">Gyerekeknek sz\u00ednes v\u00e1ltozat<\/span><\/a><\/div><div style=\"text-align:center;\"><a class=\"fusion-button button-flat fusion-button-default-size button-default fusion-button-default button-4 fusion-button-span-yes fusion-button-default-type\" style=\"--button_margin-bottom:20px;\" target=\"_blank\" rel=\"noopener noreferrer\" href=\"https:\/\/focolare.ro\/wp-content\/uploads\/2024\/05\/ige202405kif.pdf\"><span class=\"fusion-button-icon-divider button-icon-divider-left\"><i class=\"fa-file-pdf fas awb-button__icon awb-button__icon--default\" aria-hidden=\"true\"><\/i><\/span><span class=\"fusion-button-text awb-button__text awb-button__text--default fusion-button-text-left\">Gyerekeknek kifest\u0151<\/span><\/a><\/div><\/div><\/div><\/div><\/div><div class=\"fusion-fullwidth fullwidth-box fusion-builder-row-4 fusion-flex-container nonhundred-percent-fullwidth non-hundred-percent-height-scrolling\" style=\"--awb-border-sizes-bottom:3px;--awb-border-color:var(--awb-color5);--awb-border-radius-top-left:0px;--awb-border-radius-top-right:0px;--awb-border-radius-bottom-right:0px;--awb-border-radius-bottom-left:0px;--awb-flex-wrap:wrap;\" ><div class=\"fusion-builder-row fusion-row fusion-flex-align-items-flex-start fusion-flex-content-wrap\" style=\"max-width:1216.8px;margin-left: calc(-4% \/ 2 );margin-right: calc(-4% \/ 2 );\"><\/div><\/div><\/p>\n","protected":false},"excerpt":{"rendered":"","protected":false},"author":10,"featured_media":0,"parent":4123,"menu_order":0,"comment_status":"closed","ping_status":"closed","template":"100-width.php","meta":{"footnotes":""},"class_list":["post-4671","page","type-page","status-publish","hentry"],"_links":{"self":[{"href":"https:\/\/focolare.ro\/hu\/wp-json\/wp\/v2\/pages\/4671","targetHints":{"allow":["GET"]}}],"collection":[{"href":"https:\/\/focolare.ro\/hu\/wp-json\/wp\/v2\/pages"}],"about":[{"href":"https:\/\/focolare.ro\/hu\/wp-json\/wp\/v2\/types\/page"}],"author":[{"embeddable":true,"href":"https:\/\/focolare.ro\/hu\/wp-json\/wp\/v2\/users\/10"}],"replies":[{"embeddable":true,"href":"https:\/\/focolare.ro\/hu\/wp-json\/wp\/v2\/comments?post=4671"}],"version-history":[{"count":11,"href":"https:\/\/focolare.ro\/hu\/wp-json\/wp\/v2\/pages\/4671\/revisions"}],"predecessor-version":[{"id":4698,"href":"https:\/\/focolare.ro\/hu\/wp-json\/wp\/v2\/pages\/4671\/revisions\/4698"}],"up":[{"embeddable":true,"href":"https:\/\/focolare.ro\/hu\/wp-json\/wp\/v2\/pages\/4123"}],"wp:attachment":[{"href":"https:\/\/focolare.ro\/hu\/wp-json\/wp\/v2\/media?parent=4671"}],"curies":[{"name":"wp","href":"https:\/\/api.w.org\/{rel}","templated":true}]}}