{"id":4721,"date":"2021-12-06T19:32:34","date_gmt":"2021-12-06T17:32:34","guid":{"rendered":"https:\/\/focolare.ro\/parbeszedben\/"},"modified":"2024-05-13T12:01:08","modified_gmt":"2024-05-13T09:01:08","slug":"parbeszedben","status":"publish","type":"page","link":"https:\/\/focolare.ro\/hu\/parbeszedben\/","title":{"rendered":"P\u00e1rbesz\u00e9dben"},"content":{"rendered":"<p><div class=\"fusion-fullwidth fullwidth-box fusion-builder-row-1 fusion-flex-container nonhundred-percent-fullwidth non-hundred-percent-height-scrolling\" style=\"--awb-border-radius-top-left:0px;--awb-border-radius-top-right:0px;--awb-border-radius-bottom-right:0px;--awb-border-radius-bottom-left:0px;--awb-padding-top:60px;--awb-padding-bottom:60px;--awb-flex-wrap:wrap;\" ><div class=\"fusion-builder-row fusion-row fusion-flex-align-items-center fusion-flex-content-wrap\" style=\"max-width:1216.8px;margin-left: calc(-4% \/ 2 );margin-right: calc(-4% \/ 2 );\"><div class=\"fusion-layout-column fusion_builder_column fusion-builder-column-0 fusion_builder_column_1_1 1_1 fusion-flex-column fusion-flex-align-self-flex-start\" style=\"--awb-bg-size:cover;--awb-width-large:100%;--awb-margin-top-large:0px;--awb-spacing-right-large:1.92%;--awb-margin-bottom-large:20px;--awb-spacing-left-large:1.92%;--awb-width-medium:100%;--awb-order-medium:0;--awb-spacing-right-medium:1.92%;--awb-spacing-left-medium:1.92%;--awb-width-small:100%;--awb-order-small:0;--awb-spacing-right-small:1.92%;--awb-spacing-left-small:1.92%;\"><div class=\"fusion-column-wrapper fusion-column-has-shadow fusion-flex-justify-content-flex-start fusion-content-layout-column\"><div class=\"fusion-text fusion-text-1\" style=\"--awb-text-transform:none;\"><p>A Fokol\u00e1re Mozgalom lelkis\u00e9g\u00e9nek vil\u00e1gszint\u0171 elterjed\u00e9se lehet\u0151v\u00e9 tette a p\u00e1rbesz\u00e9d k\u00fcl\u00f6nb\u00f6z\u0151 form\u00e1inak l\u00e9trej\u00f6tt\u00e9t. A Mozgalom a p\u00e1rbesz\u00e9d el\u0151mozd\u00edt\u00e1s\u00e1\u00e9rt dolgozik, a katolikus egyh\u00e1zon bel\u00fcl a mozgalmak \u00e9s \u00faj k\u00f6z\u00f6ss\u00e9gek k\u00f6z\u00f6tt, \u00e9s a k\u00fcl\u00f6nb\u00f6z\u0151 egyh\u00e1zak \u00e9s egyh\u00e1zi k\u00f6z\u00f6ss\u00e9gek k\u00f6z\u00f6tt. M\u00e1s vall\u00e1sok hiveivel val\u00f3 kapcsolat megnyitotta az utat a f\u0151bb vall\u00e1sokkal val\u00f3 p\u00e1rbesz\u00e9dre. A h\u00edv\u0151k \u00e9s vall\u00e1sos meggy\u0151z\u0151d\u00e9s n\u00e9lk\u00fcli szem\u00e9lyek k\u00f6z\u00f6tti egy\u00fcttm\u0171k\u00f6d\u00e9s \u00e9letre h\u00edvta azt a p\u00e1rbesz\u00e9det, amelynek c\u00e9lja az emberis\u00e9g csal\u00e1dj\u00e1ban lehets\u00e9ges testv\u00e9ris\u00e9g \u00e9p\u00edt\u00e9se. A k\u00f6zelm\u00faltban elkezd\u0151d\u00f6tt a k\u00falt\u00fara vil\u00e1g\u00e1val val\u00f3 dial\u00f3gus.<\/p>\n<\/div><\/div><\/div><\/div><\/div><div class=\"fusion-fullwidth fullwidth-box fusion-builder-row-2 fusion-flex-container hundred-percent-fullwidth non-hundred-percent-height-scrolling\" style=\"--awb-background-position:left top;--awb-border-sizes-top:0px;--awb-border-sizes-bottom:0px;--awb-border-sizes-left:0px;--awb-border-sizes-right:0px;--awb-border-radius-top-left:0px;--awb-border-radius-top-right:0px;--awb-border-radius-bottom-right:0px;--awb-border-radius-bottom-left:0px;--awb-padding-top:0px;--awb-padding-right:0px;--awb-padding-bottom:0px;--awb-padding-left:0px;--awb-flex-wrap:wrap;\" ><div class=\"fusion-builder-row fusion-row fusion-flex-align-items-stretch fusion-flex-content-wrap\" style=\"width:calc( 100% + 0px ) !important;max-width:calc( 100% + 0px ) !important;margin-left: calc(-0px \/ 2 );margin-right: calc(-0px \/ 2 );\"><div class=\"fusion-layout-column fusion_builder_column fusion-builder-column-1 fusion_builder_column_1_4 1_4 fusion-flex-column fusion-column-inner-bg-wrapper\" style=\"--awb-padding-top:10%;--awb-padding-right:10%;--awb-padding-bottom:13%;--awb-padding-left:10%;--awb-inner-bg-color:#ce4040;--awb-inner-bg-color-hover:#ce4040;--awb-inner-bg-size:cover;--awb-width-large:25%;--awb-margin-top-large:0px;--awb-spacing-right-large:0px;--awb-margin-bottom-large:0px;--awb-spacing-left-large:0px;--awb-width-medium:100%;--awb-order-medium:0;--awb-spacing-right-medium:0px;--awb-spacing-left-medium:0px;--awb-width-small:100%;--awb-order-small:0;--awb-spacing-right-small:0px;--awb-spacing-left-small:0px;\"><span class=\"fusion-column-inner-bg hover-type-none\"><a class=\"fusion-column-anchor\" href=\"https:\/\/focolare.ro\/in-dialog\/biserica-comuniune\/\"><span class=\"fusion-column-inner-bg-image\"><\/span><\/a><\/span><div class=\"fusion-column-wrapper fusion-column-has-shadow fusion-flex-justify-content-flex-start fusion-content-layout-column\"><i class=\"fb-icon-element-1 fb-icon-element fontawesome-icon fa-church fas circle-yes\" style=\"--awb-circlebordersize:1px;--awb-font-size:88px;--awb-width:176px;--awb-height:176px;--awb-line-height:174px;--awb-margin-top:0;--awb-margin-right:0;--awb-margin-bottom:0;--awb-margin-left:0;--awb-align-self:center;\"><\/i><div class=\"fusion-separator fusion-full-width-sep\" style=\"align-self: center;margin-left: auto;margin-right: auto;margin-top:-10px;width:100%;\"><\/div><div class=\"fusion-title title fusion-title-1 fusion-sep-none fusion-title-center fusion-title-text fusion-title-size-four\" style=\"--awb-text-color:#ffffff;\"><h4 class=\"fusion-title-heading title-heading-center\" style=\"margin:0;line-height:1;\">Az egyh\u00e1z &#8211; komm\u00fani\u00f3<\/h4><\/div><\/div><\/div><div class=\"fusion-layout-column fusion_builder_column fusion-builder-column-2 fusion_builder_column_1_4 1_4 fusion-flex-column fusion-column-inner-bg-wrapper\" style=\"--awb-padding-top:10%;--awb-padding-right:10%;--awb-padding-bottom:13%;--awb-padding-left:10%;--awb-inner-bg-color:#ffb83f;--awb-inner-bg-color-hover:#ffb83f;--awb-inner-bg-size:cover;--awb-width-large:25%;--awb-margin-top-large:0px;--awb-spacing-right-large:0px;--awb-margin-bottom-large:0px;--awb-spacing-left-large:0px;--awb-width-medium:100%;--awb-order-medium:0;--awb-spacing-right-medium:0px;--awb-spacing-left-medium:0px;--awb-width-small:100%;--awb-order-small:0;--awb-spacing-right-small:0px;--awb-spacing-left-small:0px;\"><span class=\"fusion-column-inner-bg hover-type-none\"><a class=\"fusion-column-anchor\" href=\"https:\/\/focolare.ro\/in-dialog\/crestinii\/\"><span class=\"fusion-column-inner-bg-image\"><\/span><\/a><\/span><div class=\"fusion-column-wrapper fusion-column-has-shadow fusion-flex-justify-content-flex-start fusion-content-layout-column\"><i class=\"fb-icon-element-2 fb-icon-element fontawesome-icon fa-cross fas circle-yes\" style=\"--awb-circlebordersize:1px;--awb-font-size:88px;--awb-width:176px;--awb-height:176px;--awb-line-height:174px;--awb-margin-top:0;--awb-margin-right:0;--awb-margin-bottom:0;--awb-margin-left:0;--awb-align-self:center;\"><\/i><div class=\"fusion-separator fusion-full-width-sep\" style=\"align-self: center;margin-left: auto;margin-right: auto;margin-top:-10px;width:100%;\"><\/div><div class=\"fusion-title title fusion-title-2 fusion-sep-none fusion-title-center fusion-title-text fusion-title-size-four\" style=\"--awb-text-color:#ffffff;\"><h4 class=\"fusion-title-heading title-heading-center\" style=\"margin:0;line-height:1;\">A kereszt\u00e9nyek<\/h4><\/div><\/div><\/div><div class=\"fusion-layout-column fusion_builder_column fusion-builder-column-3 fusion_builder_column_1_4 1_4 fusion-flex-column fusion-column-inner-bg-wrapper\" style=\"--awb-padding-top:10%;--awb-padding-right:10%;--awb-padding-bottom:13%;--awb-padding-left:10%;--awb-inner-bg-color:#2f7d91;--awb-inner-bg-color-hover:#2f7d91;--awb-inner-bg-size:cover;--awb-width-large:25%;--awb-margin-top-large:0px;--awb-spacing-right-large:0px;--awb-margin-bottom-large:0px;--awb-spacing-left-large:0px;--awb-width-medium:100%;--awb-order-medium:0;--awb-spacing-right-medium:0px;--awb-spacing-left-medium:0px;--awb-width-small:100%;--awb-order-small:0;--awb-spacing-right-small:0px;--awb-spacing-left-small:0px;\"><span class=\"fusion-column-inner-bg hover-type-none\"><a class=\"fusion-column-anchor\" href=\"https:\/\/focolare.ro\/in-dialog\/dialogul-intre-religii\/\"><span class=\"fusion-column-inner-bg-image\"><\/span><\/a><\/span><div class=\"fusion-column-wrapper fusion-column-has-shadow fusion-flex-justify-content-flex-start fusion-content-layout-column\"><i class=\"fb-icon-element-3 fb-icon-element fontawesome-icon fa-comments fas circle-yes\" style=\"--awb-circlebordersize:1px;--awb-font-size:88px;--awb-width:176px;--awb-height:176px;--awb-line-height:174px;--awb-margin-top:0;--awb-margin-right:0;--awb-margin-bottom:0;--awb-margin-left:0;--awb-align-self:center;\"><\/i><div class=\"fusion-separator fusion-full-width-sep\" style=\"align-self: center;margin-left: auto;margin-right: auto;margin-top:-10px;width:100%;\"><\/div><div class=\"fusion-title title fusion-title-3 fusion-sep-none fusion-title-center fusion-title-text fusion-title-size-four\" style=\"--awb-text-color:#ffffff;\"><h4 class=\"fusion-title-heading title-heading-center\" style=\"margin:0;line-height:1;\">Vall\u00e1sok k\u00f6z\u00f6tti p\u00e1rbesz\u00e9d<\/h4><\/div><\/div><\/div><div class=\"fusion-layout-column fusion_builder_column fusion-builder-column-4 fusion_builder_column_1_4 1_4 fusion-flex-column fusion-column-inner-bg-wrapper\" style=\"--awb-padding-top:10%;--awb-padding-right:10%;--awb-padding-bottom:13%;--awb-padding-left:10%;--awb-inner-bg-color:#47545b;--awb-inner-bg-color-hover:#47545b;--awb-inner-bg-size:cover;--awb-width-large:25%;--awb-margin-top-large:0px;--awb-spacing-right-large:0px;--awb-margin-bottom-large:0px;--awb-spacing-left-large:0px;--awb-width-medium:100%;--awb-order-medium:0;--awb-spacing-right-medium:0px;--awb-spacing-left-medium:0px;--awb-width-small:100%;--awb-order-small:0;--awb-spacing-right-small:0px;--awb-spacing-left-small:0px;\" data-scroll-devices=\"small-visibility,medium-visibility,large-visibility\"><span class=\"fusion-column-inner-bg hover-type-none\"><a class=\"fusion-column-anchor\" href=\"https:\/\/focolare.ro\/in-dialog\/amici\/\"><span class=\"fusion-column-inner-bg-image\"><\/span><\/a><\/span><div class=\"fusion-column-wrapper fusion-column-has-shadow fusion-flex-justify-content-flex-start fusion-content-layout-column\"><i class=\"fb-icon-element-4 fb-icon-element fontawesome-icon fa-book fas circle-yes\" style=\"--awb-circlebordersize:1px;--awb-font-size:88px;--awb-width:176px;--awb-height:176px;--awb-line-height:174px;--awb-margin-top:0;--awb-margin-right:0;--awb-margin-bottom:0;--awb-margin-left:0;--awb-align-self:center;\"><\/i><div class=\"fusion-separator fusion-full-width-sep\" style=\"align-self: center;margin-left: auto;margin-right: auto;margin-top:-10px;width:100%;\"><\/div><div class=\"fusion-title title fusion-title-4 fusion-sep-none fusion-title-center fusion-title-text fusion-title-size-four\" style=\"--awb-text-color:#ffffff;\"><h4 class=\"fusion-title-heading title-heading-center\" style=\"margin:0;line-height:1;\">P\u00e1rbesz\u00e9d nemvall\u00e1sos meggy\u0151z\u0151d\u00e9s\u0171 emberekkel<\/h4><\/div><\/div><\/div><\/div><\/div><\/p>\n","protected":false},"excerpt":{"rendered":"","protected":false},"author":1,"featured_media":0,"parent":0,"menu_order":0,"comment_status":"closed","ping_status":"closed","template":"100-width.php","meta":{"footnotes":""},"class_list":["post-4721","page","type-page","status-publish","hentry"],"_links":{"self":[{"href":"https:\/\/focolare.ro\/hu\/wp-json\/wp\/v2\/pages\/4721","targetHints":{"allow":["GET"]}}],"collection":[{"href":"https:\/\/focolare.ro\/hu\/wp-json\/wp\/v2\/pages"}],"about":[{"href":"https:\/\/focolare.ro\/hu\/wp-json\/wp\/v2\/types\/page"}],"author":[{"embeddable":true,"href":"https:\/\/focolare.ro\/hu\/wp-json\/wp\/v2\/users\/1"}],"replies":[{"embeddable":true,"href":"https:\/\/focolare.ro\/hu\/wp-json\/wp\/v2\/comments?post=4721"}],"version-history":[{"count":17,"href":"https:\/\/focolare.ro\/hu\/wp-json\/wp\/v2\/pages\/4721\/revisions"}],"predecessor-version":[{"id":4843,"href":"https:\/\/focolare.ro\/hu\/wp-json\/wp\/v2\/pages\/4721\/revisions\/4843"}],"wp:attachment":[{"href":"https:\/\/focolare.ro\/hu\/wp-json\/wp\/v2\/media?parent=4721"}],"curies":[{"name":"wp","href":"https:\/\/api.w.org\/{rel}","templated":true}]}}