{"id":4894,"date":"2022-04-03T14:22:54","date_gmt":"2022-04-03T11:22:54","guid":{"rendered":"https:\/\/focolare.ro\/az-elet-igeje\/az-elet-igeje-2024\/2024-junius\/"},"modified":"2024-08-03T13:14:01","modified_gmt":"2024-08-03T10:14:01","slug":"2024-junius","status":"publish","type":"page","link":"https:\/\/focolare.ro\/hu\/az-elet-igeje\/az-elet-igeje-2024\/2024-junius\/","title":{"rendered":"2024. J\u00fanius"},"content":{"rendered":"<p><div class=\"fusion-fullwidth fullwidth-box fusion-builder-row-1 fusion-flex-container has-pattern-background has-mask-background fusion-parallax-none nonhundred-percent-fullwidth non-hundred-percent-height-scrolling lazyload\" style=\"--awb-border-radius-top-left:0px;--awb-border-radius-top-right:0px;--awb-border-radius-bottom-right:0px;--awb-border-radius-bottom-left:0px;--awb-background-color:var(--awb-custom14);--awb-background-size:cover;--awb-flex-wrap:wrap;\" data-bg=\"https:\/\/focolare.ro\/wp-content\/uploads\/2024\/06\/cviunie2024-2.jpg\" ><div class=\"fusion-builder-row fusion-row fusion-flex-align-items-flex-start fusion-flex-content-wrap\" style=\"max-width:1216.8px;margin-left: calc(-4% \/ 2 );margin-right: calc(-4% \/ 2 );\"><div class=\"fusion-layout-column fusion_builder_column fusion-builder-column-0 fusion_builder_column_1_1 1_1 fusion-flex-column\" style=\"--awb-bg-size:cover;--awb-width-large:100%;--awb-margin-top-large:0px;--awb-spacing-right-large:1.92%;--awb-margin-bottom-large:20px;--awb-spacing-left-large:1.92%;--awb-width-medium:100%;--awb-order-medium:0;--awb-spacing-right-medium:1.92%;--awb-spacing-left-medium:1.92%;--awb-width-small:100%;--awb-order-small:0;--awb-spacing-right-small:1.92%;--awb-spacing-left-small:1.92%;\"><div class=\"fusion-column-wrapper fusion-column-has-shadow fusion-flex-justify-content-flex-start fusion-content-layout-column\"><div class=\"fusion-separator fusion-full-width-sep\" style=\"align-self: center;margin-left: auto;margin-right: auto;margin-bottom:200px;width:100%;\"><\/div><div class=\"fusion-title title fusion-title-1 fusion-sep-none fusion-title-text fusion-title-size-two\" style=\"--awb-text-color:var(--awb-color1);\"><h2 class=\"fusion-title-heading title-heading-left\" style=\"margin:0;\">2024. J\u00fanius<\/h2><\/div><\/div><\/div><\/div><\/div><div class=\"fusion-fullwidth fullwidth-box fusion-builder-row-2 fusion-flex-container nonhundred-percent-fullwidth non-hundred-percent-height-scrolling\" style=\"--awb-border-radius-top-left:0px;--awb-border-radius-top-right:0px;--awb-border-radius-bottom-right:0px;--awb-border-radius-bottom-left:0px;--awb-background-color:var(--awb-color1);--awb-flex-wrap:wrap;\" ><div class=\"fusion-builder-row fusion-row fusion-flex-align-items-flex-start fusion-flex-content-wrap\" style=\"max-width:1216.8px;margin-left: calc(-4% \/ 2 );margin-right: calc(-4% \/ 2 );\"><div class=\"fusion-layout-column fusion_builder_column fusion-builder-column-1 fusion_builder_column_1_1 1_1 fusion-flex-column\" style=\"--awb-bg-size:cover;--awb-width-large:100%;--awb-margin-top-large:0px;--awb-spacing-right-large:1.92%;--awb-margin-bottom-large:20px;--awb-spacing-left-large:1.92%;--awb-width-medium:100%;--awb-order-medium:0;--awb-spacing-right-medium:1.92%;--awb-spacing-left-medium:1.92%;--awb-width-small:100%;--awb-order-small:0;--awb-spacing-right-small:1.92%;--awb-spacing-left-small:1.92%;\"><div class=\"fusion-column-wrapper fusion-column-has-shadow fusion-flex-justify-content-flex-start fusion-content-layout-column\"><div class=\"fusion-separator fusion-full-width-sep\" style=\"align-self: center;margin-left: auto;margin-right: auto;margin-bottom:100px;width:100%;\"><\/div><\/div><\/div><\/div><\/div><div class=\"fusion-fullwidth fullwidth-box fusion-builder-row-3 fusion-flex-container nonhundred-percent-fullwidth non-hundred-percent-height-scrolling\" style=\"--awb-border-radius-top-left:0px;--awb-border-radius-top-right:0px;--awb-border-radius-bottom-right:0px;--awb-border-radius-bottom-left:0px;--awb-flex-wrap:wrap;\" ><div class=\"fusion-builder-row fusion-row fusion-flex-align-items-flex-start fusion-flex-content-wrap\" style=\"max-width:1216.8px;margin-left: calc(-4% \/ 2 );margin-right: calc(-4% \/ 2 );\"><div class=\"fusion-layout-column fusion_builder_column fusion-builder-column-2 fusion_builder_column_2_3 2_3 fusion-flex-column\" style=\"--awb-bg-size:cover;--awb-width-large:66.666666666667%;--awb-margin-top-large:0px;--awb-spacing-right-large:2.88%;--awb-margin-bottom-large:20px;--awb-spacing-left-large:2.88%;--awb-width-medium:100%;--awb-order-medium:0;--awb-spacing-right-medium:1.92%;--awb-spacing-left-medium:1.92%;--awb-width-small:100%;--awb-order-small:0;--awb-spacing-right-small:1.92%;--awb-spacing-left-small:1.92%;\"><div class=\"fusion-column-wrapper fusion-column-has-shadow fusion-flex-justify-content-flex-start fusion-content-layout-column\"><div class=\"fusion-text fusion-text-1\" style=\"--awb-text-transform:none;\"><h3><strong>2024. j\u00fanius<\/strong><\/h3>\n<p><strong>\u201e<\/strong><strong>Az Isten orsz\u00e1ga olyan, mint amikor az ember magot sz\u00f3r a f\u00f6ldbe. Azut\u00e1n m\u00e1r ak\u00e1r alszik, ak\u00e1r f\u00f6lkel \u00e9jjel \u00e9s nappal, a mag kikel \u00e9s n\u00f6vekszik\u201d<\/strong> <strong>(<em>Mk<\/em> 4,26-27)<\/strong><\/p>\n<p>Az Isten orsz\u00e1ga \u00e1ll J\u00e9zus \u00fczenet\u00e9nek k\u00f6z\u00e9ppontj\u00e1ban, \u00e9s M\u00e1rk evang\u00e9liuma ennek \u00f6r\u00f6mh\u00edr\u00e9t szeretn\u00e9 k\u00f6zvet\u00edteni. Itt egy r\u00f6vid p\u00e9ld\u00e1zattal hirdeti, a mag k\u00e9p\u00e9vel, amelyet f\u00f6ldbe vetnek, \u00e9s akkor szabadul fel bel\u0151le teljesen az \u00e9leter\u0151, mely gy\u00fcm\u00f6lcs\u00f6t terem.<\/p>\n<p>De mit jelent ma sz\u00e1munkra Isten orsz\u00e1ga? Mi k\u00f6ze van a szem\u00e9lyes \u00e9let\u00fcnkh\u00f6z \u00e9s a t\u00f6rt\u00e9nelemhez, amely felv\u00e1ltva ingadozik v\u00e1rakoz\u00e1sok \u00e9s csal\u00f3d\u00e1sok k\u00f6z\u00f6tt? Dac\u0103 ea a fost deja sem\u0103nat\u0103, de ce nu-i vedem roadele de pace, de siguran\u021b\u0103, de fericire?Ha m\u00e1r elvetett\u00e9k a b\u00e9ke, a biztons\u00e1g \u00e9s a boldogs\u00e1g magj\u00e1t, mi\u00e9rt nem l\u00e1tjuk a gy\u00fcm\u00f6lcseit?<\/p>\n<p><strong>\u201e<\/strong><strong>Az Isten orsz\u00e1ga olyan, mint amikor az ember magot sz\u00f3r a f\u00f6ldbe. Azut\u00e1n m\u00e1r ak\u00e1r alszik, ak\u00e1r f\u00f6lkel \u00e9jjel \u00e9s nappal, a mag kikel \u00e9s n\u00f6vekszik\u201d<\/strong> <strong>(<em>Mk<\/em> 4,26-27)<\/strong><\/p>\n<p>Ez az ige azt mutatja, hogy J\u00e9zus teljes m\u00e9rt\u00e9kben b\u00edzott Isten terv\u00e9ben, amelyet az emberis\u00e9gr\u0151l alkotott: \u201eJ\u00e9zus [\u2026] elj\u00f6tt a f\u00f6ldre, az \u0150 gy\u0151zelme \u00e1ltal ez az orsz\u00e1g m\u00e1r jelen van a vil\u00e1gban, \u00e9s m\u00e1r biztos\u00edtva van a beteljesed\u00e9se, mely v\u00e9get vet a t\u00f6rt\u00e9nelemnek. Az egyh\u00e1z ennek az orsz\u00e1gnak a kezdete, \u00e9s azoknak az embereknek a k\u00f6z\u00f6ss\u00e9ge, akik hisznek ebben az orsz\u00e1gban.\u201d <a href=\"#_ftn1\" name=\"_ftnref1\">[1]<\/a><\/p>\n<p>Akik befogadj\u00e1k, azokat megb\u00edzza, hogy k\u00e9sz\u00edts\u00e9k el\u0151 a talajt Isten aj\u00e1nd\u00e9k\u00e1nak befogad\u00e1s\u00e1ra, \u00e9s \u00e1polj\u00e1k az \u0151 szeretet\u00e9be vetett rem\u00e9nyt.<\/p>\n<p>\u201e[\u2026] Val\u00f3j\u00e1ban semmilyen emberi er\u0151fesz\u00edt\u00e9s, sem aszketikus gyakorlat, tanulm\u00e1ny vagy tudom\u00e1nyos kutat\u00e1s sem tud bevezetni Isten orsz\u00e1g\u00e1ba. Csak maga Isten, \u0150 el\u00e9nk j\u00f6n, \u00e9s megmutatkozik f\u00e9ny\u00e9vel, vagy meg\u00e9rint kegyelm\u00e9vel.<\/p>\n<p>Mi semmilyen \u00e9rdemmel nem dicsekedhet\u00fcnk, semmire nem t\u00e1maszkodhatunk, ami feljogos\u00edtana Isten e hatalmas aj\u00e1nd\u00e9k\u00e1ra. \u0150 az Orsz\u00e1got ingyen k\u00edn\u00e1lja fel nek\u00fcnk.\u201d <a href=\"#_ftn2\" name=\"_ftnref2\">[2]<\/a><\/p>\n<p><strong>\u201e<\/strong><strong>Az Isten orsz\u00e1ga olyan, mint amikor az ember magot sz\u00f3r a f\u00f6ldbe. Azut\u00e1n m\u00e1r ak\u00e1r alszik, ak\u00e1r f\u00f6lkel \u00e9jjel \u00e9s nappal, a mag kikel \u00e9s n\u00f6vekszik\u201d<\/strong> <strong>(<em>Mk<\/em> 4,26-27)<\/strong><\/p>\n<p>A magvet\u00e9s: ne tartsuk meg magunknak a magot, hanem vess\u00fck el sz\u00e9les k\u00f6rben \u00e9s bizalommal. \u201e\u00c9jjel vagy nappal\u201d: az orsz\u00e1g csendben n\u00f6vekszik, m\u00e9g az \u00e9jszak\u00e1ink s\u00f6t\u00e9ts\u00e9g\u00e9ben is.<\/p>\n<p>Minden nap k\u00e9rhetj\u00fck is: \u201ej\u00f6jj\u00f6n el a Te orsz\u00e1god\u201d.<\/p>\n<p>A magvet\u00e9s nem k\u00edv\u00e1n folyamatos munk\u00e1t, ir\u00e1ny\u00edt\u00e1st a f\u00f6ldm\u0171vest\u0151l, csak annyit, hogy tudjon t\u00fcrelmesen v\u00e1rni, m\u00edg a term\u00e9szet halad a maga \u00fatj\u00e1n.<\/p>\n<p>Ez az \u00e9letige megh\u00edv benn\u00fcnket, hogy b\u00edzzunk a szeretet erej\u00e9ben, amely a maga idej\u00e9ben gy\u00fcm\u00f6lcs\u00f6t hoz. Megtan\u00edt a m\u0171v\u00e9szetre, hogy t\u00fcrelmesen k\u00eds\u00e9rj\u00fck figyelemmel azt, ami mag\u00e1t\u00f3l is k\u00e9pes n\u00f6vekedni an\u00e9lk\u00fcl, hogy eredm\u00e9nyek\u00e9rt agg\u00f3dn\u00e1nk. Szabadd\u00e1 tesz, hogy befogadjuk a m\u00e1sikat a jelen pillanatban, \u00e9rt\u00e9kelve a k\u00e9pess\u00e9geit \u00e9s tiszteletben tartva a saj\u00e1t ritmus\u00e1t.<\/p>\n<p>\u201e[\u2026] Egy h\u00f3nappal az esk\u00fcv\u0151 el\u0151tt a fiunk riadtan telefon\u00e1lt, hogy a bar\u00e1tn\u0151je \u00fajra drogozni kezdett. Tan\u00e1csot k\u00e9rt, hogy mit tegyen. Nem volt k\u00f6nny\u0171 v\u00e1laszolni. Kihaszn\u00e1lhattuk volna a helyzetet, hogy meggy\u0151zz\u00fck, hagyja el a l\u00e1nyt, de ez nem t\u0171nt helyes \u00fatnak. Azt javasoltuk, hogy n\u00e9zzen j\u00f3l a sz\u00edv\u00e9be [\u2026]. Hossz\u00fa csend k\u00f6vetkezett, majd a v\u00e1lasz: \u00bbAzt hiszem, tudok m\u00e9g egy kicsit szeretni.\u00ab Az esk\u00fcv\u0151 ut\u00e1n siker\u00fclt tal\u00e1lniuk egy kiv\u00e1l\u00f3 ter\u00e1pi\u00e1s k\u00f6zpontot j\u00e1r\u00f3beteg-ell\u00e1t\u00e1ssal. Tizenn\u00e9gy hossz\u00fa h\u00f3nap telt el, \u00e9s ezalatt siker\u00fclt betartania a \u00bbnincs t\u00f6bb drog\u00ab v\u00e1llal\u00e1st. Hossz\u00fa \u00fat volt ez mindenkinek, de az evang\u00e9liumi szeretet, amit igyeksz\u00fcnk kett\u0151nk k\u00f6z\u00f6tt \u2013 ak\u00e1r k\u00f6nnyek k\u00f6z\u00f6tt is \u2013 meg\u00e9lni, er\u0151t ad ahhoz, hogy ebben a k\u00e9nyes helyzetben is szeress\u00fck a fiunkat. Ez a szeretet tal\u00e1n abban is seg\u00edt neki, hogy meg\u00e9rtse, hogyan szeretheti a feles\u00e9g\u00e9t.\u201d<a href=\"#_ftn3\" name=\"_ftnref3\">[3]<\/a><\/p>\n<p><em>Letizia Magri \u00e9s az \u00e9letige csoport gondoz\u00e1s\u00e1ban<\/em><\/p>\n<p><a href=\"#_ftnref1\" name=\"_ftn1\">[1]<\/a> C. Lubich, <em>Az \u00e9let ig\u00e9je<\/em> 1983. augusztus<\/p>\n<p><a href=\"#_ftnref2\" name=\"_ftn2\">[2]<\/a> C. Lubich, <em>Az \u00e9let ig\u00e9je<\/em> 1979. okt\u00f3ber<\/p>\n<p><a href=\"#_ftnref3\" name=\"_ftn3\">[3]<\/a> S. Pellegrini, G. Salerno, M. Caporale (a cura di), <em>Famiglie in azione. Un mosaico di vita<\/em>, Citt\u00e0 Nuova, Roma 2022, p. 74.<\/p>\n<\/div><\/div><\/div><div class=\"fusion-layout-column fusion_builder_column fusion-builder-column-3 fusion_builder_column_1_3 1_3 fusion-flex-column\" style=\"--awb-padding-top:30px;--awb-padding-right:30px;--awb-padding-bottom:10px;--awb-padding-left:30px;--awb-bg-color:var(--awb-custom13);--awb-bg-color-hover:var(--awb-custom13);--awb-bg-size:cover;--awb-width-large:33.333333333333%;--awb-margin-top-large:0px;--awb-spacing-right-large:5.76%;--awb-margin-bottom-large:20px;--awb-spacing-left-large:5.76%;--awb-width-medium:100%;--awb-order-medium:0;--awb-spacing-right-medium:1.92%;--awb-spacing-left-medium:1.92%;--awb-width-small:100%;--awb-order-small:0;--awb-spacing-right-small:1.92%;--awb-spacing-left-small:1.92%;\"><div class=\"fusion-column-wrapper fusion-column-has-shadow fusion-flex-justify-content-flex-start fusion-content-layout-column\"><div class=\"fusion-title title fusion-title-2 fusion-sep-none fusion-title-center fusion-title-text fusion-title-size-four\"><h4 class=\"fusion-title-heading title-heading-center\" style=\"margin:0;\">T\u00f6ltsd le PDF form\u00e1tumban<\/h4><\/div><div style=\"text-align:center;\"><a class=\"fusion-button button-flat fusion-button-default-size button-default fusion-button-default button-1 fusion-button-span-yes fusion-button-default-type\" style=\"--button_margin-bottom:20px;\" target=\"_blank\" rel=\"noopener noreferrer\" href=\"https:\/\/focolare.ro\/wp-content\/uploads\/2024\/06\/CV-06-2024-A5-HU-1.pdf\"><span class=\"fusion-button-icon-divider button-icon-divider-left\"><i class=\"fa-file-pdf fas awb-button__icon awb-button__icon--default\" aria-hidden=\"true\"><\/i><\/span><span class=\"fusion-button-text awb-button__text awb-button__text--default fusion-button-text-left\">Feln\u0151ttek r\u00e9sz\u00e9re<\/span><\/a><\/div><div style=\"text-align:center;\"><a class=\"fusion-button button-flat fusion-button-default-size button-default fusion-button-default button-2 fusion-button-span-yes fusion-button-default-type\" style=\"--button_margin-bottom:20px;\" target=\"_blank\" rel=\"noopener noreferrer\" href=\"https:\/\/focolare.ro\/wp-content\/uploads\/2024\/06\/ige202406ph_compressed.pdf\"><span class=\"fusion-button-icon-divider button-icon-divider-left\"><i class=\"fa-file-pdf fas awb-button__icon awb-button__icon--default\" aria-hidden=\"true\"><\/i><\/span><span class=\"fusion-button-text awb-button__text awb-button__text--default fusion-button-text-left\">Fiatalok<\/span><\/a><\/div><div style=\"text-align:center;\"><a class=\"fusion-button button-flat fusion-button-default-size button-default fusion-button-default button-3 fusion-button-span-yes fusion-button-default-type\" style=\"--button_margin-bottom:20px;\" target=\"_blank\" rel=\"noopener noreferrer\" href=\"https:\/\/focolare.ro\/wp-content\/uploads\/2024\/06\/Pdv_202406_hu_Color_compressed.pdf\"><span class=\"fusion-button-icon-divider button-icon-divider-left\"><i class=\"fa-file-pdf fas awb-button__icon awb-button__icon--default\" aria-hidden=\"true\"><\/i><\/span><span class=\"fusion-button-text awb-button__text awb-button__text--default fusion-button-text-left\">Gyerekeknek sz\u00ednes v\u00e1ltozat<\/span><\/a><\/div><div style=\"text-align:center;\"><a class=\"fusion-button button-flat fusion-button-default-size button-default fusion-button-default button-4 fusion-button-span-yes fusion-button-default-type\" style=\"--button_margin-bottom:20px;\" target=\"_blank\" rel=\"noopener noreferrer\" href=\"https:\/\/focolare.ro\/wp-content\/uploads\/2024\/06\/ige202406kif.pdf\"><span class=\"fusion-button-icon-divider button-icon-divider-left\"><i class=\"fa-file-pdf fas awb-button__icon awb-button__icon--default\" aria-hidden=\"true\"><\/i><\/span><span class=\"fusion-button-text awb-button__text awb-button__text--default fusion-button-text-left\">Gyerekeknek kifest\u0151<\/span><\/a><\/div><\/div><\/div><\/div><\/div><div class=\"fusion-fullwidth fullwidth-box fusion-builder-row-4 fusion-flex-container nonhundred-percent-fullwidth non-hundred-percent-height-scrolling\" style=\"--awb-border-sizes-bottom:3px;--awb-border-color:var(--awb-color5);--awb-border-radius-top-left:0px;--awb-border-radius-top-right:0px;--awb-border-radius-bottom-right:0px;--awb-border-radius-bottom-left:0px;--awb-flex-wrap:wrap;\" ><div class=\"fusion-builder-row fusion-row fusion-flex-align-items-flex-start fusion-flex-content-wrap\" style=\"max-width:1216.8px;margin-left: calc(-4% \/ 2 );margin-right: calc(-4% \/ 2 );\"><\/div><\/div><\/p>\n","protected":false},"excerpt":{"rendered":"","protected":false},"author":10,"featured_media":0,"parent":4123,"menu_order":0,"comment_status":"closed","ping_status":"closed","template":"100-width.php","meta":{"footnotes":""},"class_list":["post-4894","page","type-page","status-publish","hentry"],"_links":{"self":[{"href":"https:\/\/focolare.ro\/hu\/wp-json\/wp\/v2\/pages\/4894","targetHints":{"allow":["GET"]}}],"collection":[{"href":"https:\/\/focolare.ro\/hu\/wp-json\/wp\/v2\/pages"}],"about":[{"href":"https:\/\/focolare.ro\/hu\/wp-json\/wp\/v2\/types\/page"}],"author":[{"embeddable":true,"href":"https:\/\/focolare.ro\/hu\/wp-json\/wp\/v2\/users\/10"}],"replies":[{"embeddable":true,"href":"https:\/\/focolare.ro\/hu\/wp-json\/wp\/v2\/comments?post=4894"}],"version-history":[{"count":12,"href":"https:\/\/focolare.ro\/hu\/wp-json\/wp\/v2\/pages\/4894\/revisions"}],"predecessor-version":[{"id":5016,"href":"https:\/\/focolare.ro\/hu\/wp-json\/wp\/v2\/pages\/4894\/revisions\/5016"}],"up":[{"embeddable":true,"href":"https:\/\/focolare.ro\/hu\/wp-json\/wp\/v2\/pages\/4123"}],"wp:attachment":[{"href":"https:\/\/focolare.ro\/hu\/wp-json\/wp\/v2\/media?parent=4894"}],"curies":[{"name":"wp","href":"https:\/\/api.w.org\/{rel}","templated":true}]}}