{"id":4938,"date":"2022-04-03T14:22:54","date_gmt":"2022-04-03T11:22:54","guid":{"rendered":"https:\/\/focolare.ro\/az-elet-igeje\/az-elet-igeje-2024\/2024-julius\/"},"modified":"2025-01-02T14:14:29","modified_gmt":"2025-01-02T12:14:29","slug":"2024-julius","status":"publish","type":"page","link":"https:\/\/focolare.ro\/hu\/az-elet-igeje\/az-elet-igeje-2024\/2024-julius\/","title":{"rendered":"2024. j\u00falius"},"content":{"rendered":"<p><div class=\"fusion-fullwidth fullwidth-box fusion-builder-row-1 fusion-flex-container has-pattern-background has-mask-background fusion-parallax-none nonhundred-percent-fullwidth non-hundred-percent-height-scrolling lazyload\" style=\"--awb-border-radius-top-left:0px;--awb-border-radius-top-right:0px;--awb-border-radius-bottom-right:0px;--awb-border-radius-bottom-left:0px;--awb-background-color:var(--awb-custom14);--awb-background-size:cover;--awb-flex-wrap:wrap;\" data-bg=\"https:\/\/focolare.ro\/wp-content\/uploads\/2024\/07\/cviulie2024.jpg\" ><div class=\"fusion-builder-row fusion-row fusion-flex-align-items-flex-start fusion-flex-content-wrap\" style=\"max-width:1216.8px;margin-left: calc(-4% \/ 2 );margin-right: calc(-4% \/ 2 );\"><div class=\"fusion-layout-column fusion_builder_column fusion-builder-column-0 fusion_builder_column_1_1 1_1 fusion-flex-column\" style=\"--awb-bg-size:cover;--awb-width-large:100%;--awb-margin-top-large:0px;--awb-spacing-right-large:1.92%;--awb-margin-bottom-large:20px;--awb-spacing-left-large:1.92%;--awb-width-medium:100%;--awb-order-medium:0;--awb-spacing-right-medium:1.92%;--awb-spacing-left-medium:1.92%;--awb-width-small:100%;--awb-order-small:0;--awb-spacing-right-small:1.92%;--awb-spacing-left-small:1.92%;\"><div class=\"fusion-column-wrapper fusion-column-has-shadow fusion-flex-justify-content-flex-start fusion-content-layout-column\"><div class=\"fusion-separator fusion-full-width-sep\" style=\"align-self: center;margin-left: auto;margin-right: auto;margin-bottom:200px;width:100%;\"><\/div><div class=\"fusion-title title fusion-title-1 fusion-sep-none fusion-title-text fusion-title-size-two\" style=\"--awb-text-color:var(--awb-color1);\"><h2 class=\"fusion-title-heading title-heading-left\" style=\"margin:0;\">2024. j\u00falius<\/h2><\/div><\/div><\/div><\/div><\/div><div class=\"fusion-fullwidth fullwidth-box fusion-builder-row-2 fusion-flex-container nonhundred-percent-fullwidth non-hundred-percent-height-scrolling\" style=\"--awb-border-radius-top-left:0px;--awb-border-radius-top-right:0px;--awb-border-radius-bottom-right:0px;--awb-border-radius-bottom-left:0px;--awb-background-color:var(--awb-color1);--awb-flex-wrap:wrap;\" ><div class=\"fusion-builder-row fusion-row fusion-flex-align-items-flex-start fusion-flex-content-wrap\" style=\"max-width:1216.8px;margin-left: calc(-4% \/ 2 );margin-right: calc(-4% \/ 2 );\"><div class=\"fusion-layout-column fusion_builder_column fusion-builder-column-1 fusion_builder_column_1_1 1_1 fusion-flex-column\" style=\"--awb-bg-size:cover;--awb-width-large:100%;--awb-margin-top-large:0px;--awb-spacing-right-large:1.92%;--awb-margin-bottom-large:20px;--awb-spacing-left-large:1.92%;--awb-width-medium:100%;--awb-order-medium:0;--awb-spacing-right-medium:1.92%;--awb-spacing-left-medium:1.92%;--awb-width-small:100%;--awb-order-small:0;--awb-spacing-right-small:1.92%;--awb-spacing-left-small:1.92%;\"><div class=\"fusion-column-wrapper fusion-column-has-shadow fusion-flex-justify-content-flex-start fusion-content-layout-column\"><div class=\"fusion-separator fusion-full-width-sep\" style=\"align-self: center;margin-left: auto;margin-right: auto;margin-bottom:100px;width:100%;\"><\/div><\/div><\/div><\/div><\/div><div class=\"fusion-fullwidth fullwidth-box fusion-builder-row-3 fusion-flex-container nonhundred-percent-fullwidth non-hundred-percent-height-scrolling\" style=\"--awb-border-radius-top-left:0px;--awb-border-radius-top-right:0px;--awb-border-radius-bottom-right:0px;--awb-border-radius-bottom-left:0px;--awb-flex-wrap:wrap;\" ><div class=\"fusion-builder-row fusion-row fusion-flex-align-items-flex-start fusion-flex-content-wrap\" style=\"max-width:1216.8px;margin-left: calc(-4% \/ 2 );margin-right: calc(-4% \/ 2 );\"><div class=\"fusion-layout-column fusion_builder_column fusion-builder-column-2 fusion_builder_column_2_3 2_3 fusion-flex-column\" style=\"--awb-bg-size:cover;--awb-width-large:66.666666666667%;--awb-margin-top-large:0px;--awb-spacing-right-large:2.88%;--awb-margin-bottom-large:20px;--awb-spacing-left-large:2.88%;--awb-width-medium:100%;--awb-order-medium:0;--awb-spacing-right-medium:1.92%;--awb-spacing-left-medium:1.92%;--awb-width-small:100%;--awb-order-small:0;--awb-spacing-right-small:1.92%;--awb-spacing-left-small:1.92%;\"><div class=\"fusion-column-wrapper fusion-column-has-shadow fusion-flex-justify-content-flex-start fusion-content-layout-column\"><div class=\"fusion-text fusion-text-1\" style=\"--awb-text-transform:none;\"><h3><strong>2024. j\u00falius<\/strong><\/h3>\n<p><strong>\u00ab<\/strong><strong>Az \u00dar az \u00e9n p\u00e1sztorom, nem sz\u0171k\u00f6lk\u00f6d\u00f6m [de nimic]<\/strong><strong>\u00bb (<em>Zsolt<\/em> 23[22],1)<\/strong><\/p>\n<p>A 23. az egyik legismertebb \u00e9s legkedveltebb zsolt\u00e1r. A bizalom \u00e9neke, de egyben a hit \u00f6r\u00f6mteli megvall\u00e1sa is. Aki im\u00e1dkozik, tudja, hogy Izrael n\u00e9p\u00e9hez tartozik, akiknek az \u00dar a pr\u00f3f\u00e9t\u00e1kon kereszt\u00fcl meg\u00edg\u00e9rte, hogy p\u00e1sztoruk lesz. A szerz\u0151 szem\u00e9lyes boldogs\u00e1g\u00e1r\u00f3l \u00e9nekel, mert tudja, hogy a templomban <a href=\"#_ftn1\" name=\"_ftnref1\">[1]<\/a>, a mened\u00e9k \u00e9s kegyelem hely\u00e9n oltalomban r\u00e9szes\u00fcl, de saj\u00e1t tapasztalat\u00e1val m\u00e1sokat is b\u00e1tor\u00edtani akar, hogy b\u00edzzanak az \u00dar jelenl\u00e9t\u00e9ben.<\/p>\n<p><strong>\u00ab<\/strong><strong>Az \u00dar az \u00e9n p\u00e1sztorom, nem sz\u0171k\u00f6lk\u00f6d\u00f6m [de nimic]<\/strong><strong>\u00bb <\/strong> <\/p>\n<p>A p\u00e1sztor \u00e9s a ny\u00e1j k\u00e9pe nagyon kedves az eg\u00e9sz bibliai irodalomban. Ahhoz, hogy j\u00f3l meg\u00e9rts\u00fck, gondolatban el kell menn\u00fcnk a puszt\u00e1ba, a K\u00f6zel-Kelet sz\u00e1raz \u00e9s szikl\u00e1s vid\u00e9keire. A p\u00e1sztor szel\u00edden vezeti ny\u00e1j\u00e1t, mert n\u00e9lk\u00fcle elt\u00e9vedn\u00e9nek \u00e9s elpusztuln\u00e1nak. A juhoknak meg kell tanulniuk r\u00e1hagyatkozni, hallgatni a hangj\u00e1ra. A p\u00e1sztor mindenekel\u0151tt \u00e1lland\u00f3 t\u00e1rsuk az \u00fatjukon.<\/p>\n<p><strong>\u00ab<\/strong><strong>Az \u00dar az \u00e9n p\u00e1sztorom, nem sz\u0171k\u00f6lk\u00f6d\u00f6m [de nimic]<\/strong><strong>\u00bb <\/strong> <\/p>\n<p>Ez a zsolt\u00e1r arra h\u00edv minket, hogy er\u0151s\u00edts\u00fck meg bens\u0151s\u00e9ges kapcsolatunkat Istennel, tapasztaljuk meg a szeretet\u00e9t. F\u00f6lmer\u00fclhet benn\u00fcnk, hogy vajon mi\u00e9rt tartja fontosnak a szerz\u0151, hogy m\u00e9g azt is hangs\u00falyozza: \u201enem sz\u0171k\u00f6lk\u00f6dik\u201d? A mindennapjainkban sz\u00e1mtalan probl\u00e9ma \u00e9s kih\u00edv\u00e1s k\u00f6zt \u00e9l\u00fcnk, az eg\u00e9szs\u00e9get, a csal\u00e1dot, a munk\u00e1t illet\u0151en, nem is besz\u00e9lve arr\u00f3l a m\u00e9rhetetlen szenved\u00e9sr\u0151l, amelyet oly sok testv\u00e9r\u00fcnk \u00e9l \u00e1t ma a h\u00e1bor\u00fa vagy az \u00e9ghajlatv\u00e1ltoz\u00e1s k\u00f6vetkezt\u00e9ben, a migr\u00e1ci\u00f3, az er\u0151szak stb. miatt.<\/p>\n<p><strong>\u00ab<\/strong><strong>Az \u00dar az \u00e9n p\u00e1sztorom, nem sz\u0171k\u00f6lk\u00f6d\u00f6m [de nimic]<\/strong><strong>\u00bb <\/strong> <\/p>\n<p>A magyar\u00e1zat tal\u00e1n abban az igeversben rejlik, amely \u00edgy sz\u00f3l: \u201emert te velem vagy\u201d (<em>Zsolt<\/em> 23,4). Arr\u00f3l a bizonyoss\u00e1gr\u00f3l van sz\u00f3, hogy Isten a szeretet\u00e9vel mindig elk\u00eds\u00e9r benn\u00fcnket, \u00e9s ez\u00e9rt m\u00e1sk\u00e9pp \u00e9lhetj\u00fck meg a l\u00e9t\u00fcnket. Chiara Lubich \u00edrta: \u201eEgy dolog ugyanis tudni, hogy fordulhatunk Valakihez, aki l\u00e9tezik, aki k\u00f6ny\u00f6r\u00fcl rajtunk, aki megfizetett a b\u0171neink\u00e9rt, \u00e9s megint m\u00e1s meg\u00e9lni \u00e9s \u00e9rezni azt, hogy Isten megk\u00fcl\u00f6nb\u00f6ztetett szeretettel szeret minket, ez\u00e1ltal megszabad\u00edt minden h\u00e1tr\u00e1ltat\u00f3 f\u00e9lelemt\u0151l, mag\u00e1nyt\u00f3l, \u00e1rvas\u00e1gt\u00f3l \u00e9s bizonytalans\u00e1gt\u00f3l. [\u2026] Az ember r\u00e1\u00e9bred, hogy valaki szereti, \u00e9s eg\u00e9sz l\u00e9ny\u00e9vel hisz ebben a szeretetben. Teljes bizalommal r\u00e1hagyatkozik \u00e9s k\u00f6vetni akarja. \u00c9let\u00fcnk k\u00f6r\u00fclm\u00e9nyeit, legyenek b\u00e1r siralmasak vagy \u00f6r\u00f6mteliek, egyszer csak beragyogja ez a szeretet\u201d <a href=\"#_ftn2\" name=\"_ftnref2\">[2] <\/a>, amely mindezt akarta vagy megengedte.<\/p>\n<p><strong>\u00ab<\/strong><strong>Az \u00dar az \u00e9n p\u00e1sztorom, nem sz\u0171k\u00f6lk\u00f6d\u00f6m [de nimic]<\/strong><strong>\u00bb <\/strong> <\/p>\n<p>J\u00e9zus teljes\u00edtette be ezt a gy\u00f6ny\u00f6r\u0171 pr\u00f3f\u00e9ci\u00e1t, aki J\u00e1nos evang\u00e9lium\u00e1ban hat\u00e1rozottan \u201ej\u00f3 p\u00e1sztornak\u201d nevezi mag\u00e1t. Ez a p\u00e1sztor szem\u00e9lyes \u00e9s m\u00e9ly kapcsolatban \u00e1ll a ny\u00e1j\u00e1val: \u201e\u00c9n vagyok a j\u00f3 p\u00e1sztor, ismerem juhaimat, \u00e9s juhaim ismernek engem\u201d (<em>Jn<\/em> 10,14-15). Elvezeti \u0151ket ig\u00e9j\u00e9nek, az \u00e9let ig\u00e9j\u00e9nek legel\u0151j\u00e9re, k\u00fcl\u00f6n\u00f6sen is az \u201e\u00daj parancs\u201d \u00fczenet\u00e9t tartalmaz\u00f3 vershez, amely, ha meg\u00e9lik, \u201el\u00e1that\u00f3v\u00e1\u201d teszi a Felt\u00e1madott jelenl\u00e9t\u00e9t az \u0151 nev\u00e9ben, az \u0151 szeretet\u00e9ben \u00f6sszegy\u0171lt k\u00f6z\u00f6ss\u00e9gben. <a href=\"#_ftn3\" name=\"_ftnref3\"> [3] <\/a><\/p>\n<p>Augusto Parody Reyes \u00e9s az \u00e9letige csoport gondoz\u00e1s\u00e1ban<\/p>\n<p><a href=\"#_ftnref1\" name=\"_ftn1\">[1]<\/a> v\u00f6. <em>Zsolt <\/em> 23,6<\/p>\n<p><a href=\"#_ftnref2\" name=\"_ftn2\">[2]<\/a> C. Lubich, <em>Az egys\u00e9g lelkis\u00e9ge<\/em>, \u00daj V\u00e1ros, Budapest 2020, <sup>103<\/sup>. o.<\/p>\n<p><a href=\"#_ftnref3\" name=\"_ftn3\">[3]<\/a> v\u00f6. <em>Mt<\/em> 18, 20.<\/p>\n<\/div><\/div><\/div><div class=\"fusion-layout-column fusion_builder_column fusion-builder-column-3 fusion_builder_column_1_3 1_3 fusion-flex-column\" style=\"--awb-padding-top:30px;--awb-padding-right:30px;--awb-padding-bottom:10px;--awb-padding-left:30px;--awb-bg-color:var(--awb-custom13);--awb-bg-color-hover:var(--awb-custom13);--awb-bg-size:cover;--awb-width-large:33.333333333333%;--awb-margin-top-large:0px;--awb-spacing-right-large:5.76%;--awb-margin-bottom-large:20px;--awb-spacing-left-large:5.76%;--awb-width-medium:100%;--awb-order-medium:0;--awb-spacing-right-medium:1.92%;--awb-spacing-left-medium:1.92%;--awb-width-small:100%;--awb-order-small:0;--awb-spacing-right-small:1.92%;--awb-spacing-left-small:1.92%;\"><div class=\"fusion-column-wrapper fusion-column-has-shadow fusion-flex-justify-content-flex-start fusion-content-layout-column\"><div class=\"fusion-title title fusion-title-2 fusion-sep-none fusion-title-center fusion-title-text fusion-title-size-four\"><h4 class=\"fusion-title-heading title-heading-center\" style=\"margin:0;\">T\u00f6ltsd le PDF form\u00e1tumban<\/h4><\/div><div style=\"text-align:center;\"><a class=\"fusion-button button-flat fusion-button-default-size button-default fusion-button-default button-1 fusion-button-span-yes fusion-button-default-type\" style=\"--button_margin-bottom:20px;\" target=\"_blank\" rel=\"noopener noreferrer\" href=\"https:\/\/focolare.ro\/wp-content\/uploads\/2024\/07\/CV-07-2024-A5-RO.pdf\"><span class=\"fusion-button-icon-divider button-icon-divider-left\"><i class=\"fa-file-pdf fas awb-button__icon awb-button__icon--default\" aria-hidden=\"true\"><\/i><\/span><span class=\"fusion-button-text awb-button__text awb-button__text--default fusion-button-text-left\">Feln\u0151ttek r\u00e9sz\u00e9re<\/span><\/a><\/div><div style=\"text-align:center;\"><a class=\"fusion-button button-flat fusion-button-default-size button-default fusion-button-default button-2 fusion-button-span-yes fusion-button-default-type\" style=\"--button_margin-bottom:20px;\" target=\"_blank\" rel=\"noopener noreferrer\" href=\"https:\/\/focolare.ro\/wp-content\/uploads\/2024\/12\/ige202412ph_compressed_compressed.pdf\"><span class=\"fusion-button-icon-divider button-icon-divider-left\"><i class=\"fa-file-pdf fas awb-button__icon awb-button__icon--default\" aria-hidden=\"true\"><\/i><\/span><span class=\"fusion-button-text awb-button__text awb-button__text--default fusion-button-text-left\">Fiatalok<\/span><\/a><\/div><div style=\"text-align:center;\"><a class=\"fusion-button button-flat fusion-button-default-size button-default fusion-button-default button-3 fusion-button-span-yes fusion-button-default-type\" style=\"--button_margin-bottom:20px;\" target=\"_blank\" rel=\"noopener noreferrer\" href=\"https:\/\/focolare.ro\/wp-content\/uploads\/2024\/12\/PdV_202412_hu_Color.pdf\"><span class=\"fusion-button-icon-divider button-icon-divider-left\"><i class=\"fa-file-pdf fas awb-button__icon awb-button__icon--default\" aria-hidden=\"true\"><\/i><\/span><span class=\"fusion-button-text awb-button__text awb-button__text--default fusion-button-text-left\">Gyerekeknek sz\u00ednes v\u00e1ltozat<\/span><\/a><\/div><div style=\"text-align:center;\"><a class=\"fusion-button button-flat fusion-button-default-size button-default fusion-button-default button-4 fusion-button-span-yes fusion-button-default-type\" style=\"--button_margin-bottom:20px;\" target=\"_blank\" rel=\"noopener noreferrer\" href=\"https:\/\/focolare.ro\/wp-content\/uploads\/2024\/12\/ige202412kif.pdf\"><span class=\"fusion-button-icon-divider button-icon-divider-left\"><i class=\"fa-file-pdf fas awb-button__icon awb-button__icon--default\" aria-hidden=\"true\"><\/i><\/span><span class=\"fusion-button-text awb-button__text awb-button__text--default fusion-button-text-left\">Gyerekeknek kifest\u0151<\/span><\/a><\/div><\/div><\/div><\/div><\/div><div class=\"fusion-fullwidth fullwidth-box fusion-builder-row-4 fusion-flex-container nonhundred-percent-fullwidth non-hundred-percent-height-scrolling\" style=\"--awb-border-sizes-bottom:3px;--awb-border-color:var(--awb-color5);--awb-border-radius-top-left:0px;--awb-border-radius-top-right:0px;--awb-border-radius-bottom-right:0px;--awb-border-radius-bottom-left:0px;--awb-flex-wrap:wrap;\" ><div class=\"fusion-builder-row fusion-row fusion-flex-align-items-flex-start fusion-flex-content-wrap\" style=\"max-width:1216.8px;margin-left: calc(-4% \/ 2 );margin-right: calc(-4% \/ 2 );\"><\/div><\/div><\/p>\n","protected":false},"excerpt":{"rendered":"","protected":false},"author":10,"featured_media":0,"parent":4123,"menu_order":0,"comment_status":"closed","ping_status":"closed","template":"100-width.php","meta":{"footnotes":""},"class_list":["post-4938","page","type-page","status-publish","hentry"],"_links":{"self":[{"href":"https:\/\/focolare.ro\/hu\/wp-json\/wp\/v2\/pages\/4938","targetHints":{"allow":["GET"]}}],"collection":[{"href":"https:\/\/focolare.ro\/hu\/wp-json\/wp\/v2\/pages"}],"about":[{"href":"https:\/\/focolare.ro\/hu\/wp-json\/wp\/v2\/types\/page"}],"author":[{"embeddable":true,"href":"https:\/\/focolare.ro\/hu\/wp-json\/wp\/v2\/users\/10"}],"replies":[{"embeddable":true,"href":"https:\/\/focolare.ro\/hu\/wp-json\/wp\/v2\/comments?post=4938"}],"version-history":[{"count":25,"href":"https:\/\/focolare.ro\/hu\/wp-json\/wp\/v2\/pages\/4938\/revisions"}],"predecessor-version":[{"id":5216,"href":"https:\/\/focolare.ro\/hu\/wp-json\/wp\/v2\/pages\/4938\/revisions\/5216"}],"up":[{"embeddable":true,"href":"https:\/\/focolare.ro\/hu\/wp-json\/wp\/v2\/pages\/4123"}],"wp:attachment":[{"href":"https:\/\/focolare.ro\/hu\/wp-json\/wp\/v2\/media?parent=4938"}],"curies":[{"name":"wp","href":"https:\/\/api.w.org\/{rel}","templated":true}]}}