{"id":4979,"date":"2021-12-06T19:35:21","date_gmt":"2021-12-06T17:35:21","guid":{"rendered":"https:\/\/focolare.ro\/parbeszedben\/barataink\/"},"modified":"2024-07-24T18:43:40","modified_gmt":"2024-07-24T15:43:40","slug":"barataink","status":"publish","type":"page","link":"https:\/\/focolare.ro\/hu\/parbeszedben\/barataink\/","title":{"rendered":"Bar\u00e1taink"},"content":{"rendered":"<div class=\"fusion-fullwidth fullwidth-box fusion-builder-row-1 fusion-flex-container nonhundred-percent-fullwidth non-hundred-percent-height-scrolling\" style=\"--awb-border-radius-top-left:0px;--awb-border-radius-top-right:0px;--awb-border-radius-bottom-right:0px;--awb-border-radius-bottom-left:0px;--awb-padding-top:60px;--awb-flex-wrap:wrap;\" ><div class=\"fusion-builder-row fusion-row fusion-flex-align-items-flex-start fusion-flex-content-wrap\" style=\"max-width:1216.8px;margin-left: calc(-4% \/ 2 );margin-right: calc(-4% \/ 2 );\"><div class=\"fusion-layout-column fusion_builder_column fusion-builder-column-0 fusion_builder_column_1_1 1_1 fusion-flex-column\" style=\"--awb-bg-size:cover;--awb-width-large:100%;--awb-margin-top-large:0px;--awb-spacing-right-large:1.92%;--awb-margin-bottom-large:20px;--awb-spacing-left-large:1.92%;--awb-width-medium:100%;--awb-order-medium:0;--awb-spacing-right-medium:1.92%;--awb-spacing-left-medium:1.92%;--awb-width-small:100%;--awb-order-small:0;--awb-spacing-right-small:1.92%;--awb-spacing-left-small:1.92%;\"><div class=\"fusion-column-wrapper fusion-column-has-shadow fusion-flex-justify-content-flex-start fusion-content-layout-column\"><div class=\"fusion-text fusion-text-1\" style=\"--awb-text-transform:none;\"><p>A Fokol\u00e1r\u00e9 Mozgalom kapcsolatban van sok olyan emberrel akinek nincs vall\u00e1sos meggy\u0151z\u0151d\u00e9se, de akik a lelkiismeret\u00fck szerint \u00e9lnek, \u00e9s hisznek az emberis\u00e9g k\u00f6z\u00f6s \u00e9rt\u00e9keiben. H\u00edv\u0151k \u00e9s nemvall\u00e1sos emberek egy\u00fctt dolgoznak, hogy testv\u00e9ribb\u00e9 tegy\u00e9k az emberis\u00e9g nagy csal\u00e1dj\u00e1t.<\/p>\n<p>\u201eEgyes\u00edts\u00fck er\u0151inket, mindazok akiket nem \u00e9rdekel k\u00fcl\u00f6n\u00f6sebben a hit \u00e9s azok akik hisznek, mert egy szabad \u00e9s egyenl\u0151, a k\u00f6lcs\u00f6n\u00f6s tisztelet \u00e9s szeretet \u00e1ltal testv\u00e9ris\u00e9gben \u00e9l\u0151 emberis\u00e9g ide\u00e1lja t\u00fal sz\u00e9p \u00e9s sz\u00fcks\u00e9ges.&#8221; (Chiara Lubich)<\/p>\n<h4>A c\u00e9l<\/h4>\n<p>A hitetlens\u00e9g \u00e9s a vall\u00e1s ir\u00e1nti k\u00f6z\u00f6nb\u00f6ss\u00e9g a vil\u00e1gon minden\u00fctt jelen vannak, k\u00fcl\u00f6n\u00f6sen Eur\u00f3p\u00e1ban, Latin Amerik\u00e1ban, \u00c9szak Amerik\u00e1ban, Ausztr\u00e1li\u00e1ban, \u00daj Z\u00e9landon, de \u00c1zsia egyes orsz\u00e1gaiban is. Mint Mozgalom, sok olyan szem\u00e9llyel vagyunk kapcsolatban, akik nem \u00e9rz\u00e9kenyek a hit ir\u00e1nt, de a lelkiismeret\u00fck szerint \u00e9lnek, h\u0171s\u00e9gben az emberis\u00e9g k\u00f6z\u00f6s nagy \u00e9rt\u00e9kei ir\u00e1nt. Egyes orsz\u00e1gokban l\u00e9trej\u00f6ttek p\u00e1rbesz\u00e9d csoportok ahol a h\u00edv\u0151k \u00e9s m\u00e1s meggy\u0151z\u0151d\u00e9s\u0171 emberek rendszeresen tal\u00e1lkoznak, mert az a v\u00e1gy egyes\u00edti \u0151ket, hogy el\u0151seg\u00edts\u00e9k az emberis\u00e9g csal\u00e1dj\u00e1nak testv\u00e9ris\u00e9gben val\u00f3 megalapoz\u00e1s\u00e1t. Ez egy p\u00e1rbesz\u00e9d, amely az \u00e9letben \u00e9s a gondolkod\u00e1sban k\u00f6z\u00f6s emberi \u00e9rt\u00e9kek elm\u00e9ly\u00edt\u00e9s\u00e9t \u00e9s el\u0151mozd\u00edt\u00e1s\u00e1t szolg\u00e1lja. Olyan t\u00e9m\u00e1kat m\u00e9ly\u00edtenek el, mint a \u201eszekularizmus \u00e9s hit\u201d, \u201ea lelkiismeret\u201d, \u201eaz etika\u201d vagy az aktu\u00e1lis esem\u00e9nyek; l\u00e9trej\u00f6nnek t\u00e1rsadalmi \u00e9s kultur\u00e1lis vagy konkr\u00e9t szolidarit\u00e1si kezdem\u00e9nyez\u00e9sek. A k\u00fcl\u00f6nb\u00f6z\u0151 \u00e1ll\u00e1spontokb\u00f3l val\u00f3 p\u00e1rbesz\u00e9d akkor lehets\u00e9ges, ha mindk\u00e9t oldalon van: saj\u00e1t identit\u00e1studat, a m\u00e1sik \u00e9s a kult\u00far\u00e1ja ir\u00e1nti teljes tisztelet, azok k\u00f6lcs\u00f6n\u00f6ss\u00e9ge, akik tudj\u00e1k, hogy sokat tudnak adni \u00e9s kapni is, v\u00e9gtelen t\u00fcrelem meghallgatni, meg\u00e9rteni \u00e9s szemben\u00e9zni m\u00e1sok \u00e9rveivel, mindig gazdagod\u00e1snak tekintve azokat, tudat\u00e1ban annak, hogy a m\u00e1sik meggy\u0151z\u0151d\u00e9se is ugyanolyan teljes m\u00e9lt\u00f3s\u00e1ggal b\u00edr, mint a mi\u00e9nk.<\/p>\n<h4>T\u00f6rt\u00e9nelem<\/h4>\n<p>A 70-es \u00e9vek v\u00e9g\u00e9n a Mozgalom terjed\u00e9s\u00e9vel egyid\u0151ben a vall\u00e1sos meggy\u0151z\u0151d\u00e9s n\u00e9lk\u00fcli vagy agnosztikus \u00e9s k\u00f6z\u00f6mb\u00f6s szem\u00e9lyek ir\u00e1nti nyit\u00e1s meg\u00e9rett arra, hogy egy saj\u00e1t fizion\u00f3mi\u00e1val rendelkez\u0151 p\u00e1rbesz\u00e9d form\u00e1j\u00e1ban fejez\u0151dj\u00f6n ki, hiszen az egys\u00e9g az ember, az \u0151 m\u00e9lt\u00f3s\u00e1ga, kult\u00far\u00e1ja, sz\u00fcks\u00e9gletei, hite ir\u00e1nti m\u00e9ly tiszteletet is jelenti. 1978-ban Chiara Lubich l\u00e9trehozta a \u201eVall\u00e1sost\u00f3l elt\u00e9r\u0151 meggy\u0151z\u0151d\u00e9s\u0171 emberekkel folytatott p\u00e1rbesz\u00e9d nemzetk\u00f6zi k\u00f6zpontj\u00e1t\u201d. 1995-ben Loppian\u00f3ban (Olaszorsz\u00e1g) el\u0151sz\u00f6r vett r\u00e9szt vall\u00e1sos meggy\u0151z\u0151d\u00e9s n\u00e9lk\u00fcli emberekkel tartott tal\u00e1lkoz\u00f3n, \u00e9s v\u00e1laszolt k\u00e9rd\u00e9seikre. Hasonl\u00f3k\u00e9ppen jelent\u0151s volt 1998-ban is a vel\u00fck val\u00f3 m\u00e1sodik tal\u00e1lkoz\u00e1s.<\/p>\n<h4>Tov\u00e1bbi fejl\u0151d\u00e9s<\/h4>\n<p>1992-ben az olaszorsz\u00e1gi Castel Gandolf\u00f3ban tal\u00e1lhat\u00f3 Mariapoli K\u00f6zpontban rendezt\u00e9k meg az els\u0151 nemzetk\u00f6zi kongresszust, amelyet az\u00f3ta is rendszeresen tartanak. 2003 december\u00e9ben Chiara a p\u00e1rbesz\u00e9d elm\u00e9ly\u00edt\u00e9s\u00e9t c\u00e9lz\u00f3 tanfolyamokat \u00e9s konferenci\u00e1kat kezdem\u00e9nyezett, melyeket egy\u00fcttm\u0171k\u00f6d\u00e9sben val\u00f3s\u00edtottak meg h\u00edv\u0151k \u00e9s vall\u00e1sos hitet nem vall\u00f3k. Ezeken a tal\u00e1lkoz\u00f3kon a Mozgalom lelkis\u00e9g\u00e9nek n\u00e9h\u00e1ny pontja \u00e9s a hozz\u00e1 tartoz\u00f3 vil\u00e1gi jelleg\u0171 t\u00e9m\u00e1k (az \u00e9rt\u00e9kek v\u00e1laszt\u00e1sa \u00e9s a lelkiismeretre hallgat\u00e1s, az aj\u00e1nd\u00e9koz\u00e1s kult\u00far\u00e1ja, k\u00f6lcs\u00f6n\u00f6ss\u00e9g \u00e9s szolidarit\u00e1s) lettek elm\u00e9ly\u00edtve. Az utols\u00f3 konferenci\u00e1t 2017-ben tartott\u00e1k \u201eA f\u00e1jdalom \u00e9rtelme?\u201d c\u00edmmel.<\/p>\n<\/div><div class=\"fusion-separator fusion-full-width-sep\" style=\"align-self: center;margin-left: auto;margin-right: auto;width:100%;\"><div class=\"fusion-separator-border sep-single\" style=\"--awb-height:20px;--awb-amount:20px;border-color:#e0dede;border-top-width:1px;\"><\/div><\/div><\/div><\/div><\/div><\/div>\n","protected":false},"excerpt":{"rendered":"","protected":false},"author":1,"featured_media":0,"parent":4721,"menu_order":0,"comment_status":"closed","ping_status":"closed","template":"100-width.php","meta":{"footnotes":""},"class_list":["post-4979","page","type-page","status-publish","hentry"],"_links":{"self":[{"href":"https:\/\/focolare.ro\/hu\/wp-json\/wp\/v2\/pages\/4979","targetHints":{"allow":["GET"]}}],"collection":[{"href":"https:\/\/focolare.ro\/hu\/wp-json\/wp\/v2\/pages"}],"about":[{"href":"https:\/\/focolare.ro\/hu\/wp-json\/wp\/v2\/types\/page"}],"author":[{"embeddable":true,"href":"https:\/\/focolare.ro\/hu\/wp-json\/wp\/v2\/users\/1"}],"replies":[{"embeddable":true,"href":"https:\/\/focolare.ro\/hu\/wp-json\/wp\/v2\/comments?post=4979"}],"version-history":[{"count":8,"href":"https:\/\/focolare.ro\/hu\/wp-json\/wp\/v2\/pages\/4979\/revisions"}],"predecessor-version":[{"id":4992,"href":"https:\/\/focolare.ro\/hu\/wp-json\/wp\/v2\/pages\/4979\/revisions\/4992"}],"up":[{"embeddable":true,"href":"https:\/\/focolare.ro\/hu\/wp-json\/wp\/v2\/pages\/4721"}],"wp:attachment":[{"href":"https:\/\/focolare.ro\/hu\/wp-json\/wp\/v2\/media?parent=4979"}],"curies":[{"name":"wp","href":"https:\/\/api.w.org\/{rel}","templated":true}]}}