{"id":5027,"date":"2022-04-03T14:22:54","date_gmt":"2022-04-03T11:22:54","guid":{"rendered":"https:\/\/focolare.ro\/az-elet-igeje\/az-elet-igeje-2024\/2024-augusztus\/"},"modified":"2024-08-07T14:17:36","modified_gmt":"2024-08-07T11:17:36","slug":"2024-augusztus","status":"publish","type":"page","link":"https:\/\/focolare.ro\/hu\/az-elet-igeje\/az-elet-igeje-2024\/2024-augusztus\/","title":{"rendered":"2024. augusztus"},"content":{"rendered":"<p><div class=\"fusion-fullwidth fullwidth-box fusion-builder-row-1 fusion-flex-container has-pattern-background has-mask-background fusion-parallax-none nonhundred-percent-fullwidth non-hundred-percent-height-scrolling lazyload\" style=\"--awb-border-radius-top-left:0px;--awb-border-radius-top-right:0px;--awb-border-radius-bottom-right:0px;--awb-border-radius-bottom-left:0px;--awb-background-color:var(--awb-custom14);--awb-background-size:cover;--awb-flex-wrap:wrap;\" data-bg=\"https:\/\/focolare.ro\/wp-content\/uploads\/2024\/07\/cvaugust2024.jpg\" ><div class=\"fusion-builder-row fusion-row fusion-flex-align-items-flex-start fusion-flex-content-wrap\" style=\"max-width:1216.8px;margin-left: calc(-4% \/ 2 );margin-right: calc(-4% \/ 2 );\"><div class=\"fusion-layout-column fusion_builder_column fusion-builder-column-0 fusion_builder_column_1_1 1_1 fusion-flex-column\" style=\"--awb-bg-size:cover;--awb-width-large:100%;--awb-margin-top-large:0px;--awb-spacing-right-large:1.92%;--awb-margin-bottom-large:20px;--awb-spacing-left-large:1.92%;--awb-width-medium:100%;--awb-order-medium:0;--awb-spacing-right-medium:1.92%;--awb-spacing-left-medium:1.92%;--awb-width-small:100%;--awb-order-small:0;--awb-spacing-right-small:1.92%;--awb-spacing-left-small:1.92%;\"><div class=\"fusion-column-wrapper fusion-column-has-shadow fusion-flex-justify-content-flex-start fusion-content-layout-column\"><div class=\"fusion-separator fusion-full-width-sep\" style=\"align-self: center;margin-left: auto;margin-right: auto;margin-bottom:200px;width:100%;\"><\/div><div class=\"fusion-title title fusion-title-1 fusion-sep-none fusion-title-text fusion-title-size-two\" style=\"--awb-text-color:var(--awb-color1);\"><h2 class=\"fusion-title-heading title-heading-left\" style=\"margin:0;\">2024. augusztus<\/h2><\/div><\/div><\/div><\/div><\/div><div class=\"fusion-fullwidth fullwidth-box fusion-builder-row-2 fusion-flex-container nonhundred-percent-fullwidth non-hundred-percent-height-scrolling\" style=\"--awb-border-radius-top-left:0px;--awb-border-radius-top-right:0px;--awb-border-radius-bottom-right:0px;--awb-border-radius-bottom-left:0px;--awb-background-color:var(--awb-color1);--awb-flex-wrap:wrap;\" ><div class=\"fusion-builder-row fusion-row fusion-flex-align-items-flex-start fusion-flex-content-wrap\" style=\"max-width:1216.8px;margin-left: calc(-4% \/ 2 );margin-right: calc(-4% \/ 2 );\"><div class=\"fusion-layout-column fusion_builder_column fusion-builder-column-1 fusion_builder_column_1_1 1_1 fusion-flex-column\" style=\"--awb-bg-size:cover;--awb-width-large:100%;--awb-margin-top-large:0px;--awb-spacing-right-large:1.92%;--awb-margin-bottom-large:20px;--awb-spacing-left-large:1.92%;--awb-width-medium:100%;--awb-order-medium:0;--awb-spacing-right-medium:1.92%;--awb-spacing-left-medium:1.92%;--awb-width-small:100%;--awb-order-small:0;--awb-spacing-right-small:1.92%;--awb-spacing-left-small:1.92%;\"><div class=\"fusion-column-wrapper fusion-column-has-shadow fusion-flex-justify-content-flex-start fusion-content-layout-column\"><div class=\"fusion-separator fusion-full-width-sep\" style=\"align-self: center;margin-left: auto;margin-right: auto;margin-bottom:100px;width:100%;\"><\/div><\/div><\/div><\/div><\/div><div class=\"fusion-fullwidth fullwidth-box fusion-builder-row-3 fusion-flex-container nonhundred-percent-fullwidth non-hundred-percent-height-scrolling\" style=\"--awb-border-radius-top-left:0px;--awb-border-radius-top-right:0px;--awb-border-radius-bottom-right:0px;--awb-border-radius-bottom-left:0px;--awb-flex-wrap:wrap;\" ><div class=\"fusion-builder-row fusion-row fusion-flex-align-items-flex-start fusion-flex-content-wrap\" style=\"max-width:1216.8px;margin-left: calc(-4% \/ 2 );margin-right: calc(-4% \/ 2 );\"><div class=\"fusion-layout-column fusion_builder_column fusion-builder-column-2 fusion_builder_column_2_3 2_3 fusion-flex-column\" style=\"--awb-bg-size:cover;--awb-width-large:66.666666666667%;--awb-margin-top-large:0px;--awb-spacing-right-large:2.88%;--awb-margin-bottom-large:20px;--awb-spacing-left-large:2.88%;--awb-width-medium:100%;--awb-order-medium:0;--awb-spacing-right-medium:1.92%;--awb-spacing-left-medium:1.92%;--awb-width-small:100%;--awb-order-small:0;--awb-spacing-right-small:1.92%;--awb-spacing-left-small:1.92%;\"><div class=\"fusion-column-wrapper fusion-column-has-shadow fusion-flex-justify-content-flex-start fusion-content-layout-column\"><div class=\"fusion-text fusion-text-1\" style=\"--awb-text-transform:none;\"><h3><strong>2024. augusztus<\/strong><\/h3>\n<p><strong>\u201eUram, j\u00f3 nek\u00fcnk itt lenni!\u201d <\/strong><strong>(<em>Mt<\/em> 17,4) <\/strong>J\u00e9zus \u00faton van Jeruzs\u00e1lembe a tan\u00edtv\u00e1nyaival. Bejelenti nekik, hogy ott szenvednie kell, meg fog halni, majd felt\u00e1mad. P\u00e9ter erre l\u00e1zongani kezd, kifejezve az \u00e1ltal\u00e1nos megd\u00f6bben\u00e9st \u00e9s \u00e9rtetlens\u00e9get is. A Mester ekkor Jakabbal \u00e9s J\u00e1nossal egy\u00fctt mag\u00e1val viszi \u0151t, felmegy \u201eegy magas hegyre\u201d, ahol \u00faj \u00e9s rendk\u00edv\u00fcli f\u00e9nyben jelenik meg mindh\u00e1rmuknak: arca \u201e\u00fagy ragyog, mint a nap\u201d, M\u00f3zes \u00e9s Ill\u00e9s pr\u00f3f\u00e9ta pedig besz\u00e9lget vele. Maga az Atya hallatja hangj\u00e1t egy f\u00e9nyes felh\u0151b\u0151l, \u00e9s megh\u00edvja \u0151ket, hogy hallgass\u00e1k J\u00e9zust, az \u0151 szeretett Fi\u00e1t. P\u00e9ter meglepet\u00e9s\u00e9ben nem is akar onnan elmenni, \u00e9s felki\u00e1lt:<br \/><strong>\u201eUram, j\u00f3 nek\u00fcnk itt lenni!\u201d <\/strong>J\u00e9zus felejthetetlen \u00e9lm\u00e9nyre h\u00edvta meg legk\u00f6zelebbi bar\u00e1tait, \u00e9s ezt \u00f6r\u00f6kre a lelk\u00fckbe v\u00e9ste. Tal\u00e1n mi is megtapasztaltuk m\u00e1r csod\u00e1lattal \u00e9s meghatottan Isten jelenl\u00e9t\u00e9t \u00e9s m\u0171k\u00f6d\u00e9s\u00e9t az \u00e9let\u00fcnkben, az \u00f6r\u00f6m, a b\u00e9ke \u00e9s a vil\u00e1goss\u00e1g pillanataiban, \u00e9s azt k\u00edv\u00e1ntuk, b\u00e1rcsak sohase \u00e9rn\u00e9nek v\u00e9get. Ezeket a pillanatokat gyakran m\u00e1sokkal egy\u00fctt vagy m\u00e1soknak k\u00f6sz\u00f6nhet\u0151en \u00e9lj\u00fck \u00e1t. A k\u00f6lcs\u00f6n\u00f6s szeretet val\u00f3ban vonzza Isten jelenl\u00e9t\u00e9t, mert ahogy J\u00e9zus meg\u00edg\u00e9rte: \u201eAhol ketten vagy h\u00e1rman \u00f6sszegy\u0171lnek az \u00e9n nevemben, ott vagyok k\u00f6z\u00f6tt\u00fck\u201d (<em>Mt<\/em> 18,20). N\u00e9ha a meghitts\u00e9g e pillanataiban arra k\u00e9sztet, hogy az \u0150 tekintet\u00e9n kereszt\u00fcl l\u00e1ssuk magunkat \u00e9s olvassuk az esem\u00e9nyeket. Ezeket az \u00e9lm\u00e9nyeket az\u00e9rt kapjuk, hogy azt\u00e1n legyen er\u0151nk szemben\u00e9zni a neh\u00e9zs\u00e9gekkel, pr\u00f3bat\u00e9telekkel \u00e9s f\u00e1radalmakkal az \u00e9let\u00fcnk \u00fatj\u00e1n, azzal a bizonyoss\u00e1ggal a sz\u00edv\u00fcnkben, hogy Isten r\u00e1nk tekintett, elh\u00edvott minket, hogy r\u00e9szesei legy\u00fcnk az \u00fcdv\u00f6ss\u00e9g t\u00f6rt\u00e9net\u00e9nek.<br \/>A hegyr\u0151l lej\u0151ve a tan\u00edtv\u00e1nyok egy\u00fctt mennek majd Jeruzs\u00e1lembe, ahol rem\u00e9nyked\u0151 t\u00f6meg v\u00e1rja \u0151ket, de sok buktat\u00f3, ellen\u00e1ll\u00e1s, ellenszenv \u00e9s szenved\u00e9s is. Ott \u201esz\u00e9tsz\u00f3rj\u00e1k \u0151ket \u00e9s elk\u00fcldik a f\u00f6ld minden hat\u00e1r\u00e1ra, hogy tan\u00fai legyenek v\u00e9gs\u0151 otthonunknak, a Mennyek Orsz\u00e1g\u00e1nak\u201d<a href=\"#_ftn1\" name=\"_ftnref1\">[1]<\/a>. M\u00e1r idelent elkezdhetik \u00e9p\u00edteni az \u0150 otthon\u00e1t az emberek k\u00f6z\u00f6tt, mert \u201eotthon\u201d voltak J\u00e9zussal a hegyen.<br \/><strong>\u201eUram, j\u00f3 nek\u00fcnk itt lenni!\u201d <\/strong>\u201eKeljetek fel, ne f\u00e9ljetek!\u201d (<em>Mt<\/em> 17,7) \u2013 ez J\u00e9zus felh\u00edv\u00e1sa e rendk\u00edv\u00fcli \u00e9lm\u00e9ny v\u00e9g\u00e9n. Hozz\u00e1nk is sz\u00f3l. Tan\u00edtv\u00e1nyaik\u00e9nt \u00e9s bar\u00e1taik\u00e9nt mi is b\u00e1tran n\u00e9zz\u00fcnk szembe azzal, ami r\u00e1nk v\u00e1r! \u00cdgy volt ez Chiara Lubich eset\u00e9ben is egy megvil\u00e1gosod\u00e1sokban gazdag nyaral\u00e1s ut\u00e1n, amelyet Isten jelenl\u00e9t\u00e9nek megtapasztal\u00e1sa miatt \u201e1949-es Mennyorsz\u00e1gnak\u201d neveztek abban a kis k\u00f6z\u00f6ss\u00e9gben, akikkel egy\u00fctt t\u00f6lt\u00f6tte a ny\u00e1ri sz\u00fcnetet. A hit miszt\u00e9riumaiban val\u00f3 elm\u00e9ly\u00fcl\u00e9s olyan rendk\u00edv\u00fcli volt, hogy \u0151 sem szeretett volna visszat\u00e9rni a mindennapi \u00e9letbe. M\u00e9gis \u00faj lend\u00fclettel tette meg ezt, mert meg\u00e9rtette, hogy \u00e9ppen a megvil\u00e1gosod\u00e1s \u00e9lm\u00e9nye miatt kell \u201elej\u00f6nnie a hegyr\u0151l\u201d, \u00e9s J\u00e9zus eszk\u00f6zek\u00e9nt munk\u00e1hoz l\u00e1tnia az \u0151 orsz\u00e1g\u00e1nak megval\u00f3s\u00edt\u00e1s\u00e1ban. Ak\u00e1r neh\u00e9zs\u00e9gek \u00e9s szenved\u00e9sek \u00e1r\u00e1n is eljuttatni az \u0151 szeretet\u00e9t \u00e9s f\u00e9ny\u00e9t oda, ahol az nincs meg.                  <strong>\u201eUram, j\u00f3 nek\u00fcnk itt lenni!\u201d<\/strong> Amikor ez a f\u00e9ny elhalv\u00e1nyul, id\u00e9zz\u00fck fel a sz\u00edv\u00fcnkben \u00e9s az elm\u00e9nkben azokat a pillanatokat, amikor az \u00dar megvil\u00e1gos\u00edtott minket! \u00c9s ha m\u00e9g nem tapasztaltuk meg az \u0150 k\u00f6zels\u00e9g\u00e9t, keress\u00fck azt! T\u00f6rekedj\u00fcnk arra, hogy \u201efelmenj\u00fcnk a hegyre\u201d, hogy tal\u00e1lkozzunk Vele a felebar\u00e1tainkban, hogy im\u00e1djuk \u0150t a templomokban, \u00e9s szeml\u00e9lj\u00fck \u0150t a term\u00e9szet sz\u00e9ps\u00e9g\u00e9ben is!<br \/>Mert \u0150 mindig jelen van sz\u00e1munkra: el\u00e9g, ha Vele j\u00e1runk, \u00e9s csendben, al\u00e1zatosan meghallgatjuk \u0150t, mint P\u00e9ter, J\u00e1nos \u00e9s Jakab.<a href=\"#_ftn2\" name=\"_ftnref2\">[2]<\/a><br \/><em>Silvano Malini \u00e9s az \u00e9letige csoport gondoz\u00e1s\u00e1ban<\/em><br \/><a href=\"#_ftnref1\" name=\"_ftn1\">[1]<\/a> Timothy Radcliffe OP 2. elm\u00e9lked\u00e9se a P\u00fcsp\u00f6ki Szin\u00f3dus \u00e1ltal\u00e1nos k\u00f6zgy\u0171l\u00e9s\u00e9n, 2023. okt\u00f3ber 1., <u>https:\/\/dunapartiiskola.sapientia.hu\/olvasnivalo\/otthon-istenben-es-isten-otthon-bennunk<\/u><br \/><a href=\"#_ftnref2\" name=\"_ftn2\">[2]<\/a> v\u00f6.<em> Mt <\/em>17,6<\/p>\n<\/div><\/div><\/div><div class=\"fusion-layout-column fusion_builder_column fusion-builder-column-3 fusion_builder_column_1_3 1_3 fusion-flex-column\" style=\"--awb-padding-top:30px;--awb-padding-right:30px;--awb-padding-bottom:10px;--awb-padding-left:30px;--awb-bg-color:var(--awb-custom13);--awb-bg-color-hover:var(--awb-custom13);--awb-bg-size:cover;--awb-width-large:33.333333333333%;--awb-margin-top-large:0px;--awb-spacing-right-large:5.76%;--awb-margin-bottom-large:20px;--awb-spacing-left-large:5.76%;--awb-width-medium:100%;--awb-order-medium:0;--awb-spacing-right-medium:1.92%;--awb-spacing-left-medium:1.92%;--awb-width-small:100%;--awb-order-small:0;--awb-spacing-right-small:1.92%;--awb-spacing-left-small:1.92%;\"><div class=\"fusion-column-wrapper fusion-column-has-shadow fusion-flex-justify-content-flex-start fusion-content-layout-column\"><div class=\"fusion-title title fusion-title-2 fusion-sep-none fusion-title-center fusion-title-text fusion-title-size-four\"><h4 class=\"fusion-title-heading title-heading-center\" style=\"margin:0;\">T\u00f6ltsd le PDF form\u00e1tumban<\/h4><\/div><div style=\"text-align:center;\"><a class=\"fusion-button button-flat fusion-button-default-size button-default fusion-button-default button-1 fusion-button-span-yes fusion-button-default-type\" style=\"--button_margin-bottom:20px;\" target=\"_blank\" rel=\"noopener noreferrer\" href=\"https:\/\/focolare.ro\/wp-content\/uploads\/2024\/07\/CV-08-2024-A5-HU.pdf\"><span class=\"fusion-button-icon-divider button-icon-divider-left\"><i class=\"fa-file-pdf fas awb-button__icon awb-button__icon--default\" aria-hidden=\"true\"><\/i><\/span><span class=\"fusion-button-text awb-button__text awb-button__text--default fusion-button-text-left\">Feln\u0151ttek r\u00e9sz\u00e9re<\/span><\/a><\/div><div style=\"text-align:center;\"><a class=\"fusion-button button-flat fusion-button-default-size button-default fusion-button-default button-2 fusion-button-span-yes fusion-button-default-type\" style=\"--button_margin-bottom:20px;\" target=\"_blank\" rel=\"noopener noreferrer\" href=\"https:\/\/focolare.ro\/wp-content\/uploads\/2024\/06\/CV.06.2024_tineri-AN.pdf\"><span class=\"fusion-button-icon-divider button-icon-divider-left\"><i class=\"fa-file-pdf fas awb-button__icon awb-button__icon--default\" aria-hidden=\"true\"><\/i><\/span><span class=\"fusion-button-text awb-button__text awb-button__text--default fusion-button-text-left\">Fiatalok<\/span><\/a><\/div><div style=\"text-align:center;\"><a class=\"fusion-button button-flat fusion-button-default-size button-default fusion-button-default button-3 fusion-button-span-yes fusion-button-default-type\" style=\"--button_margin-bottom:20px;\" target=\"_blank\" rel=\"noopener noreferrer\" href=\"https:\/\/focolare.ro\/wp-content\/uploads\/2024\/08\/Pdv_202408_hu_Color.pdf\"><span class=\"fusion-button-icon-divider button-icon-divider-left\"><i class=\"fa-file-pdf fas awb-button__icon awb-button__icon--default\" aria-hidden=\"true\"><\/i><\/span><span class=\"fusion-button-text awb-button__text awb-button__text--default fusion-button-text-left\">Gyerekeknek sz\u00ednes v\u00e1ltozat<\/span><\/a><\/div><div style=\"text-align:center;\"><a class=\"fusion-button button-flat fusion-button-default-size button-default fusion-button-default button-4 fusion-button-span-yes fusion-button-default-type\" style=\"--button_margin-bottom:20px;\" target=\"_blank\" rel=\"noopener noreferrer\" href=\"https:\/\/focolare.ro\/wp-content\/uploads\/2024\/08\/ige202408kif.pdf\"><span class=\"fusion-button-icon-divider button-icon-divider-left\"><i class=\"fa-file-pdf fas awb-button__icon awb-button__icon--default\" aria-hidden=\"true\"><\/i><\/span><span class=\"fusion-button-text awb-button__text awb-button__text--default fusion-button-text-left\">Gyerekeknek kifest\u0151<\/span><\/a><\/div><\/div><\/div><\/div><\/div><div class=\"fusion-fullwidth fullwidth-box fusion-builder-row-4 fusion-flex-container nonhundred-percent-fullwidth non-hundred-percent-height-scrolling\" style=\"--awb-border-sizes-bottom:3px;--awb-border-color:var(--awb-color5);--awb-border-radius-top-left:0px;--awb-border-radius-top-right:0px;--awb-border-radius-bottom-right:0px;--awb-border-radius-bottom-left:0px;--awb-flex-wrap:wrap;\" ><div class=\"fusion-builder-row fusion-row fusion-flex-align-items-flex-start fusion-flex-content-wrap\" style=\"max-width:1216.8px;margin-left: calc(-4% \/ 2 );margin-right: calc(-4% \/ 2 );\"><\/div><\/div><\/p>\n","protected":false},"excerpt":{"rendered":"","protected":false},"author":10,"featured_media":0,"parent":4123,"menu_order":0,"comment_status":"closed","ping_status":"closed","template":"100-width.php","meta":{"footnotes":""},"class_list":["post-5027","page","type-page","status-publish","hentry"],"_links":{"self":[{"href":"https:\/\/focolare.ro\/hu\/wp-json\/wp\/v2\/pages\/5027","targetHints":{"allow":["GET"]}}],"collection":[{"href":"https:\/\/focolare.ro\/hu\/wp-json\/wp\/v2\/pages"}],"about":[{"href":"https:\/\/focolare.ro\/hu\/wp-json\/wp\/v2\/types\/page"}],"author":[{"embeddable":true,"href":"https:\/\/focolare.ro\/hu\/wp-json\/wp\/v2\/users\/10"}],"replies":[{"embeddable":true,"href":"https:\/\/focolare.ro\/hu\/wp-json\/wp\/v2\/comments?post=5027"}],"version-history":[{"count":8,"href":"https:\/\/focolare.ro\/hu\/wp-json\/wp\/v2\/pages\/5027\/revisions"}],"predecessor-version":[{"id":5038,"href":"https:\/\/focolare.ro\/hu\/wp-json\/wp\/v2\/pages\/5027\/revisions\/5038"}],"up":[{"embeddable":true,"href":"https:\/\/focolare.ro\/hu\/wp-json\/wp\/v2\/pages\/4123"}],"wp:attachment":[{"href":"https:\/\/focolare.ro\/hu\/wp-json\/wp\/v2\/media?parent=5027"}],"curies":[{"name":"wp","href":"https:\/\/api.w.org\/{rel}","templated":true}]}}