{"id":5103,"date":"2022-04-03T14:22:54","date_gmt":"2022-04-03T11:22:54","guid":{"rendered":"https:\/\/focolare.ro\/az-elet-igeje\/az-elet-igeje-2024\/2024-oktober\/"},"modified":"2024-10-14T10:11:39","modified_gmt":"2024-10-14T07:11:39","slug":"2024-oktober","status":"publish","type":"page","link":"https:\/\/focolare.ro\/hu\/az-elet-igeje\/az-elet-igeje-2024\/2024-oktober\/","title":{"rendered":"2024. okt\u00f3ber"},"content":{"rendered":"<p><div class=\"fusion-fullwidth fullwidth-box fusion-builder-row-1 fusion-flex-container has-pattern-background has-mask-background fusion-parallax-none nonhundred-percent-fullwidth non-hundred-percent-height-scrolling lazyload\" style=\"--awb-border-radius-top-left:0px;--awb-border-radius-top-right:0px;--awb-border-radius-bottom-right:0px;--awb-border-radius-bottom-left:0px;--awb-background-color:var(--awb-custom14);--awb-background-size:cover;--awb-flex-wrap:wrap;\" data-bg=\"https:\/\/focolare.ro\/wp-content\/uploads\/2024\/10\/cvoctombrie2024.jpg\" ><div class=\"fusion-builder-row fusion-row fusion-flex-align-items-flex-start fusion-flex-content-wrap\" style=\"max-width:1216.8px;margin-left: calc(-4% \/ 2 );margin-right: calc(-4% \/ 2 );\"><div class=\"fusion-layout-column fusion_builder_column fusion-builder-column-0 fusion_builder_column_1_1 1_1 fusion-flex-column\" style=\"--awb-bg-size:cover;--awb-width-large:100%;--awb-margin-top-large:0px;--awb-spacing-right-large:1.92%;--awb-margin-bottom-large:20px;--awb-spacing-left-large:1.92%;--awb-width-medium:100%;--awb-order-medium:0;--awb-spacing-right-medium:1.92%;--awb-spacing-left-medium:1.92%;--awb-width-small:100%;--awb-order-small:0;--awb-spacing-right-small:1.92%;--awb-spacing-left-small:1.92%;\"><div class=\"fusion-column-wrapper fusion-column-has-shadow fusion-flex-justify-content-flex-start fusion-content-layout-column\"><div class=\"fusion-separator fusion-full-width-sep\" style=\"align-self: center;margin-left: auto;margin-right: auto;margin-bottom:200px;width:100%;\"><\/div><div class=\"fusion-title title fusion-title-1 fusion-sep-none fusion-title-text fusion-title-size-two\" style=\"--awb-text-color:var(--awb-color1);\"><h2 class=\"fusion-title-heading title-heading-left\" style=\"margin:0;\">2024. okt\u00f3ber<\/h2><\/div><\/div><\/div><\/div><\/div><div class=\"fusion-fullwidth fullwidth-box fusion-builder-row-2 fusion-flex-container nonhundred-percent-fullwidth non-hundred-percent-height-scrolling\" style=\"--awb-border-radius-top-left:0px;--awb-border-radius-top-right:0px;--awb-border-radius-bottom-right:0px;--awb-border-radius-bottom-left:0px;--awb-background-color:var(--awb-color1);--awb-flex-wrap:wrap;\" ><div class=\"fusion-builder-row fusion-row fusion-flex-align-items-flex-start fusion-flex-content-wrap\" style=\"max-width:1216.8px;margin-left: calc(-4% \/ 2 );margin-right: calc(-4% \/ 2 );\"><div class=\"fusion-layout-column fusion_builder_column fusion-builder-column-1 fusion_builder_column_1_1 1_1 fusion-flex-column\" style=\"--awb-bg-size:cover;--awb-width-large:100%;--awb-margin-top-large:0px;--awb-spacing-right-large:1.92%;--awb-margin-bottom-large:20px;--awb-spacing-left-large:1.92%;--awb-width-medium:100%;--awb-order-medium:0;--awb-spacing-right-medium:1.92%;--awb-spacing-left-medium:1.92%;--awb-width-small:100%;--awb-order-small:0;--awb-spacing-right-small:1.92%;--awb-spacing-left-small:1.92%;\"><div class=\"fusion-column-wrapper fusion-column-has-shadow fusion-flex-justify-content-flex-start fusion-content-layout-column\"><div class=\"fusion-separator fusion-full-width-sep\" style=\"align-self: center;margin-left: auto;margin-right: auto;margin-bottom:100px;width:100%;\"><\/div><\/div><\/div><\/div><\/div><div class=\"fusion-fullwidth fullwidth-box fusion-builder-row-3 fusion-flex-container nonhundred-percent-fullwidth non-hundred-percent-height-scrolling\" style=\"--awb-border-radius-top-left:0px;--awb-border-radius-top-right:0px;--awb-border-radius-bottom-right:0px;--awb-border-radius-bottom-left:0px;--awb-flex-wrap:wrap;\" ><div class=\"fusion-builder-row fusion-row fusion-flex-align-items-flex-start fusion-flex-content-wrap\" style=\"max-width:1216.8px;margin-left: calc(-4% \/ 2 );margin-right: calc(-4% \/ 2 );\"><div class=\"fusion-layout-column fusion_builder_column fusion-builder-column-2 fusion_builder_column_2_3 2_3 fusion-flex-column\" style=\"--awb-bg-size:cover;--awb-width-large:66.666666666667%;--awb-margin-top-large:0px;--awb-spacing-right-large:2.88%;--awb-margin-bottom-large:20px;--awb-spacing-left-large:2.88%;--awb-width-medium:100%;--awb-order-medium:0;--awb-spacing-right-medium:1.92%;--awb-spacing-left-medium:1.92%;--awb-width-small:100%;--awb-order-small:0;--awb-spacing-right-small:1.92%;--awb-spacing-left-small:1.92%;\"><div class=\"fusion-column-wrapper fusion-column-has-shadow fusion-flex-justify-content-flex-start fusion-content-layout-column\"><div class=\"fusion-text fusion-text-1\" style=\"--awb-text-transform:none;\"><h3><strong>2024. okt\u00f3ber<\/strong><\/h3>\n<p><strong>\u201eHa valaki k\u00f6z\u00fcletek nagy akar lenni, legyen a szolg\u00e1tok, \u00e9s ha valaki k\u00f6z\u00fcletek els\u0151 akar lenni, legyen mindenkinek a szolg\u00e1ja.\u201d<\/strong> (<em>Mk<\/em> 10,43-44) J\u00e9zus a Jeruzs\u00e1lembe vezet\u0151 \u00faton harmadik alkalommal kezdi felk\u00e9sz\u00edteni tan\u00edtv\u00e1nyait szenved\u00e9s\u00e9nek \u00e9s hal\u00e1l\u00e1nak dr\u00e1mai esem\u00e9nyeire, de \u00e9ppen \u0151k, akik a legk\u00f6zelebbr\u0151l k\u00f6vett\u00e9k, \u00fagy t\u0171nik, k\u00e9ptelenek ezt meg\u00e9rteni. S\u0151t, az apostolok egym\u00e1s k\u00f6z\u00f6tt is konfliktusba keverednek: Jakab \u00e9s J\u00e1nos azt k\u00e9rik, hogy \u201eaz \u0151 dics\u0151s\u00e9g\u00e9ben\u201d <a href=\"#_ftn1\" name=\"_ftnref1\">[1]<\/a> majd kit\u00fcntetett helyet foglalhassanak el. A t\u00f6bbi t\u00edz felh\u00e1borodik ezen, m\u00e9ltatlankodnak \u00e9s ellen\u00fck fordulnak. J\u00e9zus ekkor t\u00fcrelmesen mag\u00e1hoz h\u00edvja \u0151ket mind, \u00e9s \u00fajra felt\u00e1rja el\u0151tt\u00fck \u00fczenet\u00e9nek megd\u00f6bbent\u0151 \u00fajdons\u00e1g\u00e1t:<\/p>\n<p><strong>\u201eHa valaki k\u00f6z\u00fcletek nagy akar lenni, legyen a szolg\u00e1tok, \u00e9s ha valaki k\u00f6z\u00fcletek els\u0151 akar lenni, legyen mindenkinek a szolg\u00e1ja.\u201d<\/strong><\/p>\n<p>M\u00e1rk evang\u00e9lium\u00e1nak ez a mondata fokozatosan elm\u00e9ly\u00edti a szolga fogalm\u00e1t. J\u00e9zus a sz\u0171k \u00e9s biztons\u00e1got ny\u00fajt\u00f3 kis csoportban val\u00f3 egyszer\u0171 rendelkez\u00e9sre \u00e1ll\u00e1s magatart\u00e1s\u00e1t\u00f3l vezet el benn\u00fcnket a kiv\u00e9tel n\u00e9lk\u00fcl mindenki ir\u00e1nt k\u00e9szs\u00e9ges, teljes odaad\u00e1sig. Az \u0151 javaslata \u00fajszer\u0171 \u00e9s minden eddigi \u00e1ramlattal ellent\u00e9tes, ami a tekint\u00e9lyr\u0151l \u00e9s a korm\u00e1nyz\u00e1sr\u00f3l alkotott emberi felfog\u00e1st illeti, \u00e9s amely tal\u00e1n az apostolokat is leny\u0171g\u00f6zte, \u00e9s benn\u00fcnket is megfert\u0151z. Lehet, hogy ez a kereszt\u00e9ny szeretet titka? \u201eMi kereszt\u00e9nyek nem hangs\u00falyozzuk el\u00e9gg\u00e9 az evang\u00e9lium egyik ig\u00e9j\u00e9t: szolg\u00e1lni. R\u00e9gim\u00f3dinak t\u0171nik, m\u00e9ltatlannak az emberhez, aki ad \u00e9s kap is. Pedig az evang\u00e9lium ebben \u00e1ll, mert ez a szeretet. Szeretni annyit jelent, mint szolg\u00e1lni. J\u00e9zus nem az\u00e9rt j\u00f6tt, hogy parancsoljon, hanem hogy szolg\u00e1ljon. [&#8230;] Szolg\u00e1lni, szolg\u00e1lni egym\u00e1st, ez a kereszt\u00e9nys\u00e9g. Aki ezt egyszer\u0171en megval\u00f3s\u00edtja \u2013 \u00e9s ezt b\u00e1rki megteheti \u2013, az mindent megtett; \u00e9s ez a minden az \u00e9l\u0151 kereszt\u00e9nys\u00e9g maga, amely nem marad egyed\u00fcl, hanem l\u00e1ngba bor\u00edtja a vil\u00e1got.\u201d <a href=\"#_ftn2\" name=\"_ftnref2\">[2]<\/a><\/p>\n<p><strong>\u201eHa valaki k\u00f6z\u00fcletek nagy akar lenni, legyen a szolg\u00e1tok, \u00e9s ha valaki k\u00f6z\u00fcletek els\u0151 akar lenni, legyen mindenkinek a szolg\u00e1ja.\u201d<\/strong><\/p>\n<p>Ha J\u00e9zussal tal\u00e1lkozunk az Ig\u00e9j\u00e9ben, ez felnyitja a szem\u00fcnket, ahogy a k\u00f6vetkez\u0151 versekben a vak Bartimeussal is t\u00f6rt\u00e9nik <a href=\"#_ftn3\" name=\"_ftnref3\">[3]<\/a>: megszabad\u00edt benn\u00fcnket a sz\u0171k l\u00e1t\u00f3k\u00f6r\u00fcnkt\u0151l, felt\u00e1rja el\u0151tt\u00fcnk Isten t\u00e1vlatait, az \u0151 terv\u00e9t az \u201e\u00faj \u00e9g \u00e9s \u00faj f\u00f6ld\u201d <a href=\"#_ftn4\" name=\"_ftnref4\">[4]<\/a> horizontj\u00e1n. \u0150, az \u00dar a l\u00e1bmos\u00e1s <a href=\"#_ftn5\" name=\"_ftnref5\">[5]<\/a> p\u00e9ld\u00e1j\u00e1val ellentmond a merev szolg\u00e1lati szerepeknek, amelyeket a civil, s\u0151t olykor vall\u00e1si k\u00f6z\u00f6ss\u00e9geink is a t\u00e1rsadalmilag t\u00f6r\u00e9keny embercsoportok sz\u00e1m\u00e1ra tartanak fenn. A kereszt\u00e9ny szolg\u00e1lat teh\u00e1t azt jelenti, hogy J\u00e9zus p\u00e9ld\u00e1j\u00e1t ut\u00e1nozzuk, hogy elsaj\u00e1t\u00edtjuk t\u0151le az emberi viszonyul\u00e1s \u00faj st\u00edlus\u00e1t. Legy\u00fcnk sz\u00edv\u00fcnk m\u00e9ly\u00e9b\u0151l felebar\u00e1tja minden embernek, b\u00e1rmilyen emberi, t\u00e1rsadalmi vagy kultur\u00e1lis helyzetben tal\u00e1ljuk is! Ahogyan Giovanni Anziani, a Valdens Egyh\u00e1z metodista lelk\u00e9sze javasolja: \u201e[&#8230;] fogadjuk el, hogy az \u00darba helyezz\u00fck bizalmunkat \u00e9s rem\u00e9ny\u00fcnket, aki a sokaknak szolg\u00e1ja. Isten Ig\u00e9je arra k\u00e9r benn\u00fcnket, hogy a vil\u00e1gunkban minden ellentmond\u00e1s k\u00f6zepette legy\u00fcnk a b\u00e9ke \u00e9s az igazs\u00e1goss\u00e1g k\u00f6vetei, \u00e9s \u00e9p\u00edts\u00fck a megb\u00e9k\u00e9l\u00e9s h\u00eddjait a n\u00e9pek k\u00f6z\u00f6tt!\u201d <a href=\"#_ftn6\" name=\"_ftnref6\">[6]<\/a> \u00cdgy \u00e9lt Igino Giordani \u00edr\u00f3, \u00fajs\u00e1g\u00edr\u00f3, politikus \u00e9s csal\u00e1dapa egy diktat\u00fara \u00e1ltal f\u00e9mjelzett t\u00f6rt\u00e9nelmi id\u0151szakban. Tapasztalat\u00e1r\u00f3l ezt \u00edrja: \u201eA politika \u2013 a legm\u00e9lt\u00f3s\u00e1gteljesebb kereszt\u00e9ny \u00e9rtelemben \u2013 szolg\u00e1l\u00f3le\u00e1ny, \u00e9s nem v\u00e1lhat \u00farr\u00e1: nem v\u00e1lhat vissza\u00e9l\u00e9ss\u00e9, sem uralomm\u00e1, sem dogm\u00e1v\u00e1. Ebben rejlik a szerepe \u00e9s a m\u00e9lt\u00f3s\u00e1ga: t\u00e1rsadalmi szolg\u00e1lat, cselekv\u0151 szeretet: a haza ir\u00e1nti szeretet els\u0151 form\u00e1ja.\u201d <a href=\"#_ftn7\" name=\"_ftnref7\">[7]<\/a> J\u00e9zus \u00e9let\u00e9nek tan\u00fas\u00e1gt\u00e9tel\u00e9vel tudatos \u00e9s szabad d\u00f6nt\u00e9st javasol: ne \u00e9lj\u00fcnk t\u00f6bb\u00e9 magunkba \u00e9s az \u00e9rdekeinkbe z\u00e1rk\u00f3zva, hanem \u201e\u00e9lj\u00fck a m\u00e1sikat\u201d, hordozzuk az \u00e9rz\u00e9seit, a terheit, \u00e9s osztozzunk \u00f6r\u00f6meiben. Mindannyiunknak vannak kisebb-nagyobb feladatai \u00e9s hat\u00e1sk\u00f6rei: politikai \u00e9s a t\u00e1rsadalmi t\u00e9ren, de a csal\u00e1dban, az iskol\u00e1ban, a vall\u00e1si k\u00f6z\u00f6ss\u00e9gben is. Haszn\u00e1ljuk ki a \u201ekit\u00fcntetett helyeinket\u201d, hogy a k\u00f6zj\u00f3 szolg\u00e1lat\u00e1ba \u00e1llva igazs\u00e1gos, t\u00e1mogat\u00f3 emberi kapcsolatokat \u00e9p\u00edts\u00fcnk!<\/p>\n<p><em>Letizia Magri \u00e9s az \u00e9letige csoport gondoz\u00e1s\u00e1ban<\/em><\/p>\n<p><a href=\"#_ftnref1\" name=\"_ftn1\">[1]<\/a> v\u00f6. <em>Mk<\/em> 10,37. <a href=\"#_ftnref2\" name=\"_ftn2\">[2]<\/a> C. Lubich, <em>Servire<\/em>, in Citt\u00e0 Nuova, XVII, n. 12, 1973, p. 13. <a href=\"#_ftnref3\" name=\"_ftn3\">[3]<\/a> v\u00f6. <em>Mk<\/em> 10,46-52. <a href=\"#_ftnref4\" name=\"_ftn4\">[4]<\/a> Cf <em>Is<\/em> 65, 17 \u0219i 66,22, v\u00f6. <em>2P\u00e9t<\/em> 3,13 <a href=\"#_ftnref5\" name=\"_ftn5\">[5]<\/a> v\u00f6. <em>Jn<\/em> 13,14. <a href=\"#_ftnref6\" name=\"_ftn6\">[6] <\/a>https:\/\/www.chiesavaldese.org\/aria_covers.php?ref=111 <a href=\"#_ftnref7\" name=\"_ftn7\">[7]<\/a> P. Mazzola (ed.), <em>Perle di Igino Giordani<\/em>, Effat\u00e0, Torino 2019, p. 112.<\/p>\n<\/div><\/div><\/div><div class=\"fusion-layout-column fusion_builder_column fusion-builder-column-3 fusion_builder_column_1_3 1_3 fusion-flex-column\" style=\"--awb-padding-top:30px;--awb-padding-right:30px;--awb-padding-bottom:10px;--awb-padding-left:30px;--awb-bg-color:var(--awb-custom13);--awb-bg-color-hover:var(--awb-custom13);--awb-bg-size:cover;--awb-width-large:33.333333333333%;--awb-margin-top-large:0px;--awb-spacing-right-large:5.76%;--awb-margin-bottom-large:20px;--awb-spacing-left-large:5.76%;--awb-width-medium:100%;--awb-order-medium:0;--awb-spacing-right-medium:1.92%;--awb-spacing-left-medium:1.92%;--awb-width-small:100%;--awb-order-small:0;--awb-spacing-right-small:1.92%;--awb-spacing-left-small:1.92%;\"><div class=\"fusion-column-wrapper fusion-column-has-shadow fusion-flex-justify-content-flex-start fusion-content-layout-column\"><div class=\"fusion-title title fusion-title-2 fusion-sep-none fusion-title-center fusion-title-text fusion-title-size-four\"><h4 class=\"fusion-title-heading title-heading-center\" style=\"margin:0;\">T\u00f6ltsd le PDF form\u00e1tumban<\/h4><\/div><div style=\"text-align:center;\"><a class=\"fusion-button button-flat fusion-button-default-size button-default fusion-button-default button-1 fusion-button-span-yes fusion-button-default-type\" style=\"--button_margin-bottom:20px;\" target=\"_blank\" rel=\"noopener noreferrer\" href=\"https:\/\/focolare.ro\/wp-content\/uploads\/2023\/09\/CV-10-2023-A5-HU.pdf\"><span class=\"fusion-button-icon-divider button-icon-divider-left\"><i class=\"fa-file-pdf fas awb-button__icon awb-button__icon--default\" aria-hidden=\"true\"><\/i><\/span><span class=\"fusion-button-text awb-button__text awb-button__text--default fusion-button-text-left\">Feln\u0151ttek r\u00e9sz\u00e9re<\/span><\/a><\/div><div style=\"text-align:center;\"><a class=\"fusion-button button-flat fusion-button-default-size button-default fusion-button-default button-2 fusion-button-span-yes fusion-button-default-type\" style=\"--button_margin-bottom:20px;\" target=\"_blank\" rel=\"noopener noreferrer\" href=\"https:\/\/focolare.ro\/wp-content\/uploads\/2023\/10\/CV-A5-HU-UJ.pdf\"><span class=\"fusion-button-icon-divider button-icon-divider-left\"><i class=\"fa-file-pdf fas awb-button__icon awb-button__icon--default\" aria-hidden=\"true\"><\/i><\/span><span class=\"fusion-button-text awb-button__text awb-button__text--default fusion-button-text-left\">Fiatalok<\/span><\/a><\/div><div style=\"text-align:center;\"><a class=\"fusion-button button-flat fusion-button-default-size button-default fusion-button-default button-3 fusion-button-span-yes fusion-button-default-type\" style=\"--button_margin-bottom:20px;\" target=\"_blank\" rel=\"noopener noreferrer\" href=\"https:\/\/focolare.ro\/wp-content\/uploads\/2023\/10\/ige202310ph.pdf\"><span class=\"fusion-button-icon-divider button-icon-divider-left\"><i class=\"fa-file-pdf fas awb-button__icon awb-button__icon--default\" aria-hidden=\"true\"><\/i><\/span><span class=\"fusion-button-text awb-button__text awb-button__text--default fusion-button-text-left\">Gyerekeknek sz\u00ednes v\u00e1ltozat<\/span><\/a><\/div><div style=\"text-align:center;\"><a class=\"fusion-button button-flat fusion-button-default-size button-default fusion-button-default button-4 fusion-button-span-yes fusion-button-default-type\" style=\"--button_margin-bottom:20px;\" target=\"_blank\" rel=\"noopener noreferrer\" href=\"https:\/\/focolare.ro\/wp-content\/uploads\/2023\/10\/ige202310kif.pdf\"><span class=\"fusion-button-icon-divider button-icon-divider-left\"><i class=\"fa-file-pdf fas awb-button__icon awb-button__icon--default\" aria-hidden=\"true\"><\/i><\/span><span class=\"fusion-button-text awb-button__text awb-button__text--default fusion-button-text-left\">Gyerekeknek kifest\u0151<\/span><\/a><\/div><\/div><\/div><\/div><\/div><div class=\"fusion-fullwidth fullwidth-box fusion-builder-row-4 fusion-flex-container nonhundred-percent-fullwidth non-hundred-percent-height-scrolling\" style=\"--awb-border-sizes-bottom:3px;--awb-border-color:var(--awb-color5);--awb-border-radius-top-left:0px;--awb-border-radius-top-right:0px;--awb-border-radius-bottom-right:0px;--awb-border-radius-bottom-left:0px;--awb-flex-wrap:wrap;\" ><div class=\"fusion-builder-row fusion-row fusion-flex-align-items-flex-start fusion-flex-content-wrap\" style=\"max-width:1216.8px;margin-left: calc(-4% \/ 2 );margin-right: calc(-4% \/ 2 );\"><\/div><\/div><\/p>\n","protected":false},"excerpt":{"rendered":"","protected":false},"author":10,"featured_media":0,"parent":4123,"menu_order":0,"comment_status":"closed","ping_status":"closed","template":"100-width.php","meta":{"footnotes":""},"class_list":["post-5103","page","type-page","status-publish","hentry"],"_links":{"self":[{"href":"https:\/\/focolare.ro\/hu\/wp-json\/wp\/v2\/pages\/5103","targetHints":{"allow":["GET"]}}],"collection":[{"href":"https:\/\/focolare.ro\/hu\/wp-json\/wp\/v2\/pages"}],"about":[{"href":"https:\/\/focolare.ro\/hu\/wp-json\/wp\/v2\/types\/page"}],"author":[{"embeddable":true,"href":"https:\/\/focolare.ro\/hu\/wp-json\/wp\/v2\/users\/10"}],"replies":[{"embeddable":true,"href":"https:\/\/focolare.ro\/hu\/wp-json\/wp\/v2\/comments?post=5103"}],"version-history":[{"count":11,"href":"https:\/\/focolare.ro\/hu\/wp-json\/wp\/v2\/pages\/5103\/revisions"}],"predecessor-version":[{"id":5118,"href":"https:\/\/focolare.ro\/hu\/wp-json\/wp\/v2\/pages\/5103\/revisions\/5118"}],"up":[{"embeddable":true,"href":"https:\/\/focolare.ro\/hu\/wp-json\/wp\/v2\/pages\/4123"}],"wp:attachment":[{"href":"https:\/\/focolare.ro\/hu\/wp-json\/wp\/v2\/media?parent=5103"}],"curies":[{"name":"wp","href":"https:\/\/api.w.org\/{rel}","templated":true}]}}