{"id":5169,"date":"2022-04-03T14:22:54","date_gmt":"2022-04-03T11:22:54","guid":{"rendered":"https:\/\/focolare.ro\/az-elet-igeje\/az-elet-igeje-2024\/2024-december\/"},"modified":"2024-12-11T16:29:19","modified_gmt":"2024-12-11T14:29:19","slug":"2024-december","status":"publish","type":"page","link":"https:\/\/focolare.ro\/hu\/az-elet-igeje\/az-elet-igeje-2024\/2024-december\/","title":{"rendered":"2024. december"},"content":{"rendered":"<p><div class=\"fusion-fullwidth fullwidth-box fusion-builder-row-1 fusion-flex-container has-pattern-background has-mask-background fusion-parallax-none nonhundred-percent-fullwidth non-hundred-percent-height-scrolling lazyload\" style=\"--awb-border-radius-top-left:0px;--awb-border-radius-top-right:0px;--awb-border-radius-bottom-right:0px;--awb-border-radius-bottom-left:0px;--awb-background-color:var(--awb-custom14);--awb-background-size:cover;--awb-flex-wrap:wrap;\" data-bg=\"https:\/\/focolare.ro\/wp-content\/uploads\/2024\/12\/cvdecembrie2024.jpg\" ><div class=\"fusion-builder-row fusion-row fusion-flex-align-items-flex-start fusion-flex-content-wrap\" style=\"max-width:1216.8px;margin-left: calc(-4% \/ 2 );margin-right: calc(-4% \/ 2 );\"><div class=\"fusion-layout-column fusion_builder_column fusion-builder-column-0 fusion_builder_column_1_1 1_1 fusion-flex-column\" style=\"--awb-bg-size:cover;--awb-width-large:100%;--awb-margin-top-large:0px;--awb-spacing-right-large:1.92%;--awb-margin-bottom-large:20px;--awb-spacing-left-large:1.92%;--awb-width-medium:100%;--awb-order-medium:0;--awb-spacing-right-medium:1.92%;--awb-spacing-left-medium:1.92%;--awb-width-small:100%;--awb-order-small:0;--awb-spacing-right-small:1.92%;--awb-spacing-left-small:1.92%;\"><div class=\"fusion-column-wrapper fusion-column-has-shadow fusion-flex-justify-content-flex-start fusion-content-layout-column\"><div class=\"fusion-separator fusion-full-width-sep\" style=\"align-self: center;margin-left: auto;margin-right: auto;margin-bottom:200px;width:100%;\"><\/div><div class=\"fusion-title title fusion-title-1 fusion-sep-none fusion-title-text fusion-title-size-two\" style=\"--awb-text-color:var(--awb-color1);\"><h2 class=\"fusion-title-heading title-heading-left\" style=\"margin:0;\">2024. december<\/h2><\/div><\/div><\/div><\/div><\/div><div class=\"fusion-fullwidth fullwidth-box fusion-builder-row-2 fusion-flex-container nonhundred-percent-fullwidth non-hundred-percent-height-scrolling\" style=\"--awb-border-radius-top-left:0px;--awb-border-radius-top-right:0px;--awb-border-radius-bottom-right:0px;--awb-border-radius-bottom-left:0px;--awb-background-color:var(--awb-color1);--awb-flex-wrap:wrap;\" ><div class=\"fusion-builder-row fusion-row fusion-flex-align-items-flex-start fusion-flex-content-wrap\" style=\"max-width:1216.8px;margin-left: calc(-4% \/ 2 );margin-right: calc(-4% \/ 2 );\"><div class=\"fusion-layout-column fusion_builder_column fusion-builder-column-1 fusion_builder_column_1_1 1_1 fusion-flex-column\" style=\"--awb-bg-size:cover;--awb-width-large:100%;--awb-margin-top-large:0px;--awb-spacing-right-large:1.92%;--awb-margin-bottom-large:20px;--awb-spacing-left-large:1.92%;--awb-width-medium:100%;--awb-order-medium:0;--awb-spacing-right-medium:1.92%;--awb-spacing-left-medium:1.92%;--awb-width-small:100%;--awb-order-small:0;--awb-spacing-right-small:1.92%;--awb-spacing-left-small:1.92%;\"><div class=\"fusion-column-wrapper fusion-column-has-shadow fusion-flex-justify-content-flex-start fusion-content-layout-column\"><div class=\"fusion-separator fusion-full-width-sep\" style=\"align-self: center;margin-left: auto;margin-right: auto;margin-bottom:100px;width:100%;\"><\/div><\/div><\/div><\/div><\/div><div class=\"fusion-fullwidth fullwidth-box fusion-builder-row-3 fusion-flex-container nonhundred-percent-fullwidth non-hundred-percent-height-scrolling\" style=\"--awb-border-radius-top-left:0px;--awb-border-radius-top-right:0px;--awb-border-radius-bottom-right:0px;--awb-border-radius-bottom-left:0px;--awb-flex-wrap:wrap;\" ><div class=\"fusion-builder-row fusion-row fusion-flex-align-items-flex-start fusion-flex-content-wrap\" style=\"max-width:1216.8px;margin-left: calc(-4% \/ 2 );margin-right: calc(-4% \/ 2 );\"><div class=\"fusion-layout-column fusion_builder_column fusion-builder-column-2 fusion_builder_column_2_3 2_3 fusion-flex-column\" style=\"--awb-bg-size:cover;--awb-width-large:66.666666666667%;--awb-margin-top-large:0px;--awb-spacing-right-large:2.88%;--awb-margin-bottom-large:20px;--awb-spacing-left-large:2.88%;--awb-width-medium:100%;--awb-order-medium:0;--awb-spacing-right-medium:1.92%;--awb-spacing-left-medium:1.92%;--awb-width-small:100%;--awb-order-small:0;--awb-spacing-right-small:1.92%;--awb-spacing-left-small:1.92%;\"><div class=\"fusion-column-wrapper fusion-column-has-shadow fusion-flex-justify-content-flex-start fusion-content-layout-column\"><div class=\"fusion-text fusion-text-1\" style=\"--awb-text-transform:none;\"><h3><strong>2024. december<\/strong><\/h3>\n<p><strong>\u201e<\/strong><strong>Istennek semmi sem lehetetlen<\/strong><strong>\u201d <em>(Lk<\/em> 1,37)<\/strong><br \/>Az angyali \u00fcdv\u00f6zlet elbesz\u00e9l\u00e9s\u00e9n\u00e9l vagyunk. G\u00e1briel angyal elmegy a n\u00e1z\u00e1reti M\u00e1ri\u00e1hoz, hogy elmondja neki Isten vele kapcsolatos terveit: gyermeket fogan \u00e9s fi\u00fat sz\u00fcl, J\u00e9zust, aki \u201enagy lesz, \u00e9s a Magass\u00e1gbeli Fi\u00e1nak fogj\u00e1k h\u00edvni\u201d<a href=\"Lk 1,32\" name=\"_ftnref1\">[1]<\/a>. Az epiz\u00f3d \u00f6sszhangban \u00e1ll az \u00d3sz\u00f6vets\u00e9g m\u00e1s esem\u00e9nyeivel, amikor medd\u0151 vagy nagyon id\u0151s asszonyok csod\u00e1s m\u00f3don gyermeket hoztak a vil\u00e1gra, akik fontos szerepet j\u00e1tszottak az \u00fcdv\u00f6ss\u00e9gt\u00f6rt\u00e9netben. Itt M\u00e1ria, b\u00e1r teljes szabads\u00e1ggal teljes\u00edteni akarja a k\u00fcldet\u00e9s\u00e9t, hogy a Messi\u00e1s anyja legyen, m\u00e9gis ott van benne a k\u00e9rd\u00e9s, mik\u00e9nt fog ez megt\u00f6rt\u00e9nni, hiszen \u0151 sz\u0171z. G\u00e1briel biztos\u00edtja \u0151t, hogy ez nem ember m\u0171ve lesz: \u201eA Szentl\u00e9lek sz\u00e1ll r\u00e1d, \u00e9s a Magass\u00e1gbeli ereje bor\u00edt be \u00e1rny\u00e9k\u00e1val.\u201d<a href=\"uo. 35\" name=\"_ftnref2\">[2]<\/a> \u00c9s hozz\u00e1teszi: \u201eIstennek semmi sem lehetetlen.\u201d<a href=\"uo. 37\" name=\"_ftnref3\">[3]<\/a><br \/><strong>\u201e<\/strong><strong>Istennek semmi sem lehetetlen<\/strong><strong>\u201d<\/strong><br \/>Ez a bizonyoss\u00e1g, amely azt jelenti, hogy Isten egyetlen kijelent\u00e9se vagy \u00edg\u00e9rete sem marad beteljes\u00fcletlen \u2013 mert n\u00e1la semmi sem lehetetlen \u2013, \u00edgy is megfogalmazhat\u00f3: Istennel semmi sem lehetetlen. S\u0151t, a g\u00f6r\u00f6g sz\u00f6veg \u00e1rnyaltabb: \u201eIstennel\u201d, vagy \u201eIsten k\u00f6zel\u00e9ben\u201d, \u201eIstennel egy\u00fctt\u201d, ami kiemeli az \u0151 k\u00f6zels\u00e9g\u00e9t az emberhez. Az ember, az emberi l\u00e9ny sz\u00e1m\u00e1ra, ha Istennel egy\u00fctt van \u00e9s szabadon csatlakozik hozz\u00e1, akkor semmi sem lehetetlen.<br \/><strong>\u201e<\/strong><strong>Istennek semmi sem lehetetlen<\/strong><strong>\u201d<\/strong><\/p>\n<p>Hogyan tudjuk ezt az ig\u00e9t gyakorlatra v\u00e1ltani? Mindenekel\u0151tt azzal, hogy nagy bizalommal hissz\u00fck: Isten k\u00e9pes cselekedni m\u00e9g a mi korl\u00e1taink \u00e9s gyenges\u00e9geink k\u00f6zepette, de azokon t\u00fal, az \u00e9let legs\u00f6t\u00e9tebb k\u00f6r\u00fclm\u00e9nyei k\u00f6z\u00f6tt is.<br \/>Ezt tapasztalta Dietrich Bonhoeffer is, aki a k\u00ednz\u00e1sokkal egy\u00fctt j\u00e1r\u00f3 b\u00f6rt\u00f6nb\u00fcntet\u00e9se alatt \u00edgy \u00edrt: \u201e\u00dajra \u00e9s \u00fajra el kell m\u00e9lyedn\u00fcnk J\u00e9zus \u00e9let\u00e9ben, \u0150 besz\u00e9l, cselekszik, szenved \u00e9s meghal, hogy felismerj\u00fck, mit \u00edg\u00e9r, mit tesz \u00e9rt\u00fcnk Isten. Bizonyos [\u2026], hogy sz\u00e1munkra m\u00e1r semmi sem lehetetlen, mert Isten sz\u00e1m\u00e1ra nem l\u00e9tezik lehetetlen; [\u2026] persze semmit sem szabad elv\u00e1rnunk, m\u00e9gis b\u00e1rmit k\u00e9rhet\u00fcnk; mert biztos, hogy a szenved\u00e9sben van elrejtve az \u00f6r\u00f6m\u00fcnk \u00e9s a hal\u00e1lban az \u00e9let\u00fcnk\u2026 Isten mindezekre \u2019igent\u2019 \u00e9s \u2019\u00e1ment\u2019 mondott Krisztusban. Ez az \u2019igen\u2019 \u00e9s ez az \u2019\u00e1men\u2019 az a szil\u00e1rd talaj, amelyen \u00e1llunk.\u201d<a href=\"D. Bonhoeffer, Resistenza e resa, ed. San Paolo, Cinisello Balsamo 1988, p. 474. Dietrich Bonhoeffer (1906-1945) n\u00e9met evang\u00e9likus lelk\u00e9sz \u00e9s teol\u00f3gus, a n\u00e1cik idej\u00e9n az ellen\u00e1ll\u00e1s jelent\u0151s alakja.\" name=\"_ftnref4\">[4]<\/a><br \/><strong>\u201e<\/strong><strong>Istennek semmi sem lehetetlen\u201d<\/strong><br \/>Abban, hogy megpr\u00f3b\u00e1ljuk legy\u0151zni el\u00e9gtelens\u00e9g\u00fcnk l\u00e1tsz\u00f3lagos \u201elehetetlens\u00e9geit\u201d, \u00e9s \u00edgy fokr\u00f3l fokra \u201elehets\u00e9gess\u00e9\u201d v\u00e1lik sz\u00e1munkra a k\u00f6vetkezetes \u00e9let, d\u00f6nt\u0151 szerepet j\u00e1tszik a k\u00f6z\u00f6ss\u00e9gi dimenzi\u00f3. Ez akkor alakul ki, amikor a tan\u00edtv\u00e1nyok egym\u00e1s k\u00f6z\u00f6tt meg\u00e9lik J\u00e9zus \u00faj parancsolat\u00e1t, \u00e9s hagyj\u00e1k, hogy a felt\u00e1madt Krisztus ereje lakjon benn\u00fck egy\u00e9nileg \u00e9s egy\u00fctt is. Chiara Lubich 1948-ban \u00edrta fiatal szerzetesek egy csoportj\u00e1nak: \u201eRajta h\u00e1t! Nem a mi kicsinyes \u00e9s gyenge er\u0151nkkel, hanem az egys\u00e9g mindenhat\u00f3s\u00e1g\u00e1val. L\u00e1ttam, \u00e9s a kezemmel tapinthattam, hogy Isten k\u00f6z\u00f6tt\u00fcnk v\u00e9ghez viszi a lehetetlent: a csod\u00e1t! Ha mi h\u0171s\u00e9gesek maradunk az odaad\u00e1sban, [\u2026] a vil\u00e1g meg fogja l\u00e1tni az egys\u00e9get \u00e9s ezzel egy\u00fctt Isten orsz\u00e1g\u00e1nak teljess\u00e9g\u00e9t.\u201d<a href=\"C. Lubich, Lettere dei primi tempi. Citt\u00e0 Nuova, Roma 2010, p. 164.\" name=\"_ftnref5\">[5]<\/a><br \/>\u00c9vekkel ezel\u0151tt Afrik\u00e1ban j\u00e1rtam, \u00e9s gyakran tal\u00e1lkoztam fiatalokkal, akik kereszt\u00e9nyk\u00e9nt akartak \u00e9lni, \u00e9s elmes\u00e9lt\u00e9k, hogy milyen sok neh\u00e9zs\u00e9ggel kellett nap mint nap szemben\u00e9zni\u00fck a k\u00f6rnyezet\u00fckben, hogy h\u0171ek maradjanak a hit\u00fckh\u00f6z \u00e9s az evang\u00e9lium tan\u00edt\u00e1s\u00e1hoz. \u00d3r\u00e1kig besz\u00e9lgett\u00fcnk err\u0151l, \u00e9s a v\u00e9g\u00e9n mindig ugyanarra a k\u00f6vetkeztet\u00e9sre jutottunk: \u201eEgyed\u00fcl lehetetlen, de egy\u00fctt meg tudjuk csin\u00e1lni\u201d. Ezt maga J\u00e9zus garant\u00e1lja, amikor ezt \u00edg\u00e9ri: \u201eAhol ketten vagy h\u00e1rman \u00f6sszegy\u0171lnek az \u00e9n nevemben (az \u00e9n szeretetemben), \u00e9n ott vagyok k\u00f6z\u00f6tt\u00fck.\u201d<a href=\"V\u00f6. Mt 18,20.\" name=\"_ftnref6\"> [6]<\/a> Vele minden lehets\u00e9ges.<\/p>\n<p><em>Augusto Parody Reyes \u00e9s az \u00e9letige csoport gondoz\u00e1s\u00e1ban<\/em><\/p>\n<p><a href=\"Lk 1,32\" name=\"_ftn1\">[1]<\/a> <em>Lk<\/em> 1,32. <a href=\"Lk 1,35\" name=\"_ftn2\">[2]<\/a> <em>Lk<\/em> 1,35. <a href=\"Lk 1,37\" name=\"_ftn3\">[3]<\/a> <em>Lk<\/em> 1,37. <a href=\"D. Bonhoeffer, Resistenza e resa, ed. San Paolo, Cinisello Balsamo 1988, p. 474. Dietrich Bonhoeffer (1906-1945) n\u00e9met evang\u00e9likus lelk\u00e9sz \u00e9s teol\u00f3gus, a n\u00e1cik idej\u00e9n az ellen\u00e1ll\u00e1s jelent\u0151s alakja.\" name=\"_ftn4\">[4]<\/a> D. Bonhoeffer, <em>Resistenza e resa,<\/em> ed. San Paolo, Cinisello Balsamo 1988, p. 474. Dietrich Bonhoeffer (1906-1945) n\u00e9met evang\u00e9likus lelk\u00e9sz \u00e9s teol\u00f3gus, a n\u00e1cik idej\u00e9n az ellen\u00e1ll\u00e1s jelent\u0151s alakja. <a href=\"C. Lubich, Lettere dei primi tempi. Citt\u00e0 Nuova, Roma 2010, p. 164.\" name=\"_ftn5\">[5]<\/a> C. Lubich, <em>Lettere dei primi tempi<\/em>. Citt\u00e0 Nuova, Roma 2010, p. 164. <a href=\"V\u00f6. Mt 18,20.\" name=\"_ftn6\">[6]<\/a> V\u00f6. <em>Mt<\/em> 18,20.<\/p>\n<\/div><\/div><\/div><div class=\"fusion-layout-column fusion_builder_column fusion-builder-column-3 fusion_builder_column_1_3 1_3 fusion-flex-column\" style=\"--awb-padding-top:30px;--awb-padding-right:30px;--awb-padding-bottom:10px;--awb-padding-left:30px;--awb-bg-color:var(--awb-custom13);--awb-bg-color-hover:var(--awb-custom13);--awb-bg-size:cover;--awb-width-large:33.333333333333%;--awb-margin-top-large:0px;--awb-spacing-right-large:5.76%;--awb-margin-bottom-large:20px;--awb-spacing-left-large:5.76%;--awb-width-medium:100%;--awb-order-medium:0;--awb-spacing-right-medium:1.92%;--awb-spacing-left-medium:1.92%;--awb-width-small:100%;--awb-order-small:0;--awb-spacing-right-small:1.92%;--awb-spacing-left-small:1.92%;\"><div class=\"fusion-column-wrapper fusion-column-has-shadow fusion-flex-justify-content-flex-start fusion-content-layout-column\"><div class=\"fusion-title title fusion-title-2 fusion-sep-none fusion-title-center fusion-title-text fusion-title-size-four\"><h4 class=\"fusion-title-heading title-heading-center\" style=\"margin:0;\">T\u00f6ltsd le PDF form\u00e1tumban<\/h4><\/div><div style=\"text-align:center;\"><a class=\"fusion-button button-flat fusion-button-default-size button-default fusion-button-default button-1 fusion-button-span-yes fusion-button-default-type\" style=\"--button_margin-bottom:20px;\" target=\"_blank\" rel=\"noopener noreferrer\" href=\"https:\/\/focolare.ro\/wp-content\/uploads\/2024\/12\/CV-12-2024-A5-HU.pdf\"><span class=\"fusion-button-icon-divider button-icon-divider-left\"><i class=\"fa-file-pdf fas awb-button__icon awb-button__icon--default\" aria-hidden=\"true\"><\/i><\/span><span class=\"fusion-button-text awb-button__text awb-button__text--default fusion-button-text-left\">Feln\u0151ttek r\u00e9sz\u00e9re<\/span><\/a><\/div><div style=\"text-align:center;\"><a class=\"fusion-button button-flat fusion-button-default-size button-default fusion-button-default button-2 fusion-button-span-yes fusion-button-default-type\" style=\"--button_margin-bottom:20px;\" target=\"_blank\" rel=\"noopener noreferrer\" href=\"https:\/\/focolare.ro\/wp-content\/uploads\/2024\/12\/ige202412ph_compressed_compressed.pdf\"><span class=\"fusion-button-icon-divider button-icon-divider-left\"><i class=\"fa-file-pdf fas awb-button__icon awb-button__icon--default\" aria-hidden=\"true\"><\/i><\/span><span class=\"fusion-button-text awb-button__text awb-button__text--default fusion-button-text-left\">Fiatalok<\/span><\/a><\/div><div style=\"text-align:center;\"><a class=\"fusion-button button-flat fusion-button-default-size button-default fusion-button-default button-3 fusion-button-span-yes fusion-button-default-type\" style=\"--button_margin-bottom:20px;\" target=\"_blank\" rel=\"noopener noreferrer\" href=\"https:\/\/focolare.ro\/wp-content\/uploads\/2024\/12\/PdV_202412_hu_Color.pdf\"><span class=\"fusion-button-icon-divider button-icon-divider-left\"><i class=\"fa-file-pdf fas awb-button__icon awb-button__icon--default\" aria-hidden=\"true\"><\/i><\/span><span class=\"fusion-button-text awb-button__text awb-button__text--default fusion-button-text-left\">Gyerekeknek sz\u00ednes v\u00e1ltozat<\/span><\/a><\/div><div style=\"text-align:center;\"><a class=\"fusion-button button-flat fusion-button-default-size button-default fusion-button-default button-4 fusion-button-span-yes fusion-button-default-type\" style=\"--button_margin-bottom:20px;\" target=\"_blank\" rel=\"noopener noreferrer\" href=\"https:\/\/focolare.ro\/wp-content\/uploads\/2024\/12\/ige202412kif.pdf\"><span class=\"fusion-button-icon-divider button-icon-divider-left\"><i class=\"fa-file-pdf fas awb-button__icon awb-button__icon--default\" aria-hidden=\"true\"><\/i><\/span><span class=\"fusion-button-text awb-button__text awb-button__text--default fusion-button-text-left\">Gyerekeknek kifest\u0151<\/span><\/a><\/div><\/div><\/div><\/div><\/div><div class=\"fusion-fullwidth fullwidth-box fusion-builder-row-4 fusion-flex-container nonhundred-percent-fullwidth non-hundred-percent-height-scrolling\" style=\"--awb-border-sizes-bottom:3px;--awb-border-color:var(--awb-color5);--awb-border-radius-top-left:0px;--awb-border-radius-top-right:0px;--awb-border-radius-bottom-right:0px;--awb-border-radius-bottom-left:0px;--awb-flex-wrap:wrap;\" ><div class=\"fusion-builder-row fusion-row fusion-flex-align-items-flex-start fusion-flex-content-wrap\" style=\"max-width:1216.8px;margin-left: calc(-4% \/ 2 );margin-right: calc(-4% \/ 2 );\"><\/div><\/div><\/p>\n","protected":false},"excerpt":{"rendered":"","protected":false},"author":10,"featured_media":0,"parent":4123,"menu_order":0,"comment_status":"closed","ping_status":"closed","template":"100-width.php","meta":{"footnotes":""},"class_list":["post-5169","page","type-page","status-publish","hentry"],"_links":{"self":[{"href":"https:\/\/focolare.ro\/hu\/wp-json\/wp\/v2\/pages\/5169","targetHints":{"allow":["GET"]}}],"collection":[{"href":"https:\/\/focolare.ro\/hu\/wp-json\/wp\/v2\/pages"}],"about":[{"href":"https:\/\/focolare.ro\/hu\/wp-json\/wp\/v2\/types\/page"}],"author":[{"embeddable":true,"href":"https:\/\/focolare.ro\/hu\/wp-json\/wp\/v2\/users\/10"}],"replies":[{"embeddable":true,"href":"https:\/\/focolare.ro\/hu\/wp-json\/wp\/v2\/comments?post=5169"}],"version-history":[{"count":2,"href":"https:\/\/focolare.ro\/hu\/wp-json\/wp\/v2\/pages\/5169\/revisions"}],"predecessor-version":[{"id":5171,"href":"https:\/\/focolare.ro\/hu\/wp-json\/wp\/v2\/pages\/5169\/revisions\/5171"}],"up":[{"embeddable":true,"href":"https:\/\/focolare.ro\/hu\/wp-json\/wp\/v2\/pages\/4123"}],"wp:attachment":[{"href":"https:\/\/focolare.ro\/hu\/wp-json\/wp\/v2\/media?parent=5169"}],"curies":[{"name":"wp","href":"https:\/\/api.w.org\/{rel}","templated":true}]}}