{"id":5244,"date":"2022-04-03T14:22:54","date_gmt":"2022-04-03T11:22:54","guid":{"rendered":"https:\/\/focolare.ro\/az-elet-igeje\/elet-ige-2025\/2025-februar\/"},"modified":"2025-02-03T22:16:12","modified_gmt":"2025-02-03T20:16:12","slug":"2025-februar","status":"publish","type":"page","link":"https:\/\/focolare.ro\/hu\/az-elet-igeje\/elet-ige-2025\/2025-februar\/","title":{"rendered":"2025. febru\u00e1r"},"content":{"rendered":"<p><div class=\"fusion-fullwidth fullwidth-box fusion-builder-row-1 fusion-flex-container has-pattern-background has-mask-background fusion-parallax-none nonhundred-percent-fullwidth non-hundred-percent-height-scrolling lazyload\" style=\"--awb-background-position:center bottom;--awb-border-radius-top-left:0px;--awb-border-radius-top-right:0px;--awb-border-radius-bottom-right:0px;--awb-border-radius-bottom-left:0px;--awb-background-color:var(--awb-custom14);--awb-background-size:cover;--awb-flex-wrap:wrap;\" data-bg=\"https:\/\/focolare.ro\/wp-content\/uploads\/2025\/02\/cvfebruarie2025.jpg\" ><div class=\"fusion-builder-row fusion-row fusion-flex-align-items-flex-start fusion-flex-content-wrap\" style=\"max-width:1216.8px;margin-left: calc(-4% \/ 2 );margin-right: calc(-4% \/ 2 );\"><div class=\"fusion-layout-column fusion_builder_column fusion-builder-column-0 fusion_builder_column_1_1 1_1 fusion-flex-column\" style=\"--awb-bg-size:cover;--awb-width-large:100%;--awb-margin-top-large:0px;--awb-spacing-right-large:1.92%;--awb-margin-bottom-large:20px;--awb-spacing-left-large:1.92%;--awb-width-medium:100%;--awb-order-medium:0;--awb-spacing-right-medium:1.92%;--awb-spacing-left-medium:1.92%;--awb-width-small:100%;--awb-order-small:0;--awb-spacing-right-small:1.92%;--awb-spacing-left-small:1.92%;\"><div class=\"fusion-column-wrapper fusion-column-has-shadow fusion-flex-justify-content-flex-start fusion-content-layout-column\"><div class=\"fusion-separator fusion-full-width-sep\" style=\"align-self: center;margin-left: auto;margin-right: auto;margin-bottom:200px;width:100%;\"><\/div><div class=\"fusion-title title fusion-title-1 fusion-sep-none fusion-title-text fusion-title-size-two\" style=\"--awb-text-color:var(--awb-color1);\"><h2 class=\"fusion-title-heading title-heading-left\" style=\"margin:0;\">2025. febru\u00e1r<\/h2><\/div><\/div><\/div><\/div><\/div><div class=\"fusion-fullwidth fullwidth-box fusion-builder-row-2 fusion-flex-container nonhundred-percent-fullwidth non-hundred-percent-height-scrolling\" style=\"--awb-border-radius-top-left:0px;--awb-border-radius-top-right:0px;--awb-border-radius-bottom-right:0px;--awb-border-radius-bottom-left:0px;--awb-background-color:var(--awb-color1);--awb-flex-wrap:wrap;\" ><div class=\"fusion-builder-row fusion-row fusion-flex-align-items-flex-start fusion-flex-content-wrap\" style=\"max-width:1216.8px;margin-left: calc(-4% \/ 2 );margin-right: calc(-4% \/ 2 );\"><div class=\"fusion-layout-column fusion_builder_column fusion-builder-column-1 fusion_builder_column_1_1 1_1 fusion-flex-column\" style=\"--awb-bg-size:cover;--awb-width-large:100%;--awb-margin-top-large:0px;--awb-spacing-right-large:1.92%;--awb-margin-bottom-large:20px;--awb-spacing-left-large:1.92%;--awb-width-medium:100%;--awb-order-medium:0;--awb-spacing-right-medium:1.92%;--awb-spacing-left-medium:1.92%;--awb-width-small:100%;--awb-order-small:0;--awb-spacing-right-small:1.92%;--awb-spacing-left-small:1.92%;\"><div class=\"fusion-column-wrapper fusion-column-has-shadow fusion-flex-justify-content-flex-start fusion-content-layout-column\"><div class=\"fusion-separator fusion-full-width-sep\" style=\"align-self: center;margin-left: auto;margin-right: auto;margin-bottom:100px;width:100%;\"><\/div><\/div><\/div><\/div><\/div><div class=\"fusion-fullwidth fullwidth-box fusion-builder-row-3 fusion-flex-container nonhundred-percent-fullwidth non-hundred-percent-height-scrolling\" style=\"--awb-border-radius-top-left:0px;--awb-border-radius-top-right:0px;--awb-border-radius-bottom-right:0px;--awb-border-radius-bottom-left:0px;--awb-flex-wrap:wrap;\" ><div class=\"fusion-builder-row fusion-row fusion-flex-align-items-flex-start fusion-flex-content-wrap\" style=\"max-width:1216.8px;margin-left: calc(-4% \/ 2 );margin-right: calc(-4% \/ 2 );\"><div class=\"fusion-layout-column fusion_builder_column fusion-builder-column-2 fusion_builder_column_2_3 2_3 fusion-flex-column\" style=\"--awb-bg-size:cover;--awb-width-large:66.666666666667%;--awb-margin-top-large:0px;--awb-spacing-right-large:2.88%;--awb-margin-bottom-large:20px;--awb-spacing-left-large:2.88%;--awb-width-medium:100%;--awb-order-medium:0;--awb-spacing-right-medium:1.92%;--awb-spacing-left-medium:1.92%;--awb-width-small:100%;--awb-order-small:0;--awb-spacing-right-small:1.92%;--awb-spacing-left-small:1.92%;\"><div class=\"fusion-column-wrapper fusion-column-has-shadow fusion-flex-justify-content-flex-start fusion-content-layout-column\"><div class=\"fusion-text fusion-text-1\" style=\"--awb-text-transform:none;\"><h3><strong>2025. febru\u00e1r<\/strong><\/h3>\n<p><strong>\u201eV<\/strong><strong>izsg\u00e1ljatok fel\u00fcl mindent, a j\u00f3t tarts\u00e1tok meg!<\/strong><strong>\u201d (<em>1Tessz<\/em> 5,21)<\/strong><br \/>\nE havi ig\u00e9nk P\u00e1l apostol befejez\u0151 tan\u00e1csainak sor\u00e1b\u00f3l sz\u00e1rmazik, melyeket a tesszaloniki k\u00f6z\u00f6ss\u00e9ghez int\u00e9zett: \u201eNe olts\u00e1tok ki a Lelket, s a pr\u00f3f\u00e9tai besz\u00e9det ne vess\u00e9tek meg! Vizsg\u00e1ljatok fel\u00fcl mindent, a j\u00f3t tarts\u00e1tok meg!\u201d (<em>1Tessz<\/em> 5,19-21) Pr\u00f3f\u00e9cia \u00e9s megk\u00fcl\u00f6nb\u00f6ztet\u00e9s, p\u00e1rbesz\u00e9d \u00e9s meghallgat\u00e1s. Ezek voltak P\u00e1l \u00fatmutat\u00e1sai a hit \u00fatj\u00e1n nemr\u00e9g elindult k\u00f6z\u00f6ss\u00e9gnek.<br \/>\nA L\u00e9lek k\u00fcl\u00f6nb\u00f6z\u0151 aj\u00e1nd\u00e9kai k\u00f6z\u00fcl P\u00e1l nagyra becs\u00fclte a pr\u00f3f\u00e9t\u00e1l\u00e1s aj\u00e1nd\u00e9k\u00e1t.<br \/>\n<a href=\"1Tessz 5,19-21\" name=\"_ftnref1\">[1]<\/a> A pr\u00f3f\u00e9ta nem az, aki a j\u00f6v\u0151be l\u00e1t, hanem sokkal ink\u00e1bb az, aki megkapta azt az aj\u00e1nd\u00e9kot, hogy az egy\u00e9n \u00e9s a k\u00f6z\u00f6ss\u00e9g t\u00f6rt\u00e9net\u00e9t is Isten szemsz\u00f6g\u00e9b\u0151l l\u00e1ssa \u00e9s \u00e9rtse. De minden aj\u00e1nd\u00e9kot a legnagyobb aj\u00e1nd\u00e9k, a szeretet, a testv\u00e9ri szeretet vez\u00e9rel. (v\u00f6. <em>1Kor<\/em> 13). Szent \u00c1goston, Hipp\u00f3 p\u00fcsp\u00f6ke azt \u00e1ll\u00edtja, hogy egyed\u00fcl a szeretet teszi lehet\u0151v\u00e9, hogy az ember felismerje, milyen magatart\u00e1st kell tan\u00fas\u00edtania a k\u00fcl\u00f6nb\u00f6z\u0151 helyzetekben.<\/p>\n<p><a href=\"#_ftn2\" name=\"_ftnref2\">[2]<\/a><\/p>\n<p><strong>\u201eV<\/strong><strong>izsg\u00e1ljatok fel\u00fcl mindent, a j\u00f3t tarts\u00e1tok meg!<\/strong><strong>\u201d<\/strong><br \/>\nNemcsak a saj\u00e1t szem\u00e9lyes adotts\u00e1gainkat kell figyelembe venni, hanem azt a sokf\u00e9le \u00f6sszetett n\u00e9zetet \u00e9s v\u00e9lem\u00e9nyt is, amely a k\u00f6r\u00fcl\u00f6tt\u00fcnk \u00e9l\u0151kkel besz\u00e9lgetve, vagy esetleg v\u00e9letlen tal\u00e1lkoz\u00e1sok kapcs\u00e1n t\u00e1rul fel el\u0151tt\u00fcnk. B\u00e1rkivel is vagyunk, fontos, hogy t\u00e1rgyilagosak maradjunk, \u00e9s tudat\u00e1ban legy\u00fcnk saj\u00e1t n\u00e9z\u0151pontunk korl\u00e1tainak.<br \/>\nEzt az \u00e9letig\u00e9t mott\u00f3k\u00e9nt alkalmazhatn\u00e1nk minden helyzetben, amikor p\u00e1rbesz\u00e9dre \u00e9s \u00e1ll\u00e1sfoglal\u00e1sra ker\u00fcl sor. Elm\u00e9nk \u00e9s sz\u00edv\u00fcnk megnyit\u00e1s\u00e1ra \u00f6szt\u00f6n\u00f6z, ha meghallgatjuk a m\u00e1sik embert; nem felt\u00e9tlen\u00fcl az\u00e9rt, hogy mindent elfogadjunk, hanem mert tudjuk, hogy tal\u00e1lhatunk j\u00f3t abban, amit mond. \u00cdgy szeretetb\u0151l teret szabad\u00edtunk fel \u00f6nmagunkban, \u00e9s lehet\u0151s\u00e9g\u00fcnk ny\u00edlik, hogy egy\u00fctt fel\u00e9p\u00edts\u00fcnk valamit.<br \/>\n<strong>\u201eV<\/strong><strong>izsg\u00e1ljatok fel\u00fcl mindent, a j\u00f3t tarts\u00e1tok meg!<\/strong><strong>\u201d <\/strong><br \/>\nTimothy Radcliffe atya, a katolikus egyh\u00e1z p\u00fcsp\u00f6ki szin\u00f3dus\u00e1n r\u00e9sztvev\u0151 teol\u00f3gusok egyike azt mondta, hogy \u201ea legb\u00e1trabb dolog, amit ezen a szin\u00f3duson tehet\u00fcnk, hogy \u0151szint\u00e9k vagyunk egym\u00e1shoz a k\u00e9ts\u00e9geinket \u00e9s a k\u00e9rd\u00e9seinket illet\u0151en, amelyekre nem tal\u00e1lunk egy\u00e9rtelm\u0171 v\u00e1laszt. \u00cdgy az igazs\u00e1g\u00e9rt esd\u0151, keres\u0151 t\u00e1rsakk\u00e9nt fordulhatunk egym\u00e1shoz.\u201d<\/p>\n<p><a href=\"#_ftn3\" name=\"_ftnref3\">[3]<\/a><\/p>\n<p>Margaret Karram fokolarinikkel besz\u00e9lgetve ezt \u00edgy komment\u00e1lta: \u201eEzen elgondolkodva r\u00e1j\u00f6ttem, hogy sokszor nem volt b\u00e1tors\u00e1gom igaz\u00e1n kimondani, amit gondolok. Tal\u00e1n az\u00e9rt, mert f\u00e9ltem, hogy nem \u00e9rtik meg, vagy tal\u00e1n az\u00e9rt, hogy ne mondjak a t\u00f6bbs\u00e9g\u00e9t\u0151l teljesen elt\u00e9r\u0151 v\u00e9lem\u00e9nyt. R\u00e1j\u00f6ttem, ha az \u00bbigazs\u00e1g\u00e9rt esedez\u00fcnk\u00ab, akkor ez a magatart\u00e1s \u00e9ppen azt fejezi ki, hogy k\u00f6zel \u00e1llunk egym\u00e1shoz, hiszen mindannyian azt akarjuk, amit Isten akar, mindannyian egy\u00fctt keress\u00fck a j\u00f3t.\u201d<a href=\"Margaret Karram, Besz\u00e9lget\u00e9s a fokolarinikkel, Rocca di Papa, 2024. 02. 03.\" name=\"_ftnref4\">[4]<\/a><br \/>\n<strong>\u201eV<\/strong><strong>izsg\u00e1ljatok fel\u00fcl mindent, a j\u00f3t tarts\u00e1tok meg!<\/strong><strong>\u201d<\/strong><br \/>\nEzt tapasztalta Ant\u00eda is, aki tagja a <em>Mozaik<\/em> m\u0171v\u00e9szeti csoportnak, mely 2017-ben sz\u00fcletett Spanyolorsz\u00e1gban <em>Gen Rosso Helyi Projekt<\/em> n\u00e9ven<em>.<\/em> Fiatal spanyolokb\u00f3l \u00e1ll, akik m\u0171v\u00e9szi el\u0151ad\u00e1sok \u00e9s workshopok keret\u00e9ben k\u00edn\u00e1lj\u00e1k fel a testv\u00e9ris\u00e9g megtapasztal\u00e1s\u00e1t.<br \/>\nAnt\u00eda elmondta: \u201eAz \u00e1ltalunk vallott \u00e9rt\u00e9kekkel \u00e1ll ez kapcsolatban: egy testv\u00e9ri vil\u00e1g, ahol mindenki (ak\u00e1r nagyon fiatal, vagy tapasztalatlan, sebezhet\u0151\u2026) a maga hozz\u00e1j\u00e1rul\u00e1s\u00e1t adja ehhez a kezdem\u00e9nyez\u00e9shez. A <em>Mozaik<\/em> a neh\u00e9zs\u00e9gek \u00e9s a kem\u00e9ny munka ellen\u00e9re bizony\u00edtja sz\u00e1momra, hogy az egys\u00e9gesebb vil\u00e1g nem ut\u00f3pia. Csapatmunk\u00e1ban n\u0151ttem fel, olyan p\u00e1rbesz\u00e9dben, amely n\u00e9ha t\u00fal \u0151szint\u00e9nek t\u0171nhet, \u00e9s gyakran azzal j\u00e1r, hogy feladom a saj\u00e1t, legjobbnak v\u00e9lt \u00f6tleteimet. Az eredm\u00e9ny viszont az, hogy a \u00bbj\u00f3t\u00ab fokr\u00f3l fokra \u00e9p\u00edtj\u00fck egy\u00fctt, mindannyian.\u201d<a href=\"A Mozaik GRLP csatlakozik az Er\u0151sek er\u0151szak n\u00e9lk\u00fcl projekthez, amelynek l\u00e9nyege, hogy h\u00e1rom napon kereszt\u00fcl multidiszciplin\u00e1ris workshopokat szerveznek fiatalokkal k\u00fcl\u00f6nb\u00f6z\u0151 v\u00e1rosokban, hogy a m\u0171v\u00e9szeten kereszt\u00fcl pr\u00f3b\u00e1lj\u00e1k k\u00f6zvet\u00edteni az er\u0151szakmentess\u00e9g, a b\u00e9ke \u00e9s a p\u00e1rbesz\u00e9d \u00e9rt\u00e9k\u00e9t.\" name=\"_ftnref5\">[5]<\/a><\/p>\n<p><em>Patrizia Mazzola \u00e9s az \u00e9letige csoport gondoz\u00e1s\u00e1ban<\/em><\/p>\n<p><a href=\"v\u00f6. II. J\u00e1nos P\u00e1l, \u00c1ltal\u00e1nos kihallgat\u00e1s, 1992. 06. 24., n.7\" name=\"_ftn1\">[1]<\/a> v\u00f6. <em>II. J\u00e1nos P\u00e1l<\/em>, \u00c1ltal\u00e1nos kihallgat\u00e1s, 1992. 06. 24., n.7<\/p>\n<p><a href=\"#_ftnref2\" name=\"_ftn2\">[2]<\/a> v\u00f6. Hipp\u00f3i \u00c1goston, Ep. Jo. 7, 8. 7, 8.<\/p>\n<p><a href=\"#_ftnref3\" name=\"_ftn3\">[3]<\/a> Timothy Radcliffe atya, 3. elm\u00e9lked\u00e9s, <em>Bar\u00e1ts\u00e1g,<\/em> P\u00fcsp\u00f6ki Szin\u00f3dus, 2023. 10. 02.<\/p>\n<p><a href=\"#_ftnref4\" name=\"_ftn4\">[4]<\/a> Margaret Karram, Besz\u00e9lget\u00e9s a fokolarinikkel, Rocca di Papa, 2024. 02. 03.<\/p>\n<p><a href=\"A Mozaik GRLP csatlakozik az Er\u0151sek er\u0151szak n\u00e9lk\u00fcl projekthez, amelynek l\u00e9nyege, hogy h\u00e1rom napon kereszt\u00fcl multidiszciplin\u00e1ris workshopokat szerveznek fiatalokkal k\u00fcl\u00f6nb\u00f6z\u0151 v\u00e1rosokban, hogy a m\u0171v\u00e9szeten kereszt\u00fcl pr\u00f3b\u00e1lj\u00e1k k\u00f6zvet\u00edteni az er\u0151szakmentess\u00e9g, a b\u00e9ke \u00e9s a p\u00e1rbesz\u00e9d \u00e9rt\u00e9k\u00e9t.\" name=\"_ftn5\">[5]<\/a> <em>A Mozaik GRLP<\/em> csatlakozik az <em>Er\u0151sek er\u0151szak n\u00e9lk\u00fcl <\/em><em>projekthez,<\/em> amelynek l\u00e9nyege, hogy h\u00e1rom napon kereszt\u00fcl multidiszciplin\u00e1ris workshopokat szerveznek fiatalokkal k\u00fcl\u00f6nb\u00f6z\u0151 v\u00e1rosokban, hogy a m\u0171v\u00e9szeten kereszt\u00fcl pr\u00f3b\u00e1lj\u00e1k k\u00f6zvet\u00edteni az er\u0151szakmentess\u00e9g, a b\u00e9ke \u00e9s a p\u00e1rbesz\u00e9d \u00e9rt\u00e9k\u00e9t.<\/p>\n<\/div><\/div><\/div><div class=\"fusion-layout-column fusion_builder_column fusion-builder-column-3 fusion_builder_column_1_3 1_3 fusion-flex-column\" style=\"--awb-padding-top:30px;--awb-padding-right:30px;--awb-padding-bottom:10px;--awb-padding-left:30px;--awb-bg-color:var(--awb-custom13);--awb-bg-color-hover:var(--awb-custom13);--awb-bg-size:cover;--awb-width-large:33.333333333333%;--awb-margin-top-large:0px;--awb-spacing-right-large:5.76%;--awb-margin-bottom-large:20px;--awb-spacing-left-large:5.76%;--awb-width-medium:100%;--awb-order-medium:0;--awb-spacing-right-medium:1.92%;--awb-spacing-left-medium:1.92%;--awb-width-small:100%;--awb-order-small:0;--awb-spacing-right-small:1.92%;--awb-spacing-left-small:1.92%;\"><div class=\"fusion-column-wrapper fusion-column-has-shadow fusion-flex-justify-content-flex-start fusion-content-layout-column\"><div class=\"fusion-title title fusion-title-2 fusion-sep-none fusion-title-center fusion-title-text fusion-title-size-four\"><h4 class=\"fusion-title-heading title-heading-center\" style=\"margin:0;\">T\u00f6ltsd le PDF form\u00e1tumban<\/h4><\/div><div style=\"text-align:center;\"><a class=\"fusion-button button-flat fusion-button-default-size button-default fusion-button-default button-1 fusion-button-span-yes fusion-button-default-type\" style=\"--button_margin-bottom:20px;\" target=\"_blank\" rel=\"noopener noreferrer\" href=\"https:\/\/focolare.ro\/wp-content\/uploads\/2025\/02\/CV-02-2025-A5-HU.pdf\"><span class=\"fusion-button-icon-divider button-icon-divider-left\"><i class=\"fa-file-pdf fas awb-button__icon awb-button__icon--default\" aria-hidden=\"true\"><\/i><\/span><span class=\"fusion-button-text awb-button__text awb-button__text--default fusion-button-text-left\">Feln\u0151ttek r\u00e9sz\u00e9re<\/span><\/a><\/div><div style=\"text-align:center;\"><a class=\"fusion-button button-flat fusion-button-default-size button-default fusion-button-default button-2 fusion-button-span-yes fusion-button-default-type\" style=\"--button_margin-bottom:20px;\" target=\"_blank\" rel=\"noopener noreferrer\" href=\"https:\/\/focolare.ro\/wp-content\/uploads\/2025\/02\/ige202502ph_compressed_compressed_compressed.pdf\"><span class=\"fusion-button-icon-divider button-icon-divider-left\"><i class=\"fa-file-pdf fas awb-button__icon awb-button__icon--default\" aria-hidden=\"true\"><\/i><\/span><span class=\"fusion-button-text awb-button__text awb-button__text--default fusion-button-text-left\">Fiatalok<\/span><\/a><\/div><div style=\"text-align:center;\"><a class=\"fusion-button button-flat fusion-button-default-size button-default fusion-button-default button-3 fusion-button-span-yes fusion-button-default-type\" style=\"--button_margin-bottom:20px;\" target=\"_blank\" rel=\"noopener noreferrer\" href=\"https:\/\/focolare.ro\/wp-content\/uploads\/2025\/02\/ige202502kifsz.pdf\"><span class=\"fusion-button-icon-divider button-icon-divider-left\"><i class=\"fa-file-pdf fas awb-button__icon awb-button__icon--default\" aria-hidden=\"true\"><\/i><\/span><span class=\"fusion-button-text awb-button__text awb-button__text--default fusion-button-text-left\">Gyerekeknek sz\u00ednes v\u00e1ltozat<\/span><\/a><\/div><div style=\"text-align:center;\"><a class=\"fusion-button button-flat fusion-button-default-size button-default fusion-button-default button-4 fusion-button-span-yes fusion-button-default-type\" style=\"--button_margin-bottom:20px;\" target=\"_blank\" rel=\"noopener noreferrer\" href=\"https:\/\/focolare.ro\/wp-content\/uploads\/2025\/02\/ige202502kif.pdf\"><span class=\"fusion-button-icon-divider button-icon-divider-left\"><i class=\"fa-file-pdf fas awb-button__icon awb-button__icon--default\" aria-hidden=\"true\"><\/i><\/span><span class=\"fusion-button-text awb-button__text awb-button__text--default fusion-button-text-left\">Gyerekeknek kifest\u0151<\/span><\/a><\/div><\/div><\/div><\/div><\/div><div class=\"fusion-fullwidth fullwidth-box fusion-builder-row-4 fusion-flex-container nonhundred-percent-fullwidth non-hundred-percent-height-scrolling\" style=\"--awb-border-sizes-bottom:3px;--awb-border-color:var(--awb-color5);--awb-border-radius-top-left:0px;--awb-border-radius-top-right:0px;--awb-border-radius-bottom-right:0px;--awb-border-radius-bottom-left:0px;--awb-flex-wrap:wrap;\" ><div class=\"fusion-builder-row fusion-row fusion-flex-align-items-flex-start fusion-flex-content-wrap\" style=\"max-width:1216.8px;margin-left: calc(-4% \/ 2 );margin-right: calc(-4% \/ 2 );\"><\/div><\/div><\/p>\n","protected":false},"excerpt":{"rendered":"","protected":false},"author":10,"featured_media":0,"parent":5217,"menu_order":0,"comment_status":"closed","ping_status":"closed","template":"100-width.php","meta":{"footnotes":""},"class_list":["post-5244","page","type-page","status-publish","hentry"],"_links":{"self":[{"href":"https:\/\/focolare.ro\/hu\/wp-json\/wp\/v2\/pages\/5244","targetHints":{"allow":["GET"]}}],"collection":[{"href":"https:\/\/focolare.ro\/hu\/wp-json\/wp\/v2\/pages"}],"about":[{"href":"https:\/\/focolare.ro\/hu\/wp-json\/wp\/v2\/types\/page"}],"author":[{"embeddable":true,"href":"https:\/\/focolare.ro\/hu\/wp-json\/wp\/v2\/users\/10"}],"replies":[{"embeddable":true,"href":"https:\/\/focolare.ro\/hu\/wp-json\/wp\/v2\/comments?post=5244"}],"version-history":[{"count":6,"href":"https:\/\/focolare.ro\/hu\/wp-json\/wp\/v2\/pages\/5244\/revisions"}],"predecessor-version":[{"id":5256,"href":"https:\/\/focolare.ro\/hu\/wp-json\/wp\/v2\/pages\/5244\/revisions\/5256"}],"up":[{"embeddable":true,"href":"https:\/\/focolare.ro\/hu\/wp-json\/wp\/v2\/pages\/5217"}],"wp:attachment":[{"href":"https:\/\/focolare.ro\/hu\/wp-json\/wp\/v2\/media?parent=5244"}],"curies":[{"name":"wp","href":"https:\/\/api.w.org\/{rel}","templated":true}]}}