{"id":5288,"date":"2022-04-03T14:22:54","date_gmt":"2022-04-03T11:22:54","guid":{"rendered":"https:\/\/focolare.ro\/az-elet-igeje\/elet-ige-2025\/2025-marcius\/"},"modified":"2025-03-16T16:49:18","modified_gmt":"2025-03-16T14:49:18","slug":"2025-marcius","status":"publish","type":"page","link":"https:\/\/focolare.ro\/hu\/az-elet-igeje\/elet-ige-2025\/2025-marcius\/","title":{"rendered":"2025. m\u00e1rcius"},"content":{"rendered":"<p><div class=\"fusion-fullwidth fullwidth-box fusion-builder-row-1 fusion-flex-container has-pattern-background has-mask-background fusion-parallax-none nonhundred-percent-fullwidth non-hundred-percent-height-scrolling lazyload\" style=\"--awb-border-radius-top-left:0px;--awb-border-radius-top-right:0px;--awb-border-radius-bottom-right:0px;--awb-border-radius-bottom-left:0px;--awb-background-color:var(--awb-custom14);--awb-background-size:cover;--awb-flex-wrap:wrap;\" data-bg=\"https:\/\/focolare.ro\/wp-content\/uploads\/2025\/03\/cvmartie2025.jpg\" ><div class=\"fusion-builder-row fusion-row fusion-flex-align-items-flex-start fusion-flex-content-wrap\" style=\"max-width:1216.8px;margin-left: calc(-4% \/ 2 );margin-right: calc(-4% \/ 2 );\"><div class=\"fusion-layout-column fusion_builder_column fusion-builder-column-0 fusion_builder_column_1_1 1_1 fusion-flex-column\" style=\"--awb-bg-size:cover;--awb-width-large:100%;--awb-margin-top-large:0px;--awb-spacing-right-large:1.92%;--awb-margin-bottom-large:20px;--awb-spacing-left-large:1.92%;--awb-width-medium:100%;--awb-order-medium:0;--awb-spacing-right-medium:1.92%;--awb-spacing-left-medium:1.92%;--awb-width-small:100%;--awb-order-small:0;--awb-spacing-right-small:1.92%;--awb-spacing-left-small:1.92%;\"><div class=\"fusion-column-wrapper fusion-column-has-shadow fusion-flex-justify-content-flex-start fusion-content-layout-column\"><div class=\"fusion-separator fusion-full-width-sep\" style=\"align-self: center;margin-left: auto;margin-right: auto;margin-bottom:200px;width:100%;\"><\/div><div class=\"fusion-title title fusion-title-1 fusion-sep-none fusion-title-text fusion-title-size-two\" style=\"--awb-text-color:var(--awb-color1);\"><h2 class=\"fusion-title-heading title-heading-left\" style=\"margin:0;\">2025. m\u00e1rcius<\/h2><\/div><\/div><\/div><\/div><\/div><div class=\"fusion-fullwidth fullwidth-box fusion-builder-row-2 fusion-flex-container nonhundred-percent-fullwidth non-hundred-percent-height-scrolling\" style=\"--awb-border-radius-top-left:0px;--awb-border-radius-top-right:0px;--awb-border-radius-bottom-right:0px;--awb-border-radius-bottom-left:0px;--awb-background-color:var(--awb-color1);--awb-flex-wrap:wrap;\" ><div class=\"fusion-builder-row fusion-row fusion-flex-align-items-flex-start fusion-flex-content-wrap\" style=\"max-width:1216.8px;margin-left: calc(-4% \/ 2 );margin-right: calc(-4% \/ 2 );\"><div class=\"fusion-layout-column fusion_builder_column fusion-builder-column-1 fusion_builder_column_1_1 1_1 fusion-flex-column\" style=\"--awb-bg-size:cover;--awb-width-large:100%;--awb-margin-top-large:0px;--awb-spacing-right-large:1.92%;--awb-margin-bottom-large:20px;--awb-spacing-left-large:1.92%;--awb-width-medium:100%;--awb-order-medium:0;--awb-spacing-right-medium:1.92%;--awb-spacing-left-medium:1.92%;--awb-width-small:100%;--awb-order-small:0;--awb-spacing-right-small:1.92%;--awb-spacing-left-small:1.92%;\"><div class=\"fusion-column-wrapper fusion-column-has-shadow fusion-flex-justify-content-flex-start fusion-content-layout-column\"><div class=\"fusion-separator fusion-full-width-sep\" style=\"align-self: center;margin-left: auto;margin-right: auto;margin-bottom:100px;width:100%;\"><\/div><\/div><\/div><\/div><\/div><div class=\"fusion-fullwidth fullwidth-box fusion-builder-row-3 fusion-flex-container nonhundred-percent-fullwidth non-hundred-percent-height-scrolling\" style=\"--awb-border-radius-top-left:0px;--awb-border-radius-top-right:0px;--awb-border-radius-bottom-right:0px;--awb-border-radius-bottom-left:0px;--awb-flex-wrap:wrap;\" ><div class=\"fusion-builder-row fusion-row fusion-flex-align-items-flex-start fusion-flex-content-wrap\" style=\"max-width:1216.8px;margin-left: calc(-4% \/ 2 );margin-right: calc(-4% \/ 2 );\"><div class=\"fusion-layout-column fusion_builder_column fusion-builder-column-2 fusion_builder_column_2_3 2_3 fusion-flex-column\" style=\"--awb-bg-size:cover;--awb-width-large:66.666666666667%;--awb-margin-top-large:0px;--awb-spacing-right-large:2.88%;--awb-margin-bottom-large:20px;--awb-spacing-left-large:2.88%;--awb-width-medium:100%;--awb-order-medium:0;--awb-spacing-right-medium:1.92%;--awb-spacing-left-medium:1.92%;--awb-width-small:100%;--awb-order-small:0;--awb-spacing-right-small:1.92%;--awb-spacing-left-small:1.92%;\"><div class=\"fusion-column-wrapper fusion-column-has-shadow fusion-flex-justify-content-flex-start fusion-content-layout-column\"><div class=\"fusion-text fusion-text-1\" style=\"--awb-text-transform:none;\"><h3><strong>2025. m\u00e1rcius<\/strong><\/h3>\n<p><strong>\u201e<\/strong><strong>Mi\u00e9rt l\u00e1tod meg a sz\u00e1lk\u00e1t testv\u00e9red szem\u00e9ben, a gerend\u00e1t pedig, amely a te szemedben van, nem veszed \u00e9szre?\u201d<\/strong><strong> (<em>Lk<\/em> 6,41)<\/strong><\/p>\n<p>Miut\u00e1n lej\u00f6tt a hegyr\u0151l, ahol im\u00e1ds\u00e1gban t\u00f6lt\u00f6tte az \u00e9jszak\u00e1t, J\u00e9zus kiv\u00e1lasztja apostolait. Egy s\u00edk helyre \u00e9rkezve hossz\u00fa besz\u00e9det tart nekik, amely a boldogs\u00e1gok kihirdet\u00e9s\u00e9vel kezd\u0151dik.<\/p>\n<p>Luk\u00e1cs sz\u00f6vege \u2013 M\u00e1t\u00e9 evang\u00e9lium\u00e1val ellent\u00e9tben \u2013 csak n\u00e9gy boldogs\u00e1got eml\u00edt, boldogok a szeg\u00e9nyek, az \u00e9hez\u0151k, akik s\u00edrnak \u00e9s akiket gyal\u00e1znak, \u00e9s ugyanennyi figyelmeztet\u00e9st tartalmaznak a gazdagok, a j\u00f3llakottak \u00e9s a g\u0151g\u00f6s\u00f6k ellen (v\u00f6. <em>Lk<\/em> 6,20-26). Isten megk\u00fcl\u00f6nb\u00f6ztetett m\u00f3don szereti az utols\u00f3kat, J\u00e9zus k\u00fcldet\u00e9s\u00e9nek tekinti ezt, amikor a n\u00e1z\u00e1reti zsinag\u00f3g\u00e1ban (v\u00f6. <em>Lk<\/em> 4,16-21) kijelenti, hogy az \u00dar Lelke f\u00f6lkente, hogy \u00f6r\u00f6mh\u00edrt hozzon a szeg\u00e9nyeknek, szabadul\u00e1st a foglyoknak, \u00e9s szabads\u00e1got az elnyomottaknak.<\/p>\n<p>A tov\u00e1bbiakban J\u00e9zus arra buzd\u00edtja a tan\u00edtv\u00e1nyokat, hogy m\u00e9g az ellens\u00e9geiket is szeress\u00e9k (v\u00f6. <em>Lk<\/em> 6,27-35); ennek a felh\u00edv\u00e1snak a v\u00e9gs\u0151 oka a mennyei Atya viselked\u00e9s\u00e9re vezethet\u0151 vissza: \u201eLegyetek irgalmasok, amint Aty\u00e1tok is irgalmas!\u201d (<em>Lk<\/em> 6,36)<\/p>\n<p>Ez a kijelent\u00e9s egyben kiindul\u00f3pontja a k\u00f6vetkez\u0151knek: \u201eNe mondjatok \u00edt\u00e9letet senki f\u00f6l\u00f6tt, s akkor f\u00f6l\u00f6ttetek sem \u00edt\u00e9lkeznek! Ne \u00edt\u00e9ljetek el senkit, s akkor benneteket sem \u00edt\u00e9lnek el! Bocs\u00e1ssatok meg, \u00e9s nektek is megbocs\u00e1tanak!\u201d (<em>Lk<\/em> 6,37) Ezut\u00e1n J\u00e9zus egy sz\u00e1nd\u00e9kosan ar\u00e1nytalan k\u00e9pet alkalmazva figyelmeztet:<\/p>\n<p><strong>\u201e<\/strong><strong>Mi\u00e9rt l\u00e1tod meg a sz\u00e1lk\u00e1t testv\u00e9red szem\u00e9ben, a gerend\u00e1t pedig, amely a te szemedben van, nem veszed \u00e9szre?<\/strong><strong>\u201d<\/strong><\/p>\n<p>J\u00e9zus val\u00f3ban ismeri a sz\u00edv\u00fcnket. H\u00e1nyszor tapasztaljuk meg szomor\u00faan a mindennapi \u00e9letben, hogy k\u00f6nny\u0171 kritiz\u00e1lni \u2013 ak\u00e1r kem\u00e9nyen is \u2013 egy testv\u00e9r\u00fcnk hib\u00e1it \u00e9s gyenges\u00e9geit, \u00e9s nem vessz\u00fck figyelembe, hogy ehhez csak Istennek van joga, s az \u0151 szerep\u00e9t tulajdon\u00edtjuk el. Val\u00f3j\u00e1ban ahhoz, hogy \u201ekivegy\u00fck a gerend\u00e1t\u201d a saj\u00e1t szem\u00fcnkb\u0151l, nagy al\u00e1zatra van sz\u00fcks\u00e9g, mely abb\u00f3l fakad, hogy tudat\u00e1ban vagyunk, hogy b\u0171n\u00f6s voltunk miatt folyamatosan Isten bocs\u00e1nat\u00e1ra szorulunk. Csak azok lesznek k\u00e9pesek \u00edt\u00e9lkez\u00e9s \u00e9s t\u00falz\u00e1sok n\u00e9lk\u00fcl meg\u00e9rteni saj\u00e1t maguk \u00e9s m\u00e1sok gyarl\u00f3s\u00e1gait \u00e9s gyenges\u00e9geit, akiknek van b\u00e1tors\u00e1guk \u00e9szrevenni saj\u00e1t \u201egerend\u00e1jukat\u201d, azt, amelyre szem\u00e9lyesen sz\u00fcks\u00e9g\u00fck van ahhoz, hogy megt\u00e9rjenek.<\/p>\n<p>J\u00e9zus nem arra h\u00edv, hogy hunyjuk be a szem\u00fcnket, \u00e9s hagyjuk, hogy a dolgok menjenek a maguk \u00fatj\u00e1n. \u0150 azt akarja, hogy a k\u00f6vet\u0151i seg\u00edts\u00e9k egym\u00e1st az el\u0151rehalad\u00e1sban az \u00faj \u00e9let fel\u00e9 vezet\u0151 \u00faton. P\u00e1l apostol is nyomat\u00e9kosan k\u00e9ri, hogy t\u00f6r\u0151dj\u00fcnk a t\u00f6bbiekkel: \u201efeddj\u00e9tek meg a nyughatatlanokat, b\u00e1tor\u00edts\u00e1tok a kislelk\u0171eket, gondozz\u00e1tok a betegeket, tan\u00fas\u00edtsatok mindenki ir\u00e1nt t\u00fcrelmet!\u201d (<em>1Tessz<\/em> 5,14) Ilyen szolg\u00e1latra csak a szeretet k\u00e9pes.<\/p>\n<p><strong>\u201e<\/strong><strong>Mi\u00e9rt l\u00e1tod meg a sz\u00e1lk\u00e1t testv\u00e9red szem\u00e9ben, a gerend\u00e1t pedig, amely a te szemedben van, nem veszed \u00e9szre?<\/strong><strong>\u201d<\/strong><\/p>\n<p>Hogyan tudjuk ezt az ig\u00e9t gyakorlatra v\u00e1ltani?<\/p>\n<p>A m\u00e1r elmondottakon t\u00fal, ett\u0151l a nagyb\u00f6jti id\u0151szakt\u00f3l kezdve k\u00e9rhetj\u00fck J\u00e9zust, hogy tan\u00edtson meg \u00fagy l\u00e1tni m\u00e1sokat, ahogyan \u0151 l\u00e1tja \u0151ket, ahogyan Isten l\u00e1tja \u0151ket. Isten pedig a sz\u00edv szem\u00e9vel l\u00e1t, mert az \u0150 tekintete a szeretet pillant\u00e1sa. Azt\u00e1n hogy seg\u00edts\u00fck egym\u00e1st, vissza\u00e1ll\u00edthatn\u00e1nk azt a gyakorlatot, amely meghat\u00e1roz\u00f3 volt a Fokol\u00e1rt elind\u00edt\u00f3 els\u0151 csoport sz\u00e1m\u00e1ra Trent\u00f3ban.<\/p>\n<p>\u201eKezdetben \u2013 magyar\u00e1zta Chiara Lubich egy muszlim bar\u00e1ti t\u00e1rsas\u00e1gnak \u2013 nem volt mindig k\u00f6nny\u0171 meg\u00e9lni a szeretet radikalizmus\u00e1t. [\u2026] Magunk k\u00f6z\u00f6tt sem. Megesett, hogy a mi kapcsolatainkat is ellepte a por, \u00e9s ellanyhult az egys\u00e9g. Ez t\u00f6rt\u00e9nt p\u00e9ld\u00e1ul, amikor \u00e9szrevett\u00fck m\u00e1sok hib\u00e1it, t\u00f6k\u00e9letlens\u00e9geit, \u00e9s el\u00edt\u00e9lt\u00fck \u0151ket, \u00edgy megszakadt a k\u00f6lcs\u00f6n\u00f6s szeretet \u00e1raml\u00e1sa k\u00f6z\u00f6tt\u00fcnk. Hogy reag\u00e1ljunk erre a helyzetre, \u00fagy gondoltuk, hogy egyik nap k\u00f6t\u00fcnk egy sz\u00f6vets\u00e9get egym\u00e1ssal, \u00e9s ezt \u00bbaz irgalmass\u00e1g sz\u00f6vets\u00e9g\u00e9nek\u00ab nevezt\u00fck el. Elhat\u00e1roztuk, hogy minden reggel \u00faj szemmel n\u00e9zz\u00fck a felebar\u00e1tot, akivel tal\u00e1lkozunk \u2013 otthon, az iskol\u00e1ban, a munkahelyen stb. \u2013, \u00fajnak l\u00e1tjuk, \u00e9s nem eml\u00e9ksz\u00fcnk a hib\u00e1ira, hanem mindent befed\u00fcnk szeretettel. [\u2026] Ez komoly odaad\u00e1st k\u00e9rt, amelyet mindannyian egy\u00fctt v\u00e1llaltunk, ez seg\u00edtett benn\u00fcnket, hogy mindig els\u0151k\u00e9nt szeress\u00fcnk, az irgalmas Istent ut\u00e1nozva, aki megbocs\u00e1t \u00e9s elfelejt.\u201d<a href=\"C. Lubich, A felebar\u00e1t ir\u00e1nti szeretet, Besz\u00e9lget\u00e9s muzulm\u00e1n bar\u00e1tokkal, Castel Gandolfo, 2002. november 1., v\u00f6. C. Lubich, L\u2019Amore reciproco, Citt\u00e0 Nuova, Roma 2013, pp. 89-90.\" name=\"_ftnref1\">[1]\n<\/a><\/p>\n<p><em>Augusto Parody Reyes \u00e9s az \u00e9letige csoport gondoz\u00e1s\u00e1ban<\/em><\/p>\n<p><a href=\"C. Lubich, A felebar\u00e1t ir\u00e1nti szeretet, Besz\u00e9lget\u00e9s muzulm\u00e1n bar\u00e1tokkal, Castel Gandolfo, 2002. november 1., v\u00f6. C. Lubich, L\u2019Amore reciproco, Citt\u00e0 Nuova, Roma 2013, pp. 89-90.\" name=\"_ftn1\">[1]<\/a> C. Lubich, <em>A felebar\u00e1t ir\u00e1nti szeretet<\/em>, Besz\u00e9lget\u00e9s muzulm\u00e1n bar\u00e1tokkal, Castel Gandolfo, 2002. november 1., v\u00f6. C. Lubich, <em>L\u2019Amore reciproco<\/em>, Citt\u00e0 Nuova, Roma 2013, pp. 89-90.<\/p>\n<\/div><\/div><\/div><div class=\"fusion-layout-column fusion_builder_column fusion-builder-column-3 fusion_builder_column_1_3 1_3 fusion-flex-column\" style=\"--awb-padding-top:30px;--awb-padding-right:30px;--awb-padding-bottom:10px;--awb-padding-left:30px;--awb-bg-color:var(--awb-custom13);--awb-bg-color-hover:var(--awb-custom13);--awb-bg-size:cover;--awb-width-large:33.333333333333%;--awb-margin-top-large:0px;--awb-spacing-right-large:5.76%;--awb-margin-bottom-large:20px;--awb-spacing-left-large:5.76%;--awb-width-medium:100%;--awb-order-medium:0;--awb-spacing-right-medium:1.92%;--awb-spacing-left-medium:1.92%;--awb-width-small:100%;--awb-order-small:0;--awb-spacing-right-small:1.92%;--awb-spacing-left-small:1.92%;\"><div class=\"fusion-column-wrapper fusion-column-has-shadow fusion-flex-justify-content-flex-start fusion-content-layout-column\"><div class=\"fusion-title title fusion-title-2 fusion-sep-none fusion-title-center fusion-title-text fusion-title-size-four\"><h4 class=\"fusion-title-heading title-heading-center\" style=\"margin:0;\">T\u00f6ltsd le PDF form\u00e1tumban<\/h4><\/div><div style=\"text-align:center;\"><a class=\"fusion-button button-flat fusion-button-default-size button-default fusion-button-default button-1 fusion-button-span-yes fusion-button-default-type\" style=\"--button_margin-bottom:20px;\" target=\"_blank\" rel=\"noopener noreferrer\" href=\"https:\/\/focolare.ro\/wp-content\/uploads\/2025\/03\/CV-03-2025-A5-RO.pdf\"><span class=\"fusion-button-icon-divider button-icon-divider-left\"><i class=\"fa-file-pdf fas awb-button__icon awb-button__icon--default\" aria-hidden=\"true\"><\/i><\/span><span class=\"fusion-button-text awb-button__text awb-button__text--default fusion-button-text-left\">Feln\u0151ttek r\u00e9sz\u00e9re<\/span><\/a><\/div><div style=\"text-align:center;\"><a class=\"fusion-button button-flat fusion-button-default-size button-default fusion-button-default button-2 fusion-button-span-yes fusion-button-default-type\" style=\"--button_margin-bottom:20px;\" target=\"_blank\" rel=\"noopener noreferrer\" href=\"https:\/\/focolare.ro\/wp-content\/uploads\/2025\/03\/ige202503ph_compressed_compressed.pdf\"><span class=\"fusion-button-icon-divider button-icon-divider-left\"><i class=\"fa-file-pdf fas awb-button__icon awb-button__icon--default\" aria-hidden=\"true\"><\/i><\/span><span class=\"fusion-button-text awb-button__text awb-button__text--default fusion-button-text-left\">Fiatalok<\/span><\/a><\/div><div style=\"text-align:center;\"><a class=\"fusion-button button-flat fusion-button-default-size button-default fusion-button-default button-3 fusion-button-span-yes fusion-button-default-type\" style=\"--button_margin-bottom:20px;\" target=\"_blank\" rel=\"noopener noreferrer\" href=\"https:\/\/focolare.ro\/wp-content\/uploads\/2025\/03\/ige202503kifsz-1.pdf\"><span class=\"fusion-button-icon-divider button-icon-divider-left\"><i class=\"fa-file-pdf fas awb-button__icon awb-button__icon--default\" aria-hidden=\"true\"><\/i><\/span><span class=\"fusion-button-text awb-button__text awb-button__text--default fusion-button-text-left\">Gyerekeknek sz\u00ednes v\u00e1ltozat<\/span><\/a><\/div><div style=\"text-align:center;\"><a class=\"fusion-button button-flat fusion-button-default-size button-default fusion-button-default button-4 fusion-button-span-yes fusion-button-default-type\" style=\"--button_margin-bottom:20px;\" target=\"_blank\" rel=\"noopener noreferrer\" href=\"https:\/\/focolare.ro\/wp-content\/uploads\/2025\/03\/ige202503kif.pdf\"><span class=\"fusion-button-icon-divider button-icon-divider-left\"><i class=\"fa-file-pdf fas awb-button__icon awb-button__icon--default\" aria-hidden=\"true\"><\/i><\/span><span class=\"fusion-button-text awb-button__text awb-button__text--default fusion-button-text-left\">Gyerekeknek kifest\u0151<\/span><\/a><\/div><\/div><\/div><\/div><\/div><div class=\"fusion-fullwidth fullwidth-box fusion-builder-row-4 fusion-flex-container nonhundred-percent-fullwidth non-hundred-percent-height-scrolling\" style=\"--awb-border-sizes-bottom:3px;--awb-border-color:var(--awb-color5);--awb-border-radius-top-left:0px;--awb-border-radius-top-right:0px;--awb-border-radius-bottom-right:0px;--awb-border-radius-bottom-left:0px;--awb-flex-wrap:wrap;\" ><div class=\"fusion-builder-row fusion-row fusion-flex-align-items-flex-start fusion-flex-content-wrap\" style=\"max-width:1216.8px;margin-left: calc(-4% \/ 2 );margin-right: calc(-4% \/ 2 );\"><\/div><\/div><\/p>\n","protected":false},"excerpt":{"rendered":"","protected":false},"author":10,"featured_media":0,"parent":5217,"menu_order":0,"comment_status":"closed","ping_status":"closed","template":"100-width.php","meta":{"footnotes":""},"class_list":["post-5288","page","type-page","status-publish","hentry"],"_links":{"self":[{"href":"https:\/\/focolare.ro\/hu\/wp-json\/wp\/v2\/pages\/5288","targetHints":{"allow":["GET"]}}],"collection":[{"href":"https:\/\/focolare.ro\/hu\/wp-json\/wp\/v2\/pages"}],"about":[{"href":"https:\/\/focolare.ro\/hu\/wp-json\/wp\/v2\/types\/page"}],"author":[{"embeddable":true,"href":"https:\/\/focolare.ro\/hu\/wp-json\/wp\/v2\/users\/10"}],"replies":[{"embeddable":true,"href":"https:\/\/focolare.ro\/hu\/wp-json\/wp\/v2\/comments?post=5288"}],"version-history":[{"count":6,"href":"https:\/\/focolare.ro\/hu\/wp-json\/wp\/v2\/pages\/5288\/revisions"}],"predecessor-version":[{"id":5298,"href":"https:\/\/focolare.ro\/hu\/wp-json\/wp\/v2\/pages\/5288\/revisions\/5298"}],"up":[{"embeddable":true,"href":"https:\/\/focolare.ro\/hu\/wp-json\/wp\/v2\/pages\/5217"}],"wp:attachment":[{"href":"https:\/\/focolare.ro\/hu\/wp-json\/wp\/v2\/media?parent=5288"}],"curies":[{"name":"wp","href":"https:\/\/api.w.org\/{rel}","templated":true}]}}