{"id":5320,"date":"2022-04-03T14:22:54","date_gmt":"2022-04-03T11:22:54","guid":{"rendered":"https:\/\/focolare.ro\/az-elet-igeje\/elet-ige-2025\/2025-aprilis\/"},"modified":"2025-04-02T20:17:02","modified_gmt":"2025-04-02T17:17:02","slug":"2025-aprilis","status":"publish","type":"page","link":"https:\/\/focolare.ro\/hu\/az-elet-igeje\/elet-ige-2025\/2025-aprilis\/","title":{"rendered":"2025. \u00e1prilis"},"content":{"rendered":"<p><div class=\"fusion-fullwidth fullwidth-box fusion-builder-row-1 fusion-flex-container has-pattern-background has-mask-background fusion-parallax-none nonhundred-percent-fullwidth non-hundred-percent-height-scrolling lazyload\" style=\"--awb-border-radius-top-left:0px;--awb-border-radius-top-right:0px;--awb-border-radius-bottom-right:0px;--awb-border-radius-bottom-left:0px;--awb-background-color:var(--awb-custom14);--awb-background-size:cover;--awb-flex-wrap:wrap;\" data-bg=\"https:\/\/focolare.ro\/wp-content\/uploads\/2025\/03\/cvaprilie2025.jpg\" ><div class=\"fusion-builder-row fusion-row fusion-flex-align-items-flex-start fusion-flex-content-wrap\" style=\"max-width:1216.8px;margin-left: calc(-4% \/ 2 );margin-right: calc(-4% \/ 2 );\"><div class=\"fusion-layout-column fusion_builder_column fusion-builder-column-0 fusion_builder_column_1_1 1_1 fusion-flex-column\" style=\"--awb-bg-size:cover;--awb-width-large:100%;--awb-margin-top-large:0px;--awb-spacing-right-large:1.92%;--awb-margin-bottom-large:20px;--awb-spacing-left-large:1.92%;--awb-width-medium:100%;--awb-order-medium:0;--awb-spacing-right-medium:1.92%;--awb-spacing-left-medium:1.92%;--awb-width-small:100%;--awb-order-small:0;--awb-spacing-right-small:1.92%;--awb-spacing-left-small:1.92%;\"><div class=\"fusion-column-wrapper fusion-column-has-shadow fusion-flex-justify-content-flex-start fusion-content-layout-column\"><div class=\"fusion-separator fusion-full-width-sep\" style=\"align-self: center;margin-left: auto;margin-right: auto;margin-bottom:200px;width:100%;\"><\/div><div class=\"fusion-title title fusion-title-1 fusion-sep-none fusion-title-text fusion-title-size-two\" style=\"--awb-text-color:var(--awb-color1);\"><h2 class=\"fusion-title-heading title-heading-left\" style=\"margin:0;\">2025. \u00e1prilis<\/h2><\/div><\/div><\/div><\/div><\/div><div class=\"fusion-fullwidth fullwidth-box fusion-builder-row-2 fusion-flex-container nonhundred-percent-fullwidth non-hundred-percent-height-scrolling\" style=\"--awb-border-radius-top-left:0px;--awb-border-radius-top-right:0px;--awb-border-radius-bottom-right:0px;--awb-border-radius-bottom-left:0px;--awb-background-color:var(--awb-color1);--awb-flex-wrap:wrap;\" ><div class=\"fusion-builder-row fusion-row fusion-flex-align-items-flex-start fusion-flex-content-wrap\" style=\"max-width:1216.8px;margin-left: calc(-4% \/ 2 );margin-right: calc(-4% \/ 2 );\"><div class=\"fusion-layout-column fusion_builder_column fusion-builder-column-1 fusion_builder_column_1_1 1_1 fusion-flex-column\" style=\"--awb-bg-size:cover;--awb-width-large:100%;--awb-margin-top-large:0px;--awb-spacing-right-large:1.92%;--awb-margin-bottom-large:20px;--awb-spacing-left-large:1.92%;--awb-width-medium:100%;--awb-order-medium:0;--awb-spacing-right-medium:1.92%;--awb-spacing-left-medium:1.92%;--awb-width-small:100%;--awb-order-small:0;--awb-spacing-right-small:1.92%;--awb-spacing-left-small:1.92%;\"><div class=\"fusion-column-wrapper fusion-column-has-shadow fusion-flex-justify-content-flex-start fusion-content-layout-column\"><div class=\"fusion-separator fusion-full-width-sep\" style=\"align-self: center;margin-left: auto;margin-right: auto;margin-bottom:100px;width:100%;\"><\/div><\/div><\/div><\/div><\/div><div class=\"fusion-fullwidth fullwidth-box fusion-builder-row-3 fusion-flex-container nonhundred-percent-fullwidth non-hundred-percent-height-scrolling\" style=\"--awb-border-radius-top-left:0px;--awb-border-radius-top-right:0px;--awb-border-radius-bottom-right:0px;--awb-border-radius-bottom-left:0px;--awb-flex-wrap:wrap;\" ><div class=\"fusion-builder-row fusion-row fusion-flex-align-items-flex-start fusion-flex-content-wrap\" style=\"max-width:1216.8px;margin-left: calc(-4% \/ 2 );margin-right: calc(-4% \/ 2 );\"><div class=\"fusion-layout-column fusion_builder_column fusion-builder-column-2 fusion_builder_column_2_3 2_3 fusion-flex-column\" style=\"--awb-bg-size:cover;--awb-width-large:66.666666666667%;--awb-margin-top-large:0px;--awb-spacing-right-large:2.88%;--awb-margin-bottom-large:20px;--awb-spacing-left-large:2.88%;--awb-width-medium:100%;--awb-order-medium:0;--awb-spacing-right-medium:1.92%;--awb-spacing-left-medium:1.92%;--awb-width-small:100%;--awb-order-small:0;--awb-spacing-right-small:1.92%;--awb-spacing-left-small:1.92%;\"><div class=\"fusion-column-wrapper fusion-column-has-shadow fusion-flex-justify-content-flex-start fusion-content-layout-column\"><div class=\"fusion-text fusion-text-1\" style=\"--awb-text-transform:none;\"><h3><strong>2025. \u00e1prilis<\/strong><\/h3>\n<p><strong>\u201e<\/strong><strong>\u00cdme, \u00e9n \u00fajat cselekszem,<\/strong> <strong>most sarjad, tal\u00e1n nem tudj\u00e1tok?<\/strong><strong>\u201d(<em>Iz<\/em> 43,19)<\/strong><\/p>\n<p>&nbsp;<\/p>\n<p>A babiloni sz\u00e1m\u0171zet\u00e9s \u00e9s a jeruzs\u00e1lemi templom lerombol\u00e1sa kollekt\u00edv traum\u00e1t okozott Izrael n\u00e9p\u00e9ben, \u00e9s egy teol\u00f3giai k\u00e9rd\u00e9st vetett fel: vajon Isten m\u00e9g mindig vel\u00fcnk van, vagy elhagyott minket? Izaj\u00e1s k\u00f6nyv\u00e9nek e r\u00e9sze azzal a c\u00e9llal \u00edr\u00f3dott, hogy seg\u00edtsen a n\u00e9pnek meg\u00e9rteni, mit tesz vel\u00fck Isten, hogy b\u00edzzanak benne, \u00e9s \u00edgy visszat\u00e9rhessenek a haz\u00e1jukba. \u00c9ppen a sz\u00e1m\u0171zet\u00e9s megtapasztal\u00e1sa sor\u00e1n t\u00e1rul fel sz\u00e1mukra a teremt\u0151 \u00e9s megv\u00e1lt\u00f3 Isten arca.<\/p>\n<p><strong>\u201e<\/strong><strong>\u00cdme, \u00e9n \u00fajat cselekszem, <\/strong><strong>most sarjad, tal\u00e1n nem tudj\u00e1tok?<\/strong><strong>\u201d<\/strong><\/p>\n<p>Izaj\u00e1s felid\u00e9zi Isten h\u0171s\u00e9ges szeretet\u00e9t n\u00e9pe ir\u00e1nt. Az \u0150 h\u0171s\u00e9ge m\u00e9g a sz\u00e1m\u0171zet\u00e9s dr\u00e1mai id\u0151szak\u00e1ban is megmarad. Az \u00c1brah\u00e1mnak tett \u00edg\u00e9ret ugyan el\u00e9rhetetlennek t\u0171nik, \u00e9s a megk\u00f6t\u00f6tt sz\u00f6vets\u00e9g is meginogni l\u00e1tszik, de Izrael n\u00e9pe tov\u00e1bbra is Isten jelenl\u00e9t\u00e9nek k\u00fcl\u00f6n\u00f6s \u00e9s kiv\u00e1lts\u00e1gos helye marad a t\u00f6rt\u00e9nelemben.<\/p>\n<p>Ez a pr\u00f3f\u00e9tai k\u00f6nyv alapvet\u0151 \u00e9s l\u00e9tfontoss\u00e1g\u00fa k\u00e9rd\u00e9seket t\u00e1r fel nem csak az adott kor sz\u00e1m\u00e1ra: Ki tartja kez\u00e9ben a t\u00f6rt\u00e9nelem foly\u00e1s\u00e1t \u00e9s az \u00e9rtelm\u00e9t? Ezt a k\u00e9rd\u00e9st szem\u00e9lyes szinten is feltehetj\u00fck: Ki tartja kez\u00e9ben az \u00e9letemet, a sorsomat? Mi az \u00e9rtelme annak, amit \u00e9lek vagy \u00e9ltem?<\/p>\n<p><strong>\u201e<\/strong><strong>\u00cdme, \u00e9n \u00fajat cselekszem, <\/strong><strong>most sarjad, tal\u00e1n nem tudj\u00e1tok?<\/strong><strong>\u201d<\/strong><\/p>\n<p>Isten folyamatosan munk\u00e1lkodik az \u00e9let\u00fcnkben, \u00e9s \u201e\u00faj dolgokat\u201d tesz. Ha ezt nem vessz\u00fck \u00e9szre, vagy nem \u00e9rtj\u00fck az \u00e9rtelm\u00e9t \u00e9s a horderej\u00e9t, az az\u00e9rt lehet, mert m\u00e9g csak sarjadnak, vagy az\u00e9rt, mert nem vagyunk k\u00e9szek felismerni, amit Isten munk\u00e1l. Elvonj\u00e1k a figyelm\u00fcnket az esem\u00e9nyek, a lelk\u00fcnket szorongat\u00f3 ezernyi gond, a zavar\u00f3 gondolatok, \u00e9s tal\u00e1n meg sem \u00e1llunk egy kicsit, hogy megfigyelj\u00fck ezeket a hajt\u00e1sokat, amelyek az \u0150 jelenl\u00e9t\u00e9nek bizony\u00edt\u00e9kai. \u0150 soha nem hagyott el minket, folyamatosan teremti \u00e9s \u00fajrateremti \u00e9let\u00fcnket.<\/p>\n<p>\u201eMi vagyunk az \u00bb\u00fajdons\u00e1g\u00ab, az \u00bb\u00faj teremt\u00e9s\u00ab, amelyet Isten l\u00e9trehozott. [\u2026] Ne a m\u00faltat n\u00e9zz\u00fck, hogy visszas\u00edrjuk a vel\u00fcnk t\u00f6rt\u00e9nt sz\u00e9p dolgokat, vagy szomorkodjunk a hib\u00e1inkon, hanem higgy\u00fcnk szil\u00e1rdan Isten m\u0171k\u00f6d\u00e9s\u00e9ben, aki tov\u00e1bbra is k\u00e9pes \u00faj dolgokat cselekedni!\u201d <a href=\"#_ftn1\" name=\"_ftnref1\">[1]<\/a>.<\/p>\n<p><strong>\u201e<\/strong><strong>\u00cdme, \u00e9n \u00fajat cselekszem, <\/strong><strong>most sarjad, tal\u00e1n nem tudj\u00e1tok?<\/strong><strong>\u201d<\/strong><\/p>\n<p>Pr\u00f3b\u00e1ljunk meg egy\u00fcttm\u0171k\u00f6dni azokkal, akikkel egy\u00fctt j\u00e1rjuk az \u00e9let \u00fatj\u00e1t, a k\u00f6z\u00f6ss\u00e9g\u00fcnkkel, bar\u00e1tainkkal, munkat\u00e1rsainkkal, osszuk meg a gondolatainkat, \u00e9s ne vesz\u00edts\u00fck el a hit\u00fcnket abban, hogy a dolgok jobbra fordulhatnak!<\/p>\n<p>2025 k\u00fcl\u00f6nleges \u00e9v, mert az ortodox h\u00fasv\u00e9t d\u00e1tuma egybeesik a t\u00f6bbi kereszt\u00e9ny felekezet h\u00fasv\u00e9tj\u00e1val. Legyen ez az esem\u00e9ny, a h\u00fasv\u00e9t k\u00f6z\u00f6s meg\u00fcnnepl\u00e9se tan\u00fabizonys\u00e1ga az egyh\u00e1zak akarat\u00e1nak, hogy f\u00e1radhatatlan p\u00e1rbesz\u00e9dben hordozz\u00e1k az emberis\u00e9g nagy kih\u00edv\u00e1sait, \u00e9s ehhez kapcsol\u00f3d\u00f3 kezdem\u00e9nyez\u00e9seket ind\u00edtv\u00e1nyozzanak!<\/p>\n<p>K\u00e9sz\u00fclj\u00fcnk teh\u00e1t a h\u00fasv\u00e9tra, \u00e9s \u00e9lj\u00fck meg ezt az id\u0151szakot teljes \u00f6r\u00f6mmel, hittel \u00e9s rem\u00e9nnyel! Ahogy Krisztus felt\u00e1madt a hal\u00e1lb\u00f3l, \u00fagy mi is, miut\u00e1n \u00e1tkelt\u00fcnk a saj\u00e1t pusztas\u00e1gainkon, engedj\u00fck, hogy \u0150 k\u00eds\u00e9rjen benn\u00fcnket az \u00faton, aki a t\u00f6rt\u00e9nelmet \u00e9s a mi \u00e9let\u00fcnket is ir\u00e1ny\u00edtja!<\/p>\n<p><em>Patrizia Mazzola \u00e9s az \u00e9letige csoport gondoz\u00e1s\u00e1ban<\/em><\/p>\n<p><a href=\"#_ftnref1\" name=\"_ftn1\">[1]<\/a> C. Lubich, Parola di Vita di marzo 2004, in eadem, <em>Parole di Vita<\/em>, a cura di Fabio Ciardi (Opere di Chiara Lubich 5; Citt\u00e0 Nuova, Roma 2017) pp. 715-716.<\/p>\n<\/div><\/div><\/div><div class=\"fusion-layout-column fusion_builder_column fusion-builder-column-3 fusion_builder_column_1_3 1_3 fusion-flex-column\" style=\"--awb-padding-top:30px;--awb-padding-right:30px;--awb-padding-bottom:10px;--awb-padding-left:30px;--awb-bg-color:var(--awb-custom13);--awb-bg-color-hover:var(--awb-custom13);--awb-bg-size:cover;--awb-width-large:33.333333333333%;--awb-margin-top-large:0px;--awb-spacing-right-large:5.76%;--awb-margin-bottom-large:20px;--awb-spacing-left-large:5.76%;--awb-width-medium:100%;--awb-order-medium:0;--awb-spacing-right-medium:1.92%;--awb-spacing-left-medium:1.92%;--awb-width-small:100%;--awb-order-small:0;--awb-spacing-right-small:1.92%;--awb-spacing-left-small:1.92%;\"><div class=\"fusion-column-wrapper fusion-column-has-shadow fusion-flex-justify-content-flex-start fusion-content-layout-column\"><div class=\"fusion-title title fusion-title-2 fusion-sep-none fusion-title-center fusion-title-text fusion-title-size-four\"><h4 class=\"fusion-title-heading title-heading-center\" style=\"margin:0;\">T\u00f6ltsd le PDF form\u00e1tumban<\/h4><\/div><div style=\"text-align:center;\"><a class=\"fusion-button button-flat fusion-button-default-size button-default fusion-button-default button-1 fusion-button-span-yes fusion-button-default-type\" style=\"--button_margin-bottom:20px;\" target=\"_blank\" rel=\"noopener noreferrer\" href=\"https:\/\/focolare.ro\/wp-content\/uploads\/2025\/03\/CV-04-2025-A5-HU.pdf\"><span class=\"fusion-button-icon-divider button-icon-divider-left\"><i class=\"fa-file-pdf fas awb-button__icon awb-button__icon--default\" aria-hidden=\"true\"><\/i><\/span><span class=\"fusion-button-text awb-button__text awb-button__text--default fusion-button-text-left\">Feln\u0151ttek r\u00e9sz\u00e9re<\/span><\/a><\/div><div style=\"text-align:center;\"><a class=\"fusion-button button-flat fusion-button-default-size button-default fusion-button-default button-2 fusion-button-span-yes fusion-button-default-type\" style=\"--button_margin-bottom:20px;\" target=\"_blank\" rel=\"noopener noreferrer\" href=\"https:\/\/focolare.ro\/wp-content\/uploads\/2025\/04\/ige202504ph_compressed_compressed.pdf\"><span class=\"fusion-button-icon-divider button-icon-divider-left\"><i class=\"fa-file-pdf fas awb-button__icon awb-button__icon--default\" aria-hidden=\"true\"><\/i><\/span><span class=\"fusion-button-text awb-button__text awb-button__text--default fusion-button-text-left\">Fiatalok<\/span><\/a><\/div><div style=\"text-align:center;\"><a class=\"fusion-button button-flat fusion-button-default-size button-default fusion-button-default button-3 fusion-button-span-yes fusion-button-default-type\" style=\"--button_margin-bottom:20px;\" target=\"_blank\" rel=\"noopener noreferrer\" href=\"https:\/\/focolare.ro\/wp-content\/uploads\/2025\/04\/Pdv_202504_hu_Color.pdf\"><span class=\"fusion-button-icon-divider button-icon-divider-left\"><i class=\"fa-file-pdf fas awb-button__icon awb-button__icon--default\" aria-hidden=\"true\"><\/i><\/span><span class=\"fusion-button-text awb-button__text awb-button__text--default fusion-button-text-left\">Gyerekeknek sz\u00ednes v\u00e1ltozat<\/span><\/a><\/div><div style=\"text-align:center;\"><a class=\"fusion-button button-flat fusion-button-default-size button-default fusion-button-default button-4 fusion-button-span-yes fusion-button-default-type\" style=\"--button_margin-bottom:20px;\" target=\"_blank\" rel=\"noopener noreferrer\" href=\"https:\/\/focolare.ro\/wp-content\/uploads\/2025\/04\/ige202504kif.pdf\"><span class=\"fusion-button-icon-divider button-icon-divider-left\"><i class=\"fa-file-pdf fas awb-button__icon awb-button__icon--default\" aria-hidden=\"true\"><\/i><\/span><span class=\"fusion-button-text awb-button__text awb-button__text--default fusion-button-text-left\">Gyerekeknek kifest\u0151<\/span><\/a><\/div><\/div><\/div><\/div><\/div><div class=\"fusion-fullwidth fullwidth-box fusion-builder-row-4 fusion-flex-container nonhundred-percent-fullwidth non-hundred-percent-height-scrolling\" style=\"--awb-border-sizes-bottom:3px;--awb-border-color:var(--awb-color5);--awb-border-radius-top-left:0px;--awb-border-radius-top-right:0px;--awb-border-radius-bottom-right:0px;--awb-border-radius-bottom-left:0px;--awb-flex-wrap:wrap;\" ><div class=\"fusion-builder-row fusion-row fusion-flex-align-items-flex-start fusion-flex-content-wrap\" style=\"max-width:1216.8px;margin-left: calc(-4% \/ 2 );margin-right: calc(-4% \/ 2 );\"><\/div><\/div><\/p>\n","protected":false},"excerpt":{"rendered":"","protected":false},"author":10,"featured_media":0,"parent":5217,"menu_order":0,"comment_status":"closed","ping_status":"closed","template":"100-width.php","meta":{"footnotes":""},"class_list":["post-5320","page","type-page","status-publish","hentry"],"_links":{"self":[{"href":"https:\/\/focolare.ro\/hu\/wp-json\/wp\/v2\/pages\/5320","targetHints":{"allow":["GET"]}}],"collection":[{"href":"https:\/\/focolare.ro\/hu\/wp-json\/wp\/v2\/pages"}],"about":[{"href":"https:\/\/focolare.ro\/hu\/wp-json\/wp\/v2\/types\/page"}],"author":[{"embeddable":true,"href":"https:\/\/focolare.ro\/hu\/wp-json\/wp\/v2\/users\/10"}],"replies":[{"embeddable":true,"href":"https:\/\/focolare.ro\/hu\/wp-json\/wp\/v2\/comments?post=5320"}],"version-history":[{"count":7,"href":"https:\/\/focolare.ro\/hu\/wp-json\/wp\/v2\/pages\/5320\/revisions"}],"predecessor-version":[{"id":5335,"href":"https:\/\/focolare.ro\/hu\/wp-json\/wp\/v2\/pages\/5320\/revisions\/5335"}],"up":[{"embeddable":true,"href":"https:\/\/focolare.ro\/hu\/wp-json\/wp\/v2\/pages\/5217"}],"wp:attachment":[{"href":"https:\/\/focolare.ro\/hu\/wp-json\/wp\/v2\/media?parent=5320"}],"curies":[{"name":"wp","href":"https:\/\/api.w.org\/{rel}","templated":true}]}}