{"id":5351,"date":"2022-04-03T14:22:54","date_gmt":"2022-04-03T11:22:54","guid":{"rendered":"https:\/\/focolare.ro\/az-elet-igeje\/elet-ige-2025\/2025-majus\/"},"modified":"2025-05-07T04:30:55","modified_gmt":"2025-05-07T01:30:55","slug":"2025-majus","status":"publish","type":"page","link":"https:\/\/focolare.ro\/hu\/az-elet-igeje\/elet-ige-2025\/2025-majus\/","title":{"rendered":"2025. m\u00e1jus"},"content":{"rendered":"<p><div class=\"fusion-fullwidth fullwidth-box fusion-builder-row-1 fusion-flex-container has-pattern-background has-mask-background fusion-parallax-none nonhundred-percent-fullwidth non-hundred-percent-height-scrolling lazyload\" style=\"--awb-background-position:center bottom;--awb-border-radius-top-left:0px;--awb-border-radius-top-right:0px;--awb-border-radius-bottom-right:0px;--awb-border-radius-bottom-left:0px;--awb-background-color:var(--awb-custom14);--awb-background-size:cover;--awb-flex-wrap:wrap;\" data-bg=\"https:\/\/focolare.ro\/wp-content\/uploads\/2025\/05\/cvmai2025.jpg\" ><div class=\"fusion-builder-row fusion-row fusion-flex-align-items-flex-start fusion-flex-content-wrap\" style=\"max-width:1216.8px;margin-left: calc(-4% \/ 2 );margin-right: calc(-4% \/ 2 );\"><div class=\"fusion-layout-column fusion_builder_column fusion-builder-column-0 fusion_builder_column_1_1 1_1 fusion-flex-column\" style=\"--awb-bg-size:cover;--awb-width-large:100%;--awb-margin-top-large:0px;--awb-spacing-right-large:1.92%;--awb-margin-bottom-large:20px;--awb-spacing-left-large:1.92%;--awb-width-medium:100%;--awb-order-medium:0;--awb-spacing-right-medium:1.92%;--awb-spacing-left-medium:1.92%;--awb-width-small:100%;--awb-order-small:0;--awb-spacing-right-small:1.92%;--awb-spacing-left-small:1.92%;\"><div class=\"fusion-column-wrapper fusion-column-has-shadow fusion-flex-justify-content-flex-start fusion-content-layout-column\"><div class=\"fusion-separator fusion-full-width-sep\" style=\"align-self: center;margin-left: auto;margin-right: auto;margin-bottom:200px;width:100%;\"><\/div><div class=\"fusion-title title fusion-title-1 fusion-sep-none fusion-title-text fusion-title-size-two\" style=\"--awb-text-color:var(--awb-color1);\"><h2 class=\"fusion-title-heading title-heading-left\" style=\"margin:0;\">2025. m\u00e1jus<\/h2><\/div><\/div><\/div><\/div><\/div><div class=\"fusion-fullwidth fullwidth-box fusion-builder-row-2 fusion-flex-container nonhundred-percent-fullwidth non-hundred-percent-height-scrolling\" style=\"--awb-border-radius-top-left:0px;--awb-border-radius-top-right:0px;--awb-border-radius-bottom-right:0px;--awb-border-radius-bottom-left:0px;--awb-background-color:var(--awb-color1);--awb-flex-wrap:wrap;\" ><div class=\"fusion-builder-row fusion-row fusion-flex-align-items-flex-start fusion-flex-content-wrap\" style=\"max-width:1216.8px;margin-left: calc(-4% \/ 2 );margin-right: calc(-4% \/ 2 );\"><div class=\"fusion-layout-column fusion_builder_column fusion-builder-column-1 fusion_builder_column_1_1 1_1 fusion-flex-column\" style=\"--awb-bg-size:cover;--awb-width-large:100%;--awb-margin-top-large:0px;--awb-spacing-right-large:1.92%;--awb-margin-bottom-large:20px;--awb-spacing-left-large:1.92%;--awb-width-medium:100%;--awb-order-medium:0;--awb-spacing-right-medium:1.92%;--awb-spacing-left-medium:1.92%;--awb-width-small:100%;--awb-order-small:0;--awb-spacing-right-small:1.92%;--awb-spacing-left-small:1.92%;\"><div class=\"fusion-column-wrapper fusion-column-has-shadow fusion-flex-justify-content-flex-start fusion-content-layout-column\"><div class=\"fusion-separator fusion-full-width-sep\" style=\"align-self: center;margin-left: auto;margin-right: auto;margin-bottom:100px;width:100%;\"><\/div><\/div><\/div><\/div><\/div><div class=\"fusion-fullwidth fullwidth-box fusion-builder-row-3 fusion-flex-container nonhundred-percent-fullwidth non-hundred-percent-height-scrolling\" style=\"--awb-border-radius-top-left:0px;--awb-border-radius-top-right:0px;--awb-border-radius-bottom-right:0px;--awb-border-radius-bottom-left:0px;--awb-flex-wrap:wrap;\" ><div class=\"fusion-builder-row fusion-row fusion-flex-align-items-flex-start fusion-flex-content-wrap\" style=\"max-width:1216.8px;margin-left: calc(-4% \/ 2 );margin-right: calc(-4% \/ 2 );\"><div class=\"fusion-layout-column fusion_builder_column fusion-builder-column-2 fusion_builder_column_2_3 2_3 fusion-flex-column\" style=\"--awb-bg-size:cover;--awb-width-large:66.666666666667%;--awb-margin-top-large:0px;--awb-spacing-right-large:2.88%;--awb-margin-bottom-large:20px;--awb-spacing-left-large:2.88%;--awb-width-medium:100%;--awb-order-medium:0;--awb-spacing-right-medium:1.92%;--awb-spacing-left-medium:1.92%;--awb-width-small:100%;--awb-order-small:0;--awb-spacing-right-small:1.92%;--awb-spacing-left-small:1.92%;\"><div class=\"fusion-column-wrapper fusion-column-has-shadow fusion-flex-justify-content-flex-start fusion-content-layout-column\"><div class=\"fusion-text fusion-text-1\" style=\"--awb-text-transform:none;\"><h3><strong>2025. m\u00e1jus<\/strong><\/h3>\n<p><strong>\u201e<\/strong><strong>Uram, te mindent tudsz, te tudod, hogy szeretlek!<\/strong><strong>\u201d (<em>Jn<\/em> 21,17)<\/strong><\/p>\n<p>J\u00e1nos evang\u00e9lium\u00e1nak utols\u00f3 fejezete Galile\u00e1ba, a Galileai-t\u00f3hoz vezet minket. P\u00e9ter, J\u00e1nos \u00e9s a t\u00f6bbi tan\u00edtv\u00e1ny J\u00e9zus hal\u00e1la ut\u00e1n visszat\u00e9rt foglalkoz\u00e1s\u00e1hoz, a hal\u00e1szathoz, de sajnos az \u00e9jszaka eredm\u00e9nytelen\u00fcl telt.<\/p>\n<p>A Felt\u00e1madott ekkor harmadszor is megjelenik, \u00e9s arra buzd\u00edtja \u0151ket, hogy ism\u00e9t vess\u00e9k ki a h\u00e1l\u00f3jukat, \u00e9s ez\u00fattal nagyon sok halat fognak. Ezut\u00e1n megh\u00edvja \u0151ket, hogy egy\u00fctt \u00e9tkezzenek a parton. P\u00e9ter \u00e9s a t\u00f6bbiek felismert\u00e9k \u0151t, de nem mert\u00e9k megsz\u00f3l\u00edtani.<\/p>\n<p>J\u00e9zus mag\u00e1hoz veszi a kezdem\u00e9nyez\u00e9st, \u00e9s egy igen komoly k\u00e9rd\u00e9ssel fordul P\u00e9terhez: \u201eSimon, J\u00e1nos fia, te jobban szeretsz engem, mint ezek?\u201d \u00dcnnep\u00e9lyes ez a pillanat, \u00e9s J\u00e9zus h\u00e1romszor is megism\u00e9tli P\u00e9ternek ezt a megh\u00edv\u00e1s\u00e1t (v\u00f6. <em>Mt<\/em> 16, 18-19), hogy vigy\u00e1zzon juhaira, amelyeknek \u0151 maga a p\u00e1sztora (v\u00f6. <em>Jn <\/em>10,14).<\/p>\n<p><strong>\u201e<\/strong><strong>Uram, te mindent tudsz, te tudod, hogy szeretlek!<\/strong><strong>\u201d<\/strong><\/p>\n<p>P\u00e9ter azonban tudja, hogy megtagadta J\u00e9zust, \u00e9s e miatt a sz\u00f6rny\u0171 \u00e9lm\u00e9ny miatt nem tud pozit\u00edvan v\u00e1laszolni J\u00e9zus k\u00e9rd\u00e9s\u00e9re. Al\u00e1zatosan v\u00e1laszol: \u201eTe tudod, hogy szeretlek.\u201d<\/p>\n<p>A p\u00e1rbesz\u00e9d sor\u00e1n J\u00e9zus nem tesz szemreh\u00e1ny\u00e1st P\u00e9ternek a tagad\u00e1s\u00e9rt, nem bocs\u00e1tkozik bele, hogy felr\u00f3ja neki ezt a hib\u00e1t. A lehet\u0151s\u00e9gei szintj\u00e9n ny\u00fal hozz\u00e1, beleviszi a f\u00e1jdalmas sebbe, hogy bar\u00e1ts\u00e1g\u00e1val gy\u00f3gy\u00edtsa meg azt. Csak annyit k\u00e9r, hogy a k\u00f6lcs\u00f6n\u00f6s bizalomban \u00e9p\u00edts\u00e9k \u00fajra a kapcsolatot.<\/p>\n<p>P\u00e9terb\u0151l ekkor t\u00f6r fel ez a v\u00e1lasz, amely saj\u00e1t gyenges\u00e9g\u00e9t tudatos\u00edtja, ugyanakkor a Mester \u00e9s \u00dar befogad\u00f3 szeretet\u00e9be vetett korl\u00e1tlan bizalm\u00e1t t\u00fckr\u00f6zi:<\/p>\n<p><strong>\u201e<\/strong><strong>Uram, te mindent tudsz, te tudod, hogy szeretlek!<\/strong><strong>\u201d<\/strong><\/p>\n<p>J\u00e9zus mindannyiunknak ugyanazt a k\u00e9rd\u00e9st teszi fel: Szeretsz-e engem? Akarsz-e a bar\u00e1tom lenni?<\/p>\n<p>\u0150 mindent tud: ismeri a t\u0151le kapott aj\u00e1nd\u00e9kokat, valamint a gyenges\u00e9geinket \u00e9s sebeinket, n\u00e9ha v\u00e9rz\u0151 sebeinket is. M\u00e9gis mindig \u00fajra b\u00edzik, de nem a mi er\u0151nkben, hanem a vele val\u00f3 bar\u00e1ts\u00e1gunkban.<\/p>\n<p>Ebben a bar\u00e1ts\u00e1gban tal\u00e1lja meg P\u00e9ter is a b\u00e1tors\u00e1got, hogy \u00e9let\u00e9nek odaad\u00e1s\u00e1val is tan\u00fas\u00e1got tegyen J\u00e9zus ir\u00e1nti szeretet\u00e9r\u0151l.<\/p>\n<p>\u201eMindny\u00e1jan \u00e1t\u00e9lj\u00fck a gy\u00f6nges\u00e9g, a csal\u00f3dotts\u00e1g, az elb\u00e1tortalanod\u00e1s pillanatait. Gyakran [\u2026] el kell viseln\u00fcnk mindenf\u00e9le f\u00e1jdalmat: ellens\u00e9gesked\u00e9st, s\u00falyos helyzeteket, betegs\u00e9geket, hal\u00e1leseteket, bels\u0151 megpr\u00f3b\u00e1ltat\u00e1sokat, \u00e9rtetlens\u00e9get, k\u00eds\u00e9rt\u00e9seket, kudarcokat. [\u2026] Mi\u00e9rt? Mert \u00e9ppen az, aki k\u00e9ptelennek \u00e9rzi mag\u00e1t arra, hogy ki\u00e1lljon bizonyos pr\u00f3b\u00e1kat, amelyek fizikum\u00e1t vagy lelk\u00e9t \u00e9rik, mivel nem sz\u00e1m\u00edthat saj\u00e1t erej\u00e9re, abba a helyzetbe ker\u00fcl, hogy r\u00e1b\u00edzza mag\u00e1t Istenre. \u00c9s \u0150 \u2013 akit vonz ez a bizalom \u2013 k\u00f6zbel\u00e9p. Amikor \u0150 cselekszik, nagy dolgokat tesz, amelyek m\u00e9g nagyobbnak t\u0171nnek, \u00e9ppen, mert kicsinys\u00e9g\u00fcnkb\u0151l fakadnak.\u201d<a href=\"#_ftn1\" name=\"_ftnref1\">[1]\n<\/a><\/p>\n<p>A mindennapi \u00e9letben \u00fagy \u00e1llhatunk Isten el\u00e9, ahogy vagyunk, \u00e9s k\u00e9rhetj\u00fck gy\u00f3gy\u00edt\u00f3 bar\u00e1ts\u00e1g\u00e1t. Ha teljes bizalommal \u00e1tadjuk magunkat az \u0150 irgalm\u00e1nak, akkor \u00fajra bens\u0151s\u00e9ges kapcsolatra tal\u00e1lunk az \u00darral, \u00e9s tov\u00e1bbra is Vele j\u00e1rhatjuk utunkat.<\/p>\n<p><strong>\u201e<\/strong><strong>Uram, te mindent tudsz, te tudod, hogy szeretlek!<\/strong><strong>\u201d<\/strong><\/p>\n<p>Ez az \u00e9letige szem\u00e9lyes im\u00e1ds\u00e1gg\u00e1 is v\u00e1lhat, lehet a mi v\u00e1laszunk, hogy kev\u00e9s er\u0151nkkel Istenre b\u00edzzuk magunkat, \u00e9s megk\u00f6sz\u00f6nj\u00fck neki szeretet\u00e9nek jeleit:<\/p>\n<p>\u201eSzeretlek, mert behatolt\u00e1l \u00e9letembe, jobban, mint a leveg\u0151 a t\u00fcd\u0151mbe, jobban, mint a v\u00e9r ereimbe. Te behatolt\u00e1l oda, ahov\u00e1 senki sem tudott behatolni, senki sem tudott rajtam seg\u00edteni, valah\u00e1nyszor senki sem tudott megvigasztalni. [\u2026] Add, hogy h\u00e1tralev\u0151 id\u0151mben \u2013 legal\u00e1bb egy kicsit \u2013 h\u00e1l\u00e1s legyek Neked ez\u00e9rt a szeretet\u00e9rt, amivel el\u00e1rasztott\u00e1l, \u00e9s amit\u0151l kit\u00f6r bel\u0151lem a sz\u00f3: szeretlek.\u201d<a href=\"#_ftn2\" name=\"_ftnref2\">[2]<\/a>.<\/p>\n<p>A csal\u00e1di, t\u00e1rsadalmi \u00e9s egyh\u00e1zi kapcsolatainkban is elsaj\u00e1t\u00edthatjuk J\u00e9zus st\u00edlus\u00e1t: mindenkit szeretni, els\u0151k\u00e9nt szeretni, \u201emegmosni a testv\u00e9reink l\u00e1b\u00e1t\u201d (v\u00f6. <em>Jn<\/em> 13,14), k\u00fcl\u00f6n\u00f6sen a legkisebbek\u00e9t \u00e9s a leggyeng\u00e9bbek\u00e9t. \u00cdgy megtanulunk majd mindenkit al\u00e1zattal \u00e9s t\u00fcrelemmel fogadni, \u00edt\u00e9lkez\u00e9s n\u00e9lk\u00fcl, k\u00e9szen arra, hogy bocs\u00e1natot k\u00e9rj\u00fcnk \u00e9s el is fogadjuk a megbocs\u00e1t\u00e1st, hogy azt\u00e1n egy\u00fctt meg\u00e9rts\u00fck, hogyan lehet v\u00e1llvetve j\u00e1rni az \u00e9let \u00fatj\u00e1t.<\/p>\n<p><em>Letizia Magri \u00e9s az \u00e9letige csoport gondoz\u00e1s\u00e1ban<\/em><\/p>\n<p><a href=\"#_ftnref1\" name=\"_ftn1\">[1]<\/a> C. Lubich, Az \u00e9let ig\u00e9je, 2000. j\u00falius, \u00daj V\u00e1ros 2000\/7<\/p>\n<p><a href=\"#_ftnref2\" name=\"_ftn2\">[2]<\/a> <em>C. Lubich<\/em>, <em>Az egys\u00e9g lelkis\u00e9ge<\/em>, <em>\u00daj V\u00e1ros<\/em>, Budapest, 2020, 202-203. o.<\/p>\n<\/div><\/div><\/div><div class=\"fusion-layout-column fusion_builder_column fusion-builder-column-3 fusion_builder_column_1_3 1_3 fusion-flex-column\" style=\"--awb-padding-top:30px;--awb-padding-right:30px;--awb-padding-bottom:10px;--awb-padding-left:30px;--awb-bg-color:var(--awb-custom13);--awb-bg-color-hover:var(--awb-custom13);--awb-bg-size:cover;--awb-width-large:33.333333333333%;--awb-margin-top-large:0px;--awb-spacing-right-large:5.76%;--awb-margin-bottom-large:20px;--awb-spacing-left-large:5.76%;--awb-width-medium:100%;--awb-order-medium:0;--awb-spacing-right-medium:1.92%;--awb-spacing-left-medium:1.92%;--awb-width-small:100%;--awb-order-small:0;--awb-spacing-right-small:1.92%;--awb-spacing-left-small:1.92%;\"><div class=\"fusion-column-wrapper fusion-column-has-shadow fusion-flex-justify-content-flex-start fusion-content-layout-column\"><div class=\"fusion-title title fusion-title-2 fusion-sep-none fusion-title-center fusion-title-text fusion-title-size-four\"><h4 class=\"fusion-title-heading title-heading-center\" style=\"margin:0;\">T\u00f6ltsd le PDF form\u00e1tumban<\/h4><\/div><div style=\"text-align:center;\"><a class=\"fusion-button button-flat fusion-button-default-size button-default fusion-button-default button-1 fusion-button-span-yes fusion-button-default-type\" style=\"--button_margin-bottom:20px;\" target=\"_blank\" rel=\"noopener noreferrer\" href=\"https:\/\/focolare.ro\/wp-content\/uploads\/2025\/05\/CV-05-2025-A5-HU.pdf\"><span class=\"fusion-button-icon-divider button-icon-divider-left\"><i class=\"fa-file-pdf fas awb-button__icon awb-button__icon--default\" aria-hidden=\"true\"><\/i><\/span><span class=\"fusion-button-text awb-button__text awb-button__text--default fusion-button-text-left\">Feln\u0151ttek r\u00e9sz\u00e9re<\/span><\/a><\/div><div style=\"text-align:center;\"><a class=\"fusion-button button-flat fusion-button-default-size button-default fusion-button-default button-2 fusion-button-span-yes fusion-button-default-type\" style=\"--button_margin-bottom:20px;\" target=\"_blank\" rel=\"noopener noreferrer\" href=\"https:\/\/focolare.ro\/wp-content\/uploads\/2025\/05\/ige202505ph.pdf\"><span class=\"fusion-button-icon-divider button-icon-divider-left\"><i class=\"fa-file-pdf fas awb-button__icon awb-button__icon--default\" aria-hidden=\"true\"><\/i><\/span><span class=\"fusion-button-text awb-button__text awb-button__text--default fusion-button-text-left\">Fiatalok<\/span><\/a><\/div><div style=\"text-align:center;\"><a class=\"fusion-button button-flat fusion-button-default-size button-default fusion-button-default button-3 fusion-button-span-yes fusion-button-default-type\" style=\"--button_margin-bottom:20px;\" target=\"_blank\" rel=\"noopener noreferrer\" href=\"https:\/\/focolare.ro\/wp-content\/uploads\/2025\/05\/Pdv_202505_hu_Color.pdf\"><span class=\"fusion-button-icon-divider button-icon-divider-left\"><i class=\"fa-file-pdf fas awb-button__icon awb-button__icon--default\" aria-hidden=\"true\"><\/i><\/span><span class=\"fusion-button-text awb-button__text awb-button__text--default fusion-button-text-left\">Gyerekeknek sz\u00ednes v\u00e1ltozat<\/span><\/a><\/div><div style=\"text-align:center;\"><a class=\"fusion-button button-flat fusion-button-default-size button-default fusion-button-default button-4 fusion-button-span-yes fusion-button-default-type\" style=\"--button_margin-bottom:20px;\" target=\"_blank\" rel=\"noopener noreferrer\" href=\"https:\/\/focolare.ro\/wp-content\/uploads\/2025\/05\/ige202505kif.pdf\"><span class=\"fusion-button-icon-divider button-icon-divider-left\"><i class=\"fa-file-pdf fas awb-button__icon awb-button__icon--default\" aria-hidden=\"true\"><\/i><\/span><span class=\"fusion-button-text awb-button__text awb-button__text--default fusion-button-text-left\">Gyerekeknek kifest\u0151<\/span><\/a><\/div><\/div><\/div><\/div><\/div><div class=\"fusion-fullwidth fullwidth-box fusion-builder-row-4 fusion-flex-container nonhundred-percent-fullwidth non-hundred-percent-height-scrolling\" style=\"--awb-border-sizes-bottom:3px;--awb-border-color:var(--awb-color5);--awb-border-radius-top-left:0px;--awb-border-radius-top-right:0px;--awb-border-radius-bottom-right:0px;--awb-border-radius-bottom-left:0px;--awb-flex-wrap:wrap;\" ><div class=\"fusion-builder-row fusion-row fusion-flex-align-items-flex-start fusion-flex-content-wrap\" style=\"max-width:1216.8px;margin-left: calc(-4% \/ 2 );margin-right: calc(-4% \/ 2 );\"><\/div><\/div><\/p>\n","protected":false},"excerpt":{"rendered":"","protected":false},"author":10,"featured_media":0,"parent":5217,"menu_order":0,"comment_status":"closed","ping_status":"closed","template":"100-width.php","meta":{"footnotes":""},"class_list":["post-5351","page","type-page","status-publish","hentry"],"_links":{"self":[{"href":"https:\/\/focolare.ro\/hu\/wp-json\/wp\/v2\/pages\/5351","targetHints":{"allow":["GET"]}}],"collection":[{"href":"https:\/\/focolare.ro\/hu\/wp-json\/wp\/v2\/pages"}],"about":[{"href":"https:\/\/focolare.ro\/hu\/wp-json\/wp\/v2\/types\/page"}],"author":[{"embeddable":true,"href":"https:\/\/focolare.ro\/hu\/wp-json\/wp\/v2\/users\/10"}],"replies":[{"embeddable":true,"href":"https:\/\/focolare.ro\/hu\/wp-json\/wp\/v2\/comments?post=5351"}],"version-history":[{"count":6,"href":"https:\/\/focolare.ro\/hu\/wp-json\/wp\/v2\/pages\/5351\/revisions"}],"predecessor-version":[{"id":5363,"href":"https:\/\/focolare.ro\/hu\/wp-json\/wp\/v2\/pages\/5351\/revisions\/5363"}],"up":[{"embeddable":true,"href":"https:\/\/focolare.ro\/hu\/wp-json\/wp\/v2\/pages\/5217"}],"wp:attachment":[{"href":"https:\/\/focolare.ro\/hu\/wp-json\/wp\/v2\/media?parent=5351"}],"curies":[{"name":"wp","href":"https:\/\/api.w.org\/{rel}","templated":true}]}}