{"id":5407,"date":"2022-04-03T14:22:54","date_gmt":"2022-04-03T11:22:54","guid":{"rendered":"https:\/\/focolare.ro\/az-elet-igeje\/elet-ige-2025\/2025-junius\/"},"modified":"2025-07-04T09:07:39","modified_gmt":"2025-07-04T06:07:39","slug":"2025-junius","status":"publish","type":"page","link":"https:\/\/focolare.ro\/hu\/az-elet-igeje\/elet-ige-2025\/2025-junius\/","title":{"rendered":"2025. j\u00fanius"},"content":{"rendered":"<p><div class=\"fusion-fullwidth fullwidth-box fusion-builder-row-1 fusion-flex-container has-pattern-background has-mask-background fusion-parallax-none nonhundred-percent-fullwidth non-hundred-percent-height-scrolling lazyload\" style=\"--awb-background-position:center top;--awb-border-radius-top-left:0px;--awb-border-radius-top-right:0px;--awb-border-radius-bottom-right:0px;--awb-border-radius-bottom-left:0px;--awb-background-color:var(--awb-custom14);--awb-background-size:cover;--awb-flex-wrap:wrap;\" data-bg=\"https:\/\/focolare.ro\/wp-content\/uploads\/2025\/06\/cviunie2025.jpg\" ><div class=\"fusion-builder-row fusion-row fusion-flex-align-items-flex-start fusion-flex-content-wrap\" style=\"max-width:1216.8px;margin-left: calc(-4% \/ 2 );margin-right: calc(-4% \/ 2 );\"><div class=\"fusion-layout-column fusion_builder_column fusion-builder-column-0 fusion_builder_column_1_1 1_1 fusion-flex-column\" style=\"--awb-bg-size:cover;--awb-width-large:100%;--awb-margin-top-large:0px;--awb-spacing-right-large:1.92%;--awb-margin-bottom-large:20px;--awb-spacing-left-large:1.92%;--awb-width-medium:100%;--awb-order-medium:0;--awb-spacing-right-medium:1.92%;--awb-spacing-left-medium:1.92%;--awb-width-small:100%;--awb-order-small:0;--awb-spacing-right-small:1.92%;--awb-spacing-left-small:1.92%;\"><div class=\"fusion-column-wrapper fusion-column-has-shadow fusion-flex-justify-content-flex-start fusion-content-layout-column\"><div class=\"fusion-separator fusion-full-width-sep\" style=\"align-self: center;margin-left: auto;margin-right: auto;margin-bottom:200px;width:100%;\"><\/div><div class=\"fusion-title title fusion-title-1 fusion-sep-none fusion-title-text fusion-title-size-two\" style=\"--awb-text-color:var(--awb-color1);\"><h2 class=\"fusion-title-heading title-heading-left\" style=\"margin:0;\">2025. j\u00fanius<\/h2><\/div><\/div><\/div><\/div><\/div><div class=\"fusion-fullwidth fullwidth-box fusion-builder-row-2 fusion-flex-container nonhundred-percent-fullwidth non-hundred-percent-height-scrolling\" style=\"--awb-border-radius-top-left:0px;--awb-border-radius-top-right:0px;--awb-border-radius-bottom-right:0px;--awb-border-radius-bottom-left:0px;--awb-background-color:var(--awb-color1);--awb-flex-wrap:wrap;\" ><div class=\"fusion-builder-row fusion-row fusion-flex-align-items-flex-start fusion-flex-content-wrap\" style=\"max-width:1216.8px;margin-left: calc(-4% \/ 2 );margin-right: calc(-4% \/ 2 );\"><div class=\"fusion-layout-column fusion_builder_column fusion-builder-column-1 fusion_builder_column_1_1 1_1 fusion-flex-column\" style=\"--awb-bg-size:cover;--awb-width-large:100%;--awb-margin-top-large:0px;--awb-spacing-right-large:1.92%;--awb-margin-bottom-large:20px;--awb-spacing-left-large:1.92%;--awb-width-medium:100%;--awb-order-medium:0;--awb-spacing-right-medium:1.92%;--awb-spacing-left-medium:1.92%;--awb-width-small:100%;--awb-order-small:0;--awb-spacing-right-small:1.92%;--awb-spacing-left-small:1.92%;\"><div class=\"fusion-column-wrapper fusion-column-has-shadow fusion-flex-justify-content-flex-start fusion-content-layout-column\"><div class=\"fusion-separator fusion-full-width-sep\" style=\"align-self: center;margin-left: auto;margin-right: auto;margin-bottom:100px;width:100%;\"><\/div><\/div><\/div><\/div><\/div><div class=\"fusion-fullwidth fullwidth-box fusion-builder-row-3 fusion-flex-container nonhundred-percent-fullwidth non-hundred-percent-height-scrolling\" style=\"--awb-border-radius-top-left:0px;--awb-border-radius-top-right:0px;--awb-border-radius-bottom-right:0px;--awb-border-radius-bottom-left:0px;--awb-flex-wrap:wrap;\" ><div class=\"fusion-builder-row fusion-row fusion-flex-align-items-flex-start fusion-flex-content-wrap\" style=\"max-width:1216.8px;margin-left: calc(-4% \/ 2 );margin-right: calc(-4% \/ 2 );\"><div class=\"fusion-layout-column fusion_builder_column fusion-builder-column-2 fusion_builder_column_2_3 2_3 fusion-flex-column\" style=\"--awb-bg-size:cover;--awb-width-large:66.666666666667%;--awb-margin-top-large:0px;--awb-spacing-right-large:2.88%;--awb-margin-bottom-large:20px;--awb-spacing-left-large:2.88%;--awb-width-medium:100%;--awb-order-medium:0;--awb-spacing-right-medium:1.92%;--awb-spacing-left-medium:1.92%;--awb-width-small:100%;--awb-order-small:0;--awb-spacing-right-small:1.92%;--awb-spacing-left-small:1.92%;\"><div class=\"fusion-column-wrapper fusion-column-has-shadow fusion-flex-justify-content-flex-start fusion-content-layout-column\"><div class=\"fusion-text fusion-text-1\" style=\"--awb-text-transform:none;\"><h3><strong>2025. j\u00fanius<\/strong><\/h3>\n<p><strong>\u201e<\/strong><strong>Ti adjatok nekik enni!<\/strong><strong>\u201d (<em>Lk<\/em> 9,13)<\/strong><\/p>\n<p>Egy mag\u00e1nyos helyen vagyunk Galile\u00e1ban, B\u00e9tszaida k\u00f6zel\u00e9ben. J\u00e9zus Isten orsz\u00e1g\u00e1r\u00f3l besz\u00e9l egy nagy t\u00f6megnek. A Mester az\u00e9rt ment oda az apostolokkal, hogy megpihenjenek egy kicsit hossz\u00fa misszi\u00f3s \u00fatjuk ut\u00e1n ebben a t\u00e9rs\u00e9gben, ahol a megt\u00e9r\u00e9sr\u0151l pr\u00e9dik\u00e1ltak, minden\u00fctt \u201egy\u00f3gy\u00edtottak \u00e9s hirdett\u00e9k az \u00f6r\u00f6mh\u00edrt\u201d<a href=\"#_ftn1\" name=\"_ftnref1\">[1]<\/a>. F\u00e1radtan, de t\u00falcsordul\u00f3 sz\u00edvvel mes\u00e9ltek arr\u00f3l, amit meg\u00e9ltek.<\/p>\n<p>A n\u00e9p azonban tudom\u00e1st szerzett err\u0151l, \u00e9s utol\u00e9rt\u00e9k \u0151ket. J\u00e9zus mindenkit befogad \u00e9s meghallgat, besz\u00e9lget, gy\u00f3gy\u00edt. A t\u00f6meg egyre csak n\u00f6vekszik. Azt\u00e1n m\u00e1r k\u00f6zeledik az este, \u00e9s egyre \u00e9hesebbek is lesznek. Az apostolok agg\u00f3dnak emiatt, \u00e9s egy logikus, teljesen \u00e9szszer\u0171 megold\u00e1st javasolnak a mesternek: \u201eHagyd, hadd menjen el a n\u00e9p \u2013 figyelmeztett\u00e9k \u2013, hogy a k\u00f6rny\u00e9kbeli falvakban \u00e9s tany\u00e1kban sz\u00e1ll\u00e1st \u00e9s \u00e9lelmet keressenek maguknak, mert itt a puszt\u00e1ban vagyunk.\u201d Hiszen J\u00e9zus m\u00e1r annyi mindent megtett \u00e9rt\u00fck. De \u0151 \u00edgy v\u00e1laszol:<\/p>\n<p><strong>\u201eTi adjatok nekik enni!\u201d<\/strong><\/p>\n<p>Nagyon meglep\u0151dtek, mert ez kivitelezhetetlen. Csak \u00f6t kenyer\u00fck \u00e9s k\u00e9t haluk van t\u00f6bb ezer ember sz\u00e1m\u00e1ra. B\u00e9tszaida olyan kis v\u00e1ros, hogy ott sem lehet tal\u00e1lni semmit, amire sz\u00fcks\u00e9g\u00fck van, \u00e9s p\u00e9nz\u00fck sem lenne r\u00e1, hogy megvegy\u00e9k.<\/p>\n<p>J\u00e9zus fel akarja nyitni a szem\u00fcket, hogy az emberek sz\u00fcks\u00e9gletei \u00e9s probl\u00e9m\u00e1i nagyon m\u00e9lyen \u00e9rintik \u0151t, \u00e9s azon f\u00e1radozik, hogy megoldja ezeket. A val\u00f3s\u00e1gb\u00f3l indul ki, nagyra \u00e9rt\u00e9keli azt, ami van. Igaz, hogy ez kev\u00e9s, de \u0151 val\u00f3s\u00e1gos k\u00fcldet\u00e9sre h\u00edvja \u0151ket, hogy legyenek Isten irgalm\u00e1nak eszk\u00f6zei, aki gondol a gyermekeire. Itt az Atya k\u00f6zbel\u00e9p, de ehhez m\u00e9giscsak \u201esz\u00fcks\u00e9ge van\u201d r\u00e1juk.<\/p>\n<p>A csod\u00e1hoz \u201esz\u00fcks\u00e9ge van\u201d a mi kezdem\u00e9nyez\u00e9s\u00fcnkre, a mi hit\u00fcnkre, \u00e9s azt tudja megsokszorozni.<\/p>\n<p><strong>\u201eTi adjatok nekik enni!\u201d<\/strong><\/p>\n<p>Az apostolok ellenvet\u00e9s\u00e9re J\u00e9zus azzal v\u00e1laszol, hogy kez\u00e9be veszi a helyzetet, de arra k\u00e9ri \u0151ket, hogy tegy\u00e9k meg a maguk r\u00e9sz\u00e9t, b\u00e1rmilyen kicsi legyen is az. Nem veti meg. Nem oldja meg helyett\u00fck a probl\u00e9m\u00e1t. A csoda megt\u00f6rt\u00e9nik, de ehhez sz\u00fcks\u00e9g van a r\u00e9szv\u00e9tel\u00fckre. Minden\u00fcket, amij\u00fck csak volt, \u00e9s amit k\u00e9pesek voltak megszerezni, J\u00e9zus rendelkez\u00e9s\u00e9re bocs\u00e1tott\u00e1k a t\u00f6bbiek sz\u00e1m\u00e1ra. Ez bizonyos odaad\u00e1st \u00e9s bizalmat jelent ir\u00e1nta.<\/p>\n<p>A mester abb\u00f3l indul ki, ami vel\u00fcnk t\u00f6rt\u00e9nik, hogy megtan\u00edtson benn\u00fcnket arra, hogy a t\u00f6bbiekkel k\u00f6z\u00f6sen gondoskodjunk egym\u00e1sr\u00f3l. M\u00e1sok sz\u00fcks\u00e9gleteivel szemben nincs kifog\u00e1s (\u201eez nem a mi dolgunk\u201d, \u201enem tehetek semmit\u201d, \u201enekik is \u00fagy kell boldogulniuk, ahogy mindannyiunknak\u2026\u201d). Az Isten \u00e1ltal elgondolt t\u00e1rsadalomban boldogok, akik enni adnak az \u00e9hez\u0151knek, akik felruh\u00e1zz\u00e1k a szeg\u00e9nyeket, akik megl\u00e1togatj\u00e1k a r\u00e1szorul\u00f3kat<a href=\"#_ftn2\" name=\"_ftnref2\">[2].<\/a><\/p>\n<p><strong>\u201eTi adjatok nekik enni!\u201d<\/strong><\/p>\n<p>Ennek az epiz\u00f3dnak az elbesz\u00e9l\u00e9se az Izaj\u00e1s k\u00f6nyv\u00e9ben le\u00edrt lakoma k\u00e9p\u00e9t id\u00e9zi, amelyet maga Isten k\u00edn\u00e1l fel minden nemzetnek, amikor \u201elet\u00f6rli a k\u00f6nnyet minden arcr\u00f3l\u201d<a href=\"#_ftn3\" name=\"_ftnref3\">[3]<\/a>. J\u00e9zus \u00f6tven f\u0151s csoportokban \u00fclteti le \u0151ket, mint a nagy alkalmakkor volt szok\u00e1s. Fi\u00fak\u00e9nt \u00fagy cselekszik, mint az Atya, \u00e9s ez is hangs\u00falyozza istens\u00e9g\u00e9t.<\/p>\n<p>\u0150 maga mindent odaad, eg\u00e9szen od\u00e1ig, hogy eledel\u00fcnkk\u00e9 v\u00e1lik az Euchariszti\u00e1ban, sz\u00e9tosztja mag\u00e1t az \u00faj lakom\u00e1ban.<\/p>\n<p>A covid-19 vil\u00e1gj\u00e1rv\u00e1ny idej\u00e9n felmer\u00fclt nagy sz\u00fcks\u00e9gletek l\u00e1tt\u00e1n a barcelonai Fokol\u00e1re k\u00f6z\u00f6ss\u00e9g a k\u00f6z\u00f6ss\u00e9gi h\u00e1l\u00f3n kereszt\u00fcl l\u00e9trehozott egy csoportot, ahol a sz\u00fcks\u00e9gleteket megosztj\u00e1k, a javakat \u00e9s az er\u0151forr\u00e1sokat pedig f\u00f6laj\u00e1nlj\u00e1k. \u00c9s leny\u0171g\u00f6z\u0151 l\u00e1tni, ahogy a b\u00fatorok, az \u00e9lelmiszerek, a gy\u00f3gyszerek, a h\u00e1ztart\u00e1si g\u00e9pek k\u00f6rbe j\u00e1rnak\u2026 Mert \u201eegyed\u00fcl keveset tehet\u00fcnk\u201d, mondj\u00e1k, \u201ede egy\u00fctt sokat\u201d. A <em>\u201eFent fam\u00edlia\u201d<\/em> csoport m\u00e9g ma is seg\u00edt abban, hogy \u2013 ahogy az els\u0151 kereszt\u00e9ny k\u00f6z\u00f6ss\u00e9gekben \u2013 senki se szenvedjen sz\u00fcks\u00e9get k\u00f6z\u00fcl\u00fck<a href=\"#_ftn4\" name=\"_ftnref4\">[4]<\/a>.<\/p>\n<p><em>Silvano Malini \u00e9s az \u00e9letige csoport gondoz\u00e1s\u00e1ban<\/em><\/p>\n<p><a href=\"#_ftnref1\" name=\"_ftn1\">[1]<\/a> [1] <em>Lk<\/em> 9,6<\/p>\n<p><a href=\"#_ftnref2\" name=\"_ftn2\">[2]<\/a> v\u00f6.<em> Mt<\/em> 25,35-40<\/p>\n<p><a href=\"#_ftnref3\" name=\"_ftn3\">[3]<\/a> <em>Iz<\/em> 25,8<\/p>\n<p><a href=\"#_ftnref4\" name=\"_ftn4\">[4]<\/a> v\u00f6. <em>ApCsel <\/em>4,34<\/p>\n<\/div><\/div><\/div><div class=\"fusion-layout-column fusion_builder_column fusion-builder-column-3 fusion_builder_column_1_3 1_3 fusion-flex-column\" style=\"--awb-padding-top:30px;--awb-padding-right:30px;--awb-padding-bottom:10px;--awb-padding-left:30px;--awb-bg-color:var(--awb-custom13);--awb-bg-color-hover:var(--awb-custom13);--awb-bg-size:cover;--awb-width-large:33.333333333333%;--awb-margin-top-large:0px;--awb-spacing-right-large:5.76%;--awb-margin-bottom-large:20px;--awb-spacing-left-large:5.76%;--awb-width-medium:100%;--awb-order-medium:0;--awb-spacing-right-medium:1.92%;--awb-spacing-left-medium:1.92%;--awb-width-small:100%;--awb-order-small:0;--awb-spacing-right-small:1.92%;--awb-spacing-left-small:1.92%;\"><div class=\"fusion-column-wrapper fusion-column-has-shadow fusion-flex-justify-content-flex-start fusion-content-layout-column\"><div class=\"fusion-title title fusion-title-2 fusion-sep-none fusion-title-center fusion-title-text fusion-title-size-four\"><h4 class=\"fusion-title-heading title-heading-center\" style=\"margin:0;\">T\u00f6ltsd le PDF form\u00e1tumban<\/h4><\/div><div style=\"text-align:center;\"><a class=\"fusion-button button-flat fusion-button-default-size button-default fusion-button-default button-1 fusion-button-span-yes fusion-button-default-type\" style=\"--button_margin-bottom:20px;\" target=\"_blank\" rel=\"noopener noreferrer\" href=\"https:\/\/focolare.ro\/wp-content\/uploads\/2025\/06\/CV-06-2025-A5-HU.pdf\"><span class=\"fusion-button-icon-divider button-icon-divider-left\"><i class=\"fa-file-pdf fas awb-button__icon awb-button__icon--default\" aria-hidden=\"true\"><\/i><\/span><span class=\"fusion-button-text awb-button__text awb-button__text--default fusion-button-text-left\">Feln\u0151ttek r\u00e9sz\u00e9re<\/span><\/a><\/div><div style=\"text-align:center;\"><a class=\"fusion-button button-flat fusion-button-default-size button-default fusion-button-default button-2 fusion-button-span-yes fusion-button-default-type\" style=\"--button_margin-bottom:20px;\" target=\"_blank\" rel=\"noopener noreferrer\" href=\"https:\/\/focolare.ro\/wp-content\/uploads\/2025\/07\/ige202506ph_1.pdf\"><span class=\"fusion-button-icon-divider button-icon-divider-left\"><i class=\"fa-file-pdf fas awb-button__icon awb-button__icon--default\" aria-hidden=\"true\"><\/i><\/span><span class=\"fusion-button-text awb-button__text awb-button__text--default fusion-button-text-left\">Fiatalok<\/span><\/a><\/div><div style=\"text-align:center;\"><a class=\"fusion-button button-flat fusion-button-default-size button-default fusion-button-default button-3 fusion-button-span-yes fusion-button-default-type\" style=\"--button_margin-bottom:20px;\" target=\"_blank\" rel=\"noopener noreferrer\" href=\"https:\/\/focolare.ro\/wp-content\/uploads\/2025\/07\/Pdv_202506_hu_Color.pdf\"><span class=\"fusion-button-icon-divider button-icon-divider-left\"><i class=\"fa-file-pdf fas awb-button__icon awb-button__icon--default\" aria-hidden=\"true\"><\/i><\/span><span class=\"fusion-button-text awb-button__text awb-button__text--default fusion-button-text-left\">Gyerekeknek sz\u00ednes v\u00e1ltozat<\/span><\/a><\/div><div style=\"text-align:center;\"><a class=\"fusion-button button-flat fusion-button-default-size button-default fusion-button-default button-4 fusion-button-span-yes fusion-button-default-type\" style=\"--button_margin-bottom:20px;\" target=\"_blank\" rel=\"noopener noreferrer\" href=\"https:\/\/focolare.ro\/wp-content\/uploads\/2025\/07\/ige202506kif.pdf\"><span class=\"fusion-button-icon-divider button-icon-divider-left\"><i class=\"fa-file-pdf fas awb-button__icon awb-button__icon--default\" aria-hidden=\"true\"><\/i><\/span><span class=\"fusion-button-text awb-button__text awb-button__text--default fusion-button-text-left\">Gyerekeknek kifest\u0151<\/span><\/a><\/div><\/div><\/div><\/div><\/div><div class=\"fusion-fullwidth fullwidth-box fusion-builder-row-4 fusion-flex-container nonhundred-percent-fullwidth non-hundred-percent-height-scrolling\" style=\"--awb-border-sizes-bottom:3px;--awb-border-color:var(--awb-color5);--awb-border-radius-top-left:0px;--awb-border-radius-top-right:0px;--awb-border-radius-bottom-right:0px;--awb-border-radius-bottom-left:0px;--awb-flex-wrap:wrap;\" ><div class=\"fusion-builder-row fusion-row fusion-flex-align-items-flex-start fusion-flex-content-wrap\" style=\"max-width:1216.8px;margin-left: calc(-4% \/ 2 );margin-right: calc(-4% \/ 2 );\"><\/div><\/div><\/p>\n","protected":false},"excerpt":{"rendered":"","protected":false},"author":10,"featured_media":0,"parent":5217,"menu_order":0,"comment_status":"closed","ping_status":"closed","template":"100-width.php","meta":{"footnotes":""},"class_list":["post-5407","page","type-page","status-publish","hentry"],"_links":{"self":[{"href":"https:\/\/focolare.ro\/hu\/wp-json\/wp\/v2\/pages\/5407","targetHints":{"allow":["GET"]}}],"collection":[{"href":"https:\/\/focolare.ro\/hu\/wp-json\/wp\/v2\/pages"}],"about":[{"href":"https:\/\/focolare.ro\/hu\/wp-json\/wp\/v2\/types\/page"}],"author":[{"embeddable":true,"href":"https:\/\/focolare.ro\/hu\/wp-json\/wp\/v2\/users\/10"}],"replies":[{"embeddable":true,"href":"https:\/\/focolare.ro\/hu\/wp-json\/wp\/v2\/comments?post=5407"}],"version-history":[{"count":7,"href":"https:\/\/focolare.ro\/hu\/wp-json\/wp\/v2\/pages\/5407\/revisions"}],"predecessor-version":[{"id":5432,"href":"https:\/\/focolare.ro\/hu\/wp-json\/wp\/v2\/pages\/5407\/revisions\/5432"}],"up":[{"embeddable":true,"href":"https:\/\/focolare.ro\/hu\/wp-json\/wp\/v2\/pages\/5217"}],"wp:attachment":[{"href":"https:\/\/focolare.ro\/hu\/wp-json\/wp\/v2\/media?parent=5407"}],"curies":[{"name":"wp","href":"https:\/\/api.w.org\/{rel}","templated":true}]}}