{"id":5657,"date":"2022-04-03T14:22:54","date_gmt":"2022-04-03T11:22:54","guid":{"rendered":"https:\/\/focolare.ro\/2026-januar\/"},"modified":"2026-02-10T15:34:21","modified_gmt":"2026-02-10T13:34:21","slug":"2026-januar","status":"publish","type":"page","link":"https:\/\/focolare.ro\/hu\/az-elet-igeje\/az-elet-igeje-2026\/2026-januar\/","title":{"rendered":"2026. janu\u00e1r"},"content":{"rendered":"<p><div class=\"fusion-fullwidth fullwidth-box fusion-builder-row-1 fusion-flex-container has-pattern-background has-mask-background fusion-parallax-none nonhundred-percent-fullwidth non-hundred-percent-height-scrolling lazyload\" style=\"--awb-border-radius-top-left:0px;--awb-border-radius-top-right:0px;--awb-border-radius-bottom-right:0px;--awb-border-radius-bottom-left:0px;--awb-background-color:var(--awb-custom14);--awb-background-size:cover;--awb-flex-wrap:wrap;\" data-bg=\"https:\/\/focolare.ro\/wp-content\/uploads\/2025\/12\/cvianuarie2026.jpg\" ><div class=\"fusion-builder-row fusion-row fusion-flex-align-items-flex-start fusion-flex-content-wrap\" style=\"max-width:1216.8px;margin-left: calc(-4% \/ 2 );margin-right: calc(-4% \/ 2 );\"><div class=\"fusion-layout-column fusion_builder_column fusion-builder-column-0 fusion_builder_column_1_1 1_1 fusion-flex-column\" style=\"--awb-bg-size:cover;--awb-width-large:100%;--awb-margin-top-large:0px;--awb-spacing-right-large:1.92%;--awb-margin-bottom-large:20px;--awb-spacing-left-large:1.92%;--awb-width-medium:100%;--awb-order-medium:0;--awb-spacing-right-medium:1.92%;--awb-spacing-left-medium:1.92%;--awb-width-small:100%;--awb-order-small:0;--awb-spacing-right-small:1.92%;--awb-spacing-left-small:1.92%;\"><div class=\"fusion-column-wrapper fusion-column-has-shadow fusion-flex-justify-content-flex-start fusion-content-layout-column\"><div class=\"fusion-separator fusion-full-width-sep\" style=\"align-self: center;margin-left: auto;margin-right: auto;margin-bottom:200px;width:100%;\"><\/div><div class=\"fusion-title title fusion-title-1 fusion-sep-none fusion-title-text fusion-title-size-two\" style=\"--awb-text-color:var(--awb-color1);\"><h2 class=\"fusion-title-heading title-heading-left\" style=\"margin:0;\">2026. janu\u00e1r<\/h2><\/div><\/div><\/div><\/div><\/div><div class=\"fusion-fullwidth fullwidth-box fusion-builder-row-2 fusion-flex-container nonhundred-percent-fullwidth non-hundred-percent-height-scrolling\" style=\"--awb-border-radius-top-left:0px;--awb-border-radius-top-right:0px;--awb-border-radius-bottom-right:0px;--awb-border-radius-bottom-left:0px;--awb-background-color:var(--awb-color1);--awb-flex-wrap:wrap;\" ><div class=\"fusion-builder-row fusion-row fusion-flex-align-items-flex-start fusion-flex-content-wrap\" style=\"max-width:1216.8px;margin-left: calc(-4% \/ 2 );margin-right: calc(-4% \/ 2 );\"><div class=\"fusion-layout-column fusion_builder_column fusion-builder-column-1 fusion_builder_column_1_1 1_1 fusion-flex-column\" style=\"--awb-bg-size:cover;--awb-width-large:100%;--awb-margin-top-large:0px;--awb-spacing-right-large:1.92%;--awb-margin-bottom-large:20px;--awb-spacing-left-large:1.92%;--awb-width-medium:100%;--awb-order-medium:0;--awb-spacing-right-medium:1.92%;--awb-spacing-left-medium:1.92%;--awb-width-small:100%;--awb-order-small:0;--awb-spacing-right-small:1.92%;--awb-spacing-left-small:1.92%;\"><div class=\"fusion-column-wrapper fusion-column-has-shadow fusion-flex-justify-content-flex-start fusion-content-layout-column\"><div class=\"fusion-separator fusion-full-width-sep\" style=\"align-self: center;margin-left: auto;margin-right: auto;margin-bottom:100px;width:100%;\"><\/div><\/div><\/div><\/div><\/div><div class=\"fusion-fullwidth fullwidth-box fusion-builder-row-3 fusion-flex-container nonhundred-percent-fullwidth non-hundred-percent-height-scrolling\" style=\"--awb-border-radius-top-left:0px;--awb-border-radius-top-right:0px;--awb-border-radius-bottom-right:0px;--awb-border-radius-bottom-left:0px;--awb-flex-wrap:wrap;\" ><div class=\"fusion-builder-row fusion-row fusion-flex-align-items-flex-start fusion-flex-content-wrap\" style=\"max-width:1216.8px;margin-left: calc(-4% \/ 2 );margin-right: calc(-4% \/ 2 );\"><div class=\"fusion-layout-column fusion_builder_column fusion-builder-column-2 fusion_builder_column_2_3 2_3 fusion-flex-column\" style=\"--awb-bg-size:cover;--awb-width-large:66.666666666667%;--awb-margin-top-large:0px;--awb-spacing-right-large:2.88%;--awb-margin-bottom-large:20px;--awb-spacing-left-large:2.88%;--awb-width-medium:100%;--awb-order-medium:0;--awb-spacing-right-medium:1.92%;--awb-spacing-left-medium:1.92%;--awb-width-small:100%;--awb-order-small:0;--awb-spacing-right-small:1.92%;--awb-spacing-left-small:1.92%;\"><div class=\"fusion-column-wrapper fusion-column-has-shadow fusion-flex-justify-content-flex-start fusion-content-layout-column\"><div class=\"fusion-text fusion-text-1\" style=\"--awb-text-transform:none;\"><h3><strong>2026. janu\u00e1r<\/strong><\/h3>\n<p><strong>\u201eEgy a test \u00e9s egy a L\u00e9lek, amint hivat\u00e1sotok is egy rem\u00e9nys\u00e9gre sz\u00f3l.\u201d (Ef 4,4)<\/strong><\/p>\n<p>A kereszt\u00e9ny egys\u00e9g\u00e9rt v\u00e9gzett imah\u00e9ten<a href=\"#_ftn1\" name=\"_ftnref1\">[1 <\/a>] arra kaptunk megh\u00edv\u00e1st, hogy figyelm\u00fcnket egy k\u00fcl\u00f6nleges t\u00e9m\u00e1ra \u00f6sszpontos\u00edtsuk, amely Szent P\u00e1lnak az ef\u00e9zusiakhoz \u00edrt level\u00e9ben szerepel. Az \u00fagynevezett b\u00f6rt\u00f6nleveleiben c\u00edmzettjeihez fordul, arra buzd\u00edtva \u0151ket, hogy az egys\u00e9g \u00e1ltal tegyenek hiteles tan\u00fas\u00e1got hit\u00fckr\u0151l.<\/p>\n<p>Egy a hit, egy a L\u00e9lek, egy a rem\u00e9nys\u00e9g, amelyre az egys\u00e9g\u00fcnk \u00e9p\u00fcl, \u00e9s csak ez\u00e1ltal lehet tan\u00fas\u00e1got tenni egyetlen testk\u00e9nt Krisztusr\u00f3l.<\/p>\n<p><strong>\u201eEgy a test \u00e9s egy a L\u00e9lek, amint hivat\u00e1sotok is egy rem\u00e9nys\u00e9gre sz\u00f3l.\u201d<\/strong><\/p>\n<p>P\u00e1l a rem\u00e9nyre h\u00edv minket. Mi a rem\u00e9ny, \u00e9s mi\u00e9rt buzd\u00edt arra, hogy \u00e9lj\u00fcnk vele?<br \/>\nA rem\u00e9ny benn\u00fcnk \u00e9l, mint egy cs\u00edra, aj\u00e1nd\u00e9k \u00e9s feladat, amelyet k\u00f6teless\u00e9g\u00fcnk \u0151rizni, \u00e1polni \u00e9s mindenki jav\u00e1ra kamatoztatni. \u201eA kereszt\u00e9ny rem\u00e9ny a hegygerincre \u00e1ll\u00edt benn\u00fcnket, arra a keskeny \u00f6sv\u00e9nyre, ahol hivat\u00e1sunkn\u00e1l fogva minden nap \u00e9s minden \u00f3r\u00e1ban \u00fagy d\u00f6nthet\u00fcnk, hogy h\u0171ek maradunk Isten ir\u00e1ntunk tan\u00fas\u00edtott h\u0171s\u00e9g\u00e9hez.\u201d<a href=\"#_ftn2\" name=\"_ftnref2\">[2]<\/a>. <\/p>\n<p>Hivat\u00e1sunk, a kereszt\u00e9nyek megh\u00edv\u00e1sa nem csak Isten \u00e9s az egyes ember k\u00f6z\u00f6tt val\u00f3sul meg, hanem \u201eegybeh\u00edv\u00e1s\u201d, mert egy\u00fctt kaptunk megh\u00edv\u00e1st az egys\u00e9gre mindannyian, akik az evang\u00e9lium \u00e9l\u00e9s\u00e9re k\u00f6telezt\u00fck el magunkat. Chiara Lubich besz\u00e9deiben \u00e9s \u00edr\u00e1saiban gyakran kifejezetten hivatkozik az egys\u00e9gre, amely saj\u00e1tos n\u00e9z\u0151pontja is a lelkis\u00e9g\u00e9nek, gy\u00fcm\u00f6lcse J\u00e9zus jelenl\u00e9t\u00e9nek k\u00f6z\u00f6tt\u00fcnk. \u00c9s ez a jelenl\u00e9t m\u00e9ly boldogs\u00e1g forr\u00e1sa.  <\/p>\n<p>\u201eHa a kereszt\u00e9ny sz\u00e1m\u00e1ra ennyire fontos az egys\u00e9g, akkor ebb\u0151l az k\u00f6vetkezik, hogy semmi nem \u00e1ll ellent\u00e9tben annyira hivat\u00e1s\u00e1val, mint amikor az egys\u00e9g ellen v\u00e9t. Az ember minden alkalommal az egys\u00e9g ellen k\u00f6vet el b\u0171nt, amikor enged az individualizmus \u00fajra \u00e9s \u00fajra megjelen\u0151 k\u00eds\u00e9rt\u00e9s\u00e9nek, mely arra \u00f6szt\u00f6n\u00f6z, hogy saj\u00e1t tetsz\u00e9s\u00fcnk szerint tegy\u00fck a dolgokat. Ilyenkor saj\u00e1t v\u00e9lem\u00e9ny\u00fcnk szerint j\u00e1runk el, \u00e9rdekeink vezetnek, vagy tekint\u00e9ly\u00fcnket akarjuk gyarap\u00edtani, nem t\u00f6r\u0151d\u00fcnk a t\u00f6bbiekkel, s\u0151t lebecs\u00fclj\u00fck \u0151ket, semmibe v\u00e9ve v\u00e1gyaikat \u00e9s jogaikat.\u201d <a href=\"#_ftn3\" name=\"_ftnref3\">[3]<\/a>. <\/p>\n<p><strong>\u201eEgy a test \u00e9s egy a L\u00e9lek, amint hivat\u00e1sotok is egy rem\u00e9nys\u00e9gre sz\u00f3l.\u201d<\/strong><\/p>\n<p>Guatemal\u00e1ban nagyon akt\u00edv a p\u00e1rbesz\u00e9d a k\u00fcl\u00f6nb\u00f6z\u0151 kereszt\u00e9ny egyh\u00e1zak tagjai k\u00f6z\u00f6tt.<br \/>Ramiro \u00edrja: \u201eEgy csoporttal, amely k\u00fcl\u00f6nb\u00f6z\u0151 felekezetekhez tartoz\u00f3 tagokb\u00f3l \u00e1ll, el\u0151k\u00e9sz\u00edtett\u00fck a kereszt\u00e9nyek egys\u00e9g\u00e9\u00e9rt sz\u00f3l\u00f3 imahetet. A fiatalokkal egy\u00fctt beillesztett\u00fcnk a programba egy m\u0171v\u00e9szeti fesztiv\u00e1lt \u00e9s nagyon v\u00e1ltozatos alkalmakat a k\u00fcl\u00f6nb\u00f6z\u0151 templomokban. A Katolikus P\u00fcsp\u00f6ki Konferencia megk\u00e9rt minket, hogy folytassuk ezt a munk\u00e1t, \u00e9s k\u00e9sz\u00edts\u00fcnk el\u0151 egy tal\u00e1lkoz\u00f3t katolikus p\u00fcsp\u00f6k\u00f6k \u00e9s k\u00fcl\u00f6nb\u00f6z\u0151 egyh\u00e1zak tagjai k\u00f6zt, akik eg\u00e9sz Amerik\u00e1b\u00f3l \u00e9rkeznek majd a niceai zsinat 1700. \u00e9vfordul\u00f3j\u00e1nak meg\u00fcnnepl\u00e9s\u00e9re. T\u00fal ezeken a tev\u00e9kenys\u00e9geken nagyon er\u0151s egys\u00e9get tapasztalunk ebben a csoportban mindny\u00e1junk k\u00f6z\u00f6tt, \u00e9s az egys\u00e9g gy\u00fcm\u00f6lcseit is, mert testv\u00e9ris\u00e9get, \u00f6r\u00f6m\u00f6t \u00e9s b\u00e9k\u00e9t hoz.\u201d    <\/p>\n<p><em>Patrizia Mazzola \u00e9s az \u00e9letige csoport gondoz\u00e1s\u00e1ban<\/em><\/p>\n<p><a href=\"#_ftnref1\" name=\"_ftn1\">[1]<\/a> Az \u00e9szaki f\u00e9ltek\u00e9n janu\u00e1r 18. \u00e9s 25. k\u00f6z\u00f6tt, a d\u00e9li f\u00e9ltek\u00e9n pedig a p\u00fcnk\u00f6sd het\u00e9ben tartj\u00e1k. Az idei imasz\u00f6vegeket az \u00d6rm\u00e9ny Apostoli Egyh\u00e1z \u00e1ltal koordin\u00e1lt \u00f6kumenikus csoport k\u00e9sz\u00edtette.<\/p>\n<p><a href=\"#_ftnref2\" name=\"_ftn2\">[2]<\/a> Madeleine Delbr\u00eal, akit sokan a 20. sz\u00e1zad egyik legjelent\u0151sebb spiritu\u00e1lis szem\u00e9lyis\u00e9g\u00e9nek tartanak. https:\/\/www.pasomv.it\/files\/bocc\/madalein_del_brel_noi_spes.pdf .<\/p>\n<p><a href=\"#_ftnref3\" name=\"_ftn3\">[3]<\/a> C. Lubich, <em>Az \u00e9let szava<\/em>, 1985. j\u00falius, in <em>Parole di Vita<\/em>, szerk. Fabio Ciardi, (Opere di Chiara Lubich 5), Citt\u00e0 Nuova, R\u00f3ma, 2017, p. 327.<\/p>\n<\/div><\/div><\/div><div class=\"fusion-layout-column fusion_builder_column fusion-builder-column-3 fusion_builder_column_1_3 1_3 fusion-flex-column\" style=\"--awb-padding-top:30px;--awb-padding-right:30px;--awb-padding-bottom:10px;--awb-padding-left:30px;--awb-bg-color:var(--awb-custom13);--awb-bg-color-hover:var(--awb-custom13);--awb-bg-size:cover;--awb-width-large:33.333333333333%;--awb-margin-top-large:0px;--awb-spacing-right-large:5.76%;--awb-margin-bottom-large:20px;--awb-spacing-left-large:5.76%;--awb-width-medium:100%;--awb-order-medium:0;--awb-spacing-right-medium:1.92%;--awb-spacing-left-medium:1.92%;--awb-width-small:100%;--awb-order-small:0;--awb-spacing-right-small:1.92%;--awb-spacing-left-small:1.92%;\"><div class=\"fusion-column-wrapper fusion-column-has-shadow fusion-flex-justify-content-flex-start fusion-content-layout-column\"><div class=\"fusion-title title fusion-title-2 fusion-sep-none fusion-title-center fusion-title-text fusion-title-size-four\"><h4 class=\"fusion-title-heading title-heading-center\" style=\"margin:0;\">T\u00f6ltsd le PDF form\u00e1tumban<\/h4><\/div><div style=\"text-align:center;\"><a class=\"fusion-button button-flat fusion-button-default-size button-default fusion-button-default button-1 fusion-button-span-yes fusion-button-default-type\" style=\"--button_margin-bottom:20px;\" target=\"_blank\" rel=\"noopener noreferrer\" href=\"https:\/\/focolare.ro\/wp-content\/uploads\/2025\/12\/CV-01-2026-A5-RO.pdf\"><span class=\"fusion-button-icon-divider button-icon-divider-left\"><i class=\"fa-file-pdf fas awb-button__icon awb-button__icon--default\" aria-hidden=\"true\"><\/i><\/span><span class=\"fusion-button-text awb-button__text awb-button__text--default fusion-button-text-left\">Feln\u0151ttek r\u00e9sz\u00e9re<\/span><\/a><\/div><div style=\"text-align:center;\"><a class=\"fusion-button button-flat fusion-button-default-size button-default fusion-button-default button-2 fusion-button-span-yes fusion-button-default-type\" style=\"--button_margin-bottom:20px;\" target=\"_blank\" rel=\"noopener noreferrer\" href=\"https:\/\/focolare.ro\/wp-content\/uploads\/2026\/02\/ige202602ph_com.pdf\"><span class=\"fusion-button-icon-divider button-icon-divider-left\"><i class=\"fa-file-pdf fas awb-button__icon awb-button__icon--default\" aria-hidden=\"true\"><\/i><\/span><span class=\"fusion-button-text awb-button__text awb-button__text--default fusion-button-text-left\">Fiatalok<\/span><\/a><\/div><div style=\"text-align:center;\"><a class=\"fusion-button button-flat fusion-button-default-size button-default fusion-button-default button-3 fusion-button-span-yes fusion-button-default-type\" style=\"--button_margin-bottom:20px;\" target=\"_blank\" rel=\"noopener noreferrer\" href=\"https:\/\/focolare.ro\/wp-content\/uploads\/2025\/03\/ige202503kifsz-1.pdf\"><span class=\"fusion-button-icon-divider button-icon-divider-left\"><i class=\"fa-file-pdf fas awb-button__icon awb-button__icon--default\" aria-hidden=\"true\"><\/i><\/span><span class=\"fusion-button-text awb-button__text awb-button__text--default fusion-button-text-left\">Gyerekeknek sz\u00ednes v\u00e1ltozat<\/span><\/a><\/div><div style=\"text-align:center;\"><a class=\"fusion-button button-flat fusion-button-default-size button-default fusion-button-default button-4 fusion-button-span-yes fusion-button-default-type\" style=\"--button_margin-bottom:20px;\" target=\"_blank\" rel=\"noopener noreferrer\" href=\"https:\/\/focolare.ro\/wp-content\/uploads\/2025\/03\/ige202503kif.pdf\"><span class=\"fusion-button-icon-divider button-icon-divider-left\"><i class=\"fa-file-pdf fas awb-button__icon awb-button__icon--default\" aria-hidden=\"true\"><\/i><\/span><span class=\"fusion-button-text awb-button__text awb-button__text--default fusion-button-text-left\">Gyerekeknek kifest\u0151<\/span><\/a><\/div><\/div><\/div><\/div><\/div><div class=\"fusion-fullwidth fullwidth-box fusion-builder-row-4 fusion-flex-container nonhundred-percent-fullwidth non-hundred-percent-height-scrolling\" style=\"--awb-border-sizes-bottom:3px;--awb-border-color:var(--awb-color5);--awb-border-radius-top-left:0px;--awb-border-radius-top-right:0px;--awb-border-radius-bottom-right:0px;--awb-border-radius-bottom-left:0px;--awb-flex-wrap:wrap;\" ><div class=\"fusion-builder-row fusion-row fusion-flex-align-items-flex-start fusion-flex-content-wrap\" style=\"max-width:1216.8px;margin-left: calc(-4% \/ 2 );margin-right: calc(-4% \/ 2 );\"><\/div><\/div><\/p>\n","protected":false},"excerpt":{"rendered":"","protected":false},"author":10,"featured_media":0,"parent":5652,"menu_order":0,"comment_status":"closed","ping_status":"closed","template":"100-width.php","meta":{"footnotes":""},"class_list":["post-5657","page","type-page","status-publish","hentry"],"_links":{"self":[{"href":"https:\/\/focolare.ro\/hu\/wp-json\/wp\/v2\/pages\/5657","targetHints":{"allow":["GET"]}}],"collection":[{"href":"https:\/\/focolare.ro\/hu\/wp-json\/wp\/v2\/pages"}],"about":[{"href":"https:\/\/focolare.ro\/hu\/wp-json\/wp\/v2\/types\/page"}],"author":[{"embeddable":true,"href":"https:\/\/focolare.ro\/hu\/wp-json\/wp\/v2\/users\/10"}],"replies":[{"embeddable":true,"href":"https:\/\/focolare.ro\/hu\/wp-json\/wp\/v2\/comments?post=5657"}],"version-history":[{"count":8,"href":"https:\/\/focolare.ro\/hu\/wp-json\/wp\/v2\/pages\/5657\/revisions"}],"predecessor-version":[{"id":5709,"href":"https:\/\/focolare.ro\/hu\/wp-json\/wp\/v2\/pages\/5657\/revisions\/5709"}],"up":[{"embeddable":true,"href":"https:\/\/focolare.ro\/hu\/wp-json\/wp\/v2\/pages\/5652"}],"wp:attachment":[{"href":"https:\/\/focolare.ro\/hu\/wp-json\/wp\/v2\/media?parent=5657"}],"curies":[{"name":"wp","href":"https:\/\/api.w.org\/{rel}","templated":true}]}}