{"id":5690,"date":"2022-04-03T14:22:54","date_gmt":"2022-04-03T11:22:54","guid":{"rendered":"https:\/\/focolare.ro\/az-elet-igeje\/az-elet-igeje-2026\/2026-februar\/"},"modified":"2026-02-16T15:54:27","modified_gmt":"2026-02-16T13:54:27","slug":"2026-februar","status":"publish","type":"page","link":"https:\/\/focolare.ro\/hu\/az-elet-igeje\/az-elet-igeje-2026\/2026-februar\/","title":{"rendered":"2026. febru\u00e1r"},"content":{"rendered":"<p><div class=\"fusion-fullwidth fullwidth-box fusion-builder-row-1 fusion-flex-container has-pattern-background has-mask-background fusion-parallax-none nonhundred-percent-fullwidth non-hundred-percent-height-scrolling lazyload\" style=\"--awb-background-position:center bottom;--awb-border-radius-top-left:0px;--awb-border-radius-top-right:0px;--awb-border-radius-bottom-right:0px;--awb-border-radius-bottom-left:0px;--awb-background-color:var(--awb-custom14);--awb-background-size:cover;--awb-flex-wrap:wrap;\" data-bg=\"https:\/\/focolare.ro\/wp-content\/uploads\/2026\/01\/cvfebruarie2026.jpg\" ><div class=\"fusion-builder-row fusion-row fusion-flex-align-items-flex-start fusion-flex-content-wrap\" style=\"max-width:1216.8px;margin-left: calc(-4% \/ 2 );margin-right: calc(-4% \/ 2 );\"><div class=\"fusion-layout-column fusion_builder_column fusion-builder-column-0 fusion_builder_column_1_1 1_1 fusion-flex-column\" style=\"--awb-bg-size:cover;--awb-width-large:100%;--awb-margin-top-large:0px;--awb-spacing-right-large:1.92%;--awb-margin-bottom-large:20px;--awb-spacing-left-large:1.92%;--awb-width-medium:100%;--awb-order-medium:0;--awb-spacing-right-medium:1.92%;--awb-spacing-left-medium:1.92%;--awb-width-small:100%;--awb-order-small:0;--awb-spacing-right-small:1.92%;--awb-spacing-left-small:1.92%;\"><div class=\"fusion-column-wrapper fusion-column-has-shadow fusion-flex-justify-content-flex-start fusion-content-layout-column\"><div class=\"fusion-separator fusion-full-width-sep\" style=\"align-self: center;margin-left: auto;margin-right: auto;margin-bottom:200px;width:100%;\"><\/div><div class=\"fusion-title title fusion-title-1 fusion-sep-none fusion-title-text fusion-title-size-two\" style=\"--awb-text-color:var(--awb-color1);\"><h2 class=\"fusion-title-heading title-heading-left\" style=\"margin:0;\">2026. febru\u00e1r<\/h2><\/div><\/div><\/div><\/div><\/div><div class=\"fusion-fullwidth fullwidth-box fusion-builder-row-2 fusion-flex-container nonhundred-percent-fullwidth non-hundred-percent-height-scrolling\" style=\"--awb-border-radius-top-left:0px;--awb-border-radius-top-right:0px;--awb-border-radius-bottom-right:0px;--awb-border-radius-bottom-left:0px;--awb-background-color:var(--awb-color1);--awb-flex-wrap:wrap;\" ><div class=\"fusion-builder-row fusion-row fusion-flex-align-items-flex-start fusion-flex-content-wrap\" style=\"max-width:1216.8px;margin-left: calc(-4% \/ 2 );margin-right: calc(-4% \/ 2 );\"><div class=\"fusion-layout-column fusion_builder_column fusion-builder-column-1 fusion_builder_column_1_1 1_1 fusion-flex-column\" style=\"--awb-bg-size:cover;--awb-width-large:100%;--awb-margin-top-large:0px;--awb-spacing-right-large:1.92%;--awb-margin-bottom-large:20px;--awb-spacing-left-large:1.92%;--awb-width-medium:100%;--awb-order-medium:0;--awb-spacing-right-medium:1.92%;--awb-spacing-left-medium:1.92%;--awb-width-small:100%;--awb-order-small:0;--awb-spacing-right-small:1.92%;--awb-spacing-left-small:1.92%;\"><div class=\"fusion-column-wrapper fusion-column-has-shadow fusion-flex-justify-content-flex-start fusion-content-layout-column\"><div class=\"fusion-separator fusion-full-width-sep\" style=\"align-self: center;margin-left: auto;margin-right: auto;margin-bottom:100px;width:100%;\"><\/div><\/div><\/div><\/div><\/div><div class=\"fusion-fullwidth fullwidth-box fusion-builder-row-3 fusion-flex-container nonhundred-percent-fullwidth non-hundred-percent-height-scrolling\" style=\"--awb-border-radius-top-left:0px;--awb-border-radius-top-right:0px;--awb-border-radius-bottom-right:0px;--awb-border-radius-bottom-left:0px;--awb-flex-wrap:wrap;\" ><div class=\"fusion-builder-row fusion-row fusion-flex-align-items-flex-start fusion-flex-content-wrap\" style=\"max-width:1216.8px;margin-left: calc(-4% \/ 2 );margin-right: calc(-4% \/ 2 );\"><div class=\"fusion-layout-column fusion_builder_column fusion-builder-column-2 fusion_builder_column_2_3 2_3 fusion-flex-column\" style=\"--awb-bg-size:cover;--awb-width-large:66.666666666667%;--awb-margin-top-large:0px;--awb-spacing-right-large:2.88%;--awb-margin-bottom-large:20px;--awb-spacing-left-large:2.88%;--awb-width-medium:100%;--awb-order-medium:0;--awb-spacing-right-medium:1.92%;--awb-spacing-left-medium:1.92%;--awb-width-small:100%;--awb-order-small:0;--awb-spacing-right-small:1.92%;--awb-spacing-left-small:1.92%;\"><div class=\"fusion-column-wrapper fusion-column-has-shadow fusion-flex-justify-content-flex-start fusion-content-layout-column\"><div class=\"fusion-text fusion-text-1\" style=\"--awb-text-transform:none;\"><h3><strong>2026. febru\u00e1r<\/strong><\/h3>\n<p><strong>\u201e\u00cdme, \u00fajj\u00e1 alkotok mindent!\u201d<\/strong> (<em>Jel<\/em> 21,5)<\/p>\n<p>Ez az ige a <em>Jelen\u00e9sek k\u00f6nyv\u00e9b\u0151l<\/em> sz\u00e1rmazik. Ez a k\u00f6nyv z\u00e1rja az \u00dajsz\u00f6vets\u00e9g \u00edr\u00e1sainak gy\u0171jtem\u00e9ny\u00e9t. Az <em>\u201eApokalipszis\u201d<\/em> c\u00edm jelent\u00e9se \u201ekinyilatkoztat\u00e1s\u201d, \u00e9s a szerz\u0151 szeretn\u00e9 meg\u00e9rtetni vel\u00fcnk a v\u00e9gs\u0151 dolgokat, amikor Krisztus visszat\u00e9r a f\u00f6ldre, a gonosz v\u00e9glegesen veres\u00e9get szenved, l\u00e9trej\u00f6n egy \u00faj \u00e9g \u00e9s \u00faj f\u00f6ld.<\/p>\n<p>A sz\u00f6veg nem k\u00f6nnyen \u00e9rthet\u0151. Kr. u. 81 \u00e9s 96 k\u00f6z\u00f6tt \u00edr\u00f3dik, amikor kegyetlen\u00fcl \u00fcld\u00f6zik a kereszt\u00e9nyeket. A gy\u00fclekezetekben f\u00e9lelem uralkodik, hogy <em>mi lesz vel\u00fck <\/em> <em>\u00e9s a r\u00e1juk b\u00edzott \u00fczenettel. Mi\u00e9rt nem l\u00e9p k\u00f6zbe Isten? <\/em><\/p>\n<p>Ilyen k\u00f6r\u00fclm\u00e9nyek k\u00f6z\u00f6tt a r\u00f3maiak a szerz\u0151t Patmosz sziget\u00e9re sz\u00e1m\u0171zik. Itt kezd\u0151dnek azut\u00e1n a l\u00e1tom\u00e1sai, \u00e9s utas\u00edt\u00e1st is kap, hogy \u00edrja le \u0151ket.<\/p>\n<p><strong><a href=\"#_ftn1\">\u201e\u00cdme, \u00fajj\u00e1 alkotok mindent!\u201d<\/a><\/strong><\/p>\n<p>A <em>Jelen\u00e9sek k\u00f6nyve<\/em> rem\u00e9nyt akart adni az \u00fcld\u00f6z\u00f6tt k\u00f6z\u00f6ss\u00e9geknek. Annak ellen\u00e9re, hogy neh\u00e9z \u00e9s er\u0151szakkal teli id\u0151ket \u00e9l\u00fcnk, annak ellen\u00e9re, hogy a j\u00f6v\u0151 bizonytalan, a j\u00f3 v\u00e9g\u00fcl diadalmaskodik, \u00e9s Isten \u00fajj\u00e1 fog alkotni mindent.<\/p>\n<p>Ma is, ha elolvassuk a h\u00edreket, megn\u00e9zz\u00fck \u201ea h\u00edrad\u00f3t vagy az \u00fajs\u00e1gok c\u00edmoldal\u00e1t, ezek rengeteg trag\u00e9di\u00e1r\u00f3l tud\u00f3s\u00edtanak, les\u00fajt\u00f3 h\u00edreket k\u00f6z\u00f6lnek, minket pedig az a vesz\u00e9ly fenyeget, hogy mindezekhez hozz\u00e1szokunk. [\u2026] Csakhogy van egy Atya, aki egy\u00fctt s\u00edr vel\u00fcnk; van egy Atya, aki a v\u00e9gtelen irgalom k\u00f6nnyeit hullatja gyermekei\u00e9rt. Olyan Aty\u00e1nk van, aki v\u00e1r minket, hogy megvigasztalhasson, hiszen ismeri szenved\u00e9seinket, \u00e9s egy m\u00e1sf\u00e9le j\u00f6v\u0151t k\u00e9sz\u00edtett sz\u00e1munkra. Ez a kereszt\u00e9ny rem\u00e9ny nagy t\u00e1vlata, amely \u00e1tfogja l\u00e9tez\u00e9s\u00fcnk minden egyes napj\u00e1t, \u00fajra \u00e9s \u00fajra fel akar emelni minket.\u201d[<a href=\"#_ftn1\" name=\"_ftnref1\">1]<\/a><\/p>\n<p><strong>\u201e\u00cdme, \u00fajj\u00e1 alkotok mindent!\u201d<\/strong><\/p>\n<p>Nem tudhatjuk, mikor \u00e9s hogyan fog ez megt\u00f6rt\u00e9nni, \u00e9s hi\u00e1baval\u00f3 is lenne ezt kutatni. Az viszont biztos, hogy meg fog t\u00f6rt\u00e9nni.<\/p>\n<p>\u201eA Biblia utols\u00f3 lapjai a h\u00edv\u0151 ember \u00fatj\u00e1nak v\u00e9gs\u0151 horizontj\u00e1t mutatj\u00e1k meg nek\u00fcnk: a mennyei Jeruzs\u00e1lemet, a menny Jeruzs\u00e1lem\u00e9t. Ezt mindenekel\u0151tt hatalmas s\u00e1tornak k\u00e9pzelhetj\u00fck el, ahov\u00e1 Isten befogadja majd az \u00f6sszes embert, hogy egyszer s mindenkorra egy\u00fctt lakjanak vele. (<em>Jel<\/em> 21,3) Erre ir\u00e1nyul a mi rem\u00e9ny\u00fcnk. \u00c9s mit csin\u00e1l Isten, amikor v\u00e9gre vele lesz\u00fcnk? V\u00e9gtelen gyeng\u00e9d szeretetet tan\u00fas\u00edt ir\u00e1ntunk, mint egy apa, aki gyermekeit fogadja, akik sokat f\u00e1radoztak \u00e9s szenvedtek. \u00bb\u00cdme, Isten hajl\u00e9ka az emberek k\u00f6z\u00f6tt! [\u2026] [\u0150] let\u00f6r\u00f6l szem\u00fckr\u0151l minden k\u00f6nnyet. Nem lesz t\u00f6bb\u00e9 sem hal\u00e1l, sem gy\u00e1sz, sem jajgat\u00e1s, sem f\u00e1jdalom, mert a kor\u00e1bbi dolgok elm\u00faltak. [\u2026] \u00cdme, \u00fajj\u00e1 alkotok mindent.\u00ab (<em>Jel<\/em> 21,3-5) Az \u00fajdons\u00e1g Istene!\u201d<a href=\"#_ftn2\" name=\"_ftnref2\">[2]<\/a><\/p>\n<p><strong><a href=\"#_ftnref3\">\u201e\u00cdme, \u00fajj\u00e1 alkotok mindent!\u201d<\/a><\/strong><\/p>\n<p>Hogyan \u00e9lj\u00fck meg az \u00e9let ig\u00e9j\u00e9t ebben a h\u00f3napban?<\/p>\n<p>\u201eEz az ige biztos\u00edt benn\u00fcnket arr\u00f3l, hogy egy \u00faj vil\u00e1g fel\u00e9 tartunk, amely m\u00e1r mostant\u00f3l kezdve k\u00e9sz\u00fcl \u00e9s \u00e9p\u00fcl. Teh\u00e1t egy\u00e1ltal\u00e1n nem t\u00e9tlens\u00e9gre vagy menek\u00fcl\u00e9sre k\u00e9sztet a vil\u00e1g el\u0151l. Isten ugyanis mindent meg akar \u00faj\u00edtani. Szem\u00e9lyes \u00e9let\u00fcnket, a bar\u00e1ts\u00e1got, a h\u00e1zast\u00e1rsi szeretetet, a csal\u00e1dot; meg akarja \u00faj\u00edtani a t\u00e1rsadalmi \u00e9letet, a munka vil\u00e1g\u00e1t, az iskol\u00e1t, a kult\u00far\u00e1t, a szabadid\u0151t, az eg\u00e9szs\u00e9g\u00fcgyet, a gazdas\u00e1got, a politik\u00e1t\u2026 egysz\u00f3val az emberi tev\u00e9kenys\u00e9g minden ter\u00fclet\u00e9t. De ehhez sz\u00fcks\u00e9ge van r\u00e1nk. Sz\u00fcks\u00e9ge van olyan emberekre, akik hagyj\u00e1k, hogy az \u0150 ig\u00e9je benn\u00fck \u00e9ljen, akik az \u0150 \u00e9l\u0151 ig\u00e9je, m\u00e1sik J\u00e9zusk\u00e9nt \u00e9lnek a k\u00f6rnyezet\u00fckben<a href=\"#_ftn3\" name=\"_ftnref3\">[3]<\/a>.<\/p>\n<p>Alice, egy fiatal kereszt\u00e9ny l\u00e1ny meg\u00e9rtette, hogy hivat\u00e1s\u00e1nak k\u00f6vet\u00e9se m\u00e9lyrehat\u00f3 v\u00e1ltoz\u00e1st k\u00e9r t\u0151le ahhoz, hogy Isten teljes m\u00e9rt\u00e9kben cselekedhessen az \u00e9let\u00e9ben, \u00e9s val\u00f3ban \u00fajj\u00e1teremthesse. \u201eHatalmas aj\u00e1nd\u00e9kk\u00e9nt\u201d lehet\u0151s\u00e9get kapott arra, hogy Indi\u00e1ban \u00e1t\u00e9lhessen egy \u00e9lm\u00e9nyt. Ott meg\u00edzlelte az igazi \u00f6r\u00f6m\u00f6t, \u00fagy \u00e9rezte, hogy Isten kegyelm\u00e9ben f\u00fcrdik, m\u00e9g a neh\u00e9z pillanatokban is. A napjait im\u00e1val, k\u00f6z\u00f6ss\u00e9gben \u00e9s \u00f6nk\u00e9ntes munk\u00e1val t\u00f6lt\u00f6tte. Az \u00e1rvah\u00e1zban m\u00e9lyen meg\u00e9rintette \u0151t a gyerekek \u00e9lete. B\u00e1r semmij\u00fck sincs, hihetetlen lelkesek, \u00e9s sokat tan\u00edtottak neki az \u00e9letr\u0151l. Ez nem egy egyszer\u0171 utaz\u00e1s volt, hanem igazi zar\u00e1ndoklat, \u201eemelked\u0151kkel \u00e9s lejt\u0151kkel\u201d tark\u00edtott \u00fat, amelyen \u201eki kellett \u00fcr\u00edtenie a h\u00e1tizs\u00e1kj\u00e1t\u201d, m\u00e9gis nagy gazdagod\u00e1st \u00e9s felszabadul\u00e1st adott.<\/p>\n<p>Augusto Parody Reyes \u00e9s az \u00e9letige csoport gondoz\u00e1s\u00e1ban<\/p>\n<p><a href=\"#_ftnref1\" name=\"_ftn1\">[1]<\/a> v\u00f6. Ferenc p\u00e1pa \u00e1ltal\u00e1nos kihallgat\u00e1s, 2017. augusztus 23. Katek\u00e9zis a kereszt\u00e9ny rem\u00e9nyr\u0151l. https:\/\/www.magyarkurir.hu\/hirek\/ferenc-papa-olyan-atyank-van-aki-egyutt-sir-velunk-es-var-rank<\/p>\n<p><a href=\"#_ftnref2\" name=\"_ftn2\">[2]<\/a> uo.<\/p>\n<p><a href=\"#_ftnref3\" name=\"_ftn3\">[3]<\/a> v\u00f6. C. Lubich, <em>Parole di Vita<\/em>, Fabio Ciardi, (<em>Opere di Chiara Lubich<\/em> 5), Citt\u00e0 Nuova, Roma,<\/p>\n<p>2017, p. 429.<\/p>\n<\/div><\/div><\/div><div class=\"fusion-layout-column fusion_builder_column fusion-builder-column-3 fusion_builder_column_1_3 1_3 fusion-flex-column\" style=\"--awb-padding-top:30px;--awb-padding-right:30px;--awb-padding-bottom:10px;--awb-padding-left:30px;--awb-bg-color:var(--awb-custom13);--awb-bg-color-hover:var(--awb-custom13);--awb-bg-size:cover;--awb-width-large:33.333333333333%;--awb-margin-top-large:0px;--awb-spacing-right-large:5.76%;--awb-margin-bottom-large:20px;--awb-spacing-left-large:5.76%;--awb-width-medium:100%;--awb-order-medium:0;--awb-spacing-right-medium:1.92%;--awb-spacing-left-medium:1.92%;--awb-width-small:100%;--awb-order-small:0;--awb-spacing-right-small:1.92%;--awb-spacing-left-small:1.92%;\"><div class=\"fusion-column-wrapper fusion-column-has-shadow fusion-flex-justify-content-flex-start fusion-content-layout-column\"><div class=\"fusion-title title fusion-title-2 fusion-sep-none fusion-title-center fusion-title-text fusion-title-size-four\"><h4 class=\"fusion-title-heading title-heading-center\" style=\"margin:0;\">T\u00f6ltsd le PDF form\u00e1tumban<\/h4><\/div><div style=\"text-align:center;\"><a class=\"fusion-button button-flat fusion-button-default-size button-default fusion-button-default button-1 fusion-button-span-yes fusion-button-default-type\" style=\"--button_margin-bottom:20px;\" target=\"_blank\" rel=\"noopener noreferrer\" href=\"https:\/\/focolare.ro\/wp-content\/uploads\/2026\/01\/CV-02-2026-A5-HU.pdf\"><span class=\"fusion-button-icon-divider button-icon-divider-left\"><i class=\"fa-file-pdf fas awb-button__icon awb-button__icon--default\" aria-hidden=\"true\"><\/i><\/span><span class=\"fusion-button-text awb-button__text awb-button__text--default fusion-button-text-left\">Feln\u0151ttek r\u00e9sz\u00e9re<\/span><\/a><\/div><div style=\"text-align:center;\"><a class=\"fusion-button button-flat fusion-button-default-size button-default fusion-button-default button-2 fusion-button-span-yes fusion-button-default-type\" style=\"--button_margin-bottom:20px;\" target=\"_blank\" rel=\"noopener noreferrer\" href=\"https:\/\/focolare.ro\/wp-content\/uploads\/2026\/02\/ige202602ph_com.pdf\"><span class=\"fusion-button-icon-divider button-icon-divider-left\"><i class=\"fa-file-pdf fas awb-button__icon awb-button__icon--default\" aria-hidden=\"true\"><\/i><\/span><span class=\"fusion-button-text awb-button__text awb-button__text--default fusion-button-text-left\">Fiatalok<\/span><\/a><\/div><div style=\"text-align:center;\"><a class=\"fusion-button button-flat fusion-button-default-size button-default fusion-button-default button-3 fusion-button-span-yes fusion-button-default-type\" style=\"--button_margin-bottom:20px;\" target=\"_blank\" rel=\"noopener noreferrer\" href=\"https:\/\/focolare.ro\/wp-content\/uploads\/2026\/02\/ige202602kifsz.pdf\"><span class=\"fusion-button-icon-divider button-icon-divider-left\"><i class=\"fa-file-pdf fas awb-button__icon awb-button__icon--default\" aria-hidden=\"true\"><\/i><\/span><span class=\"fusion-button-text awb-button__text awb-button__text--default fusion-button-text-left\">Gyerekeknek sz\u00ednes v\u00e1ltozat<\/span><\/a><\/div><div style=\"text-align:center;\"><a class=\"fusion-button button-flat fusion-button-default-size button-default fusion-button-default button-4 fusion-button-span-yes fusion-button-default-type\" style=\"--button_margin-bottom:20px;\" target=\"_blank\" rel=\"noopener noreferrer\" href=\"https:\/\/focolare.ro\/wp-content\/uploads\/2026\/02\/ige202602kif.pdf\"><span class=\"fusion-button-icon-divider button-icon-divider-left\"><i class=\"fa-file-pdf fas awb-button__icon awb-button__icon--default\" aria-hidden=\"true\"><\/i><\/span><span class=\"fusion-button-text awb-button__text awb-button__text--default fusion-button-text-left\">Gyerekeknek kifest\u0151<\/span><\/a><\/div><\/div><\/div><\/div><\/div><div class=\"fusion-fullwidth fullwidth-box fusion-builder-row-4 fusion-flex-container nonhundred-percent-fullwidth non-hundred-percent-height-scrolling\" style=\"--awb-border-sizes-bottom:3px;--awb-border-color:var(--awb-color5);--awb-border-radius-top-left:0px;--awb-border-radius-top-right:0px;--awb-border-radius-bottom-right:0px;--awb-border-radius-bottom-left:0px;--awb-flex-wrap:wrap;\" ><div class=\"fusion-builder-row fusion-row fusion-flex-align-items-flex-start fusion-flex-content-wrap\" style=\"max-width:1216.8px;margin-left: calc(-4% \/ 2 );margin-right: calc(-4% \/ 2 );\"><\/div><\/div><\/p>\n","protected":false},"excerpt":{"rendered":"","protected":false},"author":10,"featured_media":0,"parent":5652,"menu_order":0,"comment_status":"closed","ping_status":"closed","template":"100-width.php","meta":{"footnotes":""},"class_list":["post-5690","page","type-page","status-publish","hentry"],"_links":{"self":[{"href":"https:\/\/focolare.ro\/hu\/wp-json\/wp\/v2\/pages\/5690","targetHints":{"allow":["GET"]}}],"collection":[{"href":"https:\/\/focolare.ro\/hu\/wp-json\/wp\/v2\/pages"}],"about":[{"href":"https:\/\/focolare.ro\/hu\/wp-json\/wp\/v2\/types\/page"}],"author":[{"embeddable":true,"href":"https:\/\/focolare.ro\/hu\/wp-json\/wp\/v2\/users\/10"}],"replies":[{"embeddable":true,"href":"https:\/\/focolare.ro\/hu\/wp-json\/wp\/v2\/comments?post=5690"}],"version-history":[{"count":17,"href":"https:\/\/focolare.ro\/hu\/wp-json\/wp\/v2\/pages\/5690\/revisions"}],"predecessor-version":[{"id":5716,"href":"https:\/\/focolare.ro\/hu\/wp-json\/wp\/v2\/pages\/5690\/revisions\/5716"}],"up":[{"embeddable":true,"href":"https:\/\/focolare.ro\/hu\/wp-json\/wp\/v2\/pages\/5652"}],"wp:attachment":[{"href":"https:\/\/focolare.ro\/hu\/wp-json\/wp\/v2\/media?parent=5690"}],"curies":[{"name":"wp","href":"https:\/\/api.w.org\/{rel}","templated":true}]}}