{"id":5733,"date":"2022-04-03T14:22:54","date_gmt":"2022-04-03T11:22:54","guid":{"rendered":"https:\/\/focolare.ro\/az-elet-igeje\/az-elet-igeje-2026\/2026-marcius\/"},"modified":"2026-03-03T11:25:45","modified_gmt":"2026-03-03T09:25:45","slug":"2026-marcius","status":"publish","type":"page","link":"https:\/\/focolare.ro\/hu\/az-elet-igeje\/az-elet-igeje-2026\/2026-marcius\/","title":{"rendered":"2026. m\u00e1rcius"},"content":{"rendered":"<p><div class=\"fusion-fullwidth fullwidth-box fusion-builder-row-1 fusion-flex-container has-pattern-background has-mask-background fusion-parallax-none nonhundred-percent-fullwidth non-hundred-percent-height-scrolling lazyload\" style=\"--awb-background-position:center bottom;--awb-border-radius-top-left:0px;--awb-border-radius-top-right:0px;--awb-border-radius-bottom-right:0px;--awb-border-radius-bottom-left:0px;--awb-background-color:var(--awb-custom14);--awb-background-size:cover;--awb-flex-wrap:wrap;\" data-bg=\"https:\/\/focolare.ro\/wp-content\/uploads\/2026\/03\/cvmartie2026.jpg\" ><div class=\"fusion-builder-row fusion-row fusion-flex-align-items-flex-start fusion-flex-content-wrap\" style=\"max-width:1216.8px;margin-left: calc(-4% \/ 2 );margin-right: calc(-4% \/ 2 );\"><div class=\"fusion-layout-column fusion_builder_column fusion-builder-column-0 fusion_builder_column_1_1 1_1 fusion-flex-column\" style=\"--awb-bg-size:cover;--awb-width-large:100%;--awb-margin-top-large:0px;--awb-spacing-right-large:1.92%;--awb-margin-bottom-large:20px;--awb-spacing-left-large:1.92%;--awb-width-medium:100%;--awb-order-medium:0;--awb-spacing-right-medium:1.92%;--awb-spacing-left-medium:1.92%;--awb-width-small:100%;--awb-order-small:0;--awb-spacing-right-small:1.92%;--awb-spacing-left-small:1.92%;\"><div class=\"fusion-column-wrapper fusion-column-has-shadow fusion-flex-justify-content-flex-start fusion-content-layout-column\"><div class=\"fusion-separator fusion-full-width-sep\" style=\"align-self: center;margin-left: auto;margin-right: auto;margin-bottom:200px;width:100%;\"><\/div><div class=\"fusion-title title fusion-title-1 fusion-sep-none fusion-title-text fusion-title-size-two\" style=\"--awb-text-color:var(--awb-color1);\"><h2 class=\"fusion-title-heading title-heading-left\" style=\"margin:0;\">2026. m\u00e1rcius<\/h2><\/div><\/div><\/div><\/div><\/div><div class=\"fusion-fullwidth fullwidth-box fusion-builder-row-2 fusion-flex-container nonhundred-percent-fullwidth non-hundred-percent-height-scrolling\" style=\"--awb-border-radius-top-left:0px;--awb-border-radius-top-right:0px;--awb-border-radius-bottom-right:0px;--awb-border-radius-bottom-left:0px;--awb-background-color:var(--awb-color1);--awb-flex-wrap:wrap;\" ><div class=\"fusion-builder-row fusion-row fusion-flex-align-items-flex-start fusion-flex-content-wrap\" style=\"max-width:1216.8px;margin-left: calc(-4% \/ 2 );margin-right: calc(-4% \/ 2 );\"><div class=\"fusion-layout-column fusion_builder_column fusion-builder-column-1 fusion_builder_column_1_1 1_1 fusion-flex-column\" style=\"--awb-bg-size:cover;--awb-width-large:100%;--awb-margin-top-large:0px;--awb-spacing-right-large:1.92%;--awb-margin-bottom-large:20px;--awb-spacing-left-large:1.92%;--awb-width-medium:100%;--awb-order-medium:0;--awb-spacing-right-medium:1.92%;--awb-spacing-left-medium:1.92%;--awb-width-small:100%;--awb-order-small:0;--awb-spacing-right-small:1.92%;--awb-spacing-left-small:1.92%;\"><div class=\"fusion-column-wrapper fusion-column-has-shadow fusion-flex-justify-content-flex-start fusion-content-layout-column\"><div class=\"fusion-separator fusion-full-width-sep\" style=\"align-self: center;margin-left: auto;margin-right: auto;margin-bottom:100px;width:100%;\"><\/div><\/div><\/div><\/div><\/div><div class=\"fusion-fullwidth fullwidth-box fusion-builder-row-3 fusion-flex-container nonhundred-percent-fullwidth non-hundred-percent-height-scrolling\" style=\"--awb-border-radius-top-left:0px;--awb-border-radius-top-right:0px;--awb-border-radius-bottom-right:0px;--awb-border-radius-bottom-left:0px;--awb-flex-wrap:wrap;\" ><div class=\"fusion-builder-row fusion-row fusion-flex-align-items-flex-start fusion-flex-content-wrap\" style=\"max-width:1216.8px;margin-left: calc(-4% \/ 2 );margin-right: calc(-4% \/ 2 );\"><div class=\"fusion-layout-column fusion_builder_column fusion-builder-column-2 fusion_builder_column_2_3 2_3 fusion-flex-column\" style=\"--awb-bg-size:cover;--awb-width-large:66.666666666667%;--awb-margin-top-large:0px;--awb-spacing-right-large:2.88%;--awb-margin-bottom-large:20px;--awb-spacing-left-large:2.88%;--awb-width-medium:100%;--awb-order-medium:0;--awb-spacing-right-medium:1.92%;--awb-spacing-left-medium:1.92%;--awb-width-small:100%;--awb-order-small:0;--awb-spacing-right-small:1.92%;--awb-spacing-left-small:1.92%;\"><div class=\"fusion-column-wrapper fusion-column-has-shadow fusion-flex-justify-content-flex-start fusion-content-layout-column\"><div class=\"fusion-text fusion-text-1\" style=\"--awb-text-transform:none;\"><h3><strong>2026. m\u00e1rcius<\/strong><\/h3>\n<p><strong>\u201eKeljetek f\u00f6l, ne f\u00e9ljetek!\u201d (<em>Mt <\/em>17,7)<\/strong><\/p>\n<p>P\u00e9ter, Jakab \u00e9s J\u00e1nos, miut\u00e1n J\u00e9zussal f\u00f6lmentek egy magas hegyre, megl\u00e1tt\u00e1k a Mester dics\u0151s\u00e9g\u00e9t, \u00e9s hallott\u00e1k az Atya hangj\u00e1t, aki Fi\u00e1nak vallotta \u0151t.<\/p>\n<p>Rendk\u00edv\u00fcli \u00e9lm\u00e9ny ez, szemt\u0151l szemben Istennel, aki itt lehet\u0151v\u00e9 teszi teremtm\u00e9nyeinek, hogy megismerj\u00e9k \u0151t dics\u0151s\u00e9g\u00e9ben. F\u00e9lelem\u00fckben f\u00f6ldre estek, de J\u00e9zus meg\u00e9rintette \u0151ket, \u00e9s \u00edgy sz\u00f3lt hozz\u00e1juk: <\/p>\n<p><strong>\u201eKeljetek f\u00f6l, ne f\u00e9ljetek!\u201d<\/strong><\/p>\n<p>\u201eKeljetek f\u00f6l\u201d, J\u00e9zus itt ugyanazt az ig\u00e9t haszn\u00e1lja, amellyel az evang\u00e9lium a felt\u00e1mad\u00e1st fejezi ki, \u00e9s a \u201ene f\u00e9ljetek\u201d is ugyanaz a k\u00e9t sz\u00f3, amellyel a felt\u00e1madott az \u00fcres s\u00edrn\u00e1l \u00e1ll\u00f3 asszonyokat k\u00f6sz\u00f6nti.<a href=\"#_ftn1\" name=\"_ftnref1\">[1]<\/a> J\u00e9zus nyomat\u00e9kos \u00e9s vil\u00e1gos szavai hat\u00e1rozottan \u00faj \u00e9letre h\u00edvnak, \u00e9s ez a tan\u00edtv\u00e1nyok sz\u00e1m\u00e1ra az \u0151 kez\u00e9nek \u00e9rint\u00e9se \u00e1ltal v\u00e1lik lehets\u00e9gess\u00e9. <\/p>\n<p>Mi is megtorpanunk n\u00e9ha a f\u00e9lelmeink, az \u00e9let pr\u00f3bat\u00e9telei vagy a kil\u00e1t\u00e1stalan helyzetek miatt. Viszont nemcsak a saj\u00e1t er\u0151nkre sz\u00e1m\u00edthatunk, hogy visszanyerj\u00fck k\u00e9szs\u00e9g\u00fcnket a tan\u00fas\u00e1gt\u00e9telre, hanem sokkal ink\u00e1bb sz\u00e1m\u00edthatunk Isten kegyelm\u00e9re, amely mindig megel\u0151z benn\u00fcnket. <\/p>\n<p>\u201eKi ker\u00fclheti el a pr\u00f3bat\u00e9teleket, melyek buk\u00e1s vagy szeg\u00e9nys\u00e9g, depresszi\u00f3, k\u00e9tely vagy k\u00eds\u00e9rt\u00e9s form\u00e1j\u00e1ban jelentkeznek? [\u2026] F\u00e9lelemmel t\u00f6lt el a minket k\u00f6r\u00fclvev\u0151, h\u00e1bor\u00fakkal, er\u0151szakkal, igazs\u00e1gtalans\u00e1ggal teli materialista \u00e9s individualista t\u00e1rsadalom\u2026 L\u00e1tva ezeket a helyzeteket k\u00e9tely\u00fcnk t\u00e1madhat: Hova lett Isten szeretete? [\u2026] J\u00e9zus val\u00f3ban behatolt minden f\u00e1jdalomba, mag\u00e1ra vett minden megpr\u00f3b\u00e1ltat\u00e1st, azonosult mindannyiunkkal. [\u2026] \u0150 a Szeretet, a f\u00e9lelmet pedig szeretettel lehet el\u0171zni. Minden alkalommal, amikor valami b\u00e1nt, amikor agyonnyom egy f\u00e1jdalmas helyzet, ismerj\u00fck fel a m\u00f6g\u00f6tte rejt\u0151z\u0151 igazi val\u00f3s\u00e1got: J\u00e9zus jelenik meg, [\u2026] fogadjuk be, hagyjuk, hogy behatoljon az \u00e9let\u00fcnkbe! Azt\u00e1n \u00e9lj\u00fcnk tov\u00e1bb, vess\u00fck bele magunkat a felebar\u00e1t ir\u00e1nti szeretetbe, ahogyan azt Isten k\u00e9ri t\u0151l\u00fcnk! Felfedezz\u00fck majd, hogy J\u00e9zus mindig Szeretet. \u00cdgy mi is, mint a tan\u00edtv\u00e1nyok, mondhatjuk neki: \u00bbTe val\u00f3ban Isten fia vagy!\u00ab (Mt 14,33)\u201d<a href=\"#_ftn2\" name=\"_ftnref2\">[2]<\/a>.      <\/p>\n<p><strong>\u201eKeljetek f\u00f6l, ne f\u00e9ljetek!\u201d<\/strong><\/p>\n<p>Aki megtapasztalta \u00e9let\u00e9ben a tal\u00e1lkoz\u00e1st Istennel, azt elb\u0171v\u00f6lte az \u0151 jelenl\u00e9te, meg\u00e9rintette \u00e9s meggy\u00f3gy\u00edtotta az \u0151 Ig\u00e9je. Gyakran egy kereszt\u00e9ny k\u00f6z\u00f6ss\u00e9g tan\u00fas\u00e1gt\u00e9tel\u00e9hez k\u00f6t\u0151dik ez az isteni kaland, \u00e9s b\u00e1tors\u00e1got ad ahhoz, hogy fel\u00e1lljunk, kil\u00e9pj\u00fcnk \u00f6nmagunkb\u00f3l, \u00e9s folytassuk az utat J\u00e9zussal \u00e9s a testv\u00e9reinkkel. <\/p>\n<p>Egy fiatal sz\u00edriai l\u00e1ny t\u00f6rt\u00e9net\u00e9t id\u00e9zz\u00fck:<br \/>\u201eTavaly \u00e9v v\u00e9g\u00e9n haz\u00e1m nagyon neh\u00e9z id\u0151szakot \u00e9lt, v\u00e1rosomban is k\u00e1osz \u00e9s f\u00e9lelem uralkodott. Komolyan agg\u00f3dtam a csal\u00e1dom, a bar\u00e1taim \u00e9s \u00f6nmagam miatt is.<br \/>Pr\u00f3b\u00e1ltam meg\u0151rizni a rem\u00e9nyt Istenben, igyekeztem mindezek ellen\u00e9re er\u0151snek maradni. Ezek el\u0151tt az esem\u00e9nyek el\u0151tt a fiatalokkal, akikkel egy\u00fctt \u00e9lj\u00fck az evang\u00e9liumot, ind\u00edtottunk n\u00e9h\u00e1ny kezdem\u00e9nyez\u00e9st. \u00c9lelmiszercsomagokkal \u00e9s sok m\u00e1s \u00f6tletes m\u00f3don akartuk t\u00e1mogatni a r\u00e1szorul\u00f3 csal\u00e1dokat.   <\/p>\n<p>A v\u00e1ls\u00e1gos helyzet miatt azonban fel kellett hagynunk ezekkel a terveinkkel egy id\u0151re. N\u00e9h\u00e1ny nappal k\u00e9s\u0151bb azonban siker\u00fclt \u00fajra \u00f6sszej\u00f6nn\u00fcnk, \u00e9s ezen a tal\u00e1lkoz\u00f3n er\u0151t \u00e9s b\u00e1tors\u00e1got tal\u00e1ltunk egym\u00e1sban. \u00dagy d\u00f6nt\u00f6tt\u00fcnk, nem hagyjuk, hogy a f\u00e9lelem gy\u0151zz\u00f6n, hanem bizalmunkat J\u00e9zusba helyezz\u00fck, \u00e9s tov\u00e1bbmegy\u00fcnk a megkezdett \u00faton. K\u00f6z\u00f6s hit\u00fcnkkel t\u00f6bb, mint 40 csal\u00e1dnak tudtunk seg\u00edteni, akiknek val\u00f3ban sz\u00fcks\u00e9g\u00fck volt a t\u00e1mogat\u00e1sra. A neh\u00e9zs\u00e9gek k\u00f6zepette \u00e9rezt\u00fck, hogy Isten szeretete \u00e9s az egys\u00e9g\u00fcnk r\u00e9v\u00e9n val\u00f3ban v\u00e1ltoz\u00e1st tudunk el\u00e9rni.\u201d    <\/p>\n<p><strong>\u201eKeljetek f\u00f6l, ne f\u00e9ljetek!\u201d<\/strong><\/p>\n<p>Miut\u00e1n J\u00e9zussal felment\u00fcnk a hegyre, hogy tal\u00e1lkozzunk Istennel \u00e9s meghalljuk a hangj\u00e1t, vele egy\u00fctt le is j\u00f6het\u00fcnk, hogy \u201evisszat\u00e9rj\u00fcnk a s\u00edks\u00e1gra, \u00e9s ott sok testv\u00e9r\u00fcnkkel tal\u00e1lkozunk, akiket f\u00e1rads\u00e1g, betegs\u00e9g, igazs\u00e1gtalans\u00e1g, tudatlans\u00e1g, anyagi \u00e9s lelki szeg\u00e9nys\u00e9g terhel.\u201d<a href=\"#_ftn3\" name=\"_ftnref3\">[3]<\/a><\/p>\n<p>Kereszt\u00e9ny k\u00f6z\u00f6ss\u00e9gk\u00e9nt mi is szenvedhet\u00fcnk, el is t\u00e9vedhet\u00fcnk, de ez az ige arra \u00f6szt\u00f6n\u00f6z, hogy \u00fajra elinduljunk egy\u00fctt, \u00e9s vigy\u00fck el mindenkinek \u201eaz Istennel szerzett tapasztalatainkb\u00f3l sz\u00e1rmaz\u00f3 gy\u00fcm\u00f6lcs\u00f6ket, \u00e9s osszuk meg a kapott kegyelmeket.\u201d<a href=\"#_ftn4\" name=\"_ftnref4\">[4]<\/a><\/p>\n<p><em>Letizia Magri \u00e9s az \u00e9letige csoport gondoz\u00e1s\u00e1ban<\/em><\/p>\n<p><a href=\"#_ftnref1\" name=\"_ftn1\">[1]<\/a> <em>Mt<\/em> 28,10; v\u00f6. 28,5 28,5.<\/p>\n<p><a href=\"#_ftnref2\" name=\"_ftn2\">[2]<\/a> C. Lubich, <em>Az \u00e9let ig\u00e9je<\/em> 2002. augusztus <\/p>\n<p><a href=\"#_ftnref3\" name=\"_ftn3\">[3]<\/a> v\u00f6. Ferenc p\u00e1pa, 2014. m\u00e1rcius 16-i \u00darangyala<\/p>\n<p><a href=\"#_ftnref4\" name=\"_ftn4\">[4]<\/a> uo.<\/p>\n<\/div><\/div><\/div><div class=\"fusion-layout-column fusion_builder_column fusion-builder-column-3 fusion_builder_column_1_3 1_3 fusion-flex-column\" style=\"--awb-padding-top:30px;--awb-padding-right:30px;--awb-padding-bottom:10px;--awb-padding-left:30px;--awb-bg-color:var(--awb-custom13);--awb-bg-color-hover:var(--awb-custom13);--awb-bg-size:cover;--awb-width-large:33.333333333333%;--awb-margin-top-large:0px;--awb-spacing-right-large:5.76%;--awb-margin-bottom-large:20px;--awb-spacing-left-large:5.76%;--awb-width-medium:100%;--awb-order-medium:0;--awb-spacing-right-medium:1.92%;--awb-spacing-left-medium:1.92%;--awb-width-small:100%;--awb-order-small:0;--awb-spacing-right-small:1.92%;--awb-spacing-left-small:1.92%;\"><div class=\"fusion-column-wrapper fusion-column-has-shadow fusion-flex-justify-content-flex-start fusion-content-layout-column\"><div class=\"fusion-title title fusion-title-2 fusion-sep-none fusion-title-center fusion-title-text fusion-title-size-four\"><h4 class=\"fusion-title-heading title-heading-center\" style=\"margin:0;\">T\u00f6ltsd le PDF form\u00e1tumban<\/h4><\/div><div style=\"text-align:center;\"><a class=\"fusion-button button-flat fusion-button-default-size button-default fusion-button-default button-1 fusion-button-span-yes fusion-button-default-type\" style=\"--button_margin-bottom:20px;\" target=\"_blank\" rel=\"noopener noreferrer\" href=\"https:\/\/focolare.ro\/wp-content\/uploads\/2026\/03\/CV-03-2026-A5-RO.pdf\"><span class=\"fusion-button-icon-divider button-icon-divider-left\"><i class=\"fa-file-pdf fas awb-button__icon awb-button__icon--default\" aria-hidden=\"true\"><\/i><\/span><span class=\"fusion-button-text awb-button__text awb-button__text--default fusion-button-text-left\">Feln\u0151ttek r\u00e9sz\u00e9re<\/span><\/a><\/div><div style=\"text-align:center;\"><a class=\"fusion-button button-flat fusion-button-default-size button-default fusion-button-default button-2 fusion-button-span-yes fusion-button-default-type\" style=\"--button_margin-bottom:20px;\" target=\"_blank\" rel=\"noopener noreferrer\" href=\"https:\/\/focolare.ro\/wp-content\/uploads\/2026\/02\/ige202602ph_com.pdf\"><span class=\"fusion-button-icon-divider button-icon-divider-left\"><i class=\"fa-file-pdf fas awb-button__icon awb-button__icon--default\" aria-hidden=\"true\"><\/i><\/span><span class=\"fusion-button-text awb-button__text awb-button__text--default fusion-button-text-left\">Fiatalok<\/span><\/a><\/div><div style=\"text-align:center;\"><a class=\"fusion-button button-flat fusion-button-default-size button-default fusion-button-default button-3 fusion-button-span-yes fusion-button-default-type\" style=\"--button_margin-bottom:20px;\" target=\"_blank\" rel=\"noopener noreferrer\" href=\"https:\/\/focolare.ro\/wp-content\/uploads\/2026\/01\/CV-02-2026_copii-C.pdf\"><span class=\"fusion-button-icon-divider button-icon-divider-left\"><i class=\"fa-file-pdf fas awb-button__icon awb-button__icon--default\" aria-hidden=\"true\"><\/i><\/span><span class=\"fusion-button-text awb-button__text awb-button__text--default fusion-button-text-left\">Gyerekeknek sz\u00ednes v\u00e1ltozat<\/span><\/a><\/div><div style=\"text-align:center;\"><a class=\"fusion-button button-flat fusion-button-default-size button-default fusion-button-default button-4 fusion-button-span-yes fusion-button-default-type\" style=\"--button_margin-bottom:20px;\" target=\"_blank\" rel=\"noopener noreferrer\" href=\"https:\/\/focolare.ro\/wp-content\/uploads\/2026\/01\/CV-02-2026_copii-AN.pdf\"><span class=\"fusion-button-icon-divider button-icon-divider-left\"><i class=\"fa-file-pdf fas awb-button__icon awb-button__icon--default\" aria-hidden=\"true\"><\/i><\/span><span class=\"fusion-button-text awb-button__text awb-button__text--default fusion-button-text-left\">Gyerekeknek kifest\u0151<\/span><\/a><\/div><\/div><\/div><\/div><\/div><div class=\"fusion-fullwidth fullwidth-box fusion-builder-row-4 fusion-flex-container nonhundred-percent-fullwidth non-hundred-percent-height-scrolling\" style=\"--awb-border-sizes-bottom:3px;--awb-border-color:var(--awb-color5);--awb-border-radius-top-left:0px;--awb-border-radius-top-right:0px;--awb-border-radius-bottom-right:0px;--awb-border-radius-bottom-left:0px;--awb-flex-wrap:wrap;\" ><div class=\"fusion-builder-row fusion-row fusion-flex-align-items-flex-start fusion-flex-content-wrap\" style=\"max-width:1216.8px;margin-left: calc(-4% \/ 2 );margin-right: calc(-4% \/ 2 );\"><\/div><\/div><\/p>\n","protected":false},"excerpt":{"rendered":"","protected":false},"author":10,"featured_media":0,"parent":5652,"menu_order":0,"comment_status":"closed","ping_status":"closed","template":"100-width.php","meta":{"footnotes":""},"class_list":["post-5733","page","type-page","status-publish","hentry"],"_links":{"self":[{"href":"https:\/\/focolare.ro\/hu\/wp-json\/wp\/v2\/pages\/5733","targetHints":{"allow":["GET"]}}],"collection":[{"href":"https:\/\/focolare.ro\/hu\/wp-json\/wp\/v2\/pages"}],"about":[{"href":"https:\/\/focolare.ro\/hu\/wp-json\/wp\/v2\/types\/page"}],"author":[{"embeddable":true,"href":"https:\/\/focolare.ro\/hu\/wp-json\/wp\/v2\/users\/10"}],"replies":[{"embeddable":true,"href":"https:\/\/focolare.ro\/hu\/wp-json\/wp\/v2\/comments?post=5733"}],"version-history":[{"count":8,"href":"https:\/\/focolare.ro\/hu\/wp-json\/wp\/v2\/pages\/5733\/revisions"}],"predecessor-version":[{"id":5747,"href":"https:\/\/focolare.ro\/hu\/wp-json\/wp\/v2\/pages\/5733\/revisions\/5747"}],"up":[{"embeddable":true,"href":"https:\/\/focolare.ro\/hu\/wp-json\/wp\/v2\/pages\/5652"}],"wp:attachment":[{"href":"https:\/\/focolare.ro\/hu\/wp-json\/wp\/v2\/media?parent=5733"}],"curies":[{"name":"wp","href":"https:\/\/api.w.org\/{rel}","templated":true}]}}