{"id":5774,"date":"2022-04-03T14:22:54","date_gmt":"2022-04-03T11:22:54","guid":{"rendered":"https:\/\/focolare.ro\/az-elet-igeje\/az-elet-igeje-2026\/2026-aprilis\/"},"modified":"2026-04-22T20:24:51","modified_gmt":"2026-04-22T17:24:51","slug":"2026-aprilis","status":"publish","type":"page","link":"https:\/\/focolare.ro\/hu\/az-elet-igeje\/az-elet-igeje-2026\/2026-aprilis\/","title":{"rendered":"2026. \u00e1prilis"},"content":{"rendered":"<p><div class=\"fusion-fullwidth fullwidth-box fusion-builder-row-1 fusion-flex-container has-pattern-background has-mask-background fusion-parallax-none nonhundred-percent-fullwidth non-hundred-percent-height-scrolling lazyload\" style=\"--awb-border-radius-top-left:0px;--awb-border-radius-top-right:0px;--awb-border-radius-bottom-right:0px;--awb-border-radius-bottom-left:0px;--awb-background-color:var(--awb-custom14);--awb-background-size:cover;--awb-flex-wrap:wrap;\" data-bg=\"https:\/\/focolare.ro\/wp-content\/uploads\/2026\/03\/cvaprilie2026.jpg\" ><div class=\"fusion-builder-row fusion-row fusion-flex-align-items-flex-start fusion-flex-content-wrap\" style=\"max-width:1216.8px;margin-left: calc(-4% \/ 2 );margin-right: calc(-4% \/ 2 );\"><div class=\"fusion-layout-column fusion_builder_column fusion-builder-column-0 fusion_builder_column_1_1 1_1 fusion-flex-column\" style=\"--awb-bg-size:cover;--awb-width-large:100%;--awb-margin-top-large:0px;--awb-spacing-right-large:1.92%;--awb-margin-bottom-large:20px;--awb-spacing-left-large:1.92%;--awb-width-medium:100%;--awb-order-medium:0;--awb-spacing-right-medium:1.92%;--awb-spacing-left-medium:1.92%;--awb-width-small:100%;--awb-order-small:0;--awb-spacing-right-small:1.92%;--awb-spacing-left-small:1.92%;\"><div class=\"fusion-column-wrapper fusion-column-has-shadow fusion-flex-justify-content-flex-start fusion-content-layout-column\"><div class=\"fusion-separator fusion-full-width-sep\" style=\"align-self: center;margin-left: auto;margin-right: auto;margin-bottom:200px;width:100%;\"><\/div><div class=\"fusion-title title fusion-title-1 fusion-sep-none fusion-title-text fusion-title-size-two\" style=\"--awb-text-color:var(--awb-color1);\"><h2 class=\"fusion-title-heading title-heading-left\" style=\"margin:0;\">2026. \u00e1prilis<\/h2><\/div><\/div><\/div><\/div><\/div><div class=\"fusion-fullwidth fullwidth-box fusion-builder-row-2 fusion-flex-container nonhundred-percent-fullwidth non-hundred-percent-height-scrolling\" style=\"--awb-border-radius-top-left:0px;--awb-border-radius-top-right:0px;--awb-border-radius-bottom-right:0px;--awb-border-radius-bottom-left:0px;--awb-background-color:var(--awb-color1);--awb-flex-wrap:wrap;\" ><div class=\"fusion-builder-row fusion-row fusion-flex-align-items-flex-start fusion-flex-content-wrap\" style=\"max-width:1216.8px;margin-left: calc(-4% \/ 2 );margin-right: calc(-4% \/ 2 );\"><div class=\"fusion-layout-column fusion_builder_column fusion-builder-column-1 fusion_builder_column_1_1 1_1 fusion-flex-column\" style=\"--awb-bg-size:cover;--awb-width-large:100%;--awb-margin-top-large:0px;--awb-spacing-right-large:1.92%;--awb-margin-bottom-large:20px;--awb-spacing-left-large:1.92%;--awb-width-medium:100%;--awb-order-medium:0;--awb-spacing-right-medium:1.92%;--awb-spacing-left-medium:1.92%;--awb-width-small:100%;--awb-order-small:0;--awb-spacing-right-small:1.92%;--awb-spacing-left-small:1.92%;\"><div class=\"fusion-column-wrapper fusion-column-has-shadow fusion-flex-justify-content-flex-start fusion-content-layout-column\"><div class=\"fusion-separator fusion-full-width-sep\" style=\"align-self: center;margin-left: auto;margin-right: auto;margin-bottom:100px;width:100%;\"><\/div><\/div><\/div><\/div><\/div><div class=\"fusion-fullwidth fullwidth-box fusion-builder-row-3 fusion-flex-container nonhundred-percent-fullwidth non-hundred-percent-height-scrolling\" style=\"--awb-border-radius-top-left:0px;--awb-border-radius-top-right:0px;--awb-border-radius-bottom-right:0px;--awb-border-radius-bottom-left:0px;--awb-flex-wrap:wrap;\" ><div class=\"fusion-builder-row fusion-row fusion-flex-align-items-flex-start fusion-flex-content-wrap\" style=\"max-width:1216.8px;margin-left: calc(-4% \/ 2 );margin-right: calc(-4% \/ 2 );\"><div class=\"fusion-layout-column fusion_builder_column fusion-builder-column-2 fusion_builder_column_2_3 2_3 fusion-flex-column\" style=\"--awb-bg-size:cover;--awb-width-large:66.666666666667%;--awb-margin-top-large:0px;--awb-spacing-right-large:2.88%;--awb-margin-bottom-large:20px;--awb-spacing-left-large:2.88%;--awb-width-medium:100%;--awb-order-medium:0;--awb-spacing-right-medium:1.92%;--awb-spacing-left-medium:1.92%;--awb-width-small:100%;--awb-order-small:0;--awb-spacing-right-small:1.92%;--awb-spacing-left-small:1.92%;\"><div class=\"fusion-column-wrapper fusion-column-has-shadow fusion-flex-justify-content-flex-start fusion-content-layout-column\"><div class=\"fusion-text fusion-text-1\" style=\"--awb-text-transform:none;\"><h3><strong>2026. \u00e1prilis<\/strong><\/h3>\n<p><strong>\u201eMaradj vel\u00fcnk, mert esteledik\u201d<\/strong> <strong> (<em>Lk<\/em> 24,29).<\/strong><\/p>\n<p>Az Emmausz falu fel\u00e9 vezet\u0151 \u00fat t\u00f6rt\u00e9nete J\u00e9zus k\u00e9t tan\u00edtv\u00e1ny\u00e1nak \u00fatj\u00e1t besz\u00e9li el. \u00c1lmaik, terveik \u00e9s a Mesterrel t\u00f6lt\u00f6tt napjaik komoly pillanatai csal\u00f3d\u00e1st okoztak nekik, ez\u00e9rt hazat\u00e9r\u0151ben vannak, hogy folytass\u00e1k az \u00e9let\u00fcket, ahogy azt a J\u00e9zussal val\u00f3 tal\u00e1lkoz\u00e1s el\u0151tt tett\u00e9k. Alig h\u00e1rom nap telt el keresztre fesz\u00edt\u00e9se \u00f3ta, ez\u00e9rt k\u00f6vet\u0151i k\u00f6r\u00e9ben m\u00e9lys\u00e9ges csal\u00f3d\u00e1s, f\u00e9lelem \u00e9s k\u00e9ts\u00e9g uralkodott.<\/p>\n<p>Elhagyt\u00e1k Jeruzs\u00e1lemet, a megval\u00f3sulatlan \u00e1lmot, elhat\u00e1rol\u00f3dtak Krisztust\u00f3l \u00e9s \u00fczenet\u00e9t\u0151l is, \u201eszomor\u00faak\u201d voltak, mert \u00fagy-ahogy m\u00e1r meg is hozt\u00e1k a d\u00f6nt\u00e9st, hogy feladj\u00e1k a tervet, amely\u00e9rt k\u00f6vett\u00e9k \u0151t.<\/p>\n<p>Ez tulajdonk\u00e9ppen b\u00e1rmelyik\u00fcnk t\u00f6rt\u00e9nete lehetne, amikor elt\u00e9ved\u00fcnk olyan helyzetekben, melyek v\u00e1lasz\u00fat el\u00e9 \u00e1ll\u00edtanak benn\u00fcnket. Sok \u00fatkeresztez\u0151d\u00e9s el\u0151tt hissz\u00fck, hogy att\u00f3l fogjuk jobban \u00e9rezni magunkat, ha visszat\u00e9r\u00fcnk, ha feladjuk \u00e9s belet\u00f6r\u0151d\u00fcnk.<\/p>\n<p>\u201eTal\u00e1n nem ismer\u0151s mindny\u00e1junknak a helyzet, hogy Emmauszban akarunk megsz\u00e1llni? Ki ne j\u00e1rt volna m\u00e1r olyan \u00faton, hogy egyszer csak \u00fagy l\u00e1tszott, minden elveszett? Meghalt benn\u00fcnk Krisztus\u2026 Semmilyen J\u00e9zus nem l\u00e9tezik t\u00f6bb\u00e9 a f\u00f6ld\u00f6n.\u201d<a href=\"#_ftn1\" name=\"_ftnref1\">[1]<\/a><\/p>\n<p><strong>\u201eMaradj vel\u00fcnk, mert esteledik\u201d<\/strong><\/p>\n<p>\u00datk\u00f6zben egy idegen csatlakozik hozz\u00e1juk, aki mintha nem tudna a nemr\u00e9g t\u00f6rt\u00e9nt esem\u00e9nyekr\u0151l. Pontos k\u00e9rd\u00e9seket tesz fel, \u00e9s ezek el\u0151hozz\u00e1k bel\u0151l\u00fck minden keser\u0171s\u00e9g\u00fcket \u00e9s cs\u00fcggedts\u00e9g\u00fcket. El\u0151sz\u00f6r meghallgatja \u0151ket, majd a Szent\u00edr\u00e1st kezdi magyar\u00e1zni. P\u00e1rbesz\u00e9d ez, tal\u00e1lkoz\u00e1s, amely m\u00e9ly nyomot hagy. Olyannyira, hogy b\u00e1r m\u00e9g nem ismerik fel J\u00e9zust, m\u00e9gis megk\u00e9rik, hogy maradjon vel\u00fck, mert esteledik.<a href=\"#_ftn2\" name=\"_ftnref2\">[2]<\/a><\/p>\n<p>Ez tal\u00e1n az egyik legszebb ima az evang\u00e9liumokban. Ez az els\u0151 ima, amelyet a tan\u00edtv\u00e1nyok a Felt\u00e1madottnak mondanak. Meghat\u00f3 a k\u00e9r\u00e9s, amelyet kifejeznek, amelyet mindannyian elmondhatunk neki, hogy maradjon vel\u00fcnk \u00e9s k\u00f6z\u00f6tt\u00fcnk.<\/p>\n<p>A keny\u00e9rt\u00f6r\u00e9skor megny\u00edlik a k\u00e9t tan\u00edtv\u00e1ny szeme, \u00e9s az \u00f6r\u00f6m, hogy v\u00e9gre felismert\u00e9k \u0151t, arra k\u00e9szteti \u0151ket, hogy visszat\u00e9rjenek Jeruzs\u00e1lembe, \u00e9s h\u00edr\u00fcl adj\u00e1k bar\u00e1taiknak a felt\u00e1mad\u00e1st.<\/p>\n<p><strong>\u201eMaradj vel\u00fcnk, mert esteledik\u201d<\/strong><\/p>\n<p>\u201eEzekn\u00e9l a szavakn\u00e1l tal\u00e1n semmi sem \u00edrja le jobban azt a tapasztalatot, amelyet mi a fokol\u00e1rban kezdett\u0151l fogva \u00e1t\u00e9lt\u00fcnk, hogy J\u00e9zussal k\u00f6z\u00f6tt\u00fcnk \u00e9l\u00fcnk \u2013 \u00edrja Chiara Lubich. \u2013 J\u00e9zus mindig J\u00e9zus, ha csak lelkileg van is jelen, amikor jelen van, \u0151 magyar\u00e1zza az \u00cdr\u00e1sokat, \u00e9s a sz\u00edv\u00fcnkben l\u00e1ngol a szeretete, az \u00e9let. Amikor felismerj\u00fck \u0150t, v\u00e9gtelen v\u00e1gy\u00f3d\u00e1ssal mondjuk: \u00bbMaradj vel\u00fcnk, Uram, mert esteledik\u00ab: n\u00e9lk\u00fcled s\u00f6t\u00e9t \u00e9jszaka van.\u201d<a href=\"#_ftn3\" name=\"_ftnref3\">[3]<\/a><\/p>\n<p>Az \u00e9j a s\u00f6t\u00e9ts\u00e9g, az ismeretlen, szimb\u00f3luma annak, hogy hi\u00e1nyzik a f\u00e9ny, amelyet nem siker\u00fcl megtal\u00e1lni, mert nem hisz\u00fcnk az \u0150 jelenl\u00e9t\u00e9ben, amely folyamatosan k\u00eds\u00e9r minket.<\/p>\n<p>\u00c9j bor\u00edtja bolyg\u00f3nkat is, testv\u00e9rharcok, hatalom- \u00e9s p\u00e9nzs\u00f3v\u00e1rs\u00e1gb\u00f3l folytatott h\u00e1bor\u00fak sebes\u00edtik \u00e9s gyal\u00e1zz\u00e1k meg.<\/p>\n<p>\u00c9jszak\u00e1t \u00e9lnek meg azok a milli\u00f3k is, akiknek m\u00e1r nincs hangjuk, hogy ki\u00e1ltsanak az igazs\u00e1gtalans\u00e1gok \u00e9s az elnyom\u00e1s ellen.<\/p>\n<p>\u00c9s mi hogyan tudjuk felismerni J\u00e9zus jelenl\u00e9t\u00e9t, aki nem mindig \u00fagy nyilv\u00e1nul meg, ahogyan azt elv\u00e1rjuk? Hogyan \u00e9rts\u00fck meg, hogy \u0151 vel\u00fcnk j\u00e1r, \u00e9s megpr\u00f3b\u00e1lja felismertetni vel\u00fcnk jelenl\u00e9t\u00e9nek jeleit? Hogyan teremthetj\u00fck meg annak a felt\u00e9teleit, hogy \u0151 megnyilv\u00e1nulhasson \u00e9s vel\u00fcnk maradjon?<\/p>\n<p>Ezekre a k\u00e9rd\u00e9sekre tal\u00e1n nem mindig tudunk v\u00e1laszt adni, de arra \u00f6szt\u00f6n\u00f6znek, hogy ne hagyjuk abba J\u00e9zus keres\u00e9s\u00e9t; hogy a figyelm\u00fcnket ir\u00e1ny\u00edtsuk arra az \u00fatit\u00e1rsunkra, akit gyakran nem l\u00e1tunk; \u00e9s ismerj\u00fck fel \u0151t, aki jelen lehet k\u00f6z\u00f6tt\u00fcnk, ha k\u00f6lcs\u00f6n\u00f6s szeretetben \u00e9l\u00fcnk.<\/p>\n<p>Az emmauszi \u00fat a mi utunknak is a szimb\u00f3luma, az \u00darral val\u00f3 tal\u00e1lkoz\u00e1s \u00fatja, amely visszaadja sz\u00edv\u00fcnk \u00f6r\u00f6m\u00e9t, visszavezet a k\u00f6z\u00f6ss\u00e9gbe, hogy egy\u00fctt tan\u00faskodjunk Krisztus felt\u00e1mad\u00e1s\u00e1r\u00f3l.<\/p>\n<p><em>Patrizia Mazzola \u00e9s az \u00e9letige csoport gondoz\u00e1s\u00e1ban<\/em><\/p>\n<p><a href=\"#_ftnref1\" name=\"_ftn1\">[1]<\/a> Fran\u00e7ois Mauriac, J\u00e9zus \u00e9lete<\/p>\n<p><a href=\"#_ftnref2\" name=\"_ftn2\">[2]<\/a> v\u00f6. Lk 24,17-29<\/p>\n<p><a href=\"#_ftnref3\" name=\"_ftn3\">[3]<\/a> Chiara Lubich, Scritti Spirituali\/3, Citt\u00e0 Nuova, Roma 1979, p. 67.<\/p>\n<\/div><\/div><\/div><div class=\"fusion-layout-column fusion_builder_column fusion-builder-column-3 fusion_builder_column_1_3 1_3 fusion-flex-column\" style=\"--awb-padding-top:30px;--awb-padding-right:30px;--awb-padding-bottom:10px;--awb-padding-left:30px;--awb-bg-color:var(--awb-custom13);--awb-bg-color-hover:var(--awb-custom13);--awb-bg-size:cover;--awb-width-large:33.333333333333%;--awb-margin-top-large:0px;--awb-spacing-right-large:5.76%;--awb-margin-bottom-large:20px;--awb-spacing-left-large:5.76%;--awb-width-medium:100%;--awb-order-medium:0;--awb-spacing-right-medium:1.92%;--awb-spacing-left-medium:1.92%;--awb-width-small:100%;--awb-order-small:0;--awb-spacing-right-small:1.92%;--awb-spacing-left-small:1.92%;\"><div class=\"fusion-column-wrapper fusion-column-has-shadow fusion-flex-justify-content-flex-start fusion-content-layout-column\"><div class=\"fusion-title title fusion-title-2 fusion-sep-none fusion-title-center fusion-title-text fusion-title-size-four\"><h4 class=\"fusion-title-heading title-heading-center\" style=\"margin:0;\">T\u00f6ltsd le PDF form\u00e1tumban<\/h4><\/div><div style=\"text-align:center;\"><a class=\"fusion-button button-flat fusion-button-default-size button-default fusion-button-default button-1 fusion-button-span-yes fusion-button-default-type\" style=\"--button_margin-bottom:20px;\" target=\"_blank\" rel=\"noopener noreferrer\" href=\"https:\/\/focolare.ro\/wp-content\/uploads\/2026\/03\/CV-04-2026-A5-HU.pdf\"><span class=\"fusion-button-icon-divider button-icon-divider-left\"><i class=\"fa-file-pdf fas awb-button__icon awb-button__icon--default\" aria-hidden=\"true\"><\/i><\/span><span class=\"fusion-button-text awb-button__text awb-button__text--default fusion-button-text-left\">Feln\u0151ttek r\u00e9sz\u00e9re<\/span><\/a><\/div><div style=\"text-align:center;\"><a class=\"fusion-button button-flat fusion-button-default-size button-default fusion-button-default button-2 fusion-button-span-yes fusion-button-default-type\" style=\"--button_margin-bottom:20px;\" target=\"_blank\" rel=\"noopener noreferrer\" href=\"https:\/\/focolare.ro\/wp-content\/uploads\/2026\/04\/ige202604ph_compr.pdf\"><span class=\"fusion-button-icon-divider button-icon-divider-left\"><i class=\"fa-file-pdf fas awb-button__icon awb-button__icon--default\" aria-hidden=\"true\"><\/i><\/span><span class=\"fusion-button-text awb-button__text awb-button__text--default fusion-button-text-left\">Fiatalok<\/span><\/a><\/div><div style=\"text-align:center;\"><a class=\"fusion-button button-flat fusion-button-default-size button-default fusion-button-default button-3 fusion-button-span-yes fusion-button-default-type\" style=\"--button_margin-bottom:20px;\" target=\"_blank\" rel=\"noopener noreferrer\" href=\"https:\/\/focolare.ro\/wp-content\/uploads\/2026\/04\/Pdv_202604_hu_Color.pdf\"><span class=\"fusion-button-icon-divider button-icon-divider-left\"><i class=\"fa-file-pdf fas awb-button__icon awb-button__icon--default\" aria-hidden=\"true\"><\/i><\/span><span class=\"fusion-button-text awb-button__text awb-button__text--default fusion-button-text-left\">Gyerekeknek sz\u00ednes v\u00e1ltozat<\/span><\/a><\/div><div style=\"text-align:center;\"><a class=\"fusion-button button-flat fusion-button-default-size button-default fusion-button-default button-4 fusion-button-span-yes fusion-button-default-type\" style=\"--button_margin-bottom:20px;\" target=\"_blank\" rel=\"noopener noreferrer\" href=\"https:\/\/focolare.ro\/wp-content\/uploads\/2026\/04\/ige202604kif.pdf\"><span class=\"fusion-button-icon-divider button-icon-divider-left\"><i class=\"fa-file-pdf fas awb-button__icon awb-button__icon--default\" aria-hidden=\"true\"><\/i><\/span><span class=\"fusion-button-text awb-button__text awb-button__text--default fusion-button-text-left\">Gyerekeknek kifest\u0151<\/span><\/a><\/div><\/div><\/div><\/div><\/div><div class=\"fusion-fullwidth fullwidth-box fusion-builder-row-4 fusion-flex-container nonhundred-percent-fullwidth non-hundred-percent-height-scrolling\" style=\"--awb-border-sizes-bottom:3px;--awb-border-color:var(--awb-color5);--awb-border-radius-top-left:0px;--awb-border-radius-top-right:0px;--awb-border-radius-bottom-right:0px;--awb-border-radius-bottom-left:0px;--awb-flex-wrap:wrap;\" ><div class=\"fusion-builder-row fusion-row fusion-flex-align-items-flex-start fusion-flex-content-wrap\" style=\"max-width:1216.8px;margin-left: calc(-4% \/ 2 );margin-right: calc(-4% \/ 2 );\"><\/div><\/div><\/p>\n","protected":false},"excerpt":{"rendered":"","protected":false},"author":10,"featured_media":0,"parent":5652,"menu_order":0,"comment_status":"closed","ping_status":"closed","template":"100-width.php","meta":{"footnotes":""},"class_list":["post-5774","page","type-page","status-publish","hentry"],"_links":{"self":[{"href":"https:\/\/focolare.ro\/hu\/wp-json\/wp\/v2\/pages\/5774","targetHints":{"allow":["GET"]}}],"collection":[{"href":"https:\/\/focolare.ro\/hu\/wp-json\/wp\/v2\/pages"}],"about":[{"href":"https:\/\/focolare.ro\/hu\/wp-json\/wp\/v2\/types\/page"}],"author":[{"embeddable":true,"href":"https:\/\/focolare.ro\/hu\/wp-json\/wp\/v2\/users\/10"}],"replies":[{"embeddable":true,"href":"https:\/\/focolare.ro\/hu\/wp-json\/wp\/v2\/comments?post=5774"}],"version-history":[{"count":12,"href":"https:\/\/focolare.ro\/hu\/wp-json\/wp\/v2\/pages\/5774\/revisions"}],"predecessor-version":[{"id":5792,"href":"https:\/\/focolare.ro\/hu\/wp-json\/wp\/v2\/pages\/5774\/revisions\/5792"}],"up":[{"embeddable":true,"href":"https:\/\/focolare.ro\/hu\/wp-json\/wp\/v2\/pages\/5652"}],"wp:attachment":[{"href":"https:\/\/focolare.ro\/hu\/wp-json\/wp\/v2\/media?parent=5774"}],"curies":[{"name":"wp","href":"https:\/\/api.w.org\/{rel}","templated":true}]}}